{"id":14694,"date":"2024-11-17T16:34:34","date_gmt":"2024-11-17T14:34:34","guid":{"rendered":"https:\/\/skaitytaknyga.lt\/?post_type=product&#038;p=14694"},"modified":"2024-11-22T13:24:29","modified_gmt":"2024-11-22T11:24:29","slug":"gero-elgesio-abecele","status":"publish","type":"product","link":"https:\/\/skaitytaknyga.lt\/en\/produktas\/gero-elgesio-abecele\/","title":{"rendered":"Gero elgesio ab\u0117c\u0117l\u0117"},"content":{"rendered":"<p>Ma\u017easis skaitytojau!<br \/>\nPaimk \u012f rankas \u0161i\u0105 spalvot\u0105, linksm\u0105 bei i\u0161minting\u0105 knygel\u0119 ir keliaukime kartu \u012f nepaprastai \u012fdomi\u0105, paslapting\u0105 \u0161al\u012f&#8230;<br \/>\nJoje tu sutiksi daug miel\u0173 bi\u010diuli\u0173, \u017ev\u0117reli\u0173 ir pauk\u0161teli\u0173, be\u017ed\u017eioni\u0173, \u017eiraf\u0173 bei begemot\u0173&#8230; Naujos pa\u017eintys tave i\u0161mokys, kaip elgtis sve\u010diuose, kaip tvarkytis namuose ir apsisaugoti nuo nelaimi\u0173 gatv\u0117je&#8230;<br \/>\nPasibaigus m\u016bs\u0173 puikiai kelionei, tu b\u016bsi i\u0161mintingesnis, gudresnis, mandagesnis ir visiems savo bi\u010diuliams pad\u0117kosi:<br \/>\n\u2013 A\u010di\u016b u\u017e pamokas ir draugyst\u0119&#8230;<\/p>\n<ul class=\"about-product d-none d-xl-block mt-4\">\n<li><strong>Autorius:<\/strong>\u00a0Juozas Nekro\u0161ius<\/li>\n<li><strong>Leid\u0117jas:<\/strong>\u00a0Ramduva<\/li>\n<li><strong>Metai:<\/strong>\u00a02011<\/li>\n<li><strong>Puslapiai:<\/strong>\u00a056<\/li>\n<li class=\"toggleable type-new-formats \"><strong>ISBN:<\/strong>\u00a09789955657309<\/li>\n<li><strong>Versijos kodas:<\/strong>\u00a0PT.<\/li>\n<li class=\"toggleable type-new-formats \"><strong>Formatas:<\/strong>\u00a025 x 33,5 cm, kieti vir\u0161eliai<\/li>\n<li><strong>Kalba:<\/strong>\u00a0Lietuvi\u0173<\/li>\n<\/ul>\n","protected":false},"excerpt":{"rendered":"<p>Ma\u017easis skaitytojau! Paimk \u012f rankas \u0161i\u0105 spalvot\u0105, linksm\u0105 bei i\u0161minting\u0105 knygel\u0119 ir keliaukime kartu \u012f nepaprastai \u012fdomi\u0105, paslapting\u0105 \u0161al\u012f&#8230; Joje tu sutiksi daug miel\u0173 bi\u010diuli\u0173, \u017ev\u0117reli\u0173 ir pauk\u0161teli\u0173, be\u017ed\u017eioni\u0173, \u017eiraf\u0173 bei begemot\u0173&#8230; Naujos pa\u017eintys tave i\u0161mokys, kaip elgtis sve\u010diuose, kaip tvarkytis namuose ir apsisaugoti nuo nelaimi\u0173 gatv\u0117je&#8230; Pasibaigus m\u016bs\u0173 puikiai kelionei, tu b\u016bsi i\u0161mintingesnis, gudresnis, mandagesnis ir visiems savo bi\u010diuliams pad\u0117kosi: \u2013 A\u010di\u016b u\u017e pamokas ir draugyst\u0119&#8230; Autorius:\u00a0Juozas Nekro\u0161ius Leid\u0117jas:\u00a0Ramduva Metai:\u00a02011 Puslapiai:\u00a056 ISBN:\u00a09789955657309 Versijos kodas:\u00a0PT. Formatas:\u00a025 x 33,5 cm, kieti vir\u0161eliai Kalba:\u00a0Lietuvi\u0173<\/p>\n","protected":false},"featured_media":14719,"comment_status":"open","ping_status":"closed","template":"","meta":{"_acf_changed":false,"site-sidebar-layout":"default","site-content-layout":"","ast-site-content-layout":"default","site-content-style":"default","site-sidebar-style":"default","ast-global-header-display":"","ast-banner-title-visibility":"","ast-main-header-display":"","ast-hfb-above-header-display":"","ast-hfb-below-header-display":"","ast-hfb-mobile-header-display":"","site-post-title":"","ast-breadcrumbs-content":"","ast-featured-img":"","footer-sml-layout":"","ast-disable-related-posts":"","theme-transparent-header-meta":"default","adv-header-id-meta":"","stick-header-meta":"","header-above-stick-meta":"","header-main-stick-meta":"","header-below-stick-meta":"","astra-migrate-meta-layouts":"set","ast-page-background-enabled":"default","ast-page-background-meta":{"desktop":{"background-color":"","background-image":"","background-repeat":"repeat","background-position":"center center","background-size":"auto","background-attachment":"scroll","background-type":"","background-media":"","overlay-type":"","overlay-color":"","overlay-opacity":"","overlay-gradient":""},"tablet":{"background-color":"","background-image":"","background-repeat":"repeat","background-position":"center center","background-size":"auto","background-attachment":"scroll","background-type":"","background-media":"","overlay-type":"","overlay-color":"","overlay-opacity":"","overlay-gradient":""},"mobile":{"background-color":"","background-image":"","background-repeat":"repeat","background-position":"center center","background-size":"auto","background-attachment":"scroll","background-type":"","background-media":"","overlay-type":"","overlay-color":"","overlay-opacity":"","overlay-gradient":""}},"ast-content-background-meta":{"desktop":{"background-color":"var(--ast-global-color-4)","background-image":"","background-repeat":"repeat","background-position":"center center","background-size":"auto","background-attachment":"scroll","background-type":"","background-media":"","overlay-type":"","overlay-color":"","overlay-opacity":"","overlay-gradient":""},"tablet":{"background-color":"var(--ast-global-color-4)","background-image":"","background-repeat":"repeat","background-position":"center center","background-size":"auto","background-attachment":"scroll","background-type":"","background-media":"","overlay-type":"","overlay-color":"","overlay-opacity":"","overlay-gradient":""},"mobile":{"background-color":"var(--ast-global-color-4)","background-image":"","background-repeat":"repeat","background-position":"center center","background-size":"auto","background-attachment":"scroll","background-type":"","background-media":"","overlay-type":"","overlay-color":"","overlay-opacity":"","overlay-gradient":""}}},"product_brand":[],"product_cat":[35,15],"product_tag":[],"class_list":{"0":"post-14694","1":"product","2":"type-product","3":"status-publish","4":"has-post-thumbnail","6":"product_cat-vaikams-ir-paaugliams","7":"product_cat-uncategorized","8":"desktop-align-left","9":"tablet-align-left","10":"mobile-align-left","12":"first","13":"instock","14":"shipping-taxable","15":"purchasable","16":"product-type-simple"},"acf":[],"yoast_head":"<!-- This site is optimized with the Yoast SEO plugin v27.4 - https:\/\/yoast.com\/product\/yoast-seo-wordpress\/ -->\n<title>Gero elgesio ab\u0117c\u0117l\u0117<\/title>\n<meta name=\"description\" content=\"Ma\u017easis skaitytojau! Paimk \u012f rankas \u0161i\u0105 spalvot\u0105, linksm\u0105 bei i\u0161minting\u0105 knygel\u0119 ir keliaukime kartu \u012f nepaprastai \u012fdomi\u0105, paslapting\u0105 \u0161al\u012f... Joje tu\" \/>\n<meta name=\"robots\" content=\"index, follow, max-snippet:-1, max-image-preview:large, max-video-preview:-1\" \/>\n<link rel=\"canonical\" href=\"https:\/\/skaitytaknyga.lt\/en\/produktas\/gero-elgesio-abecele\/\" \/>\n<meta property=\"og:locale\" content=\"en_GB\" \/>\n<meta property=\"og:locale:alternate\" content=\"lt_LT\" \/>\n<meta property=\"og:type\" content=\"article\" \/>\n<meta property=\"og:title\" content=\"Gero elgesio ab\u0117c\u0117l\u0117\" \/>\n<meta property=\"og:description\" content=\"Ma\u017easis skaitytojau! Paimk \u012f rankas \u0161i\u0105 spalvot\u0105, linksm\u0105 bei i\u0161minting\u0105 knygel\u0119 ir keliaukime kartu \u012f nepaprastai \u012fdomi\u0105, paslapting\u0105 \u0161al\u012f... Joje tu\" \/>\n<meta property=\"og:url\" content=\"https:\/\/skaitytaknyga.lt\/en\/produktas\/gero-elgesio-abecele\/\" \/>\n<meta property=\"og:site_name\" content=\"Skaitytaknyga\" \/>\n<meta property=\"article:publisher\" content=\"https:\/\/www.facebook.com\/skaitytaknyga\/\" \/>\n<meta property=\"article:modified_time\" content=\"2024-11-22T11:24:29+00:00\" \/>\n<meta property=\"og:image\" content=\"https:\/\/skaitytaknyga.lt\/wp-content\/uploads\/2024\/11\/1462873653_gero-elgesio.webp\" \/>\n\t<meta property=\"og:image:width\" content=\"582\" \/>\n\t<meta property=\"og:image:height\" content=\"800\" \/>\n\t<meta property=\"og:image:type\" content=\"image\/webp\" \/>\n<meta name=\"twitter:card\" content=\"summary_large_image\" \/>\n<meta name=\"twitter:label1\" content=\"Estimated reading time\" \/>\n\t<meta name=\"twitter:data1\" content=\"1 minute\" \/>\n<script type=\"application\/ld+json\" class=\"yoast-schema-graph\">{\"@context\":\"https:\\\/\\\/schema.org\",\"@graph\":[{\"@type\":\"WebPage\",\"@id\":\"https:\\\/\\\/skaitytaknyga.lt\\\/produktas\\\/gero-elgesio-abecele\\\/\",\"url\":\"https:\\\/\\\/skaitytaknyga.lt\\\/produktas\\\/gero-elgesio-abecele\\\/\",\"name\":\"Gero elgesio ab\u0117c\u0117l\u0117\",\"isPartOf\":{\"@id\":\"https:\\\/\\\/skaitytaknyga.lt\\\/#website\"},\"primaryImageOfPage\":{\"@id\":\"https:\\\/\\\/skaitytaknyga.lt\\\/produktas\\\/gero-elgesio-abecele\\\/#primaryimage\"},\"image\":{\"@id\":\"https:\\\/\\\/skaitytaknyga.lt\\\/produktas\\\/gero-elgesio-abecele\\\/#primaryimage\"},\"thumbnailUrl\":\"https:\\\/\\\/skaitytaknyga.lt\\\/wp-content\\\/uploads\\\/2024\\\/11\\\/1462873653_gero-elgesio.webp\",\"datePublished\":\"2024-11-17T14:34:34+00:00\",\"dateModified\":\"2024-11-22T11:24:29+00:00\",\"description\":\"Ma\u017easis skaitytojau! Paimk \u012f rankas \u0161i\u0105 spalvot\u0105, linksm\u0105 bei i\u0161minting\u0105 knygel\u0119 ir keliaukime kartu \u012f nepaprastai \u012fdomi\u0105, paslapting\u0105 \u0161al\u012f... Joje tu\",\"breadcrumb\":{\"@id\":\"https:\\\/\\\/skaitytaknyga.lt\\\/produktas\\\/gero-elgesio-abecele\\\/#breadcrumb\"},\"inLanguage\":\"en-GB\",\"potentialAction\":[{\"@type\":\"ReadAction\",\"target\":[\"https:\\\/\\\/skaitytaknyga.lt\\\/produktas\\\/gero-elgesio-abecele\\\/\"]}]},{\"@type\":\"ImageObject\",\"inLanguage\":\"en-GB\",\"@id\":\"https:\\\/\\\/skaitytaknyga.lt\\\/produktas\\\/gero-elgesio-abecele\\\/#primaryimage\",\"url\":\"https:\\\/\\\/skaitytaknyga.lt\\\/wp-content\\\/uploads\\\/2024\\\/11\\\/1462873653_gero-elgesio.webp\",\"contentUrl\":\"https:\\\/\\\/skaitytaknyga.lt\\\/wp-content\\\/uploads\\\/2024\\\/11\\\/1462873653_gero-elgesio.webp\",\"width\":582,\"height\":800,\"caption\":\"Gero elgesio ab\u0117c\u0117l\u0117\"},{\"@type\":\"BreadcrumbList\",\"@id\":\"https:\\\/\\\/skaitytaknyga.lt\\\/produktas\\\/gero-elgesio-abecele\\\/#breadcrumb\",\"itemListElement\":[{\"@type\":\"ListItem\",\"position\":1,\"name\":\"Home\",\"item\":\"https:\\\/\\\/skaitytaknyga.lt\\\/\"},{\"@type\":\"ListItem\",\"position\":2,\"name\":\"Parduotuv\u0117\",\"item\":\"https:\\\/\\\/skaitytaknyga.lt\\\/knygu-parduotuve\\\/\"},{\"@type\":\"ListItem\",\"position\":3,\"name\":\"Gero elgesio ab\u0117c\u0117l\u0117\"}]},{\"@type\":\"WebSite\",\"@id\":\"https:\\\/\\\/skaitytaknyga.lt\\\/#website\",\"url\":\"https:\\\/\\\/skaitytaknyga.lt\\\/\",\"name\":\"skaitytaknyga.lt\",\"description\":\"Skaitytaknyga.lt \u2013 tai ma\u017eas \u0161eimos verslas, kuris prasid\u0117jo nuo meil\u0117s knygoms ir siekio i\u0161gelb\u0117ti knygas nuo likimo prie konteinerio. Kas vienam nereikalingas daiktas \u2013 kitam lobis, o mes esame tarpininkai, kurie padeda abiems tapti laimingesniems ???? \u017dinome kaip nelengva i\u0161gyventi ma\u017eiems verslams, tad nuo \u0161iol, \u010dia rasite ir kit\u0173, ma\u017e\u0173 \u0161eim\u0173 versl\u0173, rank\u0173 darbo, dovan\u0173 sau ir artimiesiems.\",\"publisher\":{\"@id\":\"https:\\\/\\\/skaitytaknyga.lt\\\/#organization\"},\"potentialAction\":[{\"@type\":\"SearchAction\",\"target\":{\"@type\":\"EntryPoint\",\"urlTemplate\":\"https:\\\/\\\/skaitytaknyga.lt\\\/?s={search_term_string}\"},\"query-input\":{\"@type\":\"PropertyValueSpecification\",\"valueRequired\":true,\"valueName\":\"search_term_string\"}}],\"inLanguage\":\"en-GB\"},{\"@type\":\"Organization\",\"@id\":\"https:\\\/\\\/skaitytaknyga.lt\\\/#organization\",\"name\":\"skaitytaknyga.lt\",\"url\":\"https:\\\/\\\/skaitytaknyga.lt\\\/\",\"logo\":{\"@type\":\"ImageObject\",\"inLanguage\":\"en-GB\",\"@id\":\"https:\\\/\\\/skaitytaknyga.lt\\\/#\\\/schema\\\/logo\\\/image\\\/\",\"url\":\"https:\\\/\\\/skaitytaknyga.lt\\\/wp-content\\\/uploads\\\/2024\\\/05\\\/cropped-cropped-cropped-02_00843_jt3bggkj1j3HLc7SyY6rEUpg.jpeg\",\"contentUrl\":\"https:\\\/\\\/skaitytaknyga.lt\\\/wp-content\\\/uploads\\\/2024\\\/05\\\/cropped-cropped-cropped-02_00843_jt3bggkj1j3HLc7SyY6rEUpg.jpeg\",\"width\":1600,\"height\":1600,\"caption\":\"skaitytaknyga.lt\"},\"image\":{\"@id\":\"https:\\\/\\\/skaitytaknyga.lt\\\/#\\\/schema\\\/logo\\\/image\\\/\"},\"sameAs\":[\"https:\\\/\\\/www.facebook.com\\\/skaitytaknyga\\\/\"]}]}<\/script>\n<!-- \/ Yoast SEO plugin. -->","yoast_head_json":{"title":"Gero elgesio ab\u0117c\u0117l\u0117","description":"Ma\u017easis skaitytojau! Paimk \u012f rankas \u0161i\u0105 spalvot\u0105, linksm\u0105 bei i\u0161minting\u0105 knygel\u0119 ir keliaukime kartu \u012f nepaprastai \u012fdomi\u0105, paslapting\u0105 \u0161al\u012f... Joje tu","robots":{"index":"index","follow":"follow","max-snippet":"max-snippet:-1","max-image-preview":"max-image-preview:large","max-video-preview":"max-video-preview:-1"},"canonical":"https:\/\/skaitytaknyga.lt\/en\/produktas\/gero-elgesio-abecele\/","og_locale":"en_GB","og_type":"article","og_title":"[:lt]Gero elgesio ab\u0117c\u0117l\u0117[:] - Skaitytaknyga","og_description":"Ma\u017easis skaitytojau! Paimk \u012f rankas \u0161i\u0105 spalvot\u0105, linksm\u0105 bei i\u0161minting\u0105 knygel\u0119 ir keliaukime kartu \u012f nepaprastai \u012fdomi\u0105, paslapting\u0105 \u0161al\u012f... Joje tu","og_url":"https:\/\/skaitytaknyga.lt\/en\/produktas\/gero-elgesio-abecele\/","og_site_name":"Skaitytaknyga","article_publisher":"https:\/\/www.facebook.com\/skaitytaknyga\/","article_modified_time":"2024-11-22T11:24:29+00:00","og_image":[{"width":582,"height":800,"url":"https:\/\/skaitytaknyga.lt\/wp-content\/uploads\/2024\/11\/1462873653_gero-elgesio.webp","type":"image\/webp"}],"twitter_card":"summary_large_image","twitter_misc":{"Estimated reading time":"1 minute"},"schema":{"@context":"https:\/\/schema.org","@graph":[{"@type":"WebPage","@id":"https:\/\/skaitytaknyga.lt\/produktas\/gero-elgesio-abecele\/","url":"https:\/\/skaitytaknyga.lt\/produktas\/gero-elgesio-abecele\/","name":"Gero elgesio ab\u0117c\u0117l\u0117","isPartOf":{"@id":"https:\/\/skaitytaknyga.lt\/#website"},"primaryImageOfPage":{"@id":"https:\/\/skaitytaknyga.lt\/produktas\/gero-elgesio-abecele\/#primaryimage"},"image":{"@id":"https:\/\/skaitytaknyga.lt\/produktas\/gero-elgesio-abecele\/#primaryimage"},"thumbnailUrl":"https:\/\/skaitytaknyga.lt\/wp-content\/uploads\/2024\/11\/1462873653_gero-elgesio.webp","datePublished":"2024-11-17T14:34:34+00:00","dateModified":"2024-11-22T11:24:29+00:00","description":"Ma\u017easis skaitytojau! Paimk \u012f rankas \u0161i\u0105 spalvot\u0105, linksm\u0105 bei i\u0161minting\u0105 knygel\u0119 ir keliaukime kartu \u012f nepaprastai \u012fdomi\u0105, paslapting\u0105 \u0161al\u012f... Joje tu","breadcrumb":{"@id":"https:\/\/skaitytaknyga.lt\/produktas\/gero-elgesio-abecele\/#breadcrumb"},"inLanguage":"en-GB","potentialAction":[{"@type":"ReadAction","target":["https:\/\/skaitytaknyga.lt\/produktas\/gero-elgesio-abecele\/"]}]},{"@type":"ImageObject","inLanguage":"en-GB","@id":"https:\/\/skaitytaknyga.lt\/produktas\/gero-elgesio-abecele\/#primaryimage","url":"https:\/\/skaitytaknyga.lt\/wp-content\/uploads\/2024\/11\/1462873653_gero-elgesio.webp","contentUrl":"https:\/\/skaitytaknyga.lt\/wp-content\/uploads\/2024\/11\/1462873653_gero-elgesio.webp","width":582,"height":800,"caption":"Gero elgesio ab\u0117c\u0117l\u0117"},{"@type":"BreadcrumbList","@id":"https:\/\/skaitytaknyga.lt\/produktas\/gero-elgesio-abecele\/#breadcrumb","itemListElement":[{"@type":"ListItem","position":1,"name":"Home","item":"https:\/\/skaitytaknyga.lt\/"},{"@type":"ListItem","position":2,"name":"Parduotuv\u0117","item":"https:\/\/skaitytaknyga.lt\/knygu-parduotuve\/"},{"@type":"ListItem","position":3,"name":"Gero elgesio ab\u0117c\u0117l\u0117"}]},{"@type":"WebSite","@id":"https:\/\/skaitytaknyga.lt\/#website","url":"https:\/\/skaitytaknyga.lt\/","name":"skaitytaknyga.lt","description":"Skaitytaknyga.lt \u2013 tai ma\u017eas \u0161eimos verslas, kuris prasid\u0117jo nuo meil\u0117s knygoms ir siekio i\u0161gelb\u0117ti knygas nuo likimo prie konteinerio. Kas vienam nereikalingas daiktas \u2013 kitam lobis, o mes esame tarpininkai, kurie padeda abiems tapti laimingesniems ???? \u017dinome kaip nelengva i\u0161gyventi ma\u017eiems verslams, tad nuo \u0161iol, \u010dia rasite ir kit\u0173, ma\u017e\u0173 \u0161eim\u0173 versl\u0173, rank\u0173 darbo, dovan\u0173 sau ir artimiesiems.","publisher":{"@id":"https:\/\/skaitytaknyga.lt\/#organization"},"potentialAction":[{"@type":"SearchAction","target":{"@type":"EntryPoint","urlTemplate":"https:\/\/skaitytaknyga.lt\/?s={search_term_string}"},"query-input":{"@type":"PropertyValueSpecification","valueRequired":true,"valueName":"search_term_string"}}],"inLanguage":"en-GB"},{"@type":"Organization","@id":"https:\/\/skaitytaknyga.lt\/#organization","name":"skaitytaknyga.lt","url":"https:\/\/skaitytaknyga.lt\/","logo":{"@type":"ImageObject","inLanguage":"en-GB","@id":"https:\/\/skaitytaknyga.lt\/#\/schema\/logo\/image\/","url":"https:\/\/skaitytaknyga.lt\/wp-content\/uploads\/2024\/05\/cropped-cropped-cropped-02_00843_jt3bggkj1j3HLc7SyY6rEUpg.jpeg","contentUrl":"https:\/\/skaitytaknyga.lt\/wp-content\/uploads\/2024\/05\/cropped-cropped-cropped-02_00843_jt3bggkj1j3HLc7SyY6rEUpg.jpeg","width":1600,"height":1600,"caption":"skaitytaknyga.lt"},"image":{"@id":"https:\/\/skaitytaknyga.lt\/#\/schema\/logo\/image\/"},"sameAs":["https:\/\/www.facebook.com\/skaitytaknyga\/"]}]}},"_links":{"self":[{"href":"https:\/\/skaitytaknyga.lt\/en\/wp-json\/wp\/v2\/product\/14694","targetHints":{"allow":["GET"]}}],"collection":[{"href":"https:\/\/skaitytaknyga.lt\/en\/wp-json\/wp\/v2\/product"}],"about":[{"href":"https:\/\/skaitytaknyga.lt\/en\/wp-json\/wp\/v2\/types\/product"}],"replies":[{"embeddable":true,"href":"https:\/\/skaitytaknyga.lt\/en\/wp-json\/wp\/v2\/comments?post=14694"}],"wp:featuredmedia":[{"embeddable":true,"href":"https:\/\/skaitytaknyga.lt\/en\/wp-json\/wp\/v2\/media\/14719"}],"wp:attachment":[{"href":"https:\/\/skaitytaknyga.lt\/en\/wp-json\/wp\/v2\/media?parent=14694"}],"wp:term":[{"taxonomy":"product_brand","embeddable":true,"href":"https:\/\/skaitytaknyga.lt\/en\/wp-json\/wp\/v2\/product_brand?post=14694"},{"taxonomy":"product_cat","embeddable":true,"href":"https:\/\/skaitytaknyga.lt\/en\/wp-json\/wp\/v2\/product_cat?post=14694"},{"taxonomy":"product_tag","embeddable":true,"href":"https:\/\/skaitytaknyga.lt\/en\/wp-json\/wp\/v2\/product_tag?post=14694"}],"curies":[{"name":"wp","href":"https:\/\/api.w.org\/{rel}","templated":true}]}}