{"id":14688,"date":"2023-11-17T16:34:33","date_gmt":"2023-11-17T14:34:33","guid":{"rendered":"https:\/\/skaitytaknyga.lt\/?post_type=product&#038;p=14688"},"modified":"2024-11-22T13:35:26","modified_gmt":"2024-11-22T11:35:26","slug":"metines-padukeles-ir-meiles-telefonas","status":"publish","type":"product","link":"https:\/\/skaitytaknyga.lt\/en\/produktas\/metines-padukeles-ir-meiles-telefonas\/","title":{"rendered":"M\u0117tin\u0117s pad\u016bk\u0117l\u0117s ir meil\u0117s telefonas"},"content":{"rendered":"<p>Emilija, Rac\u0117, Lu ir Mal\u0117ja yra M\u0116TIN\u0116S PAD\u016aK\u0116L\u0116S ir apskritai \u2013 pa\u010dios geriausios draug\u0117s pasaulyje. Jei tik joms po kojomis vis nesipainiot\u0173 tie berniukai&#8230;<\/p>\n<p>M\u0117tin\u0117s pad\u016bk\u0117l\u0117s siaubingai \u012ft\u016b\u017eta! D\u017dE-MA-JUS (D\u017eesperas, Maksas ir Jusufas) pavagia greitaeig\u012f Emilijos dvirat\u012f. Ir negana to \u2013 berniukai pagrobia ir \u012fkalina Rac\u0119! M\u0117tin\u0117s pad\u016bk\u0117l\u0117s surengia nuotyki\u0173 kupin\u0105 karo \u017eyg\u012f ir i\u0161laisvina savo draug\u0119, be to \u2013 visai atsitiktinai \u2013 suranda mobil\u0173j\u012f Makso telefon\u0105. Tai bent laimingas atsitiktinumas! Mergai\u010di\u0173 ketveriuk\u0117 suplanuoja did\u017eiul\u0119 ker\u0161to akcij\u0105 ir taip vienu sm\u016bgiu pritvoja i\u0161 karto dvi muses: atsikovoja Emilijos dvirat\u012f ir kartu nu\u0161luosto nos\u012f pasip\u016bt\u0117l\u0117ms grafait\u0117ms.<\/p>\n<ul class=\"about-product d-none d-xl-block mt-4\">\n<li><strong>Originalus pavadinimas:<\/strong>\u00a0Die Pfeffermiezen und das Liebeshandy<\/li>\n<li><strong>Autorius:<\/strong>\u00a0Patricia Schroder<\/li>\n<li><strong>Leid\u0117jas:<\/strong>\u00a0Alma littera<\/li>\n<li><strong>Metai:<\/strong>\u00a02006<\/li>\n<li><strong>Puslapiai:<\/strong>\u00a0198<\/li>\n<li class=\"toggleable type-new-formats \"><strong>ISBN:<\/strong>\u00a09789955241164<\/li>\n<li class=\"toggleable type-new-formats \"><strong>Formatas:<\/strong>\u00a013 x 20,5 cm, kieti vir\u0161eliai<\/li>\n<li><strong>Kalba:<\/strong>\u00a0Lietuvi\u0173<\/li>\n<li><strong>Vert\u0117jas:<\/strong>\u00a0Roma Reda Ptakauskien\u0117<\/li>\n<\/ul>\n","protected":false},"excerpt":{"rendered":"<p>Emilija, Rac\u0117, Lu ir Mal\u0117ja yra M\u0116TIN\u0116S PAD\u016aK\u0116L\u0116S ir apskritai \u2013 pa\u010dios geriausios draug\u0117s pasaulyje. Jei tik joms po kojomis vis nesipainiot\u0173 tie berniukai&#8230; M\u0117tin\u0117s pad\u016bk\u0117l\u0117s siaubingai \u012ft\u016b\u017eta! D\u017dE-MA-JUS (D\u017eesperas, Maksas ir Jusufas) pavagia greitaeig\u012f Emilijos dvirat\u012f. Ir negana to \u2013 berniukai pagrobia ir \u012fkalina Rac\u0119! M\u0117tin\u0117s pad\u016bk\u0117l\u0117s surengia nuotyki\u0173 kupin\u0105 karo \u017eyg\u012f ir i\u0161laisvina savo draug\u0119, be to \u2013 visai atsitiktinai \u2013 suranda mobil\u0173j\u012f Makso telefon\u0105. Tai bent laimingas atsitiktinumas! Mergai\u010di\u0173 ketveriuk\u0117 suplanuoja did\u017eiul\u0119 ker\u0161to akcij\u0105 ir taip vienu sm\u016bgiu pritvoja i\u0161 karto dvi muses: atsikovoja Emilijos dvirat\u012f ir kartu nu\u0161luosto nos\u012f pasip\u016bt\u0117l\u0117ms grafait\u0117ms. Originalus pavadinimas:\u00a0Die Pfeffermiezen und das Liebeshandy Autorius:\u00a0Patricia Schroder Leid\u0117jas:\u00a0Alma littera Metai:\u00a02006 Puslapiai:\u00a0198 ISBN:\u00a09789955241164 Formatas:\u00a013 x 20,5 cm, kieti vir\u0161eliai Kalba:\u00a0Lietuvi\u0173 Vert\u0117jas:\u00a0Roma Reda Ptakauskien\u0117<\/p>\n","protected":false},"featured_media":14724,"comment_status":"open","ping_status":"closed","template":"","meta":{"_acf_changed":false,"site-sidebar-layout":"default","site-content-layout":"","ast-site-content-layout":"default","site-content-style":"default","site-sidebar-style":"default","ast-global-header-display":"","ast-banner-title-visibility":"","ast-main-header-display":"","ast-hfb-above-header-display":"","ast-hfb-below-header-display":"","ast-hfb-mobile-header-display":"","site-post-title":"","ast-breadcrumbs-content":"","ast-featured-img":"","footer-sml-layout":"","ast-disable-related-posts":"","theme-transparent-header-meta":"default","adv-header-id-meta":"","stick-header-meta":"","header-above-stick-meta":"","header-main-stick-meta":"","header-below-stick-meta":"","astra-migrate-meta-layouts":"set","ast-page-background-enabled":"default","ast-page-background-meta":{"desktop":{"background-color":"","background-image":"","background-repeat":"repeat","background-position":"center center","background-size":"auto","background-attachment":"scroll","background-type":"","background-media":"","overlay-type":"","overlay-color":"","overlay-opacity":"","overlay-gradient":""},"tablet":{"background-color":"","background-image":"","background-repeat":"repeat","background-position":"center center","background-size":"auto","background-attachment":"scroll","background-type":"","background-media":"","overlay-type":"","overlay-color":"","overlay-opacity":"","overlay-gradient":""},"mobile":{"background-color":"","background-image":"","background-repeat":"repeat","background-position":"center center","background-size":"auto","background-attachment":"scroll","background-type":"","background-media":"","overlay-type":"","overlay-color":"","overlay-opacity":"","overlay-gradient":""}},"ast-content-background-meta":{"desktop":{"background-color":"var(--ast-global-color-4)","background-image":"","background-repeat":"repeat","background-position":"center center","background-size":"auto","background-attachment":"scroll","background-type":"","background-media":"","overlay-type":"","overlay-color":"","overlay-opacity":"","overlay-gradient":""},"tablet":{"background-color":"var(--ast-global-color-4)","background-image":"","background-repeat":"repeat","background-position":"center center","background-size":"auto","background-attachment":"scroll","background-type":"","background-media":"","overlay-type":"","overlay-color":"","overlay-opacity":"","overlay-gradient":""},"mobile":{"background-color":"var(--ast-global-color-4)","background-image":"","background-repeat":"repeat","background-position":"center center","background-size":"auto","background-attachment":"scroll","background-type":"","background-media":"","overlay-type":"","overlay-color":"","overlay-opacity":"","overlay-gradient":""}}},"product_brand":[],"product_cat":[15,35],"product_tag":[],"class_list":{"0":"post-14688","1":"product","2":"type-product","3":"status-publish","4":"has-post-thumbnail","6":"product_cat-uncategorized","7":"product_cat-vaikams-ir-paaugliams","8":"desktop-align-left","9":"tablet-align-left","10":"mobile-align-left","12":"first","13":"instock","14":"shipping-taxable","15":"purchasable","16":"product-type-simple"},"acf":[],"yoast_head":"<!-- This site is optimized with the Yoast SEO plugin v27.0 - https:\/\/yoast.com\/product\/yoast-seo-wordpress\/ -->\n<title>M\u0117tin\u0117s pad\u016bk\u0117l\u0117s ir meil\u0117s telefonas<\/title>\n<meta name=\"description\" content=\"Emilija, Rac\u0117, Lu ir Mal\u0117ja yra M\u0116TIN\u0116S PAD\u016aK\u0116L\u0116S ir apskritai \u2013 pa\u010dios geriausios draug\u0117s pasaulyje. Jei tik joms po kojomis vis nesipainiot\u0173 tie\" \/>\n<meta name=\"robots\" content=\"index, follow, max-snippet:-1, max-image-preview:large, max-video-preview:-1\" \/>\n<link rel=\"canonical\" href=\"https:\/\/skaitytaknyga.lt\/en\/produktas\/metines-padukeles-ir-meiles-telefonas\/\" \/>\n<meta property=\"og:locale\" content=\"en_GB\" \/>\n<meta property=\"og:locale:alternate\" content=\"lt_LT\" \/>\n<meta property=\"og:type\" content=\"article\" \/>\n<meta property=\"og:title\" content=\"M\u0117tin\u0117s pad\u016bk\u0117l\u0117s ir meil\u0117s telefonas\" \/>\n<meta property=\"og:description\" content=\"Emilija, Rac\u0117, Lu ir Mal\u0117ja yra M\u0116TIN\u0116S PAD\u016aK\u0116L\u0116S ir apskritai \u2013 pa\u010dios geriausios draug\u0117s pasaulyje. Jei tik joms po kojomis vis nesipainiot\u0173 tie\" \/>\n<meta property=\"og:url\" content=\"https:\/\/skaitytaknyga.lt\/en\/produktas\/metines-padukeles-ir-meiles-telefonas\/\" \/>\n<meta property=\"og:site_name\" content=\"Skaitytaknyga\" \/>\n<meta property=\"article:publisher\" content=\"https:\/\/www.facebook.com\/skaitytaknyga\/\" \/>\n<meta property=\"article:modified_time\" content=\"2024-11-22T11:35:26+00:00\" \/>\n<meta property=\"og:image\" content=\"https:\/\/skaitytaknyga.lt\/wp-content\/uploads\/2024\/11\/Metines-padukeles-ir-meiles-telefonas.webp\" \/>\n\t<meta property=\"og:image:width\" content=\"500\" \/>\n\t<meta property=\"og:image:height\" content=\"799\" \/>\n\t<meta property=\"og:image:type\" content=\"image\/webp\" \/>\n<meta name=\"twitter:card\" content=\"summary_large_image\" \/>\n<meta name=\"twitter:label1\" content=\"Estimated reading time\" \/>\n\t<meta name=\"twitter:data1\" content=\"1 minute\" \/>\n<script type=\"application\/ld+json\" class=\"yoast-schema-graph\">{\"@context\":\"https:\/\/schema.org\",\"@graph\":[{\"@type\":\"WebPage\",\"@id\":\"https:\/\/skaitytaknyga.lt\/produktas\/metines-padukeles-ir-meiles-telefonas\/\",\"url\":\"https:\/\/skaitytaknyga.lt\/produktas\/metines-padukeles-ir-meiles-telefonas\/\",\"name\":\"M\u0117tin\u0117s pad\u016bk\u0117l\u0117s ir meil\u0117s telefonas\",\"isPartOf\":{\"@id\":\"https:\/\/skaitytaknyga.lt\/#website\"},\"primaryImageOfPage\":{\"@id\":\"https:\/\/skaitytaknyga.lt\/produktas\/metines-padukeles-ir-meiles-telefonas\/#primaryimage\"},\"image\":{\"@id\":\"https:\/\/skaitytaknyga.lt\/produktas\/metines-padukeles-ir-meiles-telefonas\/#primaryimage\"},\"thumbnailUrl\":\"https:\/\/skaitytaknyga.lt\/wp-content\/uploads\/2024\/11\/Metines-padukeles-ir-meiles-telefonas.webp\",\"datePublished\":\"2023-11-17T14:34:33+00:00\",\"dateModified\":\"2024-11-22T11:35:26+00:00\",\"description\":\"Emilija, Rac\u0117, Lu ir Mal\u0117ja yra M\u0116TIN\u0116S PAD\u016aK\u0116L\u0116S ir apskritai \u2013 pa\u010dios geriausios draug\u0117s pasaulyje. Jei tik joms po kojomis vis nesipainiot\u0173 tie\",\"breadcrumb\":{\"@id\":\"https:\/\/skaitytaknyga.lt\/produktas\/metines-padukeles-ir-meiles-telefonas\/#breadcrumb\"},\"inLanguage\":\"en-GB\",\"potentialAction\":[{\"@type\":\"ReadAction\",\"target\":[\"https:\/\/skaitytaknyga.lt\/produktas\/metines-padukeles-ir-meiles-telefonas\/\"]}]},{\"@type\":\"ImageObject\",\"inLanguage\":\"en-GB\",\"@id\":\"https:\/\/skaitytaknyga.lt\/produktas\/metines-padukeles-ir-meiles-telefonas\/#primaryimage\",\"url\":\"https:\/\/skaitytaknyga.lt\/wp-content\/uploads\/2024\/11\/Metines-padukeles-ir-meiles-telefonas.webp\",\"contentUrl\":\"https:\/\/skaitytaknyga.lt\/wp-content\/uploads\/2024\/11\/Metines-padukeles-ir-meiles-telefonas.webp\",\"width\":500,\"height\":799,\"caption\":\"M\u0117tin\u0117s pad\u016bk\u0117l\u0117s ir meil\u0117s telefonas\"},{\"@type\":\"BreadcrumbList\",\"@id\":\"https:\/\/skaitytaknyga.lt\/produktas\/metines-padukeles-ir-meiles-telefonas\/#breadcrumb\",\"itemListElement\":[{\"@type\":\"ListItem\",\"position\":1,\"name\":\"Home\",\"item\":\"https:\/\/skaitytaknyga.lt\/\"},{\"@type\":\"ListItem\",\"position\":2,\"name\":\"Parduotuv\u0117\",\"item\":\"https:\/\/skaitytaknyga.lt\/knygu-parduotuve\/\"},{\"@type\":\"ListItem\",\"position\":3,\"name\":\"M\u0117tin\u0117s pad\u016bk\u0117l\u0117s ir meil\u0117s telefonas\"}]},{\"@type\":\"WebSite\",\"@id\":\"https:\/\/skaitytaknyga.lt\/#website\",\"url\":\"https:\/\/skaitytaknyga.lt\/\",\"name\":\"skaitytaknyga.lt\",\"description\":\"Skaitytaknyga.lt \u2013 tai ma\u017eas \u0161eimos verslas, kuris prasid\u0117jo nuo meil\u0117s knygoms ir siekio i\u0161gelb\u0117ti knygas nuo likimo prie konteinerio. Kas vienam nereikalingas daiktas \u2013 kitam lobis, o mes esame tarpininkai, kurie padeda abiems tapti laimingesniems ???? \u017dinome kaip nelengva i\u0161gyventi ma\u017eiems verslams, tad nuo \u0161iol, \u010dia rasite ir kit\u0173, ma\u017e\u0173 \u0161eim\u0173 versl\u0173, rank\u0173 darbo, dovan\u0173 sau ir artimiesiems.\",\"publisher\":{\"@id\":\"https:\/\/skaitytaknyga.lt\/#organization\"},\"potentialAction\":[{\"@type\":\"SearchAction\",\"target\":{\"@type\":\"EntryPoint\",\"urlTemplate\":\"https:\/\/skaitytaknyga.lt\/?s={search_term_string}\"},\"query-input\":{\"@type\":\"PropertyValueSpecification\",\"valueRequired\":true,\"valueName\":\"search_term_string\"}}],\"inLanguage\":\"en-GB\"},{\"@type\":\"Organization\",\"@id\":\"https:\/\/skaitytaknyga.lt\/#organization\",\"name\":\"skaitytaknyga.lt\",\"url\":\"https:\/\/skaitytaknyga.lt\/\",\"logo\":{\"@type\":\"ImageObject\",\"inLanguage\":\"en-GB\",\"@id\":\"https:\/\/skaitytaknyga.lt\/#\/schema\/logo\/image\/\",\"url\":\"https:\/\/skaitytaknyga.lt\/wp-content\/uploads\/2024\/05\/cropped-cropped-cropped-02_00843_jt3bggkj1j3HLc7SyY6rEUpg.jpeg\",\"contentUrl\":\"https:\/\/skaitytaknyga.lt\/wp-content\/uploads\/2024\/05\/cropped-cropped-cropped-02_00843_jt3bggkj1j3HLc7SyY6rEUpg.jpeg\",\"width\":1600,\"height\":1600,\"caption\":\"skaitytaknyga.lt\"},\"image\":{\"@id\":\"https:\/\/skaitytaknyga.lt\/#\/schema\/logo\/image\/\"},\"sameAs\":[\"https:\/\/www.facebook.com\/skaitytaknyga\/\"]}]}<\/script>\n<!-- \/ Yoast SEO plugin. -->","yoast_head_json":{"title":"M\u0117tin\u0117s pad\u016bk\u0117l\u0117s ir meil\u0117s telefonas","description":"Emilija, Rac\u0117, Lu ir Mal\u0117ja yra M\u0116TIN\u0116S PAD\u016aK\u0116L\u0116S ir apskritai \u2013 pa\u010dios geriausios draug\u0117s pasaulyje. Jei tik joms po kojomis vis nesipainiot\u0173 tie","robots":{"index":"index","follow":"follow","max-snippet":"max-snippet:-1","max-image-preview":"max-image-preview:large","max-video-preview":"max-video-preview:-1"},"canonical":"https:\/\/skaitytaknyga.lt\/en\/produktas\/metines-padukeles-ir-meiles-telefonas\/","og_locale":"en_GB","og_type":"article","og_title":"[:lt]M\u0117tin\u0117s pad\u016bk\u0117l\u0117s ir meil\u0117s telefonas[:] - Skaitytaknyga","og_description":"Emilija, Rac\u0117, Lu ir Mal\u0117ja yra M\u0116TIN\u0116S PAD\u016aK\u0116L\u0116S ir apskritai \u2013 pa\u010dios geriausios draug\u0117s pasaulyje. Jei tik joms po kojomis vis nesipainiot\u0173 tie","og_url":"https:\/\/skaitytaknyga.lt\/en\/produktas\/metines-padukeles-ir-meiles-telefonas\/","og_site_name":"Skaitytaknyga","article_publisher":"https:\/\/www.facebook.com\/skaitytaknyga\/","article_modified_time":"2024-11-22T11:35:26+00:00","og_image":[{"width":500,"height":799,"url":"https:\/\/skaitytaknyga.lt\/wp-content\/uploads\/2024\/11\/Metines-padukeles-ir-meiles-telefonas.webp","type":"image\/webp"}],"twitter_card":"summary_large_image","twitter_misc":{"Estimated reading time":"1 minute"},"schema":{"@context":"https:\/\/schema.org","@graph":[{"@type":"WebPage","@id":"https:\/\/skaitytaknyga.lt\/produktas\/metines-padukeles-ir-meiles-telefonas\/","url":"https:\/\/skaitytaknyga.lt\/produktas\/metines-padukeles-ir-meiles-telefonas\/","name":"M\u0117tin\u0117s pad\u016bk\u0117l\u0117s ir meil\u0117s telefonas","isPartOf":{"@id":"https:\/\/skaitytaknyga.lt\/#website"},"primaryImageOfPage":{"@id":"https:\/\/skaitytaknyga.lt\/produktas\/metines-padukeles-ir-meiles-telefonas\/#primaryimage"},"image":{"@id":"https:\/\/skaitytaknyga.lt\/produktas\/metines-padukeles-ir-meiles-telefonas\/#primaryimage"},"thumbnailUrl":"https:\/\/skaitytaknyga.lt\/wp-content\/uploads\/2024\/11\/Metines-padukeles-ir-meiles-telefonas.webp","datePublished":"2023-11-17T14:34:33+00:00","dateModified":"2024-11-22T11:35:26+00:00","description":"Emilija, Rac\u0117, Lu ir Mal\u0117ja yra M\u0116TIN\u0116S PAD\u016aK\u0116L\u0116S ir apskritai \u2013 pa\u010dios geriausios draug\u0117s pasaulyje. Jei tik joms po kojomis vis nesipainiot\u0173 tie","breadcrumb":{"@id":"https:\/\/skaitytaknyga.lt\/produktas\/metines-padukeles-ir-meiles-telefonas\/#breadcrumb"},"inLanguage":"en-GB","potentialAction":[{"@type":"ReadAction","target":["https:\/\/skaitytaknyga.lt\/produktas\/metines-padukeles-ir-meiles-telefonas\/"]}]},{"@type":"ImageObject","inLanguage":"en-GB","@id":"https:\/\/skaitytaknyga.lt\/produktas\/metines-padukeles-ir-meiles-telefonas\/#primaryimage","url":"https:\/\/skaitytaknyga.lt\/wp-content\/uploads\/2024\/11\/Metines-padukeles-ir-meiles-telefonas.webp","contentUrl":"https:\/\/skaitytaknyga.lt\/wp-content\/uploads\/2024\/11\/Metines-padukeles-ir-meiles-telefonas.webp","width":500,"height":799,"caption":"M\u0117tin\u0117s pad\u016bk\u0117l\u0117s ir meil\u0117s telefonas"},{"@type":"BreadcrumbList","@id":"https:\/\/skaitytaknyga.lt\/produktas\/metines-padukeles-ir-meiles-telefonas\/#breadcrumb","itemListElement":[{"@type":"ListItem","position":1,"name":"Home","item":"https:\/\/skaitytaknyga.lt\/"},{"@type":"ListItem","position":2,"name":"Parduotuv\u0117","item":"https:\/\/skaitytaknyga.lt\/knygu-parduotuve\/"},{"@type":"ListItem","position":3,"name":"M\u0117tin\u0117s pad\u016bk\u0117l\u0117s ir meil\u0117s telefonas"}]},{"@type":"WebSite","@id":"https:\/\/skaitytaknyga.lt\/#website","url":"https:\/\/skaitytaknyga.lt\/","name":"skaitytaknyga.lt","description":"Skaitytaknyga.lt \u2013 tai ma\u017eas \u0161eimos verslas, kuris prasid\u0117jo nuo meil\u0117s knygoms ir siekio i\u0161gelb\u0117ti knygas nuo likimo prie konteinerio. Kas vienam nereikalingas daiktas \u2013 kitam lobis, o mes esame tarpininkai, kurie padeda abiems tapti laimingesniems ???? \u017dinome kaip nelengva i\u0161gyventi ma\u017eiems verslams, tad nuo \u0161iol, \u010dia rasite ir kit\u0173, ma\u017e\u0173 \u0161eim\u0173 versl\u0173, rank\u0173 darbo, dovan\u0173 sau ir artimiesiems.","publisher":{"@id":"https:\/\/skaitytaknyga.lt\/#organization"},"potentialAction":[{"@type":"SearchAction","target":{"@type":"EntryPoint","urlTemplate":"https:\/\/skaitytaknyga.lt\/?s={search_term_string}"},"query-input":{"@type":"PropertyValueSpecification","valueRequired":true,"valueName":"search_term_string"}}],"inLanguage":"en-GB"},{"@type":"Organization","@id":"https:\/\/skaitytaknyga.lt\/#organization","name":"skaitytaknyga.lt","url":"https:\/\/skaitytaknyga.lt\/","logo":{"@type":"ImageObject","inLanguage":"en-GB","@id":"https:\/\/skaitytaknyga.lt\/#\/schema\/logo\/image\/","url":"https:\/\/skaitytaknyga.lt\/wp-content\/uploads\/2024\/05\/cropped-cropped-cropped-02_00843_jt3bggkj1j3HLc7SyY6rEUpg.jpeg","contentUrl":"https:\/\/skaitytaknyga.lt\/wp-content\/uploads\/2024\/05\/cropped-cropped-cropped-02_00843_jt3bggkj1j3HLc7SyY6rEUpg.jpeg","width":1600,"height":1600,"caption":"skaitytaknyga.lt"},"image":{"@id":"https:\/\/skaitytaknyga.lt\/#\/schema\/logo\/image\/"},"sameAs":["https:\/\/www.facebook.com\/skaitytaknyga\/"]}]}},"_links":{"self":[{"href":"https:\/\/skaitytaknyga.lt\/en\/wp-json\/wp\/v2\/product\/14688","targetHints":{"allow":["GET"]}}],"collection":[{"href":"https:\/\/skaitytaknyga.lt\/en\/wp-json\/wp\/v2\/product"}],"about":[{"href":"https:\/\/skaitytaknyga.lt\/en\/wp-json\/wp\/v2\/types\/product"}],"replies":[{"embeddable":true,"href":"https:\/\/skaitytaknyga.lt\/en\/wp-json\/wp\/v2\/comments?post=14688"}],"wp:featuredmedia":[{"embeddable":true,"href":"https:\/\/skaitytaknyga.lt\/en\/wp-json\/wp\/v2\/media\/14724"}],"wp:attachment":[{"href":"https:\/\/skaitytaknyga.lt\/en\/wp-json\/wp\/v2\/media?parent=14688"}],"wp:term":[{"taxonomy":"product_brand","embeddable":true,"href":"https:\/\/skaitytaknyga.lt\/en\/wp-json\/wp\/v2\/product_brand?post=14688"},{"taxonomy":"product_cat","embeddable":true,"href":"https:\/\/skaitytaknyga.lt\/en\/wp-json\/wp\/v2\/product_cat?post=14688"},{"taxonomy":"product_tag","embeddable":true,"href":"https:\/\/skaitytaknyga.lt\/en\/wp-json\/wp\/v2\/product_tag?post=14688"}],"curies":[{"name":"wp","href":"https:\/\/api.w.org\/{rel}","templated":true}]}}