{"id":14683,"date":"2024-11-17T16:20:39","date_gmt":"2024-11-17T14:20:39","guid":{"rendered":"https:\/\/skaitytaknyga.lt\/?post_type=product&#038;p=14683"},"modified":"2026-03-05T13:49:10","modified_gmt":"2026-03-05T11:49:10","slug":"alchemikas-nemirtingojo-nikolo-flamelio-paslaptys","status":"publish","type":"product","link":"https:\/\/skaitytaknyga.lt\/en\/produktas\/alchemikas-nemirtingojo-nikolo-flamelio-paslaptys\/","title":{"rendered":"Alchemikas: Nemirtingojo Nikolo Flamelio paslaptys"},"content":{"rendered":"<p>Senovin\u0117 magijos knyga, dar vadinama Kodeksu, buvo pagrobta. Vienintelis Nikolas Flamelis, visiems Hario Poterio draugams ir Hogvartso mokyklos aukl\u0117tiniams gerai pa\u017e\u012fstamas alchemikas, gali i\u0161gelb\u0117ti m\u016bs\u0173 pasaul\u012f. \u017dinoma, padedamas dvyni\u0173 D\u017eo\u0161o ir Sofi, \u0161iuolaikini\u0173 San Francisko jaunuoli\u0173&#8230;<br \/>\nTai pirmoji i\u0161 \u0161e\u0161i\u0173 knyg\u0173, kuri\u0105 jau ekranizuoja visus Hario Poterio filmus suk\u016brusi kino kompanija New Line Cinema, pavadinusi j\u0105 \u201eu\u017emoju prilygstan\u010di\u0105 \u017died\u0173 valdovui, o intriga ir magija &#8211; Hariui Poteriui\u201c.<\/p>\n","protected":false},"excerpt":{"rendered":"<p>Senovin\u0117 magijos knyga, dar vadinama Kodeksu, buvo pagrobta. Vienintelis Nikolas Flamelis, visiems Hario Poterio draugams ir Hogvartso mokyklos aukl\u0117tiniams gerai pa\u017e\u012fstamas alchemikas, gali i\u0161gelb\u0117ti m\u016bs\u0173 pasaul\u012f. \u017dinoma, padedamas dvyni\u0173 D\u017eo\u0161o ir Sofi, \u0161iuolaikini\u0173 San Francisko jaunuoli\u0173&#8230; Tai pirmoji i\u0161 \u0161e\u0161i\u0173 knyg\u0173, kuri\u0105 jau ekranizuoja visus Hario Poterio filmus suk\u016brusi kino kompanija New Line Cinema, pavadinusi j\u0105 \u201eu\u017emoju prilygstan\u010di\u0105 \u017died\u0173 valdovui, o intriga ir magija &#8211; Hariui Poteriui\u201c.<\/p>\n","protected":false},"featured_media":14740,"comment_status":"open","ping_status":"closed","template":"","meta":{"_acf_changed":false,"site-sidebar-layout":"default","site-content-layout":"","ast-site-content-layout":"default","site-content-style":"default","site-sidebar-style":"default","ast-global-header-display":"","ast-banner-title-visibility":"","ast-main-header-display":"","ast-hfb-above-header-display":"","ast-hfb-below-header-display":"","ast-hfb-mobile-header-display":"","site-post-title":"","ast-breadcrumbs-content":"","ast-featured-img":"","footer-sml-layout":"","ast-disable-related-posts":"","theme-transparent-header-meta":"default","adv-header-id-meta":"","stick-header-meta":"","header-above-stick-meta":"","header-main-stick-meta":"","header-below-stick-meta":"","astra-migrate-meta-layouts":"set","ast-page-background-enabled":"default","ast-page-background-meta":{"desktop":{"background-color":"","background-image":"","background-repeat":"repeat","background-position":"center center","background-size":"auto","background-attachment":"scroll","background-type":"","background-media":"","overlay-type":"","overlay-color":"","overlay-opacity":"","overlay-gradient":""},"tablet":{"background-color":"","background-image":"","background-repeat":"repeat","background-position":"center center","background-size":"auto","background-attachment":"scroll","background-type":"","background-media":"","overlay-type":"","overlay-color":"","overlay-opacity":"","overlay-gradient":""},"mobile":{"background-color":"","background-image":"","background-repeat":"repeat","background-position":"center center","background-size":"auto","background-attachment":"scroll","background-type":"","background-media":"","overlay-type":"","overlay-color":"","overlay-opacity":"","overlay-gradient":""}},"ast-content-background-meta":{"desktop":{"background-color":"var(--ast-global-color-4)","background-image":"","background-repeat":"repeat","background-position":"center center","background-size":"auto","background-attachment":"scroll","background-type":"","background-media":"","overlay-type":"","overlay-color":"","overlay-opacity":"","overlay-gradient":""},"tablet":{"background-color":"var(--ast-global-color-4)","background-image":"","background-repeat":"repeat","background-position":"center center","background-size":"auto","background-attachment":"scroll","background-type":"","background-media":"","overlay-type":"","overlay-color":"","overlay-opacity":"","overlay-gradient":""},"mobile":{"background-color":"var(--ast-global-color-4)","background-image":"","background-repeat":"repeat","background-position":"center center","background-size":"auto","background-attachment":"scroll","background-type":"","background-media":"","overlay-type":"","overlay-color":"","overlay-opacity":"","overlay-gradient":""}}},"product_brand":[],"product_cat":[9621],"product_tag":[1288],"class_list":{"0":"post-14683","1":"product","2":"type-product","3":"status-publish","4":"has-post-thumbnail","6":"product_cat-fantastika-fantastika","7":"product_tag-michael-scott","8":"desktop-align-left","9":"tablet-align-left","10":"mobile-align-left","12":"first","13":"instock","14":"shipping-taxable","15":"purchasable","16":"product-type-simple"},"acf":[],"yoast_head":"<!-- This site is optimized with the Yoast SEO plugin v27.0 - https:\/\/yoast.com\/product\/yoast-seo-wordpress\/ -->\n<title>Alchemikas: Nemirtingojo Nikolo Flamelio paslaptys<\/title>\n<meta name=\"description\" content=\"Senovin\u0117 magijos knyga, dar vadinama Kodeksu, buvo pagrobta. Vienintelis Nikolas Flamelis, visiems Hario Poterio draugams ir Hogvartso mokyklos\" \/>\n<meta name=\"robots\" content=\"index, follow, max-snippet:-1, max-image-preview:large, max-video-preview:-1\" \/>\n<link rel=\"canonical\" href=\"https:\/\/skaitytaknyga.lt\/en\/produktas\/alchemikas-nemirtingojo-nikolo-flamelio-paslaptys\/\" \/>\n<meta property=\"og:locale\" content=\"en_GB\" \/>\n<meta property=\"og:locale:alternate\" content=\"lt_LT\" \/>\n<meta property=\"og:type\" content=\"article\" \/>\n<meta property=\"og:title\" content=\"Alchemikas: Nemirtingojo Nikolo Flamelio paslaptys\" \/>\n<meta property=\"og:description\" content=\"Senovin\u0117 magijos knyga, dar vadinama Kodeksu, buvo pagrobta. Vienintelis Nikolas Flamelis, visiems Hario Poterio draugams ir Hogvartso mokyklos\" \/>\n<meta property=\"og:url\" content=\"https:\/\/skaitytaknyga.lt\/en\/produktas\/alchemikas-nemirtingojo-nikolo-flamelio-paslaptys\/\" \/>\n<meta property=\"og:site_name\" content=\"Skaitytaknyga\" \/>\n<meta property=\"article:publisher\" content=\"https:\/\/www.facebook.com\/skaitytaknyga\/\" \/>\n<meta property=\"article:modified_time\" content=\"2026-03-05T11:49:10+00:00\" \/>\n<meta property=\"og:image\" content=\"https:\/\/skaitytaknyga.lt\/wp-content\/uploads\/2024\/11\/Alchemikas-Nemirtingojo-Nikolo-Flamelio-paslaptys.jpg\" \/>\n\t<meta property=\"og:image:width\" content=\"279\" \/>\n\t<meta property=\"og:image:height\" content=\"450\" \/>\n\t<meta property=\"og:image:type\" content=\"image\/jpeg\" \/>\n<meta name=\"twitter:card\" content=\"summary_large_image\" \/>\n<meta name=\"twitter:label1\" content=\"Estimated reading time\" \/>\n\t<meta name=\"twitter:data1\" content=\"1 minute\" \/>\n<script type=\"application\/ld+json\" class=\"yoast-schema-graph\">{\"@context\":\"https:\/\/schema.org\",\"@graph\":[{\"@type\":\"WebPage\",\"@id\":\"https:\/\/skaitytaknyga.lt\/produktas\/alchemikas-nemirtingojo-nikolo-flamelio-paslaptys\/\",\"url\":\"https:\/\/skaitytaknyga.lt\/produktas\/alchemikas-nemirtingojo-nikolo-flamelio-paslaptys\/\",\"name\":\"Alchemikas: Nemirtingojo Nikolo Flamelio paslaptys\",\"isPartOf\":{\"@id\":\"https:\/\/skaitytaknyga.lt\/#website\"},\"primaryImageOfPage\":{\"@id\":\"https:\/\/skaitytaknyga.lt\/produktas\/alchemikas-nemirtingojo-nikolo-flamelio-paslaptys\/#primaryimage\"},\"image\":{\"@id\":\"https:\/\/skaitytaknyga.lt\/produktas\/alchemikas-nemirtingojo-nikolo-flamelio-paslaptys\/#primaryimage\"},\"thumbnailUrl\":\"https:\/\/skaitytaknyga.lt\/wp-content\/uploads\/2024\/11\/Alchemikas-Nemirtingojo-Nikolo-Flamelio-paslaptys.jpg\",\"datePublished\":\"2024-11-17T14:20:39+00:00\",\"dateModified\":\"2026-03-05T11:49:10+00:00\",\"description\":\"Senovin\u0117 magijos knyga, dar vadinama Kodeksu, buvo pagrobta. Vienintelis Nikolas Flamelis, visiems Hario Poterio draugams ir Hogvartso mokyklos\",\"breadcrumb\":{\"@id\":\"https:\/\/skaitytaknyga.lt\/produktas\/alchemikas-nemirtingojo-nikolo-flamelio-paslaptys\/#breadcrumb\"},\"inLanguage\":\"en-GB\",\"potentialAction\":[{\"@type\":\"ReadAction\",\"target\":[\"https:\/\/skaitytaknyga.lt\/produktas\/alchemikas-nemirtingojo-nikolo-flamelio-paslaptys\/\"]}]},{\"@type\":\"ImageObject\",\"inLanguage\":\"en-GB\",\"@id\":\"https:\/\/skaitytaknyga.lt\/produktas\/alchemikas-nemirtingojo-nikolo-flamelio-paslaptys\/#primaryimage\",\"url\":\"https:\/\/skaitytaknyga.lt\/wp-content\/uploads\/2024\/11\/Alchemikas-Nemirtingojo-Nikolo-Flamelio-paslaptys.jpg\",\"contentUrl\":\"https:\/\/skaitytaknyga.lt\/wp-content\/uploads\/2024\/11\/Alchemikas-Nemirtingojo-Nikolo-Flamelio-paslaptys.jpg\",\"width\":279,\"height\":450,\"caption\":\"Alchemikas: Nemirtingojo Nikolo Flamelio paslaptys\"},{\"@type\":\"BreadcrumbList\",\"@id\":\"https:\/\/skaitytaknyga.lt\/produktas\/alchemikas-nemirtingojo-nikolo-flamelio-paslaptys\/#breadcrumb\",\"itemListElement\":[{\"@type\":\"ListItem\",\"position\":1,\"name\":\"Home\",\"item\":\"https:\/\/skaitytaknyga.lt\/\"},{\"@type\":\"ListItem\",\"position\":2,\"name\":\"Parduotuv\u0117\",\"item\":\"https:\/\/skaitytaknyga.lt\/knygu-parduotuve\/\"},{\"@type\":\"ListItem\",\"position\":3,\"name\":\"Alchemikas: Nemirtingojo Nikolo Flamelio paslaptys\"}]},{\"@type\":\"WebSite\",\"@id\":\"https:\/\/skaitytaknyga.lt\/#website\",\"url\":\"https:\/\/skaitytaknyga.lt\/\",\"name\":\"skaitytaknyga.lt\",\"description\":\"Skaitytaknyga.lt \u2013 tai ma\u017eas \u0161eimos verslas, kuris prasid\u0117jo nuo meil\u0117s knygoms ir siekio i\u0161gelb\u0117ti knygas nuo likimo prie konteinerio. Kas vienam nereikalingas daiktas \u2013 kitam lobis, o mes esame tarpininkai, kurie padeda abiems tapti laimingesniems ???? \u017dinome kaip nelengva i\u0161gyventi ma\u017eiems verslams, tad nuo \u0161iol, \u010dia rasite ir kit\u0173, ma\u017e\u0173 \u0161eim\u0173 versl\u0173, rank\u0173 darbo, dovan\u0173 sau ir artimiesiems.\",\"publisher\":{\"@id\":\"https:\/\/skaitytaknyga.lt\/#organization\"},\"potentialAction\":[{\"@type\":\"SearchAction\",\"target\":{\"@type\":\"EntryPoint\",\"urlTemplate\":\"https:\/\/skaitytaknyga.lt\/?s={search_term_string}\"},\"query-input\":{\"@type\":\"PropertyValueSpecification\",\"valueRequired\":true,\"valueName\":\"search_term_string\"}}],\"inLanguage\":\"en-GB\"},{\"@type\":\"Organization\",\"@id\":\"https:\/\/skaitytaknyga.lt\/#organization\",\"name\":\"skaitytaknyga.lt\",\"url\":\"https:\/\/skaitytaknyga.lt\/\",\"logo\":{\"@type\":\"ImageObject\",\"inLanguage\":\"en-GB\",\"@id\":\"https:\/\/skaitytaknyga.lt\/#\/schema\/logo\/image\/\",\"url\":\"https:\/\/skaitytaknyga.lt\/wp-content\/uploads\/2024\/05\/cropped-cropped-cropped-02_00843_jt3bggkj1j3HLc7SyY6rEUpg.jpeg\",\"contentUrl\":\"https:\/\/skaitytaknyga.lt\/wp-content\/uploads\/2024\/05\/cropped-cropped-cropped-02_00843_jt3bggkj1j3HLc7SyY6rEUpg.jpeg\",\"width\":1600,\"height\":1600,\"caption\":\"skaitytaknyga.lt\"},\"image\":{\"@id\":\"https:\/\/skaitytaknyga.lt\/#\/schema\/logo\/image\/\"},\"sameAs\":[\"https:\/\/www.facebook.com\/skaitytaknyga\/\"]}]}<\/script>\n<!-- \/ Yoast SEO plugin. -->","yoast_head_json":{"title":"Alchemikas: Nemirtingojo Nikolo Flamelio paslaptys","description":"Senovin\u0117 magijos knyga, dar vadinama Kodeksu, buvo pagrobta. Vienintelis Nikolas Flamelis, visiems Hario Poterio draugams ir Hogvartso mokyklos","robots":{"index":"index","follow":"follow","max-snippet":"max-snippet:-1","max-image-preview":"max-image-preview:large","max-video-preview":"max-video-preview:-1"},"canonical":"https:\/\/skaitytaknyga.lt\/en\/produktas\/alchemikas-nemirtingojo-nikolo-flamelio-paslaptys\/","og_locale":"en_GB","og_type":"article","og_title":"[:lt]Alchemikas: Nemirtingojo Nikolo Flamelio paslaptys[:] - Skaitytaknyga","og_description":"Senovin\u0117 magijos knyga, dar vadinama Kodeksu, buvo pagrobta. Vienintelis Nikolas Flamelis, visiems Hario Poterio draugams ir Hogvartso mokyklos","og_url":"https:\/\/skaitytaknyga.lt\/en\/produktas\/alchemikas-nemirtingojo-nikolo-flamelio-paslaptys\/","og_site_name":"Skaitytaknyga","article_publisher":"https:\/\/www.facebook.com\/skaitytaknyga\/","article_modified_time":"2026-03-05T11:49:10+00:00","og_image":[{"width":279,"height":450,"url":"https:\/\/skaitytaknyga.lt\/wp-content\/uploads\/2024\/11\/Alchemikas-Nemirtingojo-Nikolo-Flamelio-paslaptys.jpg","type":"image\/jpeg"}],"twitter_card":"summary_large_image","twitter_misc":{"Estimated reading time":"1 minute"},"schema":{"@context":"https:\/\/schema.org","@graph":[{"@type":"WebPage","@id":"https:\/\/skaitytaknyga.lt\/produktas\/alchemikas-nemirtingojo-nikolo-flamelio-paslaptys\/","url":"https:\/\/skaitytaknyga.lt\/produktas\/alchemikas-nemirtingojo-nikolo-flamelio-paslaptys\/","name":"Alchemikas: Nemirtingojo Nikolo Flamelio paslaptys","isPartOf":{"@id":"https:\/\/skaitytaknyga.lt\/#website"},"primaryImageOfPage":{"@id":"https:\/\/skaitytaknyga.lt\/produktas\/alchemikas-nemirtingojo-nikolo-flamelio-paslaptys\/#primaryimage"},"image":{"@id":"https:\/\/skaitytaknyga.lt\/produktas\/alchemikas-nemirtingojo-nikolo-flamelio-paslaptys\/#primaryimage"},"thumbnailUrl":"https:\/\/skaitytaknyga.lt\/wp-content\/uploads\/2024\/11\/Alchemikas-Nemirtingojo-Nikolo-Flamelio-paslaptys.jpg","datePublished":"2024-11-17T14:20:39+00:00","dateModified":"2026-03-05T11:49:10+00:00","description":"Senovin\u0117 magijos knyga, dar vadinama Kodeksu, buvo pagrobta. Vienintelis Nikolas Flamelis, visiems Hario Poterio draugams ir Hogvartso mokyklos","breadcrumb":{"@id":"https:\/\/skaitytaknyga.lt\/produktas\/alchemikas-nemirtingojo-nikolo-flamelio-paslaptys\/#breadcrumb"},"inLanguage":"en-GB","potentialAction":[{"@type":"ReadAction","target":["https:\/\/skaitytaknyga.lt\/produktas\/alchemikas-nemirtingojo-nikolo-flamelio-paslaptys\/"]}]},{"@type":"ImageObject","inLanguage":"en-GB","@id":"https:\/\/skaitytaknyga.lt\/produktas\/alchemikas-nemirtingojo-nikolo-flamelio-paslaptys\/#primaryimage","url":"https:\/\/skaitytaknyga.lt\/wp-content\/uploads\/2024\/11\/Alchemikas-Nemirtingojo-Nikolo-Flamelio-paslaptys.jpg","contentUrl":"https:\/\/skaitytaknyga.lt\/wp-content\/uploads\/2024\/11\/Alchemikas-Nemirtingojo-Nikolo-Flamelio-paslaptys.jpg","width":279,"height":450,"caption":"Alchemikas: Nemirtingojo Nikolo Flamelio paslaptys"},{"@type":"BreadcrumbList","@id":"https:\/\/skaitytaknyga.lt\/produktas\/alchemikas-nemirtingojo-nikolo-flamelio-paslaptys\/#breadcrumb","itemListElement":[{"@type":"ListItem","position":1,"name":"Home","item":"https:\/\/skaitytaknyga.lt\/"},{"@type":"ListItem","position":2,"name":"Parduotuv\u0117","item":"https:\/\/skaitytaknyga.lt\/knygu-parduotuve\/"},{"@type":"ListItem","position":3,"name":"Alchemikas: Nemirtingojo Nikolo Flamelio paslaptys"}]},{"@type":"WebSite","@id":"https:\/\/skaitytaknyga.lt\/#website","url":"https:\/\/skaitytaknyga.lt\/","name":"skaitytaknyga.lt","description":"Skaitytaknyga.lt \u2013 tai ma\u017eas \u0161eimos verslas, kuris prasid\u0117jo nuo meil\u0117s knygoms ir siekio i\u0161gelb\u0117ti knygas nuo likimo prie konteinerio. Kas vienam nereikalingas daiktas \u2013 kitam lobis, o mes esame tarpininkai, kurie padeda abiems tapti laimingesniems ???? \u017dinome kaip nelengva i\u0161gyventi ma\u017eiems verslams, tad nuo \u0161iol, \u010dia rasite ir kit\u0173, ma\u017e\u0173 \u0161eim\u0173 versl\u0173, rank\u0173 darbo, dovan\u0173 sau ir artimiesiems.","publisher":{"@id":"https:\/\/skaitytaknyga.lt\/#organization"},"potentialAction":[{"@type":"SearchAction","target":{"@type":"EntryPoint","urlTemplate":"https:\/\/skaitytaknyga.lt\/?s={search_term_string}"},"query-input":{"@type":"PropertyValueSpecification","valueRequired":true,"valueName":"search_term_string"}}],"inLanguage":"en-GB"},{"@type":"Organization","@id":"https:\/\/skaitytaknyga.lt\/#organization","name":"skaitytaknyga.lt","url":"https:\/\/skaitytaknyga.lt\/","logo":{"@type":"ImageObject","inLanguage":"en-GB","@id":"https:\/\/skaitytaknyga.lt\/#\/schema\/logo\/image\/","url":"https:\/\/skaitytaknyga.lt\/wp-content\/uploads\/2024\/05\/cropped-cropped-cropped-02_00843_jt3bggkj1j3HLc7SyY6rEUpg.jpeg","contentUrl":"https:\/\/skaitytaknyga.lt\/wp-content\/uploads\/2024\/05\/cropped-cropped-cropped-02_00843_jt3bggkj1j3HLc7SyY6rEUpg.jpeg","width":1600,"height":1600,"caption":"skaitytaknyga.lt"},"image":{"@id":"https:\/\/skaitytaknyga.lt\/#\/schema\/logo\/image\/"},"sameAs":["https:\/\/www.facebook.com\/skaitytaknyga\/"]}]}},"_links":{"self":[{"href":"https:\/\/skaitytaknyga.lt\/en\/wp-json\/wp\/v2\/product\/14683","targetHints":{"allow":["GET"]}}],"collection":[{"href":"https:\/\/skaitytaknyga.lt\/en\/wp-json\/wp\/v2\/product"}],"about":[{"href":"https:\/\/skaitytaknyga.lt\/en\/wp-json\/wp\/v2\/types\/product"}],"replies":[{"embeddable":true,"href":"https:\/\/skaitytaknyga.lt\/en\/wp-json\/wp\/v2\/comments?post=14683"}],"wp:featuredmedia":[{"embeddable":true,"href":"https:\/\/skaitytaknyga.lt\/en\/wp-json\/wp\/v2\/media\/14740"}],"wp:attachment":[{"href":"https:\/\/skaitytaknyga.lt\/en\/wp-json\/wp\/v2\/media?parent=14683"}],"wp:term":[{"taxonomy":"product_brand","embeddable":true,"href":"https:\/\/skaitytaknyga.lt\/en\/wp-json\/wp\/v2\/product_brand?post=14683"},{"taxonomy":"product_cat","embeddable":true,"href":"https:\/\/skaitytaknyga.lt\/en\/wp-json\/wp\/v2\/product_cat?post=14683"},{"taxonomy":"product_tag","embeddable":true,"href":"https:\/\/skaitytaknyga.lt\/en\/wp-json\/wp\/v2\/product_tag?post=14683"}],"curies":[{"name":"wp","href":"https:\/\/api.w.org\/{rel}","templated":true}]}}