{"id":14659,"date":"2024-11-17T15:44:57","date_gmt":"2024-11-17T13:44:57","guid":{"rendered":"https:\/\/skaitytaknyga.lt\/?post_type=product&#038;p=14659"},"modified":"2024-11-17T16:06:03","modified_gmt":"2024-11-17T14:06:03","slug":"kraujas-ir-smelis-prakeikta-zeme-baronienes-paslaptis-pasaulines-literaturos-biblioteka-74","status":"publish","type":"product","link":"https:\/\/skaitytaknyga.lt\/en\/produktas\/kraujas-ir-smelis-prakeikta-zeme-baronienes-paslaptis-pasaulines-literaturos-biblioteka-74\/","title":{"rendered":"Kraujas ir sm\u0117lis. Prakeikta \u017eem\u0117. Baronien\u0117s paslaptis (Pasaulin\u0117s literat\u016bros biblioteka 74)"},"content":{"rendered":"<p>Romanai ir apsakymas. \u201eKraujas ir sm\u0117lis\u201c \u2013 vaizduoja tragi\u0161k\u0105 toreadoro gyvenim\u0105. \u201ePrakeikta \u017eem\u0117\u201c \u2013 geriausia ra\u0161ytojo knyga, kurios centre \u2013 ar\u0161i kova tarp at\u0117j\u016bno ir kaimo, pasiry\u017eusio nieko ne\u012fsileisti \u012f prakeikt\u0105 sodyb\u0105.<\/p>\n<p>Apsakymas \u201eBaronien\u0117s paslaptis\u201c \u2013 tai pasakojimas apie dramati\u0161k\u0105 ir sl\u0117pining\u0105 \u012fvyk\u012f baronien\u0117s ir jos dukters gyvenime.<\/p>\n<ul class=\"about-product d-none d-xl-block mt-4\">\n<li><strong>Autorius:<\/strong>\u00a0Vicente Blasco Ibanez<\/li>\n<li><strong>Leid\u0117jas:<\/strong>\u00a0Vaga<\/li>\n<li><strong>Metai:<\/strong>\u00a01998<\/li>\n<li><strong>Puslapiai:<\/strong>\u00a0473<\/li>\n<li class=\"toggleable type-new-formats \"><strong>ISBN:<\/strong>\u00a05415005277<\/li>\n<li class=\"toggleable type-new-formats \"><strong>Formatas:<\/strong>\u00a015 x 18 cm, kieti vir\u0161eliai<\/li>\n<li><strong>Kalba:<\/strong>\u00a0Lietuvi\u0173<\/li>\n<li><strong>Vert\u0117jas:<\/strong>\u00a0Alfonsas Girskis<\/li>\n<li><strong>Knyg\u0173 serija:<\/strong>\u00a0<a href=\"https:\/\/www.knygos.lt\/lt\/knygos\/serija\/pasaulines-literaturos-biblioteka\/\">Pasaulin\u0117s literat\u016bros biblioteka<\/a><\/li>\n<\/ul>\n","protected":false},"excerpt":{"rendered":"<p>Romanai ir apsakymas. \u201eKraujas ir sm\u0117lis\u201c \u2013 vaizduoja tragi\u0161k\u0105 toreadoro gyvenim\u0105. \u201ePrakeikta \u017eem\u0117\u201c \u2013 geriausia ra\u0161ytojo knyga, kurios centre \u2013 ar\u0161i kova tarp at\u0117j\u016bno ir kaimo, pasiry\u017eusio nieko ne\u012fsileisti \u012f prakeikt\u0105 sodyb\u0105. Apsakymas \u201eBaronien\u0117s paslaptis\u201c \u2013 tai pasakojimas apie dramati\u0161k\u0105 ir sl\u0117pining\u0105 \u012fvyk\u012f baronien\u0117s ir jos dukters gyvenime. Autorius:\u00a0Vicente Blasco Ibanez Leid\u0117jas:\u00a0Vaga Metai:\u00a01998 Puslapiai:\u00a0473 ISBN:\u00a05415005277 Formatas:\u00a015 x 18 cm, kieti vir\u0161eliai Kalba:\u00a0Lietuvi\u0173 Vert\u0117jas:\u00a0Alfonsas Girskis Knyg\u0173 serija:\u00a0Pasaulin\u0117s literat\u016bros biblioteka<\/p>\n","protected":false},"featured_media":14671,"comment_status":"open","ping_status":"closed","template":"","meta":{"_acf_changed":false,"site-sidebar-layout":"default","site-content-layout":"","ast-site-content-layout":"default","site-content-style":"default","site-sidebar-style":"default","ast-global-header-display":"","ast-banner-title-visibility":"","ast-main-header-display":"","ast-hfb-above-header-display":"","ast-hfb-below-header-display":"","ast-hfb-mobile-header-display":"","site-post-title":"","ast-breadcrumbs-content":"","ast-featured-img":"","footer-sml-layout":"","ast-disable-related-posts":"","theme-transparent-header-meta":"default","adv-header-id-meta":"","stick-header-meta":"","header-above-stick-meta":"","header-main-stick-meta":"","header-below-stick-meta":"","astra-migrate-meta-layouts":"set","ast-page-background-enabled":"default","ast-page-background-meta":{"desktop":{"background-color":"","background-image":"","background-repeat":"repeat","background-position":"center center","background-size":"auto","background-attachment":"scroll","background-type":"","background-media":"","overlay-type":"","overlay-color":"","overlay-opacity":"","overlay-gradient":""},"tablet":{"background-color":"","background-image":"","background-repeat":"repeat","background-position":"center center","background-size":"auto","background-attachment":"scroll","background-type":"","background-media":"","overlay-type":"","overlay-color":"","overlay-opacity":"","overlay-gradient":""},"mobile":{"background-color":"","background-image":"","background-repeat":"repeat","background-position":"center center","background-size":"auto","background-attachment":"scroll","background-type":"","background-media":"","overlay-type":"","overlay-color":"","overlay-opacity":"","overlay-gradient":""}},"ast-content-background-meta":{"desktop":{"background-color":"var(--ast-global-color-4)","background-image":"","background-repeat":"repeat","background-position":"center center","background-size":"auto","background-attachment":"scroll","background-type":"","background-media":"","overlay-type":"","overlay-color":"","overlay-opacity":"","overlay-gradient":""},"tablet":{"background-color":"var(--ast-global-color-4)","background-image":"","background-repeat":"repeat","background-position":"center center","background-size":"auto","background-attachment":"scroll","background-type":"","background-media":"","overlay-type":"","overlay-color":"","overlay-opacity":"","overlay-gradient":""},"mobile":{"background-color":"var(--ast-global-color-4)","background-image":"","background-repeat":"repeat","background-position":"center center","background-size":"auto","background-attachment":"scroll","background-type":"","background-media":"","overlay-type":"","overlay-color":"","overlay-opacity":"","overlay-gradient":""}}},"product_brand":[],"product_cat":[15,558],"product_tag":[],"class_list":{"0":"post-14659","1":"product","2":"type-product","3":"status-publish","4":"has-post-thumbnail","6":"product_cat-uncategorized","7":"product_cat-pasaulines-literaturos-biblioteka","8":"desktop-align-left","9":"tablet-align-left","10":"mobile-align-left","12":"first","13":"instock","14":"shipping-taxable","15":"purchasable","16":"product-type-simple"},"acf":[],"yoast_head":"<!-- This site is optimized with the Yoast SEO plugin v27.0 - https:\/\/yoast.com\/product\/yoast-seo-wordpress\/ -->\n<title>Kraujas ir sm\u0117lis. Prakeikta \u017eem\u0117. Baronien\u0117s paslaptis (Pasaulin\u0117s literat\u016bros biblioteka 74)<\/title>\n<meta name=\"description\" content=\"Romanai ir apsakymas. \u201eKraujas ir sm\u0117lis\u201c \u2013 vaizduoja tragi\u0161k\u0105 toreadoro gyvenim\u0105. \u201ePrakeikta \u017eem\u0117\u201c \u2013 geriausia ra\u0161ytojo knyga, kurios centre \u2013 ar\u0161i kova\" \/>\n<meta name=\"robots\" content=\"index, follow, max-snippet:-1, max-image-preview:large, max-video-preview:-1\" \/>\n<link rel=\"canonical\" href=\"https:\/\/skaitytaknyga.lt\/en\/produktas\/kraujas-ir-smelis-prakeikta-zeme-baronienes-paslaptis-pasaulines-literaturos-biblioteka-74\/\" \/>\n<meta property=\"og:locale\" content=\"en_GB\" \/>\n<meta property=\"og:locale:alternate\" content=\"lt_LT\" \/>\n<meta property=\"og:type\" content=\"article\" \/>\n<meta property=\"og:title\" content=\"Kraujas ir sm\u0117lis. Prakeikta \u017eem\u0117. Baronien\u0117s paslaptis (Pasaulin\u0117s literat\u016bros biblioteka 74)\" \/>\n<meta property=\"og:description\" content=\"Romanai ir apsakymas. \u201eKraujas ir sm\u0117lis\u201c \u2013 vaizduoja tragi\u0161k\u0105 toreadoro gyvenim\u0105. \u201ePrakeikta \u017eem\u0117\u201c \u2013 geriausia ra\u0161ytojo knyga, kurios centre \u2013 ar\u0161i kova\" \/>\n<meta property=\"og:url\" content=\"https:\/\/skaitytaknyga.lt\/en\/produktas\/kraujas-ir-smelis-prakeikta-zeme-baronienes-paslaptis-pasaulines-literaturos-biblioteka-74\/\" \/>\n<meta property=\"og:site_name\" content=\"Skaitytaknyga\" \/>\n<meta property=\"article:publisher\" content=\"https:\/\/www.facebook.com\/skaitytaknyga\/\" \/>\n<meta property=\"article:modified_time\" content=\"2024-11-17T14:06:03+00:00\" \/>\n<meta property=\"og:image\" content=\"https:\/\/skaitytaknyga.lt\/wp-content\/uploads\/2024\/11\/Keturiasdesimt-antroji-paralele-Pasaulines-literaturos-biblioteka-112a.webp\" \/>\n\t<meta property=\"og:image:width\" content=\"515\" \/>\n\t<meta property=\"og:image:height\" content=\"800\" \/>\n\t<meta property=\"og:image:type\" content=\"image\/webp\" \/>\n<meta name=\"twitter:card\" content=\"summary_large_image\" \/>\n<meta name=\"twitter:label1\" content=\"Estimated reading time\" \/>\n\t<meta name=\"twitter:data1\" content=\"1 minute\" \/>\n<script type=\"application\/ld+json\" class=\"yoast-schema-graph\">{\"@context\":\"https:\/\/schema.org\",\"@graph\":[{\"@type\":\"WebPage\",\"@id\":\"https:\/\/skaitytaknyga.lt\/produktas\/kraujas-ir-smelis-prakeikta-zeme-baronienes-paslaptis-pasaulines-literaturos-biblioteka-74\/\",\"url\":\"https:\/\/skaitytaknyga.lt\/produktas\/kraujas-ir-smelis-prakeikta-zeme-baronienes-paslaptis-pasaulines-literaturos-biblioteka-74\/\",\"name\":\"Kraujas ir sm\u0117lis. Prakeikta \u017eem\u0117. Baronien\u0117s paslaptis (Pasaulin\u0117s literat\u016bros biblioteka 74)\",\"isPartOf\":{\"@id\":\"https:\/\/skaitytaknyga.lt\/#website\"},\"primaryImageOfPage\":{\"@id\":\"https:\/\/skaitytaknyga.lt\/produktas\/kraujas-ir-smelis-prakeikta-zeme-baronienes-paslaptis-pasaulines-literaturos-biblioteka-74\/#primaryimage\"},\"image\":{\"@id\":\"https:\/\/skaitytaknyga.lt\/produktas\/kraujas-ir-smelis-prakeikta-zeme-baronienes-paslaptis-pasaulines-literaturos-biblioteka-74\/#primaryimage\"},\"thumbnailUrl\":\"https:\/\/skaitytaknyga.lt\/wp-content\/uploads\/2024\/11\/Keturiasdesimt-antroji-paralele-Pasaulines-literaturos-biblioteka-112a.webp\",\"datePublished\":\"2024-11-17T13:44:57+00:00\",\"dateModified\":\"2024-11-17T14:06:03+00:00\",\"description\":\"Romanai ir apsakymas. \u201eKraujas ir sm\u0117lis\u201c \u2013 vaizduoja tragi\u0161k\u0105 toreadoro gyvenim\u0105. \u201ePrakeikta \u017eem\u0117\u201c \u2013 geriausia ra\u0161ytojo knyga, kurios centre \u2013 ar\u0161i kova\",\"breadcrumb\":{\"@id\":\"https:\/\/skaitytaknyga.lt\/produktas\/kraujas-ir-smelis-prakeikta-zeme-baronienes-paslaptis-pasaulines-literaturos-biblioteka-74\/#breadcrumb\"},\"inLanguage\":\"en-GB\",\"potentialAction\":[{\"@type\":\"ReadAction\",\"target\":[\"https:\/\/skaitytaknyga.lt\/produktas\/kraujas-ir-smelis-prakeikta-zeme-baronienes-paslaptis-pasaulines-literaturos-biblioteka-74\/\"]}]},{\"@type\":\"ImageObject\",\"inLanguage\":\"en-GB\",\"@id\":\"https:\/\/skaitytaknyga.lt\/produktas\/kraujas-ir-smelis-prakeikta-zeme-baronienes-paslaptis-pasaulines-literaturos-biblioteka-74\/#primaryimage\",\"url\":\"https:\/\/skaitytaknyga.lt\/wp-content\/uploads\/2024\/11\/Keturiasdesimt-antroji-paralele-Pasaulines-literaturos-biblioteka-112a.webp\",\"contentUrl\":\"https:\/\/skaitytaknyga.lt\/wp-content\/uploads\/2024\/11\/Keturiasdesimt-antroji-paralele-Pasaulines-literaturos-biblioteka-112a.webp\",\"width\":515,\"height\":800,\"caption\":\"Keturiasde\u0161imt antroji paralel\u0117 (Pasaulin\u0117s literat\u016bros biblioteka 112a)\"},{\"@type\":\"BreadcrumbList\",\"@id\":\"https:\/\/skaitytaknyga.lt\/produktas\/kraujas-ir-smelis-prakeikta-zeme-baronienes-paslaptis-pasaulines-literaturos-biblioteka-74\/#breadcrumb\",\"itemListElement\":[{\"@type\":\"ListItem\",\"position\":1,\"name\":\"Home\",\"item\":\"https:\/\/skaitytaknyga.lt\/\"},{\"@type\":\"ListItem\",\"position\":2,\"name\":\"Parduotuv\u0117\",\"item\":\"https:\/\/skaitytaknyga.lt\/knygu-parduotuve\/\"},{\"@type\":\"ListItem\",\"position\":3,\"name\":\"Kraujas ir sm\u0117lis. Prakeikta \u017eem\u0117. Baronien\u0117s paslaptis (Pasaulin\u0117s literat\u016bros biblioteka 74)\"}]},{\"@type\":\"WebSite\",\"@id\":\"https:\/\/skaitytaknyga.lt\/#website\",\"url\":\"https:\/\/skaitytaknyga.lt\/\",\"name\":\"skaitytaknyga.lt\",\"description\":\"Skaitytaknyga.lt \u2013 tai ma\u017eas \u0161eimos verslas, kuris prasid\u0117jo nuo meil\u0117s knygoms ir siekio i\u0161gelb\u0117ti knygas nuo likimo prie konteinerio. Kas vienam nereikalingas daiktas \u2013 kitam lobis, o mes esame tarpininkai, kurie padeda abiems tapti laimingesniems ???? \u017dinome kaip nelengva i\u0161gyventi ma\u017eiems verslams, tad nuo \u0161iol, \u010dia rasite ir kit\u0173, ma\u017e\u0173 \u0161eim\u0173 versl\u0173, rank\u0173 darbo, dovan\u0173 sau ir artimiesiems.\",\"publisher\":{\"@id\":\"https:\/\/skaitytaknyga.lt\/#organization\"},\"potentialAction\":[{\"@type\":\"SearchAction\",\"target\":{\"@type\":\"EntryPoint\",\"urlTemplate\":\"https:\/\/skaitytaknyga.lt\/?s={search_term_string}\"},\"query-input\":{\"@type\":\"PropertyValueSpecification\",\"valueRequired\":true,\"valueName\":\"search_term_string\"}}],\"inLanguage\":\"en-GB\"},{\"@type\":\"Organization\",\"@id\":\"https:\/\/skaitytaknyga.lt\/#organization\",\"name\":\"skaitytaknyga.lt\",\"url\":\"https:\/\/skaitytaknyga.lt\/\",\"logo\":{\"@type\":\"ImageObject\",\"inLanguage\":\"en-GB\",\"@id\":\"https:\/\/skaitytaknyga.lt\/#\/schema\/logo\/image\/\",\"url\":\"https:\/\/skaitytaknyga.lt\/wp-content\/uploads\/2024\/05\/cropped-cropped-cropped-02_00843_jt3bggkj1j3HLc7SyY6rEUpg.jpeg\",\"contentUrl\":\"https:\/\/skaitytaknyga.lt\/wp-content\/uploads\/2024\/05\/cropped-cropped-cropped-02_00843_jt3bggkj1j3HLc7SyY6rEUpg.jpeg\",\"width\":1600,\"height\":1600,\"caption\":\"skaitytaknyga.lt\"},\"image\":{\"@id\":\"https:\/\/skaitytaknyga.lt\/#\/schema\/logo\/image\/\"},\"sameAs\":[\"https:\/\/www.facebook.com\/skaitytaknyga\/\"]}]}<\/script>\n<!-- \/ Yoast SEO plugin. -->","yoast_head_json":{"title":"Kraujas ir sm\u0117lis. Prakeikta \u017eem\u0117. Baronien\u0117s paslaptis (Pasaulin\u0117s literat\u016bros biblioteka 74)","description":"Romanai ir apsakymas. \u201eKraujas ir sm\u0117lis\u201c \u2013 vaizduoja tragi\u0161k\u0105 toreadoro gyvenim\u0105. \u201ePrakeikta \u017eem\u0117\u201c \u2013 geriausia ra\u0161ytojo knyga, kurios centre \u2013 ar\u0161i kova","robots":{"index":"index","follow":"follow","max-snippet":"max-snippet:-1","max-image-preview":"max-image-preview:large","max-video-preview":"max-video-preview:-1"},"canonical":"https:\/\/skaitytaknyga.lt\/en\/produktas\/kraujas-ir-smelis-prakeikta-zeme-baronienes-paslaptis-pasaulines-literaturos-biblioteka-74\/","og_locale":"en_GB","og_type":"article","og_title":"[:lt]Kraujas ir sm\u0117lis. Prakeikta \u017eem\u0117. Baronien\u0117s paslaptis (Pasaulin\u0117s literat\u016bros biblioteka 74)[:] - Skaitytaknyga","og_description":"Romanai ir apsakymas. \u201eKraujas ir sm\u0117lis\u201c \u2013 vaizduoja tragi\u0161k\u0105 toreadoro gyvenim\u0105. \u201ePrakeikta \u017eem\u0117\u201c \u2013 geriausia ra\u0161ytojo knyga, kurios centre \u2013 ar\u0161i kova","og_url":"https:\/\/skaitytaknyga.lt\/en\/produktas\/kraujas-ir-smelis-prakeikta-zeme-baronienes-paslaptis-pasaulines-literaturos-biblioteka-74\/","og_site_name":"Skaitytaknyga","article_publisher":"https:\/\/www.facebook.com\/skaitytaknyga\/","article_modified_time":"2024-11-17T14:06:03+00:00","og_image":[{"width":515,"height":800,"url":"https:\/\/skaitytaknyga.lt\/wp-content\/uploads\/2024\/11\/Keturiasdesimt-antroji-paralele-Pasaulines-literaturos-biblioteka-112a.webp","type":"image\/webp"}],"twitter_card":"summary_large_image","twitter_misc":{"Estimated reading time":"1 minute"},"schema":{"@context":"https:\/\/schema.org","@graph":[{"@type":"WebPage","@id":"https:\/\/skaitytaknyga.lt\/produktas\/kraujas-ir-smelis-prakeikta-zeme-baronienes-paslaptis-pasaulines-literaturos-biblioteka-74\/","url":"https:\/\/skaitytaknyga.lt\/produktas\/kraujas-ir-smelis-prakeikta-zeme-baronienes-paslaptis-pasaulines-literaturos-biblioteka-74\/","name":"Kraujas ir sm\u0117lis. Prakeikta \u017eem\u0117. Baronien\u0117s paslaptis (Pasaulin\u0117s literat\u016bros biblioteka 74)","isPartOf":{"@id":"https:\/\/skaitytaknyga.lt\/#website"},"primaryImageOfPage":{"@id":"https:\/\/skaitytaknyga.lt\/produktas\/kraujas-ir-smelis-prakeikta-zeme-baronienes-paslaptis-pasaulines-literaturos-biblioteka-74\/#primaryimage"},"image":{"@id":"https:\/\/skaitytaknyga.lt\/produktas\/kraujas-ir-smelis-prakeikta-zeme-baronienes-paslaptis-pasaulines-literaturos-biblioteka-74\/#primaryimage"},"thumbnailUrl":"https:\/\/skaitytaknyga.lt\/wp-content\/uploads\/2024\/11\/Keturiasdesimt-antroji-paralele-Pasaulines-literaturos-biblioteka-112a.webp","datePublished":"2024-11-17T13:44:57+00:00","dateModified":"2024-11-17T14:06:03+00:00","description":"Romanai ir apsakymas. \u201eKraujas ir sm\u0117lis\u201c \u2013 vaizduoja tragi\u0161k\u0105 toreadoro gyvenim\u0105. \u201ePrakeikta \u017eem\u0117\u201c \u2013 geriausia ra\u0161ytojo knyga, kurios centre \u2013 ar\u0161i kova","breadcrumb":{"@id":"https:\/\/skaitytaknyga.lt\/produktas\/kraujas-ir-smelis-prakeikta-zeme-baronienes-paslaptis-pasaulines-literaturos-biblioteka-74\/#breadcrumb"},"inLanguage":"en-GB","potentialAction":[{"@type":"ReadAction","target":["https:\/\/skaitytaknyga.lt\/produktas\/kraujas-ir-smelis-prakeikta-zeme-baronienes-paslaptis-pasaulines-literaturos-biblioteka-74\/"]}]},{"@type":"ImageObject","inLanguage":"en-GB","@id":"https:\/\/skaitytaknyga.lt\/produktas\/kraujas-ir-smelis-prakeikta-zeme-baronienes-paslaptis-pasaulines-literaturos-biblioteka-74\/#primaryimage","url":"https:\/\/skaitytaknyga.lt\/wp-content\/uploads\/2024\/11\/Keturiasdesimt-antroji-paralele-Pasaulines-literaturos-biblioteka-112a.webp","contentUrl":"https:\/\/skaitytaknyga.lt\/wp-content\/uploads\/2024\/11\/Keturiasdesimt-antroji-paralele-Pasaulines-literaturos-biblioteka-112a.webp","width":515,"height":800,"caption":"Keturiasde\u0161imt antroji paralel\u0117 (Pasaulin\u0117s literat\u016bros biblioteka 112a)"},{"@type":"BreadcrumbList","@id":"https:\/\/skaitytaknyga.lt\/produktas\/kraujas-ir-smelis-prakeikta-zeme-baronienes-paslaptis-pasaulines-literaturos-biblioteka-74\/#breadcrumb","itemListElement":[{"@type":"ListItem","position":1,"name":"Home","item":"https:\/\/skaitytaknyga.lt\/"},{"@type":"ListItem","position":2,"name":"Parduotuv\u0117","item":"https:\/\/skaitytaknyga.lt\/knygu-parduotuve\/"},{"@type":"ListItem","position":3,"name":"Kraujas ir sm\u0117lis. Prakeikta \u017eem\u0117. Baronien\u0117s paslaptis (Pasaulin\u0117s literat\u016bros biblioteka 74)"}]},{"@type":"WebSite","@id":"https:\/\/skaitytaknyga.lt\/#website","url":"https:\/\/skaitytaknyga.lt\/","name":"skaitytaknyga.lt","description":"Skaitytaknyga.lt \u2013 tai ma\u017eas \u0161eimos verslas, kuris prasid\u0117jo nuo meil\u0117s knygoms ir siekio i\u0161gelb\u0117ti knygas nuo likimo prie konteinerio. Kas vienam nereikalingas daiktas \u2013 kitam lobis, o mes esame tarpininkai, kurie padeda abiems tapti laimingesniems ???? \u017dinome kaip nelengva i\u0161gyventi ma\u017eiems verslams, tad nuo \u0161iol, \u010dia rasite ir kit\u0173, ma\u017e\u0173 \u0161eim\u0173 versl\u0173, rank\u0173 darbo, dovan\u0173 sau ir artimiesiems.","publisher":{"@id":"https:\/\/skaitytaknyga.lt\/#organization"},"potentialAction":[{"@type":"SearchAction","target":{"@type":"EntryPoint","urlTemplate":"https:\/\/skaitytaknyga.lt\/?s={search_term_string}"},"query-input":{"@type":"PropertyValueSpecification","valueRequired":true,"valueName":"search_term_string"}}],"inLanguage":"en-GB"},{"@type":"Organization","@id":"https:\/\/skaitytaknyga.lt\/#organization","name":"skaitytaknyga.lt","url":"https:\/\/skaitytaknyga.lt\/","logo":{"@type":"ImageObject","inLanguage":"en-GB","@id":"https:\/\/skaitytaknyga.lt\/#\/schema\/logo\/image\/","url":"https:\/\/skaitytaknyga.lt\/wp-content\/uploads\/2024\/05\/cropped-cropped-cropped-02_00843_jt3bggkj1j3HLc7SyY6rEUpg.jpeg","contentUrl":"https:\/\/skaitytaknyga.lt\/wp-content\/uploads\/2024\/05\/cropped-cropped-cropped-02_00843_jt3bggkj1j3HLc7SyY6rEUpg.jpeg","width":1600,"height":1600,"caption":"skaitytaknyga.lt"},"image":{"@id":"https:\/\/skaitytaknyga.lt\/#\/schema\/logo\/image\/"},"sameAs":["https:\/\/www.facebook.com\/skaitytaknyga\/"]}]}},"_links":{"self":[{"href":"https:\/\/skaitytaknyga.lt\/en\/wp-json\/wp\/v2\/product\/14659","targetHints":{"allow":["GET"]}}],"collection":[{"href":"https:\/\/skaitytaknyga.lt\/en\/wp-json\/wp\/v2\/product"}],"about":[{"href":"https:\/\/skaitytaknyga.lt\/en\/wp-json\/wp\/v2\/types\/product"}],"replies":[{"embeddable":true,"href":"https:\/\/skaitytaknyga.lt\/en\/wp-json\/wp\/v2\/comments?post=14659"}],"wp:featuredmedia":[{"embeddable":true,"href":"https:\/\/skaitytaknyga.lt\/en\/wp-json\/wp\/v2\/media\/14671"}],"wp:attachment":[{"href":"https:\/\/skaitytaknyga.lt\/en\/wp-json\/wp\/v2\/media?parent=14659"}],"wp:term":[{"taxonomy":"product_brand","embeddable":true,"href":"https:\/\/skaitytaknyga.lt\/en\/wp-json\/wp\/v2\/product_brand?post=14659"},{"taxonomy":"product_cat","embeddable":true,"href":"https:\/\/skaitytaknyga.lt\/en\/wp-json\/wp\/v2\/product_cat?post=14659"},{"taxonomy":"product_tag","embeddable":true,"href":"https:\/\/skaitytaknyga.lt\/en\/wp-json\/wp\/v2\/product_tag?post=14659"}],"curies":[{"name":"wp","href":"https:\/\/api.w.org\/{rel}","templated":true}]}}