{"id":14656,"date":"2024-11-17T15:44:57","date_gmt":"2024-11-17T13:44:57","guid":{"rendered":"https:\/\/skaitytaknyga.lt\/?post_type=product&#038;p=14656"},"modified":"2026-03-05T13:46:03","modified_gmt":"2026-03-05T11:46:03","slug":"melas","status":"publish","type":"product","link":"https:\/\/skaitytaknyga.lt\/en\/produktas\/melas\/","title":{"rendered":"Melas"},"content":{"rendered":"<p>Ko gero, visi esame nors kart\u0105 gyvenime sav\u0119s paklaus\u0119: ar egzistuoja nekaltas melas? Ar meluodamas savo naudai nieko ne\u012fskaudinsiu? Ir ar s\u0105\u017eininga rinktis ties\u0105, kai melas gali i\u0161gelb\u0117ti kito ateit\u012f ar net gyvenim\u0105?<\/p>\n<p>Skyryb\u0173 advokat\u0117 L\u0117ja Hajet puikiai \u017eino, kad antroji santuoka s\u0117kminga b\u016bna taip pat retai kaip laimingas loterijos bilietas. Ta\u010diau ji t\u0105 biliet\u0105 i\u0161trauk\u0117: po keleri\u0173 nevilties met\u0173 i\u0161tek\u0117jo u\u017e beveik tobulo vyro, drauge jie suk\u016br\u0117 jaukius namus penkiems savo vaikams. L\u0117ja Hajet ir Pitas Konl\u0117jus buvo laimingi, \u017ei\u016br\u0117jo viena kryptimi ir tai, k\u0105 mat\u0117, atrod\u0117 am\u017eina ir nesugriaunama.<br \/>\nNamuose palik\u0119 netrukus a\u0161tuoniolikt\u0105j\u012f gimtadien\u012f \u0161v\u0119siant\u012f Pito s\u016bn\u0173 Kip\u0105 ir keturiolikmet\u0119 L\u0117jos dukter\u012f Kris\u0119, jiedu kelioms dienoms i\u0161tr\u016bksta pamin\u0117ti vedyb\u0173 sukakties. Lieting\u0105 vakar\u0105 gr\u012f\u017etant namo, suskamba j\u0173 mobilieji telefonai: Kipo vairuojamas pikapas atsitrenk\u0117 \u012f med\u012f, jis suimtas u\u017e vairavim\u0105 i\u0161g\u0117rus. Ir automobilyje su juo buvo Kris\u0117.<\/p>\n<p>Po dvylikos valand\u0173 Kris\u0117 mir\u0161ta, o Kipas apkaltinamas d\u0117l nu\u017eudymo.<\/p>\n<p>Kipas gars\u0117jo kaip padyk\u0117lis, bet kartu ir kaip puikus mokinys, turintis daug \u017eadan\u010di\u0173 perspektyv\u0173. I\u0161 prad\u017ei\u0173 L\u0117ja daro visk\u0105, kad pad\u0117t\u0173 Pitui ir Kipui atlaikyti \u0161\u012f sunk\u0173 i\u0161bandym\u0105. Iki tos akimirkos, kai vaikinas ima tvirtinti, kad prie vairo s\u0117d\u0117jo Kris\u0117 ir kad tai mat\u0117 pro \u0161al\u012f va\u017eiuojantis kunigas.<br \/>\nL\u0117ja pasibais\u0117jusi, kad gindamasis Kipas juodina jos dukters vard\u0105, o Pitas \u012fsikimba \u0161ios istorijos kaip paskutin\u0117s vilties i\u0161gelb\u0117ti s\u016bn\u0173 nuo kal\u0117jimo. Art\u0117jant teismo dienai, sutuoktiniai bla\u0161kosi tarp lojalumo savo vaikams ir vienas kitam. Lemtingos nakties \u012fvykiai atrodo vis labiau neai\u0161k\u016bs.<br \/>\nNes meluoja ne tik Kipas&#8230;<\/p>\n<ul class=\"about-product d-none d-xl-block mt-4\">\n<li><strong>Originalus pavadinimas:<\/strong>\u00a0House on Fire<\/li>\n<li><strong>Autorius:<\/strong>\u00a0Bonnie Kistler<\/li>\n<li><strong>Leid\u0117jas:<\/strong>\u00a0BALTO leidybos namai<\/li>\n<li><strong>Metai:<\/strong>\u00a02019<\/li>\n<li><strong>Puslapiai:<\/strong>\u00a0464<\/li>\n<li class=\"toggleable type-new-formats \"><strong>ISBN:<\/strong>\u00a09786098233865<\/li>\n<li class=\"toggleable type-new-formats \"><strong>Formatas:<\/strong>\u00a014,3 x 22 x 3,5 cm, kieti vir\u0161eliai<\/li>\n<li><strong>Kalba:<\/strong>\u00a0Lietuvi\u0173<\/li>\n<li><strong>Vert\u0117jas:<\/strong>\u00a0Vesta Berkmanien\u0117<\/li>\n<\/ul>\n","protected":false},"excerpt":{"rendered":"<p>Ko gero, visi esame nors kart\u0105 gyvenime sav\u0119s paklaus\u0119: ar egzistuoja nekaltas melas? Ar meluodamas savo naudai nieko ne\u012fskaudinsiu? Ir ar s\u0105\u017eininga rinktis ties\u0105, kai melas gali i\u0161gelb\u0117ti kito ateit\u012f ar net gyvenim\u0105? Skyryb\u0173 advokat\u0117 L\u0117ja Hajet puikiai \u017eino, kad antroji santuoka s\u0117kminga b\u016bna taip pat retai kaip laimingas loterijos bilietas. Ta\u010diau ji t\u0105 biliet\u0105 i\u0161trauk\u0117: po keleri\u0173 nevilties met\u0173 i\u0161tek\u0117jo u\u017e beveik tobulo vyro, drauge jie suk\u016br\u0117 jaukius namus penkiems savo vaikams. L\u0117ja Hajet ir Pitas Konl\u0117jus buvo laimingi, \u017ei\u016br\u0117jo viena kryptimi ir tai, k\u0105 mat\u0117, atrod\u0117 am\u017eina ir nesugriaunama. Namuose palik\u0119 netrukus a\u0161tuoniolikt\u0105j\u012f gimtadien\u012f \u0161v\u0119siant\u012f Pito s\u016bn\u0173 Kip\u0105 ir keturiolikmet\u0119 L\u0117jos dukter\u012f Kris\u0119, jiedu kelioms dienoms i\u0161tr\u016bksta pamin\u0117ti vedyb\u0173 sukakties. Lieting\u0105 vakar\u0105 gr\u012f\u017etant namo, suskamba j\u0173 mobilieji telefonai: Kipo vairuojamas pikapas atsitrenk\u0117 \u012f med\u012f, jis suimtas u\u017e vairavim\u0105 i\u0161g\u0117rus. Ir automobilyje su juo buvo Kris\u0117. Po dvylikos valand\u0173 Kris\u0117 mir\u0161ta, o Kipas apkaltinamas d\u0117l nu\u017eudymo. Kipas gars\u0117jo kaip padyk\u0117lis, bet kartu ir kaip puikus mokinys, turintis daug \u017eadan\u010di\u0173 perspektyv\u0173. I\u0161 prad\u017ei\u0173 L\u0117ja daro visk\u0105, kad pad\u0117t\u0173 Pitui ir Kipui atlaikyti \u0161\u012f sunk\u0173 i\u0161bandym\u0105. Iki tos akimirkos, kai vaikinas ima tvirtinti, kad prie vairo s\u0117d\u0117jo Kris\u0117 ir kad tai mat\u0117 pro \u0161al\u012f va\u017eiuojantis kunigas. L\u0117ja pasibais\u0117jusi, kad gindamasis Kipas juodina jos dukters vard\u0105, o Pitas \u012fsikimba \u0161ios istorijos kaip paskutin\u0117s vilties i\u0161gelb\u0117ti s\u016bn\u0173 nuo kal\u0117jimo. Art\u0117jant teismo dienai, sutuoktiniai bla\u0161kosi tarp lojalumo savo vaikams ir vienas kitam. Lemtingos nakties \u012fvykiai atrodo vis labiau neai\u0161k\u016bs. Nes meluoja ne tik Kipas&#8230; Originalus pavadinimas:\u00a0House on Fire Autorius:\u00a0Bonnie Kistler Leid\u0117jas:\u00a0BALTO leidybos namai Metai:\u00a02019 Puslapiai:\u00a0464 ISBN:\u00a09786098233865 Formatas:\u00a014,3 x 22 x 3,5 cm, kieti vir\u0161eliai Kalba:\u00a0Lietuvi\u0173 Vert\u0117jas:\u00a0Vesta Berkmanien\u0117<\/p>\n","protected":false},"featured_media":14673,"comment_status":"open","ping_status":"closed","template":"","meta":{"_acf_changed":false,"site-sidebar-layout":"default","site-content-layout":"","ast-site-content-layout":"default","site-content-style":"default","site-sidebar-style":"default","ast-global-header-display":"","ast-banner-title-visibility":"","ast-main-header-display":"","ast-hfb-above-header-display":"","ast-hfb-below-header-display":"","ast-hfb-mobile-header-display":"","site-post-title":"","ast-breadcrumbs-content":"","ast-featured-img":"","footer-sml-layout":"","ast-disable-related-posts":"","theme-transparent-header-meta":"default","adv-header-id-meta":"","stick-header-meta":"","header-above-stick-meta":"","header-main-stick-meta":"","header-below-stick-meta":"","astra-migrate-meta-layouts":"set","ast-page-background-enabled":"default","ast-page-background-meta":{"desktop":{"background-color":"","background-image":"","background-repeat":"repeat","background-position":"center center","background-size":"auto","background-attachment":"scroll","background-type":"","background-media":"","overlay-type":"","overlay-color":"","overlay-opacity":"","overlay-gradient":""},"tablet":{"background-color":"","background-image":"","background-repeat":"repeat","background-position":"center center","background-size":"auto","background-attachment":"scroll","background-type":"","background-media":"","overlay-type":"","overlay-color":"","overlay-opacity":"","overlay-gradient":""},"mobile":{"background-color":"","background-image":"","background-repeat":"repeat","background-position":"center center","background-size":"auto","background-attachment":"scroll","background-type":"","background-media":"","overlay-type":"","overlay-color":"","overlay-opacity":"","overlay-gradient":""}},"ast-content-background-meta":{"desktop":{"background-color":"var(--ast-global-color-4)","background-image":"","background-repeat":"repeat","background-position":"center center","background-size":"auto","background-attachment":"scroll","background-type":"","background-media":"","overlay-type":"","overlay-color":"","overlay-opacity":"","overlay-gradient":""},"tablet":{"background-color":"var(--ast-global-color-4)","background-image":"","background-repeat":"repeat","background-position":"center center","background-size":"auto","background-attachment":"scroll","background-type":"","background-media":"","overlay-type":"","overlay-color":"","overlay-opacity":"","overlay-gradient":""},"mobile":{"background-color":"var(--ast-global-color-4)","background-image":"","background-repeat":"repeat","background-position":"center center","background-size":"auto","background-attachment":"scroll","background-type":"","background-media":"","overlay-type":"","overlay-color":"","overlay-opacity":"","overlay-gradient":""}}},"product_brand":[],"product_cat":[9580,15],"product_tag":[],"class_list":{"0":"post-14656","1":"product","2":"type-product","3":"status-publish","4":"has-post-thumbnail","6":"product_cat-psichologiniai-detektyvai","7":"product_cat-uncategorized","8":"desktop-align-left","9":"tablet-align-left","10":"mobile-align-left","12":"first","13":"instock","14":"shipping-taxable","15":"purchasable","16":"product-type-simple"},"acf":[],"yoast_head":"<!-- This site is optimized with the Yoast SEO plugin v27.0 - https:\/\/yoast.com\/product\/yoast-seo-wordpress\/ -->\n<title>Melas<\/title>\n<meta name=\"description\" content=\"Ko gero, visi esame nors kart\u0105 gyvenime sav\u0119s paklaus\u0119: ar egzistuoja nekaltas melas? Ar meluodamas savo naudai nieko ne\u012fskaudinsiu? Ir ar s\u0105\u017eininga\" \/>\n<meta name=\"robots\" content=\"index, follow, max-snippet:-1, max-image-preview:large, max-video-preview:-1\" \/>\n<link rel=\"canonical\" href=\"https:\/\/skaitytaknyga.lt\/en\/produktas\/melas\/\" \/>\n<meta property=\"og:locale\" content=\"en_GB\" \/>\n<meta property=\"og:locale:alternate\" content=\"lt_LT\" \/>\n<meta property=\"og:type\" content=\"article\" \/>\n<meta property=\"og:title\" content=\"Melas\" \/>\n<meta property=\"og:description\" content=\"Ko gero, visi esame nors kart\u0105 gyvenime sav\u0119s paklaus\u0119: ar egzistuoja nekaltas melas? Ar meluodamas savo naudai nieko ne\u012fskaudinsiu? Ir ar s\u0105\u017eininga\" \/>\n<meta property=\"og:url\" content=\"https:\/\/skaitytaknyga.lt\/en\/produktas\/melas\/\" \/>\n<meta property=\"og:site_name\" content=\"Skaitytaknyga\" \/>\n<meta property=\"article:publisher\" content=\"https:\/\/www.facebook.com\/skaitytaknyga\/\" \/>\n<meta property=\"article:modified_time\" content=\"2026-03-05T11:46:03+00:00\" \/>\n<meta property=\"og:image\" content=\"https:\/\/skaitytaknyga.lt\/wp-content\/uploads\/2024\/11\/Melas.webp\" \/>\n\t<meta property=\"og:image:width\" content=\"537\" \/>\n\t<meta property=\"og:image:height\" content=\"800\" \/>\n\t<meta property=\"og:image:type\" content=\"image\/webp\" \/>\n<meta name=\"twitter:card\" content=\"summary_large_image\" \/>\n<meta name=\"twitter:label1\" content=\"Estimated reading time\" \/>\n\t<meta name=\"twitter:data1\" content=\"2 minutes\" \/>\n<script type=\"application\/ld+json\" class=\"yoast-schema-graph\">{\"@context\":\"https:\/\/schema.org\",\"@graph\":[{\"@type\":\"WebPage\",\"@id\":\"https:\/\/skaitytaknyga.lt\/produktas\/melas\/\",\"url\":\"https:\/\/skaitytaknyga.lt\/produktas\/melas\/\",\"name\":\"Melas\",\"isPartOf\":{\"@id\":\"https:\/\/skaitytaknyga.lt\/#website\"},\"primaryImageOfPage\":{\"@id\":\"https:\/\/skaitytaknyga.lt\/produktas\/melas\/#primaryimage\"},\"image\":{\"@id\":\"https:\/\/skaitytaknyga.lt\/produktas\/melas\/#primaryimage\"},\"thumbnailUrl\":\"https:\/\/skaitytaknyga.lt\/wp-content\/uploads\/2024\/11\/Melas.webp\",\"datePublished\":\"2024-11-17T13:44:57+00:00\",\"dateModified\":\"2026-03-05T11:46:03+00:00\",\"description\":\"Ko gero, visi esame nors kart\u0105 gyvenime sav\u0119s paklaus\u0119: ar egzistuoja nekaltas melas? Ar meluodamas savo naudai nieko ne\u012fskaudinsiu? Ir ar s\u0105\u017eininga\",\"breadcrumb\":{\"@id\":\"https:\/\/skaitytaknyga.lt\/produktas\/melas\/#breadcrumb\"},\"inLanguage\":\"en-GB\",\"potentialAction\":[{\"@type\":\"ReadAction\",\"target\":[\"https:\/\/skaitytaknyga.lt\/produktas\/melas\/\"]}]},{\"@type\":\"ImageObject\",\"inLanguage\":\"en-GB\",\"@id\":\"https:\/\/skaitytaknyga.lt\/produktas\/melas\/#primaryimage\",\"url\":\"https:\/\/skaitytaknyga.lt\/wp-content\/uploads\/2024\/11\/Melas.webp\",\"contentUrl\":\"https:\/\/skaitytaknyga.lt\/wp-content\/uploads\/2024\/11\/Melas.webp\",\"width\":537,\"height\":800,\"caption\":\"Melas\"},{\"@type\":\"BreadcrumbList\",\"@id\":\"https:\/\/skaitytaknyga.lt\/produktas\/melas\/#breadcrumb\",\"itemListElement\":[{\"@type\":\"ListItem\",\"position\":1,\"name\":\"Home\",\"item\":\"https:\/\/skaitytaknyga.lt\/\"},{\"@type\":\"ListItem\",\"position\":2,\"name\":\"Parduotuv\u0117\",\"item\":\"https:\/\/skaitytaknyga.lt\/knygu-parduotuve\/\"},{\"@type\":\"ListItem\",\"position\":3,\"name\":\"Melas\"}]},{\"@type\":\"WebSite\",\"@id\":\"https:\/\/skaitytaknyga.lt\/#website\",\"url\":\"https:\/\/skaitytaknyga.lt\/\",\"name\":\"skaitytaknyga.lt\",\"description\":\"Skaitytaknyga.lt \u2013 tai ma\u017eas \u0161eimos verslas, kuris prasid\u0117jo nuo meil\u0117s knygoms ir siekio i\u0161gelb\u0117ti knygas nuo likimo prie konteinerio. Kas vienam nereikalingas daiktas \u2013 kitam lobis, o mes esame tarpininkai, kurie padeda abiems tapti laimingesniems ???? \u017dinome kaip nelengva i\u0161gyventi ma\u017eiems verslams, tad nuo \u0161iol, \u010dia rasite ir kit\u0173, ma\u017e\u0173 \u0161eim\u0173 versl\u0173, rank\u0173 darbo, dovan\u0173 sau ir artimiesiems.\",\"publisher\":{\"@id\":\"https:\/\/skaitytaknyga.lt\/#organization\"},\"potentialAction\":[{\"@type\":\"SearchAction\",\"target\":{\"@type\":\"EntryPoint\",\"urlTemplate\":\"https:\/\/skaitytaknyga.lt\/?s={search_term_string}\"},\"query-input\":{\"@type\":\"PropertyValueSpecification\",\"valueRequired\":true,\"valueName\":\"search_term_string\"}}],\"inLanguage\":\"en-GB\"},{\"@type\":\"Organization\",\"@id\":\"https:\/\/skaitytaknyga.lt\/#organization\",\"name\":\"skaitytaknyga.lt\",\"url\":\"https:\/\/skaitytaknyga.lt\/\",\"logo\":{\"@type\":\"ImageObject\",\"inLanguage\":\"en-GB\",\"@id\":\"https:\/\/skaitytaknyga.lt\/#\/schema\/logo\/image\/\",\"url\":\"https:\/\/skaitytaknyga.lt\/wp-content\/uploads\/2024\/05\/cropped-cropped-cropped-02_00843_jt3bggkj1j3HLc7SyY6rEUpg.jpeg\",\"contentUrl\":\"https:\/\/skaitytaknyga.lt\/wp-content\/uploads\/2024\/05\/cropped-cropped-cropped-02_00843_jt3bggkj1j3HLc7SyY6rEUpg.jpeg\",\"width\":1600,\"height\":1600,\"caption\":\"skaitytaknyga.lt\"},\"image\":{\"@id\":\"https:\/\/skaitytaknyga.lt\/#\/schema\/logo\/image\/\"},\"sameAs\":[\"https:\/\/www.facebook.com\/skaitytaknyga\/\"]}]}<\/script>\n<!-- \/ Yoast SEO plugin. -->","yoast_head_json":{"title":"Melas","description":"Ko gero, visi esame nors kart\u0105 gyvenime sav\u0119s paklaus\u0119: ar egzistuoja nekaltas melas? Ar meluodamas savo naudai nieko ne\u012fskaudinsiu? Ir ar s\u0105\u017eininga","robots":{"index":"index","follow":"follow","max-snippet":"max-snippet:-1","max-image-preview":"max-image-preview:large","max-video-preview":"max-video-preview:-1"},"canonical":"https:\/\/skaitytaknyga.lt\/en\/produktas\/melas\/","og_locale":"en_GB","og_type":"article","og_title":"[:lt]Melas[:] - Skaitytaknyga","og_description":"Ko gero, visi esame nors kart\u0105 gyvenime sav\u0119s paklaus\u0119: ar egzistuoja nekaltas melas? Ar meluodamas savo naudai nieko ne\u012fskaudinsiu? Ir ar s\u0105\u017eininga","og_url":"https:\/\/skaitytaknyga.lt\/en\/produktas\/melas\/","og_site_name":"Skaitytaknyga","article_publisher":"https:\/\/www.facebook.com\/skaitytaknyga\/","article_modified_time":"2026-03-05T11:46:03+00:00","og_image":[{"width":537,"height":800,"url":"https:\/\/skaitytaknyga.lt\/wp-content\/uploads\/2024\/11\/Melas.webp","type":"image\/webp"}],"twitter_card":"summary_large_image","twitter_misc":{"Estimated reading time":"2 minutes"},"schema":{"@context":"https:\/\/schema.org","@graph":[{"@type":"WebPage","@id":"https:\/\/skaitytaknyga.lt\/produktas\/melas\/","url":"https:\/\/skaitytaknyga.lt\/produktas\/melas\/","name":"Melas","isPartOf":{"@id":"https:\/\/skaitytaknyga.lt\/#website"},"primaryImageOfPage":{"@id":"https:\/\/skaitytaknyga.lt\/produktas\/melas\/#primaryimage"},"image":{"@id":"https:\/\/skaitytaknyga.lt\/produktas\/melas\/#primaryimage"},"thumbnailUrl":"https:\/\/skaitytaknyga.lt\/wp-content\/uploads\/2024\/11\/Melas.webp","datePublished":"2024-11-17T13:44:57+00:00","dateModified":"2026-03-05T11:46:03+00:00","description":"Ko gero, visi esame nors kart\u0105 gyvenime sav\u0119s paklaus\u0119: ar egzistuoja nekaltas melas? Ar meluodamas savo naudai nieko ne\u012fskaudinsiu? Ir ar s\u0105\u017eininga","breadcrumb":{"@id":"https:\/\/skaitytaknyga.lt\/produktas\/melas\/#breadcrumb"},"inLanguage":"en-GB","potentialAction":[{"@type":"ReadAction","target":["https:\/\/skaitytaknyga.lt\/produktas\/melas\/"]}]},{"@type":"ImageObject","inLanguage":"en-GB","@id":"https:\/\/skaitytaknyga.lt\/produktas\/melas\/#primaryimage","url":"https:\/\/skaitytaknyga.lt\/wp-content\/uploads\/2024\/11\/Melas.webp","contentUrl":"https:\/\/skaitytaknyga.lt\/wp-content\/uploads\/2024\/11\/Melas.webp","width":537,"height":800,"caption":"Melas"},{"@type":"BreadcrumbList","@id":"https:\/\/skaitytaknyga.lt\/produktas\/melas\/#breadcrumb","itemListElement":[{"@type":"ListItem","position":1,"name":"Home","item":"https:\/\/skaitytaknyga.lt\/"},{"@type":"ListItem","position":2,"name":"Parduotuv\u0117","item":"https:\/\/skaitytaknyga.lt\/knygu-parduotuve\/"},{"@type":"ListItem","position":3,"name":"Melas"}]},{"@type":"WebSite","@id":"https:\/\/skaitytaknyga.lt\/#website","url":"https:\/\/skaitytaknyga.lt\/","name":"skaitytaknyga.lt","description":"Skaitytaknyga.lt \u2013 tai ma\u017eas \u0161eimos verslas, kuris prasid\u0117jo nuo meil\u0117s knygoms ir siekio i\u0161gelb\u0117ti knygas nuo likimo prie konteinerio. Kas vienam nereikalingas daiktas \u2013 kitam lobis, o mes esame tarpininkai, kurie padeda abiems tapti laimingesniems ???? \u017dinome kaip nelengva i\u0161gyventi ma\u017eiems verslams, tad nuo \u0161iol, \u010dia rasite ir kit\u0173, ma\u017e\u0173 \u0161eim\u0173 versl\u0173, rank\u0173 darbo, dovan\u0173 sau ir artimiesiems.","publisher":{"@id":"https:\/\/skaitytaknyga.lt\/#organization"},"potentialAction":[{"@type":"SearchAction","target":{"@type":"EntryPoint","urlTemplate":"https:\/\/skaitytaknyga.lt\/?s={search_term_string}"},"query-input":{"@type":"PropertyValueSpecification","valueRequired":true,"valueName":"search_term_string"}}],"inLanguage":"en-GB"},{"@type":"Organization","@id":"https:\/\/skaitytaknyga.lt\/#organization","name":"skaitytaknyga.lt","url":"https:\/\/skaitytaknyga.lt\/","logo":{"@type":"ImageObject","inLanguage":"en-GB","@id":"https:\/\/skaitytaknyga.lt\/#\/schema\/logo\/image\/","url":"https:\/\/skaitytaknyga.lt\/wp-content\/uploads\/2024\/05\/cropped-cropped-cropped-02_00843_jt3bggkj1j3HLc7SyY6rEUpg.jpeg","contentUrl":"https:\/\/skaitytaknyga.lt\/wp-content\/uploads\/2024\/05\/cropped-cropped-cropped-02_00843_jt3bggkj1j3HLc7SyY6rEUpg.jpeg","width":1600,"height":1600,"caption":"skaitytaknyga.lt"},"image":{"@id":"https:\/\/skaitytaknyga.lt\/#\/schema\/logo\/image\/"},"sameAs":["https:\/\/www.facebook.com\/skaitytaknyga\/"]}]}},"_links":{"self":[{"href":"https:\/\/skaitytaknyga.lt\/en\/wp-json\/wp\/v2\/product\/14656","targetHints":{"allow":["GET"]}}],"collection":[{"href":"https:\/\/skaitytaknyga.lt\/en\/wp-json\/wp\/v2\/product"}],"about":[{"href":"https:\/\/skaitytaknyga.lt\/en\/wp-json\/wp\/v2\/types\/product"}],"replies":[{"embeddable":true,"href":"https:\/\/skaitytaknyga.lt\/en\/wp-json\/wp\/v2\/comments?post=14656"}],"wp:featuredmedia":[{"embeddable":true,"href":"https:\/\/skaitytaknyga.lt\/en\/wp-json\/wp\/v2\/media\/14673"}],"wp:attachment":[{"href":"https:\/\/skaitytaknyga.lt\/en\/wp-json\/wp\/v2\/media?parent=14656"}],"wp:term":[{"taxonomy":"product_brand","embeddable":true,"href":"https:\/\/skaitytaknyga.lt\/en\/wp-json\/wp\/v2\/product_brand?post=14656"},{"taxonomy":"product_cat","embeddable":true,"href":"https:\/\/skaitytaknyga.lt\/en\/wp-json\/wp\/v2\/product_cat?post=14656"},{"taxonomy":"product_tag","embeddable":true,"href":"https:\/\/skaitytaknyga.lt\/en\/wp-json\/wp\/v2\/product_tag?post=14656"}],"curies":[{"name":"wp","href":"https:\/\/api.w.org\/{rel}","templated":true}]}}