{"id":14655,"date":"2024-11-17T15:44:56","date_gmt":"2024-11-17T13:44:56","guid":{"rendered":"https:\/\/skaitytaknyga.lt\/?post_type=product&#038;p=14655"},"modified":"2024-11-17T16:09:44","modified_gmt":"2024-11-17T14:09:44","slug":"vilniaus-bomberio-ispazintis-yra-skaitymo-zymiu","status":"publish","type":"product","link":"https:\/\/skaitytaknyga.lt\/en\/produktas\/vilniaus-bomberio-ispazintis-yra-skaitymo-zymiu\/","title":{"rendered":"Vilniaus bomberio i\u0161pa\u017eintis (yra skaitymo \u017eymi\u0173)"},"content":{"rendered":"<p>\u201eJeigu skai\u010diuotume ir t\u0105 pirm\u0105 nusikaltim\u0105, kur\u012f padariau b\u016bdamas nepilnametis, i\u0161 viso bus keturiolika. Bet tai kartu su bendrininku pa\u0117mus. A\u0161 asmeni\u0161kai 10 \u017emoni\u0173 nu\u017eud\u017eiau, \u2013 ramiu tonu kalb\u0117jo Valerijus Janu\u0161kevi\u010dius. \u2013 Dabar tiek met\u0173 pra\u0117jo, kad atvirai pasakysiu: kartais pamir\u0161tu, u\u017e k\u0105 \u010dia s\u0117d\u017eiu. Atrodo, kad gimei kal\u0117jime ir augi kal\u0117jime. Ir sapnuojasi kal\u0117jimas.&#8221;<\/p>\n<p><strong>\u201eVilniaus bomberio i\u0161pa\u017eintis&#8221; \u2013<\/strong>\u00a0iki \u0161iol \u0161alies teis\u0117saugos elit\u0105 \u0161okiruojanti tikra istorija apie tamsi\u0105j\u0105 sovietin\u0117s epochos pabaigos Lietuvoje pus\u0119 ir k\u0105 tik laisv\u0119 atgavusioje \u0161alyje siaut\u0117jusius \u017emog\u017eud\u017eius i\u0161 garsiausio ir daugiausia \u017emoni\u0173 nu\u017eud\u017eiusio samdomo \u017eudiko l\u016bp\u0173.<\/p>\n<p>Jaunasis Valera savo \u017eygiais Lietuv\u0105 pirm\u0105syk sudrebino 1972-aisiais, b\u016bdamas vos 16 met\u0173, jo kruvinos kelion\u0117s po Vilni\u0173 ir jo apylinkes truko nuo 1992 iki 1998-\u0173j\u0173, o kai kurie kruvinieji u\u017esakymai tapo parodomosiomis akcijomis visam sostin\u0117s nusikalt\u0117li\u0173 ir politik\u0173 pasauliui. Su \u201eVilniaus brigada&#8221; sietas verslininkas Rimantas Grainis vidury dienos i\u0161l\u0117k\u0117 \u012f or\u0105 savo prabangiame mersedese prie\u0161 pat Vyriausyb\u0117s langus, o jo agonij\u0105 ir paskutinius atod\u016bsius reg\u0117jo \u0161imtai \u012f sostin\u0117s centr\u0105 papietauti i\u0161\u0117jusi\u0173 \u017emoni\u0173, tarp j\u0173 buvo ir \u012fvyk\u012f u\u017efiksav\u0119s \u017einomas fotografas.<\/p>\n<p>V. Janu\u0161kevi\u010dius Luki\u0161k\u0117se prisipa\u017eino visada \u017eav\u0117j\u0119sis mechanizm\u0173 paslaptimis. Jam buvo \u012fdomus ir \u017eudymo mechanizmas. Atrod\u0117, kad tai jam r\u016bp\u0117jo kur kas labiau nei aukoms ir j\u0173 artimiesiems sukeltas skausmas. Tad tardymo metu demonstruodamas, kaip sukonstruoti savadarbius sprogmenis, Bomberis atrod\u0117 kaip tikras dailid\u0117, amat\u0105 bandantis perduoti savo mokiniams. Tik \u010dia buvo ne mokiniai, o \u201eAro&#8221; pareig\u016bnai, su did\u017eiausia nuostaba stebintys, kiek Bomberis i\u0161mano apie savadarbius sprogmenis.<\/p>\n<p>&nbsp;<\/p>\n","protected":false},"excerpt":{"rendered":"<p>\u201eJeigu skai\u010diuotume ir t\u0105 pirm\u0105 nusikaltim\u0105, kur\u012f padariau b\u016bdamas nepilnametis, i\u0161 viso bus keturiolika. Bet tai kartu su bendrininku pa\u0117mus. A\u0161 asmeni\u0161kai 10 \u017emoni\u0173 nu\u017eud\u017eiau, \u2013 ramiu tonu kalb\u0117jo Valerijus Janu\u0161kevi\u010dius. \u2013 Dabar tiek met\u0173 pra\u0117jo, kad atvirai pasakysiu: kartais pamir\u0161tu, u\u017e k\u0105 \u010dia s\u0117d\u017eiu. Atrodo, kad gimei kal\u0117jime ir augi kal\u0117jime. Ir sapnuojasi kal\u0117jimas.&#8221; \u201eVilniaus bomberio i\u0161pa\u017eintis&#8221; \u2013\u00a0iki \u0161iol \u0161alies teis\u0117saugos elit\u0105 \u0161okiruojanti tikra istorija apie tamsi\u0105j\u0105 sovietin\u0117s epochos pabaigos Lietuvoje pus\u0119 ir k\u0105 tik laisv\u0119 atgavusioje \u0161alyje siaut\u0117jusius \u017emog\u017eud\u017eius i\u0161 garsiausio ir daugiausia \u017emoni\u0173 nu\u017eud\u017eiusio samdomo \u017eudiko l\u016bp\u0173. Jaunasis Valera savo \u017eygiais Lietuv\u0105 pirm\u0105syk sudrebino 1972-aisiais, b\u016bdamas vos 16 met\u0173, jo kruvinos kelion\u0117s po Vilni\u0173 ir jo apylinkes truko nuo 1992 iki 1998-\u0173j\u0173, o kai kurie kruvinieji u\u017esakymai tapo parodomosiomis akcijomis visam sostin\u0117s nusikalt\u0117li\u0173 ir politik\u0173 pasauliui. Su \u201eVilniaus brigada&#8221; sietas verslininkas Rimantas Grainis vidury dienos i\u0161l\u0117k\u0117 \u012f or\u0105 savo prabangiame mersedese prie\u0161 pat Vyriausyb\u0117s langus, o jo agonij\u0105 ir paskutinius atod\u016bsius reg\u0117jo \u0161imtai \u012f sostin\u0117s centr\u0105 papietauti i\u0161\u0117jusi\u0173 \u017emoni\u0173, tarp j\u0173 buvo ir \u012fvyk\u012f u\u017efiksav\u0119s \u017einomas fotografas. V. Janu\u0161kevi\u010dius Luki\u0161k\u0117se prisipa\u017eino visada \u017eav\u0117j\u0119sis mechanizm\u0173 paslaptimis. Jam buvo \u012fdomus ir \u017eudymo mechanizmas. Atrod\u0117, kad tai jam r\u016bp\u0117jo kur kas labiau nei aukoms ir j\u0173 artimiesiems sukeltas skausmas. Tad tardymo metu demonstruodamas, kaip sukonstruoti savadarbius sprogmenis, Bomberis atrod\u0117 kaip tikras dailid\u0117, amat\u0105 bandantis perduoti savo mokiniams. Tik \u010dia buvo ne mokiniai, o \u201eAro&#8221; pareig\u016bnai, su did\u017eiausia nuostaba stebintys, kiek Bomberis i\u0161mano apie savadarbius sprogmenis. &nbsp;<\/p>\n","protected":false},"featured_media":14672,"comment_status":"open","ping_status":"closed","template":"","meta":{"_acf_changed":false,"site-sidebar-layout":"default","site-content-layout":"","ast-site-content-layout":"default","site-content-style":"default","site-sidebar-style":"default","ast-global-header-display":"","ast-banner-title-visibility":"","ast-main-header-display":"","ast-hfb-above-header-display":"","ast-hfb-below-header-display":"","ast-hfb-mobile-header-display":"","site-post-title":"","ast-breadcrumbs-content":"","ast-featured-img":"","footer-sml-layout":"","ast-disable-related-posts":"","theme-transparent-header-meta":"default","adv-header-id-meta":"","stick-header-meta":"","header-above-stick-meta":"","header-main-stick-meta":"","header-below-stick-meta":"","astra-migrate-meta-layouts":"set","ast-page-background-enabled":"default","ast-page-background-meta":{"desktop":{"background-color":"","background-image":"","background-repeat":"repeat","background-position":"center center","background-size":"auto","background-attachment":"scroll","background-type":"","background-media":"","overlay-type":"","overlay-color":"","overlay-opacity":"","overlay-gradient":""},"tablet":{"background-color":"","background-image":"","background-repeat":"repeat","background-position":"center center","background-size":"auto","background-attachment":"scroll","background-type":"","background-media":"","overlay-type":"","overlay-color":"","overlay-opacity":"","overlay-gradient":""},"mobile":{"background-color":"","background-image":"","background-repeat":"repeat","background-position":"center center","background-size":"auto","background-attachment":"scroll","background-type":"","background-media":"","overlay-type":"","overlay-color":"","overlay-opacity":"","overlay-gradient":""}},"ast-content-background-meta":{"desktop":{"background-color":"var(--ast-global-color-4)","background-image":"","background-repeat":"repeat","background-position":"center center","background-size":"auto","background-attachment":"scroll","background-type":"","background-media":"","overlay-type":"","overlay-color":"","overlay-opacity":"","overlay-gradient":""},"tablet":{"background-color":"var(--ast-global-color-4)","background-image":"","background-repeat":"repeat","background-position":"center center","background-size":"auto","background-attachment":"scroll","background-type":"","background-media":"","overlay-type":"","overlay-color":"","overlay-opacity":"","overlay-gradient":""},"mobile":{"background-color":"var(--ast-global-color-4)","background-image":"","background-repeat":"repeat","background-position":"center center","background-size":"auto","background-attachment":"scroll","background-type":"","background-media":"","overlay-type":"","overlay-color":"","overlay-opacity":"","overlay-gradient":""}}},"product_brand":[],"product_cat":[33,15],"product_tag":[],"class_list":{"0":"post-14655","1":"product","2":"type-product","3":"status-publish","4":"has-post-thumbnail","6":"product_cat-biografijos","7":"product_cat-uncategorized","8":"desktop-align-left","9":"tablet-align-left","10":"mobile-align-left","12":"first","13":"instock","14":"shipping-taxable","15":"purchasable","16":"product-type-simple"},"acf":[],"yoast_head":"<!-- This site is optimized with the Yoast SEO plugin v27.0 - https:\/\/yoast.com\/product\/yoast-seo-wordpress\/ -->\n<title>Vilniaus bomberio i\u0161pa\u017eintis (yra skaitymo \u017eymi\u0173)<\/title>\n<meta name=\"description\" content=\"\u201eJeigu skai\u010diuotume ir t\u0105 pirm\u0105 nusikaltim\u0105, kur\u012f padariau b\u016bdamas nepilnametis, i\u0161 viso bus keturiolika. Bet tai kartu su bendrininku pa\u0117mus. A\u0161\" \/>\n<meta name=\"robots\" content=\"index, follow, max-snippet:-1, max-image-preview:large, max-video-preview:-1\" \/>\n<link rel=\"canonical\" href=\"https:\/\/skaitytaknyga.lt\/en\/produktas\/vilniaus-bomberio-ispazintis-yra-skaitymo-zymiu\/\" \/>\n<meta property=\"og:locale\" content=\"en_GB\" \/>\n<meta property=\"og:locale:alternate\" content=\"lt_LT\" \/>\n<meta property=\"og:type\" content=\"article\" \/>\n<meta property=\"og:title\" content=\"Vilniaus bomberio i\u0161pa\u017eintis (yra skaitymo \u017eymi\u0173)\" \/>\n<meta property=\"og:description\" content=\"\u201eJeigu skai\u010diuotume ir t\u0105 pirm\u0105 nusikaltim\u0105, kur\u012f padariau b\u016bdamas nepilnametis, i\u0161 viso bus keturiolika. Bet tai kartu su bendrininku pa\u0117mus. A\u0161\" \/>\n<meta property=\"og:url\" content=\"https:\/\/skaitytaknyga.lt\/en\/produktas\/vilniaus-bomberio-ispazintis-yra-skaitymo-zymiu\/\" \/>\n<meta property=\"og:site_name\" content=\"Skaitytaknyga\" \/>\n<meta property=\"article:publisher\" content=\"https:\/\/www.facebook.com\/skaitytaknyga\/\" \/>\n<meta property=\"article:modified_time\" content=\"2024-11-17T14:09:44+00:00\" \/>\n<meta property=\"og:image\" content=\"https:\/\/skaitytaknyga.lt\/wp-content\/uploads\/2024\/11\/Vilniaus-bomberio-ispazintis.webp\" \/>\n\t<meta property=\"og:image:width\" content=\"565\" \/>\n\t<meta property=\"og:image:height\" content=\"800\" \/>\n\t<meta property=\"og:image:type\" content=\"image\/webp\" \/>\n<meta name=\"twitter:card\" content=\"summary_large_image\" \/>\n<meta name=\"twitter:label1\" content=\"Estimated reading time\" \/>\n\t<meta name=\"twitter:data1\" content=\"2 minutes\" \/>\n<script type=\"application\/ld+json\" class=\"yoast-schema-graph\">{\"@context\":\"https:\/\/schema.org\",\"@graph\":[{\"@type\":\"WebPage\",\"@id\":\"https:\/\/skaitytaknyga.lt\/produktas\/vilniaus-bomberio-ispazintis-yra-skaitymo-zymiu\/\",\"url\":\"https:\/\/skaitytaknyga.lt\/produktas\/vilniaus-bomberio-ispazintis-yra-skaitymo-zymiu\/\",\"name\":\"Vilniaus bomberio i\u0161pa\u017eintis (yra skaitymo \u017eymi\u0173)\",\"isPartOf\":{\"@id\":\"https:\/\/skaitytaknyga.lt\/#website\"},\"primaryImageOfPage\":{\"@id\":\"https:\/\/skaitytaknyga.lt\/produktas\/vilniaus-bomberio-ispazintis-yra-skaitymo-zymiu\/#primaryimage\"},\"image\":{\"@id\":\"https:\/\/skaitytaknyga.lt\/produktas\/vilniaus-bomberio-ispazintis-yra-skaitymo-zymiu\/#primaryimage\"},\"thumbnailUrl\":\"https:\/\/skaitytaknyga.lt\/wp-content\/uploads\/2024\/11\/Vilniaus-bomberio-ispazintis.webp\",\"datePublished\":\"2024-11-17T13:44:56+00:00\",\"dateModified\":\"2024-11-17T14:09:44+00:00\",\"description\":\"\u201eJeigu skai\u010diuotume ir t\u0105 pirm\u0105 nusikaltim\u0105, kur\u012f padariau b\u016bdamas nepilnametis, i\u0161 viso bus keturiolika. Bet tai kartu su bendrininku pa\u0117mus. A\u0161\",\"breadcrumb\":{\"@id\":\"https:\/\/skaitytaknyga.lt\/produktas\/vilniaus-bomberio-ispazintis-yra-skaitymo-zymiu\/#breadcrumb\"},\"inLanguage\":\"en-GB\",\"potentialAction\":[{\"@type\":\"ReadAction\",\"target\":[\"https:\/\/skaitytaknyga.lt\/produktas\/vilniaus-bomberio-ispazintis-yra-skaitymo-zymiu\/\"]}]},{\"@type\":\"ImageObject\",\"inLanguage\":\"en-GB\",\"@id\":\"https:\/\/skaitytaknyga.lt\/produktas\/vilniaus-bomberio-ispazintis-yra-skaitymo-zymiu\/#primaryimage\",\"url\":\"https:\/\/skaitytaknyga.lt\/wp-content\/uploads\/2024\/11\/Vilniaus-bomberio-ispazintis.webp\",\"contentUrl\":\"https:\/\/skaitytaknyga.lt\/wp-content\/uploads\/2024\/11\/Vilniaus-bomberio-ispazintis.webp\",\"width\":565,\"height\":800,\"caption\":\"Vilniaus bomberio i\u0161pa\u017eintis (yra skaitymo \u017eymi\u0173)\"},{\"@type\":\"BreadcrumbList\",\"@id\":\"https:\/\/skaitytaknyga.lt\/produktas\/vilniaus-bomberio-ispazintis-yra-skaitymo-zymiu\/#breadcrumb\",\"itemListElement\":[{\"@type\":\"ListItem\",\"position\":1,\"name\":\"Home\",\"item\":\"https:\/\/skaitytaknyga.lt\/\"},{\"@type\":\"ListItem\",\"position\":2,\"name\":\"Parduotuv\u0117\",\"item\":\"https:\/\/skaitytaknyga.lt\/knygu-parduotuve\/\"},{\"@type\":\"ListItem\",\"position\":3,\"name\":\"Vilniaus bomberio i\u0161pa\u017eintis (yra skaitymo \u017eymi\u0173)\"}]},{\"@type\":\"WebSite\",\"@id\":\"https:\/\/skaitytaknyga.lt\/#website\",\"url\":\"https:\/\/skaitytaknyga.lt\/\",\"name\":\"skaitytaknyga.lt\",\"description\":\"Skaitytaknyga.lt \u2013 tai ma\u017eas \u0161eimos verslas, kuris prasid\u0117jo nuo meil\u0117s knygoms ir siekio i\u0161gelb\u0117ti knygas nuo likimo prie konteinerio. Kas vienam nereikalingas daiktas \u2013 kitam lobis, o mes esame tarpininkai, kurie padeda abiems tapti laimingesniems ???? \u017dinome kaip nelengva i\u0161gyventi ma\u017eiems verslams, tad nuo \u0161iol, \u010dia rasite ir kit\u0173, ma\u017e\u0173 \u0161eim\u0173 versl\u0173, rank\u0173 darbo, dovan\u0173 sau ir artimiesiems.\",\"publisher\":{\"@id\":\"https:\/\/skaitytaknyga.lt\/#organization\"},\"potentialAction\":[{\"@type\":\"SearchAction\",\"target\":{\"@type\":\"EntryPoint\",\"urlTemplate\":\"https:\/\/skaitytaknyga.lt\/?s={search_term_string}\"},\"query-input\":{\"@type\":\"PropertyValueSpecification\",\"valueRequired\":true,\"valueName\":\"search_term_string\"}}],\"inLanguage\":\"en-GB\"},{\"@type\":\"Organization\",\"@id\":\"https:\/\/skaitytaknyga.lt\/#organization\",\"name\":\"skaitytaknyga.lt\",\"url\":\"https:\/\/skaitytaknyga.lt\/\",\"logo\":{\"@type\":\"ImageObject\",\"inLanguage\":\"en-GB\",\"@id\":\"https:\/\/skaitytaknyga.lt\/#\/schema\/logo\/image\/\",\"url\":\"https:\/\/skaitytaknyga.lt\/wp-content\/uploads\/2024\/05\/cropped-cropped-cropped-02_00843_jt3bggkj1j3HLc7SyY6rEUpg.jpeg\",\"contentUrl\":\"https:\/\/skaitytaknyga.lt\/wp-content\/uploads\/2024\/05\/cropped-cropped-cropped-02_00843_jt3bggkj1j3HLc7SyY6rEUpg.jpeg\",\"width\":1600,\"height\":1600,\"caption\":\"skaitytaknyga.lt\"},\"image\":{\"@id\":\"https:\/\/skaitytaknyga.lt\/#\/schema\/logo\/image\/\"},\"sameAs\":[\"https:\/\/www.facebook.com\/skaitytaknyga\/\"]}]}<\/script>\n<!-- \/ Yoast SEO plugin. -->","yoast_head_json":{"title":"Vilniaus bomberio i\u0161pa\u017eintis (yra skaitymo \u017eymi\u0173)","description":"\u201eJeigu skai\u010diuotume ir t\u0105 pirm\u0105 nusikaltim\u0105, kur\u012f padariau b\u016bdamas nepilnametis, i\u0161 viso bus keturiolika. Bet tai kartu su bendrininku pa\u0117mus. A\u0161","robots":{"index":"index","follow":"follow","max-snippet":"max-snippet:-1","max-image-preview":"max-image-preview:large","max-video-preview":"max-video-preview:-1"},"canonical":"https:\/\/skaitytaknyga.lt\/en\/produktas\/vilniaus-bomberio-ispazintis-yra-skaitymo-zymiu\/","og_locale":"en_GB","og_type":"article","og_title":"[:lt]Vilniaus bomberio i\u0161pa\u017eintis (yra skaitymo \u017eymi\u0173)[:] - Skaitytaknyga","og_description":"\u201eJeigu skai\u010diuotume ir t\u0105 pirm\u0105 nusikaltim\u0105, kur\u012f padariau b\u016bdamas nepilnametis, i\u0161 viso bus keturiolika. Bet tai kartu su bendrininku pa\u0117mus. A\u0161","og_url":"https:\/\/skaitytaknyga.lt\/en\/produktas\/vilniaus-bomberio-ispazintis-yra-skaitymo-zymiu\/","og_site_name":"Skaitytaknyga","article_publisher":"https:\/\/www.facebook.com\/skaitytaknyga\/","article_modified_time":"2024-11-17T14:09:44+00:00","og_image":[{"width":565,"height":800,"url":"https:\/\/skaitytaknyga.lt\/wp-content\/uploads\/2024\/11\/Vilniaus-bomberio-ispazintis.webp","type":"image\/webp"}],"twitter_card":"summary_large_image","twitter_misc":{"Estimated reading time":"2 minutes"},"schema":{"@context":"https:\/\/schema.org","@graph":[{"@type":"WebPage","@id":"https:\/\/skaitytaknyga.lt\/produktas\/vilniaus-bomberio-ispazintis-yra-skaitymo-zymiu\/","url":"https:\/\/skaitytaknyga.lt\/produktas\/vilniaus-bomberio-ispazintis-yra-skaitymo-zymiu\/","name":"Vilniaus bomberio i\u0161pa\u017eintis (yra skaitymo \u017eymi\u0173)","isPartOf":{"@id":"https:\/\/skaitytaknyga.lt\/#website"},"primaryImageOfPage":{"@id":"https:\/\/skaitytaknyga.lt\/produktas\/vilniaus-bomberio-ispazintis-yra-skaitymo-zymiu\/#primaryimage"},"image":{"@id":"https:\/\/skaitytaknyga.lt\/produktas\/vilniaus-bomberio-ispazintis-yra-skaitymo-zymiu\/#primaryimage"},"thumbnailUrl":"https:\/\/skaitytaknyga.lt\/wp-content\/uploads\/2024\/11\/Vilniaus-bomberio-ispazintis.webp","datePublished":"2024-11-17T13:44:56+00:00","dateModified":"2024-11-17T14:09:44+00:00","description":"\u201eJeigu skai\u010diuotume ir t\u0105 pirm\u0105 nusikaltim\u0105, kur\u012f padariau b\u016bdamas nepilnametis, i\u0161 viso bus keturiolika. Bet tai kartu su bendrininku pa\u0117mus. A\u0161","breadcrumb":{"@id":"https:\/\/skaitytaknyga.lt\/produktas\/vilniaus-bomberio-ispazintis-yra-skaitymo-zymiu\/#breadcrumb"},"inLanguage":"en-GB","potentialAction":[{"@type":"ReadAction","target":["https:\/\/skaitytaknyga.lt\/produktas\/vilniaus-bomberio-ispazintis-yra-skaitymo-zymiu\/"]}]},{"@type":"ImageObject","inLanguage":"en-GB","@id":"https:\/\/skaitytaknyga.lt\/produktas\/vilniaus-bomberio-ispazintis-yra-skaitymo-zymiu\/#primaryimage","url":"https:\/\/skaitytaknyga.lt\/wp-content\/uploads\/2024\/11\/Vilniaus-bomberio-ispazintis.webp","contentUrl":"https:\/\/skaitytaknyga.lt\/wp-content\/uploads\/2024\/11\/Vilniaus-bomberio-ispazintis.webp","width":565,"height":800,"caption":"Vilniaus bomberio i\u0161pa\u017eintis (yra skaitymo \u017eymi\u0173)"},{"@type":"BreadcrumbList","@id":"https:\/\/skaitytaknyga.lt\/produktas\/vilniaus-bomberio-ispazintis-yra-skaitymo-zymiu\/#breadcrumb","itemListElement":[{"@type":"ListItem","position":1,"name":"Home","item":"https:\/\/skaitytaknyga.lt\/"},{"@type":"ListItem","position":2,"name":"Parduotuv\u0117","item":"https:\/\/skaitytaknyga.lt\/knygu-parduotuve\/"},{"@type":"ListItem","position":3,"name":"Vilniaus bomberio i\u0161pa\u017eintis (yra skaitymo \u017eymi\u0173)"}]},{"@type":"WebSite","@id":"https:\/\/skaitytaknyga.lt\/#website","url":"https:\/\/skaitytaknyga.lt\/","name":"skaitytaknyga.lt","description":"Skaitytaknyga.lt \u2013 tai ma\u017eas \u0161eimos verslas, kuris prasid\u0117jo nuo meil\u0117s knygoms ir siekio i\u0161gelb\u0117ti knygas nuo likimo prie konteinerio. Kas vienam nereikalingas daiktas \u2013 kitam lobis, o mes esame tarpininkai, kurie padeda abiems tapti laimingesniems ???? \u017dinome kaip nelengva i\u0161gyventi ma\u017eiems verslams, tad nuo \u0161iol, \u010dia rasite ir kit\u0173, ma\u017e\u0173 \u0161eim\u0173 versl\u0173, rank\u0173 darbo, dovan\u0173 sau ir artimiesiems.","publisher":{"@id":"https:\/\/skaitytaknyga.lt\/#organization"},"potentialAction":[{"@type":"SearchAction","target":{"@type":"EntryPoint","urlTemplate":"https:\/\/skaitytaknyga.lt\/?s={search_term_string}"},"query-input":{"@type":"PropertyValueSpecification","valueRequired":true,"valueName":"search_term_string"}}],"inLanguage":"en-GB"},{"@type":"Organization","@id":"https:\/\/skaitytaknyga.lt\/#organization","name":"skaitytaknyga.lt","url":"https:\/\/skaitytaknyga.lt\/","logo":{"@type":"ImageObject","inLanguage":"en-GB","@id":"https:\/\/skaitytaknyga.lt\/#\/schema\/logo\/image\/","url":"https:\/\/skaitytaknyga.lt\/wp-content\/uploads\/2024\/05\/cropped-cropped-cropped-02_00843_jt3bggkj1j3HLc7SyY6rEUpg.jpeg","contentUrl":"https:\/\/skaitytaknyga.lt\/wp-content\/uploads\/2024\/05\/cropped-cropped-cropped-02_00843_jt3bggkj1j3HLc7SyY6rEUpg.jpeg","width":1600,"height":1600,"caption":"skaitytaknyga.lt"},"image":{"@id":"https:\/\/skaitytaknyga.lt\/#\/schema\/logo\/image\/"},"sameAs":["https:\/\/www.facebook.com\/skaitytaknyga\/"]}]}},"_links":{"self":[{"href":"https:\/\/skaitytaknyga.lt\/en\/wp-json\/wp\/v2\/product\/14655","targetHints":{"allow":["GET"]}}],"collection":[{"href":"https:\/\/skaitytaknyga.lt\/en\/wp-json\/wp\/v2\/product"}],"about":[{"href":"https:\/\/skaitytaknyga.lt\/en\/wp-json\/wp\/v2\/types\/product"}],"replies":[{"embeddable":true,"href":"https:\/\/skaitytaknyga.lt\/en\/wp-json\/wp\/v2\/comments?post=14655"}],"wp:featuredmedia":[{"embeddable":true,"href":"https:\/\/skaitytaknyga.lt\/en\/wp-json\/wp\/v2\/media\/14672"}],"wp:attachment":[{"href":"https:\/\/skaitytaknyga.lt\/en\/wp-json\/wp\/v2\/media?parent=14655"}],"wp:term":[{"taxonomy":"product_brand","embeddable":true,"href":"https:\/\/skaitytaknyga.lt\/en\/wp-json\/wp\/v2\/product_brand?post=14655"},{"taxonomy":"product_cat","embeddable":true,"href":"https:\/\/skaitytaknyga.lt\/en\/wp-json\/wp\/v2\/product_cat?post=14655"},{"taxonomy":"product_tag","embeddable":true,"href":"https:\/\/skaitytaknyga.lt\/en\/wp-json\/wp\/v2\/product_tag?post=14655"}],"curies":[{"name":"wp","href":"https:\/\/api.w.org\/{rel}","templated":true}]}}