{"id":14630,"date":"2024-11-17T11:19:58","date_gmt":"2024-11-17T09:19:58","guid":{"rendered":"https:\/\/skaitytaknyga.lt\/?post_type=product&#038;p=14630"},"modified":"2026-03-05T15:13:14","modified_gmt":"2026-03-05T13:13:14","slug":"paskutinis-noras-raganius-1-dalis","status":"publish","type":"product","link":"https:\/\/skaitytaknyga.lt\/en\/produktas\/paskutinis-noras-raganius-1-dalis\/","title":{"rendered":"Paskutinis noras. Raganius. 1 dalis"},"content":{"rendered":"<p>Knyg\u0173 serijos\u00a0<strong>\u201eRaganius&#8221;<\/strong>\u00a0autorius\u00a0<strong>Andrzej Sapkowski<\/strong>\u00a0gim\u0117 Lenkijoje 1948 m. I\u0161gars\u0117j\u0119s dar pirmu apsakymu\u00a0<strong>\u201eRaganius&#8221;,<\/strong>\u00a0jis para\u0161\u0117 vis\u0105 istorij\u0173 apie ragani\u0173 cikl\u0105 \u2013 tris apsakym\u0173 rinkinius ir penkis romanus, jie i\u0161versti \u012f daugel\u012f kalb\u0173. 2007 m. pagal<strong>\u00a0\u201eRaganiaus&#8221;<\/strong>\u00a0cikl\u0105 sukurtas kompiuterinis \u017eaidimas The Witcher sulauk\u0117 pasaulinio pasisekimo. 2016 m.\u00a0<strong>Andrzej Sapkowski<\/strong>\u00a0gavo Pasaulin\u012f fantastikos \u017eanro (World Fantasy Award) apdovanojim\u0105 u\u017e gyvenimo nuopelnus.<\/p>\n<p>\u017dmon\u0117ms patinka i\u0161sigalvoti bjaurybes ir bjaurumus. Tada patys sau atrodo nebe tokie bjaur\u016bs.<\/p>\n<p>Andrzej Sapkowski<\/p>\n<p><strong>\u201eRaganius&#8221;<\/strong>\u00a0\u2013 magin\u0117s fantastikos apsakym\u0173 romanas apie ragani\u0173 Geralt\u0105 i\u0161 Rivijos. Geraltas \u2013 profesionalas, turintis magi\u0161k\u0105 medalion\u0105, raganiaus tikslas \u2013 sunaikinti pasaulyje t\u016bnant\u012f blog\u012f. Ta\u010diau ne viskas, kas slypi tamsoje, yra blogas, ir ne kiekvienas, kas atrodo gerai, \u2013 siekia g\u0117rio.<\/p>\n<p><strong>\u201ePaskutinis noras&#8221;<\/strong>\u00a0\u2013 pirmoji ciklo knyga apie ragani\u0173 Geralt\u0105 i\u0161 Rivijos. At\u0117jo siaubingi laikai, aplinkui siaut\u0117ja pabaisos ir ne paprasto burtininko j\u0117goms blog\u012f \u012fveikti, reikia profesionalo, meistri\u0161kai \u012fvald\u017eiusio magij\u0105 ir kalavij\u0105. Geraltas yra vienintelis, kuris gali visus i\u0161gelb\u0117ti.<\/p>\n<p>Vaizdinga, i\u0161radinga ir kupina humoro, net ironijos knyga u\u017eburs ne tik magin\u0117s fantastikos skaitytojus.<\/p>\n<ul class=\"about-product d-none d-xl-block mt-4\">\n<li><strong>Originalus pavadinimas:<\/strong>\u00a0Ostatnie \u017cyczenie<\/li>\n<li><strong>Autorius:<\/strong>\u00a0Andrzej Sapkowski<\/li>\n<li><strong>Leid\u0117jas:<\/strong>\u00a0Alma littera<\/li>\n<li><strong>Metai:<\/strong>\u00a02021<\/li>\n<li><strong>Puslapiai:<\/strong>\u00a0336<\/li>\n<li class=\"toggleable type-new-formats \"><strong>ISBN:<\/strong>\u00a09786090128275<\/li>\n<li><strong>Versijos kodas:<\/strong>\u00a0PT.<\/li>\n<li class=\"toggleable type-new-formats \"><strong>Formatas:<\/strong>\u00a014,3 x 23,5 x 2,8 cm, kieti vir\u0161eliai<\/li>\n<li><strong>Kalba:<\/strong>\u00a0Lietuvi\u0173<\/li>\n<li><strong>Vert\u0117jas:<\/strong>\u00a0Vidas Mork\u016bnas<\/li>\n<li><strong>Knyg\u0173 serija:<\/strong>\u00a0Raganius. Witcher<\/li>\n<\/ul>\n","protected":false},"excerpt":{"rendered":"<p>Knyg\u0173 serijos\u00a0\u201eRaganius&#8221;\u00a0autorius\u00a0Andrzej Sapkowski\u00a0gim\u0117 Lenkijoje 1948 m. I\u0161gars\u0117j\u0119s dar pirmu apsakymu\u00a0\u201eRaganius&#8221;,\u00a0jis para\u0161\u0117 vis\u0105 istorij\u0173 apie ragani\u0173 cikl\u0105 \u2013 tris apsakym\u0173 rinkinius ir penkis romanus, jie i\u0161versti \u012f daugel\u012f kalb\u0173. 2007 m. pagal\u00a0\u201eRaganiaus&#8221;\u00a0cikl\u0105 sukurtas kompiuterinis \u017eaidimas The Witcher sulauk\u0117 pasaulinio pasisekimo. 2016 m.\u00a0Andrzej Sapkowski\u00a0gavo Pasaulin\u012f fantastikos \u017eanro (World Fantasy Award) apdovanojim\u0105 u\u017e gyvenimo nuopelnus. \u017dmon\u0117ms patinka i\u0161sigalvoti bjaurybes ir bjaurumus. Tada patys sau atrodo nebe tokie bjaur\u016bs. Andrzej Sapkowski \u201eRaganius&#8221;\u00a0\u2013 magin\u0117s fantastikos apsakym\u0173 romanas apie ragani\u0173 Geralt\u0105 i\u0161 Rivijos. Geraltas \u2013 profesionalas, turintis magi\u0161k\u0105 medalion\u0105, raganiaus tikslas \u2013 sunaikinti pasaulyje t\u016bnant\u012f blog\u012f. Ta\u010diau ne viskas, kas slypi tamsoje, yra blogas, ir ne kiekvienas, kas atrodo gerai, \u2013 siekia g\u0117rio. \u201ePaskutinis noras&#8221;\u00a0\u2013 pirmoji ciklo knyga apie ragani\u0173 Geralt\u0105 i\u0161 Rivijos. At\u0117jo siaubingi laikai, aplinkui siaut\u0117ja pabaisos ir ne paprasto burtininko j\u0117goms blog\u012f \u012fveikti, reikia profesionalo, meistri\u0161kai \u012fvald\u017eiusio magij\u0105 ir kalavij\u0105. Geraltas yra vienintelis, kuris gali visus i\u0161gelb\u0117ti. Vaizdinga, i\u0161radinga ir kupina humoro, net ironijos knyga u\u017eburs ne tik magin\u0117s fantastikos skaitytojus. Originalus pavadinimas:\u00a0Ostatnie \u017cyczenie Autorius:\u00a0Andrzej Sapkowski Leid\u0117jas:\u00a0Alma littera Metai:\u00a02021 Puslapiai:\u00a0336 ISBN:\u00a09786090128275 Versijos kodas:\u00a0PT. Formatas:\u00a014,3 x 23,5 x 2,8 cm, kieti vir\u0161eliai Kalba:\u00a0Lietuvi\u0173 Vert\u0117jas:\u00a0Vidas Mork\u016bnas Knyg\u0173 serija:\u00a0Raganius. Witcher<\/p>\n","protected":false},"featured_media":14648,"comment_status":"open","ping_status":"closed","template":"","meta":{"_acf_changed":false,"site-sidebar-layout":"default","site-content-layout":"","ast-site-content-layout":"default","site-content-style":"default","site-sidebar-style":"default","ast-global-header-display":"","ast-banner-title-visibility":"","ast-main-header-display":"","ast-hfb-above-header-display":"","ast-hfb-below-header-display":"","ast-hfb-mobile-header-display":"","site-post-title":"","ast-breadcrumbs-content":"","ast-featured-img":"","footer-sml-layout":"","ast-disable-related-posts":"","theme-transparent-header-meta":"default","adv-header-id-meta":"","stick-header-meta":"","header-above-stick-meta":"","header-main-stick-meta":"","header-below-stick-meta":"","astra-migrate-meta-layouts":"set","ast-page-background-enabled":"default","ast-page-background-meta":{"desktop":{"background-color":"","background-image":"","background-repeat":"repeat","background-position":"center center","background-size":"auto","background-attachment":"scroll","background-type":"","background-media":"","overlay-type":"","overlay-color":"","overlay-opacity":"","overlay-gradient":""},"tablet":{"background-color":"","background-image":"","background-repeat":"repeat","background-position":"center center","background-size":"auto","background-attachment":"scroll","background-type":"","background-media":"","overlay-type":"","overlay-color":"","overlay-opacity":"","overlay-gradient":""},"mobile":{"background-color":"","background-image":"","background-repeat":"repeat","background-position":"center center","background-size":"auto","background-attachment":"scroll","background-type":"","background-media":"","overlay-type":"","overlay-color":"","overlay-opacity":"","overlay-gradient":""}},"ast-content-background-meta":{"desktop":{"background-color":"var(--ast-global-color-4)","background-image":"","background-repeat":"repeat","background-position":"center center","background-size":"auto","background-attachment":"scroll","background-type":"","background-media":"","overlay-type":"","overlay-color":"","overlay-opacity":"","overlay-gradient":""},"tablet":{"background-color":"var(--ast-global-color-4)","background-image":"","background-repeat":"repeat","background-position":"center center","background-size":"auto","background-attachment":"scroll","background-type":"","background-media":"","overlay-type":"","overlay-color":"","overlay-opacity":"","overlay-gradient":""},"mobile":{"background-color":"var(--ast-global-color-4)","background-image":"","background-repeat":"repeat","background-position":"center center","background-size":"auto","background-attachment":"scroll","background-type":"","background-media":"","overlay-type":"","overlay-color":"","overlay-opacity":"","overlay-gradient":""}}},"product_brand":[],"product_cat":[15],"product_tag":[],"class_list":{"0":"post-14630","1":"product","2":"type-product","3":"status-publish","4":"has-post-thumbnail","6":"product_cat-uncategorized","7":"desktop-align-left","8":"tablet-align-left","9":"mobile-align-left","11":"first","12":"outofstock","13":"shipping-taxable","14":"purchasable","15":"product-type-simple"},"acf":[],"yoast_head":"<!-- This site is optimized with the Yoast SEO plugin v27.4 - https:\/\/yoast.com\/product\/yoast-seo-wordpress\/ -->\n<title>Paskutinis noras. Raganius. 1 dalis<\/title>\n<meta name=\"description\" content=\"Knyg\u0173 serijos\u00a0\u201eRaganius&quot;\u00a0autorius\u00a0Andrzej Sapkowski\u00a0gim\u0117 Lenkijoje 1948 m. I\u0161gars\u0117j\u0119s dar pirmu apsakymu\u00a0\u201eRaganius&quot;,\u00a0jis para\u0161\u0117 vis\u0105 istorij\u0173 apie ragani\u0173\" \/>\n<meta name=\"robots\" content=\"index, follow, max-snippet:-1, max-image-preview:large, max-video-preview:-1\" \/>\n<link rel=\"canonical\" href=\"https:\/\/skaitytaknyga.lt\/en\/produktas\/paskutinis-noras-raganius-1-dalis\/\" \/>\n<meta property=\"og:locale\" content=\"en_GB\" \/>\n<meta property=\"og:locale:alternate\" content=\"lt_LT\" \/>\n<meta property=\"og:type\" content=\"article\" \/>\n<meta property=\"og:title\" content=\"Paskutinis noras. Raganius. 1 dalis\" \/>\n<meta property=\"og:description\" content=\"Knyg\u0173 serijos\u00a0\u201eRaganius&quot;\u00a0autorius\u00a0Andrzej Sapkowski\u00a0gim\u0117 Lenkijoje 1948 m. I\u0161gars\u0117j\u0119s dar pirmu apsakymu\u00a0\u201eRaganius&quot;,\u00a0jis para\u0161\u0117 vis\u0105 istorij\u0173 apie ragani\u0173\" \/>\n<meta property=\"og:url\" content=\"https:\/\/skaitytaknyga.lt\/en\/produktas\/paskutinis-noras-raganius-1-dalis\/\" \/>\n<meta property=\"og:site_name\" content=\"Skaitytaknyga\" \/>\n<meta property=\"article:publisher\" content=\"https:\/\/www.facebook.com\/skaitytaknyga\/\" \/>\n<meta property=\"article:modified_time\" content=\"2026-03-05T13:13:14+00:00\" \/>\n<meta property=\"og:image\" content=\"https:\/\/skaitytaknyga.lt\/wp-content\/uploads\/2024\/11\/Paskutinis-noras.-Raganius.-1-dalis.webp\" \/>\n\t<meta property=\"og:image:width\" content=\"285\" \/>\n\t<meta property=\"og:image:height\" content=\"467\" \/>\n\t<meta property=\"og:image:type\" content=\"image\/webp\" \/>\n<meta name=\"twitter:card\" content=\"summary_large_image\" \/>\n<meta name=\"twitter:label1\" content=\"Estimated reading time\" \/>\n\t<meta name=\"twitter:data1\" content=\"2 minutes\" \/>\n<script type=\"application\/ld+json\" class=\"yoast-schema-graph\">{\"@context\":\"https:\\\/\\\/schema.org\",\"@graph\":[{\"@type\":\"WebPage\",\"@id\":\"https:\\\/\\\/skaitytaknyga.lt\\\/produktas\\\/paskutinis-noras-raganius-1-dalis\\\/\",\"url\":\"https:\\\/\\\/skaitytaknyga.lt\\\/produktas\\\/paskutinis-noras-raganius-1-dalis\\\/\",\"name\":\"Paskutinis noras. Raganius. 1 dalis\",\"isPartOf\":{\"@id\":\"https:\\\/\\\/skaitytaknyga.lt\\\/#website\"},\"primaryImageOfPage\":{\"@id\":\"https:\\\/\\\/skaitytaknyga.lt\\\/produktas\\\/paskutinis-noras-raganius-1-dalis\\\/#primaryimage\"},\"image\":{\"@id\":\"https:\\\/\\\/skaitytaknyga.lt\\\/produktas\\\/paskutinis-noras-raganius-1-dalis\\\/#primaryimage\"},\"thumbnailUrl\":\"https:\\\/\\\/skaitytaknyga.lt\\\/wp-content\\\/uploads\\\/2024\\\/11\\\/Paskutinis-noras.-Raganius.-1-dalis.webp\",\"datePublished\":\"2024-11-17T09:19:58+00:00\",\"dateModified\":\"2026-03-05T13:13:14+00:00\",\"description\":\"Knyg\u0173 serijos\u00a0\u201eRaganius\\\"\u00a0autorius\u00a0Andrzej Sapkowski\u00a0gim\u0117 Lenkijoje 1948 m. I\u0161gars\u0117j\u0119s dar pirmu apsakymu\u00a0\u201eRaganius\\\",\u00a0jis para\u0161\u0117 vis\u0105 istorij\u0173 apie ragani\u0173\",\"breadcrumb\":{\"@id\":\"https:\\\/\\\/skaitytaknyga.lt\\\/produktas\\\/paskutinis-noras-raganius-1-dalis\\\/#breadcrumb\"},\"inLanguage\":\"en-GB\",\"potentialAction\":[{\"@type\":\"ReadAction\",\"target\":[\"https:\\\/\\\/skaitytaknyga.lt\\\/produktas\\\/paskutinis-noras-raganius-1-dalis\\\/\"]}]},{\"@type\":\"ImageObject\",\"inLanguage\":\"en-GB\",\"@id\":\"https:\\\/\\\/skaitytaknyga.lt\\\/produktas\\\/paskutinis-noras-raganius-1-dalis\\\/#primaryimage\",\"url\":\"https:\\\/\\\/skaitytaknyga.lt\\\/wp-content\\\/uploads\\\/2024\\\/11\\\/Paskutinis-noras.-Raganius.-1-dalis.webp\",\"contentUrl\":\"https:\\\/\\\/skaitytaknyga.lt\\\/wp-content\\\/uploads\\\/2024\\\/11\\\/Paskutinis-noras.-Raganius.-1-dalis.webp\",\"width\":285,\"height\":467,\"caption\":\"Paskutinis noras. Raganius. 1 dalis\"},{\"@type\":\"BreadcrumbList\",\"@id\":\"https:\\\/\\\/skaitytaknyga.lt\\\/produktas\\\/paskutinis-noras-raganius-1-dalis\\\/#breadcrumb\",\"itemListElement\":[{\"@type\":\"ListItem\",\"position\":1,\"name\":\"Home\",\"item\":\"https:\\\/\\\/skaitytaknyga.lt\\\/\"},{\"@type\":\"ListItem\",\"position\":2,\"name\":\"Parduotuv\u0117\",\"item\":\"https:\\\/\\\/skaitytaknyga.lt\\\/knygu-parduotuve\\\/\"},{\"@type\":\"ListItem\",\"position\":3,\"name\":\"Paskutinis noras. Raganius. 1 dalis\"}]},{\"@type\":\"WebSite\",\"@id\":\"https:\\\/\\\/skaitytaknyga.lt\\\/#website\",\"url\":\"https:\\\/\\\/skaitytaknyga.lt\\\/\",\"name\":\"skaitytaknyga.lt\",\"description\":\"Skaitytaknyga.lt \u2013 tai ma\u017eas \u0161eimos verslas, kuris prasid\u0117jo nuo meil\u0117s knygoms ir siekio i\u0161gelb\u0117ti knygas nuo likimo prie konteinerio. Kas vienam nereikalingas daiktas \u2013 kitam lobis, o mes esame tarpininkai, kurie padeda abiems tapti laimingesniems ???? \u017dinome kaip nelengva i\u0161gyventi ma\u017eiems verslams, tad nuo \u0161iol, \u010dia rasite ir kit\u0173, ma\u017e\u0173 \u0161eim\u0173 versl\u0173, rank\u0173 darbo, dovan\u0173 sau ir artimiesiems.\",\"publisher\":{\"@id\":\"https:\\\/\\\/skaitytaknyga.lt\\\/#organization\"},\"potentialAction\":[{\"@type\":\"SearchAction\",\"target\":{\"@type\":\"EntryPoint\",\"urlTemplate\":\"https:\\\/\\\/skaitytaknyga.lt\\\/?s={search_term_string}\"},\"query-input\":{\"@type\":\"PropertyValueSpecification\",\"valueRequired\":true,\"valueName\":\"search_term_string\"}}],\"inLanguage\":\"en-GB\"},{\"@type\":\"Organization\",\"@id\":\"https:\\\/\\\/skaitytaknyga.lt\\\/#organization\",\"name\":\"skaitytaknyga.lt\",\"url\":\"https:\\\/\\\/skaitytaknyga.lt\\\/\",\"logo\":{\"@type\":\"ImageObject\",\"inLanguage\":\"en-GB\",\"@id\":\"https:\\\/\\\/skaitytaknyga.lt\\\/#\\\/schema\\\/logo\\\/image\\\/\",\"url\":\"https:\\\/\\\/skaitytaknyga.lt\\\/wp-content\\\/uploads\\\/2024\\\/05\\\/cropped-cropped-cropped-02_00843_jt3bggkj1j3HLc7SyY6rEUpg.jpeg\",\"contentUrl\":\"https:\\\/\\\/skaitytaknyga.lt\\\/wp-content\\\/uploads\\\/2024\\\/05\\\/cropped-cropped-cropped-02_00843_jt3bggkj1j3HLc7SyY6rEUpg.jpeg\",\"width\":1600,\"height\":1600,\"caption\":\"skaitytaknyga.lt\"},\"image\":{\"@id\":\"https:\\\/\\\/skaitytaknyga.lt\\\/#\\\/schema\\\/logo\\\/image\\\/\"},\"sameAs\":[\"https:\\\/\\\/www.facebook.com\\\/skaitytaknyga\\\/\"]}]}<\/script>\n<!-- \/ Yoast SEO plugin. -->","yoast_head_json":{"title":"Paskutinis noras. Raganius. 1 dalis","description":"Knyg\u0173 serijos\u00a0\u201eRaganius\"\u00a0autorius\u00a0Andrzej Sapkowski\u00a0gim\u0117 Lenkijoje 1948 m. I\u0161gars\u0117j\u0119s dar pirmu apsakymu\u00a0\u201eRaganius\",\u00a0jis para\u0161\u0117 vis\u0105 istorij\u0173 apie ragani\u0173","robots":{"index":"index","follow":"follow","max-snippet":"max-snippet:-1","max-image-preview":"max-image-preview:large","max-video-preview":"max-video-preview:-1"},"canonical":"https:\/\/skaitytaknyga.lt\/en\/produktas\/paskutinis-noras-raganius-1-dalis\/","og_locale":"en_GB","og_type":"article","og_title":"[:lt]Paskutinis noras. Raganius. 1 dalis[:] - Skaitytaknyga","og_description":"Knyg\u0173 serijos\u00a0\u201eRaganius\"\u00a0autorius\u00a0Andrzej Sapkowski\u00a0gim\u0117 Lenkijoje 1948 m. I\u0161gars\u0117j\u0119s dar pirmu apsakymu\u00a0\u201eRaganius\",\u00a0jis para\u0161\u0117 vis\u0105 istorij\u0173 apie ragani\u0173","og_url":"https:\/\/skaitytaknyga.lt\/en\/produktas\/paskutinis-noras-raganius-1-dalis\/","og_site_name":"Skaitytaknyga","article_publisher":"https:\/\/www.facebook.com\/skaitytaknyga\/","article_modified_time":"2026-03-05T13:13:14+00:00","og_image":[{"width":285,"height":467,"url":"https:\/\/skaitytaknyga.lt\/wp-content\/uploads\/2024\/11\/Paskutinis-noras.-Raganius.-1-dalis.webp","type":"image\/webp"}],"twitter_card":"summary_large_image","twitter_misc":{"Estimated reading time":"2 minutes"},"schema":{"@context":"https:\/\/schema.org","@graph":[{"@type":"WebPage","@id":"https:\/\/skaitytaknyga.lt\/produktas\/paskutinis-noras-raganius-1-dalis\/","url":"https:\/\/skaitytaknyga.lt\/produktas\/paskutinis-noras-raganius-1-dalis\/","name":"Paskutinis noras. Raganius. 1 dalis","isPartOf":{"@id":"https:\/\/skaitytaknyga.lt\/#website"},"primaryImageOfPage":{"@id":"https:\/\/skaitytaknyga.lt\/produktas\/paskutinis-noras-raganius-1-dalis\/#primaryimage"},"image":{"@id":"https:\/\/skaitytaknyga.lt\/produktas\/paskutinis-noras-raganius-1-dalis\/#primaryimage"},"thumbnailUrl":"https:\/\/skaitytaknyga.lt\/wp-content\/uploads\/2024\/11\/Paskutinis-noras.-Raganius.-1-dalis.webp","datePublished":"2024-11-17T09:19:58+00:00","dateModified":"2026-03-05T13:13:14+00:00","description":"Knyg\u0173 serijos\u00a0\u201eRaganius\"\u00a0autorius\u00a0Andrzej Sapkowski\u00a0gim\u0117 Lenkijoje 1948 m. I\u0161gars\u0117j\u0119s dar pirmu apsakymu\u00a0\u201eRaganius\",\u00a0jis para\u0161\u0117 vis\u0105 istorij\u0173 apie ragani\u0173","breadcrumb":{"@id":"https:\/\/skaitytaknyga.lt\/produktas\/paskutinis-noras-raganius-1-dalis\/#breadcrumb"},"inLanguage":"en-GB","potentialAction":[{"@type":"ReadAction","target":["https:\/\/skaitytaknyga.lt\/produktas\/paskutinis-noras-raganius-1-dalis\/"]}]},{"@type":"ImageObject","inLanguage":"en-GB","@id":"https:\/\/skaitytaknyga.lt\/produktas\/paskutinis-noras-raganius-1-dalis\/#primaryimage","url":"https:\/\/skaitytaknyga.lt\/wp-content\/uploads\/2024\/11\/Paskutinis-noras.-Raganius.-1-dalis.webp","contentUrl":"https:\/\/skaitytaknyga.lt\/wp-content\/uploads\/2024\/11\/Paskutinis-noras.-Raganius.-1-dalis.webp","width":285,"height":467,"caption":"Paskutinis noras. Raganius. 1 dalis"},{"@type":"BreadcrumbList","@id":"https:\/\/skaitytaknyga.lt\/produktas\/paskutinis-noras-raganius-1-dalis\/#breadcrumb","itemListElement":[{"@type":"ListItem","position":1,"name":"Home","item":"https:\/\/skaitytaknyga.lt\/"},{"@type":"ListItem","position":2,"name":"Parduotuv\u0117","item":"https:\/\/skaitytaknyga.lt\/knygu-parduotuve\/"},{"@type":"ListItem","position":3,"name":"Paskutinis noras. Raganius. 1 dalis"}]},{"@type":"WebSite","@id":"https:\/\/skaitytaknyga.lt\/#website","url":"https:\/\/skaitytaknyga.lt\/","name":"skaitytaknyga.lt","description":"Skaitytaknyga.lt \u2013 tai ma\u017eas \u0161eimos verslas, kuris prasid\u0117jo nuo meil\u0117s knygoms ir siekio i\u0161gelb\u0117ti knygas nuo likimo prie konteinerio. Kas vienam nereikalingas daiktas \u2013 kitam lobis, o mes esame tarpininkai, kurie padeda abiems tapti laimingesniems ???? \u017dinome kaip nelengva i\u0161gyventi ma\u017eiems verslams, tad nuo \u0161iol, \u010dia rasite ir kit\u0173, ma\u017e\u0173 \u0161eim\u0173 versl\u0173, rank\u0173 darbo, dovan\u0173 sau ir artimiesiems.","publisher":{"@id":"https:\/\/skaitytaknyga.lt\/#organization"},"potentialAction":[{"@type":"SearchAction","target":{"@type":"EntryPoint","urlTemplate":"https:\/\/skaitytaknyga.lt\/?s={search_term_string}"},"query-input":{"@type":"PropertyValueSpecification","valueRequired":true,"valueName":"search_term_string"}}],"inLanguage":"en-GB"},{"@type":"Organization","@id":"https:\/\/skaitytaknyga.lt\/#organization","name":"skaitytaknyga.lt","url":"https:\/\/skaitytaknyga.lt\/","logo":{"@type":"ImageObject","inLanguage":"en-GB","@id":"https:\/\/skaitytaknyga.lt\/#\/schema\/logo\/image\/","url":"https:\/\/skaitytaknyga.lt\/wp-content\/uploads\/2024\/05\/cropped-cropped-cropped-02_00843_jt3bggkj1j3HLc7SyY6rEUpg.jpeg","contentUrl":"https:\/\/skaitytaknyga.lt\/wp-content\/uploads\/2024\/05\/cropped-cropped-cropped-02_00843_jt3bggkj1j3HLc7SyY6rEUpg.jpeg","width":1600,"height":1600,"caption":"skaitytaknyga.lt"},"image":{"@id":"https:\/\/skaitytaknyga.lt\/#\/schema\/logo\/image\/"},"sameAs":["https:\/\/www.facebook.com\/skaitytaknyga\/"]}]}},"_links":{"self":[{"href":"https:\/\/skaitytaknyga.lt\/en\/wp-json\/wp\/v2\/product\/14630","targetHints":{"allow":["GET"]}}],"collection":[{"href":"https:\/\/skaitytaknyga.lt\/en\/wp-json\/wp\/v2\/product"}],"about":[{"href":"https:\/\/skaitytaknyga.lt\/en\/wp-json\/wp\/v2\/types\/product"}],"replies":[{"embeddable":true,"href":"https:\/\/skaitytaknyga.lt\/en\/wp-json\/wp\/v2\/comments?post=14630"}],"wp:featuredmedia":[{"embeddable":true,"href":"https:\/\/skaitytaknyga.lt\/en\/wp-json\/wp\/v2\/media\/14648"}],"wp:attachment":[{"href":"https:\/\/skaitytaknyga.lt\/en\/wp-json\/wp\/v2\/media?parent=14630"}],"wp:term":[{"taxonomy":"product_brand","embeddable":true,"href":"https:\/\/skaitytaknyga.lt\/en\/wp-json\/wp\/v2\/product_brand?post=14630"},{"taxonomy":"product_cat","embeddable":true,"href":"https:\/\/skaitytaknyga.lt\/en\/wp-json\/wp\/v2\/product_cat?post=14630"},{"taxonomy":"product_tag","embeddable":true,"href":"https:\/\/skaitytaknyga.lt\/en\/wp-json\/wp\/v2\/product_tag?post=14630"}],"curies":[{"name":"wp","href":"https:\/\/api.w.org\/{rel}","templated":true}]}}