{"id":14608,"date":"2024-11-12T13:46:01","date_gmt":"2024-11-12T11:46:01","guid":{"rendered":"https:\/\/skaitytaknyga.lt\/?post_type=product&#038;p=14608"},"modified":"2026-03-17T11:49:05","modified_gmt":"2026-03-17T09:49:05","slug":"seselis","status":"publish","type":"product","link":"https:\/\/skaitytaknyga.lt\/en\/produktas\/seselis\/","title":{"rendered":"\u0160e\u0161\u0117lis"},"content":{"rendered":"<p>Detektyvas \u201e\u0160e\u0161\u0117lis\u201c \u2013 tre\u010dioji pasakojim\u0173 apie August\u0105 Strindberg\u0105 serijos knyga (pirmoji, \u201eAudr\u0173 steb\u0117tojas\u201c, lietuvi\u0161kai pasirod\u0117 2022 m., antroji, \u201eLedlau\u017eis\u201c, \u2013 2023 m.). Pagrindiniai k\u016brinio veik\u0117jai \u2013 policijos detektyv\u0117 Marija Martinson ir buv\u0119s finansininkas Augustas Strindbergas, atsikraust\u0119s \u012f Huveneset\u0105 vakarin\u0117je \u0160vedijos pakrant\u0117je \u012fgyvendinti senos svajon\u0117s \u2013 atidaryti naudot\u0173 daikt\u0173 parduotuv\u0117s.<\/p>\n<p>Huvenesete plieskia vasaros saul\u0117, j\u016bros vanduo skais\u010diai \u017evilga, o Augustas Strindbergas ruo\u0161iasi surengti kepini\u0173 konkurs\u0105. Ta\u010diau idil\u0117 baigiasi \u2013 lyg nelaim\u0117s prana\u0161as atslenka tir\u0161tas r\u016bkas. Ir papl\u016bdimyje ant \u0161uoli\u0173 \u012f vanden\u012f bok\u0161telio randamas pakaruoklis. Augusto gyvenimo draug\u0117 policinink\u0117 Marija Martinson ir jos kolegos leid\u017eiasi \u012f tiesos paie\u0161kas. Kas tas vyras ir kokiais keliais atsid\u016br\u0117 Huvenesete? Tyrimo p\u0117dsakai atveda \u012f \u0161iurpi\u0105 1989 met\u0173 vasar\u0105, kai savo namuose Huvenesete buvo rasta nu\u017eudyta ir gabalais supjaustyta Lidija Broman.<\/p>\n<p>Ar tikrai t\u0105syk nuteistas tikrasis \u017eudikas ir kam yra pasiry\u017e\u0119 siekiantieji i\u0161saugoti praeities paslaptis?<\/p>\n<p>Tai tamsi\u0173 \u0161e\u0161\u0117li\u0173 ir \u0161viesios vilties kupinas pasakojimas apie t\u0117v\u0173 ir vaik\u0173 santykius, kov\u0105 su priklausomybe, savo \u0161akn\u0173 paie\u0161kas, senas nuod\u0117mes ir naujus nusikaltimus.<\/p>\n<ul class=\"about-product d-none d-xl-block mt-4\">\n<li><strong>Autorius:<\/strong>\u00a0Kristina Ohlsson<\/li>\n<li><strong>Leid\u0117jas:<\/strong>\u00a0Lietuvos ra\u0161ytoj\u0173 s\u0105jungos leidykla<\/li>\n<li><strong>Metai:<\/strong>\u00a02024<\/li>\n<li><strong>Puslapiai:<\/strong>\u00a0576<\/li>\n<li class=\"toggleable type-new-formats \"><strong>ISBN:<\/strong>\u00a09786094804021<\/li>\n<li><strong>Versijos kodas:<\/strong>\u00a08<\/li>\n<li class=\"toggleable type-new-formats \"><strong>Formatas:<\/strong>\u00a015,3 x 21,5 x 4,9 cm, kieti vir\u0161eliai<\/li>\n<li><strong>Kalba:<\/strong>\u00a0Lietuvi\u0173<\/li>\n<li><strong>Vert\u0117jas:<\/strong>\u00a0Mantas Karvelis<\/li>\n<\/ul>\n","protected":false},"excerpt":{"rendered":"<p>Detektyvas \u201e\u0160e\u0161\u0117lis\u201c \u2013 tre\u010dioji pasakojim\u0173 apie August\u0105 Strindberg\u0105 serijos knyga (pirmoji, \u201eAudr\u0173 steb\u0117tojas\u201c, lietuvi\u0161kai pasirod\u0117 2022 m., antroji, \u201eLedlau\u017eis\u201c, \u2013 2023 m.). Pagrindiniai k\u016brinio veik\u0117jai \u2013 policijos detektyv\u0117 Marija Martinson ir buv\u0119s finansininkas Augustas Strindbergas, atsikraust\u0119s \u012f Huveneset\u0105 vakarin\u0117je \u0160vedijos pakrant\u0117je \u012fgyvendinti senos svajon\u0117s \u2013 atidaryti naudot\u0173 daikt\u0173 parduotuv\u0117s. Huvenesete plieskia vasaros saul\u0117, j\u016bros vanduo skais\u010diai \u017evilga, o Augustas Strindbergas ruo\u0161iasi surengti kepini\u0173 konkurs\u0105. Ta\u010diau idil\u0117 baigiasi \u2013 lyg nelaim\u0117s prana\u0161as atslenka tir\u0161tas r\u016bkas. Ir papl\u016bdimyje ant \u0161uoli\u0173 \u012f vanden\u012f bok\u0161telio randamas pakaruoklis. Augusto gyvenimo draug\u0117 policinink\u0117 Marija Martinson ir jos kolegos leid\u017eiasi \u012f tiesos paie\u0161kas. Kas tas vyras ir kokiais keliais atsid\u016br\u0117 Huvenesete? Tyrimo p\u0117dsakai atveda \u012f \u0161iurpi\u0105 1989 met\u0173 vasar\u0105, kai savo namuose Huvenesete buvo rasta nu\u017eudyta ir gabalais supjaustyta Lidija Broman. Ar tikrai t\u0105syk nuteistas tikrasis \u017eudikas ir kam yra pasiry\u017e\u0119 siekiantieji i\u0161saugoti praeities paslaptis? Tai tamsi\u0173 \u0161e\u0161\u0117li\u0173 ir \u0161viesios vilties kupinas pasakojimas apie t\u0117v\u0173 ir vaik\u0173 santykius, kov\u0105 su priklausomybe, savo \u0161akn\u0173 paie\u0161kas, senas nuod\u0117mes ir naujus nusikaltimus. Autorius:\u00a0Kristina Ohlsson Leid\u0117jas:\u00a0Lietuvos ra\u0161ytoj\u0173 s\u0105jungos leidykla Metai:\u00a02024 Puslapiai:\u00a0576 ISBN:\u00a09786094804021 Versijos kodas:\u00a08 Formatas:\u00a015,3 x 21,5 x 4,9 cm, kieti vir\u0161eliai Kalba:\u00a0Lietuvi\u0173 Vert\u0117jas:\u00a0Mantas Karvelis<\/p>\n","protected":false},"featured_media":14623,"comment_status":"open","ping_status":"closed","template":"","meta":{"_acf_changed":false,"site-sidebar-layout":"default","site-content-layout":"","ast-site-content-layout":"default","site-content-style":"default","site-sidebar-style":"default","ast-global-header-display":"","ast-banner-title-visibility":"","ast-main-header-display":"","ast-hfb-above-header-display":"","ast-hfb-below-header-display":"","ast-hfb-mobile-header-display":"","site-post-title":"","ast-breadcrumbs-content":"","ast-featured-img":"","footer-sml-layout":"","ast-disable-related-posts":"","theme-transparent-header-meta":"default","adv-header-id-meta":"","stick-header-meta":"","header-above-stick-meta":"","header-main-stick-meta":"","header-below-stick-meta":"","astra-migrate-meta-layouts":"set","ast-page-background-enabled":"default","ast-page-background-meta":{"desktop":{"background-color":"","background-image":"","background-repeat":"repeat","background-position":"center center","background-size":"auto","background-attachment":"scroll","background-type":"","background-media":"","overlay-type":"","overlay-color":"","overlay-opacity":"","overlay-gradient":""},"tablet":{"background-color":"","background-image":"","background-repeat":"repeat","background-position":"center center","background-size":"auto","background-attachment":"scroll","background-type":"","background-media":"","overlay-type":"","overlay-color":"","overlay-opacity":"","overlay-gradient":""},"mobile":{"background-color":"","background-image":"","background-repeat":"repeat","background-position":"center center","background-size":"auto","background-attachment":"scroll","background-type":"","background-media":"","overlay-type":"","overlay-color":"","overlay-opacity":"","overlay-gradient":""}},"ast-content-background-meta":{"desktop":{"background-color":"var(--ast-global-color-4)","background-image":"","background-repeat":"repeat","background-position":"center center","background-size":"auto","background-attachment":"scroll","background-type":"","background-media":"","overlay-type":"","overlay-color":"","overlay-opacity":"","overlay-gradient":""},"tablet":{"background-color":"var(--ast-global-color-4)","background-image":"","background-repeat":"repeat","background-position":"center center","background-size":"auto","background-attachment":"scroll","background-type":"","background-media":"","overlay-type":"","overlay-color":"","overlay-opacity":"","overlay-gradient":""},"mobile":{"background-color":"var(--ast-global-color-4)","background-image":"","background-repeat":"repeat","background-position":"center center","background-size":"auto","background-attachment":"scroll","background-type":"","background-media":"","overlay-type":"","overlay-color":"","overlay-opacity":"","overlay-gradient":""}}},"product_brand":[],"product_cat":[9734],"product_tag":[],"class_list":{"0":"post-14608","1":"product","2":"type-product","3":"status-publish","4":"has-post-thumbnail","6":"product_cat-romanai","7":"desktop-align-left","8":"tablet-align-left","9":"mobile-align-left","11":"first","12":"instock","13":"shipping-taxable","14":"purchasable","15":"product-type-simple"},"acf":[],"yoast_head":"<!-- This site is optimized with the Yoast SEO plugin v27.0 - https:\/\/yoast.com\/product\/yoast-seo-wordpress\/ -->\n<title>\u0160e\u0161\u0117lis<\/title>\n<meta name=\"description\" content=\"Detektyvas \u201e\u0160e\u0161\u0117lis\u201c \u2013 tre\u010dioji pasakojim\u0173 apie August\u0105 Strindberg\u0105 serijos knyga (pirmoji, \u201eAudr\u0173 steb\u0117tojas\u201c, lietuvi\u0161kai pasirod\u0117 2022 m., antroji,\" \/>\n<meta name=\"robots\" content=\"index, follow, max-snippet:-1, max-image-preview:large, max-video-preview:-1\" \/>\n<link rel=\"canonical\" href=\"https:\/\/skaitytaknyga.lt\/en\/produktas\/seselis\/\" \/>\n<meta property=\"og:locale\" content=\"en_GB\" \/>\n<meta property=\"og:locale:alternate\" content=\"lt_LT\" \/>\n<meta property=\"og:type\" content=\"article\" \/>\n<meta property=\"og:title\" content=\"\u0160e\u0161\u0117lis\" \/>\n<meta property=\"og:description\" content=\"Detektyvas \u201e\u0160e\u0161\u0117lis\u201c \u2013 tre\u010dioji pasakojim\u0173 apie August\u0105 Strindberg\u0105 serijos knyga (pirmoji, \u201eAudr\u0173 steb\u0117tojas\u201c, lietuvi\u0161kai pasirod\u0117 2022 m., antroji,\" \/>\n<meta property=\"og:url\" content=\"https:\/\/skaitytaknyga.lt\/en\/produktas\/seselis\/\" \/>\n<meta property=\"og:site_name\" content=\"Skaitytaknyga\" \/>\n<meta property=\"article:publisher\" content=\"https:\/\/www.facebook.com\/skaitytaknyga\/\" \/>\n<meta property=\"article:modified_time\" content=\"2026-03-17T09:49:05+00:00\" \/>\n<meta property=\"og:image\" content=\"https:\/\/skaitytaknyga.lt\/wp-content\/uploads\/2024\/11\/seselis.jpg\" \/>\n\t<meta property=\"og:image:width\" content=\"270\" \/>\n\t<meta property=\"og:image:height\" content=\"404\" \/>\n\t<meta property=\"og:image:type\" content=\"image\/jpeg\" \/>\n<meta name=\"twitter:card\" content=\"summary_large_image\" \/>\n<meta name=\"twitter:label1\" content=\"Estimated reading time\" \/>\n\t<meta name=\"twitter:data1\" content=\"2 minutes\" \/>\n<script type=\"application\/ld+json\" class=\"yoast-schema-graph\">{\"@context\":\"https:\/\/schema.org\",\"@graph\":[{\"@type\":\"WebPage\",\"@id\":\"https:\/\/skaitytaknyga.lt\/produktas\/seselis\/\",\"url\":\"https:\/\/skaitytaknyga.lt\/produktas\/seselis\/\",\"name\":\"\u0160e\u0161\u0117lis\",\"isPartOf\":{\"@id\":\"https:\/\/skaitytaknyga.lt\/#website\"},\"primaryImageOfPage\":{\"@id\":\"https:\/\/skaitytaknyga.lt\/produktas\/seselis\/#primaryimage\"},\"image\":{\"@id\":\"https:\/\/skaitytaknyga.lt\/produktas\/seselis\/#primaryimage\"},\"thumbnailUrl\":\"https:\/\/skaitytaknyga.lt\/wp-content\/uploads\/2024\/11\/seselis.jpg\",\"datePublished\":\"2024-11-12T11:46:01+00:00\",\"dateModified\":\"2026-03-17T09:49:05+00:00\",\"description\":\"Detektyvas \u201e\u0160e\u0161\u0117lis\u201c \u2013 tre\u010dioji pasakojim\u0173 apie August\u0105 Strindberg\u0105 serijos knyga (pirmoji, \u201eAudr\u0173 steb\u0117tojas\u201c, lietuvi\u0161kai pasirod\u0117 2022 m., antroji,\",\"breadcrumb\":{\"@id\":\"https:\/\/skaitytaknyga.lt\/produktas\/seselis\/#breadcrumb\"},\"inLanguage\":\"en-GB\",\"potentialAction\":[{\"@type\":\"ReadAction\",\"target\":[\"https:\/\/skaitytaknyga.lt\/produktas\/seselis\/\"]}]},{\"@type\":\"ImageObject\",\"inLanguage\":\"en-GB\",\"@id\":\"https:\/\/skaitytaknyga.lt\/produktas\/seselis\/#primaryimage\",\"url\":\"https:\/\/skaitytaknyga.lt\/wp-content\/uploads\/2024\/11\/seselis.jpg\",\"contentUrl\":\"https:\/\/skaitytaknyga.lt\/wp-content\/uploads\/2024\/11\/seselis.jpg\",\"width\":270,\"height\":404,\"caption\":\"\u0161e\u0161\u0117lis\"},{\"@type\":\"BreadcrumbList\",\"@id\":\"https:\/\/skaitytaknyga.lt\/produktas\/seselis\/#breadcrumb\",\"itemListElement\":[{\"@type\":\"ListItem\",\"position\":1,\"name\":\"Home\",\"item\":\"https:\/\/skaitytaknyga.lt\/\"},{\"@type\":\"ListItem\",\"position\":2,\"name\":\"Parduotuv\u0117\",\"item\":\"https:\/\/skaitytaknyga.lt\/knygu-parduotuve\/\"},{\"@type\":\"ListItem\",\"position\":3,\"name\":\"\u0160e\u0161\u0117lis\"}]},{\"@type\":\"WebSite\",\"@id\":\"https:\/\/skaitytaknyga.lt\/#website\",\"url\":\"https:\/\/skaitytaknyga.lt\/\",\"name\":\"skaitytaknyga.lt\",\"description\":\"Skaitytaknyga.lt \u2013 tai ma\u017eas \u0161eimos verslas, kuris prasid\u0117jo nuo meil\u0117s knygoms ir siekio i\u0161gelb\u0117ti knygas nuo likimo prie konteinerio. Kas vienam nereikalingas daiktas \u2013 kitam lobis, o mes esame tarpininkai, kurie padeda abiems tapti laimingesniems ???? \u017dinome kaip nelengva i\u0161gyventi ma\u017eiems verslams, tad nuo \u0161iol, \u010dia rasite ir kit\u0173, ma\u017e\u0173 \u0161eim\u0173 versl\u0173, rank\u0173 darbo, dovan\u0173 sau ir artimiesiems.\",\"publisher\":{\"@id\":\"https:\/\/skaitytaknyga.lt\/#organization\"},\"potentialAction\":[{\"@type\":\"SearchAction\",\"target\":{\"@type\":\"EntryPoint\",\"urlTemplate\":\"https:\/\/skaitytaknyga.lt\/?s={search_term_string}\"},\"query-input\":{\"@type\":\"PropertyValueSpecification\",\"valueRequired\":true,\"valueName\":\"search_term_string\"}}],\"inLanguage\":\"en-GB\"},{\"@type\":\"Organization\",\"@id\":\"https:\/\/skaitytaknyga.lt\/#organization\",\"name\":\"skaitytaknyga.lt\",\"url\":\"https:\/\/skaitytaknyga.lt\/\",\"logo\":{\"@type\":\"ImageObject\",\"inLanguage\":\"en-GB\",\"@id\":\"https:\/\/skaitytaknyga.lt\/#\/schema\/logo\/image\/\",\"url\":\"https:\/\/skaitytaknyga.lt\/wp-content\/uploads\/2024\/05\/cropped-cropped-cropped-02_00843_jt3bggkj1j3HLc7SyY6rEUpg.jpeg\",\"contentUrl\":\"https:\/\/skaitytaknyga.lt\/wp-content\/uploads\/2024\/05\/cropped-cropped-cropped-02_00843_jt3bggkj1j3HLc7SyY6rEUpg.jpeg\",\"width\":1600,\"height\":1600,\"caption\":\"skaitytaknyga.lt\"},\"image\":{\"@id\":\"https:\/\/skaitytaknyga.lt\/#\/schema\/logo\/image\/\"},\"sameAs\":[\"https:\/\/www.facebook.com\/skaitytaknyga\/\"]}]}<\/script>\n<!-- \/ Yoast SEO plugin. -->","yoast_head_json":{"title":"\u0160e\u0161\u0117lis","description":"Detektyvas \u201e\u0160e\u0161\u0117lis\u201c \u2013 tre\u010dioji pasakojim\u0173 apie August\u0105 Strindberg\u0105 serijos knyga (pirmoji, \u201eAudr\u0173 steb\u0117tojas\u201c, lietuvi\u0161kai pasirod\u0117 2022 m., antroji,","robots":{"index":"index","follow":"follow","max-snippet":"max-snippet:-1","max-image-preview":"max-image-preview:large","max-video-preview":"max-video-preview:-1"},"canonical":"https:\/\/skaitytaknyga.lt\/en\/produktas\/seselis\/","og_locale":"en_GB","og_type":"article","og_title":"[:lt]\u0160e\u0161\u0117lis[:] - Skaitytaknyga","og_description":"Detektyvas \u201e\u0160e\u0161\u0117lis\u201c \u2013 tre\u010dioji pasakojim\u0173 apie August\u0105 Strindberg\u0105 serijos knyga (pirmoji, \u201eAudr\u0173 steb\u0117tojas\u201c, lietuvi\u0161kai pasirod\u0117 2022 m., antroji,","og_url":"https:\/\/skaitytaknyga.lt\/en\/produktas\/seselis\/","og_site_name":"Skaitytaknyga","article_publisher":"https:\/\/www.facebook.com\/skaitytaknyga\/","article_modified_time":"2026-03-17T09:49:05+00:00","og_image":[{"width":270,"height":404,"url":"https:\/\/skaitytaknyga.lt\/wp-content\/uploads\/2024\/11\/seselis.jpg","type":"image\/jpeg"}],"twitter_card":"summary_large_image","twitter_misc":{"Estimated reading time":"2 minutes"},"schema":{"@context":"https:\/\/schema.org","@graph":[{"@type":"WebPage","@id":"https:\/\/skaitytaknyga.lt\/produktas\/seselis\/","url":"https:\/\/skaitytaknyga.lt\/produktas\/seselis\/","name":"\u0160e\u0161\u0117lis","isPartOf":{"@id":"https:\/\/skaitytaknyga.lt\/#website"},"primaryImageOfPage":{"@id":"https:\/\/skaitytaknyga.lt\/produktas\/seselis\/#primaryimage"},"image":{"@id":"https:\/\/skaitytaknyga.lt\/produktas\/seselis\/#primaryimage"},"thumbnailUrl":"https:\/\/skaitytaknyga.lt\/wp-content\/uploads\/2024\/11\/seselis.jpg","datePublished":"2024-11-12T11:46:01+00:00","dateModified":"2026-03-17T09:49:05+00:00","description":"Detektyvas \u201e\u0160e\u0161\u0117lis\u201c \u2013 tre\u010dioji pasakojim\u0173 apie August\u0105 Strindberg\u0105 serijos knyga (pirmoji, \u201eAudr\u0173 steb\u0117tojas\u201c, lietuvi\u0161kai pasirod\u0117 2022 m., antroji,","breadcrumb":{"@id":"https:\/\/skaitytaknyga.lt\/produktas\/seselis\/#breadcrumb"},"inLanguage":"en-GB","potentialAction":[{"@type":"ReadAction","target":["https:\/\/skaitytaknyga.lt\/produktas\/seselis\/"]}]},{"@type":"ImageObject","inLanguage":"en-GB","@id":"https:\/\/skaitytaknyga.lt\/produktas\/seselis\/#primaryimage","url":"https:\/\/skaitytaknyga.lt\/wp-content\/uploads\/2024\/11\/seselis.jpg","contentUrl":"https:\/\/skaitytaknyga.lt\/wp-content\/uploads\/2024\/11\/seselis.jpg","width":270,"height":404,"caption":"\u0161e\u0161\u0117lis"},{"@type":"BreadcrumbList","@id":"https:\/\/skaitytaknyga.lt\/produktas\/seselis\/#breadcrumb","itemListElement":[{"@type":"ListItem","position":1,"name":"Home","item":"https:\/\/skaitytaknyga.lt\/"},{"@type":"ListItem","position":2,"name":"Parduotuv\u0117","item":"https:\/\/skaitytaknyga.lt\/knygu-parduotuve\/"},{"@type":"ListItem","position":3,"name":"\u0160e\u0161\u0117lis"}]},{"@type":"WebSite","@id":"https:\/\/skaitytaknyga.lt\/#website","url":"https:\/\/skaitytaknyga.lt\/","name":"skaitytaknyga.lt","description":"Skaitytaknyga.lt \u2013 tai ma\u017eas \u0161eimos verslas, kuris prasid\u0117jo nuo meil\u0117s knygoms ir siekio i\u0161gelb\u0117ti knygas nuo likimo prie konteinerio. Kas vienam nereikalingas daiktas \u2013 kitam lobis, o mes esame tarpininkai, kurie padeda abiems tapti laimingesniems ???? \u017dinome kaip nelengva i\u0161gyventi ma\u017eiems verslams, tad nuo \u0161iol, \u010dia rasite ir kit\u0173, ma\u017e\u0173 \u0161eim\u0173 versl\u0173, rank\u0173 darbo, dovan\u0173 sau ir artimiesiems.","publisher":{"@id":"https:\/\/skaitytaknyga.lt\/#organization"},"potentialAction":[{"@type":"SearchAction","target":{"@type":"EntryPoint","urlTemplate":"https:\/\/skaitytaknyga.lt\/?s={search_term_string}"},"query-input":{"@type":"PropertyValueSpecification","valueRequired":true,"valueName":"search_term_string"}}],"inLanguage":"en-GB"},{"@type":"Organization","@id":"https:\/\/skaitytaknyga.lt\/#organization","name":"skaitytaknyga.lt","url":"https:\/\/skaitytaknyga.lt\/","logo":{"@type":"ImageObject","inLanguage":"en-GB","@id":"https:\/\/skaitytaknyga.lt\/#\/schema\/logo\/image\/","url":"https:\/\/skaitytaknyga.lt\/wp-content\/uploads\/2024\/05\/cropped-cropped-cropped-02_00843_jt3bggkj1j3HLc7SyY6rEUpg.jpeg","contentUrl":"https:\/\/skaitytaknyga.lt\/wp-content\/uploads\/2024\/05\/cropped-cropped-cropped-02_00843_jt3bggkj1j3HLc7SyY6rEUpg.jpeg","width":1600,"height":1600,"caption":"skaitytaknyga.lt"},"image":{"@id":"https:\/\/skaitytaknyga.lt\/#\/schema\/logo\/image\/"},"sameAs":["https:\/\/www.facebook.com\/skaitytaknyga\/"]}]}},"_links":{"self":[{"href":"https:\/\/skaitytaknyga.lt\/en\/wp-json\/wp\/v2\/product\/14608","targetHints":{"allow":["GET"]}}],"collection":[{"href":"https:\/\/skaitytaknyga.lt\/en\/wp-json\/wp\/v2\/product"}],"about":[{"href":"https:\/\/skaitytaknyga.lt\/en\/wp-json\/wp\/v2\/types\/product"}],"replies":[{"embeddable":true,"href":"https:\/\/skaitytaknyga.lt\/en\/wp-json\/wp\/v2\/comments?post=14608"}],"wp:featuredmedia":[{"embeddable":true,"href":"https:\/\/skaitytaknyga.lt\/en\/wp-json\/wp\/v2\/media\/14623"}],"wp:attachment":[{"href":"https:\/\/skaitytaknyga.lt\/en\/wp-json\/wp\/v2\/media?parent=14608"}],"wp:term":[{"taxonomy":"product_brand","embeddable":true,"href":"https:\/\/skaitytaknyga.lt\/en\/wp-json\/wp\/v2\/product_brand?post=14608"},{"taxonomy":"product_cat","embeddable":true,"href":"https:\/\/skaitytaknyga.lt\/en\/wp-json\/wp\/v2\/product_cat?post=14608"},{"taxonomy":"product_tag","embeddable":true,"href":"https:\/\/skaitytaknyga.lt\/en\/wp-json\/wp\/v2\/product_tag?post=14608"}],"curies":[{"name":"wp","href":"https:\/\/api.w.org\/{rel}","templated":true}]}}