{"id":14607,"date":"2024-11-12T13:46:00","date_gmt":"2024-11-12T11:46:00","guid":{"rendered":"https:\/\/skaitytaknyga.lt\/?post_type=product&#038;p=14607"},"modified":"2026-03-05T16:00:46","modified_gmt":"2026-03-05T14:00:46","slug":"mirusiuju-inspektorius-su-defektu","status":"publish","type":"product","link":"https:\/\/skaitytaknyga.lt\/en\/produktas\/mirusiuju-inspektorius-su-defektu\/","title":{"rendered":"Mirusi\u0173j\u0173 inspektorius"},"content":{"rendered":"<p>Detektyviniame istoriniame trileryje\u00a0<strong>\u201eMirusi\u0173j\u0173 inspektorius&#8221;<\/strong>\u00a0karalien\u0117s Viktorijos ir \u0160erloko Holmso laik\u0173 Londonas v\u0117l tampa paslapting\u0173 nusikaltim\u0173 ir intriguojan\u010dio tyrimo vieta.<\/p>\n<p>1855-ieji. I\u0161 bestselerio\u00a0\u201e\u017dmog\u017eudyst\u0117 yra menas&#8221;\u00a0jau pa\u017e\u012fstamas garsus literatas ir dar garsesnis Viktorijos laik\u0173 Anglijos opiomanas Tomas de Kvinsis su dukra Emile ruo\u0161iasi kuriam laikui i\u0161tr\u016bkti i\u0161 Londono. Ta\u010diau j\u0173 planus netik\u0117tai sugriauna am\u017eino r\u016bko gaubiam\u0105 miest\u0105 staiga v\u0117l sukaus\u010diusi baim\u0117 ir ne\u017einia: blausi\u0173 dujini\u0173 \u017eibint\u0173 ap\u0161viestose gatv\u0117se viena po kitos pasipila paslaptingos \u017emog\u017eudyst\u0117s. Ai\u0161k\u0117ja, kad \u0161\u012fkart \u017eudiko taikinyje \u2013 auk\u0161\u010diausi\u0173 Anglijos visuomen\u0117s sluoksni\u0173 atstovai, o ra\u0161teliai, kuriuos \u017eudikas palieka prie savo auk\u0173, leid\u017eia \u012ftarti, kad gr\u0117sm\u0117 yra i\u0161kilusi pa\u010dios karalien\u0117s Viktorijos gyvybei. Genialusis Tomas de Kvinsis supranta, kad jo ir i\u0161tikim\u0173j\u0173 palydov\u0173 \u2013 Emil\u0117s ir Skotland Jardo detektyv\u0173 Rajano ir Bekerio \u2013 nei\u0161vengiamai laukia dar vienas i\u0161\u0161\u016bkis, dar vienos \u017e\u016btb\u016btin\u0117s lenktyn\u0117s su itin pavojingu, itin i\u0161radingu ir kaip niekad gr\u0117sming\u0105 plan\u0105 turin\u010diu var\u017eovu&#8230;<\/p>\n<p>Remdamasis tikrais faktais, detektyvini\u0173 istorini\u0173 trileri\u0173 meistras\u00a0<strong>Davidas Morrellas<\/strong>\u00a0kuria d\u0117mes\u012f prikaustant\u012f pasakojim\u0105, atkurdamas karalien\u0117s Viktorijos laik\u0173 Anglij\u0105 taip subtiliai, kad girdi kanop\u0173 kauk\u0161\u0117jim\u0105 \u012f grindinio akmenis, \u0161iuk\u0161li\u0173 ve\u017e\u0117j\u0173 keliam\u0105 triuk\u0161m\u0105 ir \u0161ai\u017eius gatv\u0117s prekeivi\u0173 riksmus.<\/p>\n<ul class=\"about-product d-none d-xl-block mt-4\">\n<li><strong>Originalus pavadinimas:<\/strong>\u00a0Inspector of the Dead<\/li>\n<li><strong>Autorius:<\/strong>\u00a0David Morrell<\/li>\n<li><strong>Leid\u0117jas:<\/strong>\u00a0Alma littera<\/li>\n<li><strong>Metai:<\/strong>\u00a02016<\/li>\n<li><strong>Puslapiai:<\/strong>\u00a0328<\/li>\n<li class=\"toggleable type-new-formats \"><strong>ISBN:<\/strong>\u00a09786090123010<\/li>\n<li><strong>Versijos kodas:<\/strong>\u00a0PT.<\/li>\n<li class=\"toggleable type-new-formats \"><strong>Formatas:<\/strong>\u00a014,5 x 23,5 x 2,9 cm, kieti vir\u0161eliai<\/li>\n<li><strong>Kalba:<\/strong>\u00a0Lietuvi\u0173<\/li>\n<li><strong>Vert\u0117jas:<\/strong>\u00a0Vytautas Petrukaitis<\/li>\n<\/ul>\n","protected":false},"excerpt":{"rendered":"<p>Detektyviniame istoriniame trileryje\u00a0\u201eMirusi\u0173j\u0173 inspektorius&#8221;\u00a0karalien\u0117s Viktorijos ir \u0160erloko Holmso laik\u0173 Londonas v\u0117l tampa paslapting\u0173 nusikaltim\u0173 ir intriguojan\u010dio tyrimo vieta. 1855-ieji. I\u0161 bestselerio\u00a0\u201e\u017dmog\u017eudyst\u0117 yra menas&#8221;\u00a0jau pa\u017e\u012fstamas garsus literatas ir dar garsesnis Viktorijos laik\u0173 Anglijos opiomanas Tomas de Kvinsis su dukra Emile ruo\u0161iasi kuriam laikui i\u0161tr\u016bkti i\u0161 Londono. Ta\u010diau j\u0173 planus netik\u0117tai sugriauna am\u017eino r\u016bko gaubiam\u0105 miest\u0105 staiga v\u0117l sukaus\u010diusi baim\u0117 ir ne\u017einia: blausi\u0173 dujini\u0173 \u017eibint\u0173 ap\u0161viestose gatv\u0117se viena po kitos pasipila paslaptingos \u017emog\u017eudyst\u0117s. Ai\u0161k\u0117ja, kad \u0161\u012fkart \u017eudiko taikinyje \u2013 auk\u0161\u010diausi\u0173 Anglijos visuomen\u0117s sluoksni\u0173 atstovai, o ra\u0161teliai, kuriuos \u017eudikas palieka prie savo auk\u0173, leid\u017eia \u012ftarti, kad gr\u0117sm\u0117 yra i\u0161kilusi pa\u010dios karalien\u0117s Viktorijos gyvybei. Genialusis Tomas de Kvinsis supranta, kad jo ir i\u0161tikim\u0173j\u0173 palydov\u0173 \u2013 Emil\u0117s ir Skotland Jardo detektyv\u0173 Rajano ir Bekerio \u2013 nei\u0161vengiamai laukia dar vienas i\u0161\u0161\u016bkis, dar vienos \u017e\u016btb\u016btin\u0117s lenktyn\u0117s su itin pavojingu, itin i\u0161radingu ir kaip niekad gr\u0117sming\u0105 plan\u0105 turin\u010diu var\u017eovu&#8230; Remdamasis tikrais faktais, detektyvini\u0173 istorini\u0173 trileri\u0173 meistras\u00a0Davidas Morrellas\u00a0kuria d\u0117mes\u012f prikaustant\u012f pasakojim\u0105, atkurdamas karalien\u0117s Viktorijos laik\u0173 Anglij\u0105 taip subtiliai, kad girdi kanop\u0173 kauk\u0161\u0117jim\u0105 \u012f grindinio akmenis, \u0161iuk\u0161li\u0173 ve\u017e\u0117j\u0173 keliam\u0105 triuk\u0161m\u0105 ir \u0161ai\u017eius gatv\u0117s prekeivi\u0173 riksmus. Originalus pavadinimas:\u00a0Inspector of the Dead Autorius:\u00a0David Morrell Leid\u0117jas:\u00a0Alma littera Metai:\u00a02016 Puslapiai:\u00a0328 ISBN:\u00a09786090123010 Versijos kodas:\u00a0PT. Formatas:\u00a014,5 x 23,5 x 2,9 cm, kieti vir\u0161eliai Kalba:\u00a0Lietuvi\u0173 Vert\u0117jas:\u00a0Vytautas Petrukaitis<\/p>\n","protected":false},"featured_media":14613,"comment_status":"open","ping_status":"closed","template":"","meta":{"_acf_changed":false,"site-sidebar-layout":"default","site-content-layout":"","ast-site-content-layout":"default","site-content-style":"default","site-sidebar-style":"default","ast-global-header-display":"","ast-banner-title-visibility":"","ast-main-header-display":"","ast-hfb-above-header-display":"","ast-hfb-below-header-display":"","ast-hfb-mobile-header-display":"","site-post-title":"","ast-breadcrumbs-content":"","ast-featured-img":"","footer-sml-layout":"","ast-disable-related-posts":"","theme-transparent-header-meta":"default","adv-header-id-meta":"","stick-header-meta":"","header-above-stick-meta":"","header-main-stick-meta":"","header-below-stick-meta":"","astra-migrate-meta-layouts":"set","ast-page-background-enabled":"default","ast-page-background-meta":{"desktop":{"background-color":"","background-image":"","background-repeat":"repeat","background-position":"center center","background-size":"auto","background-attachment":"scroll","background-type":"","background-media":"","overlay-type":"","overlay-color":"","overlay-opacity":"","overlay-gradient":""},"tablet":{"background-color":"","background-image":"","background-repeat":"repeat","background-position":"center center","background-size":"auto","background-attachment":"scroll","background-type":"","background-media":"","overlay-type":"","overlay-color":"","overlay-opacity":"","overlay-gradient":""},"mobile":{"background-color":"","background-image":"","background-repeat":"repeat","background-position":"center center","background-size":"auto","background-attachment":"scroll","background-type":"","background-media":"","overlay-type":"","overlay-color":"","overlay-opacity":"","overlay-gradient":""}},"ast-content-background-meta":{"desktop":{"background-color":"var(--ast-global-color-4)","background-image":"","background-repeat":"repeat","background-position":"center center","background-size":"auto","background-attachment":"scroll","background-type":"","background-media":"","overlay-type":"","overlay-color":"","overlay-opacity":"","overlay-gradient":""},"tablet":{"background-color":"var(--ast-global-color-4)","background-image":"","background-repeat":"repeat","background-position":"center center","background-size":"auto","background-attachment":"scroll","background-type":"","background-media":"","overlay-type":"","overlay-color":"","overlay-opacity":"","overlay-gradient":""},"mobile":{"background-color":"var(--ast-global-color-4)","background-image":"","background-repeat":"repeat","background-position":"center center","background-size":"auto","background-attachment":"scroll","background-type":"","background-media":"","overlay-type":"","overlay-color":"","overlay-opacity":"","overlay-gradient":""}}},"product_brand":[],"product_cat":[9581],"product_tag":[4019,1476,3867,4020],"class_list":{"0":"post-14607","1":"product","2":"type-product","3":"status-publish","4":"has-post-thumbnail","6":"product_cat-kriminaliniai-romanai","7":"product_tag-david-morrell","8":"product_tag-detektyvas","9":"product_tag-istorinis-trileris","10":"product_tag-viktoro-laikai","11":"desktop-align-left","12":"tablet-align-left","13":"mobile-align-left","15":"first","16":"instock","17":"shipping-taxable","18":"purchasable","19":"product-type-simple"},"acf":[],"yoast_head":"<!-- This site is optimized with the Yoast SEO plugin v27.0 - https:\/\/yoast.com\/product\/yoast-seo-wordpress\/ -->\n<title>Mirusi\u0173j\u0173 inspektorius<\/title>\n<meta name=\"description\" content=\"Detektyviniame istoriniame trileryje\u00a0\u201eMirusi\u0173j\u0173 inspektorius&quot;\u00a0karalien\u0117s Viktorijos ir \u0160erloko Holmso laik\u0173 Londonas v\u0117l tampa paslapting\u0173 nusikaltim\u0173 ir\" \/>\n<meta name=\"robots\" content=\"index, follow, max-snippet:-1, max-image-preview:large, max-video-preview:-1\" \/>\n<link rel=\"canonical\" href=\"https:\/\/skaitytaknyga.lt\/en\/produktas\/mirusiuju-inspektorius-su-defektu\/\" \/>\n<meta property=\"og:locale\" content=\"en_GB\" \/>\n<meta property=\"og:locale:alternate\" content=\"lt_LT\" \/>\n<meta property=\"og:type\" content=\"article\" \/>\n<meta property=\"og:title\" content=\"Mirusi\u0173j\u0173 inspektorius\" \/>\n<meta property=\"og:description\" content=\"Detektyviniame istoriniame trileryje\u00a0\u201eMirusi\u0173j\u0173 inspektorius&quot;\u00a0karalien\u0117s Viktorijos ir \u0160erloko Holmso laik\u0173 Londonas v\u0117l tampa paslapting\u0173 nusikaltim\u0173 ir\" \/>\n<meta property=\"og:url\" content=\"https:\/\/skaitytaknyga.lt\/en\/produktas\/mirusiuju-inspektorius-su-defektu\/\" \/>\n<meta property=\"og:site_name\" content=\"Skaitytaknyga\" \/>\n<meta property=\"article:publisher\" content=\"https:\/\/www.facebook.com\/skaitytaknyga\/\" \/>\n<meta property=\"article:modified_time\" content=\"2026-03-05T14:00:46+00:00\" \/>\n<meta property=\"og:image\" content=\"https:\/\/skaitytaknyga.lt\/wp-content\/uploads\/2024\/11\/Mirusiuju-inspektorius.webp\" \/>\n\t<meta property=\"og:image:width\" content=\"243\" \/>\n\t<meta property=\"og:image:height\" content=\"398\" \/>\n\t<meta property=\"og:image:type\" content=\"image\/webp\" \/>\n<meta name=\"twitter:card\" content=\"summary_large_image\" \/>\n<meta name=\"twitter:label1\" content=\"Estimated reading time\" \/>\n\t<meta name=\"twitter:data1\" content=\"2 minutes\" \/>\n<script type=\"application\/ld+json\" class=\"yoast-schema-graph\">{\"@context\":\"https:\/\/schema.org\",\"@graph\":[{\"@type\":\"WebPage\",\"@id\":\"https:\/\/skaitytaknyga.lt\/produktas\/mirusiuju-inspektorius-su-defektu\/\",\"url\":\"https:\/\/skaitytaknyga.lt\/produktas\/mirusiuju-inspektorius-su-defektu\/\",\"name\":\"Mirusi\u0173j\u0173 inspektorius\",\"isPartOf\":{\"@id\":\"https:\/\/skaitytaknyga.lt\/#website\"},\"primaryImageOfPage\":{\"@id\":\"https:\/\/skaitytaknyga.lt\/produktas\/mirusiuju-inspektorius-su-defektu\/#primaryimage\"},\"image\":{\"@id\":\"https:\/\/skaitytaknyga.lt\/produktas\/mirusiuju-inspektorius-su-defektu\/#primaryimage\"},\"thumbnailUrl\":\"https:\/\/skaitytaknyga.lt\/wp-content\/uploads\/2024\/11\/Mirusiuju-inspektorius.webp\",\"datePublished\":\"2024-11-12T11:46:00+00:00\",\"dateModified\":\"2026-03-05T14:00:46+00:00\",\"description\":\"Detektyviniame istoriniame trileryje\u00a0\u201eMirusi\u0173j\u0173 inspektorius\\\"\u00a0karalien\u0117s Viktorijos ir \u0160erloko Holmso laik\u0173 Londonas v\u0117l tampa paslapting\u0173 nusikaltim\u0173 ir\",\"breadcrumb\":{\"@id\":\"https:\/\/skaitytaknyga.lt\/produktas\/mirusiuju-inspektorius-su-defektu\/#breadcrumb\"},\"inLanguage\":\"en-GB\",\"potentialAction\":[{\"@type\":\"ReadAction\",\"target\":[\"https:\/\/skaitytaknyga.lt\/produktas\/mirusiuju-inspektorius-su-defektu\/\"]}]},{\"@type\":\"ImageObject\",\"inLanguage\":\"en-GB\",\"@id\":\"https:\/\/skaitytaknyga.lt\/produktas\/mirusiuju-inspektorius-su-defektu\/#primaryimage\",\"url\":\"https:\/\/skaitytaknyga.lt\/wp-content\/uploads\/2024\/11\/Mirusiuju-inspektorius.webp\",\"contentUrl\":\"https:\/\/skaitytaknyga.lt\/wp-content\/uploads\/2024\/11\/Mirusiuju-inspektorius.webp\",\"width\":243,\"height\":398,\"caption\":\"Mirusi\u0173j\u0173 inspektorius\"},{\"@type\":\"BreadcrumbList\",\"@id\":\"https:\/\/skaitytaknyga.lt\/produktas\/mirusiuju-inspektorius-su-defektu\/#breadcrumb\",\"itemListElement\":[{\"@type\":\"ListItem\",\"position\":1,\"name\":\"Home\",\"item\":\"https:\/\/skaitytaknyga.lt\/\"},{\"@type\":\"ListItem\",\"position\":2,\"name\":\"Parduotuv\u0117\",\"item\":\"https:\/\/skaitytaknyga.lt\/knygu-parduotuve\/\"},{\"@type\":\"ListItem\",\"position\":3,\"name\":\"Mirusi\u0173j\u0173 inspektorius\"}]},{\"@type\":\"WebSite\",\"@id\":\"https:\/\/skaitytaknyga.lt\/#website\",\"url\":\"https:\/\/skaitytaknyga.lt\/\",\"name\":\"skaitytaknyga.lt\",\"description\":\"Skaitytaknyga.lt \u2013 tai ma\u017eas \u0161eimos verslas, kuris prasid\u0117jo nuo meil\u0117s knygoms ir siekio i\u0161gelb\u0117ti knygas nuo likimo prie konteinerio. Kas vienam nereikalingas daiktas \u2013 kitam lobis, o mes esame tarpininkai, kurie padeda abiems tapti laimingesniems ???? \u017dinome kaip nelengva i\u0161gyventi ma\u017eiems verslams, tad nuo \u0161iol, \u010dia rasite ir kit\u0173, ma\u017e\u0173 \u0161eim\u0173 versl\u0173, rank\u0173 darbo, dovan\u0173 sau ir artimiesiems.\",\"publisher\":{\"@id\":\"https:\/\/skaitytaknyga.lt\/#organization\"},\"potentialAction\":[{\"@type\":\"SearchAction\",\"target\":{\"@type\":\"EntryPoint\",\"urlTemplate\":\"https:\/\/skaitytaknyga.lt\/?s={search_term_string}\"},\"query-input\":{\"@type\":\"PropertyValueSpecification\",\"valueRequired\":true,\"valueName\":\"search_term_string\"}}],\"inLanguage\":\"en-GB\"},{\"@type\":\"Organization\",\"@id\":\"https:\/\/skaitytaknyga.lt\/#organization\",\"name\":\"skaitytaknyga.lt\",\"url\":\"https:\/\/skaitytaknyga.lt\/\",\"logo\":{\"@type\":\"ImageObject\",\"inLanguage\":\"en-GB\",\"@id\":\"https:\/\/skaitytaknyga.lt\/#\/schema\/logo\/image\/\",\"url\":\"https:\/\/skaitytaknyga.lt\/wp-content\/uploads\/2024\/05\/cropped-cropped-cropped-02_00843_jt3bggkj1j3HLc7SyY6rEUpg.jpeg\",\"contentUrl\":\"https:\/\/skaitytaknyga.lt\/wp-content\/uploads\/2024\/05\/cropped-cropped-cropped-02_00843_jt3bggkj1j3HLc7SyY6rEUpg.jpeg\",\"width\":1600,\"height\":1600,\"caption\":\"skaitytaknyga.lt\"},\"image\":{\"@id\":\"https:\/\/skaitytaknyga.lt\/#\/schema\/logo\/image\/\"},\"sameAs\":[\"https:\/\/www.facebook.com\/skaitytaknyga\/\"]}]}<\/script>\n<!-- \/ Yoast SEO plugin. -->","yoast_head_json":{"title":"Mirusi\u0173j\u0173 inspektorius","description":"Detektyviniame istoriniame trileryje\u00a0\u201eMirusi\u0173j\u0173 inspektorius\"\u00a0karalien\u0117s Viktorijos ir \u0160erloko Holmso laik\u0173 Londonas v\u0117l tampa paslapting\u0173 nusikaltim\u0173 ir","robots":{"index":"index","follow":"follow","max-snippet":"max-snippet:-1","max-image-preview":"max-image-preview:large","max-video-preview":"max-video-preview:-1"},"canonical":"https:\/\/skaitytaknyga.lt\/en\/produktas\/mirusiuju-inspektorius-su-defektu\/","og_locale":"en_GB","og_type":"article","og_title":"[:lt]Mirusi\u0173j\u0173 inspektorius[:] - Skaitytaknyga","og_description":"Detektyviniame istoriniame trileryje\u00a0\u201eMirusi\u0173j\u0173 inspektorius\"\u00a0karalien\u0117s Viktorijos ir \u0160erloko Holmso laik\u0173 Londonas v\u0117l tampa paslapting\u0173 nusikaltim\u0173 ir","og_url":"https:\/\/skaitytaknyga.lt\/en\/produktas\/mirusiuju-inspektorius-su-defektu\/","og_site_name":"Skaitytaknyga","article_publisher":"https:\/\/www.facebook.com\/skaitytaknyga\/","article_modified_time":"2026-03-05T14:00:46+00:00","og_image":[{"width":243,"height":398,"url":"https:\/\/skaitytaknyga.lt\/wp-content\/uploads\/2024\/11\/Mirusiuju-inspektorius.webp","type":"image\/webp"}],"twitter_card":"summary_large_image","twitter_misc":{"Estimated reading time":"2 minutes"},"schema":{"@context":"https:\/\/schema.org","@graph":[{"@type":"WebPage","@id":"https:\/\/skaitytaknyga.lt\/produktas\/mirusiuju-inspektorius-su-defektu\/","url":"https:\/\/skaitytaknyga.lt\/produktas\/mirusiuju-inspektorius-su-defektu\/","name":"Mirusi\u0173j\u0173 inspektorius","isPartOf":{"@id":"https:\/\/skaitytaknyga.lt\/#website"},"primaryImageOfPage":{"@id":"https:\/\/skaitytaknyga.lt\/produktas\/mirusiuju-inspektorius-su-defektu\/#primaryimage"},"image":{"@id":"https:\/\/skaitytaknyga.lt\/produktas\/mirusiuju-inspektorius-su-defektu\/#primaryimage"},"thumbnailUrl":"https:\/\/skaitytaknyga.lt\/wp-content\/uploads\/2024\/11\/Mirusiuju-inspektorius.webp","datePublished":"2024-11-12T11:46:00+00:00","dateModified":"2026-03-05T14:00:46+00:00","description":"Detektyviniame istoriniame trileryje\u00a0\u201eMirusi\u0173j\u0173 inspektorius\"\u00a0karalien\u0117s Viktorijos ir \u0160erloko Holmso laik\u0173 Londonas v\u0117l tampa paslapting\u0173 nusikaltim\u0173 ir","breadcrumb":{"@id":"https:\/\/skaitytaknyga.lt\/produktas\/mirusiuju-inspektorius-su-defektu\/#breadcrumb"},"inLanguage":"en-GB","potentialAction":[{"@type":"ReadAction","target":["https:\/\/skaitytaknyga.lt\/produktas\/mirusiuju-inspektorius-su-defektu\/"]}]},{"@type":"ImageObject","inLanguage":"en-GB","@id":"https:\/\/skaitytaknyga.lt\/produktas\/mirusiuju-inspektorius-su-defektu\/#primaryimage","url":"https:\/\/skaitytaknyga.lt\/wp-content\/uploads\/2024\/11\/Mirusiuju-inspektorius.webp","contentUrl":"https:\/\/skaitytaknyga.lt\/wp-content\/uploads\/2024\/11\/Mirusiuju-inspektorius.webp","width":243,"height":398,"caption":"Mirusi\u0173j\u0173 inspektorius"},{"@type":"BreadcrumbList","@id":"https:\/\/skaitytaknyga.lt\/produktas\/mirusiuju-inspektorius-su-defektu\/#breadcrumb","itemListElement":[{"@type":"ListItem","position":1,"name":"Home","item":"https:\/\/skaitytaknyga.lt\/"},{"@type":"ListItem","position":2,"name":"Parduotuv\u0117","item":"https:\/\/skaitytaknyga.lt\/knygu-parduotuve\/"},{"@type":"ListItem","position":3,"name":"Mirusi\u0173j\u0173 inspektorius"}]},{"@type":"WebSite","@id":"https:\/\/skaitytaknyga.lt\/#website","url":"https:\/\/skaitytaknyga.lt\/","name":"skaitytaknyga.lt","description":"Skaitytaknyga.lt \u2013 tai ma\u017eas \u0161eimos verslas, kuris prasid\u0117jo nuo meil\u0117s knygoms ir siekio i\u0161gelb\u0117ti knygas nuo likimo prie konteinerio. Kas vienam nereikalingas daiktas \u2013 kitam lobis, o mes esame tarpininkai, kurie padeda abiems tapti laimingesniems ???? \u017dinome kaip nelengva i\u0161gyventi ma\u017eiems verslams, tad nuo \u0161iol, \u010dia rasite ir kit\u0173, ma\u017e\u0173 \u0161eim\u0173 versl\u0173, rank\u0173 darbo, dovan\u0173 sau ir artimiesiems.","publisher":{"@id":"https:\/\/skaitytaknyga.lt\/#organization"},"potentialAction":[{"@type":"SearchAction","target":{"@type":"EntryPoint","urlTemplate":"https:\/\/skaitytaknyga.lt\/?s={search_term_string}"},"query-input":{"@type":"PropertyValueSpecification","valueRequired":true,"valueName":"search_term_string"}}],"inLanguage":"en-GB"},{"@type":"Organization","@id":"https:\/\/skaitytaknyga.lt\/#organization","name":"skaitytaknyga.lt","url":"https:\/\/skaitytaknyga.lt\/","logo":{"@type":"ImageObject","inLanguage":"en-GB","@id":"https:\/\/skaitytaknyga.lt\/#\/schema\/logo\/image\/","url":"https:\/\/skaitytaknyga.lt\/wp-content\/uploads\/2024\/05\/cropped-cropped-cropped-02_00843_jt3bggkj1j3HLc7SyY6rEUpg.jpeg","contentUrl":"https:\/\/skaitytaknyga.lt\/wp-content\/uploads\/2024\/05\/cropped-cropped-cropped-02_00843_jt3bggkj1j3HLc7SyY6rEUpg.jpeg","width":1600,"height":1600,"caption":"skaitytaknyga.lt"},"image":{"@id":"https:\/\/skaitytaknyga.lt\/#\/schema\/logo\/image\/"},"sameAs":["https:\/\/www.facebook.com\/skaitytaknyga\/"]}]}},"_links":{"self":[{"href":"https:\/\/skaitytaknyga.lt\/en\/wp-json\/wp\/v2\/product\/14607","targetHints":{"allow":["GET"]}}],"collection":[{"href":"https:\/\/skaitytaknyga.lt\/en\/wp-json\/wp\/v2\/product"}],"about":[{"href":"https:\/\/skaitytaknyga.lt\/en\/wp-json\/wp\/v2\/types\/product"}],"replies":[{"embeddable":true,"href":"https:\/\/skaitytaknyga.lt\/en\/wp-json\/wp\/v2\/comments?post=14607"}],"wp:featuredmedia":[{"embeddable":true,"href":"https:\/\/skaitytaknyga.lt\/en\/wp-json\/wp\/v2\/media\/14613"}],"wp:attachment":[{"href":"https:\/\/skaitytaknyga.lt\/en\/wp-json\/wp\/v2\/media?parent=14607"}],"wp:term":[{"taxonomy":"product_brand","embeddable":true,"href":"https:\/\/skaitytaknyga.lt\/en\/wp-json\/wp\/v2\/product_brand?post=14607"},{"taxonomy":"product_cat","embeddable":true,"href":"https:\/\/skaitytaknyga.lt\/en\/wp-json\/wp\/v2\/product_cat?post=14607"},{"taxonomy":"product_tag","embeddable":true,"href":"https:\/\/skaitytaknyga.lt\/en\/wp-json\/wp\/v2\/product_tag?post=14607"}],"curies":[{"name":"wp","href":"https:\/\/api.w.org\/{rel}","templated":true}]}}