{"id":14600,"date":"2024-11-12T13:46:00","date_gmt":"2024-11-12T11:46:00","guid":{"rendered":"https:\/\/skaitytaknyga.lt\/?post_type=product&#038;p=14600"},"modified":"2025-05-15T10:10:27","modified_gmt":"2025-05-15T07:10:27","slug":"nikelio-berniukai-nedideli-virselio-defektai","status":"publish","type":"product","link":"https:\/\/skaitytaknyga.lt\/en\/produktas\/nikelio-berniukai-nedideli-virselio-defektai\/","title":{"rendered":"Nikelio berniukai"},"content":{"rendered":"<p><strong>\u201eNikelio berniukai&#8221;<\/strong>\u00a0\u2013 romanas, para\u0161ytas remiantis tikra istorija apie Floridos valstijoje veikusi\u0105 berniuk\u0173 pataisos mokykl\u0105. Per vis\u0105 daugiau nei \u0161imto met\u0173 gyvavimo istorij\u0105 \u0161i institucija buvo \u012ftariama neleistinu \u017eiaurumu, i\u0161naudojimu, teroru ir smurtu, ta\u010diau n\u0117 vienas tyrimas nepakeit\u0117 negailestingos sistemos. 2011 m. mokykla pagaliau buvo u\u017edaryta. Jos teritorijoje buvo rasta keliolika nepa\u017eym\u0117t\u0173 kap\u0173, o v\u0117liau nustatyta, kad neai\u0161kiomis aplinkyb\u0117mis \u010dia mir\u0117 ar buvo nu\u017eudyta per 100 moksleivi\u0173.<\/p>\n<p>Septintajame de\u0161imtmetyje juodaodis berniukas Elvudas Kurtisas neteisingai nuteisiamas ir i\u0161siun\u010diamas peraukl\u0117ti \u012f paaugli\u0173 pataisos kolonij\u0105. Netrukus jis suvokia patek\u0119s ne \u012f peraukl\u0117jimo mokykl\u0105, o \u012f siaubo namus. Vienintelis vilties spindul\u0117lis \u2013 naujas bi\u010diulis Terneris, kitas Nikelio akademijos aukl\u0117tinis.<\/p>\n<p>Terneris nuo\u0161ird\u017eiai mano, kad Elvudas \u2013 bevilti\u0161kas, bej\u0117gis naivuolis. Pataisos namuose i\u0161gyventi \u012fmanoma tik pasitelkus visas \u012fmanomas gudrybes, o ne s\u0105\u017einingum\u0105 ir atvirum\u0105. I\u0161 esm\u0117s skirtinga idealisto Elvudo ir ciniko Ternerio pasaul\u0117\u017ei\u016bra papildo viena kit\u0105 ir suteikia j\u0117g\u0173 abiem draugams.<\/p>\n<ul class=\"about-product d-none d-xl-block mt-4\">\n<li><strong>Originalus pavadinimas:<\/strong>\u00a0The Nickel Boys<\/li>\n<li><strong>Autorius:<\/strong>\u00a0Colson Whitehead<\/li>\n<li><strong>Leid\u0117jas:<\/strong>\u00a0Alma littera<\/li>\n<li><strong>Metai:<\/strong>\u00a02021<\/li>\n<li><strong>Puslapiai:<\/strong>\u00a0224<\/li>\n<li class=\"toggleable type-new-formats \"><strong>ISBN:<\/strong>\u00a09786090145470<\/li>\n<li><strong>Versijos kodas:<\/strong>\u00a04<\/li>\n<li class=\"toggleable type-new-formats \"><strong>Formatas:<\/strong>\u00a014,3 x 21,3 x 2 cm, kieti vir\u0161eliai<\/li>\n<li><strong>Kalba:<\/strong>\u00a0Lietuvi\u0173<\/li>\n<li><strong>Vert\u0117jas:<\/strong>\u00a0Eugenijus Ali\u0161anka<\/li>\n<\/ul>\n","protected":false},"excerpt":{"rendered":"<p>\u201eNikelio berniukai&#8221;\u00a0\u2013 romanas, para\u0161ytas remiantis tikra istorija apie Floridos valstijoje veikusi\u0105 berniuk\u0173 pataisos mokykl\u0105. Per vis\u0105 daugiau nei \u0161imto met\u0173 gyvavimo istorij\u0105 \u0161i institucija buvo \u012ftariama neleistinu \u017eiaurumu, i\u0161naudojimu, teroru ir smurtu, ta\u010diau n\u0117 vienas tyrimas nepakeit\u0117 negailestingos sistemos. 2011 m. mokykla pagaliau buvo u\u017edaryta. Jos teritorijoje buvo rasta keliolika nepa\u017eym\u0117t\u0173 kap\u0173, o v\u0117liau nustatyta, kad neai\u0161kiomis aplinkyb\u0117mis \u010dia mir\u0117 ar buvo nu\u017eudyta per 100 moksleivi\u0173. Septintajame de\u0161imtmetyje juodaodis berniukas Elvudas Kurtisas neteisingai nuteisiamas ir i\u0161siun\u010diamas peraukl\u0117ti \u012f paaugli\u0173 pataisos kolonij\u0105. Netrukus jis suvokia patek\u0119s ne \u012f peraukl\u0117jimo mokykl\u0105, o \u012f siaubo namus. Vienintelis vilties spindul\u0117lis \u2013 naujas bi\u010diulis Terneris, kitas Nikelio akademijos aukl\u0117tinis. Terneris nuo\u0161ird\u017eiai mano, kad Elvudas \u2013 bevilti\u0161kas, bej\u0117gis naivuolis. Pataisos namuose i\u0161gyventi \u012fmanoma tik pasitelkus visas \u012fmanomas gudrybes, o ne s\u0105\u017einingum\u0105 ir atvirum\u0105. I\u0161 esm\u0117s skirtinga idealisto Elvudo ir ciniko Ternerio pasaul\u0117\u017ei\u016bra papildo viena kit\u0105 ir suteikia j\u0117g\u0173 abiem draugams. Originalus pavadinimas:\u00a0The Nickel Boys Autorius:\u00a0Colson Whitehead Leid\u0117jas:\u00a0Alma littera Metai:\u00a02021 Puslapiai:\u00a0224 ISBN:\u00a09786090145470 Versijos kodas:\u00a04 Formatas:\u00a014,3 x 21,3 x 2 cm, kieti vir\u0161eliai Kalba:\u00a0Lietuvi\u0173 Vert\u0117jas:\u00a0Eugenijus Ali\u0161anka<\/p>\n","protected":false},"featured_media":14620,"comment_status":"open","ping_status":"closed","template":"","meta":{"_acf_changed":false,"site-sidebar-layout":"default","site-content-layout":"","ast-site-content-layout":"default","site-content-style":"default","site-sidebar-style":"default","ast-global-header-display":"","ast-banner-title-visibility":"","ast-main-header-display":"","ast-hfb-above-header-display":"","ast-hfb-below-header-display":"","ast-hfb-mobile-header-display":"","site-post-title":"","ast-breadcrumbs-content":"","ast-featured-img":"","footer-sml-layout":"","ast-disable-related-posts":"","theme-transparent-header-meta":"default","adv-header-id-meta":"","stick-header-meta":"","header-above-stick-meta":"","header-main-stick-meta":"","header-below-stick-meta":"","astra-migrate-meta-layouts":"set","ast-page-background-enabled":"default","ast-page-background-meta":{"desktop":{"background-color":"","background-image":"","background-repeat":"repeat","background-position":"center center","background-size":"auto","background-attachment":"scroll","background-type":"","background-media":"","overlay-type":"","overlay-color":"","overlay-opacity":"","overlay-gradient":""},"tablet":{"background-color":"","background-image":"","background-repeat":"repeat","background-position":"center center","background-size":"auto","background-attachment":"scroll","background-type":"","background-media":"","overlay-type":"","overlay-color":"","overlay-opacity":"","overlay-gradient":""},"mobile":{"background-color":"","background-image":"","background-repeat":"repeat","background-position":"center center","background-size":"auto","background-attachment":"scroll","background-type":"","background-media":"","overlay-type":"","overlay-color":"","overlay-opacity":"","overlay-gradient":""}},"ast-content-background-meta":{"desktop":{"background-color":"var(--ast-global-color-4)","background-image":"","background-repeat":"repeat","background-position":"center center","background-size":"auto","background-attachment":"scroll","background-type":"","background-media":"","overlay-type":"","overlay-color":"","overlay-opacity":"","overlay-gradient":""},"tablet":{"background-color":"var(--ast-global-color-4)","background-image":"","background-repeat":"repeat","background-position":"center center","background-size":"auto","background-attachment":"scroll","background-type":"","background-media":"","overlay-type":"","overlay-color":"","overlay-opacity":"","overlay-gradient":""},"mobile":{"background-color":"var(--ast-global-color-4)","background-image":"","background-repeat":"repeat","background-position":"center center","background-size":"auto","background-attachment":"scroll","background-type":"","background-media":"","overlay-type":"","overlay-color":"","overlay-opacity":"","overlay-gradient":""}}},"product_brand":[],"product_cat":[31,15],"product_tag":[2923,2918,2916,2919,2926,2917,2924,2922,2928,2920,2925,2927,2921],"class_list":{"0":"post-14600","1":"product","2":"type-product","3":"status-publish","4":"has-post-thumbnail","6":"product_cat-grozine-literatura","7":"product_cat-uncategorized","8":"product_tag-berniukai","9":"product_tag-berniuku-pataisos-mokykla","10":"product_tag-colson-whitehead","11":"product_tag-floridos-valstija","12":"product_tag-nepazymeti-kapai","13":"product_tag-pataisos-mokykla","14":"product_tag-sistema","15":"product_tag-smurtas","16":"product_tag-socialine-teisingumo-tema","17":"product_tag-tikra-istorija","18":"product_tag-uzdaryta-mokykla","19":"product_tag-vaiku-teises","20":"product_tag-ziaurumas","21":"desktop-align-left","22":"tablet-align-left","23":"mobile-align-left","25":"first","26":"instock","27":"shipping-taxable","28":"purchasable","29":"product-type-simple"},"acf":[],"yoast_head":"<!-- This site is optimized with the Yoast SEO plugin v27.0 - https:\/\/yoast.com\/product\/yoast-seo-wordpress\/ -->\n<title>Nikelio berniukai<\/title>\n<meta name=\"description\" content=\"\u201eNikelio berniukai&quot;\u00a0\u2013 romanas, para\u0161ytas remiantis tikra istorija apie Floridos valstijoje veikusi\u0105 berniuk\u0173 pataisos mokykl\u0105. Per vis\u0105 daugiau nei \u0161imto\" \/>\n<meta name=\"robots\" content=\"index, follow, max-snippet:-1, max-image-preview:large, max-video-preview:-1\" \/>\n<link rel=\"canonical\" href=\"https:\/\/skaitytaknyga.lt\/en\/produktas\/nikelio-berniukai-nedideli-virselio-defektai\/\" \/>\n<meta property=\"og:locale\" content=\"en_GB\" \/>\n<meta property=\"og:locale:alternate\" content=\"lt_LT\" \/>\n<meta property=\"og:type\" content=\"article\" \/>\n<meta property=\"og:title\" content=\"Nikelio berniukai\" \/>\n<meta property=\"og:description\" content=\"\u201eNikelio berniukai&quot;\u00a0\u2013 romanas, para\u0161ytas remiantis tikra istorija apie Floridos valstijoje veikusi\u0105 berniuk\u0173 pataisos mokykl\u0105. Per vis\u0105 daugiau nei \u0161imto\" \/>\n<meta property=\"og:url\" content=\"https:\/\/skaitytaknyga.lt\/en\/produktas\/nikelio-berniukai-nedideli-virselio-defektai\/\" \/>\n<meta property=\"og:site_name\" content=\"Skaitytaknyga\" \/>\n<meta property=\"article:publisher\" content=\"https:\/\/www.facebook.com\/skaitytaknyga\/\" \/>\n<meta property=\"article:modified_time\" content=\"2025-05-15T07:10:27+00:00\" \/>\n<meta property=\"og:image\" content=\"https:\/\/skaitytaknyga.lt\/wp-content\/uploads\/2024\/11\/Nikelio-berniukai-nedideli-virselio-defektai.webp\" \/>\n\t<meta property=\"og:image:width\" content=\"542\" \/>\n\t<meta property=\"og:image:height\" content=\"800\" \/>\n\t<meta property=\"og:image:type\" content=\"image\/webp\" \/>\n<meta name=\"twitter:card\" content=\"summary_large_image\" \/>\n<meta name=\"twitter:label1\" content=\"Estimated reading time\" \/>\n\t<meta name=\"twitter:data1\" content=\"2 minutes\" \/>\n<script type=\"application\/ld+json\" class=\"yoast-schema-graph\">{\"@context\":\"https:\/\/schema.org\",\"@graph\":[{\"@type\":\"WebPage\",\"@id\":\"https:\/\/skaitytaknyga.lt\/produktas\/nikelio-berniukai-nedideli-virselio-defektai\/\",\"url\":\"https:\/\/skaitytaknyga.lt\/produktas\/nikelio-berniukai-nedideli-virselio-defektai\/\",\"name\":\"Nikelio berniukai\",\"isPartOf\":{\"@id\":\"https:\/\/skaitytaknyga.lt\/#website\"},\"primaryImageOfPage\":{\"@id\":\"https:\/\/skaitytaknyga.lt\/produktas\/nikelio-berniukai-nedideli-virselio-defektai\/#primaryimage\"},\"image\":{\"@id\":\"https:\/\/skaitytaknyga.lt\/produktas\/nikelio-berniukai-nedideli-virselio-defektai\/#primaryimage\"},\"thumbnailUrl\":\"https:\/\/skaitytaknyga.lt\/wp-content\/uploads\/2024\/11\/Nikelio-berniukai-nedideli-virselio-defektai.webp\",\"datePublished\":\"2024-11-12T11:46:00+00:00\",\"dateModified\":\"2025-05-15T07:10:27+00:00\",\"description\":\"\u201eNikelio berniukai\\\"\u00a0\u2013 romanas, para\u0161ytas remiantis tikra istorija apie Floridos valstijoje veikusi\u0105 berniuk\u0173 pataisos mokykl\u0105. Per vis\u0105 daugiau nei \u0161imto\",\"breadcrumb\":{\"@id\":\"https:\/\/skaitytaknyga.lt\/produktas\/nikelio-berniukai-nedideli-virselio-defektai\/#breadcrumb\"},\"inLanguage\":\"en-GB\",\"potentialAction\":[{\"@type\":\"ReadAction\",\"target\":[\"https:\/\/skaitytaknyga.lt\/produktas\/nikelio-berniukai-nedideli-virselio-defektai\/\"]}]},{\"@type\":\"ImageObject\",\"inLanguage\":\"en-GB\",\"@id\":\"https:\/\/skaitytaknyga.lt\/produktas\/nikelio-berniukai-nedideli-virselio-defektai\/#primaryimage\",\"url\":\"https:\/\/skaitytaknyga.lt\/wp-content\/uploads\/2024\/11\/Nikelio-berniukai-nedideli-virselio-defektai.webp\",\"contentUrl\":\"https:\/\/skaitytaknyga.lt\/wp-content\/uploads\/2024\/11\/Nikelio-berniukai-nedideli-virselio-defektai.webp\",\"width\":542,\"height\":800,\"caption\":\"Nikelio berniukai (nedideli vir\u0161elio defektai)\"},{\"@type\":\"BreadcrumbList\",\"@id\":\"https:\/\/skaitytaknyga.lt\/produktas\/nikelio-berniukai-nedideli-virselio-defektai\/#breadcrumb\",\"itemListElement\":[{\"@type\":\"ListItem\",\"position\":1,\"name\":\"Home\",\"item\":\"https:\/\/skaitytaknyga.lt\/\"},{\"@type\":\"ListItem\",\"position\":2,\"name\":\"Parduotuv\u0117\",\"item\":\"https:\/\/skaitytaknyga.lt\/knygu-parduotuve\/\"},{\"@type\":\"ListItem\",\"position\":3,\"name\":\"Nikelio berniukai\"}]},{\"@type\":\"WebSite\",\"@id\":\"https:\/\/skaitytaknyga.lt\/#website\",\"url\":\"https:\/\/skaitytaknyga.lt\/\",\"name\":\"skaitytaknyga.lt\",\"description\":\"Skaitytaknyga.lt \u2013 tai ma\u017eas \u0161eimos verslas, kuris prasid\u0117jo nuo meil\u0117s knygoms ir siekio i\u0161gelb\u0117ti knygas nuo likimo prie konteinerio. Kas vienam nereikalingas daiktas \u2013 kitam lobis, o mes esame tarpininkai, kurie padeda abiems tapti laimingesniems ???? \u017dinome kaip nelengva i\u0161gyventi ma\u017eiems verslams, tad nuo \u0161iol, \u010dia rasite ir kit\u0173, ma\u017e\u0173 \u0161eim\u0173 versl\u0173, rank\u0173 darbo, dovan\u0173 sau ir artimiesiems.\",\"publisher\":{\"@id\":\"https:\/\/skaitytaknyga.lt\/#organization\"},\"potentialAction\":[{\"@type\":\"SearchAction\",\"target\":{\"@type\":\"EntryPoint\",\"urlTemplate\":\"https:\/\/skaitytaknyga.lt\/?s={search_term_string}\"},\"query-input\":{\"@type\":\"PropertyValueSpecification\",\"valueRequired\":true,\"valueName\":\"search_term_string\"}}],\"inLanguage\":\"en-GB\"},{\"@type\":\"Organization\",\"@id\":\"https:\/\/skaitytaknyga.lt\/#organization\",\"name\":\"skaitytaknyga.lt\",\"url\":\"https:\/\/skaitytaknyga.lt\/\",\"logo\":{\"@type\":\"ImageObject\",\"inLanguage\":\"en-GB\",\"@id\":\"https:\/\/skaitytaknyga.lt\/#\/schema\/logo\/image\/\",\"url\":\"https:\/\/skaitytaknyga.lt\/wp-content\/uploads\/2024\/05\/cropped-cropped-cropped-02_00843_jt3bggkj1j3HLc7SyY6rEUpg.jpeg\",\"contentUrl\":\"https:\/\/skaitytaknyga.lt\/wp-content\/uploads\/2024\/05\/cropped-cropped-cropped-02_00843_jt3bggkj1j3HLc7SyY6rEUpg.jpeg\",\"width\":1600,\"height\":1600,\"caption\":\"skaitytaknyga.lt\"},\"image\":{\"@id\":\"https:\/\/skaitytaknyga.lt\/#\/schema\/logo\/image\/\"},\"sameAs\":[\"https:\/\/www.facebook.com\/skaitytaknyga\/\"]}]}<\/script>\n<!-- \/ Yoast SEO plugin. -->","yoast_head_json":{"title":"Nikelio berniukai","description":"\u201eNikelio berniukai\"\u00a0\u2013 romanas, para\u0161ytas remiantis tikra istorija apie Floridos valstijoje veikusi\u0105 berniuk\u0173 pataisos mokykl\u0105. Per vis\u0105 daugiau nei \u0161imto","robots":{"index":"index","follow":"follow","max-snippet":"max-snippet:-1","max-image-preview":"max-image-preview:large","max-video-preview":"max-video-preview:-1"},"canonical":"https:\/\/skaitytaknyga.lt\/en\/produktas\/nikelio-berniukai-nedideli-virselio-defektai\/","og_locale":"en_GB","og_type":"article","og_title":"[:lt]Nikelio berniukai[:] - Skaitytaknyga","og_description":"\u201eNikelio berniukai\"\u00a0\u2013 romanas, para\u0161ytas remiantis tikra istorija apie Floridos valstijoje veikusi\u0105 berniuk\u0173 pataisos mokykl\u0105. Per vis\u0105 daugiau nei \u0161imto","og_url":"https:\/\/skaitytaknyga.lt\/en\/produktas\/nikelio-berniukai-nedideli-virselio-defektai\/","og_site_name":"Skaitytaknyga","article_publisher":"https:\/\/www.facebook.com\/skaitytaknyga\/","article_modified_time":"2025-05-15T07:10:27+00:00","og_image":[{"width":542,"height":800,"url":"https:\/\/skaitytaknyga.lt\/wp-content\/uploads\/2024\/11\/Nikelio-berniukai-nedideli-virselio-defektai.webp","type":"image\/webp"}],"twitter_card":"summary_large_image","twitter_misc":{"Estimated reading time":"2 minutes"},"schema":{"@context":"https:\/\/schema.org","@graph":[{"@type":"WebPage","@id":"https:\/\/skaitytaknyga.lt\/produktas\/nikelio-berniukai-nedideli-virselio-defektai\/","url":"https:\/\/skaitytaknyga.lt\/produktas\/nikelio-berniukai-nedideli-virselio-defektai\/","name":"Nikelio berniukai","isPartOf":{"@id":"https:\/\/skaitytaknyga.lt\/#website"},"primaryImageOfPage":{"@id":"https:\/\/skaitytaknyga.lt\/produktas\/nikelio-berniukai-nedideli-virselio-defektai\/#primaryimage"},"image":{"@id":"https:\/\/skaitytaknyga.lt\/produktas\/nikelio-berniukai-nedideli-virselio-defektai\/#primaryimage"},"thumbnailUrl":"https:\/\/skaitytaknyga.lt\/wp-content\/uploads\/2024\/11\/Nikelio-berniukai-nedideli-virselio-defektai.webp","datePublished":"2024-11-12T11:46:00+00:00","dateModified":"2025-05-15T07:10:27+00:00","description":"\u201eNikelio berniukai\"\u00a0\u2013 romanas, para\u0161ytas remiantis tikra istorija apie Floridos valstijoje veikusi\u0105 berniuk\u0173 pataisos mokykl\u0105. Per vis\u0105 daugiau nei \u0161imto","breadcrumb":{"@id":"https:\/\/skaitytaknyga.lt\/produktas\/nikelio-berniukai-nedideli-virselio-defektai\/#breadcrumb"},"inLanguage":"en-GB","potentialAction":[{"@type":"ReadAction","target":["https:\/\/skaitytaknyga.lt\/produktas\/nikelio-berniukai-nedideli-virselio-defektai\/"]}]},{"@type":"ImageObject","inLanguage":"en-GB","@id":"https:\/\/skaitytaknyga.lt\/produktas\/nikelio-berniukai-nedideli-virselio-defektai\/#primaryimage","url":"https:\/\/skaitytaknyga.lt\/wp-content\/uploads\/2024\/11\/Nikelio-berniukai-nedideli-virselio-defektai.webp","contentUrl":"https:\/\/skaitytaknyga.lt\/wp-content\/uploads\/2024\/11\/Nikelio-berniukai-nedideli-virselio-defektai.webp","width":542,"height":800,"caption":"Nikelio berniukai (nedideli vir\u0161elio defektai)"},{"@type":"BreadcrumbList","@id":"https:\/\/skaitytaknyga.lt\/produktas\/nikelio-berniukai-nedideli-virselio-defektai\/#breadcrumb","itemListElement":[{"@type":"ListItem","position":1,"name":"Home","item":"https:\/\/skaitytaknyga.lt\/"},{"@type":"ListItem","position":2,"name":"Parduotuv\u0117","item":"https:\/\/skaitytaknyga.lt\/knygu-parduotuve\/"},{"@type":"ListItem","position":3,"name":"Nikelio berniukai"}]},{"@type":"WebSite","@id":"https:\/\/skaitytaknyga.lt\/#website","url":"https:\/\/skaitytaknyga.lt\/","name":"skaitytaknyga.lt","description":"Skaitytaknyga.lt \u2013 tai ma\u017eas \u0161eimos verslas, kuris prasid\u0117jo nuo meil\u0117s knygoms ir siekio i\u0161gelb\u0117ti knygas nuo likimo prie konteinerio. Kas vienam nereikalingas daiktas \u2013 kitam lobis, o mes esame tarpininkai, kurie padeda abiems tapti laimingesniems ???? \u017dinome kaip nelengva i\u0161gyventi ma\u017eiems verslams, tad nuo \u0161iol, \u010dia rasite ir kit\u0173, ma\u017e\u0173 \u0161eim\u0173 versl\u0173, rank\u0173 darbo, dovan\u0173 sau ir artimiesiems.","publisher":{"@id":"https:\/\/skaitytaknyga.lt\/#organization"},"potentialAction":[{"@type":"SearchAction","target":{"@type":"EntryPoint","urlTemplate":"https:\/\/skaitytaknyga.lt\/?s={search_term_string}"},"query-input":{"@type":"PropertyValueSpecification","valueRequired":true,"valueName":"search_term_string"}}],"inLanguage":"en-GB"},{"@type":"Organization","@id":"https:\/\/skaitytaknyga.lt\/#organization","name":"skaitytaknyga.lt","url":"https:\/\/skaitytaknyga.lt\/","logo":{"@type":"ImageObject","inLanguage":"en-GB","@id":"https:\/\/skaitytaknyga.lt\/#\/schema\/logo\/image\/","url":"https:\/\/skaitytaknyga.lt\/wp-content\/uploads\/2024\/05\/cropped-cropped-cropped-02_00843_jt3bggkj1j3HLc7SyY6rEUpg.jpeg","contentUrl":"https:\/\/skaitytaknyga.lt\/wp-content\/uploads\/2024\/05\/cropped-cropped-cropped-02_00843_jt3bggkj1j3HLc7SyY6rEUpg.jpeg","width":1600,"height":1600,"caption":"skaitytaknyga.lt"},"image":{"@id":"https:\/\/skaitytaknyga.lt\/#\/schema\/logo\/image\/"},"sameAs":["https:\/\/www.facebook.com\/skaitytaknyga\/"]}]}},"_links":{"self":[{"href":"https:\/\/skaitytaknyga.lt\/en\/wp-json\/wp\/v2\/product\/14600","targetHints":{"allow":["GET"]}}],"collection":[{"href":"https:\/\/skaitytaknyga.lt\/en\/wp-json\/wp\/v2\/product"}],"about":[{"href":"https:\/\/skaitytaknyga.lt\/en\/wp-json\/wp\/v2\/types\/product"}],"replies":[{"embeddable":true,"href":"https:\/\/skaitytaknyga.lt\/en\/wp-json\/wp\/v2\/comments?post=14600"}],"wp:featuredmedia":[{"embeddable":true,"href":"https:\/\/skaitytaknyga.lt\/en\/wp-json\/wp\/v2\/media\/14620"}],"wp:attachment":[{"href":"https:\/\/skaitytaknyga.lt\/en\/wp-json\/wp\/v2\/media?parent=14600"}],"wp:term":[{"taxonomy":"product_brand","embeddable":true,"href":"https:\/\/skaitytaknyga.lt\/en\/wp-json\/wp\/v2\/product_brand?post=14600"},{"taxonomy":"product_cat","embeddable":true,"href":"https:\/\/skaitytaknyga.lt\/en\/wp-json\/wp\/v2\/product_cat?post=14600"},{"taxonomy":"product_tag","embeddable":true,"href":"https:\/\/skaitytaknyga.lt\/en\/wp-json\/wp\/v2\/product_tag?post=14600"}],"curies":[{"name":"wp","href":"https:\/\/api.w.org\/{rel}","templated":true}]}}