{"id":14584,"date":"2024-11-12T13:03:48","date_gmt":"2024-11-12T11:03:48","guid":{"rendered":"https:\/\/skaitytaknyga.lt\/?post_type=product&#038;p=14584"},"modified":"2024-11-12T13:40:26","modified_gmt":"2024-11-12T11:40:26","slug":"hudinis-slaptas-magijos-pasaulis","status":"publish","type":"product","link":"https:\/\/skaitytaknyga.lt\/en\/produktas\/hudinis-slaptas-magijos-pasaulis\/","title":{"rendered":"Hudinis. Slaptas magijos pasaulis"},"content":{"rendered":"<p><strong>Magas, i\u0161rad\u0117jas, \u0161nipas \u2013 tokios biografijos dar neskait\u0117te!<\/strong><\/p>\n<p>Jis pab\u0117go i\u0161 vis\u0173 kal\u0117jim\u0173, i\u0161sivaduodavo i\u0161 bet koki\u0173 pan\u010di\u0173 &#8211; tai viskas, k\u0105 dauguma m\u016bs\u0173 yra gird\u0117j\u0119 apie Hudin\u012f, nors dar ir \u0161iandien jo triukus bando pakartoti garsiausi pasaulio iliuzionistai, o istorikai gin\u010dijasi, ar magas buvo slaptas JAV \u0161nipas.<\/p>\n<p>Jau 84 metus Hario Hudinio, garsiausio savo laik\u0173 artisto, kuris gal\u0117jo tapti Rasputino \u012fp\u0117diniu caro r\u016bmuose, kuris pirmasis pakilo l\u0117ktuvu \u012f Australijos padang\u0119, kurio vardas tapo bendriniu \u017eod\u017eiu ir kurio seifas su brangenyb\u0117mis bei triuk\u0173 paai\u0161kinimais ligi \u0161iol nerastas, gyvenimas narstomas biografijose, filmuose bei televizijoje. Apie joki\u0105 kit\u0105 garsenyb\u0119 n\u0117ra prikurta tiek mit\u0173, kiek apie \u0161\u012f iliuzij\u0173 meistr\u0105, dalies j\u0173 autorius &#8211; pats Hudinis.<\/p>\n<p>Nusprend\u0119 i\u0161siai\u0161kinti ties\u0105, magijos ekspertas Williamas Kalushas ir bestseleri\u0173 autorius Larry Slomanas sujung\u0117 j\u0117gas ir pam\u0117gino atskleisti \u017emog\u0173 u\u017e Hudinio mito. Tai, k\u0105 jie i\u0161trauk\u0117 i\u0161 milijon\u0173 puslapi\u0173 med\u017eiagos, pranoko lakiausi\u0105 fantazij\u0105. Nesuskai\u010diuojami lai\u0161kai (vien Hudinis per gyvenim\u0105 j\u0173 asmeni\u0161kai para\u0161\u0117 apie 150 000!), galyb\u0117 publikacij\u0173, vyriausybini\u0173 dokument\u0173 bei liudinink\u0173 pasakojim\u0173 atskleid\u017eia, kas vert\u0117 rabino s\u016bn\u0173 atlikti vis pavojingesnius triukus, dirbti vyriausyb\u0117s agentu ir stoti \u012f mirtin\u0105 kry\u017eiaus \u017eyg\u012f prie\u0161 spiritistus su seru Art\u016bru Konanu Doiliu prie\u0161aky.<\/p>\n<p>J\u016bs\u0173 rankose &#8211; biografija, nepana\u0161i \u012f joki\u0105 kit\u0105, nes \u012ftampa primena ger\u0105 triler\u012f, o sekdama did\u017eiojo mago keli\u0105 i\u0161 skurdo iki pasaulin\u0117s \u0161lov\u0117s praskleid\u017eia u\u017edang\u0105 \u012f nepa\u017e\u012fstam\u0105 magijos profesional\u0173 pasaul\u012f. \u0160ioje unikalioje knygoje autoriai i\u0161koduoja iliuzijomis maskuot\u0105 Hario Hudinio gyvenim\u0105 ir pateikia intym\u0173 bei jaudinant\u012f \u017emogaus-legendos portret\u0105.<\/p>\n<ul class=\"about-product d-none d-xl-block mt-4\">\n<li><strong>Autorius:<\/strong>\u00a0Larry Sloman,\u00a0William Kalush<\/li>\n<li><strong>Leid\u0117jas:<\/strong>\u00a0Obuolys<\/li>\n<li><strong>Metai:<\/strong>\u00a02010<\/li>\n<li><strong>Puslapiai:<\/strong>\u00a0672<\/li>\n<li class=\"toggleable type-new-formats \"><strong>ISBN:<\/strong>\u00a09786094031267<\/li>\n<li><strong>Versijos kodas:<\/strong>\u00a0PT.<\/li>\n<li class=\"toggleable type-new-formats \"><strong>Formatas:<\/strong>\u00a012,5 x 18,7 cm, mink\u0161ti vir\u0161eliai<\/li>\n<li><strong>Kalba:<\/strong>\u00a0Lietuvi\u0173<\/li>\n<li><strong>Vert\u0117jas:<\/strong>\u00a0Jurgita J\u0117rinait\u0117<\/li>\n<\/ul>\n","protected":false},"excerpt":{"rendered":"<p>Magas, i\u0161rad\u0117jas, \u0161nipas \u2013 tokios biografijos dar neskait\u0117te! Jis pab\u0117go i\u0161 vis\u0173 kal\u0117jim\u0173, i\u0161sivaduodavo i\u0161 bet koki\u0173 pan\u010di\u0173 &#8211; tai viskas, k\u0105 dauguma m\u016bs\u0173 yra gird\u0117j\u0119 apie Hudin\u012f, nors dar ir \u0161iandien jo triukus bando pakartoti garsiausi pasaulio iliuzionistai, o istorikai gin\u010dijasi, ar magas buvo slaptas JAV \u0161nipas. Jau 84 metus Hario Hudinio, garsiausio savo laik\u0173 artisto, kuris gal\u0117jo tapti Rasputino \u012fp\u0117diniu caro r\u016bmuose, kuris pirmasis pakilo l\u0117ktuvu \u012f Australijos padang\u0119, kurio vardas tapo bendriniu \u017eod\u017eiu ir kurio seifas su brangenyb\u0117mis bei triuk\u0173 paai\u0161kinimais ligi \u0161iol nerastas, gyvenimas narstomas biografijose, filmuose bei televizijoje. Apie joki\u0105 kit\u0105 garsenyb\u0119 n\u0117ra prikurta tiek mit\u0173, kiek apie \u0161\u012f iliuzij\u0173 meistr\u0105, dalies j\u0173 autorius &#8211; pats Hudinis. Nusprend\u0119 i\u0161siai\u0161kinti ties\u0105, magijos ekspertas Williamas Kalushas ir bestseleri\u0173 autorius Larry Slomanas sujung\u0117 j\u0117gas ir pam\u0117gino atskleisti \u017emog\u0173 u\u017e Hudinio mito. Tai, k\u0105 jie i\u0161trauk\u0117 i\u0161 milijon\u0173 puslapi\u0173 med\u017eiagos, pranoko lakiausi\u0105 fantazij\u0105. Nesuskai\u010diuojami lai\u0161kai (vien Hudinis per gyvenim\u0105 j\u0173 asmeni\u0161kai para\u0161\u0117 apie 150 000!), galyb\u0117 publikacij\u0173, vyriausybini\u0173 dokument\u0173 bei liudinink\u0173 pasakojim\u0173 atskleid\u017eia, kas vert\u0117 rabino s\u016bn\u0173 atlikti vis pavojingesnius triukus, dirbti vyriausyb\u0117s agentu ir stoti \u012f mirtin\u0105 kry\u017eiaus \u017eyg\u012f prie\u0161 spiritistus su seru Art\u016bru Konanu Doiliu prie\u0161aky. J\u016bs\u0173 rankose &#8211; biografija, nepana\u0161i \u012f joki\u0105 kit\u0105, nes \u012ftampa primena ger\u0105 triler\u012f, o sekdama did\u017eiojo mago keli\u0105 i\u0161 skurdo iki pasaulin\u0117s \u0161lov\u0117s praskleid\u017eia u\u017edang\u0105 \u012f nepa\u017e\u012fstam\u0105 magijos profesional\u0173 pasaul\u012f. \u0160ioje unikalioje knygoje autoriai i\u0161koduoja iliuzijomis maskuot\u0105 Hario Hudinio gyvenim\u0105 ir pateikia intym\u0173 bei jaudinant\u012f \u017emogaus-legendos portret\u0105. Autorius:\u00a0Larry Sloman,\u00a0William Kalush Leid\u0117jas:\u00a0Obuolys Metai:\u00a02010 Puslapiai:\u00a0672 ISBN:\u00a09786094031267 Versijos kodas:\u00a0PT. Formatas:\u00a012,5 x 18,7 cm, mink\u0161ti vir\u0161eliai Kalba:\u00a0Lietuvi\u0173 Vert\u0117jas:\u00a0Jurgita J\u0117rinait\u0117<\/p>\n","protected":false},"featured_media":14596,"comment_status":"open","ping_status":"closed","template":"","meta":{"_acf_changed":false,"site-sidebar-layout":"default","site-content-layout":"","ast-site-content-layout":"default","site-content-style":"default","site-sidebar-style":"default","ast-global-header-display":"","ast-banner-title-visibility":"","ast-main-header-display":"","ast-hfb-above-header-display":"","ast-hfb-below-header-display":"","ast-hfb-mobile-header-display":"","site-post-title":"","ast-breadcrumbs-content":"","ast-featured-img":"","footer-sml-layout":"","ast-disable-related-posts":"","theme-transparent-header-meta":"default","adv-header-id-meta":"","stick-header-meta":"","header-above-stick-meta":"","header-main-stick-meta":"","header-below-stick-meta":"","astra-migrate-meta-layouts":"set","ast-page-background-enabled":"default","ast-page-background-meta":{"desktop":{"background-color":"","background-image":"","background-repeat":"repeat","background-position":"center center","background-size":"auto","background-attachment":"scroll","background-type":"","background-media":"","overlay-type":"","overlay-color":"","overlay-opacity":"","overlay-gradient":""},"tablet":{"background-color":"","background-image":"","background-repeat":"repeat","background-position":"center center","background-size":"auto","background-attachment":"scroll","background-type":"","background-media":"","overlay-type":"","overlay-color":"","overlay-opacity":"","overlay-gradient":""},"mobile":{"background-color":"","background-image":"","background-repeat":"repeat","background-position":"center center","background-size":"auto","background-attachment":"scroll","background-type":"","background-media":"","overlay-type":"","overlay-color":"","overlay-opacity":"","overlay-gradient":""}},"ast-content-background-meta":{"desktop":{"background-color":"var(--ast-global-color-4)","background-image":"","background-repeat":"repeat","background-position":"center center","background-size":"auto","background-attachment":"scroll","background-type":"","background-media":"","overlay-type":"","overlay-color":"","overlay-opacity":"","overlay-gradient":""},"tablet":{"background-color":"var(--ast-global-color-4)","background-image":"","background-repeat":"repeat","background-position":"center center","background-size":"auto","background-attachment":"scroll","background-type":"","background-media":"","overlay-type":"","overlay-color":"","overlay-opacity":"","overlay-gradient":""},"mobile":{"background-color":"var(--ast-global-color-4)","background-image":"","background-repeat":"repeat","background-position":"center center","background-size":"auto","background-attachment":"scroll","background-type":"","background-media":"","overlay-type":"","overlay-color":"","overlay-opacity":"","overlay-gradient":""}}},"product_brand":[],"product_cat":[33,15],"product_tag":[],"class_list":{"0":"post-14584","1":"product","2":"type-product","3":"status-publish","4":"has-post-thumbnail","6":"product_cat-biografijos","7":"product_cat-uncategorized","8":"desktop-align-left","9":"tablet-align-left","10":"mobile-align-left","12":"first","13":"instock","14":"shipping-taxable","15":"purchasable","16":"product-type-simple"},"acf":[],"yoast_head":"<!-- This site is optimized with the Yoast SEO plugin v27.0 - https:\/\/yoast.com\/product\/yoast-seo-wordpress\/ -->\n<title>Hudinis. Slaptas magijos pasaulis<\/title>\n<meta name=\"description\" content=\"Magas, i\u0161rad\u0117jas, \u0161nipas \u2013 tokios biografijos dar neskait\u0117te! Jis pab\u0117go i\u0161 vis\u0173 kal\u0117jim\u0173, i\u0161sivaduodavo i\u0161 bet koki\u0173 pan\u010di\u0173 - tai viskas, k\u0105 dauguma m\u016bs\u0173\" \/>\n<meta name=\"robots\" content=\"index, follow, max-snippet:-1, max-image-preview:large, max-video-preview:-1\" \/>\n<link rel=\"canonical\" href=\"https:\/\/skaitytaknyga.lt\/en\/produktas\/hudinis-slaptas-magijos-pasaulis\/\" \/>\n<meta property=\"og:locale\" content=\"en_GB\" \/>\n<meta property=\"og:locale:alternate\" content=\"lt_LT\" \/>\n<meta property=\"og:type\" content=\"article\" \/>\n<meta property=\"og:title\" content=\"Hudinis. Slaptas magijos pasaulis\" \/>\n<meta property=\"og:description\" content=\"Magas, i\u0161rad\u0117jas, \u0161nipas \u2013 tokios biografijos dar neskait\u0117te! Jis pab\u0117go i\u0161 vis\u0173 kal\u0117jim\u0173, i\u0161sivaduodavo i\u0161 bet koki\u0173 pan\u010di\u0173 - tai viskas, k\u0105 dauguma m\u016bs\u0173\" \/>\n<meta property=\"og:url\" content=\"https:\/\/skaitytaknyga.lt\/en\/produktas\/hudinis-slaptas-magijos-pasaulis\/\" \/>\n<meta property=\"og:site_name\" content=\"Skaitytaknyga\" \/>\n<meta property=\"article:publisher\" content=\"https:\/\/www.facebook.com\/skaitytaknyga\/\" \/>\n<meta property=\"article:modified_time\" content=\"2024-11-12T11:40:26+00:00\" \/>\n<meta property=\"og:image\" content=\"https:\/\/skaitytaknyga.lt\/wp-content\/uploads\/2024\/11\/hudinis-1-e1731411611640.jpg\" \/>\n\t<meta property=\"og:image:width\" content=\"257\" \/>\n\t<meta property=\"og:image:height\" content=\"393\" \/>\n\t<meta property=\"og:image:type\" content=\"image\/jpeg\" \/>\n<meta name=\"twitter:card\" content=\"summary_large_image\" \/>\n<meta name=\"twitter:label1\" content=\"Estimated reading time\" \/>\n\t<meta name=\"twitter:data1\" content=\"2 minutes\" \/>\n<script type=\"application\/ld+json\" class=\"yoast-schema-graph\">{\"@context\":\"https:\/\/schema.org\",\"@graph\":[{\"@type\":\"WebPage\",\"@id\":\"https:\/\/skaitytaknyga.lt\/produktas\/hudinis-slaptas-magijos-pasaulis\/\",\"url\":\"https:\/\/skaitytaknyga.lt\/produktas\/hudinis-slaptas-magijos-pasaulis\/\",\"name\":\"Hudinis. Slaptas magijos pasaulis\",\"isPartOf\":{\"@id\":\"https:\/\/skaitytaknyga.lt\/#website\"},\"primaryImageOfPage\":{\"@id\":\"https:\/\/skaitytaknyga.lt\/produktas\/hudinis-slaptas-magijos-pasaulis\/#primaryimage\"},\"image\":{\"@id\":\"https:\/\/skaitytaknyga.lt\/produktas\/hudinis-slaptas-magijos-pasaulis\/#primaryimage\"},\"thumbnailUrl\":\"https:\/\/skaitytaknyga.lt\/wp-content\/uploads\/2024\/11\/hudinis-1-e1731411611640.jpg\",\"datePublished\":\"2024-11-12T11:03:48+00:00\",\"dateModified\":\"2024-11-12T11:40:26+00:00\",\"description\":\"Magas, i\u0161rad\u0117jas, \u0161nipas \u2013 tokios biografijos dar neskait\u0117te! Jis pab\u0117go i\u0161 vis\u0173 kal\u0117jim\u0173, i\u0161sivaduodavo i\u0161 bet koki\u0173 pan\u010di\u0173 - tai viskas, k\u0105 dauguma m\u016bs\u0173\",\"breadcrumb\":{\"@id\":\"https:\/\/skaitytaknyga.lt\/produktas\/hudinis-slaptas-magijos-pasaulis\/#breadcrumb\"},\"inLanguage\":\"en-GB\",\"potentialAction\":[{\"@type\":\"ReadAction\",\"target\":[\"https:\/\/skaitytaknyga.lt\/produktas\/hudinis-slaptas-magijos-pasaulis\/\"]}]},{\"@type\":\"ImageObject\",\"inLanguage\":\"en-GB\",\"@id\":\"https:\/\/skaitytaknyga.lt\/produktas\/hudinis-slaptas-magijos-pasaulis\/#primaryimage\",\"url\":\"https:\/\/skaitytaknyga.lt\/wp-content\/uploads\/2024\/11\/hudinis-1-e1731411611640.jpg\",\"contentUrl\":\"https:\/\/skaitytaknyga.lt\/wp-content\/uploads\/2024\/11\/hudinis-1-e1731411611640.jpg\",\"width\":257,\"height\":393,\"caption\":\"Hudinis. Slaptas magijos pasaulis\"},{\"@type\":\"BreadcrumbList\",\"@id\":\"https:\/\/skaitytaknyga.lt\/produktas\/hudinis-slaptas-magijos-pasaulis\/#breadcrumb\",\"itemListElement\":[{\"@type\":\"ListItem\",\"position\":1,\"name\":\"Home\",\"item\":\"https:\/\/skaitytaknyga.lt\/\"},{\"@type\":\"ListItem\",\"position\":2,\"name\":\"Parduotuv\u0117\",\"item\":\"https:\/\/skaitytaknyga.lt\/knygu-parduotuve\/\"},{\"@type\":\"ListItem\",\"position\":3,\"name\":\"Hudinis. Slaptas magijos pasaulis\"}]},{\"@type\":\"WebSite\",\"@id\":\"https:\/\/skaitytaknyga.lt\/#website\",\"url\":\"https:\/\/skaitytaknyga.lt\/\",\"name\":\"skaitytaknyga.lt\",\"description\":\"Skaitytaknyga.lt \u2013 tai ma\u017eas \u0161eimos verslas, kuris prasid\u0117jo nuo meil\u0117s knygoms ir siekio i\u0161gelb\u0117ti knygas nuo likimo prie konteinerio. Kas vienam nereikalingas daiktas \u2013 kitam lobis, o mes esame tarpininkai, kurie padeda abiems tapti laimingesniems ???? \u017dinome kaip nelengva i\u0161gyventi ma\u017eiems verslams, tad nuo \u0161iol, \u010dia rasite ir kit\u0173, ma\u017e\u0173 \u0161eim\u0173 versl\u0173, rank\u0173 darbo, dovan\u0173 sau ir artimiesiems.\",\"publisher\":{\"@id\":\"https:\/\/skaitytaknyga.lt\/#organization\"},\"potentialAction\":[{\"@type\":\"SearchAction\",\"target\":{\"@type\":\"EntryPoint\",\"urlTemplate\":\"https:\/\/skaitytaknyga.lt\/?s={search_term_string}\"},\"query-input\":{\"@type\":\"PropertyValueSpecification\",\"valueRequired\":true,\"valueName\":\"search_term_string\"}}],\"inLanguage\":\"en-GB\"},{\"@type\":\"Organization\",\"@id\":\"https:\/\/skaitytaknyga.lt\/#organization\",\"name\":\"skaitytaknyga.lt\",\"url\":\"https:\/\/skaitytaknyga.lt\/\",\"logo\":{\"@type\":\"ImageObject\",\"inLanguage\":\"en-GB\",\"@id\":\"https:\/\/skaitytaknyga.lt\/#\/schema\/logo\/image\/\",\"url\":\"https:\/\/skaitytaknyga.lt\/wp-content\/uploads\/2024\/05\/cropped-cropped-cropped-02_00843_jt3bggkj1j3HLc7SyY6rEUpg.jpeg\",\"contentUrl\":\"https:\/\/skaitytaknyga.lt\/wp-content\/uploads\/2024\/05\/cropped-cropped-cropped-02_00843_jt3bggkj1j3HLc7SyY6rEUpg.jpeg\",\"width\":1600,\"height\":1600,\"caption\":\"skaitytaknyga.lt\"},\"image\":{\"@id\":\"https:\/\/skaitytaknyga.lt\/#\/schema\/logo\/image\/\"},\"sameAs\":[\"https:\/\/www.facebook.com\/skaitytaknyga\/\"]}]}<\/script>\n<!-- \/ Yoast SEO plugin. -->","yoast_head_json":{"title":"Hudinis. Slaptas magijos pasaulis","description":"Magas, i\u0161rad\u0117jas, \u0161nipas \u2013 tokios biografijos dar neskait\u0117te! Jis pab\u0117go i\u0161 vis\u0173 kal\u0117jim\u0173, i\u0161sivaduodavo i\u0161 bet koki\u0173 pan\u010di\u0173 - tai viskas, k\u0105 dauguma m\u016bs\u0173","robots":{"index":"index","follow":"follow","max-snippet":"max-snippet:-1","max-image-preview":"max-image-preview:large","max-video-preview":"max-video-preview:-1"},"canonical":"https:\/\/skaitytaknyga.lt\/en\/produktas\/hudinis-slaptas-magijos-pasaulis\/","og_locale":"en_GB","og_type":"article","og_title":"[:lt]Hudinis. Slaptas magijos pasaulis[:] - Skaitytaknyga","og_description":"Magas, i\u0161rad\u0117jas, \u0161nipas \u2013 tokios biografijos dar neskait\u0117te! Jis pab\u0117go i\u0161 vis\u0173 kal\u0117jim\u0173, i\u0161sivaduodavo i\u0161 bet koki\u0173 pan\u010di\u0173 - tai viskas, k\u0105 dauguma m\u016bs\u0173","og_url":"https:\/\/skaitytaknyga.lt\/en\/produktas\/hudinis-slaptas-magijos-pasaulis\/","og_site_name":"Skaitytaknyga","article_publisher":"https:\/\/www.facebook.com\/skaitytaknyga\/","article_modified_time":"2024-11-12T11:40:26+00:00","og_image":[{"width":257,"height":393,"url":"https:\/\/skaitytaknyga.lt\/wp-content\/uploads\/2024\/11\/hudinis-1-e1731411611640.jpg","type":"image\/jpeg"}],"twitter_card":"summary_large_image","twitter_misc":{"Estimated reading time":"2 minutes"},"schema":{"@context":"https:\/\/schema.org","@graph":[{"@type":"WebPage","@id":"https:\/\/skaitytaknyga.lt\/produktas\/hudinis-slaptas-magijos-pasaulis\/","url":"https:\/\/skaitytaknyga.lt\/produktas\/hudinis-slaptas-magijos-pasaulis\/","name":"Hudinis. Slaptas magijos pasaulis","isPartOf":{"@id":"https:\/\/skaitytaknyga.lt\/#website"},"primaryImageOfPage":{"@id":"https:\/\/skaitytaknyga.lt\/produktas\/hudinis-slaptas-magijos-pasaulis\/#primaryimage"},"image":{"@id":"https:\/\/skaitytaknyga.lt\/produktas\/hudinis-slaptas-magijos-pasaulis\/#primaryimage"},"thumbnailUrl":"https:\/\/skaitytaknyga.lt\/wp-content\/uploads\/2024\/11\/hudinis-1-e1731411611640.jpg","datePublished":"2024-11-12T11:03:48+00:00","dateModified":"2024-11-12T11:40:26+00:00","description":"Magas, i\u0161rad\u0117jas, \u0161nipas \u2013 tokios biografijos dar neskait\u0117te! Jis pab\u0117go i\u0161 vis\u0173 kal\u0117jim\u0173, i\u0161sivaduodavo i\u0161 bet koki\u0173 pan\u010di\u0173 - tai viskas, k\u0105 dauguma m\u016bs\u0173","breadcrumb":{"@id":"https:\/\/skaitytaknyga.lt\/produktas\/hudinis-slaptas-magijos-pasaulis\/#breadcrumb"},"inLanguage":"en-GB","potentialAction":[{"@type":"ReadAction","target":["https:\/\/skaitytaknyga.lt\/produktas\/hudinis-slaptas-magijos-pasaulis\/"]}]},{"@type":"ImageObject","inLanguage":"en-GB","@id":"https:\/\/skaitytaknyga.lt\/produktas\/hudinis-slaptas-magijos-pasaulis\/#primaryimage","url":"https:\/\/skaitytaknyga.lt\/wp-content\/uploads\/2024\/11\/hudinis-1-e1731411611640.jpg","contentUrl":"https:\/\/skaitytaknyga.lt\/wp-content\/uploads\/2024\/11\/hudinis-1-e1731411611640.jpg","width":257,"height":393,"caption":"Hudinis. Slaptas magijos pasaulis"},{"@type":"BreadcrumbList","@id":"https:\/\/skaitytaknyga.lt\/produktas\/hudinis-slaptas-magijos-pasaulis\/#breadcrumb","itemListElement":[{"@type":"ListItem","position":1,"name":"Home","item":"https:\/\/skaitytaknyga.lt\/"},{"@type":"ListItem","position":2,"name":"Parduotuv\u0117","item":"https:\/\/skaitytaknyga.lt\/knygu-parduotuve\/"},{"@type":"ListItem","position":3,"name":"Hudinis. Slaptas magijos pasaulis"}]},{"@type":"WebSite","@id":"https:\/\/skaitytaknyga.lt\/#website","url":"https:\/\/skaitytaknyga.lt\/","name":"skaitytaknyga.lt","description":"Skaitytaknyga.lt \u2013 tai ma\u017eas \u0161eimos verslas, kuris prasid\u0117jo nuo meil\u0117s knygoms ir siekio i\u0161gelb\u0117ti knygas nuo likimo prie konteinerio. Kas vienam nereikalingas daiktas \u2013 kitam lobis, o mes esame tarpininkai, kurie padeda abiems tapti laimingesniems ???? \u017dinome kaip nelengva i\u0161gyventi ma\u017eiems verslams, tad nuo \u0161iol, \u010dia rasite ir kit\u0173, ma\u017e\u0173 \u0161eim\u0173 versl\u0173, rank\u0173 darbo, dovan\u0173 sau ir artimiesiems.","publisher":{"@id":"https:\/\/skaitytaknyga.lt\/#organization"},"potentialAction":[{"@type":"SearchAction","target":{"@type":"EntryPoint","urlTemplate":"https:\/\/skaitytaknyga.lt\/?s={search_term_string}"},"query-input":{"@type":"PropertyValueSpecification","valueRequired":true,"valueName":"search_term_string"}}],"inLanguage":"en-GB"},{"@type":"Organization","@id":"https:\/\/skaitytaknyga.lt\/#organization","name":"skaitytaknyga.lt","url":"https:\/\/skaitytaknyga.lt\/","logo":{"@type":"ImageObject","inLanguage":"en-GB","@id":"https:\/\/skaitytaknyga.lt\/#\/schema\/logo\/image\/","url":"https:\/\/skaitytaknyga.lt\/wp-content\/uploads\/2024\/05\/cropped-cropped-cropped-02_00843_jt3bggkj1j3HLc7SyY6rEUpg.jpeg","contentUrl":"https:\/\/skaitytaknyga.lt\/wp-content\/uploads\/2024\/05\/cropped-cropped-cropped-02_00843_jt3bggkj1j3HLc7SyY6rEUpg.jpeg","width":1600,"height":1600,"caption":"skaitytaknyga.lt"},"image":{"@id":"https:\/\/skaitytaknyga.lt\/#\/schema\/logo\/image\/"},"sameAs":["https:\/\/www.facebook.com\/skaitytaknyga\/"]}]}},"_links":{"self":[{"href":"https:\/\/skaitytaknyga.lt\/en\/wp-json\/wp\/v2\/product\/14584","targetHints":{"allow":["GET"]}}],"collection":[{"href":"https:\/\/skaitytaknyga.lt\/en\/wp-json\/wp\/v2\/product"}],"about":[{"href":"https:\/\/skaitytaknyga.lt\/en\/wp-json\/wp\/v2\/types\/product"}],"replies":[{"embeddable":true,"href":"https:\/\/skaitytaknyga.lt\/en\/wp-json\/wp\/v2\/comments?post=14584"}],"wp:featuredmedia":[{"embeddable":true,"href":"https:\/\/skaitytaknyga.lt\/en\/wp-json\/wp\/v2\/media\/14596"}],"wp:attachment":[{"href":"https:\/\/skaitytaknyga.lt\/en\/wp-json\/wp\/v2\/media?parent=14584"}],"wp:term":[{"taxonomy":"product_brand","embeddable":true,"href":"https:\/\/skaitytaknyga.lt\/en\/wp-json\/wp\/v2\/product_brand?post=14584"},{"taxonomy":"product_cat","embeddable":true,"href":"https:\/\/skaitytaknyga.lt\/en\/wp-json\/wp\/v2\/product_cat?post=14584"},{"taxonomy":"product_tag","embeddable":true,"href":"https:\/\/skaitytaknyga.lt\/en\/wp-json\/wp\/v2\/product_tag?post=14584"}],"curies":[{"name":"wp","href":"https:\/\/api.w.org\/{rel}","templated":true}]}}