{"id":14582,"date":"2024-11-12T13:03:48","date_gmt":"2024-11-12T11:03:48","guid":{"rendered":"https:\/\/skaitytaknyga.lt\/?post_type=product&#038;p=14582"},"modified":"2024-11-12T13:37:34","modified_gmt":"2024-11-12T11:37:34","slug":"dalia-kutraite-kalbina-zvaigzdziu-karai-tesiasi","status":"publish","type":"product","link":"https:\/\/skaitytaknyga.lt\/en\/produktas\/dalia-kutraite-kalbina-zvaigzdziu-karai-tesiasi\/","title":{"rendered":"Dalia Kutrait\u0117 kalbina: \u017evaig\u017ed\u017ei\u0173 karai t\u0119siasi"},"content":{"rendered":"<p>Jei bent kartais manote, kad \u0161iame pasaulyje nieko n\u0117ra gra\u017eesnio ir baisesnio, kilnesnio ir niekingesnio, paslaptingesnio ir ai\u0161kesnio nei \u017dMOGUS, \u0161i knyga Jums.<\/p>\n<p>Knyga\u00a0<strong>\u201eDalia Kutrait\u0117 kalbina: \u017evaig\u017ed\u017ei\u0173 karai t\u0119siasi\u201c<\/strong>\u00a0parengta televizijos laid\u0173, LRT transliuot\u0173 XX am\u017eiaus paskutiniame de\u0161imtmetyje, pagrindu. Trisde\u0161imt trys televizijos \u017eurnalist\u0117s\u00a0<strong>Dalios Kutrait\u0117s<\/strong>\u00a0pokalbiai su skirting\u0173 likim\u0173, pa\u017ei\u016br\u0173, profesij\u0173 ir kart\u0173 \u017emon\u0117mis. Tai lyg nuo\u0161irdi ir spalvinga to laikme\u010dio visuomen\u0117s nuotaik\u0173 ir nuomoni\u0173 d\u0117lion\u0117, pad\u0117sianti ateinan\u010dioms kartoms geriau pajusti ir suprasti \u0161io istorinio Lietuvos laikotarpio dvasi\u0105. Kaip gyveno, apie k\u0105 m\u0105st\u0117, d\u0117l ko sielojosi ir kuo tik\u0117jo to meto prezidentai, kardinolai, populiar\u016bs estrados dainininkai, aktoriai, kompozitoriai, gydytojai ir filosofai&#8230;<\/p>\n<p>Knygoje gausu gyvenimi\u0161k\u0173 \u012f\u017evalg\u0173 ir net&#8230; aforizm\u0173, kuriuos nor\u0117sis \u012fsiminti.<\/p>\n<p><strong>Apie autor\u0119<\/strong><\/p>\n<p>N\u0117ra nieko galingesnio u\u017e m\u016bs\u0173 mintis: jos materializuojasi, auk\u0161tyn pakyl\u0117ja ir padeda bedugn\u0117n nugarm\u0117ti. Kaip galvoji, taip ir gyveni, \u2013 yra \u012fsitikinusi komunikacijos konsultant\u0117, \u017eurnalist\u0117 ir d\u0117stytoja\u00a0<strong>Dalia Kutrait\u0117<\/strong>.<\/p>\n<p>Baigusi universitet\u0105 ji kelis de\u0161imtme\u010dius dirbo Lietuvos televizijoje. I\u0161 prad\u017ei\u0173 k\u016br\u0117 linksmus tekstus, pasakas ir scenarijus legendiniams \u201eLabanakt vaiku\u010diams&#8221; ir kitoms vaik\u0173 laidoms. V\u0117liau, Lietuvai atgavus nepriklausomyb\u0119, \u0117m\u0117 rengti autorines pokalbi\u0173 laidas. \u0160ios knygos autor\u0117 pirmoji sulau\u017e\u0117 oficialaus bendravimo televizijos ekrane tradicij\u0105, savitai, nuo\u0161ird\u017eiai ir ne\u012fprastai tiems laikams ie\u0161kodama laim\u0117s ir i\u0161minties \u012fvairi\u0173 likim\u0173 \u017emoni\u0173 gyvenimuose. Ypa\u010d didelio populiarumo sulauk\u0117 laida \u201eDalia Kutrait\u0117 kalbina&#8230;&#8221;, kurios pagrindu ir yra parengta \u0161i knyga.<\/p>\n<ul class=\"about-product d-none d-xl-block mt-4\">\n<li><strong>Leid\u0117jas:<\/strong>\u00a0Alma littera<\/li>\n<li><strong>Metai:<\/strong>\u00a02015<\/li>\n<li><strong>Puslapiai:<\/strong>\u00a0376<\/li>\n<li class=\"toggleable type-new-formats \"><strong>ISBN:<\/strong>\u00a09786090121160<\/li>\n<li><strong>Versijos kodas:<\/strong>\u00a0PT.<\/li>\n<li class=\"toggleable type-new-formats \"><strong>Formatas:<\/strong>\u00a014,3 x 21,3 x 3,2 cm, mink\u0161ti vir\u0161eliai<\/li>\n<li><strong>Kalba:<\/strong>\u00a0Lietuvi\u0173<\/li>\n<\/ul>\n","protected":false},"excerpt":{"rendered":"<p>Jei bent kartais manote, kad \u0161iame pasaulyje nieko n\u0117ra gra\u017eesnio ir baisesnio, kilnesnio ir niekingesnio, paslaptingesnio ir ai\u0161kesnio nei \u017dMOGUS, \u0161i knyga Jums. Knyga\u00a0\u201eDalia Kutrait\u0117 kalbina: \u017evaig\u017ed\u017ei\u0173 karai t\u0119siasi\u201c\u00a0parengta televizijos laid\u0173, LRT transliuot\u0173 XX am\u017eiaus paskutiniame de\u0161imtmetyje, pagrindu. Trisde\u0161imt trys televizijos \u017eurnalist\u0117s\u00a0Dalios Kutrait\u0117s\u00a0pokalbiai su skirting\u0173 likim\u0173, pa\u017ei\u016br\u0173, profesij\u0173 ir kart\u0173 \u017emon\u0117mis. Tai lyg nuo\u0161irdi ir spalvinga to laikme\u010dio visuomen\u0117s nuotaik\u0173 ir nuomoni\u0173 d\u0117lion\u0117, pad\u0117sianti ateinan\u010dioms kartoms geriau pajusti ir suprasti \u0161io istorinio Lietuvos laikotarpio dvasi\u0105. Kaip gyveno, apie k\u0105 m\u0105st\u0117, d\u0117l ko sielojosi ir kuo tik\u0117jo to meto prezidentai, kardinolai, populiar\u016bs estrados dainininkai, aktoriai, kompozitoriai, gydytojai ir filosofai&#8230; Knygoje gausu gyvenimi\u0161k\u0173 \u012f\u017evalg\u0173 ir net&#8230; aforizm\u0173, kuriuos nor\u0117sis \u012fsiminti. Apie autor\u0119 N\u0117ra nieko galingesnio u\u017e m\u016bs\u0173 mintis: jos materializuojasi, auk\u0161tyn pakyl\u0117ja ir padeda bedugn\u0117n nugarm\u0117ti. Kaip galvoji, taip ir gyveni, \u2013 yra \u012fsitikinusi komunikacijos konsultant\u0117, \u017eurnalist\u0117 ir d\u0117stytoja\u00a0Dalia Kutrait\u0117. Baigusi universitet\u0105 ji kelis de\u0161imtme\u010dius dirbo Lietuvos televizijoje. I\u0161 prad\u017ei\u0173 k\u016br\u0117 linksmus tekstus, pasakas ir scenarijus legendiniams \u201eLabanakt vaiku\u010diams&#8221; ir kitoms vaik\u0173 laidoms. V\u0117liau, Lietuvai atgavus nepriklausomyb\u0119, \u0117m\u0117 rengti autorines pokalbi\u0173 laidas. \u0160ios knygos autor\u0117 pirmoji sulau\u017e\u0117 oficialaus bendravimo televizijos ekrane tradicij\u0105, savitai, nuo\u0161ird\u017eiai ir ne\u012fprastai tiems laikams ie\u0161kodama laim\u0117s ir i\u0161minties \u012fvairi\u0173 likim\u0173 \u017emoni\u0173 gyvenimuose. Ypa\u010d didelio populiarumo sulauk\u0117 laida \u201eDalia Kutrait\u0117 kalbina&#8230;&#8221;, kurios pagrindu ir yra parengta \u0161i knyga. Leid\u0117jas:\u00a0Alma littera Metai:\u00a02015 Puslapiai:\u00a0376 ISBN:\u00a09786090121160 Versijos kodas:\u00a0PT. Formatas:\u00a014,3 x 21,3 x 3,2 cm, mink\u0161ti vir\u0161eliai Kalba:\u00a0Lietuvi\u0173<\/p>\n","protected":false},"featured_media":14591,"comment_status":"open","ping_status":"closed","template":"","meta":{"_acf_changed":false,"site-sidebar-layout":"default","site-content-layout":"","ast-site-content-layout":"default","site-content-style":"default","site-sidebar-style":"default","ast-global-header-display":"","ast-banner-title-visibility":"","ast-main-header-display":"","ast-hfb-above-header-display":"","ast-hfb-below-header-display":"","ast-hfb-mobile-header-display":"","site-post-title":"","ast-breadcrumbs-content":"","ast-featured-img":"","footer-sml-layout":"","ast-disable-related-posts":"","theme-transparent-header-meta":"default","adv-header-id-meta":"","stick-header-meta":"","header-above-stick-meta":"","header-main-stick-meta":"","header-below-stick-meta":"","astra-migrate-meta-layouts":"set","ast-page-background-enabled":"default","ast-page-background-meta":{"desktop":{"background-color":"","background-image":"","background-repeat":"repeat","background-position":"center center","background-size":"auto","background-attachment":"scroll","background-type":"","background-media":"","overlay-type":"","overlay-color":"","overlay-opacity":"","overlay-gradient":""},"tablet":{"background-color":"","background-image":"","background-repeat":"repeat","background-position":"center center","background-size":"auto","background-attachment":"scroll","background-type":"","background-media":"","overlay-type":"","overlay-color":"","overlay-opacity":"","overlay-gradient":""},"mobile":{"background-color":"","background-image":"","background-repeat":"repeat","background-position":"center center","background-size":"auto","background-attachment":"scroll","background-type":"","background-media":"","overlay-type":"","overlay-color":"","overlay-opacity":"","overlay-gradient":""}},"ast-content-background-meta":{"desktop":{"background-color":"var(--ast-global-color-4)","background-image":"","background-repeat":"repeat","background-position":"center center","background-size":"auto","background-attachment":"scroll","background-type":"","background-media":"","overlay-type":"","overlay-color":"","overlay-opacity":"","overlay-gradient":""},"tablet":{"background-color":"var(--ast-global-color-4)","background-image":"","background-repeat":"repeat","background-position":"center center","background-size":"auto","background-attachment":"scroll","background-type":"","background-media":"","overlay-type":"","overlay-color":"","overlay-opacity":"","overlay-gradient":""},"mobile":{"background-color":"var(--ast-global-color-4)","background-image":"","background-repeat":"repeat","background-position":"center center","background-size":"auto","background-attachment":"scroll","background-type":"","background-media":"","overlay-type":"","overlay-color":"","overlay-opacity":"","overlay-gradient":""}}},"product_brand":[],"product_cat":[33,15],"product_tag":[],"class_list":{"0":"post-14582","1":"product","2":"type-product","3":"status-publish","4":"has-post-thumbnail","6":"product_cat-biografijos","7":"product_cat-uncategorized","8":"desktop-align-left","9":"tablet-align-left","10":"mobile-align-left","12":"first","13":"instock","14":"shipping-taxable","15":"purchasable","16":"product-type-simple"},"acf":[],"yoast_head":"<!-- This site is optimized with the Yoast SEO plugin v27.0 - https:\/\/yoast.com\/product\/yoast-seo-wordpress\/ -->\n<title>Dalia Kutrait\u0117 kalbina: \u017evaig\u017ed\u017ei\u0173 karai t\u0119siasi<\/title>\n<meta name=\"description\" content=\"Jei bent kartais manote, kad \u0161iame pasaulyje nieko n\u0117ra gra\u017eesnio ir baisesnio, kilnesnio ir niekingesnio, paslaptingesnio ir ai\u0161kesnio nei \u017dMOGUS, \u0161i\" \/>\n<meta name=\"robots\" content=\"index, follow, max-snippet:-1, max-image-preview:large, max-video-preview:-1\" \/>\n<link rel=\"canonical\" href=\"https:\/\/skaitytaknyga.lt\/en\/produktas\/dalia-kutraite-kalbina-zvaigzdziu-karai-tesiasi\/\" \/>\n<meta property=\"og:locale\" content=\"en_GB\" \/>\n<meta property=\"og:locale:alternate\" content=\"lt_LT\" \/>\n<meta property=\"og:type\" content=\"article\" \/>\n<meta property=\"og:title\" content=\"Dalia Kutrait\u0117 kalbina: \u017evaig\u017ed\u017ei\u0173 karai t\u0119siasi\" \/>\n<meta property=\"og:description\" content=\"Jei bent kartais manote, kad \u0161iame pasaulyje nieko n\u0117ra gra\u017eesnio ir baisesnio, kilnesnio ir niekingesnio, paslaptingesnio ir ai\u0161kesnio nei \u017dMOGUS, \u0161i\" \/>\n<meta property=\"og:url\" content=\"https:\/\/skaitytaknyga.lt\/en\/produktas\/dalia-kutraite-kalbina-zvaigzdziu-karai-tesiasi\/\" \/>\n<meta property=\"og:site_name\" content=\"Skaitytaknyga\" \/>\n<meta property=\"article:publisher\" content=\"https:\/\/www.facebook.com\/skaitytaknyga\/\" \/>\n<meta property=\"article:modified_time\" content=\"2024-11-12T11:37:34+00:00\" \/>\n<meta property=\"og:image\" content=\"https:\/\/skaitytaknyga.lt\/wp-content\/uploads\/2024\/11\/Dalia-Kutraite-kalbina-zvaigzdziu-karai-tesiasi.webp\" \/>\n\t<meta property=\"og:image:width\" content=\"403\" \/>\n\t<meta property=\"og:image:height\" content=\"600\" \/>\n\t<meta property=\"og:image:type\" content=\"image\/webp\" \/>\n<meta name=\"twitter:card\" content=\"summary_large_image\" \/>\n<meta name=\"twitter:label1\" content=\"Estimated reading time\" \/>\n\t<meta name=\"twitter:data1\" content=\"2 minutes\" \/>\n<script type=\"application\/ld+json\" class=\"yoast-schema-graph\">{\"@context\":\"https:\/\/schema.org\",\"@graph\":[{\"@type\":\"WebPage\",\"@id\":\"https:\/\/skaitytaknyga.lt\/produktas\/dalia-kutraite-kalbina-zvaigzdziu-karai-tesiasi\/\",\"url\":\"https:\/\/skaitytaknyga.lt\/produktas\/dalia-kutraite-kalbina-zvaigzdziu-karai-tesiasi\/\",\"name\":\"Dalia Kutrait\u0117 kalbina: \u017evaig\u017ed\u017ei\u0173 karai t\u0119siasi\",\"isPartOf\":{\"@id\":\"https:\/\/skaitytaknyga.lt\/#website\"},\"primaryImageOfPage\":{\"@id\":\"https:\/\/skaitytaknyga.lt\/produktas\/dalia-kutraite-kalbina-zvaigzdziu-karai-tesiasi\/#primaryimage\"},\"image\":{\"@id\":\"https:\/\/skaitytaknyga.lt\/produktas\/dalia-kutraite-kalbina-zvaigzdziu-karai-tesiasi\/#primaryimage\"},\"thumbnailUrl\":\"https:\/\/skaitytaknyga.lt\/wp-content\/uploads\/2024\/11\/Dalia-Kutraite-kalbina-zvaigzdziu-karai-tesiasi.webp\",\"datePublished\":\"2024-11-12T11:03:48+00:00\",\"dateModified\":\"2024-11-12T11:37:34+00:00\",\"description\":\"Jei bent kartais manote, kad \u0161iame pasaulyje nieko n\u0117ra gra\u017eesnio ir baisesnio, kilnesnio ir niekingesnio, paslaptingesnio ir ai\u0161kesnio nei \u017dMOGUS, \u0161i\",\"breadcrumb\":{\"@id\":\"https:\/\/skaitytaknyga.lt\/produktas\/dalia-kutraite-kalbina-zvaigzdziu-karai-tesiasi\/#breadcrumb\"},\"inLanguage\":\"en-GB\",\"potentialAction\":[{\"@type\":\"ReadAction\",\"target\":[\"https:\/\/skaitytaknyga.lt\/produktas\/dalia-kutraite-kalbina-zvaigzdziu-karai-tesiasi\/\"]}]},{\"@type\":\"ImageObject\",\"inLanguage\":\"en-GB\",\"@id\":\"https:\/\/skaitytaknyga.lt\/produktas\/dalia-kutraite-kalbina-zvaigzdziu-karai-tesiasi\/#primaryimage\",\"url\":\"https:\/\/skaitytaknyga.lt\/wp-content\/uploads\/2024\/11\/Dalia-Kutraite-kalbina-zvaigzdziu-karai-tesiasi.webp\",\"contentUrl\":\"https:\/\/skaitytaknyga.lt\/wp-content\/uploads\/2024\/11\/Dalia-Kutraite-kalbina-zvaigzdziu-karai-tesiasi.webp\",\"width\":403,\"height\":600,\"caption\":\"Dalia Kutrait\u0117 kalbina: \u017evaig\u017ed\u017ei\u0173 karai t\u0119siasi\"},{\"@type\":\"BreadcrumbList\",\"@id\":\"https:\/\/skaitytaknyga.lt\/produktas\/dalia-kutraite-kalbina-zvaigzdziu-karai-tesiasi\/#breadcrumb\",\"itemListElement\":[{\"@type\":\"ListItem\",\"position\":1,\"name\":\"Home\",\"item\":\"https:\/\/skaitytaknyga.lt\/\"},{\"@type\":\"ListItem\",\"position\":2,\"name\":\"Parduotuv\u0117\",\"item\":\"https:\/\/skaitytaknyga.lt\/knygu-parduotuve\/\"},{\"@type\":\"ListItem\",\"position\":3,\"name\":\"Dalia Kutrait\u0117 kalbina: \u017evaig\u017ed\u017ei\u0173 karai t\u0119siasi\"}]},{\"@type\":\"WebSite\",\"@id\":\"https:\/\/skaitytaknyga.lt\/#website\",\"url\":\"https:\/\/skaitytaknyga.lt\/\",\"name\":\"skaitytaknyga.lt\",\"description\":\"Skaitytaknyga.lt \u2013 tai ma\u017eas \u0161eimos verslas, kuris prasid\u0117jo nuo meil\u0117s knygoms ir siekio i\u0161gelb\u0117ti knygas nuo likimo prie konteinerio. Kas vienam nereikalingas daiktas \u2013 kitam lobis, o mes esame tarpininkai, kurie padeda abiems tapti laimingesniems ???? \u017dinome kaip nelengva i\u0161gyventi ma\u017eiems verslams, tad nuo \u0161iol, \u010dia rasite ir kit\u0173, ma\u017e\u0173 \u0161eim\u0173 versl\u0173, rank\u0173 darbo, dovan\u0173 sau ir artimiesiems.\",\"publisher\":{\"@id\":\"https:\/\/skaitytaknyga.lt\/#organization\"},\"potentialAction\":[{\"@type\":\"SearchAction\",\"target\":{\"@type\":\"EntryPoint\",\"urlTemplate\":\"https:\/\/skaitytaknyga.lt\/?s={search_term_string}\"},\"query-input\":{\"@type\":\"PropertyValueSpecification\",\"valueRequired\":true,\"valueName\":\"search_term_string\"}}],\"inLanguage\":\"en-GB\"},{\"@type\":\"Organization\",\"@id\":\"https:\/\/skaitytaknyga.lt\/#organization\",\"name\":\"skaitytaknyga.lt\",\"url\":\"https:\/\/skaitytaknyga.lt\/\",\"logo\":{\"@type\":\"ImageObject\",\"inLanguage\":\"en-GB\",\"@id\":\"https:\/\/skaitytaknyga.lt\/#\/schema\/logo\/image\/\",\"url\":\"https:\/\/skaitytaknyga.lt\/wp-content\/uploads\/2024\/05\/cropped-cropped-cropped-02_00843_jt3bggkj1j3HLc7SyY6rEUpg.jpeg\",\"contentUrl\":\"https:\/\/skaitytaknyga.lt\/wp-content\/uploads\/2024\/05\/cropped-cropped-cropped-02_00843_jt3bggkj1j3HLc7SyY6rEUpg.jpeg\",\"width\":1600,\"height\":1600,\"caption\":\"skaitytaknyga.lt\"},\"image\":{\"@id\":\"https:\/\/skaitytaknyga.lt\/#\/schema\/logo\/image\/\"},\"sameAs\":[\"https:\/\/www.facebook.com\/skaitytaknyga\/\"]}]}<\/script>\n<!-- \/ Yoast SEO plugin. -->","yoast_head_json":{"title":"Dalia Kutrait\u0117 kalbina: \u017evaig\u017ed\u017ei\u0173 karai t\u0119siasi","description":"Jei bent kartais manote, kad \u0161iame pasaulyje nieko n\u0117ra gra\u017eesnio ir baisesnio, kilnesnio ir niekingesnio, paslaptingesnio ir ai\u0161kesnio nei \u017dMOGUS, \u0161i","robots":{"index":"index","follow":"follow","max-snippet":"max-snippet:-1","max-image-preview":"max-image-preview:large","max-video-preview":"max-video-preview:-1"},"canonical":"https:\/\/skaitytaknyga.lt\/en\/produktas\/dalia-kutraite-kalbina-zvaigzdziu-karai-tesiasi\/","og_locale":"en_GB","og_type":"article","og_title":"[:lt]Dalia Kutrait\u0117 kalbina: \u017evaig\u017ed\u017ei\u0173 karai t\u0119siasi[:] - Skaitytaknyga","og_description":"Jei bent kartais manote, kad \u0161iame pasaulyje nieko n\u0117ra gra\u017eesnio ir baisesnio, kilnesnio ir niekingesnio, paslaptingesnio ir ai\u0161kesnio nei \u017dMOGUS, \u0161i","og_url":"https:\/\/skaitytaknyga.lt\/en\/produktas\/dalia-kutraite-kalbina-zvaigzdziu-karai-tesiasi\/","og_site_name":"Skaitytaknyga","article_publisher":"https:\/\/www.facebook.com\/skaitytaknyga\/","article_modified_time":"2024-11-12T11:37:34+00:00","og_image":[{"width":403,"height":600,"url":"https:\/\/skaitytaknyga.lt\/wp-content\/uploads\/2024\/11\/Dalia-Kutraite-kalbina-zvaigzdziu-karai-tesiasi.webp","type":"image\/webp"}],"twitter_card":"summary_large_image","twitter_misc":{"Estimated reading time":"2 minutes"},"schema":{"@context":"https:\/\/schema.org","@graph":[{"@type":"WebPage","@id":"https:\/\/skaitytaknyga.lt\/produktas\/dalia-kutraite-kalbina-zvaigzdziu-karai-tesiasi\/","url":"https:\/\/skaitytaknyga.lt\/produktas\/dalia-kutraite-kalbina-zvaigzdziu-karai-tesiasi\/","name":"Dalia Kutrait\u0117 kalbina: \u017evaig\u017ed\u017ei\u0173 karai t\u0119siasi","isPartOf":{"@id":"https:\/\/skaitytaknyga.lt\/#website"},"primaryImageOfPage":{"@id":"https:\/\/skaitytaknyga.lt\/produktas\/dalia-kutraite-kalbina-zvaigzdziu-karai-tesiasi\/#primaryimage"},"image":{"@id":"https:\/\/skaitytaknyga.lt\/produktas\/dalia-kutraite-kalbina-zvaigzdziu-karai-tesiasi\/#primaryimage"},"thumbnailUrl":"https:\/\/skaitytaknyga.lt\/wp-content\/uploads\/2024\/11\/Dalia-Kutraite-kalbina-zvaigzdziu-karai-tesiasi.webp","datePublished":"2024-11-12T11:03:48+00:00","dateModified":"2024-11-12T11:37:34+00:00","description":"Jei bent kartais manote, kad \u0161iame pasaulyje nieko n\u0117ra gra\u017eesnio ir baisesnio, kilnesnio ir niekingesnio, paslaptingesnio ir ai\u0161kesnio nei \u017dMOGUS, \u0161i","breadcrumb":{"@id":"https:\/\/skaitytaknyga.lt\/produktas\/dalia-kutraite-kalbina-zvaigzdziu-karai-tesiasi\/#breadcrumb"},"inLanguage":"en-GB","potentialAction":[{"@type":"ReadAction","target":["https:\/\/skaitytaknyga.lt\/produktas\/dalia-kutraite-kalbina-zvaigzdziu-karai-tesiasi\/"]}]},{"@type":"ImageObject","inLanguage":"en-GB","@id":"https:\/\/skaitytaknyga.lt\/produktas\/dalia-kutraite-kalbina-zvaigzdziu-karai-tesiasi\/#primaryimage","url":"https:\/\/skaitytaknyga.lt\/wp-content\/uploads\/2024\/11\/Dalia-Kutraite-kalbina-zvaigzdziu-karai-tesiasi.webp","contentUrl":"https:\/\/skaitytaknyga.lt\/wp-content\/uploads\/2024\/11\/Dalia-Kutraite-kalbina-zvaigzdziu-karai-tesiasi.webp","width":403,"height":600,"caption":"Dalia Kutrait\u0117 kalbina: \u017evaig\u017ed\u017ei\u0173 karai t\u0119siasi"},{"@type":"BreadcrumbList","@id":"https:\/\/skaitytaknyga.lt\/produktas\/dalia-kutraite-kalbina-zvaigzdziu-karai-tesiasi\/#breadcrumb","itemListElement":[{"@type":"ListItem","position":1,"name":"Home","item":"https:\/\/skaitytaknyga.lt\/"},{"@type":"ListItem","position":2,"name":"Parduotuv\u0117","item":"https:\/\/skaitytaknyga.lt\/knygu-parduotuve\/"},{"@type":"ListItem","position":3,"name":"Dalia Kutrait\u0117 kalbina: \u017evaig\u017ed\u017ei\u0173 karai t\u0119siasi"}]},{"@type":"WebSite","@id":"https:\/\/skaitytaknyga.lt\/#website","url":"https:\/\/skaitytaknyga.lt\/","name":"skaitytaknyga.lt","description":"Skaitytaknyga.lt \u2013 tai ma\u017eas \u0161eimos verslas, kuris prasid\u0117jo nuo meil\u0117s knygoms ir siekio i\u0161gelb\u0117ti knygas nuo likimo prie konteinerio. Kas vienam nereikalingas daiktas \u2013 kitam lobis, o mes esame tarpininkai, kurie padeda abiems tapti laimingesniems ???? \u017dinome kaip nelengva i\u0161gyventi ma\u017eiems verslams, tad nuo \u0161iol, \u010dia rasite ir kit\u0173, ma\u017e\u0173 \u0161eim\u0173 versl\u0173, rank\u0173 darbo, dovan\u0173 sau ir artimiesiems.","publisher":{"@id":"https:\/\/skaitytaknyga.lt\/#organization"},"potentialAction":[{"@type":"SearchAction","target":{"@type":"EntryPoint","urlTemplate":"https:\/\/skaitytaknyga.lt\/?s={search_term_string}"},"query-input":{"@type":"PropertyValueSpecification","valueRequired":true,"valueName":"search_term_string"}}],"inLanguage":"en-GB"},{"@type":"Organization","@id":"https:\/\/skaitytaknyga.lt\/#organization","name":"skaitytaknyga.lt","url":"https:\/\/skaitytaknyga.lt\/","logo":{"@type":"ImageObject","inLanguage":"en-GB","@id":"https:\/\/skaitytaknyga.lt\/#\/schema\/logo\/image\/","url":"https:\/\/skaitytaknyga.lt\/wp-content\/uploads\/2024\/05\/cropped-cropped-cropped-02_00843_jt3bggkj1j3HLc7SyY6rEUpg.jpeg","contentUrl":"https:\/\/skaitytaknyga.lt\/wp-content\/uploads\/2024\/05\/cropped-cropped-cropped-02_00843_jt3bggkj1j3HLc7SyY6rEUpg.jpeg","width":1600,"height":1600,"caption":"skaitytaknyga.lt"},"image":{"@id":"https:\/\/skaitytaknyga.lt\/#\/schema\/logo\/image\/"},"sameAs":["https:\/\/www.facebook.com\/skaitytaknyga\/"]}]}},"_links":{"self":[{"href":"https:\/\/skaitytaknyga.lt\/en\/wp-json\/wp\/v2\/product\/14582","targetHints":{"allow":["GET"]}}],"collection":[{"href":"https:\/\/skaitytaknyga.lt\/en\/wp-json\/wp\/v2\/product"}],"about":[{"href":"https:\/\/skaitytaknyga.lt\/en\/wp-json\/wp\/v2\/types\/product"}],"replies":[{"embeddable":true,"href":"https:\/\/skaitytaknyga.lt\/en\/wp-json\/wp\/v2\/comments?post=14582"}],"wp:featuredmedia":[{"embeddable":true,"href":"https:\/\/skaitytaknyga.lt\/en\/wp-json\/wp\/v2\/media\/14591"}],"wp:attachment":[{"href":"https:\/\/skaitytaknyga.lt\/en\/wp-json\/wp\/v2\/media?parent=14582"}],"wp:term":[{"taxonomy":"product_brand","embeddable":true,"href":"https:\/\/skaitytaknyga.lt\/en\/wp-json\/wp\/v2\/product_brand?post=14582"},{"taxonomy":"product_cat","embeddable":true,"href":"https:\/\/skaitytaknyga.lt\/en\/wp-json\/wp\/v2\/product_cat?post=14582"},{"taxonomy":"product_tag","embeddable":true,"href":"https:\/\/skaitytaknyga.lt\/en\/wp-json\/wp\/v2\/product_tag?post=14582"}],"curies":[{"name":"wp","href":"https:\/\/api.w.org\/{rel}","templated":true}]}}