{"id":14581,"date":"2024-11-12T13:03:48","date_gmt":"2024-11-12T11:03:48","guid":{"rendered":"https:\/\/skaitytaknyga.lt\/?post_type=product&#038;p=14581"},"modified":"2024-11-26T17:25:33","modified_gmt":"2024-11-26T15:25:33","slug":"mano-didelis-mazas-as","status":"publish","type":"product","link":"https:\/\/skaitytaknyga.lt\/en\/produktas\/mano-didelis-mazas-as\/","title":{"rendered":"Mano didelis ma\u017eas a\u0161"},"content":{"rendered":"<p>Benediktas \u2013 Dauno sindromu sergantis penkiolikmetis, gyvenantis kartu su mama ir katinu Ponu \u016asu. Jam svarbiausios trys spalvos: geltona \u2013 puiki nuotaika, \u017ealia \u2013 vidutini\u0161ka nuotaika, raudona \u2013 Benediktas piktas. Jo gyvenime netr\u016bksta suvar\u017eym\u0173, nes jis KITOKS. Vien\u0105 mokyklinio karnavalo vakar\u0105 Benediktas i\u0161keliauja namo vienas. Netik\u0117tai jis sutinka asmenini\u0173 problem\u0173 kamuojam\u0105 Oskar\u0105. Taip prasideda nuotyki\u0173 ir atradim\u0173 kupina judviej\u0173 kelion\u0117, kurios metu gimsta draugyst\u0117, suartinanti du, rodos, visi\u0161kai skirtingus vaikin\u0173 gyvenimus.<\/p>\n<p>\u0160i knyga tau pateiks kelet\u0105 nelabai patogi\u0173 klausim\u0173. Galb\u016bt privers nusi\u0161ypsoti. Arba g\u016b\u017etel\u0117ti pe\u010diais. O gal tiesiog primins, kad tam tikri dalykai gyvenime tur\u0117t\u0173 vykti visi\u0161kai kitaip. Poky\u010diai ne\u012fvyks u\u017e u\u017edaryt\u0173 dur\u0173, tyliai \u0161nab\u017edant burta\u017eod\u017eius. Jie turi vykti dabar, \u0161iuo metu, miesto gatv\u0117se, vie\u0161ajame transporte, mokyklose, net tavo nam\u0173 laiptin\u0117je arba automobilio stov\u0117jimo aik\u0161tel\u0117je. Tad i\u0161mesk stereotipus \u012f \u0161iuk\u0161liad\u0117\u017ees \u0161tai ten, kartu su pernyk\u0161\u010diu sniegu.<\/p>\n<p>Apie autor\u0119<\/p>\n<p>Esu&nbsp;<strong>Laura Varslauskait\u0117<\/strong>. Gimiau 1986 m. Panev\u0117\u017eyje. Baigiau tuometinio Vilniaus pedagoginio instituto lietuvi\u0173 kalbos specialyb\u0119. \u0160i mokslo \u012fstaiga mane subrandino ir dar labiau paskatino dom\u0117tis literat\u016bra. \u0160iuo metu t\u0119siu studijas Londono universitete. Ra\u0161yti prad\u0117jau dar mokyklos suole, nes negaliu ir negal\u0117jau atsispirti tu\u0161\u010diam popieriaus lapui, kuris visuomet \u012f mane \u017ei\u016bri keistai \u0161nairuodamas.<\/p>\n<ul class=\"about-product d-none d-xl-block mt-4\">\n<li><strong>Autorius:<\/strong>&nbsp;Laura Varslauskait\u0117<\/li>\n<li><strong>Leid\u0117jas:<\/strong>&nbsp;Alma littera<\/li>\n<li><strong>Metai:<\/strong>&nbsp;2016<\/li>\n<li><strong>Puslapiai:<\/strong>&nbsp;144<\/li>\n<li class=\"toggleable type-new-formats \"><strong>ISBN:<\/strong>&nbsp;9786090125045<\/li>\n<li><strong>Versijos kodas:<\/strong>&nbsp;PT.<\/li>\n<li class=\"toggleable type-new-formats \"><strong>Formatas:<\/strong>&nbsp;12,5 x 19,8 x 1,2 cm, mink\u0161ti vir\u0161eliai<\/li>\n<li><strong>Kalba:<\/strong>&nbsp;Lietuvi\u0173<\/li>\n<\/ul>\n","protected":false},"excerpt":{"rendered":"<p>Benediktas \u2013 Dauno sindromu sergantis penkiolikmetis, gyvenantis kartu su mama ir katinu Ponu \u016asu. Jam svarbiausios trys spalvos: geltona \u2013 puiki nuotaika, \u017ealia \u2013 vidutini\u0161ka nuotaika, raudona \u2013 Benediktas piktas. Jo gyvenime netr\u016bksta suvar\u017eym\u0173, nes jis KITOKS. Vien\u0105 mokyklinio karnavalo vakar\u0105 Benediktas i\u0161keliauja namo vienas. Netik\u0117tai jis sutinka asmenini\u0173 problem\u0173 kamuojam\u0105 Oskar\u0105. Taip prasideda nuotyki\u0173 ir atradim\u0173 kupina judviej\u0173 kelion\u0117, kurios metu gimsta draugyst\u0117, suartinanti du, rodos, visi\u0161kai skirtingus vaikin\u0173 gyvenimus. \u0160i knyga tau pateiks kelet\u0105 nelabai patogi\u0173 klausim\u0173. Galb\u016bt privers nusi\u0161ypsoti. Arba g\u016b\u017etel\u0117ti pe\u010diais. O gal tiesiog primins, kad tam tikri dalykai gyvenime tur\u0117t\u0173 vykti visi\u0161kai kitaip. Poky\u010diai ne\u012fvyks u\u017e u\u017edaryt\u0173 dur\u0173, tyliai \u0161nab\u017edant burta\u017eod\u017eius. Jie turi vykti dabar, \u0161iuo metu, miesto gatv\u0117se, vie\u0161ajame transporte, mokyklose, net tavo nam\u0173 laiptin\u0117je arba automobilio stov\u0117jimo aik\u0161tel\u0117je. Tad i\u0161mesk stereotipus \u012f \u0161iuk\u0161liad\u0117\u017ees \u0161tai ten, kartu su pernyk\u0161\u010diu sniegu. Apie autor\u0119 Esu&nbsp;Laura Varslauskait\u0117. Gimiau 1986 m. Panev\u0117\u017eyje. Baigiau tuometinio Vilniaus pedagoginio instituto lietuvi\u0173 kalbos specialyb\u0119. \u0160i mokslo \u012fstaiga mane subrandino ir dar labiau paskatino dom\u0117tis literat\u016bra. \u0160iuo metu t\u0119siu studijas Londono universitete. Ra\u0161yti prad\u0117jau dar mokyklos suole, nes negaliu ir negal\u0117jau atsispirti tu\u0161\u010diam popieriaus lapui, kuris visuomet \u012f mane \u017ei\u016bri keistai \u0161nairuodamas. Autorius:&nbsp;Laura Varslauskait\u0117 Leid\u0117jas:&nbsp;Alma littera Metai:&nbsp;2016 Puslapiai:&nbsp;144 ISBN:&nbsp;9786090125045 Versijos kodas:&nbsp;PT. Formatas:&nbsp;12,5 x 19,8 x 1,2 cm, mink\u0161ti vir\u0161eliai Kalba:&nbsp;Lietuvi\u0173<\/p>\n","protected":false},"featured_media":14592,"comment_status":"open","ping_status":"closed","template":"","meta":{"_acf_changed":false,"site-sidebar-layout":"default","site-content-layout":"","ast-site-content-layout":"default","site-content-style":"default","site-sidebar-style":"default","ast-global-header-display":"","ast-banner-title-visibility":"","ast-main-header-display":"","ast-hfb-above-header-display":"","ast-hfb-below-header-display":"","ast-hfb-mobile-header-display":"","site-post-title":"","ast-breadcrumbs-content":"","ast-featured-img":"","footer-sml-layout":"","ast-disable-related-posts":"","theme-transparent-header-meta":"default","adv-header-id-meta":"","stick-header-meta":"","header-above-stick-meta":"","header-main-stick-meta":"","header-below-stick-meta":"","astra-migrate-meta-layouts":"set","ast-page-background-enabled":"default","ast-page-background-meta":{"desktop":{"background-color":"","background-image":"","background-repeat":"repeat","background-position":"center center","background-size":"auto","background-attachment":"scroll","background-type":"","background-media":"","overlay-type":"","overlay-color":"","overlay-opacity":"","overlay-gradient":""},"tablet":{"background-color":"","background-image":"","background-repeat":"repeat","background-position":"center center","background-size":"auto","background-attachment":"scroll","background-type":"","background-media":"","overlay-type":"","overlay-color":"","overlay-opacity":"","overlay-gradient":""},"mobile":{"background-color":"","background-image":"","background-repeat":"repeat","background-position":"center center","background-size":"auto","background-attachment":"scroll","background-type":"","background-media":"","overlay-type":"","overlay-color":"","overlay-opacity":"","overlay-gradient":""}},"ast-content-background-meta":{"desktop":{"background-color":"var(--ast-global-color-4)","background-image":"","background-repeat":"repeat","background-position":"center center","background-size":"auto","background-attachment":"scroll","background-type":"","background-media":"","overlay-type":"","overlay-color":"","overlay-opacity":"","overlay-gradient":""},"tablet":{"background-color":"var(--ast-global-color-4)","background-image":"","background-repeat":"repeat","background-position":"center center","background-size":"auto","background-attachment":"scroll","background-type":"","background-media":"","overlay-type":"","overlay-color":"","overlay-opacity":"","overlay-gradient":""},"mobile":{"background-color":"var(--ast-global-color-4)","background-image":"","background-repeat":"repeat","background-position":"center center","background-size":"auto","background-attachment":"scroll","background-type":"","background-media":"","overlay-type":"","overlay-color":"","overlay-opacity":"","overlay-gradient":""}}},"product_brand":[],"product_cat":[31,15],"product_tag":[],"class_list":{"0":"post-14581","1":"product","2":"type-product","3":"status-publish","4":"has-post-thumbnail","6":"product_cat-grozine-literatura","7":"product_cat-uncategorized","8":"desktop-align-left","9":"tablet-align-left","10":"mobile-align-left","12":"first","13":"outofstock","14":"shipping-taxable","15":"purchasable","16":"product-type-simple"},"acf":[],"yoast_head":"<!-- This site is optimized with the Yoast SEO plugin v27.0 - https:\/\/yoast.com\/product\/yoast-seo-wordpress\/ -->\n<title>Mano didelis ma\u017eas a\u0161<\/title>\n<meta name=\"description\" content=\"Benediktas \u2013 Dauno sindromu sergantis penkiolikmetis, gyvenantis kartu su mama ir katinu Ponu \u016asu. Jam svarbiausios trys spalvos: geltona \u2013 puiki\" \/>\n<meta name=\"robots\" content=\"index, follow, max-snippet:-1, max-image-preview:large, max-video-preview:-1\" \/>\n<link rel=\"canonical\" href=\"https:\/\/skaitytaknyga.lt\/en\/produktas\/mano-didelis-mazas-as\/\" \/>\n<meta property=\"og:locale\" content=\"en_GB\" \/>\n<meta property=\"og:locale:alternate\" content=\"lt_LT\" \/>\n<meta property=\"og:type\" content=\"article\" \/>\n<meta property=\"og:title\" content=\"Mano didelis ma\u017eas a\u0161\" \/>\n<meta property=\"og:description\" content=\"Benediktas \u2013 Dauno sindromu sergantis penkiolikmetis, gyvenantis kartu su mama ir katinu Ponu \u016asu. Jam svarbiausios trys spalvos: geltona \u2013 puiki\" \/>\n<meta property=\"og:url\" content=\"https:\/\/skaitytaknyga.lt\/en\/produktas\/mano-didelis-mazas-as\/\" \/>\n<meta property=\"og:site_name\" content=\"Skaitytaknyga\" \/>\n<meta property=\"article:publisher\" content=\"https:\/\/www.facebook.com\/skaitytaknyga\/\" \/>\n<meta property=\"article:modified_time\" content=\"2024-11-26T15:25:33+00:00\" \/>\n<meta property=\"og:image\" content=\"https:\/\/skaitytaknyga.lt\/wp-content\/uploads\/2024\/11\/Mano-didelis-mazas-as.webp\" \/>\n\t<meta property=\"og:image:width\" content=\"252\" \/>\n\t<meta property=\"og:image:height\" content=\"398\" \/>\n\t<meta property=\"og:image:type\" content=\"image\/webp\" \/>\n<meta name=\"twitter:card\" content=\"summary_large_image\" \/>\n<meta name=\"twitter:label1\" content=\"Estimated reading time\" \/>\n\t<meta name=\"twitter:data1\" content=\"2 minutes\" \/>\n<script type=\"application\/ld+json\" class=\"yoast-schema-graph\">{\"@context\":\"https:\/\/schema.org\",\"@graph\":[{\"@type\":\"WebPage\",\"@id\":\"https:\/\/skaitytaknyga.lt\/produktas\/mano-didelis-mazas-as\/\",\"url\":\"https:\/\/skaitytaknyga.lt\/produktas\/mano-didelis-mazas-as\/\",\"name\":\"Mano didelis ma\u017eas a\u0161\",\"isPartOf\":{\"@id\":\"https:\/\/skaitytaknyga.lt\/#website\"},\"primaryImageOfPage\":{\"@id\":\"https:\/\/skaitytaknyga.lt\/produktas\/mano-didelis-mazas-as\/#primaryimage\"},\"image\":{\"@id\":\"https:\/\/skaitytaknyga.lt\/produktas\/mano-didelis-mazas-as\/#primaryimage\"},\"thumbnailUrl\":\"https:\/\/skaitytaknyga.lt\/wp-content\/uploads\/2024\/11\/Mano-didelis-mazas-as.webp\",\"datePublished\":\"2024-11-12T11:03:48+00:00\",\"dateModified\":\"2024-11-26T15:25:33+00:00\",\"description\":\"Benediktas \u2013 Dauno sindromu sergantis penkiolikmetis, gyvenantis kartu su mama ir katinu Ponu \u016asu. Jam svarbiausios trys spalvos: geltona \u2013 puiki\",\"breadcrumb\":{\"@id\":\"https:\/\/skaitytaknyga.lt\/produktas\/mano-didelis-mazas-as\/#breadcrumb\"},\"inLanguage\":\"en-GB\",\"potentialAction\":[{\"@type\":\"ReadAction\",\"target\":[\"https:\/\/skaitytaknyga.lt\/produktas\/mano-didelis-mazas-as\/\"]}]},{\"@type\":\"ImageObject\",\"inLanguage\":\"en-GB\",\"@id\":\"https:\/\/skaitytaknyga.lt\/produktas\/mano-didelis-mazas-as\/#primaryimage\",\"url\":\"https:\/\/skaitytaknyga.lt\/wp-content\/uploads\/2024\/11\/Mano-didelis-mazas-as.webp\",\"contentUrl\":\"https:\/\/skaitytaknyga.lt\/wp-content\/uploads\/2024\/11\/Mano-didelis-mazas-as.webp\",\"width\":252,\"height\":398,\"caption\":\"Mano didelis ma\u017eas a\u0161\"},{\"@type\":\"BreadcrumbList\",\"@id\":\"https:\/\/skaitytaknyga.lt\/produktas\/mano-didelis-mazas-as\/#breadcrumb\",\"itemListElement\":[{\"@type\":\"ListItem\",\"position\":1,\"name\":\"Home\",\"item\":\"https:\/\/skaitytaknyga.lt\/\"},{\"@type\":\"ListItem\",\"position\":2,\"name\":\"Parduotuv\u0117\",\"item\":\"https:\/\/skaitytaknyga.lt\/knygu-parduotuve\/\"},{\"@type\":\"ListItem\",\"position\":3,\"name\":\"Mano didelis ma\u017eas a\u0161\"}]},{\"@type\":\"WebSite\",\"@id\":\"https:\/\/skaitytaknyga.lt\/#website\",\"url\":\"https:\/\/skaitytaknyga.lt\/\",\"name\":\"skaitytaknyga.lt\",\"description\":\"Skaitytaknyga.lt \u2013 tai ma\u017eas \u0161eimos verslas, kuris prasid\u0117jo nuo meil\u0117s knygoms ir siekio i\u0161gelb\u0117ti knygas nuo likimo prie konteinerio. Kas vienam nereikalingas daiktas \u2013 kitam lobis, o mes esame tarpininkai, kurie padeda abiems tapti laimingesniems ???? \u017dinome kaip nelengva i\u0161gyventi ma\u017eiems verslams, tad nuo \u0161iol, \u010dia rasite ir kit\u0173, ma\u017e\u0173 \u0161eim\u0173 versl\u0173, rank\u0173 darbo, dovan\u0173 sau ir artimiesiems.\",\"publisher\":{\"@id\":\"https:\/\/skaitytaknyga.lt\/#organization\"},\"potentialAction\":[{\"@type\":\"SearchAction\",\"target\":{\"@type\":\"EntryPoint\",\"urlTemplate\":\"https:\/\/skaitytaknyga.lt\/?s={search_term_string}\"},\"query-input\":{\"@type\":\"PropertyValueSpecification\",\"valueRequired\":true,\"valueName\":\"search_term_string\"}}],\"inLanguage\":\"en-GB\"},{\"@type\":\"Organization\",\"@id\":\"https:\/\/skaitytaknyga.lt\/#organization\",\"name\":\"skaitytaknyga.lt\",\"url\":\"https:\/\/skaitytaknyga.lt\/\",\"logo\":{\"@type\":\"ImageObject\",\"inLanguage\":\"en-GB\",\"@id\":\"https:\/\/skaitytaknyga.lt\/#\/schema\/logo\/image\/\",\"url\":\"https:\/\/skaitytaknyga.lt\/wp-content\/uploads\/2024\/05\/cropped-cropped-cropped-02_00843_jt3bggkj1j3HLc7SyY6rEUpg.jpeg\",\"contentUrl\":\"https:\/\/skaitytaknyga.lt\/wp-content\/uploads\/2024\/05\/cropped-cropped-cropped-02_00843_jt3bggkj1j3HLc7SyY6rEUpg.jpeg\",\"width\":1600,\"height\":1600,\"caption\":\"skaitytaknyga.lt\"},\"image\":{\"@id\":\"https:\/\/skaitytaknyga.lt\/#\/schema\/logo\/image\/\"},\"sameAs\":[\"https:\/\/www.facebook.com\/skaitytaknyga\/\"]}]}<\/script>\n<!-- \/ Yoast SEO plugin. -->","yoast_head_json":{"title":"Mano didelis ma\u017eas a\u0161","description":"Benediktas \u2013 Dauno sindromu sergantis penkiolikmetis, gyvenantis kartu su mama ir katinu Ponu \u016asu. Jam svarbiausios trys spalvos: geltona \u2013 puiki","robots":{"index":"index","follow":"follow","max-snippet":"max-snippet:-1","max-image-preview":"max-image-preview:large","max-video-preview":"max-video-preview:-1"},"canonical":"https:\/\/skaitytaknyga.lt\/en\/produktas\/mano-didelis-mazas-as\/","og_locale":"en_GB","og_type":"article","og_title":"[:lt]Mano didelis ma\u017eas a\u0161[:] - Skaitytaknyga","og_description":"Benediktas \u2013 Dauno sindromu sergantis penkiolikmetis, gyvenantis kartu su mama ir katinu Ponu \u016asu. Jam svarbiausios trys spalvos: geltona \u2013 puiki","og_url":"https:\/\/skaitytaknyga.lt\/en\/produktas\/mano-didelis-mazas-as\/","og_site_name":"Skaitytaknyga","article_publisher":"https:\/\/www.facebook.com\/skaitytaknyga\/","article_modified_time":"2024-11-26T15:25:33+00:00","og_image":[{"width":252,"height":398,"url":"https:\/\/skaitytaknyga.lt\/wp-content\/uploads\/2024\/11\/Mano-didelis-mazas-as.webp","type":"image\/webp"}],"twitter_card":"summary_large_image","twitter_misc":{"Estimated reading time":"2 minutes"},"schema":{"@context":"https:\/\/schema.org","@graph":[{"@type":"WebPage","@id":"https:\/\/skaitytaknyga.lt\/produktas\/mano-didelis-mazas-as\/","url":"https:\/\/skaitytaknyga.lt\/produktas\/mano-didelis-mazas-as\/","name":"Mano didelis ma\u017eas a\u0161","isPartOf":{"@id":"https:\/\/skaitytaknyga.lt\/#website"},"primaryImageOfPage":{"@id":"https:\/\/skaitytaknyga.lt\/produktas\/mano-didelis-mazas-as\/#primaryimage"},"image":{"@id":"https:\/\/skaitytaknyga.lt\/produktas\/mano-didelis-mazas-as\/#primaryimage"},"thumbnailUrl":"https:\/\/skaitytaknyga.lt\/wp-content\/uploads\/2024\/11\/Mano-didelis-mazas-as.webp","datePublished":"2024-11-12T11:03:48+00:00","dateModified":"2024-11-26T15:25:33+00:00","description":"Benediktas \u2013 Dauno sindromu sergantis penkiolikmetis, gyvenantis kartu su mama ir katinu Ponu \u016asu. Jam svarbiausios trys spalvos: geltona \u2013 puiki","breadcrumb":{"@id":"https:\/\/skaitytaknyga.lt\/produktas\/mano-didelis-mazas-as\/#breadcrumb"},"inLanguage":"en-GB","potentialAction":[{"@type":"ReadAction","target":["https:\/\/skaitytaknyga.lt\/produktas\/mano-didelis-mazas-as\/"]}]},{"@type":"ImageObject","inLanguage":"en-GB","@id":"https:\/\/skaitytaknyga.lt\/produktas\/mano-didelis-mazas-as\/#primaryimage","url":"https:\/\/skaitytaknyga.lt\/wp-content\/uploads\/2024\/11\/Mano-didelis-mazas-as.webp","contentUrl":"https:\/\/skaitytaknyga.lt\/wp-content\/uploads\/2024\/11\/Mano-didelis-mazas-as.webp","width":252,"height":398,"caption":"Mano didelis ma\u017eas a\u0161"},{"@type":"BreadcrumbList","@id":"https:\/\/skaitytaknyga.lt\/produktas\/mano-didelis-mazas-as\/#breadcrumb","itemListElement":[{"@type":"ListItem","position":1,"name":"Home","item":"https:\/\/skaitytaknyga.lt\/"},{"@type":"ListItem","position":2,"name":"Parduotuv\u0117","item":"https:\/\/skaitytaknyga.lt\/knygu-parduotuve\/"},{"@type":"ListItem","position":3,"name":"Mano didelis ma\u017eas a\u0161"}]},{"@type":"WebSite","@id":"https:\/\/skaitytaknyga.lt\/#website","url":"https:\/\/skaitytaknyga.lt\/","name":"skaitytaknyga.lt","description":"Skaitytaknyga.lt \u2013 tai ma\u017eas \u0161eimos verslas, kuris prasid\u0117jo nuo meil\u0117s knygoms ir siekio i\u0161gelb\u0117ti knygas nuo likimo prie konteinerio. Kas vienam nereikalingas daiktas \u2013 kitam lobis, o mes esame tarpininkai, kurie padeda abiems tapti laimingesniems ???? \u017dinome kaip nelengva i\u0161gyventi ma\u017eiems verslams, tad nuo \u0161iol, \u010dia rasite ir kit\u0173, ma\u017e\u0173 \u0161eim\u0173 versl\u0173, rank\u0173 darbo, dovan\u0173 sau ir artimiesiems.","publisher":{"@id":"https:\/\/skaitytaknyga.lt\/#organization"},"potentialAction":[{"@type":"SearchAction","target":{"@type":"EntryPoint","urlTemplate":"https:\/\/skaitytaknyga.lt\/?s={search_term_string}"},"query-input":{"@type":"PropertyValueSpecification","valueRequired":true,"valueName":"search_term_string"}}],"inLanguage":"en-GB"},{"@type":"Organization","@id":"https:\/\/skaitytaknyga.lt\/#organization","name":"skaitytaknyga.lt","url":"https:\/\/skaitytaknyga.lt\/","logo":{"@type":"ImageObject","inLanguage":"en-GB","@id":"https:\/\/skaitytaknyga.lt\/#\/schema\/logo\/image\/","url":"https:\/\/skaitytaknyga.lt\/wp-content\/uploads\/2024\/05\/cropped-cropped-cropped-02_00843_jt3bggkj1j3HLc7SyY6rEUpg.jpeg","contentUrl":"https:\/\/skaitytaknyga.lt\/wp-content\/uploads\/2024\/05\/cropped-cropped-cropped-02_00843_jt3bggkj1j3HLc7SyY6rEUpg.jpeg","width":1600,"height":1600,"caption":"skaitytaknyga.lt"},"image":{"@id":"https:\/\/skaitytaknyga.lt\/#\/schema\/logo\/image\/"},"sameAs":["https:\/\/www.facebook.com\/skaitytaknyga\/"]}]}},"_links":{"self":[{"href":"https:\/\/skaitytaknyga.lt\/en\/wp-json\/wp\/v2\/product\/14581","targetHints":{"allow":["GET"]}}],"collection":[{"href":"https:\/\/skaitytaknyga.lt\/en\/wp-json\/wp\/v2\/product"}],"about":[{"href":"https:\/\/skaitytaknyga.lt\/en\/wp-json\/wp\/v2\/types\/product"}],"replies":[{"embeddable":true,"href":"https:\/\/skaitytaknyga.lt\/en\/wp-json\/wp\/v2\/comments?post=14581"}],"wp:featuredmedia":[{"embeddable":true,"href":"https:\/\/skaitytaknyga.lt\/en\/wp-json\/wp\/v2\/media\/14592"}],"wp:attachment":[{"href":"https:\/\/skaitytaknyga.lt\/en\/wp-json\/wp\/v2\/media?parent=14581"}],"wp:term":[{"taxonomy":"product_brand","embeddable":true,"href":"https:\/\/skaitytaknyga.lt\/en\/wp-json\/wp\/v2\/product_brand?post=14581"},{"taxonomy":"product_cat","embeddable":true,"href":"https:\/\/skaitytaknyga.lt\/en\/wp-json\/wp\/v2\/product_cat?post=14581"},{"taxonomy":"product_tag","embeddable":true,"href":"https:\/\/skaitytaknyga.lt\/en\/wp-json\/wp\/v2\/product_tag?post=14581"}],"curies":[{"name":"wp","href":"https:\/\/api.w.org\/{rel}","templated":true}]}}