{"id":14580,"date":"2024-11-12T13:03:48","date_gmt":"2024-11-12T11:03:48","guid":{"rendered":"https:\/\/skaitytaknyga.lt\/?post_type=product&#038;p=14580"},"modified":"2024-11-17T11:10:04","modified_gmt":"2024-11-17T09:10:04","slug":"plesikas-hocenplocas","status":"publish","type":"product","link":"https:\/\/skaitytaknyga.lt\/en\/produktas\/plesikas-hocenplocas\/","title":{"rendered":"Pl\u0117\u0161ikas Hocenplocas"},"content":{"rendered":"<p>Vienas linksmiausi\u0173 pasaulio vaik\u0173 ra\u0161ytoj\u0173 Otfried Preu\u00dfler (1923\u20132013) \u2013 daugiau nei keli\u0173 de\u0161im\u010di\u0173 nepamir\u0161tam\u0173 istorij\u0173 autorius, u\u017e kurias du kartus buvo apdovanotas auk\u0161\u010diausiu nacionaliniu Vokietijos vaik\u0173 literat\u016bros apdovanojimu. \u0160maik\u0161t\u016bs pasakojimai apie pl\u0117\u0161ik\u0105 Hocenploc\u0105 jau yra tap\u0119 vaik\u0173 literat\u016bros klasika, d\u017eiuginan\u010dia ne vien\u0105 skaitytoj\u0173 kart\u0105. J\u016bs\u0173 rankose \u2013 pirmoji trilogijos apie Kaspariuko ir Zepuko nuotykius dalis.<br \/>\nKnyga pirm\u0105 kart\u0105 Lietuvoje leid\u017eiama su spalvotomis originalaus vokie\u010di\u0173 dailininko F. J. Tripo iliustracijomis<\/p>\n<p>Vie\u0161as skelbimas!<br \/>\nIe\u0161komi Kaspariukas ir Zepukas.<br \/>\nYpatingos \u017eym\u0117s: raudona Kaspariuko kepur\u0117, \u017ealia Zepuko skryb\u0117l\u0117.<br \/>\nVisus asmenis, galin\u010dius suteikti \u017eini\u0173, policija \u0161iuomi \u012fpareigoja nedelsiant prisistatyti \u012f vietos policijos b\u016bstin\u0119. Jums pageidaujant, parodymai bus laikomi paslaptyje.<\/p>\n<p>Ar gird\u0117jote? Nukniauktas puikusis mo\u010diut\u0117s kavos mal\u016bn\u0117lis! Be jokios abejon\u0117s \u2013 tai nedor\u0117lio pl\u0117\u0161iko Hocenploco darbas. Miestelio policija prie\u0161 jo niek\u0161ybes atrodo bej\u0117g\u0117, tad Kaspariukas ir Zepukas nutaria patys sulaikyti pl\u0117\u0161ik\u0105 bei atitaisyti mo\u010diutei padaryt\u0105 skriaud\u0105. Bet pl\u0117\u0161ik\u0173 taip be niekur nieko neapgausi&#8230; Ar pavyks draugams i\u0161tr\u016bkti i\u0161 Hocenploco nelaisv\u0117s ir nugal\u0117ti pikt\u0105j\u012f jo s\u0105junginink\u0105 burtinink\u0105 Petrozilij\u0173 Cvakelman\u0105? Pana\u0161u, kad be gudrybi\u0173 ir burt\u0173 \u010dia neapsieisi!<\/p>\n<ul class=\"about-product d-none d-xl-block mt-4\">\n<li><strong>Originalus pavadinimas:<\/strong>\u00a0DER R\u00c4UBER HOTZENPLOTZ<\/li>\n<li><strong>Autorius:<\/strong>\u00a0Otfried Preussler<\/li>\n<li><strong>Leid\u0117jas:<\/strong>\u00a0Nieko rimto<\/li>\n<li><strong>Metai:<\/strong>\u00a02023<\/li>\n<li><strong>Puslapiai:<\/strong>\u00a0120<\/li>\n<li class=\"toggleable type-new-formats \"><strong>ISBN:<\/strong>\u00a09786094414480<\/li>\n<li><strong>Versijos kodas:<\/strong>\u00a022<\/li>\n<li class=\"toggleable type-new-formats \"><strong>Formatas:<\/strong>\u00a016,4 x 22,6 x 1,5 cm, kieti vir\u0161eliai<\/li>\n<li><strong>Kalba:<\/strong>\u00a0Lietuvi\u0173<\/li>\n<li><strong>Vert\u0117jas:<\/strong>\u00a0Teodoras \u010cetrauskas<\/li>\n<\/ul>\n","protected":false},"excerpt":{"rendered":"<p>Vienas linksmiausi\u0173 pasaulio vaik\u0173 ra\u0161ytoj\u0173 Otfried Preu\u00dfler (1923\u20132013) \u2013 daugiau nei keli\u0173 de\u0161im\u010di\u0173 nepamir\u0161tam\u0173 istorij\u0173 autorius, u\u017e kurias du kartus buvo apdovanotas auk\u0161\u010diausiu nacionaliniu Vokietijos vaik\u0173 literat\u016bros apdovanojimu. \u0160maik\u0161t\u016bs pasakojimai apie pl\u0117\u0161ik\u0105 Hocenploc\u0105 jau yra tap\u0119 vaik\u0173 literat\u016bros klasika, d\u017eiuginan\u010dia ne vien\u0105 skaitytoj\u0173 kart\u0105. J\u016bs\u0173 rankose \u2013 pirmoji trilogijos apie Kaspariuko ir Zepuko nuotykius dalis. Knyga pirm\u0105 kart\u0105 Lietuvoje leid\u017eiama su spalvotomis originalaus vokie\u010di\u0173 dailininko F. J. Tripo iliustracijomis Vie\u0161as skelbimas! Ie\u0161komi Kaspariukas ir Zepukas. Ypatingos \u017eym\u0117s: raudona Kaspariuko kepur\u0117, \u017ealia Zepuko skryb\u0117l\u0117. Visus asmenis, galin\u010dius suteikti \u017eini\u0173, policija \u0161iuomi \u012fpareigoja nedelsiant prisistatyti \u012f vietos policijos b\u016bstin\u0119. Jums pageidaujant, parodymai bus laikomi paslaptyje. Ar gird\u0117jote? Nukniauktas puikusis mo\u010diut\u0117s kavos mal\u016bn\u0117lis! Be jokios abejon\u0117s \u2013 tai nedor\u0117lio pl\u0117\u0161iko Hocenploco darbas. Miestelio policija prie\u0161 jo niek\u0161ybes atrodo bej\u0117g\u0117, tad Kaspariukas ir Zepukas nutaria patys sulaikyti pl\u0117\u0161ik\u0105 bei atitaisyti mo\u010diutei padaryt\u0105 skriaud\u0105. Bet pl\u0117\u0161ik\u0173 taip be niekur nieko neapgausi&#8230; Ar pavyks draugams i\u0161tr\u016bkti i\u0161 Hocenploco nelaisv\u0117s ir nugal\u0117ti pikt\u0105j\u012f jo s\u0105junginink\u0105 burtinink\u0105 Petrozilij\u0173 Cvakelman\u0105? Pana\u0161u, kad be gudrybi\u0173 ir burt\u0173 \u010dia neapsieisi! Originalus pavadinimas:\u00a0DER R\u00c4UBER HOTZENPLOTZ Autorius:\u00a0Otfried Preussler Leid\u0117jas:\u00a0Nieko rimto Metai:\u00a02023 Puslapiai:\u00a0120 ISBN:\u00a09786094414480 Versijos kodas:\u00a022 Formatas:\u00a016,4 x 22,6 x 1,5 cm, kieti vir\u0161eliai Kalba:\u00a0Lietuvi\u0173 Vert\u0117jas:\u00a0Teodoras \u010cetrauskas<\/p>\n","protected":false},"featured_media":14593,"comment_status":"open","ping_status":"closed","template":"","meta":{"_acf_changed":false,"site-sidebar-layout":"default","site-content-layout":"","ast-site-content-layout":"default","site-content-style":"default","site-sidebar-style":"default","ast-global-header-display":"","ast-banner-title-visibility":"","ast-main-header-display":"","ast-hfb-above-header-display":"","ast-hfb-below-header-display":"","ast-hfb-mobile-header-display":"","site-post-title":"","ast-breadcrumbs-content":"","ast-featured-img":"","footer-sml-layout":"","ast-disable-related-posts":"","theme-transparent-header-meta":"default","adv-header-id-meta":"","stick-header-meta":"","header-above-stick-meta":"","header-main-stick-meta":"","header-below-stick-meta":"","astra-migrate-meta-layouts":"set","ast-page-background-enabled":"default","ast-page-background-meta":{"desktop":{"background-color":"","background-image":"","background-repeat":"repeat","background-position":"center center","background-size":"auto","background-attachment":"scroll","background-type":"","background-media":"","overlay-type":"","overlay-color":"","overlay-opacity":"","overlay-gradient":""},"tablet":{"background-color":"","background-image":"","background-repeat":"repeat","background-position":"center center","background-size":"auto","background-attachment":"scroll","background-type":"","background-media":"","overlay-type":"","overlay-color":"","overlay-opacity":"","overlay-gradient":""},"mobile":{"background-color":"","background-image":"","background-repeat":"repeat","background-position":"center center","background-size":"auto","background-attachment":"scroll","background-type":"","background-media":"","overlay-type":"","overlay-color":"","overlay-opacity":"","overlay-gradient":""}},"ast-content-background-meta":{"desktop":{"background-color":"var(--ast-global-color-4)","background-image":"","background-repeat":"repeat","background-position":"center center","background-size":"auto","background-attachment":"scroll","background-type":"","background-media":"","overlay-type":"","overlay-color":"","overlay-opacity":"","overlay-gradient":""},"tablet":{"background-color":"var(--ast-global-color-4)","background-image":"","background-repeat":"repeat","background-position":"center center","background-size":"auto","background-attachment":"scroll","background-type":"","background-media":"","overlay-type":"","overlay-color":"","overlay-opacity":"","overlay-gradient":""},"mobile":{"background-color":"var(--ast-global-color-4)","background-image":"","background-repeat":"repeat","background-position":"center center","background-size":"auto","background-attachment":"scroll","background-type":"","background-media":"","overlay-type":"","overlay-color":"","overlay-opacity":"","overlay-gradient":""}}},"product_brand":[],"product_cat":[15],"product_tag":[],"class_list":{"0":"post-14580","1":"product","2":"type-product","3":"status-publish","4":"has-post-thumbnail","6":"product_cat-uncategorized","7":"desktop-align-left","8":"tablet-align-left","9":"mobile-align-left","11":"first","12":"instock","13":"shipping-taxable","14":"purchasable","15":"product-type-simple"},"acf":[],"yoast_head":"<!-- This site is optimized with the Yoast SEO plugin v27.0 - https:\/\/yoast.com\/product\/yoast-seo-wordpress\/ -->\n<title>Pl\u0117\u0161ikas Hocenplocas<\/title>\n<meta name=\"description\" content=\"Vienas linksmiausi\u0173 pasaulio vaik\u0173 ra\u0161ytoj\u0173 Otfried Preu\u00dfler (1923\u20132013) \u2013 daugiau nei keli\u0173 de\u0161im\u010di\u0173 nepamir\u0161tam\u0173 istorij\u0173 autorius, u\u017e kurias du kartus\" \/>\n<meta name=\"robots\" content=\"index, follow, max-snippet:-1, max-image-preview:large, max-video-preview:-1\" \/>\n<link rel=\"canonical\" href=\"https:\/\/skaitytaknyga.lt\/en\/produktas\/plesikas-hocenplocas\/\" \/>\n<meta property=\"og:locale\" content=\"en_GB\" \/>\n<meta property=\"og:locale:alternate\" content=\"lt_LT\" \/>\n<meta property=\"og:type\" content=\"article\" \/>\n<meta property=\"og:title\" content=\"Pl\u0117\u0161ikas Hocenplocas\" \/>\n<meta property=\"og:description\" content=\"Vienas linksmiausi\u0173 pasaulio vaik\u0173 ra\u0161ytoj\u0173 Otfried Preu\u00dfler (1923\u20132013) \u2013 daugiau nei keli\u0173 de\u0161im\u010di\u0173 nepamir\u0161tam\u0173 istorij\u0173 autorius, u\u017e kurias du kartus\" \/>\n<meta property=\"og:url\" content=\"https:\/\/skaitytaknyga.lt\/en\/produktas\/plesikas-hocenplocas\/\" \/>\n<meta property=\"og:site_name\" content=\"Skaitytaknyga\" \/>\n<meta property=\"article:publisher\" content=\"https:\/\/www.facebook.com\/skaitytaknyga\/\" \/>\n<meta property=\"article:modified_time\" content=\"2024-11-17T09:10:04+00:00\" \/>\n<meta property=\"og:image\" content=\"https:\/\/skaitytaknyga.lt\/wp-content\/uploads\/2024\/11\/Plesikas-Hocenplocas.webp\" \/>\n\t<meta property=\"og:image:width\" content=\"287\" \/>\n\t<meta property=\"og:image:height\" content=\"400\" \/>\n\t<meta property=\"og:image:type\" content=\"image\/webp\" \/>\n<meta name=\"twitter:card\" content=\"summary_large_image\" \/>\n<meta name=\"twitter:label1\" content=\"Estimated reading time\" \/>\n\t<meta name=\"twitter:data1\" content=\"2 minutes\" \/>\n<script type=\"application\/ld+json\" class=\"yoast-schema-graph\">{\"@context\":\"https:\/\/schema.org\",\"@graph\":[{\"@type\":\"WebPage\",\"@id\":\"https:\/\/skaitytaknyga.lt\/produktas\/plesikas-hocenplocas\/\",\"url\":\"https:\/\/skaitytaknyga.lt\/produktas\/plesikas-hocenplocas\/\",\"name\":\"Pl\u0117\u0161ikas Hocenplocas\",\"isPartOf\":{\"@id\":\"https:\/\/skaitytaknyga.lt\/#website\"},\"primaryImageOfPage\":{\"@id\":\"https:\/\/skaitytaknyga.lt\/produktas\/plesikas-hocenplocas\/#primaryimage\"},\"image\":{\"@id\":\"https:\/\/skaitytaknyga.lt\/produktas\/plesikas-hocenplocas\/#primaryimage\"},\"thumbnailUrl\":\"https:\/\/skaitytaknyga.lt\/wp-content\/uploads\/2024\/11\/Plesikas-Hocenplocas.webp\",\"datePublished\":\"2024-11-12T11:03:48+00:00\",\"dateModified\":\"2024-11-17T09:10:04+00:00\",\"description\":\"Vienas linksmiausi\u0173 pasaulio vaik\u0173 ra\u0161ytoj\u0173 Otfried Preu\u00dfler (1923\u20132013) \u2013 daugiau nei keli\u0173 de\u0161im\u010di\u0173 nepamir\u0161tam\u0173 istorij\u0173 autorius, u\u017e kurias du kartus\",\"breadcrumb\":{\"@id\":\"https:\/\/skaitytaknyga.lt\/produktas\/plesikas-hocenplocas\/#breadcrumb\"},\"inLanguage\":\"en-GB\",\"potentialAction\":[{\"@type\":\"ReadAction\",\"target\":[\"https:\/\/skaitytaknyga.lt\/produktas\/plesikas-hocenplocas\/\"]}]},{\"@type\":\"ImageObject\",\"inLanguage\":\"en-GB\",\"@id\":\"https:\/\/skaitytaknyga.lt\/produktas\/plesikas-hocenplocas\/#primaryimage\",\"url\":\"https:\/\/skaitytaknyga.lt\/wp-content\/uploads\/2024\/11\/Plesikas-Hocenplocas.webp\",\"contentUrl\":\"https:\/\/skaitytaknyga.lt\/wp-content\/uploads\/2024\/11\/Plesikas-Hocenplocas.webp\",\"width\":287,\"height\":400,\"caption\":\"Pl\u0117\u0161ikas Hocenplocas\"},{\"@type\":\"BreadcrumbList\",\"@id\":\"https:\/\/skaitytaknyga.lt\/produktas\/plesikas-hocenplocas\/#breadcrumb\",\"itemListElement\":[{\"@type\":\"ListItem\",\"position\":1,\"name\":\"Home\",\"item\":\"https:\/\/skaitytaknyga.lt\/\"},{\"@type\":\"ListItem\",\"position\":2,\"name\":\"Parduotuv\u0117\",\"item\":\"https:\/\/skaitytaknyga.lt\/knygu-parduotuve\/\"},{\"@type\":\"ListItem\",\"position\":3,\"name\":\"Pl\u0117\u0161ikas Hocenplocas\"}]},{\"@type\":\"WebSite\",\"@id\":\"https:\/\/skaitytaknyga.lt\/#website\",\"url\":\"https:\/\/skaitytaknyga.lt\/\",\"name\":\"skaitytaknyga.lt\",\"description\":\"Skaitytaknyga.lt \u2013 tai ma\u017eas \u0161eimos verslas, kuris prasid\u0117jo nuo meil\u0117s knygoms ir siekio i\u0161gelb\u0117ti knygas nuo likimo prie konteinerio. Kas vienam nereikalingas daiktas \u2013 kitam lobis, o mes esame tarpininkai, kurie padeda abiems tapti laimingesniems ???? \u017dinome kaip nelengva i\u0161gyventi ma\u017eiems verslams, tad nuo \u0161iol, \u010dia rasite ir kit\u0173, ma\u017e\u0173 \u0161eim\u0173 versl\u0173, rank\u0173 darbo, dovan\u0173 sau ir artimiesiems.\",\"publisher\":{\"@id\":\"https:\/\/skaitytaknyga.lt\/#organization\"},\"potentialAction\":[{\"@type\":\"SearchAction\",\"target\":{\"@type\":\"EntryPoint\",\"urlTemplate\":\"https:\/\/skaitytaknyga.lt\/?s={search_term_string}\"},\"query-input\":{\"@type\":\"PropertyValueSpecification\",\"valueRequired\":true,\"valueName\":\"search_term_string\"}}],\"inLanguage\":\"en-GB\"},{\"@type\":\"Organization\",\"@id\":\"https:\/\/skaitytaknyga.lt\/#organization\",\"name\":\"skaitytaknyga.lt\",\"url\":\"https:\/\/skaitytaknyga.lt\/\",\"logo\":{\"@type\":\"ImageObject\",\"inLanguage\":\"en-GB\",\"@id\":\"https:\/\/skaitytaknyga.lt\/#\/schema\/logo\/image\/\",\"url\":\"https:\/\/skaitytaknyga.lt\/wp-content\/uploads\/2024\/05\/cropped-cropped-cropped-02_00843_jt3bggkj1j3HLc7SyY6rEUpg.jpeg\",\"contentUrl\":\"https:\/\/skaitytaknyga.lt\/wp-content\/uploads\/2024\/05\/cropped-cropped-cropped-02_00843_jt3bggkj1j3HLc7SyY6rEUpg.jpeg\",\"width\":1600,\"height\":1600,\"caption\":\"skaitytaknyga.lt\"},\"image\":{\"@id\":\"https:\/\/skaitytaknyga.lt\/#\/schema\/logo\/image\/\"},\"sameAs\":[\"https:\/\/www.facebook.com\/skaitytaknyga\/\"]}]}<\/script>\n<!-- \/ Yoast SEO plugin. -->","yoast_head_json":{"title":"Pl\u0117\u0161ikas Hocenplocas","description":"Vienas linksmiausi\u0173 pasaulio vaik\u0173 ra\u0161ytoj\u0173 Otfried Preu\u00dfler (1923\u20132013) \u2013 daugiau nei keli\u0173 de\u0161im\u010di\u0173 nepamir\u0161tam\u0173 istorij\u0173 autorius, u\u017e kurias du kartus","robots":{"index":"index","follow":"follow","max-snippet":"max-snippet:-1","max-image-preview":"max-image-preview:large","max-video-preview":"max-video-preview:-1"},"canonical":"https:\/\/skaitytaknyga.lt\/en\/produktas\/plesikas-hocenplocas\/","og_locale":"en_GB","og_type":"article","og_title":"[:lt]Pl\u0117\u0161ikas Hocenplocas[:] - Skaitytaknyga","og_description":"Vienas linksmiausi\u0173 pasaulio vaik\u0173 ra\u0161ytoj\u0173 Otfried Preu\u00dfler (1923\u20132013) \u2013 daugiau nei keli\u0173 de\u0161im\u010di\u0173 nepamir\u0161tam\u0173 istorij\u0173 autorius, u\u017e kurias du kartus","og_url":"https:\/\/skaitytaknyga.lt\/en\/produktas\/plesikas-hocenplocas\/","og_site_name":"Skaitytaknyga","article_publisher":"https:\/\/www.facebook.com\/skaitytaknyga\/","article_modified_time":"2024-11-17T09:10:04+00:00","og_image":[{"width":287,"height":400,"url":"https:\/\/skaitytaknyga.lt\/wp-content\/uploads\/2024\/11\/Plesikas-Hocenplocas.webp","type":"image\/webp"}],"twitter_card":"summary_large_image","twitter_misc":{"Estimated reading time":"2 minutes"},"schema":{"@context":"https:\/\/schema.org","@graph":[{"@type":"WebPage","@id":"https:\/\/skaitytaknyga.lt\/produktas\/plesikas-hocenplocas\/","url":"https:\/\/skaitytaknyga.lt\/produktas\/plesikas-hocenplocas\/","name":"Pl\u0117\u0161ikas Hocenplocas","isPartOf":{"@id":"https:\/\/skaitytaknyga.lt\/#website"},"primaryImageOfPage":{"@id":"https:\/\/skaitytaknyga.lt\/produktas\/plesikas-hocenplocas\/#primaryimage"},"image":{"@id":"https:\/\/skaitytaknyga.lt\/produktas\/plesikas-hocenplocas\/#primaryimage"},"thumbnailUrl":"https:\/\/skaitytaknyga.lt\/wp-content\/uploads\/2024\/11\/Plesikas-Hocenplocas.webp","datePublished":"2024-11-12T11:03:48+00:00","dateModified":"2024-11-17T09:10:04+00:00","description":"Vienas linksmiausi\u0173 pasaulio vaik\u0173 ra\u0161ytoj\u0173 Otfried Preu\u00dfler (1923\u20132013) \u2013 daugiau nei keli\u0173 de\u0161im\u010di\u0173 nepamir\u0161tam\u0173 istorij\u0173 autorius, u\u017e kurias du kartus","breadcrumb":{"@id":"https:\/\/skaitytaknyga.lt\/produktas\/plesikas-hocenplocas\/#breadcrumb"},"inLanguage":"en-GB","potentialAction":[{"@type":"ReadAction","target":["https:\/\/skaitytaknyga.lt\/produktas\/plesikas-hocenplocas\/"]}]},{"@type":"ImageObject","inLanguage":"en-GB","@id":"https:\/\/skaitytaknyga.lt\/produktas\/plesikas-hocenplocas\/#primaryimage","url":"https:\/\/skaitytaknyga.lt\/wp-content\/uploads\/2024\/11\/Plesikas-Hocenplocas.webp","contentUrl":"https:\/\/skaitytaknyga.lt\/wp-content\/uploads\/2024\/11\/Plesikas-Hocenplocas.webp","width":287,"height":400,"caption":"Pl\u0117\u0161ikas Hocenplocas"},{"@type":"BreadcrumbList","@id":"https:\/\/skaitytaknyga.lt\/produktas\/plesikas-hocenplocas\/#breadcrumb","itemListElement":[{"@type":"ListItem","position":1,"name":"Home","item":"https:\/\/skaitytaknyga.lt\/"},{"@type":"ListItem","position":2,"name":"Parduotuv\u0117","item":"https:\/\/skaitytaknyga.lt\/knygu-parduotuve\/"},{"@type":"ListItem","position":3,"name":"Pl\u0117\u0161ikas Hocenplocas"}]},{"@type":"WebSite","@id":"https:\/\/skaitytaknyga.lt\/#website","url":"https:\/\/skaitytaknyga.lt\/","name":"skaitytaknyga.lt","description":"Skaitytaknyga.lt \u2013 tai ma\u017eas \u0161eimos verslas, kuris prasid\u0117jo nuo meil\u0117s knygoms ir siekio i\u0161gelb\u0117ti knygas nuo likimo prie konteinerio. Kas vienam nereikalingas daiktas \u2013 kitam lobis, o mes esame tarpininkai, kurie padeda abiems tapti laimingesniems ???? \u017dinome kaip nelengva i\u0161gyventi ma\u017eiems verslams, tad nuo \u0161iol, \u010dia rasite ir kit\u0173, ma\u017e\u0173 \u0161eim\u0173 versl\u0173, rank\u0173 darbo, dovan\u0173 sau ir artimiesiems.","publisher":{"@id":"https:\/\/skaitytaknyga.lt\/#organization"},"potentialAction":[{"@type":"SearchAction","target":{"@type":"EntryPoint","urlTemplate":"https:\/\/skaitytaknyga.lt\/?s={search_term_string}"},"query-input":{"@type":"PropertyValueSpecification","valueRequired":true,"valueName":"search_term_string"}}],"inLanguage":"en-GB"},{"@type":"Organization","@id":"https:\/\/skaitytaknyga.lt\/#organization","name":"skaitytaknyga.lt","url":"https:\/\/skaitytaknyga.lt\/","logo":{"@type":"ImageObject","inLanguage":"en-GB","@id":"https:\/\/skaitytaknyga.lt\/#\/schema\/logo\/image\/","url":"https:\/\/skaitytaknyga.lt\/wp-content\/uploads\/2024\/05\/cropped-cropped-cropped-02_00843_jt3bggkj1j3HLc7SyY6rEUpg.jpeg","contentUrl":"https:\/\/skaitytaknyga.lt\/wp-content\/uploads\/2024\/05\/cropped-cropped-cropped-02_00843_jt3bggkj1j3HLc7SyY6rEUpg.jpeg","width":1600,"height":1600,"caption":"skaitytaknyga.lt"},"image":{"@id":"https:\/\/skaitytaknyga.lt\/#\/schema\/logo\/image\/"},"sameAs":["https:\/\/www.facebook.com\/skaitytaknyga\/"]}]}},"_links":{"self":[{"href":"https:\/\/skaitytaknyga.lt\/en\/wp-json\/wp\/v2\/product\/14580","targetHints":{"allow":["GET"]}}],"collection":[{"href":"https:\/\/skaitytaknyga.lt\/en\/wp-json\/wp\/v2\/product"}],"about":[{"href":"https:\/\/skaitytaknyga.lt\/en\/wp-json\/wp\/v2\/types\/product"}],"replies":[{"embeddable":true,"href":"https:\/\/skaitytaknyga.lt\/en\/wp-json\/wp\/v2\/comments?post=14580"}],"wp:featuredmedia":[{"embeddable":true,"href":"https:\/\/skaitytaknyga.lt\/en\/wp-json\/wp\/v2\/media\/14593"}],"wp:attachment":[{"href":"https:\/\/skaitytaknyga.lt\/en\/wp-json\/wp\/v2\/media?parent=14580"}],"wp:term":[{"taxonomy":"product_brand","embeddable":true,"href":"https:\/\/skaitytaknyga.lt\/en\/wp-json\/wp\/v2\/product_brand?post=14580"},{"taxonomy":"product_cat","embeddable":true,"href":"https:\/\/skaitytaknyga.lt\/en\/wp-json\/wp\/v2\/product_cat?post=14580"},{"taxonomy":"product_tag","embeddable":true,"href":"https:\/\/skaitytaknyga.lt\/en\/wp-json\/wp\/v2\/product_tag?post=14580"}],"curies":[{"name":"wp","href":"https:\/\/api.w.org\/{rel}","templated":true}]}}