{"id":14579,"date":"2024-11-12T13:03:48","date_gmt":"2024-11-12T11:03:48","guid":{"rendered":"https:\/\/skaitytaknyga.lt\/?post_type=product&#038;p=14579"},"modified":"2024-11-12T13:35:49","modified_gmt":"2024-11-12T11:35:49","slug":"nauji-peliuko-aniceto-nuotykiai","status":"publish","type":"product","link":"https:\/\/skaitytaknyga.lt\/en\/produktas\/nauji-peliuko-aniceto-nuotykiai\/","title":{"rendered":"Nauji Peliuko Aniceto nuotykiai"},"content":{"rendered":"<p>Mieli vaikai,<\/p>\n<p>ar jums patinka peliuko Aniceto nuotykiai? Anicetui, atrodo, patinka, nes jei nuotyki\u0173 tr\u016bksta \u2013 jis j\u0173 prisigalvoja pats.<\/p>\n<p>Nuotykiams tinka bet kuri diena ir bet koks oras. Tiesa, kai kurios dienos geriau tinka pliu\u0161kentis e\u017eere ar statyti sm\u0117lio pilis, o kitos \u2013 lipdyti senius besmegenius. Svarbiausia nesupainioti!<\/p>\n<p>Vien\u0105 dien\u0105 galima rasti lob\u012f, kit\u0105 \u2013 sukurti stebukling\u0105 \u0161luot\u0105 arba nauj\u0105 pyrago recept\u0105.<\/p>\n<p>Kai kurios dienos tinka rinkti: uogas, kriaukleles, automobiliukus, atvirukus ir dar bala \u017eino k\u0105. Kad ir juokingus \u017eod\u017eius. Tiesa, negalima rinkti, pavyzd\u017eiui, drambli\u0173, nes jie u\u017eims daug vietos.<\/p>\n<p>Pasitaiko puiki\u0173 dien\u0173 su draugais rengti vaidinimus, var\u017eybas arba \u017eaisti sl\u0117pyni\u0173. Su draugais patirti nuotykiai tampa smagesni. Gero nuotykiavimo!<\/p>\n<p><em>R\u016bta Baltakien\u0117<\/em><\/p>\n<ul class=\"about-product d-none d-xl-block mt-4\">\n<li><strong>Autorius:<\/strong>\u00a0R\u016bta Baltakien\u0117<\/li>\n<li><strong>Leid\u0117jas:<\/strong>\u00a0Alma littera<\/li>\n<li><strong>Metai:<\/strong>\u00a02013<\/li>\n<li><strong>Puslapiai:<\/strong>\u00a024<\/li>\n<li class=\"toggleable type-new-formats \"><strong>ISBN:<\/strong>\u00a09786090108949<\/li>\n<li><strong>Versijos kodas:<\/strong>\u00a0PT.<\/li>\n<li class=\"toggleable type-new-formats \"><strong>Formatas:<\/strong>\u00a024,6 x 27,6 cm, kieti vir\u0161eliai<\/li>\n<li><strong>Kalba:<\/strong>\u00a0Lietuvi\u0173<\/li>\n<\/ul>\n","protected":false},"excerpt":{"rendered":"<p>Mieli vaikai, ar jums patinka peliuko Aniceto nuotykiai? Anicetui, atrodo, patinka, nes jei nuotyki\u0173 tr\u016bksta \u2013 jis j\u0173 prisigalvoja pats. Nuotykiams tinka bet kuri diena ir bet koks oras. Tiesa, kai kurios dienos geriau tinka pliu\u0161kentis e\u017eere ar statyti sm\u0117lio pilis, o kitos \u2013 lipdyti senius besmegenius. Svarbiausia nesupainioti! Vien\u0105 dien\u0105 galima rasti lob\u012f, kit\u0105 \u2013 sukurti stebukling\u0105 \u0161luot\u0105 arba nauj\u0105 pyrago recept\u0105. Kai kurios dienos tinka rinkti: uogas, kriaukleles, automobiliukus, atvirukus ir dar bala \u017eino k\u0105. Kad ir juokingus \u017eod\u017eius. Tiesa, negalima rinkti, pavyzd\u017eiui, drambli\u0173, nes jie u\u017eims daug vietos. Pasitaiko puiki\u0173 dien\u0173 su draugais rengti vaidinimus, var\u017eybas arba \u017eaisti sl\u0117pyni\u0173. Su draugais patirti nuotykiai tampa smagesni. Gero nuotykiavimo! R\u016bta Baltakien\u0117 Autorius:\u00a0R\u016bta Baltakien\u0117 Leid\u0117jas:\u00a0Alma littera Metai:\u00a02013 Puslapiai:\u00a024 ISBN:\u00a09786090108949 Versijos kodas:\u00a0PT. Formatas:\u00a024,6 x 27,6 cm, kieti vir\u0161eliai Kalba:\u00a0Lietuvi\u0173<\/p>\n","protected":false},"featured_media":14594,"comment_status":"open","ping_status":"closed","template":"","meta":{"_acf_changed":false,"site-sidebar-layout":"default","site-content-layout":"","ast-site-content-layout":"default","site-content-style":"default","site-sidebar-style":"default","ast-global-header-display":"","ast-banner-title-visibility":"","ast-main-header-display":"","ast-hfb-above-header-display":"","ast-hfb-below-header-display":"","ast-hfb-mobile-header-display":"","site-post-title":"","ast-breadcrumbs-content":"","ast-featured-img":"","footer-sml-layout":"","ast-disable-related-posts":"","theme-transparent-header-meta":"default","adv-header-id-meta":"","stick-header-meta":"","header-above-stick-meta":"","header-main-stick-meta":"","header-below-stick-meta":"","astra-migrate-meta-layouts":"set","ast-page-background-enabled":"default","ast-page-background-meta":{"desktop":{"background-color":"","background-image":"","background-repeat":"repeat","background-position":"center center","background-size":"auto","background-attachment":"scroll","background-type":"","background-media":"","overlay-type":"","overlay-color":"","overlay-opacity":"","overlay-gradient":""},"tablet":{"background-color":"","background-image":"","background-repeat":"repeat","background-position":"center center","background-size":"auto","background-attachment":"scroll","background-type":"","background-media":"","overlay-type":"","overlay-color":"","overlay-opacity":"","overlay-gradient":""},"mobile":{"background-color":"","background-image":"","background-repeat":"repeat","background-position":"center center","background-size":"auto","background-attachment":"scroll","background-type":"","background-media":"","overlay-type":"","overlay-color":"","overlay-opacity":"","overlay-gradient":""}},"ast-content-background-meta":{"desktop":{"background-color":"var(--ast-global-color-4)","background-image":"","background-repeat":"repeat","background-position":"center center","background-size":"auto","background-attachment":"scroll","background-type":"","background-media":"","overlay-type":"","overlay-color":"","overlay-opacity":"","overlay-gradient":""},"tablet":{"background-color":"var(--ast-global-color-4)","background-image":"","background-repeat":"repeat","background-position":"center center","background-size":"auto","background-attachment":"scroll","background-type":"","background-media":"","overlay-type":"","overlay-color":"","overlay-opacity":"","overlay-gradient":""},"mobile":{"background-color":"var(--ast-global-color-4)","background-image":"","background-repeat":"repeat","background-position":"center center","background-size":"auto","background-attachment":"scroll","background-type":"","background-media":"","overlay-type":"","overlay-color":"","overlay-opacity":"","overlay-gradient":""}}},"product_brand":[],"product_cat":[15,35],"product_tag":[],"class_list":{"0":"post-14579","1":"product","2":"type-product","3":"status-publish","4":"has-post-thumbnail","6":"product_cat-uncategorized","7":"product_cat-vaikams-ir-paaugliams","8":"desktop-align-left","9":"tablet-align-left","10":"mobile-align-left","12":"first","13":"instock","14":"shipping-taxable","15":"purchasable","16":"product-type-simple"},"acf":[],"yoast_head":"<!-- This site is optimized with the Yoast SEO plugin v27.0 - https:\/\/yoast.com\/product\/yoast-seo-wordpress\/ -->\n<title>Nauji Peliuko Aniceto nuotykiai<\/title>\n<meta name=\"description\" content=\"Mieli vaikai, ar jums patinka peliuko Aniceto nuotykiai? Anicetui, atrodo, patinka, nes jei nuotyki\u0173 tr\u016bksta \u2013 jis j\u0173 prisigalvoja pats. Nuotykiams tinka\" \/>\n<meta name=\"robots\" content=\"index, follow, max-snippet:-1, max-image-preview:large, max-video-preview:-1\" \/>\n<link rel=\"canonical\" href=\"https:\/\/skaitytaknyga.lt\/en\/produktas\/nauji-peliuko-aniceto-nuotykiai\/\" \/>\n<meta property=\"og:locale\" content=\"en_GB\" \/>\n<meta property=\"og:locale:alternate\" content=\"lt_LT\" \/>\n<meta property=\"og:type\" content=\"article\" \/>\n<meta property=\"og:title\" content=\"Nauji Peliuko Aniceto nuotykiai\" \/>\n<meta property=\"og:description\" content=\"Mieli vaikai, ar jums patinka peliuko Aniceto nuotykiai? Anicetui, atrodo, patinka, nes jei nuotyki\u0173 tr\u016bksta \u2013 jis j\u0173 prisigalvoja pats. Nuotykiams tinka\" \/>\n<meta property=\"og:url\" content=\"https:\/\/skaitytaknyga.lt\/en\/produktas\/nauji-peliuko-aniceto-nuotykiai\/\" \/>\n<meta property=\"og:site_name\" content=\"Skaitytaknyga\" \/>\n<meta property=\"article:publisher\" content=\"https:\/\/www.facebook.com\/skaitytaknyga\/\" \/>\n<meta property=\"article:modified_time\" content=\"2024-11-12T11:35:49+00:00\" \/>\n<meta property=\"og:image\" content=\"https:\/\/skaitytaknyga.lt\/wp-content\/uploads\/2024\/11\/Nauji-Peliuko-Aniceto-nuotykiai.webp\" \/>\n\t<meta property=\"og:image:width\" content=\"500\" \/>\n\t<meta property=\"og:image:height\" content=\"570\" \/>\n\t<meta property=\"og:image:type\" content=\"image\/webp\" \/>\n<meta name=\"twitter:card\" content=\"summary_large_image\" \/>\n<meta name=\"twitter:label1\" content=\"Estimated reading time\" \/>\n\t<meta name=\"twitter:data1\" content=\"1 minute\" \/>\n<script type=\"application\/ld+json\" class=\"yoast-schema-graph\">{\"@context\":\"https:\/\/schema.org\",\"@graph\":[{\"@type\":\"WebPage\",\"@id\":\"https:\/\/skaitytaknyga.lt\/produktas\/nauji-peliuko-aniceto-nuotykiai\/\",\"url\":\"https:\/\/skaitytaknyga.lt\/produktas\/nauji-peliuko-aniceto-nuotykiai\/\",\"name\":\"Nauji Peliuko Aniceto nuotykiai\",\"isPartOf\":{\"@id\":\"https:\/\/skaitytaknyga.lt\/#website\"},\"primaryImageOfPage\":{\"@id\":\"https:\/\/skaitytaknyga.lt\/produktas\/nauji-peliuko-aniceto-nuotykiai\/#primaryimage\"},\"image\":{\"@id\":\"https:\/\/skaitytaknyga.lt\/produktas\/nauji-peliuko-aniceto-nuotykiai\/#primaryimage\"},\"thumbnailUrl\":\"https:\/\/skaitytaknyga.lt\/wp-content\/uploads\/2024\/11\/Nauji-Peliuko-Aniceto-nuotykiai.webp\",\"datePublished\":\"2024-11-12T11:03:48+00:00\",\"dateModified\":\"2024-11-12T11:35:49+00:00\",\"description\":\"Mieli vaikai, ar jums patinka peliuko Aniceto nuotykiai? Anicetui, atrodo, patinka, nes jei nuotyki\u0173 tr\u016bksta \u2013 jis j\u0173 prisigalvoja pats. Nuotykiams tinka\",\"breadcrumb\":{\"@id\":\"https:\/\/skaitytaknyga.lt\/produktas\/nauji-peliuko-aniceto-nuotykiai\/#breadcrumb\"},\"inLanguage\":\"en-GB\",\"potentialAction\":[{\"@type\":\"ReadAction\",\"target\":[\"https:\/\/skaitytaknyga.lt\/produktas\/nauji-peliuko-aniceto-nuotykiai\/\"]}]},{\"@type\":\"ImageObject\",\"inLanguage\":\"en-GB\",\"@id\":\"https:\/\/skaitytaknyga.lt\/produktas\/nauji-peliuko-aniceto-nuotykiai\/#primaryimage\",\"url\":\"https:\/\/skaitytaknyga.lt\/wp-content\/uploads\/2024\/11\/Nauji-Peliuko-Aniceto-nuotykiai.webp\",\"contentUrl\":\"https:\/\/skaitytaknyga.lt\/wp-content\/uploads\/2024\/11\/Nauji-Peliuko-Aniceto-nuotykiai.webp\",\"width\":500,\"height\":570,\"caption\":\"Nauji Peliuko Aniceto nuotykiai\"},{\"@type\":\"BreadcrumbList\",\"@id\":\"https:\/\/skaitytaknyga.lt\/produktas\/nauji-peliuko-aniceto-nuotykiai\/#breadcrumb\",\"itemListElement\":[{\"@type\":\"ListItem\",\"position\":1,\"name\":\"Home\",\"item\":\"https:\/\/skaitytaknyga.lt\/\"},{\"@type\":\"ListItem\",\"position\":2,\"name\":\"Parduotuv\u0117\",\"item\":\"https:\/\/skaitytaknyga.lt\/knygu-parduotuve\/\"},{\"@type\":\"ListItem\",\"position\":3,\"name\":\"Nauji Peliuko Aniceto nuotykiai\"}]},{\"@type\":\"WebSite\",\"@id\":\"https:\/\/skaitytaknyga.lt\/#website\",\"url\":\"https:\/\/skaitytaknyga.lt\/\",\"name\":\"skaitytaknyga.lt\",\"description\":\"Skaitytaknyga.lt \u2013 tai ma\u017eas \u0161eimos verslas, kuris prasid\u0117jo nuo meil\u0117s knygoms ir siekio i\u0161gelb\u0117ti knygas nuo likimo prie konteinerio. Kas vienam nereikalingas daiktas \u2013 kitam lobis, o mes esame tarpininkai, kurie padeda abiems tapti laimingesniems ???? \u017dinome kaip nelengva i\u0161gyventi ma\u017eiems verslams, tad nuo \u0161iol, \u010dia rasite ir kit\u0173, ma\u017e\u0173 \u0161eim\u0173 versl\u0173, rank\u0173 darbo, dovan\u0173 sau ir artimiesiems.\",\"publisher\":{\"@id\":\"https:\/\/skaitytaknyga.lt\/#organization\"},\"potentialAction\":[{\"@type\":\"SearchAction\",\"target\":{\"@type\":\"EntryPoint\",\"urlTemplate\":\"https:\/\/skaitytaknyga.lt\/?s={search_term_string}\"},\"query-input\":{\"@type\":\"PropertyValueSpecification\",\"valueRequired\":true,\"valueName\":\"search_term_string\"}}],\"inLanguage\":\"en-GB\"},{\"@type\":\"Organization\",\"@id\":\"https:\/\/skaitytaknyga.lt\/#organization\",\"name\":\"skaitytaknyga.lt\",\"url\":\"https:\/\/skaitytaknyga.lt\/\",\"logo\":{\"@type\":\"ImageObject\",\"inLanguage\":\"en-GB\",\"@id\":\"https:\/\/skaitytaknyga.lt\/#\/schema\/logo\/image\/\",\"url\":\"https:\/\/skaitytaknyga.lt\/wp-content\/uploads\/2024\/05\/cropped-cropped-cropped-02_00843_jt3bggkj1j3HLc7SyY6rEUpg.jpeg\",\"contentUrl\":\"https:\/\/skaitytaknyga.lt\/wp-content\/uploads\/2024\/05\/cropped-cropped-cropped-02_00843_jt3bggkj1j3HLc7SyY6rEUpg.jpeg\",\"width\":1600,\"height\":1600,\"caption\":\"skaitytaknyga.lt\"},\"image\":{\"@id\":\"https:\/\/skaitytaknyga.lt\/#\/schema\/logo\/image\/\"},\"sameAs\":[\"https:\/\/www.facebook.com\/skaitytaknyga\/\"]}]}<\/script>\n<!-- \/ Yoast SEO plugin. -->","yoast_head_json":{"title":"Nauji Peliuko Aniceto nuotykiai","description":"Mieli vaikai, ar jums patinka peliuko Aniceto nuotykiai? Anicetui, atrodo, patinka, nes jei nuotyki\u0173 tr\u016bksta \u2013 jis j\u0173 prisigalvoja pats. Nuotykiams tinka","robots":{"index":"index","follow":"follow","max-snippet":"max-snippet:-1","max-image-preview":"max-image-preview:large","max-video-preview":"max-video-preview:-1"},"canonical":"https:\/\/skaitytaknyga.lt\/en\/produktas\/nauji-peliuko-aniceto-nuotykiai\/","og_locale":"en_GB","og_type":"article","og_title":"[:lt]Nauji Peliuko Aniceto nuotykiai[:] - Skaitytaknyga","og_description":"Mieli vaikai, ar jums patinka peliuko Aniceto nuotykiai? Anicetui, atrodo, patinka, nes jei nuotyki\u0173 tr\u016bksta \u2013 jis j\u0173 prisigalvoja pats. Nuotykiams tinka","og_url":"https:\/\/skaitytaknyga.lt\/en\/produktas\/nauji-peliuko-aniceto-nuotykiai\/","og_site_name":"Skaitytaknyga","article_publisher":"https:\/\/www.facebook.com\/skaitytaknyga\/","article_modified_time":"2024-11-12T11:35:49+00:00","og_image":[{"width":500,"height":570,"url":"https:\/\/skaitytaknyga.lt\/wp-content\/uploads\/2024\/11\/Nauji-Peliuko-Aniceto-nuotykiai.webp","type":"image\/webp"}],"twitter_card":"summary_large_image","twitter_misc":{"Estimated reading time":"1 minute"},"schema":{"@context":"https:\/\/schema.org","@graph":[{"@type":"WebPage","@id":"https:\/\/skaitytaknyga.lt\/produktas\/nauji-peliuko-aniceto-nuotykiai\/","url":"https:\/\/skaitytaknyga.lt\/produktas\/nauji-peliuko-aniceto-nuotykiai\/","name":"Nauji Peliuko Aniceto nuotykiai","isPartOf":{"@id":"https:\/\/skaitytaknyga.lt\/#website"},"primaryImageOfPage":{"@id":"https:\/\/skaitytaknyga.lt\/produktas\/nauji-peliuko-aniceto-nuotykiai\/#primaryimage"},"image":{"@id":"https:\/\/skaitytaknyga.lt\/produktas\/nauji-peliuko-aniceto-nuotykiai\/#primaryimage"},"thumbnailUrl":"https:\/\/skaitytaknyga.lt\/wp-content\/uploads\/2024\/11\/Nauji-Peliuko-Aniceto-nuotykiai.webp","datePublished":"2024-11-12T11:03:48+00:00","dateModified":"2024-11-12T11:35:49+00:00","description":"Mieli vaikai, ar jums patinka peliuko Aniceto nuotykiai? Anicetui, atrodo, patinka, nes jei nuotyki\u0173 tr\u016bksta \u2013 jis j\u0173 prisigalvoja pats. Nuotykiams tinka","breadcrumb":{"@id":"https:\/\/skaitytaknyga.lt\/produktas\/nauji-peliuko-aniceto-nuotykiai\/#breadcrumb"},"inLanguage":"en-GB","potentialAction":[{"@type":"ReadAction","target":["https:\/\/skaitytaknyga.lt\/produktas\/nauji-peliuko-aniceto-nuotykiai\/"]}]},{"@type":"ImageObject","inLanguage":"en-GB","@id":"https:\/\/skaitytaknyga.lt\/produktas\/nauji-peliuko-aniceto-nuotykiai\/#primaryimage","url":"https:\/\/skaitytaknyga.lt\/wp-content\/uploads\/2024\/11\/Nauji-Peliuko-Aniceto-nuotykiai.webp","contentUrl":"https:\/\/skaitytaknyga.lt\/wp-content\/uploads\/2024\/11\/Nauji-Peliuko-Aniceto-nuotykiai.webp","width":500,"height":570,"caption":"Nauji Peliuko Aniceto nuotykiai"},{"@type":"BreadcrumbList","@id":"https:\/\/skaitytaknyga.lt\/produktas\/nauji-peliuko-aniceto-nuotykiai\/#breadcrumb","itemListElement":[{"@type":"ListItem","position":1,"name":"Home","item":"https:\/\/skaitytaknyga.lt\/"},{"@type":"ListItem","position":2,"name":"Parduotuv\u0117","item":"https:\/\/skaitytaknyga.lt\/knygu-parduotuve\/"},{"@type":"ListItem","position":3,"name":"Nauji Peliuko Aniceto nuotykiai"}]},{"@type":"WebSite","@id":"https:\/\/skaitytaknyga.lt\/#website","url":"https:\/\/skaitytaknyga.lt\/","name":"skaitytaknyga.lt","description":"Skaitytaknyga.lt \u2013 tai ma\u017eas \u0161eimos verslas, kuris prasid\u0117jo nuo meil\u0117s knygoms ir siekio i\u0161gelb\u0117ti knygas nuo likimo prie konteinerio. Kas vienam nereikalingas daiktas \u2013 kitam lobis, o mes esame tarpininkai, kurie padeda abiems tapti laimingesniems ???? \u017dinome kaip nelengva i\u0161gyventi ma\u017eiems verslams, tad nuo \u0161iol, \u010dia rasite ir kit\u0173, ma\u017e\u0173 \u0161eim\u0173 versl\u0173, rank\u0173 darbo, dovan\u0173 sau ir artimiesiems.","publisher":{"@id":"https:\/\/skaitytaknyga.lt\/#organization"},"potentialAction":[{"@type":"SearchAction","target":{"@type":"EntryPoint","urlTemplate":"https:\/\/skaitytaknyga.lt\/?s={search_term_string}"},"query-input":{"@type":"PropertyValueSpecification","valueRequired":true,"valueName":"search_term_string"}}],"inLanguage":"en-GB"},{"@type":"Organization","@id":"https:\/\/skaitytaknyga.lt\/#organization","name":"skaitytaknyga.lt","url":"https:\/\/skaitytaknyga.lt\/","logo":{"@type":"ImageObject","inLanguage":"en-GB","@id":"https:\/\/skaitytaknyga.lt\/#\/schema\/logo\/image\/","url":"https:\/\/skaitytaknyga.lt\/wp-content\/uploads\/2024\/05\/cropped-cropped-cropped-02_00843_jt3bggkj1j3HLc7SyY6rEUpg.jpeg","contentUrl":"https:\/\/skaitytaknyga.lt\/wp-content\/uploads\/2024\/05\/cropped-cropped-cropped-02_00843_jt3bggkj1j3HLc7SyY6rEUpg.jpeg","width":1600,"height":1600,"caption":"skaitytaknyga.lt"},"image":{"@id":"https:\/\/skaitytaknyga.lt\/#\/schema\/logo\/image\/"},"sameAs":["https:\/\/www.facebook.com\/skaitytaknyga\/"]}]}},"_links":{"self":[{"href":"https:\/\/skaitytaknyga.lt\/en\/wp-json\/wp\/v2\/product\/14579","targetHints":{"allow":["GET"]}}],"collection":[{"href":"https:\/\/skaitytaknyga.lt\/en\/wp-json\/wp\/v2\/product"}],"about":[{"href":"https:\/\/skaitytaknyga.lt\/en\/wp-json\/wp\/v2\/types\/product"}],"replies":[{"embeddable":true,"href":"https:\/\/skaitytaknyga.lt\/en\/wp-json\/wp\/v2\/comments?post=14579"}],"wp:featuredmedia":[{"embeddable":true,"href":"https:\/\/skaitytaknyga.lt\/en\/wp-json\/wp\/v2\/media\/14594"}],"wp:attachment":[{"href":"https:\/\/skaitytaknyga.lt\/en\/wp-json\/wp\/v2\/media?parent=14579"}],"wp:term":[{"taxonomy":"product_brand","embeddable":true,"href":"https:\/\/skaitytaknyga.lt\/en\/wp-json\/wp\/v2\/product_brand?post=14579"},{"taxonomy":"product_cat","embeddable":true,"href":"https:\/\/skaitytaknyga.lt\/en\/wp-json\/wp\/v2\/product_cat?post=14579"},{"taxonomy":"product_tag","embeddable":true,"href":"https:\/\/skaitytaknyga.lt\/en\/wp-json\/wp\/v2\/product_tag?post=14579"}],"curies":[{"name":"wp","href":"https:\/\/api.w.org\/{rel}","templated":true}]}}