{"id":14578,"date":"2024-11-12T13:03:48","date_gmt":"2024-11-12T11:03:48","guid":{"rendered":"https:\/\/skaitytaknyga.lt\/?post_type=product&#038;p=14578"},"modified":"2024-11-12T13:36:39","modified_gmt":"2024-11-12T11:36:39","slug":"gyventi-blaiviai","status":"publish","type":"product","link":"https:\/\/skaitytaknyga.lt\/en\/produktas\/gyventi-blaiviai\/","title":{"rendered":"Gyventi blaiviai"},"content":{"rendered":"<p>Netgi \u017eod\u017eiai \u201eb\u016bti blaiviems\u201c \u2013 ne \u201egyventi blaiviai\u201c \u2013 u\u017egaudavo daugel\u012f m\u016bs\u0173, kai pirm\u0105syk i\u0161girsdavome tok\u012f patarim\u0105. Nors ir smarkiai g\u0117r\u0117m, mes beveik niekuomet nesijaut\u0117me girti ir buvom tikri, jog i\u0161 m\u016bs\u0173 kalbos ir elgesio tai beveik ne\u017eymu&#8230;<\/p>\n<p>Daugelis i\u0161 m\u016bs\u0173 niekad ne\u0161litiniuodavo, negriuvin\u0117davo, mums net nesipindavo lie\u017euvis; kiti niekuomet netriuk\u0161maudavo, nepradykin\u0117davo n\u0117 vienos darbo dienos, nepakli\u016bdavo \u012f automobilio avarijas ir, jau \u017einoma, niekad nepakli\u016bdavo \u012f ligonin\u0119 ar kal\u0117jim\u0105 d\u0117l girtavimo.<\/p>\n<p>Mes pa\u017einojom daugyb\u0119 \u017emoni\u0173, kurie g\u0117r\u0117 daugiau u\u017e mus, ir tuos , kurie negal\u0117davo susilaikyti neg\u0117r\u0119. Mes buvome ne tokie. Tad patarimas, jog galb\u016bt mums neder\u0117t\u0173 gerti, mus beveik \u017eeisdavo.<\/p>\n<p>Be to, kam tokios drasti\u0161kos permainos? Kaip mes tuomet gal\u0117sim gyventi? Por\u0105 kokteili oficiali\u0173 piet\u0173 metu ar prie\u0161 vakarien\u0119 \u2013 juk nieko \u010dia blogo. Nejaugi ne visi turi teis\u0119 atsipalaiduoti, i\u0161lenkdami kelias taureles arba i\u0161gerdami por\u0105 buteliuk\u0173 alau prie\u0161 mieg\u0105?<\/p>\n<p>Ta\u010diau i\u0161girdus kai kuriuos faktus apie lig\u0105, vadinam\u0105 alkoholizmu, m\u016bs\u0173 po\u017ei\u016bris pasikeit\u0117. Mes su\u017einojom, kad alkoholizmu serga milijonai \u017emoni\u0173. Medicinos mokslas nepaai\u0161kina \u0161ios ligos prie\u017easties, bet specialistai, nagrin\u0117antys alkoholizmo problemas, tikina mus, jog alkoholikui arba \u017emogui, turin\u010diam liguist\u0105 potrauk\u012f i\u0161gerti, kenksminga net nedidel\u0117 doz\u0117 alkoholio. Ir m\u016bs\u0173 patirtis tai tik patvirtina.<\/p>\n<p>Taigi, \u012fprotis negerti apskritai \u2013 tai yra b\u016bti blaiviam \u2013 tampa svarbiausia s\u0105lyga, norint pasveikti nuo alkoholizmo. Tenka dar syk\u012f pabr\u0117\u017eti: blaivus gyvenimas toli gra\u017eu n\u0117ra ni\u016brus, nuobodus ir nejaukus, kaip kad anks\u010diau mes baiminom\u0117s. Grei\u010diau tai tokia b\u016bsena, kuria pama\u017eu pradedame m\u0117gautis ir kuri sukelia mums kur kas daugiau jaudulio nei anos alkoholio u\u017enuodytos dienos. Mes jums parodysime, kaip \u0161ito siekti.<\/p>\n<ul class=\"about-product d-none d-xl-block mt-4\">\n<li><strong>Originalus pavadinimas:<\/strong>\u00a0Living Sober<\/li>\n<li><strong>Leid\u0117jas:<\/strong>\u00a0AA tarnyba Lietuvoje<\/li>\n<li><strong>Metai:<\/strong>\u00a02011<\/li>\n<li><strong>Puslapiai:<\/strong>\u00a0152<\/li>\n<li class=\"toggleable type-new-formats \"><strong>ISBN:<\/strong>\u00a09789955988953<\/li>\n<li><strong>Versijos kodas:<\/strong>\u00a012<\/li>\n<li class=\"toggleable type-new-formats \"><strong>Formatas:<\/strong>\u00a012,5 x 18 cm, mink\u0161ti vir\u0161eliai<\/li>\n<li><strong>Kalba:<\/strong>\u00a0Lietuvi\u0173<\/li>\n<\/ul>\n","protected":false},"excerpt":{"rendered":"<p>Netgi \u017eod\u017eiai \u201eb\u016bti blaiviems\u201c \u2013 ne \u201egyventi blaiviai\u201c \u2013 u\u017egaudavo daugel\u012f m\u016bs\u0173, kai pirm\u0105syk i\u0161girsdavome tok\u012f patarim\u0105. Nors ir smarkiai g\u0117r\u0117m, mes beveik niekuomet nesijaut\u0117me girti ir buvom tikri, jog i\u0161 m\u016bs\u0173 kalbos ir elgesio tai beveik ne\u017eymu&#8230; Daugelis i\u0161 m\u016bs\u0173 niekad ne\u0161litiniuodavo, negriuvin\u0117davo, mums net nesipindavo lie\u017euvis; kiti niekuomet netriuk\u0161maudavo, nepradykin\u0117davo n\u0117 vienos darbo dienos, nepakli\u016bdavo \u012f automobilio avarijas ir, jau \u017einoma, niekad nepakli\u016bdavo \u012f ligonin\u0119 ar kal\u0117jim\u0105 d\u0117l girtavimo. Mes pa\u017einojom daugyb\u0119 \u017emoni\u0173, kurie g\u0117r\u0117 daugiau u\u017e mus, ir tuos , kurie negal\u0117davo susilaikyti neg\u0117r\u0119. Mes buvome ne tokie. Tad patarimas, jog galb\u016bt mums neder\u0117t\u0173 gerti, mus beveik \u017eeisdavo. Be to, kam tokios drasti\u0161kos permainos? Kaip mes tuomet gal\u0117sim gyventi? Por\u0105 kokteili oficiali\u0173 piet\u0173 metu ar prie\u0161 vakarien\u0119 \u2013 juk nieko \u010dia blogo. Nejaugi ne visi turi teis\u0119 atsipalaiduoti, i\u0161lenkdami kelias taureles arba i\u0161gerdami por\u0105 buteliuk\u0173 alau prie\u0161 mieg\u0105? Ta\u010diau i\u0161girdus kai kuriuos faktus apie lig\u0105, vadinam\u0105 alkoholizmu, m\u016bs\u0173 po\u017ei\u016bris pasikeit\u0117. Mes su\u017einojom, kad alkoholizmu serga milijonai \u017emoni\u0173. Medicinos mokslas nepaai\u0161kina \u0161ios ligos prie\u017easties, bet specialistai, nagrin\u0117antys alkoholizmo problemas, tikina mus, jog alkoholikui arba \u017emogui, turin\u010diam liguist\u0105 potrauk\u012f i\u0161gerti, kenksminga net nedidel\u0117 doz\u0117 alkoholio. Ir m\u016bs\u0173 patirtis tai tik patvirtina. Taigi, \u012fprotis negerti apskritai \u2013 tai yra b\u016bti blaiviam \u2013 tampa svarbiausia s\u0105lyga, norint pasveikti nuo alkoholizmo. Tenka dar syk\u012f pabr\u0117\u017eti: blaivus gyvenimas toli gra\u017eu n\u0117ra ni\u016brus, nuobodus ir nejaukus, kaip kad anks\u010diau mes baiminom\u0117s. Grei\u010diau tai tokia b\u016bsena, kuria pama\u017eu pradedame m\u0117gautis ir kuri sukelia mums kur kas daugiau jaudulio nei anos alkoholio u\u017enuodytos dienos. Mes jums parodysime, kaip \u0161ito siekti. Originalus pavadinimas:\u00a0Living Sober Leid\u0117jas:\u00a0AA tarnyba Lietuvoje Metai:\u00a02011 Puslapiai:\u00a0152 ISBN:\u00a09789955988953 Versijos kodas:\u00a012 Formatas:\u00a012,5 x 18 cm, mink\u0161ti vir\u0161eliai Kalba:\u00a0Lietuvi\u0173<\/p>\n","protected":false},"featured_media":14595,"comment_status":"open","ping_status":"closed","template":"","meta":{"_acf_changed":false,"site-sidebar-layout":"default","site-content-layout":"","ast-site-content-layout":"default","site-content-style":"default","site-sidebar-style":"default","ast-global-header-display":"","ast-banner-title-visibility":"","ast-main-header-display":"","ast-hfb-above-header-display":"","ast-hfb-below-header-display":"","ast-hfb-mobile-header-display":"","site-post-title":"","ast-breadcrumbs-content":"","ast-featured-img":"","footer-sml-layout":"","ast-disable-related-posts":"","theme-transparent-header-meta":"default","adv-header-id-meta":"","stick-header-meta":"","header-above-stick-meta":"","header-main-stick-meta":"","header-below-stick-meta":"","astra-migrate-meta-layouts":"set","ast-page-background-enabled":"default","ast-page-background-meta":{"desktop":{"background-color":"","background-image":"","background-repeat":"repeat","background-position":"center center","background-size":"auto","background-attachment":"scroll","background-type":"","background-media":"","overlay-type":"","overlay-color":"","overlay-opacity":"","overlay-gradient":""},"tablet":{"background-color":"","background-image":"","background-repeat":"repeat","background-position":"center center","background-size":"auto","background-attachment":"scroll","background-type":"","background-media":"","overlay-type":"","overlay-color":"","overlay-opacity":"","overlay-gradient":""},"mobile":{"background-color":"","background-image":"","background-repeat":"repeat","background-position":"center center","background-size":"auto","background-attachment":"scroll","background-type":"","background-media":"","overlay-type":"","overlay-color":"","overlay-opacity":"","overlay-gradient":""}},"ast-content-background-meta":{"desktop":{"background-color":"var(--ast-global-color-4)","background-image":"","background-repeat":"repeat","background-position":"center center","background-size":"auto","background-attachment":"scroll","background-type":"","background-media":"","overlay-type":"","overlay-color":"","overlay-opacity":"","overlay-gradient":""},"tablet":{"background-color":"var(--ast-global-color-4)","background-image":"","background-repeat":"repeat","background-position":"center center","background-size":"auto","background-attachment":"scroll","background-type":"","background-media":"","overlay-type":"","overlay-color":"","overlay-opacity":"","overlay-gradient":""},"mobile":{"background-color":"var(--ast-global-color-4)","background-image":"","background-repeat":"repeat","background-position":"center center","background-size":"auto","background-attachment":"scroll","background-type":"","background-media":"","overlay-type":"","overlay-color":"","overlay-opacity":"","overlay-gradient":""}}},"product_brand":[],"product_cat":[15,30],"product_tag":[],"class_list":{"0":"post-14578","1":"product","2":"type-product","3":"status-publish","4":"has-post-thumbnail","6":"product_cat-uncategorized","7":"product_cat-psichologija-ir-saviugda","8":"desktop-align-left","9":"tablet-align-left","10":"mobile-align-left","12":"first","13":"instock","14":"shipping-taxable","15":"purchasable","16":"product-type-simple"},"acf":[],"yoast_head":"<!-- This site is optimized with the Yoast SEO plugin v27.0 - https:\/\/yoast.com\/product\/yoast-seo-wordpress\/ -->\n<title>Gyventi blaiviai<\/title>\n<meta name=\"description\" content=\"Netgi \u017eod\u017eiai \u201eb\u016bti blaiviems\u201c \u2013 ne \u201egyventi blaiviai\u201c \u2013 u\u017egaudavo daugel\u012f m\u016bs\u0173, kai pirm\u0105syk i\u0161girsdavome tok\u012f patarim\u0105. Nors ir smarkiai g\u0117r\u0117m, mes\" \/>\n<meta name=\"robots\" content=\"index, follow, max-snippet:-1, max-image-preview:large, max-video-preview:-1\" \/>\n<link rel=\"canonical\" href=\"https:\/\/skaitytaknyga.lt\/en\/produktas\/gyventi-blaiviai\/\" \/>\n<meta property=\"og:locale\" content=\"en_GB\" \/>\n<meta property=\"og:locale:alternate\" content=\"lt_LT\" \/>\n<meta property=\"og:type\" content=\"article\" \/>\n<meta property=\"og:title\" content=\"Gyventi blaiviai\" \/>\n<meta property=\"og:description\" content=\"Netgi \u017eod\u017eiai \u201eb\u016bti blaiviems\u201c \u2013 ne \u201egyventi blaiviai\u201c \u2013 u\u017egaudavo daugel\u012f m\u016bs\u0173, kai pirm\u0105syk i\u0161girsdavome tok\u012f patarim\u0105. Nors ir smarkiai g\u0117r\u0117m, mes\" \/>\n<meta property=\"og:url\" content=\"https:\/\/skaitytaknyga.lt\/en\/produktas\/gyventi-blaiviai\/\" \/>\n<meta property=\"og:site_name\" content=\"Skaitytaknyga\" \/>\n<meta property=\"article:publisher\" content=\"https:\/\/www.facebook.com\/skaitytaknyga\/\" \/>\n<meta property=\"article:modified_time\" content=\"2024-11-12T11:36:39+00:00\" \/>\n<meta property=\"og:image\" content=\"https:\/\/skaitytaknyga.lt\/wp-content\/uploads\/2024\/11\/Gyventi-blaiviai.webp\" \/>\n\t<meta property=\"og:image:width\" content=\"554\" \/>\n\t<meta property=\"og:image:height\" content=\"800\" \/>\n\t<meta property=\"og:image:type\" content=\"image\/webp\" \/>\n<meta name=\"twitter:card\" content=\"summary_large_image\" \/>\n<meta name=\"twitter:label1\" content=\"Estimated reading time\" \/>\n\t<meta name=\"twitter:data1\" content=\"2 minutes\" \/>\n<script type=\"application\/ld+json\" class=\"yoast-schema-graph\">{\"@context\":\"https:\/\/schema.org\",\"@graph\":[{\"@type\":\"WebPage\",\"@id\":\"https:\/\/skaitytaknyga.lt\/produktas\/gyventi-blaiviai\/\",\"url\":\"https:\/\/skaitytaknyga.lt\/produktas\/gyventi-blaiviai\/\",\"name\":\"Gyventi blaiviai\",\"isPartOf\":{\"@id\":\"https:\/\/skaitytaknyga.lt\/#website\"},\"primaryImageOfPage\":{\"@id\":\"https:\/\/skaitytaknyga.lt\/produktas\/gyventi-blaiviai\/#primaryimage\"},\"image\":{\"@id\":\"https:\/\/skaitytaknyga.lt\/produktas\/gyventi-blaiviai\/#primaryimage\"},\"thumbnailUrl\":\"https:\/\/skaitytaknyga.lt\/wp-content\/uploads\/2024\/11\/Gyventi-blaiviai.webp\",\"datePublished\":\"2024-11-12T11:03:48+00:00\",\"dateModified\":\"2024-11-12T11:36:39+00:00\",\"description\":\"Netgi \u017eod\u017eiai \u201eb\u016bti blaiviems\u201c \u2013 ne \u201egyventi blaiviai\u201c \u2013 u\u017egaudavo daugel\u012f m\u016bs\u0173, kai pirm\u0105syk i\u0161girsdavome tok\u012f patarim\u0105. Nors ir smarkiai g\u0117r\u0117m, mes\",\"breadcrumb\":{\"@id\":\"https:\/\/skaitytaknyga.lt\/produktas\/gyventi-blaiviai\/#breadcrumb\"},\"inLanguage\":\"en-GB\",\"potentialAction\":[{\"@type\":\"ReadAction\",\"target\":[\"https:\/\/skaitytaknyga.lt\/produktas\/gyventi-blaiviai\/\"]}]},{\"@type\":\"ImageObject\",\"inLanguage\":\"en-GB\",\"@id\":\"https:\/\/skaitytaknyga.lt\/produktas\/gyventi-blaiviai\/#primaryimage\",\"url\":\"https:\/\/skaitytaknyga.lt\/wp-content\/uploads\/2024\/11\/Gyventi-blaiviai.webp\",\"contentUrl\":\"https:\/\/skaitytaknyga.lt\/wp-content\/uploads\/2024\/11\/Gyventi-blaiviai.webp\",\"width\":554,\"height\":800,\"caption\":\"Gyventi blaiviai\"},{\"@type\":\"BreadcrumbList\",\"@id\":\"https:\/\/skaitytaknyga.lt\/produktas\/gyventi-blaiviai\/#breadcrumb\",\"itemListElement\":[{\"@type\":\"ListItem\",\"position\":1,\"name\":\"Home\",\"item\":\"https:\/\/skaitytaknyga.lt\/\"},{\"@type\":\"ListItem\",\"position\":2,\"name\":\"Parduotuv\u0117\",\"item\":\"https:\/\/skaitytaknyga.lt\/knygu-parduotuve\/\"},{\"@type\":\"ListItem\",\"position\":3,\"name\":\"Gyventi blaiviai\"}]},{\"@type\":\"WebSite\",\"@id\":\"https:\/\/skaitytaknyga.lt\/#website\",\"url\":\"https:\/\/skaitytaknyga.lt\/\",\"name\":\"skaitytaknyga.lt\",\"description\":\"Skaitytaknyga.lt \u2013 tai ma\u017eas \u0161eimos verslas, kuris prasid\u0117jo nuo meil\u0117s knygoms ir siekio i\u0161gelb\u0117ti knygas nuo likimo prie konteinerio. Kas vienam nereikalingas daiktas \u2013 kitam lobis, o mes esame tarpininkai, kurie padeda abiems tapti laimingesniems ???? \u017dinome kaip nelengva i\u0161gyventi ma\u017eiems verslams, tad nuo \u0161iol, \u010dia rasite ir kit\u0173, ma\u017e\u0173 \u0161eim\u0173 versl\u0173, rank\u0173 darbo, dovan\u0173 sau ir artimiesiems.\",\"publisher\":{\"@id\":\"https:\/\/skaitytaknyga.lt\/#organization\"},\"potentialAction\":[{\"@type\":\"SearchAction\",\"target\":{\"@type\":\"EntryPoint\",\"urlTemplate\":\"https:\/\/skaitytaknyga.lt\/?s={search_term_string}\"},\"query-input\":{\"@type\":\"PropertyValueSpecification\",\"valueRequired\":true,\"valueName\":\"search_term_string\"}}],\"inLanguage\":\"en-GB\"},{\"@type\":\"Organization\",\"@id\":\"https:\/\/skaitytaknyga.lt\/#organization\",\"name\":\"skaitytaknyga.lt\",\"url\":\"https:\/\/skaitytaknyga.lt\/\",\"logo\":{\"@type\":\"ImageObject\",\"inLanguage\":\"en-GB\",\"@id\":\"https:\/\/skaitytaknyga.lt\/#\/schema\/logo\/image\/\",\"url\":\"https:\/\/skaitytaknyga.lt\/wp-content\/uploads\/2024\/05\/cropped-cropped-cropped-02_00843_jt3bggkj1j3HLc7SyY6rEUpg.jpeg\",\"contentUrl\":\"https:\/\/skaitytaknyga.lt\/wp-content\/uploads\/2024\/05\/cropped-cropped-cropped-02_00843_jt3bggkj1j3HLc7SyY6rEUpg.jpeg\",\"width\":1600,\"height\":1600,\"caption\":\"skaitytaknyga.lt\"},\"image\":{\"@id\":\"https:\/\/skaitytaknyga.lt\/#\/schema\/logo\/image\/\"},\"sameAs\":[\"https:\/\/www.facebook.com\/skaitytaknyga\/\"]}]}<\/script>\n<!-- \/ Yoast SEO plugin. -->","yoast_head_json":{"title":"Gyventi blaiviai","description":"Netgi \u017eod\u017eiai \u201eb\u016bti blaiviems\u201c \u2013 ne \u201egyventi blaiviai\u201c \u2013 u\u017egaudavo daugel\u012f m\u016bs\u0173, kai pirm\u0105syk i\u0161girsdavome tok\u012f patarim\u0105. Nors ir smarkiai g\u0117r\u0117m, mes","robots":{"index":"index","follow":"follow","max-snippet":"max-snippet:-1","max-image-preview":"max-image-preview:large","max-video-preview":"max-video-preview:-1"},"canonical":"https:\/\/skaitytaknyga.lt\/en\/produktas\/gyventi-blaiviai\/","og_locale":"en_GB","og_type":"article","og_title":"[:lt]Gyventi blaiviai[:] - Skaitytaknyga","og_description":"Netgi \u017eod\u017eiai \u201eb\u016bti blaiviems\u201c \u2013 ne \u201egyventi blaiviai\u201c \u2013 u\u017egaudavo daugel\u012f m\u016bs\u0173, kai pirm\u0105syk i\u0161girsdavome tok\u012f patarim\u0105. Nors ir smarkiai g\u0117r\u0117m, mes","og_url":"https:\/\/skaitytaknyga.lt\/en\/produktas\/gyventi-blaiviai\/","og_site_name":"Skaitytaknyga","article_publisher":"https:\/\/www.facebook.com\/skaitytaknyga\/","article_modified_time":"2024-11-12T11:36:39+00:00","og_image":[{"width":554,"height":800,"url":"https:\/\/skaitytaknyga.lt\/wp-content\/uploads\/2024\/11\/Gyventi-blaiviai.webp","type":"image\/webp"}],"twitter_card":"summary_large_image","twitter_misc":{"Estimated reading time":"2 minutes"},"schema":{"@context":"https:\/\/schema.org","@graph":[{"@type":"WebPage","@id":"https:\/\/skaitytaknyga.lt\/produktas\/gyventi-blaiviai\/","url":"https:\/\/skaitytaknyga.lt\/produktas\/gyventi-blaiviai\/","name":"Gyventi blaiviai","isPartOf":{"@id":"https:\/\/skaitytaknyga.lt\/#website"},"primaryImageOfPage":{"@id":"https:\/\/skaitytaknyga.lt\/produktas\/gyventi-blaiviai\/#primaryimage"},"image":{"@id":"https:\/\/skaitytaknyga.lt\/produktas\/gyventi-blaiviai\/#primaryimage"},"thumbnailUrl":"https:\/\/skaitytaknyga.lt\/wp-content\/uploads\/2024\/11\/Gyventi-blaiviai.webp","datePublished":"2024-11-12T11:03:48+00:00","dateModified":"2024-11-12T11:36:39+00:00","description":"Netgi \u017eod\u017eiai \u201eb\u016bti blaiviems\u201c \u2013 ne \u201egyventi blaiviai\u201c \u2013 u\u017egaudavo daugel\u012f m\u016bs\u0173, kai pirm\u0105syk i\u0161girsdavome tok\u012f patarim\u0105. Nors ir smarkiai g\u0117r\u0117m, mes","breadcrumb":{"@id":"https:\/\/skaitytaknyga.lt\/produktas\/gyventi-blaiviai\/#breadcrumb"},"inLanguage":"en-GB","potentialAction":[{"@type":"ReadAction","target":["https:\/\/skaitytaknyga.lt\/produktas\/gyventi-blaiviai\/"]}]},{"@type":"ImageObject","inLanguage":"en-GB","@id":"https:\/\/skaitytaknyga.lt\/produktas\/gyventi-blaiviai\/#primaryimage","url":"https:\/\/skaitytaknyga.lt\/wp-content\/uploads\/2024\/11\/Gyventi-blaiviai.webp","contentUrl":"https:\/\/skaitytaknyga.lt\/wp-content\/uploads\/2024\/11\/Gyventi-blaiviai.webp","width":554,"height":800,"caption":"Gyventi blaiviai"},{"@type":"BreadcrumbList","@id":"https:\/\/skaitytaknyga.lt\/produktas\/gyventi-blaiviai\/#breadcrumb","itemListElement":[{"@type":"ListItem","position":1,"name":"Home","item":"https:\/\/skaitytaknyga.lt\/"},{"@type":"ListItem","position":2,"name":"Parduotuv\u0117","item":"https:\/\/skaitytaknyga.lt\/knygu-parduotuve\/"},{"@type":"ListItem","position":3,"name":"Gyventi blaiviai"}]},{"@type":"WebSite","@id":"https:\/\/skaitytaknyga.lt\/#website","url":"https:\/\/skaitytaknyga.lt\/","name":"skaitytaknyga.lt","description":"Skaitytaknyga.lt \u2013 tai ma\u017eas \u0161eimos verslas, kuris prasid\u0117jo nuo meil\u0117s knygoms ir siekio i\u0161gelb\u0117ti knygas nuo likimo prie konteinerio. Kas vienam nereikalingas daiktas \u2013 kitam lobis, o mes esame tarpininkai, kurie padeda abiems tapti laimingesniems ???? \u017dinome kaip nelengva i\u0161gyventi ma\u017eiems verslams, tad nuo \u0161iol, \u010dia rasite ir kit\u0173, ma\u017e\u0173 \u0161eim\u0173 versl\u0173, rank\u0173 darbo, dovan\u0173 sau ir artimiesiems.","publisher":{"@id":"https:\/\/skaitytaknyga.lt\/#organization"},"potentialAction":[{"@type":"SearchAction","target":{"@type":"EntryPoint","urlTemplate":"https:\/\/skaitytaknyga.lt\/?s={search_term_string}"},"query-input":{"@type":"PropertyValueSpecification","valueRequired":true,"valueName":"search_term_string"}}],"inLanguage":"en-GB"},{"@type":"Organization","@id":"https:\/\/skaitytaknyga.lt\/#organization","name":"skaitytaknyga.lt","url":"https:\/\/skaitytaknyga.lt\/","logo":{"@type":"ImageObject","inLanguage":"en-GB","@id":"https:\/\/skaitytaknyga.lt\/#\/schema\/logo\/image\/","url":"https:\/\/skaitytaknyga.lt\/wp-content\/uploads\/2024\/05\/cropped-cropped-cropped-02_00843_jt3bggkj1j3HLc7SyY6rEUpg.jpeg","contentUrl":"https:\/\/skaitytaknyga.lt\/wp-content\/uploads\/2024\/05\/cropped-cropped-cropped-02_00843_jt3bggkj1j3HLc7SyY6rEUpg.jpeg","width":1600,"height":1600,"caption":"skaitytaknyga.lt"},"image":{"@id":"https:\/\/skaitytaknyga.lt\/#\/schema\/logo\/image\/"},"sameAs":["https:\/\/www.facebook.com\/skaitytaknyga\/"]}]}},"_links":{"self":[{"href":"https:\/\/skaitytaknyga.lt\/en\/wp-json\/wp\/v2\/product\/14578","targetHints":{"allow":["GET"]}}],"collection":[{"href":"https:\/\/skaitytaknyga.lt\/en\/wp-json\/wp\/v2\/product"}],"about":[{"href":"https:\/\/skaitytaknyga.lt\/en\/wp-json\/wp\/v2\/types\/product"}],"replies":[{"embeddable":true,"href":"https:\/\/skaitytaknyga.lt\/en\/wp-json\/wp\/v2\/comments?post=14578"}],"wp:featuredmedia":[{"embeddable":true,"href":"https:\/\/skaitytaknyga.lt\/en\/wp-json\/wp\/v2\/media\/14595"}],"wp:attachment":[{"href":"https:\/\/skaitytaknyga.lt\/en\/wp-json\/wp\/v2\/media?parent=14578"}],"wp:term":[{"taxonomy":"product_brand","embeddable":true,"href":"https:\/\/skaitytaknyga.lt\/en\/wp-json\/wp\/v2\/product_brand?post=14578"},{"taxonomy":"product_cat","embeddable":true,"href":"https:\/\/skaitytaknyga.lt\/en\/wp-json\/wp\/v2\/product_cat?post=14578"},{"taxonomy":"product_tag","embeddable":true,"href":"https:\/\/skaitytaknyga.lt\/en\/wp-json\/wp\/v2\/product_tag?post=14578"}],"curies":[{"name":"wp","href":"https:\/\/api.w.org\/{rel}","templated":true}]}}