{"id":14564,"date":"2024-11-12T09:58:13","date_gmt":"2024-11-12T07:58:13","guid":{"rendered":"https:\/\/skaitytaknyga.lt\/?post_type=product&#038;p=14564"},"modified":"2024-11-12T11:41:37","modified_gmt":"2024-11-12T09:41:37","slug":"nijoles-ambrazaitytes-zvaigzde","status":"publish","type":"product","link":"https:\/\/skaitytaknyga.lt\/en\/produktas\/nijoles-ambrazaitytes-zvaigzde\/","title":{"rendered":"Nijol\u0117s Ambrazaityt\u0117s \u017evaig\u017ed\u0117"},"content":{"rendered":"<p>Monografija solidi visomis prasm\u0117mis. Ji d\u017eiugina ne tik pasakojimo turiniu, bet ir gausiomis iliustracijomis, kurios padeda prisiminti operos solist\u0119 visur, kur tik gyvenimo t\u0117km\u0117 j\u0105 nuved\u0117. Reikia pasid\u017eiaugti ir tuo, kad \u0161eima atidi jos veiklai ir pad\u0117jo i\u0161saugoti turting\u0105 vaizdin\u0119 med\u017eiag\u0105, kuri sugul\u0117 knygos puslapiuose. Visas knygos (redaktor\u0117 Ieva Lenkutyt\u0117, maketuotoja Vaida Jonu\u0161yt\u0117) turinys suskirstytas \u012f vienuolika skyri\u0173, atskirt\u0173 spalvotais lapais. \u012e t\u0105 \u012fsp\u016bding\u0105 ir rai\u0161k\u0173 R. Aleknait\u0117s-Bieliauskien\u0117s pasakojim\u0105 apie N. Ambrazaityt\u0117s asmenyb\u0119 \u012fveda atsitiktinio susitikimo prisiminimas. Tada, pra\u0117jusio \u0161imtme\u010dio 8-ojo de\u0161imtme\u010dio pabaigoje, autor\u0117, dar jauna pianist\u0117, pakviesta akompanuoti N. Ambrazaitytei, n\u0117 negal\u0117jo numatyti, kad prab\u0117gus geram laiko tarpsniui telksis \u0161ios asmenyb\u0117s i\u0161samiam pa\u017einimui ir atsiras ne knygut\u0117, bet solidi 322 puslapi\u0173 monografija. Kartu tai bus puiki pa\u017eintin\u0117 med\u017eiaga ne tik dabarties jaunajai, bet ir ateities muzik\u0173 kartoms, taip pat visiems muzikos myl\u0117tojams.<\/p>\n","protected":false},"excerpt":{"rendered":"<p>Monografija solidi visomis prasm\u0117mis. Ji d\u017eiugina ne tik pasakojimo turiniu, bet ir gausiomis iliustracijomis, kurios padeda prisiminti operos solist\u0119 visur, kur tik gyvenimo t\u0117km\u0117 j\u0105 nuved\u0117. Reikia pasid\u017eiaugti ir tuo, kad \u0161eima atidi jos veiklai ir pad\u0117jo i\u0161saugoti turting\u0105 vaizdin\u0119 med\u017eiag\u0105, kuri sugul\u0117 knygos puslapiuose. Visas knygos (redaktor\u0117 Ieva Lenkutyt\u0117, maketuotoja Vaida Jonu\u0161yt\u0117) turinys suskirstytas \u012f vienuolika skyri\u0173, atskirt\u0173 spalvotais lapais. \u012e t\u0105 \u012fsp\u016bding\u0105 ir rai\u0161k\u0173 R. Aleknait\u0117s-Bieliauskien\u0117s pasakojim\u0105 apie N. Ambrazaityt\u0117s asmenyb\u0119 \u012fveda atsitiktinio susitikimo prisiminimas. Tada, pra\u0117jusio \u0161imtme\u010dio 8-ojo de\u0161imtme\u010dio pabaigoje, autor\u0117, dar jauna pianist\u0117, pakviesta akompanuoti N. Ambrazaitytei, n\u0117 negal\u0117jo numatyti, kad prab\u0117gus geram laiko tarpsniui telksis \u0161ios asmenyb\u0117s i\u0161samiam pa\u017einimui ir atsiras ne knygut\u0117, bet solidi 322 puslapi\u0173 monografija. Kartu tai bus puiki pa\u017eintin\u0117 med\u017eiaga ne tik dabarties jaunajai, bet ir ateities muzik\u0173 kartoms, taip pat visiems muzikos myl\u0117tojams.<\/p>\n","protected":false},"featured_media":14571,"comment_status":"open","ping_status":"closed","template":"","meta":{"_acf_changed":false,"site-sidebar-layout":"default","site-content-layout":"","ast-site-content-layout":"default","site-content-style":"default","site-sidebar-style":"default","ast-global-header-display":"","ast-banner-title-visibility":"","ast-main-header-display":"","ast-hfb-above-header-display":"","ast-hfb-below-header-display":"","ast-hfb-mobile-header-display":"","site-post-title":"","ast-breadcrumbs-content":"","ast-featured-img":"","footer-sml-layout":"","ast-disable-related-posts":"","theme-transparent-header-meta":"default","adv-header-id-meta":"","stick-header-meta":"","header-above-stick-meta":"","header-main-stick-meta":"","header-below-stick-meta":"","astra-migrate-meta-layouts":"set","ast-page-background-enabled":"default","ast-page-background-meta":{"desktop":{"background-color":"","background-image":"","background-repeat":"repeat","background-position":"center center","background-size":"auto","background-attachment":"scroll","background-type":"","background-media":"","overlay-type":"","overlay-color":"","overlay-opacity":"","overlay-gradient":""},"tablet":{"background-color":"","background-image":"","background-repeat":"repeat","background-position":"center center","background-size":"auto","background-attachment":"scroll","background-type":"","background-media":"","overlay-type":"","overlay-color":"","overlay-opacity":"","overlay-gradient":""},"mobile":{"background-color":"","background-image":"","background-repeat":"repeat","background-position":"center center","background-size":"auto","background-attachment":"scroll","background-type":"","background-media":"","overlay-type":"","overlay-color":"","overlay-opacity":"","overlay-gradient":""}},"ast-content-background-meta":{"desktop":{"background-color":"var(--ast-global-color-4)","background-image":"","background-repeat":"repeat","background-position":"center center","background-size":"auto","background-attachment":"scroll","background-type":"","background-media":"","overlay-type":"","overlay-color":"","overlay-opacity":"","overlay-gradient":""},"tablet":{"background-color":"var(--ast-global-color-4)","background-image":"","background-repeat":"repeat","background-position":"center center","background-size":"auto","background-attachment":"scroll","background-type":"","background-media":"","overlay-type":"","overlay-color":"","overlay-opacity":"","overlay-gradient":""},"mobile":{"background-color":"var(--ast-global-color-4)","background-image":"","background-repeat":"repeat","background-position":"center center","background-size":"auto","background-attachment":"scroll","background-type":"","background-media":"","overlay-type":"","overlay-color":"","overlay-opacity":"","overlay-gradient":""}}},"product_brand":[],"product_cat":[33,15,57],"product_tag":[],"class_list":{"0":"post-14564","1":"product","2":"type-product","3":"status-publish","4":"has-post-thumbnail","6":"product_cat-biografijos","7":"product_cat-uncategorized","8":"product_cat-menas-ir-albumai","9":"desktop-align-left","10":"tablet-align-left","11":"mobile-align-left","13":"first","14":"instock","15":"shipping-taxable","16":"purchasable","17":"product-type-simple"},"acf":[],"yoast_head":"<!-- This site is optimized with the Yoast SEO plugin v27.0 - https:\/\/yoast.com\/product\/yoast-seo-wordpress\/ -->\n<title>Nijol\u0117s Ambrazaityt\u0117s \u017evaig\u017ed\u0117<\/title>\n<meta name=\"description\" content=\"Monografija solidi visomis prasm\u0117mis. Ji d\u017eiugina ne tik pasakojimo turiniu, bet ir gausiomis iliustracijomis, kurios padeda prisiminti operos solist\u0119\" \/>\n<meta name=\"robots\" content=\"index, follow, max-snippet:-1, max-image-preview:large, max-video-preview:-1\" \/>\n<link rel=\"canonical\" href=\"https:\/\/skaitytaknyga.lt\/en\/produktas\/nijoles-ambrazaitytes-zvaigzde\/\" \/>\n<meta property=\"og:locale\" content=\"en_GB\" \/>\n<meta property=\"og:locale:alternate\" content=\"lt_LT\" \/>\n<meta property=\"og:type\" content=\"article\" \/>\n<meta property=\"og:title\" content=\"Nijol\u0117s Ambrazaityt\u0117s \u017evaig\u017ed\u0117\" \/>\n<meta property=\"og:description\" content=\"Monografija solidi visomis prasm\u0117mis. Ji d\u017eiugina ne tik pasakojimo turiniu, bet ir gausiomis iliustracijomis, kurios padeda prisiminti operos solist\u0119\" \/>\n<meta property=\"og:url\" content=\"https:\/\/skaitytaknyga.lt\/en\/produktas\/nijoles-ambrazaitytes-zvaigzde\/\" \/>\n<meta property=\"og:site_name\" content=\"Skaitytaknyga\" \/>\n<meta property=\"article:publisher\" content=\"https:\/\/www.facebook.com\/skaitytaknyga\/\" \/>\n<meta property=\"article:modified_time\" content=\"2024-11-12T09:41:37+00:00\" \/>\n<meta property=\"og:image\" content=\"https:\/\/skaitytaknyga.lt\/wp-content\/uploads\/2024\/11\/Nijoles-Ambrazaitytes-zvaigzde.jpg\" \/>\n\t<meta property=\"og:image:width\" content=\"343\" \/>\n\t<meta property=\"og:image:height\" content=\"500\" \/>\n\t<meta property=\"og:image:type\" content=\"image\/jpeg\" \/>\n<meta name=\"twitter:card\" content=\"summary_large_image\" \/>\n<meta name=\"twitter:label1\" content=\"Estimated reading time\" \/>\n\t<meta name=\"twitter:data1\" content=\"1 minute\" \/>\n<script type=\"application\/ld+json\" class=\"yoast-schema-graph\">{\"@context\":\"https:\/\/schema.org\",\"@graph\":[{\"@type\":\"WebPage\",\"@id\":\"https:\/\/skaitytaknyga.lt\/produktas\/nijoles-ambrazaitytes-zvaigzde\/\",\"url\":\"https:\/\/skaitytaknyga.lt\/produktas\/nijoles-ambrazaitytes-zvaigzde\/\",\"name\":\"Nijol\u0117s Ambrazaityt\u0117s \u017evaig\u017ed\u0117\",\"isPartOf\":{\"@id\":\"https:\/\/skaitytaknyga.lt\/#website\"},\"primaryImageOfPage\":{\"@id\":\"https:\/\/skaitytaknyga.lt\/produktas\/nijoles-ambrazaitytes-zvaigzde\/#primaryimage\"},\"image\":{\"@id\":\"https:\/\/skaitytaknyga.lt\/produktas\/nijoles-ambrazaitytes-zvaigzde\/#primaryimage\"},\"thumbnailUrl\":\"https:\/\/skaitytaknyga.lt\/wp-content\/uploads\/2024\/11\/Nijoles-Ambrazaitytes-zvaigzde.jpg\",\"datePublished\":\"2024-11-12T07:58:13+00:00\",\"dateModified\":\"2024-11-12T09:41:37+00:00\",\"description\":\"Monografija solidi visomis prasm\u0117mis. Ji d\u017eiugina ne tik pasakojimo turiniu, bet ir gausiomis iliustracijomis, kurios padeda prisiminti operos solist\u0119\",\"breadcrumb\":{\"@id\":\"https:\/\/skaitytaknyga.lt\/produktas\/nijoles-ambrazaitytes-zvaigzde\/#breadcrumb\"},\"inLanguage\":\"en-GB\",\"potentialAction\":[{\"@type\":\"ReadAction\",\"target\":[\"https:\/\/skaitytaknyga.lt\/produktas\/nijoles-ambrazaitytes-zvaigzde\/\"]}]},{\"@type\":\"ImageObject\",\"inLanguage\":\"en-GB\",\"@id\":\"https:\/\/skaitytaknyga.lt\/produktas\/nijoles-ambrazaitytes-zvaigzde\/#primaryimage\",\"url\":\"https:\/\/skaitytaknyga.lt\/wp-content\/uploads\/2024\/11\/Nijoles-Ambrazaitytes-zvaigzde.jpg\",\"contentUrl\":\"https:\/\/skaitytaknyga.lt\/wp-content\/uploads\/2024\/11\/Nijoles-Ambrazaitytes-zvaigzde.jpg\",\"width\":343,\"height\":500,\"caption\":\"Nijol\u0117s Ambrazaityt\u0117s \u017evaig\u017ed\u0117\"},{\"@type\":\"BreadcrumbList\",\"@id\":\"https:\/\/skaitytaknyga.lt\/produktas\/nijoles-ambrazaitytes-zvaigzde\/#breadcrumb\",\"itemListElement\":[{\"@type\":\"ListItem\",\"position\":1,\"name\":\"Home\",\"item\":\"https:\/\/skaitytaknyga.lt\/\"},{\"@type\":\"ListItem\",\"position\":2,\"name\":\"Parduotuv\u0117\",\"item\":\"https:\/\/skaitytaknyga.lt\/knygu-parduotuve\/\"},{\"@type\":\"ListItem\",\"position\":3,\"name\":\"Nijol\u0117s Ambrazaityt\u0117s \u017evaig\u017ed\u0117\"}]},{\"@type\":\"WebSite\",\"@id\":\"https:\/\/skaitytaknyga.lt\/#website\",\"url\":\"https:\/\/skaitytaknyga.lt\/\",\"name\":\"skaitytaknyga.lt\",\"description\":\"Skaitytaknyga.lt \u2013 tai ma\u017eas \u0161eimos verslas, kuris prasid\u0117jo nuo meil\u0117s knygoms ir siekio i\u0161gelb\u0117ti knygas nuo likimo prie konteinerio. Kas vienam nereikalingas daiktas \u2013 kitam lobis, o mes esame tarpininkai, kurie padeda abiems tapti laimingesniems ???? \u017dinome kaip nelengva i\u0161gyventi ma\u017eiems verslams, tad nuo \u0161iol, \u010dia rasite ir kit\u0173, ma\u017e\u0173 \u0161eim\u0173 versl\u0173, rank\u0173 darbo, dovan\u0173 sau ir artimiesiems.\",\"publisher\":{\"@id\":\"https:\/\/skaitytaknyga.lt\/#organization\"},\"potentialAction\":[{\"@type\":\"SearchAction\",\"target\":{\"@type\":\"EntryPoint\",\"urlTemplate\":\"https:\/\/skaitytaknyga.lt\/?s={search_term_string}\"},\"query-input\":{\"@type\":\"PropertyValueSpecification\",\"valueRequired\":true,\"valueName\":\"search_term_string\"}}],\"inLanguage\":\"en-GB\"},{\"@type\":\"Organization\",\"@id\":\"https:\/\/skaitytaknyga.lt\/#organization\",\"name\":\"skaitytaknyga.lt\",\"url\":\"https:\/\/skaitytaknyga.lt\/\",\"logo\":{\"@type\":\"ImageObject\",\"inLanguage\":\"en-GB\",\"@id\":\"https:\/\/skaitytaknyga.lt\/#\/schema\/logo\/image\/\",\"url\":\"https:\/\/skaitytaknyga.lt\/wp-content\/uploads\/2024\/05\/cropped-cropped-cropped-02_00843_jt3bggkj1j3HLc7SyY6rEUpg.jpeg\",\"contentUrl\":\"https:\/\/skaitytaknyga.lt\/wp-content\/uploads\/2024\/05\/cropped-cropped-cropped-02_00843_jt3bggkj1j3HLc7SyY6rEUpg.jpeg\",\"width\":1600,\"height\":1600,\"caption\":\"skaitytaknyga.lt\"},\"image\":{\"@id\":\"https:\/\/skaitytaknyga.lt\/#\/schema\/logo\/image\/\"},\"sameAs\":[\"https:\/\/www.facebook.com\/skaitytaknyga\/\"]}]}<\/script>\n<!-- \/ Yoast SEO plugin. -->","yoast_head_json":{"title":"Nijol\u0117s Ambrazaityt\u0117s \u017evaig\u017ed\u0117","description":"Monografija solidi visomis prasm\u0117mis. Ji d\u017eiugina ne tik pasakojimo turiniu, bet ir gausiomis iliustracijomis, kurios padeda prisiminti operos solist\u0119","robots":{"index":"index","follow":"follow","max-snippet":"max-snippet:-1","max-image-preview":"max-image-preview:large","max-video-preview":"max-video-preview:-1"},"canonical":"https:\/\/skaitytaknyga.lt\/en\/produktas\/nijoles-ambrazaitytes-zvaigzde\/","og_locale":"en_GB","og_type":"article","og_title":"[:lt]Nijol\u0117s Ambrazaityt\u0117s \u017evaig\u017ed\u0117[:] - Skaitytaknyga","og_description":"Monografija solidi visomis prasm\u0117mis. Ji d\u017eiugina ne tik pasakojimo turiniu, bet ir gausiomis iliustracijomis, kurios padeda prisiminti operos solist\u0119","og_url":"https:\/\/skaitytaknyga.lt\/en\/produktas\/nijoles-ambrazaitytes-zvaigzde\/","og_site_name":"Skaitytaknyga","article_publisher":"https:\/\/www.facebook.com\/skaitytaknyga\/","article_modified_time":"2024-11-12T09:41:37+00:00","og_image":[{"width":343,"height":500,"url":"https:\/\/skaitytaknyga.lt\/wp-content\/uploads\/2024\/11\/Nijoles-Ambrazaitytes-zvaigzde.jpg","type":"image\/jpeg"}],"twitter_card":"summary_large_image","twitter_misc":{"Estimated reading time":"1 minute"},"schema":{"@context":"https:\/\/schema.org","@graph":[{"@type":"WebPage","@id":"https:\/\/skaitytaknyga.lt\/produktas\/nijoles-ambrazaitytes-zvaigzde\/","url":"https:\/\/skaitytaknyga.lt\/produktas\/nijoles-ambrazaitytes-zvaigzde\/","name":"Nijol\u0117s Ambrazaityt\u0117s \u017evaig\u017ed\u0117","isPartOf":{"@id":"https:\/\/skaitytaknyga.lt\/#website"},"primaryImageOfPage":{"@id":"https:\/\/skaitytaknyga.lt\/produktas\/nijoles-ambrazaitytes-zvaigzde\/#primaryimage"},"image":{"@id":"https:\/\/skaitytaknyga.lt\/produktas\/nijoles-ambrazaitytes-zvaigzde\/#primaryimage"},"thumbnailUrl":"https:\/\/skaitytaknyga.lt\/wp-content\/uploads\/2024\/11\/Nijoles-Ambrazaitytes-zvaigzde.jpg","datePublished":"2024-11-12T07:58:13+00:00","dateModified":"2024-11-12T09:41:37+00:00","description":"Monografija solidi visomis prasm\u0117mis. Ji d\u017eiugina ne tik pasakojimo turiniu, bet ir gausiomis iliustracijomis, kurios padeda prisiminti operos solist\u0119","breadcrumb":{"@id":"https:\/\/skaitytaknyga.lt\/produktas\/nijoles-ambrazaitytes-zvaigzde\/#breadcrumb"},"inLanguage":"en-GB","potentialAction":[{"@type":"ReadAction","target":["https:\/\/skaitytaknyga.lt\/produktas\/nijoles-ambrazaitytes-zvaigzde\/"]}]},{"@type":"ImageObject","inLanguage":"en-GB","@id":"https:\/\/skaitytaknyga.lt\/produktas\/nijoles-ambrazaitytes-zvaigzde\/#primaryimage","url":"https:\/\/skaitytaknyga.lt\/wp-content\/uploads\/2024\/11\/Nijoles-Ambrazaitytes-zvaigzde.jpg","contentUrl":"https:\/\/skaitytaknyga.lt\/wp-content\/uploads\/2024\/11\/Nijoles-Ambrazaitytes-zvaigzde.jpg","width":343,"height":500,"caption":"Nijol\u0117s Ambrazaityt\u0117s \u017evaig\u017ed\u0117"},{"@type":"BreadcrumbList","@id":"https:\/\/skaitytaknyga.lt\/produktas\/nijoles-ambrazaitytes-zvaigzde\/#breadcrumb","itemListElement":[{"@type":"ListItem","position":1,"name":"Home","item":"https:\/\/skaitytaknyga.lt\/"},{"@type":"ListItem","position":2,"name":"Parduotuv\u0117","item":"https:\/\/skaitytaknyga.lt\/knygu-parduotuve\/"},{"@type":"ListItem","position":3,"name":"Nijol\u0117s Ambrazaityt\u0117s \u017evaig\u017ed\u0117"}]},{"@type":"WebSite","@id":"https:\/\/skaitytaknyga.lt\/#website","url":"https:\/\/skaitytaknyga.lt\/","name":"skaitytaknyga.lt","description":"Skaitytaknyga.lt \u2013 tai ma\u017eas \u0161eimos verslas, kuris prasid\u0117jo nuo meil\u0117s knygoms ir siekio i\u0161gelb\u0117ti knygas nuo likimo prie konteinerio. Kas vienam nereikalingas daiktas \u2013 kitam lobis, o mes esame tarpininkai, kurie padeda abiems tapti laimingesniems ???? \u017dinome kaip nelengva i\u0161gyventi ma\u017eiems verslams, tad nuo \u0161iol, \u010dia rasite ir kit\u0173, ma\u017e\u0173 \u0161eim\u0173 versl\u0173, rank\u0173 darbo, dovan\u0173 sau ir artimiesiems.","publisher":{"@id":"https:\/\/skaitytaknyga.lt\/#organization"},"potentialAction":[{"@type":"SearchAction","target":{"@type":"EntryPoint","urlTemplate":"https:\/\/skaitytaknyga.lt\/?s={search_term_string}"},"query-input":{"@type":"PropertyValueSpecification","valueRequired":true,"valueName":"search_term_string"}}],"inLanguage":"en-GB"},{"@type":"Organization","@id":"https:\/\/skaitytaknyga.lt\/#organization","name":"skaitytaknyga.lt","url":"https:\/\/skaitytaknyga.lt\/","logo":{"@type":"ImageObject","inLanguage":"en-GB","@id":"https:\/\/skaitytaknyga.lt\/#\/schema\/logo\/image\/","url":"https:\/\/skaitytaknyga.lt\/wp-content\/uploads\/2024\/05\/cropped-cropped-cropped-02_00843_jt3bggkj1j3HLc7SyY6rEUpg.jpeg","contentUrl":"https:\/\/skaitytaknyga.lt\/wp-content\/uploads\/2024\/05\/cropped-cropped-cropped-02_00843_jt3bggkj1j3HLc7SyY6rEUpg.jpeg","width":1600,"height":1600,"caption":"skaitytaknyga.lt"},"image":{"@id":"https:\/\/skaitytaknyga.lt\/#\/schema\/logo\/image\/"},"sameAs":["https:\/\/www.facebook.com\/skaitytaknyga\/"]}]}},"_links":{"self":[{"href":"https:\/\/skaitytaknyga.lt\/en\/wp-json\/wp\/v2\/product\/14564","targetHints":{"allow":["GET"]}}],"collection":[{"href":"https:\/\/skaitytaknyga.lt\/en\/wp-json\/wp\/v2\/product"}],"about":[{"href":"https:\/\/skaitytaknyga.lt\/en\/wp-json\/wp\/v2\/types\/product"}],"replies":[{"embeddable":true,"href":"https:\/\/skaitytaknyga.lt\/en\/wp-json\/wp\/v2\/comments?post=14564"}],"wp:featuredmedia":[{"embeddable":true,"href":"https:\/\/skaitytaknyga.lt\/en\/wp-json\/wp\/v2\/media\/14571"}],"wp:attachment":[{"href":"https:\/\/skaitytaknyga.lt\/en\/wp-json\/wp\/v2\/media?parent=14564"}],"wp:term":[{"taxonomy":"product_brand","embeddable":true,"href":"https:\/\/skaitytaknyga.lt\/en\/wp-json\/wp\/v2\/product_brand?post=14564"},{"taxonomy":"product_cat","embeddable":true,"href":"https:\/\/skaitytaknyga.lt\/en\/wp-json\/wp\/v2\/product_cat?post=14564"},{"taxonomy":"product_tag","embeddable":true,"href":"https:\/\/skaitytaknyga.lt\/en\/wp-json\/wp\/v2\/product_tag?post=14564"}],"curies":[{"name":"wp","href":"https:\/\/api.w.org\/{rel}","templated":true}]}}