{"id":14562,"date":"2024-11-12T09:58:13","date_gmt":"2024-11-12T07:58:13","guid":{"rendered":"https:\/\/skaitytaknyga.lt\/?post_type=product&#038;p=14562"},"modified":"2024-11-12T11:44:41","modified_gmt":"2024-11-12T09:44:41","slug":"linas-poniskaitis-akmuo-suliny","status":"publish","type":"product","link":"https:\/\/skaitytaknyga.lt\/en\/produktas\/linas-poniskaitis-akmuo-suliny\/","title":{"rendered":"Linas Poni\u0161kaitis \u201eAkmuo \u0161uliny\u201c"},"content":{"rendered":"<p>Architekto Lino Poni\u0161kai\u010dio (gim. 1963 m.), Dievo Gailestingumo metams skirto respublikinio eil\u0117ra\u0161\u010di\u0173 konkurso laureato (2011 m.), sakralin\u0117s poezijos rinkinys, atspindintis autoriaus tik\u0117jimo kelion\u0117s patirtis ir \u012f\u017evalgas, knyga iliustruota autoriaus fotografijomis ir para\u0161\u010di\u0173 pie\u0161in\u0117liais i\u0161 rankra\u0161\u010di\u0173.<\/p>\n<p>Tos eil\u0117s i\u0161 mano Tik\u0117jimo kelion\u0117s. J\u0173 \u0161altinis \u2013 meil\u0117, o tek\u0117jimas \u2013 i\u0161 Tik\u0117jimo. Keliaudamas kaip piligrimas, toje kelion\u0117je esu ne vienas&#8230;<\/p>\n<p>Mielas skaitytojau, linkiu palaimingos kelion\u0117s neatrastais eil\u0117ra\u0161\u010di\u0173 takais. Jei juose sutiksi T\u0105, kuris pirmas tava ir mane pamilo, mylin\u010dioj \u0161irdy i\u0161svajojo ir i\u0161tikimai lydi \u012f T\u0117vo Namus, b\u016bsiu laimingas.<\/p>\n<p>Linas Poni\u0161kaitis \u2013 la\u0161asdangaus<\/p>\n<p>Lino Poni\u0161kai\u010dio eil\u0117ra\u0161\u010di\u0173 knyga \u2013 didelis turtas religin\u0117s poezijos lietuvi\u0161kuose aruoduose&#8230;<\/p>\n<p>Alfredas Gu\u0161\u010dius, ra\u0161ytojas, poetas, literat\u016bros kritikas<\/p>\n<p>Tikiuosi, kad autoriaus knyga pad\u0117s visiems skaitytojams \u012f\u017evelgti Did\u017eiojo K\u016br\u0117jo p\u0117dsakus gamtoj ir \u017emogaus \u0161irdy.<\/p>\n<p>Juozas Elijas, i\u0161veivis (JAV) biblistas, poliglotas<\/p>\n<ul class=\"about-product d-none d-xl-block mt-4\">\n<li><strong>Autorius:<\/strong>\u00a0Linas Poni\u0161kaitis<\/li>\n<li><strong>Leid\u0117jas:<\/strong>\u00a0Versm\u0117<\/li>\n<li><strong>Metai:<\/strong>\u00a02018<\/li>\n<li><strong>Puslapiai:<\/strong>\u00a0224<\/li>\n<li class=\"toggleable type-new-formats \"><strong>ISBN:<\/strong>\u00a09786098148640<\/li>\n<li><strong>Versijos kodas:<\/strong>\u00a012<\/li>\n<li class=\"toggleable type-new-formats \"><strong>Formatas:<\/strong>\u00a014,7 x 14,7 x 1,5 cm, mink\u0161ti vir\u0161eliai<\/li>\n<li><strong>Kalba:<\/strong>\u00a0Lietuvi\u0173<\/li>\n<\/ul>\n","protected":false},"excerpt":{"rendered":"<p>Architekto Lino Poni\u0161kai\u010dio (gim. 1963 m.), Dievo Gailestingumo metams skirto respublikinio eil\u0117ra\u0161\u010di\u0173 konkurso laureato (2011 m.), sakralin\u0117s poezijos rinkinys, atspindintis autoriaus tik\u0117jimo kelion\u0117s patirtis ir \u012f\u017evalgas, knyga iliustruota autoriaus fotografijomis ir para\u0161\u010di\u0173 pie\u0161in\u0117liais i\u0161 rankra\u0161\u010di\u0173. Tos eil\u0117s i\u0161 mano Tik\u0117jimo kelion\u0117s. J\u0173 \u0161altinis \u2013 meil\u0117, o tek\u0117jimas \u2013 i\u0161 Tik\u0117jimo. Keliaudamas kaip piligrimas, toje kelion\u0117je esu ne vienas&#8230; Mielas skaitytojau, linkiu palaimingos kelion\u0117s neatrastais eil\u0117ra\u0161\u010di\u0173 takais. Jei juose sutiksi T\u0105, kuris pirmas tava ir mane pamilo, mylin\u010dioj \u0161irdy i\u0161svajojo ir i\u0161tikimai lydi \u012f T\u0117vo Namus, b\u016bsiu laimingas. Linas Poni\u0161kaitis \u2013 la\u0161asdangaus Lino Poni\u0161kai\u010dio eil\u0117ra\u0161\u010di\u0173 knyga \u2013 didelis turtas religin\u0117s poezijos lietuvi\u0161kuose aruoduose&#8230; Alfredas Gu\u0161\u010dius, ra\u0161ytojas, poetas, literat\u016bros kritikas Tikiuosi, kad autoriaus knyga pad\u0117s visiems skaitytojams \u012f\u017evelgti Did\u017eiojo K\u016br\u0117jo p\u0117dsakus gamtoj ir \u017emogaus \u0161irdy. Juozas Elijas, i\u0161veivis (JAV) biblistas, poliglotas Autorius:\u00a0Linas Poni\u0161kaitis Leid\u0117jas:\u00a0Versm\u0117 Metai:\u00a02018 Puslapiai:\u00a0224 ISBN:\u00a09786098148640 Versijos kodas:\u00a012 Formatas:\u00a014,7 x 14,7 x 1,5 cm, mink\u0161ti vir\u0161eliai Kalba:\u00a0Lietuvi\u0173<\/p>\n","protected":false},"featured_media":14577,"comment_status":"open","ping_status":"closed","template":"","meta":{"_acf_changed":false,"site-sidebar-layout":"default","site-content-layout":"","ast-site-content-layout":"default","site-content-style":"default","site-sidebar-style":"default","ast-global-header-display":"","ast-banner-title-visibility":"","ast-main-header-display":"","ast-hfb-above-header-display":"","ast-hfb-below-header-display":"","ast-hfb-mobile-header-display":"","site-post-title":"","ast-breadcrumbs-content":"","ast-featured-img":"","footer-sml-layout":"","ast-disable-related-posts":"","theme-transparent-header-meta":"default","adv-header-id-meta":"","stick-header-meta":"","header-above-stick-meta":"","header-main-stick-meta":"","header-below-stick-meta":"","astra-migrate-meta-layouts":"set","ast-page-background-enabled":"default","ast-page-background-meta":{"desktop":{"background-color":"","background-image":"","background-repeat":"repeat","background-position":"center center","background-size":"auto","background-attachment":"scroll","background-type":"","background-media":"","overlay-type":"","overlay-color":"","overlay-opacity":"","overlay-gradient":""},"tablet":{"background-color":"","background-image":"","background-repeat":"repeat","background-position":"center center","background-size":"auto","background-attachment":"scroll","background-type":"","background-media":"","overlay-type":"","overlay-color":"","overlay-opacity":"","overlay-gradient":""},"mobile":{"background-color":"","background-image":"","background-repeat":"repeat","background-position":"center center","background-size":"auto","background-attachment":"scroll","background-type":"","background-media":"","overlay-type":"","overlay-color":"","overlay-opacity":"","overlay-gradient":""}},"ast-content-background-meta":{"desktop":{"background-color":"var(--ast-global-color-4)","background-image":"","background-repeat":"repeat","background-position":"center center","background-size":"auto","background-attachment":"scroll","background-type":"","background-media":"","overlay-type":"","overlay-color":"","overlay-opacity":"","overlay-gradient":""},"tablet":{"background-color":"var(--ast-global-color-4)","background-image":"","background-repeat":"repeat","background-position":"center center","background-size":"auto","background-attachment":"scroll","background-type":"","background-media":"","overlay-type":"","overlay-color":"","overlay-opacity":"","overlay-gradient":""},"mobile":{"background-color":"var(--ast-global-color-4)","background-image":"","background-repeat":"repeat","background-position":"center center","background-size":"auto","background-attachment":"scroll","background-type":"","background-media":"","overlay-type":"","overlay-color":"","overlay-opacity":"","overlay-gradient":""}}},"product_brand":[],"product_cat":[31,15],"product_tag":[],"class_list":{"0":"post-14562","1":"product","2":"type-product","3":"status-publish","4":"has-post-thumbnail","6":"product_cat-grozine-literatura","7":"product_cat-uncategorized","8":"desktop-align-left","9":"tablet-align-left","10":"mobile-align-left","12":"first","13":"instock","14":"shipping-taxable","15":"purchasable","16":"product-type-simple"},"acf":[],"yoast_head":"<!-- This site is optimized with the Yoast SEO plugin v27.0 - https:\/\/yoast.com\/product\/yoast-seo-wordpress\/ -->\n<title>Linas Poni\u0161kaitis \u201eAkmuo \u0161uliny\u201c<\/title>\n<meta name=\"description\" content=\"Architekto Lino Poni\u0161kai\u010dio (gim. 1963 m.), Dievo Gailestingumo metams skirto respublikinio eil\u0117ra\u0161\u010di\u0173 konkurso laureato (2011 m.), sakralin\u0117s poezijos\" \/>\n<meta name=\"robots\" content=\"index, follow, max-snippet:-1, max-image-preview:large, max-video-preview:-1\" \/>\n<link rel=\"canonical\" href=\"https:\/\/skaitytaknyga.lt\/en\/produktas\/linas-poniskaitis-akmuo-suliny\/\" \/>\n<meta property=\"og:locale\" content=\"en_GB\" \/>\n<meta property=\"og:locale:alternate\" content=\"lt_LT\" \/>\n<meta property=\"og:type\" content=\"article\" \/>\n<meta property=\"og:title\" content=\"Linas Poni\u0161kaitis \u201eAkmuo \u0161uliny\u201c\" \/>\n<meta property=\"og:description\" content=\"Architekto Lino Poni\u0161kai\u010dio (gim. 1963 m.), Dievo Gailestingumo metams skirto respublikinio eil\u0117ra\u0161\u010di\u0173 konkurso laureato (2011 m.), sakralin\u0117s poezijos\" \/>\n<meta property=\"og:url\" content=\"https:\/\/skaitytaknyga.lt\/en\/produktas\/linas-poniskaitis-akmuo-suliny\/\" \/>\n<meta property=\"og:site_name\" content=\"Skaitytaknyga\" \/>\n<meta property=\"article:publisher\" content=\"https:\/\/www.facebook.com\/skaitytaknyga\/\" \/>\n<meta property=\"article:modified_time\" content=\"2024-11-12T09:44:41+00:00\" \/>\n<meta property=\"og:image\" content=\"https:\/\/skaitytaknyga.lt\/wp-content\/uploads\/2024\/11\/Linas-Poniskaitis-\u201eAkmuo-suliny.webp\" \/>\n\t<meta property=\"og:image:width\" content=\"600\" \/>\n\t<meta property=\"og:image:height\" content=\"584\" \/>\n\t<meta property=\"og:image:type\" content=\"image\/webp\" \/>\n<meta name=\"twitter:card\" content=\"summary_large_image\" \/>\n<meta name=\"twitter:label1\" content=\"Estimated reading time\" \/>\n\t<meta name=\"twitter:data1\" content=\"2 minutes\" \/>\n<script type=\"application\/ld+json\" class=\"yoast-schema-graph\">{\"@context\":\"https:\/\/schema.org\",\"@graph\":[{\"@type\":\"WebPage\",\"@id\":\"https:\/\/skaitytaknyga.lt\/produktas\/linas-poniskaitis-akmuo-suliny\/\",\"url\":\"https:\/\/skaitytaknyga.lt\/produktas\/linas-poniskaitis-akmuo-suliny\/\",\"name\":\"Linas Poni\u0161kaitis \u201eAkmuo \u0161uliny\u201c\",\"isPartOf\":{\"@id\":\"https:\/\/skaitytaknyga.lt\/#website\"},\"primaryImageOfPage\":{\"@id\":\"https:\/\/skaitytaknyga.lt\/produktas\/linas-poniskaitis-akmuo-suliny\/#primaryimage\"},\"image\":{\"@id\":\"https:\/\/skaitytaknyga.lt\/produktas\/linas-poniskaitis-akmuo-suliny\/#primaryimage\"},\"thumbnailUrl\":\"https:\/\/skaitytaknyga.lt\/wp-content\/uploads\/2024\/11\/Linas-Poniskaitis-\u201eAkmuo-suliny.webp\",\"datePublished\":\"2024-11-12T07:58:13+00:00\",\"dateModified\":\"2024-11-12T09:44:41+00:00\",\"description\":\"Architekto Lino Poni\u0161kai\u010dio (gim. 1963 m.), Dievo Gailestingumo metams skirto respublikinio eil\u0117ra\u0161\u010di\u0173 konkurso laureato (2011 m.), sakralin\u0117s poezijos\",\"breadcrumb\":{\"@id\":\"https:\/\/skaitytaknyga.lt\/produktas\/linas-poniskaitis-akmuo-suliny\/#breadcrumb\"},\"inLanguage\":\"en-GB\",\"potentialAction\":[{\"@type\":\"ReadAction\",\"target\":[\"https:\/\/skaitytaknyga.lt\/produktas\/linas-poniskaitis-akmuo-suliny\/\"]}]},{\"@type\":\"ImageObject\",\"inLanguage\":\"en-GB\",\"@id\":\"https:\/\/skaitytaknyga.lt\/produktas\/linas-poniskaitis-akmuo-suliny\/#primaryimage\",\"url\":\"https:\/\/skaitytaknyga.lt\/wp-content\/uploads\/2024\/11\/Linas-Poniskaitis-\u201eAkmuo-suliny.webp\",\"contentUrl\":\"https:\/\/skaitytaknyga.lt\/wp-content\/uploads\/2024\/11\/Linas-Poniskaitis-\u201eAkmuo-suliny.webp\",\"width\":600,\"height\":584},{\"@type\":\"BreadcrumbList\",\"@id\":\"https:\/\/skaitytaknyga.lt\/produktas\/linas-poniskaitis-akmuo-suliny\/#breadcrumb\",\"itemListElement\":[{\"@type\":\"ListItem\",\"position\":1,\"name\":\"Home\",\"item\":\"https:\/\/skaitytaknyga.lt\/\"},{\"@type\":\"ListItem\",\"position\":2,\"name\":\"Parduotuv\u0117\",\"item\":\"https:\/\/skaitytaknyga.lt\/knygu-parduotuve\/\"},{\"@type\":\"ListItem\",\"position\":3,\"name\":\"Linas Poni\u0161kaitis \u201eAkmuo \u0161uliny\u201c\"}]},{\"@type\":\"WebSite\",\"@id\":\"https:\/\/skaitytaknyga.lt\/#website\",\"url\":\"https:\/\/skaitytaknyga.lt\/\",\"name\":\"skaitytaknyga.lt\",\"description\":\"Skaitytaknyga.lt \u2013 tai ma\u017eas \u0161eimos verslas, kuris prasid\u0117jo nuo meil\u0117s knygoms ir siekio i\u0161gelb\u0117ti knygas nuo likimo prie konteinerio. Kas vienam nereikalingas daiktas \u2013 kitam lobis, o mes esame tarpininkai, kurie padeda abiems tapti laimingesniems ???? \u017dinome kaip nelengva i\u0161gyventi ma\u017eiems verslams, tad nuo \u0161iol, \u010dia rasite ir kit\u0173, ma\u017e\u0173 \u0161eim\u0173 versl\u0173, rank\u0173 darbo, dovan\u0173 sau ir artimiesiems.\",\"publisher\":{\"@id\":\"https:\/\/skaitytaknyga.lt\/#organization\"},\"potentialAction\":[{\"@type\":\"SearchAction\",\"target\":{\"@type\":\"EntryPoint\",\"urlTemplate\":\"https:\/\/skaitytaknyga.lt\/?s={search_term_string}\"},\"query-input\":{\"@type\":\"PropertyValueSpecification\",\"valueRequired\":true,\"valueName\":\"search_term_string\"}}],\"inLanguage\":\"en-GB\"},{\"@type\":\"Organization\",\"@id\":\"https:\/\/skaitytaknyga.lt\/#organization\",\"name\":\"skaitytaknyga.lt\",\"url\":\"https:\/\/skaitytaknyga.lt\/\",\"logo\":{\"@type\":\"ImageObject\",\"inLanguage\":\"en-GB\",\"@id\":\"https:\/\/skaitytaknyga.lt\/#\/schema\/logo\/image\/\",\"url\":\"https:\/\/skaitytaknyga.lt\/wp-content\/uploads\/2024\/05\/cropped-cropped-cropped-02_00843_jt3bggkj1j3HLc7SyY6rEUpg.jpeg\",\"contentUrl\":\"https:\/\/skaitytaknyga.lt\/wp-content\/uploads\/2024\/05\/cropped-cropped-cropped-02_00843_jt3bggkj1j3HLc7SyY6rEUpg.jpeg\",\"width\":1600,\"height\":1600,\"caption\":\"skaitytaknyga.lt\"},\"image\":{\"@id\":\"https:\/\/skaitytaknyga.lt\/#\/schema\/logo\/image\/\"},\"sameAs\":[\"https:\/\/www.facebook.com\/skaitytaknyga\/\"]}]}<\/script>\n<!-- \/ Yoast SEO plugin. -->","yoast_head_json":{"title":"Linas Poni\u0161kaitis \u201eAkmuo \u0161uliny\u201c","description":"Architekto Lino Poni\u0161kai\u010dio (gim. 1963 m.), Dievo Gailestingumo metams skirto respublikinio eil\u0117ra\u0161\u010di\u0173 konkurso laureato (2011 m.), sakralin\u0117s poezijos","robots":{"index":"index","follow":"follow","max-snippet":"max-snippet:-1","max-image-preview":"max-image-preview:large","max-video-preview":"max-video-preview:-1"},"canonical":"https:\/\/skaitytaknyga.lt\/en\/produktas\/linas-poniskaitis-akmuo-suliny\/","og_locale":"en_GB","og_type":"article","og_title":"[:lt]Linas Poni\u0161kaitis \u201eAkmuo \u0161uliny\u201c[:] - Skaitytaknyga","og_description":"Architekto Lino Poni\u0161kai\u010dio (gim. 1963 m.), Dievo Gailestingumo metams skirto respublikinio eil\u0117ra\u0161\u010di\u0173 konkurso laureato (2011 m.), sakralin\u0117s poezijos","og_url":"https:\/\/skaitytaknyga.lt\/en\/produktas\/linas-poniskaitis-akmuo-suliny\/","og_site_name":"Skaitytaknyga","article_publisher":"https:\/\/www.facebook.com\/skaitytaknyga\/","article_modified_time":"2024-11-12T09:44:41+00:00","og_image":[{"width":600,"height":584,"url":"https:\/\/skaitytaknyga.lt\/wp-content\/uploads\/2024\/11\/Linas-Poniskaitis-\u201eAkmuo-suliny.webp","type":"image\/webp"}],"twitter_card":"summary_large_image","twitter_misc":{"Estimated reading time":"2 minutes"},"schema":{"@context":"https:\/\/schema.org","@graph":[{"@type":"WebPage","@id":"https:\/\/skaitytaknyga.lt\/produktas\/linas-poniskaitis-akmuo-suliny\/","url":"https:\/\/skaitytaknyga.lt\/produktas\/linas-poniskaitis-akmuo-suliny\/","name":"Linas Poni\u0161kaitis \u201eAkmuo \u0161uliny\u201c","isPartOf":{"@id":"https:\/\/skaitytaknyga.lt\/#website"},"primaryImageOfPage":{"@id":"https:\/\/skaitytaknyga.lt\/produktas\/linas-poniskaitis-akmuo-suliny\/#primaryimage"},"image":{"@id":"https:\/\/skaitytaknyga.lt\/produktas\/linas-poniskaitis-akmuo-suliny\/#primaryimage"},"thumbnailUrl":"https:\/\/skaitytaknyga.lt\/wp-content\/uploads\/2024\/11\/Linas-Poniskaitis-\u201eAkmuo-suliny.webp","datePublished":"2024-11-12T07:58:13+00:00","dateModified":"2024-11-12T09:44:41+00:00","description":"Architekto Lino Poni\u0161kai\u010dio (gim. 1963 m.), Dievo Gailestingumo metams skirto respublikinio eil\u0117ra\u0161\u010di\u0173 konkurso laureato (2011 m.), sakralin\u0117s poezijos","breadcrumb":{"@id":"https:\/\/skaitytaknyga.lt\/produktas\/linas-poniskaitis-akmuo-suliny\/#breadcrumb"},"inLanguage":"en-GB","potentialAction":[{"@type":"ReadAction","target":["https:\/\/skaitytaknyga.lt\/produktas\/linas-poniskaitis-akmuo-suliny\/"]}]},{"@type":"ImageObject","inLanguage":"en-GB","@id":"https:\/\/skaitytaknyga.lt\/produktas\/linas-poniskaitis-akmuo-suliny\/#primaryimage","url":"https:\/\/skaitytaknyga.lt\/wp-content\/uploads\/2024\/11\/Linas-Poniskaitis-\u201eAkmuo-suliny.webp","contentUrl":"https:\/\/skaitytaknyga.lt\/wp-content\/uploads\/2024\/11\/Linas-Poniskaitis-\u201eAkmuo-suliny.webp","width":600,"height":584},{"@type":"BreadcrumbList","@id":"https:\/\/skaitytaknyga.lt\/produktas\/linas-poniskaitis-akmuo-suliny\/#breadcrumb","itemListElement":[{"@type":"ListItem","position":1,"name":"Home","item":"https:\/\/skaitytaknyga.lt\/"},{"@type":"ListItem","position":2,"name":"Parduotuv\u0117","item":"https:\/\/skaitytaknyga.lt\/knygu-parduotuve\/"},{"@type":"ListItem","position":3,"name":"Linas Poni\u0161kaitis \u201eAkmuo \u0161uliny\u201c"}]},{"@type":"WebSite","@id":"https:\/\/skaitytaknyga.lt\/#website","url":"https:\/\/skaitytaknyga.lt\/","name":"skaitytaknyga.lt","description":"Skaitytaknyga.lt \u2013 tai ma\u017eas \u0161eimos verslas, kuris prasid\u0117jo nuo meil\u0117s knygoms ir siekio i\u0161gelb\u0117ti knygas nuo likimo prie konteinerio. Kas vienam nereikalingas daiktas \u2013 kitam lobis, o mes esame tarpininkai, kurie padeda abiems tapti laimingesniems ???? \u017dinome kaip nelengva i\u0161gyventi ma\u017eiems verslams, tad nuo \u0161iol, \u010dia rasite ir kit\u0173, ma\u017e\u0173 \u0161eim\u0173 versl\u0173, rank\u0173 darbo, dovan\u0173 sau ir artimiesiems.","publisher":{"@id":"https:\/\/skaitytaknyga.lt\/#organization"},"potentialAction":[{"@type":"SearchAction","target":{"@type":"EntryPoint","urlTemplate":"https:\/\/skaitytaknyga.lt\/?s={search_term_string}"},"query-input":{"@type":"PropertyValueSpecification","valueRequired":true,"valueName":"search_term_string"}}],"inLanguage":"en-GB"},{"@type":"Organization","@id":"https:\/\/skaitytaknyga.lt\/#organization","name":"skaitytaknyga.lt","url":"https:\/\/skaitytaknyga.lt\/","logo":{"@type":"ImageObject","inLanguage":"en-GB","@id":"https:\/\/skaitytaknyga.lt\/#\/schema\/logo\/image\/","url":"https:\/\/skaitytaknyga.lt\/wp-content\/uploads\/2024\/05\/cropped-cropped-cropped-02_00843_jt3bggkj1j3HLc7SyY6rEUpg.jpeg","contentUrl":"https:\/\/skaitytaknyga.lt\/wp-content\/uploads\/2024\/05\/cropped-cropped-cropped-02_00843_jt3bggkj1j3HLc7SyY6rEUpg.jpeg","width":1600,"height":1600,"caption":"skaitytaknyga.lt"},"image":{"@id":"https:\/\/skaitytaknyga.lt\/#\/schema\/logo\/image\/"},"sameAs":["https:\/\/www.facebook.com\/skaitytaknyga\/"]}]}},"_links":{"self":[{"href":"https:\/\/skaitytaknyga.lt\/en\/wp-json\/wp\/v2\/product\/14562","targetHints":{"allow":["GET"]}}],"collection":[{"href":"https:\/\/skaitytaknyga.lt\/en\/wp-json\/wp\/v2\/product"}],"about":[{"href":"https:\/\/skaitytaknyga.lt\/en\/wp-json\/wp\/v2\/types\/product"}],"replies":[{"embeddable":true,"href":"https:\/\/skaitytaknyga.lt\/en\/wp-json\/wp\/v2\/comments?post=14562"}],"wp:featuredmedia":[{"embeddable":true,"href":"https:\/\/skaitytaknyga.lt\/en\/wp-json\/wp\/v2\/media\/14577"}],"wp:attachment":[{"href":"https:\/\/skaitytaknyga.lt\/en\/wp-json\/wp\/v2\/media?parent=14562"}],"wp:term":[{"taxonomy":"product_brand","embeddable":true,"href":"https:\/\/skaitytaknyga.lt\/en\/wp-json\/wp\/v2\/product_brand?post=14562"},{"taxonomy":"product_cat","embeddable":true,"href":"https:\/\/skaitytaknyga.lt\/en\/wp-json\/wp\/v2\/product_cat?post=14562"},{"taxonomy":"product_tag","embeddable":true,"href":"https:\/\/skaitytaknyga.lt\/en\/wp-json\/wp\/v2\/product_tag?post=14562"}],"curies":[{"name":"wp","href":"https:\/\/api.w.org\/{rel}","templated":true}]}}