{"id":14530,"date":"2024-11-12T08:58:25","date_gmt":"2024-11-12T06:58:25","guid":{"rendered":"https:\/\/skaitytaknyga.lt\/?post_type=product&#038;p=14530"},"modified":"2026-01-28T11:35:48","modified_gmt":"2026-01-28T09:35:48","slug":"trecioji-akis","status":"publish","type":"product","link":"https:\/\/skaitytaknyga.lt\/en\/produktas\/trecioji-akis\/","title":{"rendered":"Tre\u010dioji akis"},"content":{"rendered":"<p>Knygoje\u00a0<strong>\u201eTre\u010dioji akis\u201c<\/strong>\u00a0autorius\u00a0<strong>Lobsang Rampa<\/strong>\u00a0teigia, kad bema\u017e kiekvienas b\u016bdamas ai\u0161kios s\u0105mon\u0117s gali keliauti astraliniu lygmeniu ir visi\u0161kai valdyti pad\u0117t\u012f. Ta\u010diau tam reikia praktikos ir gero mokytojo.<\/p>\n<p>B\u016bdamas vos septyneri\u0173\u00a0<strong>\u201eTre\u010dioji akis\u201c<\/strong>\u00a0autorius paliko namus ir \u012fstojo \u012f \u010ciakporio vienuolyn\u0105, Tibeto medicinos \u0161ventov\u0119. Ten, vadovaujamas did\u017ei\u0173 mokytoj\u0173, jis i\u0161moko toki\u0173 mistini\u0173 men\u0173 kaip ai\u0161kiaregyst\u0117 ir astralin\u0117s kelion\u0117s.<\/p>\n<p>Dabar savo \u017einias autorius perteikia savo knygoje\u00a0<strong>\u201eTre\u010dioji akis\u201c.<\/strong><\/p>\n<ul class=\"about-product d-none d-xl-block mt-4\">\n<li><strong>Originalus pavadinimas:<\/strong>\u00a0The Third Eye<\/li>\n<li><strong>Autorius:<\/strong>\u00a0Lobsang Rampa<\/li>\n<li><strong>Leid\u0117jas:<\/strong>\u00a0Asveja<\/li>\n<li><strong>Metai:<\/strong>\u00a02001<\/li>\n<li><strong>Puslapiai:<\/strong>\u00a0237<\/li>\n<li class=\"toggleable type-new-formats \"><strong>ISBN:<\/strong>\u00a09955464038<\/li>\n<li><strong>Prek\u0117s kodas:<\/strong>\u00a02200100721173<\/li>\n<li class=\"toggleable type-new-formats \"><strong>Formatas:<\/strong>\u00a013 x 20 cm, mink\u0161ti vir\u0161eliai<\/li>\n<li><strong>Kalba:<\/strong>\u00a0Lietuvi\u0173<\/li>\n<li><strong>Vert\u0117jas:<\/strong>\u00a0Vytautas Petrukaitis<\/li>\n<\/ul>\n","protected":false},"excerpt":{"rendered":"<p>Knygoje\u00a0\u201eTre\u010dioji akis\u201c\u00a0autorius\u00a0Lobsang Rampa\u00a0teigia, kad bema\u017e kiekvienas b\u016bdamas ai\u0161kios s\u0105mon\u0117s gali keliauti astraliniu lygmeniu ir visi\u0161kai valdyti pad\u0117t\u012f. Ta\u010diau tam reikia praktikos ir gero mokytojo. B\u016bdamas vos septyneri\u0173\u00a0\u201eTre\u010dioji akis\u201c\u00a0autorius paliko namus ir \u012fstojo \u012f \u010ciakporio vienuolyn\u0105, Tibeto medicinos \u0161ventov\u0119. Ten, vadovaujamas did\u017ei\u0173 mokytoj\u0173, jis i\u0161moko toki\u0173 mistini\u0173 men\u0173 kaip ai\u0161kiaregyst\u0117 ir astralin\u0117s kelion\u0117s. Dabar savo \u017einias autorius perteikia savo knygoje\u00a0\u201eTre\u010dioji akis\u201c. Originalus pavadinimas:\u00a0The Third Eye Autorius:\u00a0Lobsang Rampa Leid\u0117jas:\u00a0Asveja Metai:\u00a02001 Puslapiai:\u00a0237 ISBN:\u00a09955464038 Prek\u0117s kodas:\u00a02200100721173 Formatas:\u00a013 x 20 cm, mink\u0161ti vir\u0161eliai Kalba:\u00a0Lietuvi\u0173 Vert\u0117jas:\u00a0Vytautas Petrukaitis<\/p>\n","protected":false},"featured_media":22740,"comment_status":"open","ping_status":"closed","template":"","meta":{"_acf_changed":false,"site-sidebar-layout":"default","site-content-layout":"","ast-site-content-layout":"default","site-content-style":"default","site-sidebar-style":"default","ast-global-header-display":"","ast-banner-title-visibility":"","ast-main-header-display":"","ast-hfb-above-header-display":"","ast-hfb-below-header-display":"","ast-hfb-mobile-header-display":"","site-post-title":"","ast-breadcrumbs-content":"","ast-featured-img":"","footer-sml-layout":"","ast-disable-related-posts":"","theme-transparent-header-meta":"default","adv-header-id-meta":"","stick-header-meta":"","header-above-stick-meta":"","header-main-stick-meta":"","header-below-stick-meta":"","astra-migrate-meta-layouts":"set","ast-page-background-enabled":"default","ast-page-background-meta":{"desktop":{"background-color":"","background-image":"","background-repeat":"repeat","background-position":"center center","background-size":"auto","background-attachment":"scroll","background-type":"","background-media":"","overlay-type":"","overlay-color":"","overlay-opacity":"","overlay-gradient":""},"tablet":{"background-color":"","background-image":"","background-repeat":"repeat","background-position":"center center","background-size":"auto","background-attachment":"scroll","background-type":"","background-media":"","overlay-type":"","overlay-color":"","overlay-opacity":"","overlay-gradient":""},"mobile":{"background-color":"","background-image":"","background-repeat":"repeat","background-position":"center center","background-size":"auto","background-attachment":"scroll","background-type":"","background-media":"","overlay-type":"","overlay-color":"","overlay-opacity":"","overlay-gradient":""}},"ast-content-background-meta":{"desktop":{"background-color":"var(--ast-global-color-4)","background-image":"","background-repeat":"repeat","background-position":"center center","background-size":"auto","background-attachment":"scroll","background-type":"","background-media":"","overlay-type":"","overlay-color":"","overlay-opacity":"","overlay-gradient":""},"tablet":{"background-color":"var(--ast-global-color-4)","background-image":"","background-repeat":"repeat","background-position":"center center","background-size":"auto","background-attachment":"scroll","background-type":"","background-media":"","overlay-type":"","overlay-color":"","overlay-opacity":"","overlay-gradient":""},"mobile":{"background-color":"var(--ast-global-color-4)","background-image":"","background-repeat":"repeat","background-position":"center center","background-size":"auto","background-attachment":"scroll","background-type":"","background-media":"","overlay-type":"","overlay-color":"","overlay-opacity":"","overlay-gradient":""}}},"product_brand":[],"product_cat":[15,165],"product_tag":[],"class_list":{"0":"post-14530","1":"product","2":"type-product","3":"status-publish","4":"has-post-thumbnail","6":"product_cat-uncategorized","7":"product_cat-religija-filosofija-ir-ezoterika","8":"desktop-align-left","9":"tablet-align-left","10":"mobile-align-left","12":"first","13":"instock","14":"shipping-taxable","15":"purchasable","16":"product-type-simple"},"acf":[],"yoast_head":"<!-- This site is optimized with the Yoast SEO plugin v27.0 - https:\/\/yoast.com\/product\/yoast-seo-wordpress\/ -->\n<title>Tre\u010dioji akis<\/title>\n<meta name=\"description\" content=\"Knygoje\u00a0\u201eTre\u010dioji akis\u201c\u00a0autorius\u00a0Lobsang Rampa\u00a0teigia, kad bema\u017e kiekvienas b\u016bdamas ai\u0161kios s\u0105mon\u0117s gali keliauti astraliniu lygmeniu ir visi\u0161kai valdyti\" \/>\n<meta name=\"robots\" content=\"index, follow, max-snippet:-1, max-image-preview:large, max-video-preview:-1\" \/>\n<link rel=\"canonical\" href=\"https:\/\/skaitytaknyga.lt\/en\/produktas\/trecioji-akis\/\" \/>\n<meta property=\"og:locale\" content=\"en_GB\" \/>\n<meta property=\"og:locale:alternate\" content=\"lt_LT\" \/>\n<meta property=\"og:type\" content=\"article\" \/>\n<meta property=\"og:title\" content=\"Tre\u010dioji akis\" \/>\n<meta property=\"og:description\" content=\"Knygoje\u00a0\u201eTre\u010dioji akis\u201c\u00a0autorius\u00a0Lobsang Rampa\u00a0teigia, kad bema\u017e kiekvienas b\u016bdamas ai\u0161kios s\u0105mon\u0117s gali keliauti astraliniu lygmeniu ir visi\u0161kai valdyti\" \/>\n<meta property=\"og:url\" content=\"https:\/\/skaitytaknyga.lt\/en\/produktas\/trecioji-akis\/\" \/>\n<meta property=\"og:site_name\" content=\"Skaitytaknyga\" \/>\n<meta property=\"article:publisher\" content=\"https:\/\/www.facebook.com\/skaitytaknyga\/\" \/>\n<meta property=\"article:modified_time\" content=\"2026-01-28T09:35:48+00:00\" \/>\n<meta property=\"og:image\" content=\"https:\/\/skaitytaknyga.lt\/wp-content\/uploads\/2024\/11\/Trecioji-akis-1.webp\" \/>\n\t<meta property=\"og:image:width\" content=\"300\" \/>\n\t<meta property=\"og:image:height\" content=\"473\" \/>\n\t<meta property=\"og:image:type\" content=\"image\/webp\" \/>\n<meta name=\"twitter:card\" content=\"summary_large_image\" \/>\n<meta name=\"twitter:label1\" content=\"Estimated reading time\" \/>\n\t<meta name=\"twitter:data1\" content=\"1 minute\" \/>\n<script type=\"application\/ld+json\" class=\"yoast-schema-graph\">{\"@context\":\"https:\/\/schema.org\",\"@graph\":[{\"@type\":\"WebPage\",\"@id\":\"https:\/\/skaitytaknyga.lt\/produktas\/trecioji-akis\/\",\"url\":\"https:\/\/skaitytaknyga.lt\/produktas\/trecioji-akis\/\",\"name\":\"Tre\u010dioji akis\",\"isPartOf\":{\"@id\":\"https:\/\/skaitytaknyga.lt\/#website\"},\"primaryImageOfPage\":{\"@id\":\"https:\/\/skaitytaknyga.lt\/produktas\/trecioji-akis\/#primaryimage\"},\"image\":{\"@id\":\"https:\/\/skaitytaknyga.lt\/produktas\/trecioji-akis\/#primaryimage\"},\"thumbnailUrl\":\"https:\/\/skaitytaknyga.lt\/wp-content\/uploads\/2024\/11\/Trecioji-akis-1.webp\",\"datePublished\":\"2024-11-12T06:58:25+00:00\",\"dateModified\":\"2026-01-28T09:35:48+00:00\",\"description\":\"Knygoje\u00a0\u201eTre\u010dioji akis\u201c\u00a0autorius\u00a0Lobsang Rampa\u00a0teigia, kad bema\u017e kiekvienas b\u016bdamas ai\u0161kios s\u0105mon\u0117s gali keliauti astraliniu lygmeniu ir visi\u0161kai valdyti\",\"breadcrumb\":{\"@id\":\"https:\/\/skaitytaknyga.lt\/produktas\/trecioji-akis\/#breadcrumb\"},\"inLanguage\":\"en-GB\",\"potentialAction\":[{\"@type\":\"ReadAction\",\"target\":[\"https:\/\/skaitytaknyga.lt\/produktas\/trecioji-akis\/\"]}]},{\"@type\":\"ImageObject\",\"inLanguage\":\"en-GB\",\"@id\":\"https:\/\/skaitytaknyga.lt\/produktas\/trecioji-akis\/#primaryimage\",\"url\":\"https:\/\/skaitytaknyga.lt\/wp-content\/uploads\/2024\/11\/Trecioji-akis-1.webp\",\"contentUrl\":\"https:\/\/skaitytaknyga.lt\/wp-content\/uploads\/2024\/11\/Trecioji-akis-1.webp\",\"width\":300,\"height\":473,\"caption\":\"Tre\u010dioji akis\"},{\"@type\":\"BreadcrumbList\",\"@id\":\"https:\/\/skaitytaknyga.lt\/produktas\/trecioji-akis\/#breadcrumb\",\"itemListElement\":[{\"@type\":\"ListItem\",\"position\":1,\"name\":\"Home\",\"item\":\"https:\/\/skaitytaknyga.lt\/\"},{\"@type\":\"ListItem\",\"position\":2,\"name\":\"Parduotuv\u0117\",\"item\":\"https:\/\/skaitytaknyga.lt\/knygu-parduotuve\/\"},{\"@type\":\"ListItem\",\"position\":3,\"name\":\"Tre\u010dioji akis\"}]},{\"@type\":\"WebSite\",\"@id\":\"https:\/\/skaitytaknyga.lt\/#website\",\"url\":\"https:\/\/skaitytaknyga.lt\/\",\"name\":\"skaitytaknyga.lt\",\"description\":\"Skaitytaknyga.lt \u2013 tai ma\u017eas \u0161eimos verslas, kuris prasid\u0117jo nuo meil\u0117s knygoms ir siekio i\u0161gelb\u0117ti knygas nuo likimo prie konteinerio. Kas vienam nereikalingas daiktas \u2013 kitam lobis, o mes esame tarpininkai, kurie padeda abiems tapti laimingesniems ???? \u017dinome kaip nelengva i\u0161gyventi ma\u017eiems verslams, tad nuo \u0161iol, \u010dia rasite ir kit\u0173, ma\u017e\u0173 \u0161eim\u0173 versl\u0173, rank\u0173 darbo, dovan\u0173 sau ir artimiesiems.\",\"publisher\":{\"@id\":\"https:\/\/skaitytaknyga.lt\/#organization\"},\"potentialAction\":[{\"@type\":\"SearchAction\",\"target\":{\"@type\":\"EntryPoint\",\"urlTemplate\":\"https:\/\/skaitytaknyga.lt\/?s={search_term_string}\"},\"query-input\":{\"@type\":\"PropertyValueSpecification\",\"valueRequired\":true,\"valueName\":\"search_term_string\"}}],\"inLanguage\":\"en-GB\"},{\"@type\":\"Organization\",\"@id\":\"https:\/\/skaitytaknyga.lt\/#organization\",\"name\":\"skaitytaknyga.lt\",\"url\":\"https:\/\/skaitytaknyga.lt\/\",\"logo\":{\"@type\":\"ImageObject\",\"inLanguage\":\"en-GB\",\"@id\":\"https:\/\/skaitytaknyga.lt\/#\/schema\/logo\/image\/\",\"url\":\"https:\/\/skaitytaknyga.lt\/wp-content\/uploads\/2024\/05\/cropped-cropped-cropped-02_00843_jt3bggkj1j3HLc7SyY6rEUpg.jpeg\",\"contentUrl\":\"https:\/\/skaitytaknyga.lt\/wp-content\/uploads\/2024\/05\/cropped-cropped-cropped-02_00843_jt3bggkj1j3HLc7SyY6rEUpg.jpeg\",\"width\":1600,\"height\":1600,\"caption\":\"skaitytaknyga.lt\"},\"image\":{\"@id\":\"https:\/\/skaitytaknyga.lt\/#\/schema\/logo\/image\/\"},\"sameAs\":[\"https:\/\/www.facebook.com\/skaitytaknyga\/\"]}]}<\/script>\n<!-- \/ Yoast SEO plugin. -->","yoast_head_json":{"title":"Tre\u010dioji akis","description":"Knygoje\u00a0\u201eTre\u010dioji akis\u201c\u00a0autorius\u00a0Lobsang Rampa\u00a0teigia, kad bema\u017e kiekvienas b\u016bdamas ai\u0161kios s\u0105mon\u0117s gali keliauti astraliniu lygmeniu ir visi\u0161kai valdyti","robots":{"index":"index","follow":"follow","max-snippet":"max-snippet:-1","max-image-preview":"max-image-preview:large","max-video-preview":"max-video-preview:-1"},"canonical":"https:\/\/skaitytaknyga.lt\/en\/produktas\/trecioji-akis\/","og_locale":"en_GB","og_type":"article","og_title":"[:lt]Tre\u010dioji akis[:] - Skaitytaknyga","og_description":"Knygoje\u00a0\u201eTre\u010dioji akis\u201c\u00a0autorius\u00a0Lobsang Rampa\u00a0teigia, kad bema\u017e kiekvienas b\u016bdamas ai\u0161kios s\u0105mon\u0117s gali keliauti astraliniu lygmeniu ir visi\u0161kai valdyti","og_url":"https:\/\/skaitytaknyga.lt\/en\/produktas\/trecioji-akis\/","og_site_name":"Skaitytaknyga","article_publisher":"https:\/\/www.facebook.com\/skaitytaknyga\/","article_modified_time":"2026-01-28T09:35:48+00:00","og_image":[{"width":300,"height":473,"url":"https:\/\/skaitytaknyga.lt\/wp-content\/uploads\/2024\/11\/Trecioji-akis-1.webp","type":"image\/webp"}],"twitter_card":"summary_large_image","twitter_misc":{"Estimated reading time":"1 minute"},"schema":{"@context":"https:\/\/schema.org","@graph":[{"@type":"WebPage","@id":"https:\/\/skaitytaknyga.lt\/produktas\/trecioji-akis\/","url":"https:\/\/skaitytaknyga.lt\/produktas\/trecioji-akis\/","name":"Tre\u010dioji akis","isPartOf":{"@id":"https:\/\/skaitytaknyga.lt\/#website"},"primaryImageOfPage":{"@id":"https:\/\/skaitytaknyga.lt\/produktas\/trecioji-akis\/#primaryimage"},"image":{"@id":"https:\/\/skaitytaknyga.lt\/produktas\/trecioji-akis\/#primaryimage"},"thumbnailUrl":"https:\/\/skaitytaknyga.lt\/wp-content\/uploads\/2024\/11\/Trecioji-akis-1.webp","datePublished":"2024-11-12T06:58:25+00:00","dateModified":"2026-01-28T09:35:48+00:00","description":"Knygoje\u00a0\u201eTre\u010dioji akis\u201c\u00a0autorius\u00a0Lobsang Rampa\u00a0teigia, kad bema\u017e kiekvienas b\u016bdamas ai\u0161kios s\u0105mon\u0117s gali keliauti astraliniu lygmeniu ir visi\u0161kai valdyti","breadcrumb":{"@id":"https:\/\/skaitytaknyga.lt\/produktas\/trecioji-akis\/#breadcrumb"},"inLanguage":"en-GB","potentialAction":[{"@type":"ReadAction","target":["https:\/\/skaitytaknyga.lt\/produktas\/trecioji-akis\/"]}]},{"@type":"ImageObject","inLanguage":"en-GB","@id":"https:\/\/skaitytaknyga.lt\/produktas\/trecioji-akis\/#primaryimage","url":"https:\/\/skaitytaknyga.lt\/wp-content\/uploads\/2024\/11\/Trecioji-akis-1.webp","contentUrl":"https:\/\/skaitytaknyga.lt\/wp-content\/uploads\/2024\/11\/Trecioji-akis-1.webp","width":300,"height":473,"caption":"Tre\u010dioji akis"},{"@type":"BreadcrumbList","@id":"https:\/\/skaitytaknyga.lt\/produktas\/trecioji-akis\/#breadcrumb","itemListElement":[{"@type":"ListItem","position":1,"name":"Home","item":"https:\/\/skaitytaknyga.lt\/"},{"@type":"ListItem","position":2,"name":"Parduotuv\u0117","item":"https:\/\/skaitytaknyga.lt\/knygu-parduotuve\/"},{"@type":"ListItem","position":3,"name":"Tre\u010dioji akis"}]},{"@type":"WebSite","@id":"https:\/\/skaitytaknyga.lt\/#website","url":"https:\/\/skaitytaknyga.lt\/","name":"skaitytaknyga.lt","description":"Skaitytaknyga.lt \u2013 tai ma\u017eas \u0161eimos verslas, kuris prasid\u0117jo nuo meil\u0117s knygoms ir siekio i\u0161gelb\u0117ti knygas nuo likimo prie konteinerio. Kas vienam nereikalingas daiktas \u2013 kitam lobis, o mes esame tarpininkai, kurie padeda abiems tapti laimingesniems ???? \u017dinome kaip nelengva i\u0161gyventi ma\u017eiems verslams, tad nuo \u0161iol, \u010dia rasite ir kit\u0173, ma\u017e\u0173 \u0161eim\u0173 versl\u0173, rank\u0173 darbo, dovan\u0173 sau ir artimiesiems.","publisher":{"@id":"https:\/\/skaitytaknyga.lt\/#organization"},"potentialAction":[{"@type":"SearchAction","target":{"@type":"EntryPoint","urlTemplate":"https:\/\/skaitytaknyga.lt\/?s={search_term_string}"},"query-input":{"@type":"PropertyValueSpecification","valueRequired":true,"valueName":"search_term_string"}}],"inLanguage":"en-GB"},{"@type":"Organization","@id":"https:\/\/skaitytaknyga.lt\/#organization","name":"skaitytaknyga.lt","url":"https:\/\/skaitytaknyga.lt\/","logo":{"@type":"ImageObject","inLanguage":"en-GB","@id":"https:\/\/skaitytaknyga.lt\/#\/schema\/logo\/image\/","url":"https:\/\/skaitytaknyga.lt\/wp-content\/uploads\/2024\/05\/cropped-cropped-cropped-02_00843_jt3bggkj1j3HLc7SyY6rEUpg.jpeg","contentUrl":"https:\/\/skaitytaknyga.lt\/wp-content\/uploads\/2024\/05\/cropped-cropped-cropped-02_00843_jt3bggkj1j3HLc7SyY6rEUpg.jpeg","width":1600,"height":1600,"caption":"skaitytaknyga.lt"},"image":{"@id":"https:\/\/skaitytaknyga.lt\/#\/schema\/logo\/image\/"},"sameAs":["https:\/\/www.facebook.com\/skaitytaknyga\/"]}]}},"_links":{"self":[{"href":"https:\/\/skaitytaknyga.lt\/en\/wp-json\/wp\/v2\/product\/14530","targetHints":{"allow":["GET"]}}],"collection":[{"href":"https:\/\/skaitytaknyga.lt\/en\/wp-json\/wp\/v2\/product"}],"about":[{"href":"https:\/\/skaitytaknyga.lt\/en\/wp-json\/wp\/v2\/types\/product"}],"replies":[{"embeddable":true,"href":"https:\/\/skaitytaknyga.lt\/en\/wp-json\/wp\/v2\/comments?post=14530"}],"wp:featuredmedia":[{"embeddable":true,"href":"https:\/\/skaitytaknyga.lt\/en\/wp-json\/wp\/v2\/media\/22740"}],"wp:attachment":[{"href":"https:\/\/skaitytaknyga.lt\/en\/wp-json\/wp\/v2\/media?parent=14530"}],"wp:term":[{"taxonomy":"product_brand","embeddable":true,"href":"https:\/\/skaitytaknyga.lt\/en\/wp-json\/wp\/v2\/product_brand?post=14530"},{"taxonomy":"product_cat","embeddable":true,"href":"https:\/\/skaitytaknyga.lt\/en\/wp-json\/wp\/v2\/product_cat?post=14530"},{"taxonomy":"product_tag","embeddable":true,"href":"https:\/\/skaitytaknyga.lt\/en\/wp-json\/wp\/v2\/product_tag?post=14530"}],"curies":[{"name":"wp","href":"https:\/\/api.w.org\/{rel}","templated":true}]}}