{"id":14528,"date":"2024-11-12T08:58:24","date_gmt":"2024-11-12T06:58:24","guid":{"rendered":"https:\/\/skaitytaknyga.lt\/?post_type=product&#038;p=14528"},"modified":"2024-11-12T09:30:16","modified_gmt":"2024-11-12T07:30:16","slug":"juozo-gruodzio-gyvenimas-ir-kuryba","status":"publish","type":"product","link":"https:\/\/skaitytaknyga.lt\/en\/produktas\/juozo-gruodzio-gyvenimas-ir-kuryba\/","title":{"rendered":"Juozo Gruod\u017eio gyvenimas ir k\u016bryba"},"content":{"rendered":"<p>Knygoje apra\u0161oma \u012f\u017eymaus lietuvi\u0173 kompozitoriaus J. Gruod\u017eio (1884-1948) muzikin\u0117 veikla, estetin\u0117s pa\u017ei\u016bros, k\u016brybinis palikimas, stiliaus bruo\u017eai.<\/p>\n<p>Autorius: Algirdas Ambrazas<br \/>\nMetai: 1981<br \/>\nPuslapiai: 375<br \/>\nFormatas: 15 x 22 cm, kieti vir\u0161eliai<br \/>\nKalba: Lietuvi\u0173<\/p>\n","protected":false},"excerpt":{"rendered":"<p>Knygoje apra\u0161oma \u012f\u017eymaus lietuvi\u0173 kompozitoriaus J. Gruod\u017eio (1884-1948) muzikin\u0117 veikla, estetin\u0117s pa\u017ei\u016bros, k\u016brybinis palikimas, stiliaus bruo\u017eai. Autorius: Algirdas Ambrazas Metai: 1981 Puslapiai: 375 Formatas: 15 x 22 cm, kieti vir\u0161eliai Kalba: Lietuvi\u0173<\/p>\n","protected":false},"featured_media":14537,"comment_status":"open","ping_status":"closed","template":"","meta":{"_acf_changed":false,"site-sidebar-layout":"default","site-content-layout":"","ast-site-content-layout":"default","site-content-style":"default","site-sidebar-style":"default","ast-global-header-display":"","ast-banner-title-visibility":"","ast-main-header-display":"","ast-hfb-above-header-display":"","ast-hfb-below-header-display":"","ast-hfb-mobile-header-display":"","site-post-title":"","ast-breadcrumbs-content":"","ast-featured-img":"","footer-sml-layout":"","ast-disable-related-posts":"","theme-transparent-header-meta":"default","adv-header-id-meta":"","stick-header-meta":"","header-above-stick-meta":"","header-main-stick-meta":"","header-below-stick-meta":"","astra-migrate-meta-layouts":"set","ast-page-background-enabled":"default","ast-page-background-meta":{"desktop":{"background-color":"","background-image":"","background-repeat":"repeat","background-position":"center center","background-size":"auto","background-attachment":"scroll","background-type":"","background-media":"","overlay-type":"","overlay-color":"","overlay-opacity":"","overlay-gradient":""},"tablet":{"background-color":"","background-image":"","background-repeat":"repeat","background-position":"center center","background-size":"auto","background-attachment":"scroll","background-type":"","background-media":"","overlay-type":"","overlay-color":"","overlay-opacity":"","overlay-gradient":""},"mobile":{"background-color":"","background-image":"","background-repeat":"repeat","background-position":"center center","background-size":"auto","background-attachment":"scroll","background-type":"","background-media":"","overlay-type":"","overlay-color":"","overlay-opacity":"","overlay-gradient":""}},"ast-content-background-meta":{"desktop":{"background-color":"var(--ast-global-color-4)","background-image":"","background-repeat":"repeat","background-position":"center center","background-size":"auto","background-attachment":"scroll","background-type":"","background-media":"","overlay-type":"","overlay-color":"","overlay-opacity":"","overlay-gradient":""},"tablet":{"background-color":"var(--ast-global-color-4)","background-image":"","background-repeat":"repeat","background-position":"center center","background-size":"auto","background-attachment":"scroll","background-type":"","background-media":"","overlay-type":"","overlay-color":"","overlay-opacity":"","overlay-gradient":""},"mobile":{"background-color":"var(--ast-global-color-4)","background-image":"","background-repeat":"repeat","background-position":"center center","background-size":"auto","background-attachment":"scroll","background-type":"","background-media":"","overlay-type":"","overlay-color":"","overlay-opacity":"","overlay-gradient":""}}},"product_brand":[],"product_cat":[33,15,57],"product_tag":[],"class_list":{"0":"post-14528","1":"product","2":"type-product","3":"status-publish","4":"has-post-thumbnail","6":"product_cat-biografijos","7":"product_cat-uncategorized","8":"product_cat-menas-ir-albumai","9":"desktop-align-left","10":"tablet-align-left","11":"mobile-align-left","13":"first","14":"instock","15":"shipping-taxable","16":"purchasable","17":"product-type-simple"},"acf":[],"yoast_head":"<!-- This site is optimized with the Yoast SEO plugin v27.0 - https:\/\/yoast.com\/product\/yoast-seo-wordpress\/ -->\n<title>Juozo Gruod\u017eio gyvenimas ir k\u016bryba<\/title>\n<meta name=\"description\" content=\"Knygoje apra\u0161oma \u012f\u017eymaus lietuvi\u0173 kompozitoriaus J. Gruod\u017eio (1884-1948) muzikin\u0117 veikla, estetin\u0117s pa\u017ei\u016bros, k\u016brybinis palikimas, stiliaus bruo\u017eai.\" \/>\n<meta name=\"robots\" content=\"index, follow, max-snippet:-1, max-image-preview:large, max-video-preview:-1\" \/>\n<link rel=\"canonical\" href=\"https:\/\/skaitytaknyga.lt\/en\/produktas\/juozo-gruodzio-gyvenimas-ir-kuryba\/\" \/>\n<meta property=\"og:locale\" content=\"en_GB\" \/>\n<meta property=\"og:locale:alternate\" content=\"lt_LT\" \/>\n<meta property=\"og:type\" content=\"article\" \/>\n<meta property=\"og:title\" content=\"Juozo Gruod\u017eio gyvenimas ir k\u016bryba\" \/>\n<meta property=\"og:description\" content=\"Knygoje apra\u0161oma \u012f\u017eymaus lietuvi\u0173 kompozitoriaus J. Gruod\u017eio (1884-1948) muzikin\u0117 veikla, estetin\u0117s pa\u017ei\u016bros, k\u016brybinis palikimas, stiliaus bruo\u017eai.\" \/>\n<meta property=\"og:url\" content=\"https:\/\/skaitytaknyga.lt\/en\/produktas\/juozo-gruodzio-gyvenimas-ir-kuryba\/\" \/>\n<meta property=\"og:site_name\" content=\"Skaitytaknyga\" \/>\n<meta property=\"article:publisher\" content=\"https:\/\/www.facebook.com\/skaitytaknyga\/\" \/>\n<meta property=\"article:modified_time\" content=\"2024-11-12T07:30:16+00:00\" \/>\n<meta property=\"og:image\" content=\"https:\/\/skaitytaknyga.lt\/wp-content\/uploads\/2024\/11\/Juozo-Gruodzio-gyvenimas-ir-kuryba.webp\" \/>\n\t<meta property=\"og:image:width\" content=\"373\" \/>\n\t<meta property=\"og:image:height\" content=\"561\" \/>\n\t<meta property=\"og:image:type\" content=\"image\/webp\" \/>\n<meta name=\"twitter:card\" content=\"summary_large_image\" \/>\n<meta name=\"twitter:label1\" content=\"Estimated reading time\" \/>\n\t<meta name=\"twitter:data1\" content=\"1 minute\" \/>\n<script type=\"application\/ld+json\" class=\"yoast-schema-graph\">{\"@context\":\"https:\/\/schema.org\",\"@graph\":[{\"@type\":\"WebPage\",\"@id\":\"https:\/\/skaitytaknyga.lt\/produktas\/juozo-gruodzio-gyvenimas-ir-kuryba\/\",\"url\":\"https:\/\/skaitytaknyga.lt\/produktas\/juozo-gruodzio-gyvenimas-ir-kuryba\/\",\"name\":\"Juozo Gruod\u017eio gyvenimas ir k\u016bryba\",\"isPartOf\":{\"@id\":\"https:\/\/skaitytaknyga.lt\/#website\"},\"primaryImageOfPage\":{\"@id\":\"https:\/\/skaitytaknyga.lt\/produktas\/juozo-gruodzio-gyvenimas-ir-kuryba\/#primaryimage\"},\"image\":{\"@id\":\"https:\/\/skaitytaknyga.lt\/produktas\/juozo-gruodzio-gyvenimas-ir-kuryba\/#primaryimage\"},\"thumbnailUrl\":\"https:\/\/skaitytaknyga.lt\/wp-content\/uploads\/2024\/11\/Juozo-Gruodzio-gyvenimas-ir-kuryba.webp\",\"datePublished\":\"2024-11-12T06:58:24+00:00\",\"dateModified\":\"2024-11-12T07:30:16+00:00\",\"description\":\"Knygoje apra\u0161oma \u012f\u017eymaus lietuvi\u0173 kompozitoriaus J. Gruod\u017eio (1884-1948) muzikin\u0117 veikla, estetin\u0117s pa\u017ei\u016bros, k\u016brybinis palikimas, stiliaus bruo\u017eai.\",\"breadcrumb\":{\"@id\":\"https:\/\/skaitytaknyga.lt\/produktas\/juozo-gruodzio-gyvenimas-ir-kuryba\/#breadcrumb\"},\"inLanguage\":\"en-GB\",\"potentialAction\":[{\"@type\":\"ReadAction\",\"target\":[\"https:\/\/skaitytaknyga.lt\/produktas\/juozo-gruodzio-gyvenimas-ir-kuryba\/\"]}]},{\"@type\":\"ImageObject\",\"inLanguage\":\"en-GB\",\"@id\":\"https:\/\/skaitytaknyga.lt\/produktas\/juozo-gruodzio-gyvenimas-ir-kuryba\/#primaryimage\",\"url\":\"https:\/\/skaitytaknyga.lt\/wp-content\/uploads\/2024\/11\/Juozo-Gruodzio-gyvenimas-ir-kuryba.webp\",\"contentUrl\":\"https:\/\/skaitytaknyga.lt\/wp-content\/uploads\/2024\/11\/Juozo-Gruodzio-gyvenimas-ir-kuryba.webp\",\"width\":373,\"height\":561,\"caption\":\"Juozo Gruod\u017eio gyvenimas ir k\u016bryba\"},{\"@type\":\"BreadcrumbList\",\"@id\":\"https:\/\/skaitytaknyga.lt\/produktas\/juozo-gruodzio-gyvenimas-ir-kuryba\/#breadcrumb\",\"itemListElement\":[{\"@type\":\"ListItem\",\"position\":1,\"name\":\"Home\",\"item\":\"https:\/\/skaitytaknyga.lt\/\"},{\"@type\":\"ListItem\",\"position\":2,\"name\":\"Parduotuv\u0117\",\"item\":\"https:\/\/skaitytaknyga.lt\/knygu-parduotuve\/\"},{\"@type\":\"ListItem\",\"position\":3,\"name\":\"Juozo Gruod\u017eio gyvenimas ir k\u016bryba\"}]},{\"@type\":\"WebSite\",\"@id\":\"https:\/\/skaitytaknyga.lt\/#website\",\"url\":\"https:\/\/skaitytaknyga.lt\/\",\"name\":\"skaitytaknyga.lt\",\"description\":\"Skaitytaknyga.lt \u2013 tai ma\u017eas \u0161eimos verslas, kuris prasid\u0117jo nuo meil\u0117s knygoms ir siekio i\u0161gelb\u0117ti knygas nuo likimo prie konteinerio. Kas vienam nereikalingas daiktas \u2013 kitam lobis, o mes esame tarpininkai, kurie padeda abiems tapti laimingesniems ???? \u017dinome kaip nelengva i\u0161gyventi ma\u017eiems verslams, tad nuo \u0161iol, \u010dia rasite ir kit\u0173, ma\u017e\u0173 \u0161eim\u0173 versl\u0173, rank\u0173 darbo, dovan\u0173 sau ir artimiesiems.\",\"publisher\":{\"@id\":\"https:\/\/skaitytaknyga.lt\/#organization\"},\"potentialAction\":[{\"@type\":\"SearchAction\",\"target\":{\"@type\":\"EntryPoint\",\"urlTemplate\":\"https:\/\/skaitytaknyga.lt\/?s={search_term_string}\"},\"query-input\":{\"@type\":\"PropertyValueSpecification\",\"valueRequired\":true,\"valueName\":\"search_term_string\"}}],\"inLanguage\":\"en-GB\"},{\"@type\":\"Organization\",\"@id\":\"https:\/\/skaitytaknyga.lt\/#organization\",\"name\":\"skaitytaknyga.lt\",\"url\":\"https:\/\/skaitytaknyga.lt\/\",\"logo\":{\"@type\":\"ImageObject\",\"inLanguage\":\"en-GB\",\"@id\":\"https:\/\/skaitytaknyga.lt\/#\/schema\/logo\/image\/\",\"url\":\"https:\/\/skaitytaknyga.lt\/wp-content\/uploads\/2024\/05\/cropped-cropped-cropped-02_00843_jt3bggkj1j3HLc7SyY6rEUpg.jpeg\",\"contentUrl\":\"https:\/\/skaitytaknyga.lt\/wp-content\/uploads\/2024\/05\/cropped-cropped-cropped-02_00843_jt3bggkj1j3HLc7SyY6rEUpg.jpeg\",\"width\":1600,\"height\":1600,\"caption\":\"skaitytaknyga.lt\"},\"image\":{\"@id\":\"https:\/\/skaitytaknyga.lt\/#\/schema\/logo\/image\/\"},\"sameAs\":[\"https:\/\/www.facebook.com\/skaitytaknyga\/\"]}]}<\/script>\n<!-- \/ Yoast SEO plugin. -->","yoast_head_json":{"title":"Juozo Gruod\u017eio gyvenimas ir k\u016bryba","description":"Knygoje apra\u0161oma \u012f\u017eymaus lietuvi\u0173 kompozitoriaus J. Gruod\u017eio (1884-1948) muzikin\u0117 veikla, estetin\u0117s pa\u017ei\u016bros, k\u016brybinis palikimas, stiliaus bruo\u017eai.","robots":{"index":"index","follow":"follow","max-snippet":"max-snippet:-1","max-image-preview":"max-image-preview:large","max-video-preview":"max-video-preview:-1"},"canonical":"https:\/\/skaitytaknyga.lt\/en\/produktas\/juozo-gruodzio-gyvenimas-ir-kuryba\/","og_locale":"en_GB","og_type":"article","og_title":"[:lt]Juozo Gruod\u017eio gyvenimas ir k\u016bryba[:] - Skaitytaknyga","og_description":"Knygoje apra\u0161oma \u012f\u017eymaus lietuvi\u0173 kompozitoriaus J. Gruod\u017eio (1884-1948) muzikin\u0117 veikla, estetin\u0117s pa\u017ei\u016bros, k\u016brybinis palikimas, stiliaus bruo\u017eai.","og_url":"https:\/\/skaitytaknyga.lt\/en\/produktas\/juozo-gruodzio-gyvenimas-ir-kuryba\/","og_site_name":"Skaitytaknyga","article_publisher":"https:\/\/www.facebook.com\/skaitytaknyga\/","article_modified_time":"2024-11-12T07:30:16+00:00","og_image":[{"width":373,"height":561,"url":"https:\/\/skaitytaknyga.lt\/wp-content\/uploads\/2024\/11\/Juozo-Gruodzio-gyvenimas-ir-kuryba.webp","type":"image\/webp"}],"twitter_card":"summary_large_image","twitter_misc":{"Estimated reading time":"1 minute"},"schema":{"@context":"https:\/\/schema.org","@graph":[{"@type":"WebPage","@id":"https:\/\/skaitytaknyga.lt\/produktas\/juozo-gruodzio-gyvenimas-ir-kuryba\/","url":"https:\/\/skaitytaknyga.lt\/produktas\/juozo-gruodzio-gyvenimas-ir-kuryba\/","name":"Juozo Gruod\u017eio gyvenimas ir k\u016bryba","isPartOf":{"@id":"https:\/\/skaitytaknyga.lt\/#website"},"primaryImageOfPage":{"@id":"https:\/\/skaitytaknyga.lt\/produktas\/juozo-gruodzio-gyvenimas-ir-kuryba\/#primaryimage"},"image":{"@id":"https:\/\/skaitytaknyga.lt\/produktas\/juozo-gruodzio-gyvenimas-ir-kuryba\/#primaryimage"},"thumbnailUrl":"https:\/\/skaitytaknyga.lt\/wp-content\/uploads\/2024\/11\/Juozo-Gruodzio-gyvenimas-ir-kuryba.webp","datePublished":"2024-11-12T06:58:24+00:00","dateModified":"2024-11-12T07:30:16+00:00","description":"Knygoje apra\u0161oma \u012f\u017eymaus lietuvi\u0173 kompozitoriaus J. Gruod\u017eio (1884-1948) muzikin\u0117 veikla, estetin\u0117s pa\u017ei\u016bros, k\u016brybinis palikimas, stiliaus bruo\u017eai.","breadcrumb":{"@id":"https:\/\/skaitytaknyga.lt\/produktas\/juozo-gruodzio-gyvenimas-ir-kuryba\/#breadcrumb"},"inLanguage":"en-GB","potentialAction":[{"@type":"ReadAction","target":["https:\/\/skaitytaknyga.lt\/produktas\/juozo-gruodzio-gyvenimas-ir-kuryba\/"]}]},{"@type":"ImageObject","inLanguage":"en-GB","@id":"https:\/\/skaitytaknyga.lt\/produktas\/juozo-gruodzio-gyvenimas-ir-kuryba\/#primaryimage","url":"https:\/\/skaitytaknyga.lt\/wp-content\/uploads\/2024\/11\/Juozo-Gruodzio-gyvenimas-ir-kuryba.webp","contentUrl":"https:\/\/skaitytaknyga.lt\/wp-content\/uploads\/2024\/11\/Juozo-Gruodzio-gyvenimas-ir-kuryba.webp","width":373,"height":561,"caption":"Juozo Gruod\u017eio gyvenimas ir k\u016bryba"},{"@type":"BreadcrumbList","@id":"https:\/\/skaitytaknyga.lt\/produktas\/juozo-gruodzio-gyvenimas-ir-kuryba\/#breadcrumb","itemListElement":[{"@type":"ListItem","position":1,"name":"Home","item":"https:\/\/skaitytaknyga.lt\/"},{"@type":"ListItem","position":2,"name":"Parduotuv\u0117","item":"https:\/\/skaitytaknyga.lt\/knygu-parduotuve\/"},{"@type":"ListItem","position":3,"name":"Juozo Gruod\u017eio gyvenimas ir k\u016bryba"}]},{"@type":"WebSite","@id":"https:\/\/skaitytaknyga.lt\/#website","url":"https:\/\/skaitytaknyga.lt\/","name":"skaitytaknyga.lt","description":"Skaitytaknyga.lt \u2013 tai ma\u017eas \u0161eimos verslas, kuris prasid\u0117jo nuo meil\u0117s knygoms ir siekio i\u0161gelb\u0117ti knygas nuo likimo prie konteinerio. Kas vienam nereikalingas daiktas \u2013 kitam lobis, o mes esame tarpininkai, kurie padeda abiems tapti laimingesniems ???? \u017dinome kaip nelengva i\u0161gyventi ma\u017eiems verslams, tad nuo \u0161iol, \u010dia rasite ir kit\u0173, ma\u017e\u0173 \u0161eim\u0173 versl\u0173, rank\u0173 darbo, dovan\u0173 sau ir artimiesiems.","publisher":{"@id":"https:\/\/skaitytaknyga.lt\/#organization"},"potentialAction":[{"@type":"SearchAction","target":{"@type":"EntryPoint","urlTemplate":"https:\/\/skaitytaknyga.lt\/?s={search_term_string}"},"query-input":{"@type":"PropertyValueSpecification","valueRequired":true,"valueName":"search_term_string"}}],"inLanguage":"en-GB"},{"@type":"Organization","@id":"https:\/\/skaitytaknyga.lt\/#organization","name":"skaitytaknyga.lt","url":"https:\/\/skaitytaknyga.lt\/","logo":{"@type":"ImageObject","inLanguage":"en-GB","@id":"https:\/\/skaitytaknyga.lt\/#\/schema\/logo\/image\/","url":"https:\/\/skaitytaknyga.lt\/wp-content\/uploads\/2024\/05\/cropped-cropped-cropped-02_00843_jt3bggkj1j3HLc7SyY6rEUpg.jpeg","contentUrl":"https:\/\/skaitytaknyga.lt\/wp-content\/uploads\/2024\/05\/cropped-cropped-cropped-02_00843_jt3bggkj1j3HLc7SyY6rEUpg.jpeg","width":1600,"height":1600,"caption":"skaitytaknyga.lt"},"image":{"@id":"https:\/\/skaitytaknyga.lt\/#\/schema\/logo\/image\/"},"sameAs":["https:\/\/www.facebook.com\/skaitytaknyga\/"]}]}},"_links":{"self":[{"href":"https:\/\/skaitytaknyga.lt\/en\/wp-json\/wp\/v2\/product\/14528","targetHints":{"allow":["GET"]}}],"collection":[{"href":"https:\/\/skaitytaknyga.lt\/en\/wp-json\/wp\/v2\/product"}],"about":[{"href":"https:\/\/skaitytaknyga.lt\/en\/wp-json\/wp\/v2\/types\/product"}],"replies":[{"embeddable":true,"href":"https:\/\/skaitytaknyga.lt\/en\/wp-json\/wp\/v2\/comments?post=14528"}],"wp:featuredmedia":[{"embeddable":true,"href":"https:\/\/skaitytaknyga.lt\/en\/wp-json\/wp\/v2\/media\/14537"}],"wp:attachment":[{"href":"https:\/\/skaitytaknyga.lt\/en\/wp-json\/wp\/v2\/media?parent=14528"}],"wp:term":[{"taxonomy":"product_brand","embeddable":true,"href":"https:\/\/skaitytaknyga.lt\/en\/wp-json\/wp\/v2\/product_brand?post=14528"},{"taxonomy":"product_cat","embeddable":true,"href":"https:\/\/skaitytaknyga.lt\/en\/wp-json\/wp\/v2\/product_cat?post=14528"},{"taxonomy":"product_tag","embeddable":true,"href":"https:\/\/skaitytaknyga.lt\/en\/wp-json\/wp\/v2\/product_tag?post=14528"}],"curies":[{"name":"wp","href":"https:\/\/api.w.org\/{rel}","templated":true}]}}