{"id":14523,"date":"2024-11-12T08:58:24","date_gmt":"2024-11-12T06:58:24","guid":{"rendered":"https:\/\/skaitytaknyga.lt\/?post_type=product&#038;p=14523"},"modified":"2024-12-18T15:08:10","modified_gmt":"2024-12-18T13:08:10","slug":"salako-krastas","status":"publish","type":"product","link":"https:\/\/skaitytaknyga.lt\/en\/produktas\/salako-krastas\/","title":{"rendered":"Salako kra\u0161tas"},"content":{"rendered":"<p>Salakas \u2013 Zaras\u0173 rajono miestelis Luod\u017eio e\u017eero pa\u0161on\u0117je. Pasak archeolog\u0173, \u0161alia esantis piliakalnis liudija, jog \u010dia gyventa jau II t\u016bkstantme\u010dio prad\u017eioje. XV a. Salako apylink\u0117s priklaus\u0117 Vilniaus vyskupui \u2013 vyskupyst\u0117s dokumentuose Salakas pirm\u0105 kart\u0105 pamin\u0117tas 1496 m. Tuo metu miestelyje jau stov\u0117jo medin\u0117 \u0160v. Petro ir Povilo ba\u017eny\u010dia. Dabartin\u0117 \u0160ven\u010diausiosios Mergel\u0117s Marijos Sopulingosios ba\u017eny\u010dia pastatyta 1911 m. kunigo Antano Kry\u017eanausko ir vis\u0173 Salako gyventoj\u0173 pastangomis i\u0161 nat\u016brali\u0173 lauko akmen\u0173. Tai vienas originaliausi\u0173 sakralin\u0117s paskirties pastat\u0173 Panev\u0117\u017eio vyskupyst\u0117je.<\/p>\n<p>1863 m. pavasar\u012f Salako apylink\u0117se aid\u0117jo laisv\u0117s \u0161\u016bkiai \u2013 pro \u010dia trauk\u0117 Zigmanto Sierakausko vadovaujamo sukilimo b\u016briai. XX a. Salakas \u2013 vals\u010diaus centras. Didel\u012f p\u0117dsak\u0105 miestelio istorijoje paliko mokytojas au\u0161rininkas Antanas Poderys, 1906 m. \u012fsteig\u0119s Salake pirm\u0105j\u0105 lietuvi\u0161k\u0105 mokykl\u0105. \u0160iandien jo id\u0117jas t\u0119sia 2008 m. \u012fkurtas \u0160viet\u0117jo Antano Poderio paramos fondas, kurio iniciatyva \u0161i knyga ir pasiekia skaitytojus.<\/p>\n<p>Knyg\u0105 sudaro 22 straipsniai, i\u0161 j\u0173 7 moksliniai. I\u0161samiuose \u0161i\u0173 straipsni\u0173 tyrimuose atsispindi Salako kra\u0161to praeitis, ba\u017eny\u010dios istorija, vals\u010diaus savivaldos formavimasis, raida ir \u0161vietimas 1918\u20131940 m., antisovietinis pasiprie\u0161inimas pokario laikotarpiu. Prisiliesta prie Salako ir jo aplinkini\u0173 senojo klodo dain\u0173, kalendorini\u0173 papro\u010di\u0173, kai kuri\u0173 n\u016bdienos aktualij\u0173, analizuojama Salako kra\u0161to gamta, Luod\u017eio e\u017eero \u017euv\u0173 r\u016b\u0161ys, pateikiami sidabri\u0161k\u0173j\u0173 debes\u0173 steb\u0117jimai. Leidinyje skaitytojas ras buvusio Salako vals\u010diaus, seni\u016bnijos, Gra\u017eut\u0117s regioninio parko \u017eem\u0117lapi\u0173, pluo\u0161t\u0105 kruop\u0161\u010diai atrinkt\u0173, praeit\u012f ir dabart\u012f iliustruojan\u010di\u0173 fotografij\u0173.<\/p>\n<p>Informacija<br \/>\nAutorius: Sud. Vida Girininkien\u0117, Robertas Jurgaitis<br \/>\nLeid\u0117jas: Versm\u0117<br \/>\nI\u0161leidimo metai: 2012<br \/>\nKnygos puslapi\u0173 skai\u010dius: 420<br \/>\nISBN ar kodas: 978955589297<\/p>\n","protected":false},"excerpt":{"rendered":"<p>Salakas \u2013 Zaras\u0173 rajono miestelis Luod\u017eio e\u017eero pa\u0161on\u0117je. Pasak archeolog\u0173, \u0161alia esantis piliakalnis liudija, jog \u010dia gyventa jau II t\u016bkstantme\u010dio prad\u017eioje. XV a. Salako apylink\u0117s priklaus\u0117 Vilniaus vyskupui \u2013 vyskupyst\u0117s dokumentuose Salakas pirm\u0105 kart\u0105 pamin\u0117tas 1496 m. Tuo metu miestelyje jau stov\u0117jo medin\u0117 \u0160v. Petro ir Povilo ba\u017eny\u010dia. Dabartin\u0117 \u0160ven\u010diausiosios Mergel\u0117s Marijos Sopulingosios ba\u017eny\u010dia pastatyta 1911 m. kunigo Antano Kry\u017eanausko ir vis\u0173 Salako gyventoj\u0173 pastangomis i\u0161 nat\u016brali\u0173 lauko akmen\u0173. Tai vienas originaliausi\u0173 sakralin\u0117s paskirties pastat\u0173 Panev\u0117\u017eio vyskupyst\u0117je. 1863 m. pavasar\u012f Salako apylink\u0117se aid\u0117jo laisv\u0117s \u0161\u016bkiai \u2013 pro \u010dia trauk\u0117 Zigmanto Sierakausko vadovaujamo sukilimo b\u016briai. XX a. Salakas \u2013 vals\u010diaus centras. Didel\u012f p\u0117dsak\u0105 miestelio istorijoje paliko mokytojas au\u0161rininkas Antanas Poderys, 1906 m. \u012fsteig\u0119s Salake pirm\u0105j\u0105 lietuvi\u0161k\u0105 mokykl\u0105. \u0160iandien jo id\u0117jas t\u0119sia 2008 m. \u012fkurtas \u0160viet\u0117jo Antano Poderio paramos fondas, kurio iniciatyva \u0161i knyga ir pasiekia skaitytojus. Knyg\u0105 sudaro 22 straipsniai, i\u0161 j\u0173 7 moksliniai. I\u0161samiuose \u0161i\u0173 straipsni\u0173 tyrimuose atsispindi Salako kra\u0161to praeitis, ba\u017eny\u010dios istorija, vals\u010diaus savivaldos formavimasis, raida ir \u0161vietimas 1918\u20131940 m., antisovietinis pasiprie\u0161inimas pokario laikotarpiu. Prisiliesta prie Salako ir jo aplinkini\u0173 senojo klodo dain\u0173, kalendorini\u0173 papro\u010di\u0173, kai kuri\u0173 n\u016bdienos aktualij\u0173, analizuojama Salako kra\u0161to gamta, Luod\u017eio e\u017eero \u017euv\u0173 r\u016b\u0161ys, pateikiami sidabri\u0161k\u0173j\u0173 debes\u0173 steb\u0117jimai. Leidinyje skaitytojas ras buvusio Salako vals\u010diaus, seni\u016bnijos, Gra\u017eut\u0117s regioninio parko \u017eem\u0117lapi\u0173, pluo\u0161t\u0105 kruop\u0161\u010diai atrinkt\u0173, praeit\u012f ir dabart\u012f iliustruojan\u010di\u0173 fotografij\u0173. Informacija Autorius: Sud. Vida Girininkien\u0117, Robertas Jurgaitis Leid\u0117jas: Versm\u0117 I\u0161leidimo metai: 2012 Knygos puslapi\u0173 skai\u010dius: 420 ISBN ar kodas: 978955589297<\/p>\n","protected":false},"featured_media":14539,"comment_status":"open","ping_status":"closed","template":"","meta":{"_acf_changed":false,"site-sidebar-layout":"default","site-content-layout":"","ast-site-content-layout":"default","site-content-style":"default","site-sidebar-style":"default","ast-global-header-display":"","ast-banner-title-visibility":"","ast-main-header-display":"","ast-hfb-above-header-display":"","ast-hfb-below-header-display":"","ast-hfb-mobile-header-display":"","site-post-title":"","ast-breadcrumbs-content":"","ast-featured-img":"","footer-sml-layout":"","ast-disable-related-posts":"","theme-transparent-header-meta":"default","adv-header-id-meta":"","stick-header-meta":"","header-above-stick-meta":"","header-main-stick-meta":"","header-below-stick-meta":"","astra-migrate-meta-layouts":"set","ast-page-background-enabled":"default","ast-page-background-meta":{"desktop":{"background-color":"","background-image":"","background-repeat":"repeat","background-position":"center center","background-size":"auto","background-attachment":"scroll","background-type":"","background-media":"","overlay-type":"","overlay-color":"","overlay-opacity":"","overlay-gradient":""},"tablet":{"background-color":"","background-image":"","background-repeat":"repeat","background-position":"center center","background-size":"auto","background-attachment":"scroll","background-type":"","background-media":"","overlay-type":"","overlay-color":"","overlay-opacity":"","overlay-gradient":""},"mobile":{"background-color":"","background-image":"","background-repeat":"repeat","background-position":"center center","background-size":"auto","background-attachment":"scroll","background-type":"","background-media":"","overlay-type":"","overlay-color":"","overlay-opacity":"","overlay-gradient":""}},"ast-content-background-meta":{"desktop":{"background-color":"var(--ast-global-color-4)","background-image":"","background-repeat":"repeat","background-position":"center center","background-size":"auto","background-attachment":"scroll","background-type":"","background-media":"","overlay-type":"","overlay-color":"","overlay-opacity":"","overlay-gradient":""},"tablet":{"background-color":"var(--ast-global-color-4)","background-image":"","background-repeat":"repeat","background-position":"center center","background-size":"auto","background-attachment":"scroll","background-type":"","background-media":"","overlay-type":"","overlay-color":"","overlay-opacity":"","overlay-gradient":""},"mobile":{"background-color":"var(--ast-global-color-4)","background-image":"","background-repeat":"repeat","background-position":"center center","background-size":"auto","background-attachment":"scroll","background-type":"","background-media":"","overlay-type":"","overlay-color":"","overlay-opacity":"","overlay-gradient":""}}},"product_brand":[],"product_cat":[174,15],"product_tag":[],"class_list":{"0":"post-14523","1":"product","2":"type-product","3":"status-publish","4":"has-post-thumbnail","6":"product_cat-istorija-ir-politologija","7":"product_cat-uncategorized","8":"desktop-align-left","9":"tablet-align-left","10":"mobile-align-left","12":"first","13":"instock","14":"shipping-taxable","15":"purchasable","16":"product-type-simple"},"acf":[],"yoast_head":"<!-- This site is optimized with the Yoast SEO plugin v27.0 - https:\/\/yoast.com\/product\/yoast-seo-wordpress\/ -->\n<title>Salako kra\u0161tas<\/title>\n<meta name=\"description\" content=\"Salakas \u2013 Zaras\u0173 rajono miestelis Luod\u017eio e\u017eero pa\u0161on\u0117je. Pasak archeolog\u0173, \u0161alia esantis piliakalnis liudija, jog \u010dia gyventa jau II t\u016bkstantme\u010dio\" \/>\n<meta name=\"robots\" content=\"index, follow, max-snippet:-1, max-image-preview:large, max-video-preview:-1\" \/>\n<link rel=\"canonical\" href=\"https:\/\/skaitytaknyga.lt\/en\/produktas\/salako-krastas\/\" \/>\n<meta property=\"og:locale\" content=\"en_GB\" \/>\n<meta property=\"og:locale:alternate\" content=\"lt_LT\" \/>\n<meta property=\"og:type\" content=\"article\" \/>\n<meta property=\"og:title\" content=\"Salako kra\u0161tas\" \/>\n<meta property=\"og:description\" content=\"Salakas \u2013 Zaras\u0173 rajono miestelis Luod\u017eio e\u017eero pa\u0161on\u0117je. Pasak archeolog\u0173, \u0161alia esantis piliakalnis liudija, jog \u010dia gyventa jau II t\u016bkstantme\u010dio\" \/>\n<meta property=\"og:url\" content=\"https:\/\/skaitytaknyga.lt\/en\/produktas\/salako-krastas\/\" \/>\n<meta property=\"og:site_name\" content=\"Skaitytaknyga\" \/>\n<meta property=\"article:publisher\" content=\"https:\/\/www.facebook.com\/skaitytaknyga\/\" \/>\n<meta property=\"article:modified_time\" content=\"2024-12-18T13:08:10+00:00\" \/>\n<meta property=\"og:image\" content=\"https:\/\/skaitytaknyga.lt\/wp-content\/uploads\/2024\/11\/Salako-krastas.jpg\" \/>\n\t<meta property=\"og:image:width\" content=\"284\" \/>\n\t<meta property=\"og:image:height\" content=\"450\" \/>\n\t<meta property=\"og:image:type\" content=\"image\/jpeg\" \/>\n<meta name=\"twitter:card\" content=\"summary_large_image\" \/>\n<meta name=\"twitter:label1\" content=\"Estimated reading time\" \/>\n\t<meta name=\"twitter:data1\" content=\"2 minutes\" \/>\n<script type=\"application\/ld+json\" class=\"yoast-schema-graph\">{\"@context\":\"https:\/\/schema.org\",\"@graph\":[{\"@type\":\"WebPage\",\"@id\":\"https:\/\/skaitytaknyga.lt\/produktas\/salako-krastas\/\",\"url\":\"https:\/\/skaitytaknyga.lt\/produktas\/salako-krastas\/\",\"name\":\"Salako kra\u0161tas\",\"isPartOf\":{\"@id\":\"https:\/\/skaitytaknyga.lt\/#website\"},\"primaryImageOfPage\":{\"@id\":\"https:\/\/skaitytaknyga.lt\/produktas\/salako-krastas\/#primaryimage\"},\"image\":{\"@id\":\"https:\/\/skaitytaknyga.lt\/produktas\/salako-krastas\/#primaryimage\"},\"thumbnailUrl\":\"https:\/\/skaitytaknyga.lt\/wp-content\/uploads\/2024\/11\/Salako-krastas.jpg\",\"datePublished\":\"2024-11-12T06:58:24+00:00\",\"dateModified\":\"2024-12-18T13:08:10+00:00\",\"description\":\"Salakas \u2013 Zaras\u0173 rajono miestelis Luod\u017eio e\u017eero pa\u0161on\u0117je. Pasak archeolog\u0173, \u0161alia esantis piliakalnis liudija, jog \u010dia gyventa jau II t\u016bkstantme\u010dio\",\"breadcrumb\":{\"@id\":\"https:\/\/skaitytaknyga.lt\/produktas\/salako-krastas\/#breadcrumb\"},\"inLanguage\":\"en-GB\",\"potentialAction\":[{\"@type\":\"ReadAction\",\"target\":[\"https:\/\/skaitytaknyga.lt\/produktas\/salako-krastas\/\"]}]},{\"@type\":\"ImageObject\",\"inLanguage\":\"en-GB\",\"@id\":\"https:\/\/skaitytaknyga.lt\/produktas\/salako-krastas\/#primaryimage\",\"url\":\"https:\/\/skaitytaknyga.lt\/wp-content\/uploads\/2024\/11\/Salako-krastas.jpg\",\"contentUrl\":\"https:\/\/skaitytaknyga.lt\/wp-content\/uploads\/2024\/11\/Salako-krastas.jpg\",\"width\":284,\"height\":450,\"caption\":\"Salako kra\u0161tas\"},{\"@type\":\"BreadcrumbList\",\"@id\":\"https:\/\/skaitytaknyga.lt\/produktas\/salako-krastas\/#breadcrumb\",\"itemListElement\":[{\"@type\":\"ListItem\",\"position\":1,\"name\":\"Home\",\"item\":\"https:\/\/skaitytaknyga.lt\/\"},{\"@type\":\"ListItem\",\"position\":2,\"name\":\"Parduotuv\u0117\",\"item\":\"https:\/\/skaitytaknyga.lt\/knygu-parduotuve\/\"},{\"@type\":\"ListItem\",\"position\":3,\"name\":\"Salako kra\u0161tas\"}]},{\"@type\":\"WebSite\",\"@id\":\"https:\/\/skaitytaknyga.lt\/#website\",\"url\":\"https:\/\/skaitytaknyga.lt\/\",\"name\":\"skaitytaknyga.lt\",\"description\":\"Skaitytaknyga.lt \u2013 tai ma\u017eas \u0161eimos verslas, kuris prasid\u0117jo nuo meil\u0117s knygoms ir siekio i\u0161gelb\u0117ti knygas nuo likimo prie konteinerio. Kas vienam nereikalingas daiktas \u2013 kitam lobis, o mes esame tarpininkai, kurie padeda abiems tapti laimingesniems ???? \u017dinome kaip nelengva i\u0161gyventi ma\u017eiems verslams, tad nuo \u0161iol, \u010dia rasite ir kit\u0173, ma\u017e\u0173 \u0161eim\u0173 versl\u0173, rank\u0173 darbo, dovan\u0173 sau ir artimiesiems.\",\"publisher\":{\"@id\":\"https:\/\/skaitytaknyga.lt\/#organization\"},\"potentialAction\":[{\"@type\":\"SearchAction\",\"target\":{\"@type\":\"EntryPoint\",\"urlTemplate\":\"https:\/\/skaitytaknyga.lt\/?s={search_term_string}\"},\"query-input\":{\"@type\":\"PropertyValueSpecification\",\"valueRequired\":true,\"valueName\":\"search_term_string\"}}],\"inLanguage\":\"en-GB\"},{\"@type\":\"Organization\",\"@id\":\"https:\/\/skaitytaknyga.lt\/#organization\",\"name\":\"skaitytaknyga.lt\",\"url\":\"https:\/\/skaitytaknyga.lt\/\",\"logo\":{\"@type\":\"ImageObject\",\"inLanguage\":\"en-GB\",\"@id\":\"https:\/\/skaitytaknyga.lt\/#\/schema\/logo\/image\/\",\"url\":\"https:\/\/skaitytaknyga.lt\/wp-content\/uploads\/2024\/05\/cropped-cropped-cropped-02_00843_jt3bggkj1j3HLc7SyY6rEUpg.jpeg\",\"contentUrl\":\"https:\/\/skaitytaknyga.lt\/wp-content\/uploads\/2024\/05\/cropped-cropped-cropped-02_00843_jt3bggkj1j3HLc7SyY6rEUpg.jpeg\",\"width\":1600,\"height\":1600,\"caption\":\"skaitytaknyga.lt\"},\"image\":{\"@id\":\"https:\/\/skaitytaknyga.lt\/#\/schema\/logo\/image\/\"},\"sameAs\":[\"https:\/\/www.facebook.com\/skaitytaknyga\/\"]}]}<\/script>\n<!-- \/ Yoast SEO plugin. -->","yoast_head_json":{"title":"Salako kra\u0161tas","description":"Salakas \u2013 Zaras\u0173 rajono miestelis Luod\u017eio e\u017eero pa\u0161on\u0117je. Pasak archeolog\u0173, \u0161alia esantis piliakalnis liudija, jog \u010dia gyventa jau II t\u016bkstantme\u010dio","robots":{"index":"index","follow":"follow","max-snippet":"max-snippet:-1","max-image-preview":"max-image-preview:large","max-video-preview":"max-video-preview:-1"},"canonical":"https:\/\/skaitytaknyga.lt\/en\/produktas\/salako-krastas\/","og_locale":"en_GB","og_type":"article","og_title":"[:lt]Salako kra\u0161tas[:] - Skaitytaknyga","og_description":"Salakas \u2013 Zaras\u0173 rajono miestelis Luod\u017eio e\u017eero pa\u0161on\u0117je. Pasak archeolog\u0173, \u0161alia esantis piliakalnis liudija, jog \u010dia gyventa jau II t\u016bkstantme\u010dio","og_url":"https:\/\/skaitytaknyga.lt\/en\/produktas\/salako-krastas\/","og_site_name":"Skaitytaknyga","article_publisher":"https:\/\/www.facebook.com\/skaitytaknyga\/","article_modified_time":"2024-12-18T13:08:10+00:00","og_image":[{"width":284,"height":450,"url":"https:\/\/skaitytaknyga.lt\/wp-content\/uploads\/2024\/11\/Salako-krastas.jpg","type":"image\/jpeg"}],"twitter_card":"summary_large_image","twitter_misc":{"Estimated reading time":"2 minutes"},"schema":{"@context":"https:\/\/schema.org","@graph":[{"@type":"WebPage","@id":"https:\/\/skaitytaknyga.lt\/produktas\/salako-krastas\/","url":"https:\/\/skaitytaknyga.lt\/produktas\/salako-krastas\/","name":"Salako kra\u0161tas","isPartOf":{"@id":"https:\/\/skaitytaknyga.lt\/#website"},"primaryImageOfPage":{"@id":"https:\/\/skaitytaknyga.lt\/produktas\/salako-krastas\/#primaryimage"},"image":{"@id":"https:\/\/skaitytaknyga.lt\/produktas\/salako-krastas\/#primaryimage"},"thumbnailUrl":"https:\/\/skaitytaknyga.lt\/wp-content\/uploads\/2024\/11\/Salako-krastas.jpg","datePublished":"2024-11-12T06:58:24+00:00","dateModified":"2024-12-18T13:08:10+00:00","description":"Salakas \u2013 Zaras\u0173 rajono miestelis Luod\u017eio e\u017eero pa\u0161on\u0117je. Pasak archeolog\u0173, \u0161alia esantis piliakalnis liudija, jog \u010dia gyventa jau II t\u016bkstantme\u010dio","breadcrumb":{"@id":"https:\/\/skaitytaknyga.lt\/produktas\/salako-krastas\/#breadcrumb"},"inLanguage":"en-GB","potentialAction":[{"@type":"ReadAction","target":["https:\/\/skaitytaknyga.lt\/produktas\/salako-krastas\/"]}]},{"@type":"ImageObject","inLanguage":"en-GB","@id":"https:\/\/skaitytaknyga.lt\/produktas\/salako-krastas\/#primaryimage","url":"https:\/\/skaitytaknyga.lt\/wp-content\/uploads\/2024\/11\/Salako-krastas.jpg","contentUrl":"https:\/\/skaitytaknyga.lt\/wp-content\/uploads\/2024\/11\/Salako-krastas.jpg","width":284,"height":450,"caption":"Salako kra\u0161tas"},{"@type":"BreadcrumbList","@id":"https:\/\/skaitytaknyga.lt\/produktas\/salako-krastas\/#breadcrumb","itemListElement":[{"@type":"ListItem","position":1,"name":"Home","item":"https:\/\/skaitytaknyga.lt\/"},{"@type":"ListItem","position":2,"name":"Parduotuv\u0117","item":"https:\/\/skaitytaknyga.lt\/knygu-parduotuve\/"},{"@type":"ListItem","position":3,"name":"Salako kra\u0161tas"}]},{"@type":"WebSite","@id":"https:\/\/skaitytaknyga.lt\/#website","url":"https:\/\/skaitytaknyga.lt\/","name":"skaitytaknyga.lt","description":"Skaitytaknyga.lt \u2013 tai ma\u017eas \u0161eimos verslas, kuris prasid\u0117jo nuo meil\u0117s knygoms ir siekio i\u0161gelb\u0117ti knygas nuo likimo prie konteinerio. Kas vienam nereikalingas daiktas \u2013 kitam lobis, o mes esame tarpininkai, kurie padeda abiems tapti laimingesniems ???? \u017dinome kaip nelengva i\u0161gyventi ma\u017eiems verslams, tad nuo \u0161iol, \u010dia rasite ir kit\u0173, ma\u017e\u0173 \u0161eim\u0173 versl\u0173, rank\u0173 darbo, dovan\u0173 sau ir artimiesiems.","publisher":{"@id":"https:\/\/skaitytaknyga.lt\/#organization"},"potentialAction":[{"@type":"SearchAction","target":{"@type":"EntryPoint","urlTemplate":"https:\/\/skaitytaknyga.lt\/?s={search_term_string}"},"query-input":{"@type":"PropertyValueSpecification","valueRequired":true,"valueName":"search_term_string"}}],"inLanguage":"en-GB"},{"@type":"Organization","@id":"https:\/\/skaitytaknyga.lt\/#organization","name":"skaitytaknyga.lt","url":"https:\/\/skaitytaknyga.lt\/","logo":{"@type":"ImageObject","inLanguage":"en-GB","@id":"https:\/\/skaitytaknyga.lt\/#\/schema\/logo\/image\/","url":"https:\/\/skaitytaknyga.lt\/wp-content\/uploads\/2024\/05\/cropped-cropped-cropped-02_00843_jt3bggkj1j3HLc7SyY6rEUpg.jpeg","contentUrl":"https:\/\/skaitytaknyga.lt\/wp-content\/uploads\/2024\/05\/cropped-cropped-cropped-02_00843_jt3bggkj1j3HLc7SyY6rEUpg.jpeg","width":1600,"height":1600,"caption":"skaitytaknyga.lt"},"image":{"@id":"https:\/\/skaitytaknyga.lt\/#\/schema\/logo\/image\/"},"sameAs":["https:\/\/www.facebook.com\/skaitytaknyga\/"]}]}},"_links":{"self":[{"href":"https:\/\/skaitytaknyga.lt\/en\/wp-json\/wp\/v2\/product\/14523","targetHints":{"allow":["GET"]}}],"collection":[{"href":"https:\/\/skaitytaknyga.lt\/en\/wp-json\/wp\/v2\/product"}],"about":[{"href":"https:\/\/skaitytaknyga.lt\/en\/wp-json\/wp\/v2\/types\/product"}],"replies":[{"embeddable":true,"href":"https:\/\/skaitytaknyga.lt\/en\/wp-json\/wp\/v2\/comments?post=14523"}],"wp:featuredmedia":[{"embeddable":true,"href":"https:\/\/skaitytaknyga.lt\/en\/wp-json\/wp\/v2\/media\/14539"}],"wp:attachment":[{"href":"https:\/\/skaitytaknyga.lt\/en\/wp-json\/wp\/v2\/media?parent=14523"}],"wp:term":[{"taxonomy":"product_brand","embeddable":true,"href":"https:\/\/skaitytaknyga.lt\/en\/wp-json\/wp\/v2\/product_brand?post=14523"},{"taxonomy":"product_cat","embeddable":true,"href":"https:\/\/skaitytaknyga.lt\/en\/wp-json\/wp\/v2\/product_cat?post=14523"},{"taxonomy":"product_tag","embeddable":true,"href":"https:\/\/skaitytaknyga.lt\/en\/wp-json\/wp\/v2\/product_tag?post=14523"}],"curies":[{"name":"wp","href":"https:\/\/api.w.org\/{rel}","templated":true}]}}