{"id":14520,"date":"2024-11-12T08:44:52","date_gmt":"2024-11-12T06:44:52","guid":{"rendered":"https:\/\/skaitytaknyga.lt\/?post_type=product&#038;p=14520"},"modified":"2026-01-28T09:35:01","modified_gmt":"2026-01-28T07:35:01","slug":"antazaves-krasto-istorija-apybraiza","status":"publish","type":"product","link":"https:\/\/skaitytaknyga.lt\/en\/produktas\/antazaves-krasto-istorija-apybraiza\/","title":{"rendered":"Antazav\u0117s kra\u0161to istorija. Apybrai\u017ea"},"content":{"rendered":"<p>Turinys: Antazav\u0117s himnas &#8220;Tau, Antazave&#8221;; \u017diloji senov\u0117; Grafai Pliateriai; Antazav\u0117s dvaras 18 a. II pus\u0117je-19 a. prad\u017eioje; Antazav\u0117s dvaras 19 am\u017eiuje; Antazav\u0117s dvaras 20 am\u017eiuje; Zirnaj\u0173 dvarelio istorija; Antazav\u0117s savivaldos raida; Antazav\u0117s ba\u017eny\u010dios ir parapijos istorija; Antazav\u0117s mokyklos istorija; Antazav\u0117s vaik\u0173 nam\u0173 istorija; \u012e\u017eym\u016bs Antazav\u0117s kra\u0161to \u017emon\u0117s.<\/p>\n","protected":false},"excerpt":{"rendered":"<p>Turinys: Antazav\u0117s himnas &#8220;Tau, Antazave&#8221;; \u017diloji senov\u0117; Grafai Pliateriai; Antazav\u0117s dvaras 18 a. II pus\u0117je-19 a. prad\u017eioje; Antazav\u0117s dvaras 19 am\u017eiuje; Antazav\u0117s dvaras 20 am\u017eiuje; Zirnaj\u0173 dvarelio istorija; Antazav\u0117s savivaldos raida; Antazav\u0117s ba\u017eny\u010dios ir parapijos istorija; Antazav\u0117s mokyklos istorija; Antazav\u0117s vaik\u0173 nam\u0173 istorija; \u012e\u017eym\u016bs Antazav\u0117s kra\u0161to \u017emon\u0117s.<\/p>\n","protected":false},"featured_media":14542,"comment_status":"open","ping_status":"closed","template":"","meta":{"_acf_changed":false,"site-sidebar-layout":"default","site-content-layout":"","ast-site-content-layout":"default","site-content-style":"default","site-sidebar-style":"default","ast-global-header-display":"","ast-banner-title-visibility":"","ast-main-header-display":"","ast-hfb-above-header-display":"","ast-hfb-below-header-display":"","ast-hfb-mobile-header-display":"","site-post-title":"","ast-breadcrumbs-content":"","ast-featured-img":"","footer-sml-layout":"","ast-disable-related-posts":"","theme-transparent-header-meta":"default","adv-header-id-meta":"","stick-header-meta":"","header-above-stick-meta":"","header-main-stick-meta":"","header-below-stick-meta":"","astra-migrate-meta-layouts":"set","ast-page-background-enabled":"default","ast-page-background-meta":{"desktop":{"background-color":"","background-image":"","background-repeat":"repeat","background-position":"center center","background-size":"auto","background-attachment":"scroll","background-type":"","background-media":"","overlay-type":"","overlay-color":"","overlay-opacity":"","overlay-gradient":""},"tablet":{"background-color":"","background-image":"","background-repeat":"repeat","background-position":"center center","background-size":"auto","background-attachment":"scroll","background-type":"","background-media":"","overlay-type":"","overlay-color":"","overlay-opacity":"","overlay-gradient":""},"mobile":{"background-color":"","background-image":"","background-repeat":"repeat","background-position":"center center","background-size":"auto","background-attachment":"scroll","background-type":"","background-media":"","overlay-type":"","overlay-color":"","overlay-opacity":"","overlay-gradient":""}},"ast-content-background-meta":{"desktop":{"background-color":"var(--ast-global-color-4)","background-image":"","background-repeat":"repeat","background-position":"center center","background-size":"auto","background-attachment":"scroll","background-type":"","background-media":"","overlay-type":"","overlay-color":"","overlay-opacity":"","overlay-gradient":""},"tablet":{"background-color":"var(--ast-global-color-4)","background-image":"","background-repeat":"repeat","background-position":"center center","background-size":"auto","background-attachment":"scroll","background-type":"","background-media":"","overlay-type":"","overlay-color":"","overlay-opacity":"","overlay-gradient":""},"mobile":{"background-color":"var(--ast-global-color-4)","background-image":"","background-repeat":"repeat","background-position":"center center","background-size":"auto","background-attachment":"scroll","background-type":"","background-media":"","overlay-type":"","overlay-color":"","overlay-opacity":"","overlay-gradient":""}}},"product_brand":[],"product_cat":[174,15],"product_tag":[],"class_list":{"0":"post-14520","1":"product","2":"type-product","3":"status-publish","4":"has-post-thumbnail","6":"product_cat-istorija-ir-politologija","7":"product_cat-uncategorized","8":"desktop-align-left","9":"tablet-align-left","10":"mobile-align-left","12":"first","13":"outofstock","14":"shipping-taxable","15":"purchasable","16":"product-type-simple"},"acf":[],"yoast_head":"<!-- This site is optimized with the Yoast SEO plugin v27.0 - https:\/\/yoast.com\/product\/yoast-seo-wordpress\/ -->\n<title>Antazav\u0117s kra\u0161to istorija. Apybrai\u017ea<\/title>\n<meta name=\"description\" content=\"Turinys: Antazav\u0117s himnas &quot;Tau, Antazave&quot;; \u017diloji senov\u0117; Grafai Pliateriai; Antazav\u0117s dvaras 18 a. II pus\u0117je-19 a. prad\u017eioje; Antazav\u0117s dvaras 19\" \/>\n<meta name=\"robots\" content=\"index, follow, max-snippet:-1, max-image-preview:large, max-video-preview:-1\" \/>\n<link rel=\"canonical\" href=\"https:\/\/skaitytaknyga.lt\/en\/produktas\/antazaves-krasto-istorija-apybraiza\/\" \/>\n<meta property=\"og:locale\" content=\"en_GB\" \/>\n<meta property=\"og:locale:alternate\" content=\"lt_LT\" \/>\n<meta property=\"og:type\" content=\"article\" \/>\n<meta property=\"og:title\" content=\"Antazav\u0117s kra\u0161to istorija. Apybrai\u017ea\" \/>\n<meta property=\"og:description\" content=\"Turinys: Antazav\u0117s himnas &quot;Tau, Antazave&quot;; \u017diloji senov\u0117; Grafai Pliateriai; Antazav\u0117s dvaras 18 a. II pus\u0117je-19 a. prad\u017eioje; Antazav\u0117s dvaras 19\" \/>\n<meta property=\"og:url\" content=\"https:\/\/skaitytaknyga.lt\/en\/produktas\/antazaves-krasto-istorija-apybraiza\/\" \/>\n<meta property=\"og:site_name\" content=\"Skaitytaknyga\" \/>\n<meta property=\"article:publisher\" content=\"https:\/\/www.facebook.com\/skaitytaknyga\/\" \/>\n<meta property=\"article:modified_time\" content=\"2026-01-28T07:35:01+00:00\" \/>\n<meta property=\"og:image\" content=\"https:\/\/skaitytaknyga.lt\/wp-content\/uploads\/2024\/11\/Antazaves-krasto-istorija.-Apybraiza-e1731396931661.jpg\" \/>\n\t<meta property=\"og:image:width\" content=\"384\" \/>\n\t<meta property=\"og:image:height\" content=\"520\" \/>\n\t<meta property=\"og:image:type\" content=\"image\/jpeg\" \/>\n<meta name=\"twitter:card\" content=\"summary_large_image\" \/>\n<meta name=\"twitter:label1\" content=\"Estimated reading time\" \/>\n\t<meta name=\"twitter:data1\" content=\"1 minute\" \/>\n<script type=\"application\/ld+json\" class=\"yoast-schema-graph\">{\"@context\":\"https:\/\/schema.org\",\"@graph\":[{\"@type\":\"WebPage\",\"@id\":\"https:\/\/skaitytaknyga.lt\/produktas\/antazaves-krasto-istorija-apybraiza\/\",\"url\":\"https:\/\/skaitytaknyga.lt\/produktas\/antazaves-krasto-istorija-apybraiza\/\",\"name\":\"Antazav\u0117s kra\u0161to istorija. Apybrai\u017ea\",\"isPartOf\":{\"@id\":\"https:\/\/skaitytaknyga.lt\/#website\"},\"primaryImageOfPage\":{\"@id\":\"https:\/\/skaitytaknyga.lt\/produktas\/antazaves-krasto-istorija-apybraiza\/#primaryimage\"},\"image\":{\"@id\":\"https:\/\/skaitytaknyga.lt\/produktas\/antazaves-krasto-istorija-apybraiza\/#primaryimage\"},\"thumbnailUrl\":\"https:\/\/skaitytaknyga.lt\/wp-content\/uploads\/2024\/11\/Antazaves-krasto-istorija.-Apybraiza-e1731396931661.jpg\",\"datePublished\":\"2024-11-12T06:44:52+00:00\",\"dateModified\":\"2026-01-28T07:35:01+00:00\",\"description\":\"Turinys: Antazav\u0117s himnas \\\"Tau, Antazave\\\"; \u017diloji senov\u0117; Grafai Pliateriai; Antazav\u0117s dvaras 18 a. II pus\u0117je-19 a. prad\u017eioje; Antazav\u0117s dvaras 19\",\"breadcrumb\":{\"@id\":\"https:\/\/skaitytaknyga.lt\/produktas\/antazaves-krasto-istorija-apybraiza\/#breadcrumb\"},\"inLanguage\":\"en-GB\",\"potentialAction\":[{\"@type\":\"ReadAction\",\"target\":[\"https:\/\/skaitytaknyga.lt\/produktas\/antazaves-krasto-istorija-apybraiza\/\"]}]},{\"@type\":\"ImageObject\",\"inLanguage\":\"en-GB\",\"@id\":\"https:\/\/skaitytaknyga.lt\/produktas\/antazaves-krasto-istorija-apybraiza\/#primaryimage\",\"url\":\"https:\/\/skaitytaknyga.lt\/wp-content\/uploads\/2024\/11\/Antazaves-krasto-istorija.-Apybraiza-e1731396931661.jpg\",\"contentUrl\":\"https:\/\/skaitytaknyga.lt\/wp-content\/uploads\/2024\/11\/Antazaves-krasto-istorija.-Apybraiza-e1731396931661.jpg\",\"width\":384,\"height\":520},{\"@type\":\"BreadcrumbList\",\"@id\":\"https:\/\/skaitytaknyga.lt\/produktas\/antazaves-krasto-istorija-apybraiza\/#breadcrumb\",\"itemListElement\":[{\"@type\":\"ListItem\",\"position\":1,\"name\":\"Home\",\"item\":\"https:\/\/skaitytaknyga.lt\/\"},{\"@type\":\"ListItem\",\"position\":2,\"name\":\"Parduotuv\u0117\",\"item\":\"https:\/\/skaitytaknyga.lt\/knygu-parduotuve\/\"},{\"@type\":\"ListItem\",\"position\":3,\"name\":\"Antazav\u0117s kra\u0161to istorija. Apybrai\u017ea\"}]},{\"@type\":\"WebSite\",\"@id\":\"https:\/\/skaitytaknyga.lt\/#website\",\"url\":\"https:\/\/skaitytaknyga.lt\/\",\"name\":\"skaitytaknyga.lt\",\"description\":\"Skaitytaknyga.lt \u2013 tai ma\u017eas \u0161eimos verslas, kuris prasid\u0117jo nuo meil\u0117s knygoms ir siekio i\u0161gelb\u0117ti knygas nuo likimo prie konteinerio. Kas vienam nereikalingas daiktas \u2013 kitam lobis, o mes esame tarpininkai, kurie padeda abiems tapti laimingesniems ???? \u017dinome kaip nelengva i\u0161gyventi ma\u017eiems verslams, tad nuo \u0161iol, \u010dia rasite ir kit\u0173, ma\u017e\u0173 \u0161eim\u0173 versl\u0173, rank\u0173 darbo, dovan\u0173 sau ir artimiesiems.\",\"publisher\":{\"@id\":\"https:\/\/skaitytaknyga.lt\/#organization\"},\"potentialAction\":[{\"@type\":\"SearchAction\",\"target\":{\"@type\":\"EntryPoint\",\"urlTemplate\":\"https:\/\/skaitytaknyga.lt\/?s={search_term_string}\"},\"query-input\":{\"@type\":\"PropertyValueSpecification\",\"valueRequired\":true,\"valueName\":\"search_term_string\"}}],\"inLanguage\":\"en-GB\"},{\"@type\":\"Organization\",\"@id\":\"https:\/\/skaitytaknyga.lt\/#organization\",\"name\":\"skaitytaknyga.lt\",\"url\":\"https:\/\/skaitytaknyga.lt\/\",\"logo\":{\"@type\":\"ImageObject\",\"inLanguage\":\"en-GB\",\"@id\":\"https:\/\/skaitytaknyga.lt\/#\/schema\/logo\/image\/\",\"url\":\"https:\/\/skaitytaknyga.lt\/wp-content\/uploads\/2024\/05\/cropped-cropped-cropped-02_00843_jt3bggkj1j3HLc7SyY6rEUpg.jpeg\",\"contentUrl\":\"https:\/\/skaitytaknyga.lt\/wp-content\/uploads\/2024\/05\/cropped-cropped-cropped-02_00843_jt3bggkj1j3HLc7SyY6rEUpg.jpeg\",\"width\":1600,\"height\":1600,\"caption\":\"skaitytaknyga.lt\"},\"image\":{\"@id\":\"https:\/\/skaitytaknyga.lt\/#\/schema\/logo\/image\/\"},\"sameAs\":[\"https:\/\/www.facebook.com\/skaitytaknyga\/\"]}]}<\/script>\n<!-- \/ Yoast SEO plugin. -->","yoast_head_json":{"title":"Antazav\u0117s kra\u0161to istorija. Apybrai\u017ea","description":"Turinys: Antazav\u0117s himnas \"Tau, Antazave\"; \u017diloji senov\u0117; Grafai Pliateriai; Antazav\u0117s dvaras 18 a. II pus\u0117je-19 a. prad\u017eioje; Antazav\u0117s dvaras 19","robots":{"index":"index","follow":"follow","max-snippet":"max-snippet:-1","max-image-preview":"max-image-preview:large","max-video-preview":"max-video-preview:-1"},"canonical":"https:\/\/skaitytaknyga.lt\/en\/produktas\/antazaves-krasto-istorija-apybraiza\/","og_locale":"en_GB","og_type":"article","og_title":"[:lt]Antazav\u0117s kra\u0161to istorija. Apybrai\u017ea[:] - Skaitytaknyga","og_description":"Turinys: Antazav\u0117s himnas \"Tau, Antazave\"; \u017diloji senov\u0117; Grafai Pliateriai; Antazav\u0117s dvaras 18 a. II pus\u0117je-19 a. prad\u017eioje; Antazav\u0117s dvaras 19","og_url":"https:\/\/skaitytaknyga.lt\/en\/produktas\/antazaves-krasto-istorija-apybraiza\/","og_site_name":"Skaitytaknyga","article_publisher":"https:\/\/www.facebook.com\/skaitytaknyga\/","article_modified_time":"2026-01-28T07:35:01+00:00","og_image":[{"width":384,"height":520,"url":"https:\/\/skaitytaknyga.lt\/wp-content\/uploads\/2024\/11\/Antazaves-krasto-istorija.-Apybraiza-e1731396931661.jpg","type":"image\/jpeg"}],"twitter_card":"summary_large_image","twitter_misc":{"Estimated reading time":"1 minute"},"schema":{"@context":"https:\/\/schema.org","@graph":[{"@type":"WebPage","@id":"https:\/\/skaitytaknyga.lt\/produktas\/antazaves-krasto-istorija-apybraiza\/","url":"https:\/\/skaitytaknyga.lt\/produktas\/antazaves-krasto-istorija-apybraiza\/","name":"Antazav\u0117s kra\u0161to istorija. Apybrai\u017ea","isPartOf":{"@id":"https:\/\/skaitytaknyga.lt\/#website"},"primaryImageOfPage":{"@id":"https:\/\/skaitytaknyga.lt\/produktas\/antazaves-krasto-istorija-apybraiza\/#primaryimage"},"image":{"@id":"https:\/\/skaitytaknyga.lt\/produktas\/antazaves-krasto-istorija-apybraiza\/#primaryimage"},"thumbnailUrl":"https:\/\/skaitytaknyga.lt\/wp-content\/uploads\/2024\/11\/Antazaves-krasto-istorija.-Apybraiza-e1731396931661.jpg","datePublished":"2024-11-12T06:44:52+00:00","dateModified":"2026-01-28T07:35:01+00:00","description":"Turinys: Antazav\u0117s himnas \"Tau, Antazave\"; \u017diloji senov\u0117; Grafai Pliateriai; Antazav\u0117s dvaras 18 a. II pus\u0117je-19 a. prad\u017eioje; Antazav\u0117s dvaras 19","breadcrumb":{"@id":"https:\/\/skaitytaknyga.lt\/produktas\/antazaves-krasto-istorija-apybraiza\/#breadcrumb"},"inLanguage":"en-GB","potentialAction":[{"@type":"ReadAction","target":["https:\/\/skaitytaknyga.lt\/produktas\/antazaves-krasto-istorija-apybraiza\/"]}]},{"@type":"ImageObject","inLanguage":"en-GB","@id":"https:\/\/skaitytaknyga.lt\/produktas\/antazaves-krasto-istorija-apybraiza\/#primaryimage","url":"https:\/\/skaitytaknyga.lt\/wp-content\/uploads\/2024\/11\/Antazaves-krasto-istorija.-Apybraiza-e1731396931661.jpg","contentUrl":"https:\/\/skaitytaknyga.lt\/wp-content\/uploads\/2024\/11\/Antazaves-krasto-istorija.-Apybraiza-e1731396931661.jpg","width":384,"height":520},{"@type":"BreadcrumbList","@id":"https:\/\/skaitytaknyga.lt\/produktas\/antazaves-krasto-istorija-apybraiza\/#breadcrumb","itemListElement":[{"@type":"ListItem","position":1,"name":"Home","item":"https:\/\/skaitytaknyga.lt\/"},{"@type":"ListItem","position":2,"name":"Parduotuv\u0117","item":"https:\/\/skaitytaknyga.lt\/knygu-parduotuve\/"},{"@type":"ListItem","position":3,"name":"Antazav\u0117s kra\u0161to istorija. Apybrai\u017ea"}]},{"@type":"WebSite","@id":"https:\/\/skaitytaknyga.lt\/#website","url":"https:\/\/skaitytaknyga.lt\/","name":"skaitytaknyga.lt","description":"Skaitytaknyga.lt \u2013 tai ma\u017eas \u0161eimos verslas, kuris prasid\u0117jo nuo meil\u0117s knygoms ir siekio i\u0161gelb\u0117ti knygas nuo likimo prie konteinerio. Kas vienam nereikalingas daiktas \u2013 kitam lobis, o mes esame tarpininkai, kurie padeda abiems tapti laimingesniems ???? \u017dinome kaip nelengva i\u0161gyventi ma\u017eiems verslams, tad nuo \u0161iol, \u010dia rasite ir kit\u0173, ma\u017e\u0173 \u0161eim\u0173 versl\u0173, rank\u0173 darbo, dovan\u0173 sau ir artimiesiems.","publisher":{"@id":"https:\/\/skaitytaknyga.lt\/#organization"},"potentialAction":[{"@type":"SearchAction","target":{"@type":"EntryPoint","urlTemplate":"https:\/\/skaitytaknyga.lt\/?s={search_term_string}"},"query-input":{"@type":"PropertyValueSpecification","valueRequired":true,"valueName":"search_term_string"}}],"inLanguage":"en-GB"},{"@type":"Organization","@id":"https:\/\/skaitytaknyga.lt\/#organization","name":"skaitytaknyga.lt","url":"https:\/\/skaitytaknyga.lt\/","logo":{"@type":"ImageObject","inLanguage":"en-GB","@id":"https:\/\/skaitytaknyga.lt\/#\/schema\/logo\/image\/","url":"https:\/\/skaitytaknyga.lt\/wp-content\/uploads\/2024\/05\/cropped-cropped-cropped-02_00843_jt3bggkj1j3HLc7SyY6rEUpg.jpeg","contentUrl":"https:\/\/skaitytaknyga.lt\/wp-content\/uploads\/2024\/05\/cropped-cropped-cropped-02_00843_jt3bggkj1j3HLc7SyY6rEUpg.jpeg","width":1600,"height":1600,"caption":"skaitytaknyga.lt"},"image":{"@id":"https:\/\/skaitytaknyga.lt\/#\/schema\/logo\/image\/"},"sameAs":["https:\/\/www.facebook.com\/skaitytaknyga\/"]}]}},"_links":{"self":[{"href":"https:\/\/skaitytaknyga.lt\/en\/wp-json\/wp\/v2\/product\/14520","targetHints":{"allow":["GET"]}}],"collection":[{"href":"https:\/\/skaitytaknyga.lt\/en\/wp-json\/wp\/v2\/product"}],"about":[{"href":"https:\/\/skaitytaknyga.lt\/en\/wp-json\/wp\/v2\/types\/product"}],"replies":[{"embeddable":true,"href":"https:\/\/skaitytaknyga.lt\/en\/wp-json\/wp\/v2\/comments?post=14520"}],"wp:featuredmedia":[{"embeddable":true,"href":"https:\/\/skaitytaknyga.lt\/en\/wp-json\/wp\/v2\/media\/14542"}],"wp:attachment":[{"href":"https:\/\/skaitytaknyga.lt\/en\/wp-json\/wp\/v2\/media?parent=14520"}],"wp:term":[{"taxonomy":"product_brand","embeddable":true,"href":"https:\/\/skaitytaknyga.lt\/en\/wp-json\/wp\/v2\/product_brand?post=14520"},{"taxonomy":"product_cat","embeddable":true,"href":"https:\/\/skaitytaknyga.lt\/en\/wp-json\/wp\/v2\/product_cat?post=14520"},{"taxonomy":"product_tag","embeddable":true,"href":"https:\/\/skaitytaknyga.lt\/en\/wp-json\/wp\/v2\/product_tag?post=14520"}],"curies":[{"name":"wp","href":"https:\/\/api.w.org\/{rel}","templated":true}]}}