{"id":14519,"date":"2024-11-12T08:44:52","date_gmt":"2024-11-12T06:44:52","guid":{"rendered":"https:\/\/skaitytaknyga.lt\/?post_type=product&#038;p=14519"},"modified":"2025-06-26T15:36:59","modified_gmt":"2025-06-26T12:36:59","slug":"variacijos-vieno-profesoriaus-tema-eugenijus-ignatonis","status":"publish","type":"product","link":"https:\/\/skaitytaknyga.lt\/en\/produktas\/variacijos-vieno-profesoriaus-tema-eugenijus-ignatonis\/","title":{"rendered":"Variacijos vieno profesoriaus tema: Eugenijus Ignatonis"},"content":{"rendered":"<p>\u201eTai tikras aristokratas ir d\u017eentelmenas, i\u0161 kurio ki\u0161en\u0117s neky\u0161o nei \u017eagr\u0117s kra\u0161tas, nei partiniai bilietai, ir kuris tiesiog savo kasdienybe, bendravimu su \u017emon\u0117mis, pla\u010diu akira\u010diu, \u0161vie\u017eiu m\u0105stymu, \u0161maik\u0161tumu, pagarba moteriai, meile menui \u012frodo es\u0105s toks, koki\u0173 dabar, deja, retai besutiksime&#8221; \u2013 tai citata i\u0161 vieno tekst\u0173, publikuojam\u0173 leidinyje, skirtame pianistui, menotyros moksl\u0173 daktarui, Lietuvos muzikos ir teatro akademijos profesoriui,Eugenijui Ignatoniui (1935\u20132013).<\/p>\n<p>Knyg\u0105 pradeda R. Kry\u017eauskien\u0117s mokslo studija, aptarianti E. Ignatonio asmenyb\u0117s ir veiklos bruo\u017eus, jo ind\u0117l\u012f \u012f Lietuvos kult\u016brin\u012f, ypa\u010d profesin\u012f muzikin\u012f gyvenim\u0105. Toliau pateikiami periodikoje publikuoti straipsniai apie profesori\u0173 E. Ignaton\u012f bei su juo parengti ir spausdinti interviu. Galiausiai skaitytojas rinkinyje ras \u0161iltus s\u016bnaus, kit\u0173 artim\u0173j\u0173, bendradarbi\u0173 atsiminimus.<\/p>\n<p>Knyga skirta Eugenijaus Ignatonio 80-me\u010diui pamin\u0117ti.<\/p>\n<ul class=\"about-product d-none d-xl-block mt-4\">\n<li><strong>Leid\u0117jas:<\/strong>\u00a0Lietuvos muzikos ir teatro akademija<\/li>\n<li><strong>Metai:<\/strong>\u00a02015<\/li>\n<li><strong>Puslapiai:<\/strong>\u00a0200<\/li>\n<li class=\"toggleable type-new-formats \"><strong>ISBN:<\/strong>\u00a09786098071252<\/li>\n<li class=\"toggleable type-new-formats \"><strong>Formatas:<\/strong>\u00a015,5 x 23,5 x 1 cm, mink\u0161ti vir\u0161eliai<\/li>\n<\/ul>\n","protected":false},"excerpt":{"rendered":"<p>\u201eTai tikras aristokratas ir d\u017eentelmenas, i\u0161 kurio ki\u0161en\u0117s neky\u0161o nei \u017eagr\u0117s kra\u0161tas, nei partiniai bilietai, ir kuris tiesiog savo kasdienybe, bendravimu su \u017emon\u0117mis, pla\u010diu akira\u010diu, \u0161vie\u017eiu m\u0105stymu, \u0161maik\u0161tumu, pagarba moteriai, meile menui \u012frodo es\u0105s toks, koki\u0173 dabar, deja, retai besutiksime&#8221; \u2013 tai citata i\u0161 vieno tekst\u0173, publikuojam\u0173 leidinyje, skirtame pianistui, menotyros moksl\u0173 daktarui, Lietuvos muzikos ir teatro akademijos profesoriui,Eugenijui Ignatoniui (1935\u20132013). Knyg\u0105 pradeda R. Kry\u017eauskien\u0117s mokslo studija, aptarianti E. Ignatonio asmenyb\u0117s ir veiklos bruo\u017eus, jo ind\u0117l\u012f \u012f Lietuvos kult\u016brin\u012f, ypa\u010d profesin\u012f muzikin\u012f gyvenim\u0105. Toliau pateikiami periodikoje publikuoti straipsniai apie profesori\u0173 E. Ignaton\u012f bei su juo parengti ir spausdinti interviu. Galiausiai skaitytojas rinkinyje ras \u0161iltus s\u016bnaus, kit\u0173 artim\u0173j\u0173, bendradarbi\u0173 atsiminimus. Knyga skirta Eugenijaus Ignatonio 80-me\u010diui pamin\u0117ti. Leid\u0117jas:\u00a0Lietuvos muzikos ir teatro akademija Metai:\u00a02015 Puslapiai:\u00a0200 ISBN:\u00a09786098071252 Formatas:\u00a015,5 x 23,5 x 1 cm, mink\u0161ti vir\u0161eliai<\/p>\n","protected":false},"featured_media":14543,"comment_status":"open","ping_status":"closed","template":"","meta":{"_acf_changed":false,"site-sidebar-layout":"default","site-content-layout":"","ast-site-content-layout":"default","site-content-style":"default","site-sidebar-style":"default","ast-global-header-display":"","ast-banner-title-visibility":"","ast-main-header-display":"","ast-hfb-above-header-display":"","ast-hfb-below-header-display":"","ast-hfb-mobile-header-display":"","site-post-title":"","ast-breadcrumbs-content":"","ast-featured-img":"","footer-sml-layout":"","ast-disable-related-posts":"","theme-transparent-header-meta":"default","adv-header-id-meta":"","stick-header-meta":"","header-above-stick-meta":"","header-main-stick-meta":"","header-below-stick-meta":"","astra-migrate-meta-layouts":"set","ast-page-background-enabled":"default","ast-page-background-meta":{"desktop":{"background-color":"","background-image":"","background-repeat":"repeat","background-position":"center center","background-size":"auto","background-attachment":"scroll","background-type":"","background-media":"","overlay-type":"","overlay-color":"","overlay-opacity":"","overlay-gradient":""},"tablet":{"background-color":"","background-image":"","background-repeat":"repeat","background-position":"center center","background-size":"auto","background-attachment":"scroll","background-type":"","background-media":"","overlay-type":"","overlay-color":"","overlay-opacity":"","overlay-gradient":""},"mobile":{"background-color":"","background-image":"","background-repeat":"repeat","background-position":"center center","background-size":"auto","background-attachment":"scroll","background-type":"","background-media":"","overlay-type":"","overlay-color":"","overlay-opacity":"","overlay-gradient":""}},"ast-content-background-meta":{"desktop":{"background-color":"var(--ast-global-color-4)","background-image":"","background-repeat":"repeat","background-position":"center center","background-size":"auto","background-attachment":"scroll","background-type":"","background-media":"","overlay-type":"","overlay-color":"","overlay-opacity":"","overlay-gradient":""},"tablet":{"background-color":"var(--ast-global-color-4)","background-image":"","background-repeat":"repeat","background-position":"center center","background-size":"auto","background-attachment":"scroll","background-type":"","background-media":"","overlay-type":"","overlay-color":"","overlay-opacity":"","overlay-gradient":""},"mobile":{"background-color":"var(--ast-global-color-4)","background-image":"","background-repeat":"repeat","background-position":"center center","background-size":"auto","background-attachment":"scroll","background-type":"","background-media":"","overlay-type":"","overlay-color":"","overlay-opacity":"","overlay-gradient":""}}},"product_brand":[],"product_cat":[33,57,15],"product_tag":[5820,2376,3052,2898,4665],"class_list":{"0":"post-14519","1":"product","2":"type-product","3":"status-publish","4":"has-post-thumbnail","6":"product_cat-biografijos","7":"product_cat-menas-ir-albumai","8":"product_cat-uncategorized","9":"product_tag-eugenijus-ignatonis","10":"product_tag-kultura","11":"product_tag-menas","12":"product_tag-muzika","13":"product_tag-profesorius","14":"desktop-align-left","15":"tablet-align-left","16":"mobile-align-left","18":"first","19":"instock","20":"shipping-taxable","21":"purchasable","22":"product-type-simple"},"acf":[],"yoast_head":"<!-- This site is optimized with the Yoast SEO plugin v27.4 - https:\/\/yoast.com\/product\/yoast-seo-wordpress\/ -->\n<title>Variacijos vieno profesoriaus tema: Eugenijus Ignatonis<\/title>\n<meta name=\"description\" content=\"\u201eTai tikras aristokratas ir d\u017eentelmenas, i\u0161 kurio ki\u0161en\u0117s neky\u0161o nei \u017eagr\u0117s kra\u0161tas, nei partiniai bilietai, ir kuris tiesiog savo kasdienybe, bendravimu\" \/>\n<meta name=\"robots\" content=\"index, follow, max-snippet:-1, max-image-preview:large, max-video-preview:-1\" \/>\n<link rel=\"canonical\" href=\"https:\/\/skaitytaknyga.lt\/en\/produktas\/variacijos-vieno-profesoriaus-tema-eugenijus-ignatonis\/\" \/>\n<meta property=\"og:locale\" content=\"en_GB\" \/>\n<meta property=\"og:locale:alternate\" content=\"lt_LT\" \/>\n<meta property=\"og:type\" content=\"article\" \/>\n<meta property=\"og:title\" content=\"Variacijos vieno profesoriaus tema: Eugenijus Ignatonis\" \/>\n<meta property=\"og:description\" content=\"\u201eTai tikras aristokratas ir d\u017eentelmenas, i\u0161 kurio ki\u0161en\u0117s neky\u0161o nei \u017eagr\u0117s kra\u0161tas, nei partiniai bilietai, ir kuris tiesiog savo kasdienybe, bendravimu\" \/>\n<meta property=\"og:url\" content=\"https:\/\/skaitytaknyga.lt\/en\/produktas\/variacijos-vieno-profesoriaus-tema-eugenijus-ignatonis\/\" \/>\n<meta property=\"og:site_name\" content=\"Skaitytaknyga\" \/>\n<meta property=\"article:publisher\" content=\"https:\/\/www.facebook.com\/skaitytaknyga\/\" \/>\n<meta property=\"article:modified_time\" content=\"2025-06-26T12:36:59+00:00\" \/>\n<meta property=\"og:image\" content=\"https:\/\/skaitytaknyga.lt\/wp-content\/uploads\/2024\/11\/Variacijos-vieno-profesoriaus-tema-Eugenijus-Ignatonis.webp\" \/>\n\t<meta property=\"og:image:width\" content=\"527\" \/>\n\t<meta property=\"og:image:height\" content=\"800\" \/>\n\t<meta property=\"og:image:type\" content=\"image\/webp\" \/>\n<meta name=\"twitter:card\" content=\"summary_large_image\" \/>\n<meta name=\"twitter:label1\" content=\"Estimated reading time\" \/>\n\t<meta name=\"twitter:data1\" content=\"1 minute\" \/>\n<script type=\"application\/ld+json\" class=\"yoast-schema-graph\">{\"@context\":\"https:\\\/\\\/schema.org\",\"@graph\":[{\"@type\":\"WebPage\",\"@id\":\"https:\\\/\\\/skaitytaknyga.lt\\\/produktas\\\/variacijos-vieno-profesoriaus-tema-eugenijus-ignatonis\\\/\",\"url\":\"https:\\\/\\\/skaitytaknyga.lt\\\/produktas\\\/variacijos-vieno-profesoriaus-tema-eugenijus-ignatonis\\\/\",\"name\":\"Variacijos vieno profesoriaus tema: Eugenijus Ignatonis\",\"isPartOf\":{\"@id\":\"https:\\\/\\\/skaitytaknyga.lt\\\/#website\"},\"primaryImageOfPage\":{\"@id\":\"https:\\\/\\\/skaitytaknyga.lt\\\/produktas\\\/variacijos-vieno-profesoriaus-tema-eugenijus-ignatonis\\\/#primaryimage\"},\"image\":{\"@id\":\"https:\\\/\\\/skaitytaknyga.lt\\\/produktas\\\/variacijos-vieno-profesoriaus-tema-eugenijus-ignatonis\\\/#primaryimage\"},\"thumbnailUrl\":\"https:\\\/\\\/skaitytaknyga.lt\\\/wp-content\\\/uploads\\\/2024\\\/11\\\/Variacijos-vieno-profesoriaus-tema-Eugenijus-Ignatonis.webp\",\"datePublished\":\"2024-11-12T06:44:52+00:00\",\"dateModified\":\"2025-06-26T12:36:59+00:00\",\"description\":\"\u201eTai tikras aristokratas ir d\u017eentelmenas, i\u0161 kurio ki\u0161en\u0117s neky\u0161o nei \u017eagr\u0117s kra\u0161tas, nei partiniai bilietai, ir kuris tiesiog savo kasdienybe, bendravimu\",\"breadcrumb\":{\"@id\":\"https:\\\/\\\/skaitytaknyga.lt\\\/produktas\\\/variacijos-vieno-profesoriaus-tema-eugenijus-ignatonis\\\/#breadcrumb\"},\"inLanguage\":\"en-GB\",\"potentialAction\":[{\"@type\":\"ReadAction\",\"target\":[\"https:\\\/\\\/skaitytaknyga.lt\\\/produktas\\\/variacijos-vieno-profesoriaus-tema-eugenijus-ignatonis\\\/\"]}]},{\"@type\":\"ImageObject\",\"inLanguage\":\"en-GB\",\"@id\":\"https:\\\/\\\/skaitytaknyga.lt\\\/produktas\\\/variacijos-vieno-profesoriaus-tema-eugenijus-ignatonis\\\/#primaryimage\",\"url\":\"https:\\\/\\\/skaitytaknyga.lt\\\/wp-content\\\/uploads\\\/2024\\\/11\\\/Variacijos-vieno-profesoriaus-tema-Eugenijus-Ignatonis.webp\",\"contentUrl\":\"https:\\\/\\\/skaitytaknyga.lt\\\/wp-content\\\/uploads\\\/2024\\\/11\\\/Variacijos-vieno-profesoriaus-tema-Eugenijus-Ignatonis.webp\",\"width\":527,\"height\":800,\"caption\":\"Variacijos vieno profesoriaus tema: Eugenijus Ignatonis\"},{\"@type\":\"BreadcrumbList\",\"@id\":\"https:\\\/\\\/skaitytaknyga.lt\\\/produktas\\\/variacijos-vieno-profesoriaus-tema-eugenijus-ignatonis\\\/#breadcrumb\",\"itemListElement\":[{\"@type\":\"ListItem\",\"position\":1,\"name\":\"Home\",\"item\":\"https:\\\/\\\/skaitytaknyga.lt\\\/\"},{\"@type\":\"ListItem\",\"position\":2,\"name\":\"Parduotuv\u0117\",\"item\":\"https:\\\/\\\/skaitytaknyga.lt\\\/knygu-parduotuve\\\/\"},{\"@type\":\"ListItem\",\"position\":3,\"name\":\"Variacijos vieno profesoriaus tema: Eugenijus Ignatonis\"}]},{\"@type\":\"WebSite\",\"@id\":\"https:\\\/\\\/skaitytaknyga.lt\\\/#website\",\"url\":\"https:\\\/\\\/skaitytaknyga.lt\\\/\",\"name\":\"skaitytaknyga.lt\",\"description\":\"Skaitytaknyga.lt \u2013 tai ma\u017eas \u0161eimos verslas, kuris prasid\u0117jo nuo meil\u0117s knygoms ir siekio i\u0161gelb\u0117ti knygas nuo likimo prie konteinerio. Kas vienam nereikalingas daiktas \u2013 kitam lobis, o mes esame tarpininkai, kurie padeda abiems tapti laimingesniems ???? \u017dinome kaip nelengva i\u0161gyventi ma\u017eiems verslams, tad nuo \u0161iol, \u010dia rasite ir kit\u0173, ma\u017e\u0173 \u0161eim\u0173 versl\u0173, rank\u0173 darbo, dovan\u0173 sau ir artimiesiems.\",\"publisher\":{\"@id\":\"https:\\\/\\\/skaitytaknyga.lt\\\/#organization\"},\"potentialAction\":[{\"@type\":\"SearchAction\",\"target\":{\"@type\":\"EntryPoint\",\"urlTemplate\":\"https:\\\/\\\/skaitytaknyga.lt\\\/?s={search_term_string}\"},\"query-input\":{\"@type\":\"PropertyValueSpecification\",\"valueRequired\":true,\"valueName\":\"search_term_string\"}}],\"inLanguage\":\"en-GB\"},{\"@type\":\"Organization\",\"@id\":\"https:\\\/\\\/skaitytaknyga.lt\\\/#organization\",\"name\":\"skaitytaknyga.lt\",\"url\":\"https:\\\/\\\/skaitytaknyga.lt\\\/\",\"logo\":{\"@type\":\"ImageObject\",\"inLanguage\":\"en-GB\",\"@id\":\"https:\\\/\\\/skaitytaknyga.lt\\\/#\\\/schema\\\/logo\\\/image\\\/\",\"url\":\"https:\\\/\\\/skaitytaknyga.lt\\\/wp-content\\\/uploads\\\/2024\\\/05\\\/cropped-cropped-cropped-02_00843_jt3bggkj1j3HLc7SyY6rEUpg.jpeg\",\"contentUrl\":\"https:\\\/\\\/skaitytaknyga.lt\\\/wp-content\\\/uploads\\\/2024\\\/05\\\/cropped-cropped-cropped-02_00843_jt3bggkj1j3HLc7SyY6rEUpg.jpeg\",\"width\":1600,\"height\":1600,\"caption\":\"skaitytaknyga.lt\"},\"image\":{\"@id\":\"https:\\\/\\\/skaitytaknyga.lt\\\/#\\\/schema\\\/logo\\\/image\\\/\"},\"sameAs\":[\"https:\\\/\\\/www.facebook.com\\\/skaitytaknyga\\\/\"]}]}<\/script>\n<!-- \/ Yoast SEO plugin. -->","yoast_head_json":{"title":"Variacijos vieno profesoriaus tema: Eugenijus Ignatonis","description":"\u201eTai tikras aristokratas ir d\u017eentelmenas, i\u0161 kurio ki\u0161en\u0117s neky\u0161o nei \u017eagr\u0117s kra\u0161tas, nei partiniai bilietai, ir kuris tiesiog savo kasdienybe, bendravimu","robots":{"index":"index","follow":"follow","max-snippet":"max-snippet:-1","max-image-preview":"max-image-preview:large","max-video-preview":"max-video-preview:-1"},"canonical":"https:\/\/skaitytaknyga.lt\/en\/produktas\/variacijos-vieno-profesoriaus-tema-eugenijus-ignatonis\/","og_locale":"en_GB","og_type":"article","og_title":"[:lt]Variacijos vieno profesoriaus tema: Eugenijus Ignatonis[:] - Skaitytaknyga","og_description":"\u201eTai tikras aristokratas ir d\u017eentelmenas, i\u0161 kurio ki\u0161en\u0117s neky\u0161o nei \u017eagr\u0117s kra\u0161tas, nei partiniai bilietai, ir kuris tiesiog savo kasdienybe, bendravimu","og_url":"https:\/\/skaitytaknyga.lt\/en\/produktas\/variacijos-vieno-profesoriaus-tema-eugenijus-ignatonis\/","og_site_name":"Skaitytaknyga","article_publisher":"https:\/\/www.facebook.com\/skaitytaknyga\/","article_modified_time":"2025-06-26T12:36:59+00:00","og_image":[{"width":527,"height":800,"url":"https:\/\/skaitytaknyga.lt\/wp-content\/uploads\/2024\/11\/Variacijos-vieno-profesoriaus-tema-Eugenijus-Ignatonis.webp","type":"image\/webp"}],"twitter_card":"summary_large_image","twitter_misc":{"Estimated reading time":"1 minute"},"schema":{"@context":"https:\/\/schema.org","@graph":[{"@type":"WebPage","@id":"https:\/\/skaitytaknyga.lt\/produktas\/variacijos-vieno-profesoriaus-tema-eugenijus-ignatonis\/","url":"https:\/\/skaitytaknyga.lt\/produktas\/variacijos-vieno-profesoriaus-tema-eugenijus-ignatonis\/","name":"Variacijos vieno profesoriaus tema: Eugenijus Ignatonis","isPartOf":{"@id":"https:\/\/skaitytaknyga.lt\/#website"},"primaryImageOfPage":{"@id":"https:\/\/skaitytaknyga.lt\/produktas\/variacijos-vieno-profesoriaus-tema-eugenijus-ignatonis\/#primaryimage"},"image":{"@id":"https:\/\/skaitytaknyga.lt\/produktas\/variacijos-vieno-profesoriaus-tema-eugenijus-ignatonis\/#primaryimage"},"thumbnailUrl":"https:\/\/skaitytaknyga.lt\/wp-content\/uploads\/2024\/11\/Variacijos-vieno-profesoriaus-tema-Eugenijus-Ignatonis.webp","datePublished":"2024-11-12T06:44:52+00:00","dateModified":"2025-06-26T12:36:59+00:00","description":"\u201eTai tikras aristokratas ir d\u017eentelmenas, i\u0161 kurio ki\u0161en\u0117s neky\u0161o nei \u017eagr\u0117s kra\u0161tas, nei partiniai bilietai, ir kuris tiesiog savo kasdienybe, bendravimu","breadcrumb":{"@id":"https:\/\/skaitytaknyga.lt\/produktas\/variacijos-vieno-profesoriaus-tema-eugenijus-ignatonis\/#breadcrumb"},"inLanguage":"en-GB","potentialAction":[{"@type":"ReadAction","target":["https:\/\/skaitytaknyga.lt\/produktas\/variacijos-vieno-profesoriaus-tema-eugenijus-ignatonis\/"]}]},{"@type":"ImageObject","inLanguage":"en-GB","@id":"https:\/\/skaitytaknyga.lt\/produktas\/variacijos-vieno-profesoriaus-tema-eugenijus-ignatonis\/#primaryimage","url":"https:\/\/skaitytaknyga.lt\/wp-content\/uploads\/2024\/11\/Variacijos-vieno-profesoriaus-tema-Eugenijus-Ignatonis.webp","contentUrl":"https:\/\/skaitytaknyga.lt\/wp-content\/uploads\/2024\/11\/Variacijos-vieno-profesoriaus-tema-Eugenijus-Ignatonis.webp","width":527,"height":800,"caption":"Variacijos vieno profesoriaus tema: Eugenijus Ignatonis"},{"@type":"BreadcrumbList","@id":"https:\/\/skaitytaknyga.lt\/produktas\/variacijos-vieno-profesoriaus-tema-eugenijus-ignatonis\/#breadcrumb","itemListElement":[{"@type":"ListItem","position":1,"name":"Home","item":"https:\/\/skaitytaknyga.lt\/"},{"@type":"ListItem","position":2,"name":"Parduotuv\u0117","item":"https:\/\/skaitytaknyga.lt\/knygu-parduotuve\/"},{"@type":"ListItem","position":3,"name":"Variacijos vieno profesoriaus tema: Eugenijus Ignatonis"}]},{"@type":"WebSite","@id":"https:\/\/skaitytaknyga.lt\/#website","url":"https:\/\/skaitytaknyga.lt\/","name":"skaitytaknyga.lt","description":"Skaitytaknyga.lt \u2013 tai ma\u017eas \u0161eimos verslas, kuris prasid\u0117jo nuo meil\u0117s knygoms ir siekio i\u0161gelb\u0117ti knygas nuo likimo prie konteinerio. Kas vienam nereikalingas daiktas \u2013 kitam lobis, o mes esame tarpininkai, kurie padeda abiems tapti laimingesniems ???? \u017dinome kaip nelengva i\u0161gyventi ma\u017eiems verslams, tad nuo \u0161iol, \u010dia rasite ir kit\u0173, ma\u017e\u0173 \u0161eim\u0173 versl\u0173, rank\u0173 darbo, dovan\u0173 sau ir artimiesiems.","publisher":{"@id":"https:\/\/skaitytaknyga.lt\/#organization"},"potentialAction":[{"@type":"SearchAction","target":{"@type":"EntryPoint","urlTemplate":"https:\/\/skaitytaknyga.lt\/?s={search_term_string}"},"query-input":{"@type":"PropertyValueSpecification","valueRequired":true,"valueName":"search_term_string"}}],"inLanguage":"en-GB"},{"@type":"Organization","@id":"https:\/\/skaitytaknyga.lt\/#organization","name":"skaitytaknyga.lt","url":"https:\/\/skaitytaknyga.lt\/","logo":{"@type":"ImageObject","inLanguage":"en-GB","@id":"https:\/\/skaitytaknyga.lt\/#\/schema\/logo\/image\/","url":"https:\/\/skaitytaknyga.lt\/wp-content\/uploads\/2024\/05\/cropped-cropped-cropped-02_00843_jt3bggkj1j3HLc7SyY6rEUpg.jpeg","contentUrl":"https:\/\/skaitytaknyga.lt\/wp-content\/uploads\/2024\/05\/cropped-cropped-cropped-02_00843_jt3bggkj1j3HLc7SyY6rEUpg.jpeg","width":1600,"height":1600,"caption":"skaitytaknyga.lt"},"image":{"@id":"https:\/\/skaitytaknyga.lt\/#\/schema\/logo\/image\/"},"sameAs":["https:\/\/www.facebook.com\/skaitytaknyga\/"]}]}},"_links":{"self":[{"href":"https:\/\/skaitytaknyga.lt\/en\/wp-json\/wp\/v2\/product\/14519","targetHints":{"allow":["GET"]}}],"collection":[{"href":"https:\/\/skaitytaknyga.lt\/en\/wp-json\/wp\/v2\/product"}],"about":[{"href":"https:\/\/skaitytaknyga.lt\/en\/wp-json\/wp\/v2\/types\/product"}],"replies":[{"embeddable":true,"href":"https:\/\/skaitytaknyga.lt\/en\/wp-json\/wp\/v2\/comments?post=14519"}],"wp:featuredmedia":[{"embeddable":true,"href":"https:\/\/skaitytaknyga.lt\/en\/wp-json\/wp\/v2\/media\/14543"}],"wp:attachment":[{"href":"https:\/\/skaitytaknyga.lt\/en\/wp-json\/wp\/v2\/media?parent=14519"}],"wp:term":[{"taxonomy":"product_brand","embeddable":true,"href":"https:\/\/skaitytaknyga.lt\/en\/wp-json\/wp\/v2\/product_brand?post=14519"},{"taxonomy":"product_cat","embeddable":true,"href":"https:\/\/skaitytaknyga.lt\/en\/wp-json\/wp\/v2\/product_cat?post=14519"},{"taxonomy":"product_tag","embeddable":true,"href":"https:\/\/skaitytaknyga.lt\/en\/wp-json\/wp\/v2\/product_tag?post=14519"}],"curies":[{"name":"wp","href":"https:\/\/api.w.org\/{rel}","templated":true}]}}