{"id":14517,"date":"2024-11-12T08:44:51","date_gmt":"2024-11-12T06:44:51","guid":{"rendered":"https:\/\/skaitytaknyga.lt\/?post_type=product&#038;p=14517"},"modified":"2026-03-18T11:59:16","modified_gmt":"2026-03-18T09:59:16","slug":"david-mitchell-priziuretojas","status":"publish","type":"product","link":"https:\/\/skaitytaknyga.lt\/en\/produktas\/david-mitchell-priziuretojas\/","title":{"rendered":"David Mitchell \u201ePri\u017ei\u016br\u0117tojas&#8221;"},"content":{"rendered":"<p>\u201ePri\u017ei\u016br\u0117tojas&#8221; \u2013 tai debiutinis vieno \u017eymiausi\u0173 Jungtin\u0117s Karalyst\u0117s autori\u0173 k\u016brinys, sudarytas i\u0161 devyni\u0173, rodos, tarpusavyje nesusijusi\u0173 istorij\u0173. Devyni skirtingi persona\u017eai, devynios \u0161alys, devyni likimai, kuriuos meistri\u0161ka ra\u0161ytojo plunksna trapiomis gijomis subtiliai sujungia \u012f \u012fsp\u016bding\u0105 lemting\u0173 egzistencini\u0173 nuojaut\u0173 kupin\u0105 paveiksl\u0105.<\/p>\n<p>Fanati\u0161kas apokaliptin\u0117s sektos narys, besislapstantis Okinavoje po s\u0117kmingai \u012fvykdyto teroro i\u0161puolio Tokijo metro.<br \/>\nVieni\u0161as paauglys d\u017eiazo gerb\u0117jas, dirbantis muzikos \u012fra\u0161\u0173 parduotuv\u0117je Tokijo senamiestyje.<br \/>\nKorumpuotas, \u017emonos d\u0117l nevaisingumo paliktas brit\u0173 teisininkas, kurio bute vaidenasi, Honkonge.<br \/>\nSenyva arbatos u\u017eeig\u0117l\u0117s greta \u0161ventojo kalno Kinijoje savinink\u0117, bendraujanti su med\u017eiu ir gaunanti i\u0161 jo patarim\u0173.<br \/>\nSav\u0119s ie\u0161kanti bek\u016bn\u0117 dvasia Mongolijoje, aps\u0117danti vien\u0105 k\u016bn\u0105 po kito.<br \/>\nErmita\u017eo galerijos pri\u017ei\u016br\u0117toja Rusijoje, slapta planuojanti paveikslo apipl\u0117\u0161im\u0105 ir svajojanti apie pab\u0117gim\u0105 drauge su savo vaikinu \u012f \u0160veicarij\u0105.<br \/>\nGal\u0105 su galu vos suduriantis, asmenini\u0173 santyki\u0173 kriz\u0119 i\u0161gyvenantis muzikantas ir samdomas ra\u0161ytojas Londone.<br \/>\nGeniali fizik\u0117 Airijoje, d\u0117l Amerikos karin\u0117je pramon\u0117je panaudot\u0173 savo atradim\u0173 patekusi \u012f pavoj\u0173.<br \/>\nGarsiakalbis v\u0117lyvos radijo laidos ved\u0117jas Niujorke, nes\u0105moningai susiduriantis su pasauline kiberkatastrofa.<\/p>\n<p>Kas sieja \u0161iuos i\u0161 pa\u017ei\u016bros nesusijusius ir po vis\u0105 pasaul\u012f i\u0161bla\u0161kytus persona\u017eus? U\u017euominos, nuojautos, pasikartojantys simboliai ir metaforos detal\u0117 po detal\u0117s susijungia \u012f \u012fsp\u016bdingai \u012ftaig\u0173 berib\u0117s vaizduot\u0117s sukurt\u0105 paveiksl\u0105, keliant\u012f pagrindin\u012f klausim\u0105 \u2013 ar i\u0161 ties\u0173 esame savo likimo \u0161eimininkai? O gal esame tik \u017ev\u0117ryno gyventojai, stebimi ir valdomi Pri\u017ei\u016br\u0117tojo? O kieno valiai pakl\u016bsta pats Pri\u017ei\u016br\u0117tojas?<\/p>\n<p>Tarp ry\u0161ki\u0173 persona\u017e\u0173 ir miglot\u0173 nutyl\u0117jim\u0173, tarp beprasmyb\u0117s jausmo ir lemting\u0173 atsitiktinum\u0173 virtin\u0117s visu gro\u017eiu atsiskleid\u017eia daugiasluoksnis literat\u016bros \u0161edevras, kurio tiesiog negalima praleisti nei vienam d\u0117mes\u012f prikaustan\u010dios literat\u016bros gerb\u0117jui.<\/p>\n<ul class=\"about-product d-none d-xl-block mt-4\">\n<li><strong>Originalus pavadinimas:<\/strong>\u00a0GHOSTWRITTEN<\/li>\n<li><strong>Autorius:<\/strong>\u00a0David Mitchell<\/li>\n<li><strong>Leid\u0117jas:<\/strong>\u00a0Tyto alba<\/li>\n<li><strong>Metai:<\/strong>\u00a02019<\/li>\n<li><strong>Puslapiai:<\/strong>\u00a0472<\/li>\n<li class=\"toggleable type-new-formats \"><strong>ISBN:<\/strong>\u00a09786094663727<\/li>\n<li><strong>Versijos kodas:<\/strong>\u00a0PT.<\/li>\n<li class=\"toggleable type-new-formats \"><strong>Formatas:<\/strong>\u00a014,7 x 22,1 x 4 cm, kieti vir\u0161eliai<\/li>\n<li><strong>Kalba:<\/strong>\u00a0Lietuvi\u0173<\/li>\n<li><strong>Vert\u0117jas:<\/strong>\u00a0Danguol\u0117 \u017dalyt\u0117-Steiblien\u0117<\/li>\n<\/ul>\n","protected":false},"excerpt":{"rendered":"<p>\u201ePri\u017ei\u016br\u0117tojas&#8221; \u2013 tai debiutinis vieno \u017eymiausi\u0173 Jungtin\u0117s Karalyst\u0117s autori\u0173 k\u016brinys, sudarytas i\u0161 devyni\u0173, rodos, tarpusavyje nesusijusi\u0173 istorij\u0173. Devyni skirtingi persona\u017eai, devynios \u0161alys, devyni likimai, kuriuos meistri\u0161ka ra\u0161ytojo plunksna trapiomis gijomis subtiliai sujungia \u012f \u012fsp\u016bding\u0105 lemting\u0173 egzistencini\u0173 nuojaut\u0173 kupin\u0105 paveiksl\u0105. Fanati\u0161kas apokaliptin\u0117s sektos narys, besislapstantis Okinavoje po s\u0117kmingai \u012fvykdyto teroro i\u0161puolio Tokijo metro. Vieni\u0161as paauglys d\u017eiazo gerb\u0117jas, dirbantis muzikos \u012fra\u0161\u0173 parduotuv\u0117je Tokijo senamiestyje. Korumpuotas, \u017emonos d\u0117l nevaisingumo paliktas brit\u0173 teisininkas, kurio bute vaidenasi, Honkonge. Senyva arbatos u\u017eeig\u0117l\u0117s greta \u0161ventojo kalno Kinijoje savinink\u0117, bendraujanti su med\u017eiu ir gaunanti i\u0161 jo patarim\u0173. Sav\u0119s ie\u0161kanti bek\u016bn\u0117 dvasia Mongolijoje, aps\u0117danti vien\u0105 k\u016bn\u0105 po kito. Ermita\u017eo galerijos pri\u017ei\u016br\u0117toja Rusijoje, slapta planuojanti paveikslo apipl\u0117\u0161im\u0105 ir svajojanti apie pab\u0117gim\u0105 drauge su savo vaikinu \u012f \u0160veicarij\u0105. Gal\u0105 su galu vos suduriantis, asmenini\u0173 santyki\u0173 kriz\u0119 i\u0161gyvenantis muzikantas ir samdomas ra\u0161ytojas Londone. Geniali fizik\u0117 Airijoje, d\u0117l Amerikos karin\u0117je pramon\u0117je panaudot\u0173 savo atradim\u0173 patekusi \u012f pavoj\u0173. Garsiakalbis v\u0117lyvos radijo laidos ved\u0117jas Niujorke, nes\u0105moningai susiduriantis su pasauline kiberkatastrofa. Kas sieja \u0161iuos i\u0161 pa\u017ei\u016bros nesusijusius ir po vis\u0105 pasaul\u012f i\u0161bla\u0161kytus persona\u017eus? U\u017euominos, nuojautos, pasikartojantys simboliai ir metaforos detal\u0117 po detal\u0117s susijungia \u012f \u012fsp\u016bdingai \u012ftaig\u0173 berib\u0117s vaizduot\u0117s sukurt\u0105 paveiksl\u0105, keliant\u012f pagrindin\u012f klausim\u0105 \u2013 ar i\u0161 ties\u0173 esame savo likimo \u0161eimininkai? O gal esame tik \u017ev\u0117ryno gyventojai, stebimi ir valdomi Pri\u017ei\u016br\u0117tojo? O kieno valiai pakl\u016bsta pats Pri\u017ei\u016br\u0117tojas? Tarp ry\u0161ki\u0173 persona\u017e\u0173 ir miglot\u0173 nutyl\u0117jim\u0173, tarp beprasmyb\u0117s jausmo ir lemting\u0173 atsitiktinum\u0173 virtin\u0117s visu gro\u017eiu atsiskleid\u017eia daugiasluoksnis literat\u016bros \u0161edevras, kurio tiesiog negalima praleisti nei vienam d\u0117mes\u012f prikaustan\u010dios literat\u016bros gerb\u0117jui. Originalus pavadinimas:\u00a0GHOSTWRITTEN Autorius:\u00a0David Mitchell Leid\u0117jas:\u00a0Tyto alba Metai:\u00a02019 Puslapiai:\u00a0472 ISBN:\u00a09786094663727 Versijos kodas:\u00a0PT. Formatas:\u00a014,7 x 22,1 x 4 cm, kieti vir\u0161eliai Kalba:\u00a0Lietuvi\u0173 Vert\u0117jas:\u00a0Danguol\u0117 \u017dalyt\u0117-Steiblien\u0117<\/p>\n","protected":false},"featured_media":14549,"comment_status":"open","ping_status":"closed","template":"","meta":{"_acf_changed":false,"site-sidebar-layout":"default","site-content-layout":"","ast-site-content-layout":"default","site-content-style":"default","site-sidebar-style":"default","ast-global-header-display":"","ast-banner-title-visibility":"","ast-main-header-display":"","ast-hfb-above-header-display":"","ast-hfb-below-header-display":"","ast-hfb-mobile-header-display":"","site-post-title":"","ast-breadcrumbs-content":"","ast-featured-img":"","footer-sml-layout":"","ast-disable-related-posts":"","theme-transparent-header-meta":"default","adv-header-id-meta":"","stick-header-meta":"","header-above-stick-meta":"","header-main-stick-meta":"","header-below-stick-meta":"","astra-migrate-meta-layouts":"set","ast-page-background-enabled":"default","ast-page-background-meta":{"desktop":{"background-color":"","background-image":"","background-repeat":"repeat","background-position":"center center","background-size":"auto","background-attachment":"scroll","background-type":"","background-media":"","overlay-type":"","overlay-color":"","overlay-opacity":"","overlay-gradient":""},"tablet":{"background-color":"","background-image":"","background-repeat":"repeat","background-position":"center center","background-size":"auto","background-attachment":"scroll","background-type":"","background-media":"","overlay-type":"","overlay-color":"","overlay-opacity":"","overlay-gradient":""},"mobile":{"background-color":"","background-image":"","background-repeat":"repeat","background-position":"center center","background-size":"auto","background-attachment":"scroll","background-type":"","background-media":"","overlay-type":"","overlay-color":"","overlay-opacity":"","overlay-gradient":""}},"ast-content-background-meta":{"desktop":{"background-color":"var(--ast-global-color-4)","background-image":"","background-repeat":"repeat","background-position":"center center","background-size":"auto","background-attachment":"scroll","background-type":"","background-media":"","overlay-type":"","overlay-color":"","overlay-opacity":"","overlay-gradient":""},"tablet":{"background-color":"var(--ast-global-color-4)","background-image":"","background-repeat":"repeat","background-position":"center center","background-size":"auto","background-attachment":"scroll","background-type":"","background-media":"","overlay-type":"","overlay-color":"","overlay-opacity":"","overlay-gradient":""},"mobile":{"background-color":"var(--ast-global-color-4)","background-image":"","background-repeat":"repeat","background-position":"center center","background-size":"auto","background-attachment":"scroll","background-type":"","background-media":"","overlay-type":"","overlay-color":"","overlay-opacity":"","overlay-gradient":""}}},"product_brand":[],"product_cat":[9734],"product_tag":[],"class_list":{"0":"post-14517","1":"product","2":"type-product","3":"status-publish","4":"has-post-thumbnail","6":"product_cat-romanai","7":"desktop-align-left","8":"tablet-align-left","9":"mobile-align-left","11":"first","12":"instock","13":"shipping-taxable","14":"purchasable","15":"product-type-simple"},"acf":[],"yoast_head":"<!-- This site is optimized with the Yoast SEO plugin v27.0 - https:\/\/yoast.com\/product\/yoast-seo-wordpress\/ -->\n<title>David Mitchell \u201ePri\u017ei\u016br\u0117tojas&quot;<\/title>\n<meta name=\"description\" content=\"\u201ePri\u017ei\u016br\u0117tojas&quot; \u2013 tai debiutinis vieno \u017eymiausi\u0173 Jungtin\u0117s Karalyst\u0117s autori\u0173 k\u016brinys, sudarytas i\u0161 devyni\u0173, rodos, tarpusavyje nesusijusi\u0173 istorij\u0173.\" \/>\n<meta name=\"robots\" content=\"index, follow, max-snippet:-1, max-image-preview:large, max-video-preview:-1\" \/>\n<link rel=\"canonical\" href=\"https:\/\/skaitytaknyga.lt\/en\/produktas\/david-mitchell-priziuretojas\/\" \/>\n<meta property=\"og:locale\" content=\"en_GB\" \/>\n<meta property=\"og:locale:alternate\" content=\"lt_LT\" \/>\n<meta property=\"og:type\" content=\"article\" \/>\n<meta property=\"og:title\" content=\"David Mitchell \u201ePri\u017ei\u016br\u0117tojas&quot;\" \/>\n<meta property=\"og:description\" content=\"\u201ePri\u017ei\u016br\u0117tojas&quot; \u2013 tai debiutinis vieno \u017eymiausi\u0173 Jungtin\u0117s Karalyst\u0117s autori\u0173 k\u016brinys, sudarytas i\u0161 devyni\u0173, rodos, tarpusavyje nesusijusi\u0173 istorij\u0173.\" \/>\n<meta property=\"og:url\" content=\"https:\/\/skaitytaknyga.lt\/en\/produktas\/david-mitchell-priziuretojas\/\" \/>\n<meta property=\"og:site_name\" content=\"Skaitytaknyga\" \/>\n<meta property=\"article:publisher\" content=\"https:\/\/www.facebook.com\/skaitytaknyga\/\" \/>\n<meta property=\"article:modified_time\" content=\"2026-03-18T09:59:16+00:00\" \/>\n<meta property=\"og:image\" content=\"https:\/\/skaitytaknyga.lt\/wp-content\/uploads\/2024\/11\/1545407266_priziuretojas-1.webp\" \/>\n\t<meta property=\"og:image:width\" content=\"533\" \/>\n\t<meta property=\"og:image:height\" content=\"800\" \/>\n\t<meta property=\"og:image:type\" content=\"image\/webp\" \/>\n<meta name=\"twitter:card\" content=\"summary_large_image\" \/>\n<meta name=\"twitter:label1\" content=\"Estimated reading time\" \/>\n\t<meta name=\"twitter:data1\" content=\"2 minutes\" \/>\n<script type=\"application\/ld+json\" class=\"yoast-schema-graph\">{\"@context\":\"https:\/\/schema.org\",\"@graph\":[{\"@type\":\"WebPage\",\"@id\":\"https:\/\/skaitytaknyga.lt\/produktas\/david-mitchell-priziuretojas\/\",\"url\":\"https:\/\/skaitytaknyga.lt\/produktas\/david-mitchell-priziuretojas\/\",\"name\":\"David Mitchell \u201ePri\u017ei\u016br\u0117tojas\\\"\",\"isPartOf\":{\"@id\":\"https:\/\/skaitytaknyga.lt\/#website\"},\"primaryImageOfPage\":{\"@id\":\"https:\/\/skaitytaknyga.lt\/produktas\/david-mitchell-priziuretojas\/#primaryimage\"},\"image\":{\"@id\":\"https:\/\/skaitytaknyga.lt\/produktas\/david-mitchell-priziuretojas\/#primaryimage\"},\"thumbnailUrl\":\"https:\/\/skaitytaknyga.lt\/wp-content\/uploads\/2024\/11\/1545407266_priziuretojas-1.webp\",\"datePublished\":\"2024-11-12T06:44:51+00:00\",\"dateModified\":\"2026-03-18T09:59:16+00:00\",\"description\":\"\u201ePri\u017ei\u016br\u0117tojas\\\" \u2013 tai debiutinis vieno \u017eymiausi\u0173 Jungtin\u0117s Karalyst\u0117s autori\u0173 k\u016brinys, sudarytas i\u0161 devyni\u0173, rodos, tarpusavyje nesusijusi\u0173 istorij\u0173.\",\"breadcrumb\":{\"@id\":\"https:\/\/skaitytaknyga.lt\/produktas\/david-mitchell-priziuretojas\/#breadcrumb\"},\"inLanguage\":\"en-GB\",\"potentialAction\":[{\"@type\":\"ReadAction\",\"target\":[\"https:\/\/skaitytaknyga.lt\/produktas\/david-mitchell-priziuretojas\/\"]}]},{\"@type\":\"ImageObject\",\"inLanguage\":\"en-GB\",\"@id\":\"https:\/\/skaitytaknyga.lt\/produktas\/david-mitchell-priziuretojas\/#primaryimage\",\"url\":\"https:\/\/skaitytaknyga.lt\/wp-content\/uploads\/2024\/11\/1545407266_priziuretojas-1.webp\",\"contentUrl\":\"https:\/\/skaitytaknyga.lt\/wp-content\/uploads\/2024\/11\/1545407266_priziuretojas-1.webp\",\"width\":533,\"height\":800,\"caption\":\"David Mitchell \u201ePri\u017ei\u016br\u0117tojas\\\"\"},{\"@type\":\"BreadcrumbList\",\"@id\":\"https:\/\/skaitytaknyga.lt\/produktas\/david-mitchell-priziuretojas\/#breadcrumb\",\"itemListElement\":[{\"@type\":\"ListItem\",\"position\":1,\"name\":\"Home\",\"item\":\"https:\/\/skaitytaknyga.lt\/\"},{\"@type\":\"ListItem\",\"position\":2,\"name\":\"Parduotuv\u0117\",\"item\":\"https:\/\/skaitytaknyga.lt\/knygu-parduotuve\/\"},{\"@type\":\"ListItem\",\"position\":3,\"name\":\"David Mitchell \u201ePri\u017ei\u016br\u0117tojas&#8221;\"}]},{\"@type\":\"WebSite\",\"@id\":\"https:\/\/skaitytaknyga.lt\/#website\",\"url\":\"https:\/\/skaitytaknyga.lt\/\",\"name\":\"skaitytaknyga.lt\",\"description\":\"Skaitytaknyga.lt \u2013 tai ma\u017eas \u0161eimos verslas, kuris prasid\u0117jo nuo meil\u0117s knygoms ir siekio i\u0161gelb\u0117ti knygas nuo likimo prie konteinerio. Kas vienam nereikalingas daiktas \u2013 kitam lobis, o mes esame tarpininkai, kurie padeda abiems tapti laimingesniems ???? \u017dinome kaip nelengva i\u0161gyventi ma\u017eiems verslams, tad nuo \u0161iol, \u010dia rasite ir kit\u0173, ma\u017e\u0173 \u0161eim\u0173 versl\u0173, rank\u0173 darbo, dovan\u0173 sau ir artimiesiems.\",\"publisher\":{\"@id\":\"https:\/\/skaitytaknyga.lt\/#organization\"},\"potentialAction\":[{\"@type\":\"SearchAction\",\"target\":{\"@type\":\"EntryPoint\",\"urlTemplate\":\"https:\/\/skaitytaknyga.lt\/?s={search_term_string}\"},\"query-input\":{\"@type\":\"PropertyValueSpecification\",\"valueRequired\":true,\"valueName\":\"search_term_string\"}}],\"inLanguage\":\"en-GB\"},{\"@type\":\"Organization\",\"@id\":\"https:\/\/skaitytaknyga.lt\/#organization\",\"name\":\"skaitytaknyga.lt\",\"url\":\"https:\/\/skaitytaknyga.lt\/\",\"logo\":{\"@type\":\"ImageObject\",\"inLanguage\":\"en-GB\",\"@id\":\"https:\/\/skaitytaknyga.lt\/#\/schema\/logo\/image\/\",\"url\":\"https:\/\/skaitytaknyga.lt\/wp-content\/uploads\/2024\/05\/cropped-cropped-cropped-02_00843_jt3bggkj1j3HLc7SyY6rEUpg.jpeg\",\"contentUrl\":\"https:\/\/skaitytaknyga.lt\/wp-content\/uploads\/2024\/05\/cropped-cropped-cropped-02_00843_jt3bggkj1j3HLc7SyY6rEUpg.jpeg\",\"width\":1600,\"height\":1600,\"caption\":\"skaitytaknyga.lt\"},\"image\":{\"@id\":\"https:\/\/skaitytaknyga.lt\/#\/schema\/logo\/image\/\"},\"sameAs\":[\"https:\/\/www.facebook.com\/skaitytaknyga\/\"]}]}<\/script>\n<!-- \/ Yoast SEO plugin. -->","yoast_head_json":{"title":"David Mitchell \u201ePri\u017ei\u016br\u0117tojas\"","description":"\u201ePri\u017ei\u016br\u0117tojas\" \u2013 tai debiutinis vieno \u017eymiausi\u0173 Jungtin\u0117s Karalyst\u0117s autori\u0173 k\u016brinys, sudarytas i\u0161 devyni\u0173, rodos, tarpusavyje nesusijusi\u0173 istorij\u0173.","robots":{"index":"index","follow":"follow","max-snippet":"max-snippet:-1","max-image-preview":"max-image-preview:large","max-video-preview":"max-video-preview:-1"},"canonical":"https:\/\/skaitytaknyga.lt\/en\/produktas\/david-mitchell-priziuretojas\/","og_locale":"en_GB","og_type":"article","og_title":"[:lt]David Mitchell \u201ePri\u017ei\u016br\u0117tojas\"[:] - Skaitytaknyga","og_description":"\u201ePri\u017ei\u016br\u0117tojas\" \u2013 tai debiutinis vieno \u017eymiausi\u0173 Jungtin\u0117s Karalyst\u0117s autori\u0173 k\u016brinys, sudarytas i\u0161 devyni\u0173, rodos, tarpusavyje nesusijusi\u0173 istorij\u0173.","og_url":"https:\/\/skaitytaknyga.lt\/en\/produktas\/david-mitchell-priziuretojas\/","og_site_name":"Skaitytaknyga","article_publisher":"https:\/\/www.facebook.com\/skaitytaknyga\/","article_modified_time":"2026-03-18T09:59:16+00:00","og_image":[{"width":533,"height":800,"url":"https:\/\/skaitytaknyga.lt\/wp-content\/uploads\/2024\/11\/1545407266_priziuretojas-1.webp","type":"image\/webp"}],"twitter_card":"summary_large_image","twitter_misc":{"Estimated reading time":"2 minutes"},"schema":{"@context":"https:\/\/schema.org","@graph":[{"@type":"WebPage","@id":"https:\/\/skaitytaknyga.lt\/produktas\/david-mitchell-priziuretojas\/","url":"https:\/\/skaitytaknyga.lt\/produktas\/david-mitchell-priziuretojas\/","name":"David Mitchell \u201ePri\u017ei\u016br\u0117tojas\"","isPartOf":{"@id":"https:\/\/skaitytaknyga.lt\/#website"},"primaryImageOfPage":{"@id":"https:\/\/skaitytaknyga.lt\/produktas\/david-mitchell-priziuretojas\/#primaryimage"},"image":{"@id":"https:\/\/skaitytaknyga.lt\/produktas\/david-mitchell-priziuretojas\/#primaryimage"},"thumbnailUrl":"https:\/\/skaitytaknyga.lt\/wp-content\/uploads\/2024\/11\/1545407266_priziuretojas-1.webp","datePublished":"2024-11-12T06:44:51+00:00","dateModified":"2026-03-18T09:59:16+00:00","description":"\u201ePri\u017ei\u016br\u0117tojas\" \u2013 tai debiutinis vieno \u017eymiausi\u0173 Jungtin\u0117s Karalyst\u0117s autori\u0173 k\u016brinys, sudarytas i\u0161 devyni\u0173, rodos, tarpusavyje nesusijusi\u0173 istorij\u0173.","breadcrumb":{"@id":"https:\/\/skaitytaknyga.lt\/produktas\/david-mitchell-priziuretojas\/#breadcrumb"},"inLanguage":"en-GB","potentialAction":[{"@type":"ReadAction","target":["https:\/\/skaitytaknyga.lt\/produktas\/david-mitchell-priziuretojas\/"]}]},{"@type":"ImageObject","inLanguage":"en-GB","@id":"https:\/\/skaitytaknyga.lt\/produktas\/david-mitchell-priziuretojas\/#primaryimage","url":"https:\/\/skaitytaknyga.lt\/wp-content\/uploads\/2024\/11\/1545407266_priziuretojas-1.webp","contentUrl":"https:\/\/skaitytaknyga.lt\/wp-content\/uploads\/2024\/11\/1545407266_priziuretojas-1.webp","width":533,"height":800,"caption":"David Mitchell \u201ePri\u017ei\u016br\u0117tojas\""},{"@type":"BreadcrumbList","@id":"https:\/\/skaitytaknyga.lt\/produktas\/david-mitchell-priziuretojas\/#breadcrumb","itemListElement":[{"@type":"ListItem","position":1,"name":"Home","item":"https:\/\/skaitytaknyga.lt\/"},{"@type":"ListItem","position":2,"name":"Parduotuv\u0117","item":"https:\/\/skaitytaknyga.lt\/knygu-parduotuve\/"},{"@type":"ListItem","position":3,"name":"David Mitchell \u201ePri\u017ei\u016br\u0117tojas&#8221;"}]},{"@type":"WebSite","@id":"https:\/\/skaitytaknyga.lt\/#website","url":"https:\/\/skaitytaknyga.lt\/","name":"skaitytaknyga.lt","description":"Skaitytaknyga.lt \u2013 tai ma\u017eas \u0161eimos verslas, kuris prasid\u0117jo nuo meil\u0117s knygoms ir siekio i\u0161gelb\u0117ti knygas nuo likimo prie konteinerio. Kas vienam nereikalingas daiktas \u2013 kitam lobis, o mes esame tarpininkai, kurie padeda abiems tapti laimingesniems ???? \u017dinome kaip nelengva i\u0161gyventi ma\u017eiems verslams, tad nuo \u0161iol, \u010dia rasite ir kit\u0173, ma\u017e\u0173 \u0161eim\u0173 versl\u0173, rank\u0173 darbo, dovan\u0173 sau ir artimiesiems.","publisher":{"@id":"https:\/\/skaitytaknyga.lt\/#organization"},"potentialAction":[{"@type":"SearchAction","target":{"@type":"EntryPoint","urlTemplate":"https:\/\/skaitytaknyga.lt\/?s={search_term_string}"},"query-input":{"@type":"PropertyValueSpecification","valueRequired":true,"valueName":"search_term_string"}}],"inLanguage":"en-GB"},{"@type":"Organization","@id":"https:\/\/skaitytaknyga.lt\/#organization","name":"skaitytaknyga.lt","url":"https:\/\/skaitytaknyga.lt\/","logo":{"@type":"ImageObject","inLanguage":"en-GB","@id":"https:\/\/skaitytaknyga.lt\/#\/schema\/logo\/image\/","url":"https:\/\/skaitytaknyga.lt\/wp-content\/uploads\/2024\/05\/cropped-cropped-cropped-02_00843_jt3bggkj1j3HLc7SyY6rEUpg.jpeg","contentUrl":"https:\/\/skaitytaknyga.lt\/wp-content\/uploads\/2024\/05\/cropped-cropped-cropped-02_00843_jt3bggkj1j3HLc7SyY6rEUpg.jpeg","width":1600,"height":1600,"caption":"skaitytaknyga.lt"},"image":{"@id":"https:\/\/skaitytaknyga.lt\/#\/schema\/logo\/image\/"},"sameAs":["https:\/\/www.facebook.com\/skaitytaknyga\/"]}]}},"_links":{"self":[{"href":"https:\/\/skaitytaknyga.lt\/en\/wp-json\/wp\/v2\/product\/14517","targetHints":{"allow":["GET"]}}],"collection":[{"href":"https:\/\/skaitytaknyga.lt\/en\/wp-json\/wp\/v2\/product"}],"about":[{"href":"https:\/\/skaitytaknyga.lt\/en\/wp-json\/wp\/v2\/types\/product"}],"replies":[{"embeddable":true,"href":"https:\/\/skaitytaknyga.lt\/en\/wp-json\/wp\/v2\/comments?post=14517"}],"wp:featuredmedia":[{"embeddable":true,"href":"https:\/\/skaitytaknyga.lt\/en\/wp-json\/wp\/v2\/media\/14549"}],"wp:attachment":[{"href":"https:\/\/skaitytaknyga.lt\/en\/wp-json\/wp\/v2\/media?parent=14517"}],"wp:term":[{"taxonomy":"product_brand","embeddable":true,"href":"https:\/\/skaitytaknyga.lt\/en\/wp-json\/wp\/v2\/product_brand?post=14517"},{"taxonomy":"product_cat","embeddable":true,"href":"https:\/\/skaitytaknyga.lt\/en\/wp-json\/wp\/v2\/product_cat?post=14517"},{"taxonomy":"product_tag","embeddable":true,"href":"https:\/\/skaitytaknyga.lt\/en\/wp-json\/wp\/v2\/product_tag?post=14517"}],"curies":[{"name":"wp","href":"https:\/\/api.w.org\/{rel}","templated":true}]}}