{"id":14514,"date":"2024-11-11T20:14:36","date_gmt":"2024-11-11T18:14:36","guid":{"rendered":"https:\/\/skaitytaknyga.lt\/?post_type=product&#038;p=14514"},"modified":"2024-11-12T09:52:19","modified_gmt":"2024-11-12T07:52:19","slug":"tikiu-kunigai-ir-vienuoliai-apie-meile-draugyste-vienatve","status":"publish","type":"product","link":"https:\/\/skaitytaknyga.lt\/en\/produktas\/tikiu-kunigai-ir-vienuoliai-apie-meile-draugyste-vienatve\/","title":{"rendered":"Tikiu. Kunigai ir vienuoliai apie meil\u0119, draugyst\u0119, vienatv\u0119&#8230;"},"content":{"rendered":"<p>Knygoje dvylika gerai Lietuvoje \u017einom\u0173 kunig\u0173 ir vienuoli\u0173 nuo\u0161ird\u017eiai ir atvirai atsako \u012f de\u0161imt jiems pateikt\u0173 klausim\u0173 apie meil\u0119, vienatv\u0119, vieni\u0161um\u0105 ir draugyst\u0119, savo ir kit\u0173 klaidas, \u0161velnum\u0105 ir nuod\u0117m\u0119, rutin\u0105, santyk\u012f su Dievu, laim\u0119, gra\u017eiausias gyvenimo akimirkas.<\/p>\n<ul class=\"about-product d-none d-xl-block mt-4\">\n<li><strong>Metai:<\/strong>\u00a02001<\/li>\n<li><strong>Puslapiai:<\/strong>\u00a0168<\/li>\n<li class=\"toggleable type-new-formats \"><strong>ISBN:<\/strong>\u00a09986041449<\/li>\n<li class=\"toggleable type-new-formats \"><strong>Formatas:<\/strong>\u00a012 x 22 cm, mink\u0161ti vir\u0161eliai<\/li>\n<li><strong>Kalba:<\/strong>\u00a0Lietuvi\u0173<\/li>\n<\/ul>\n","protected":false},"excerpt":{"rendered":"<p>Knygoje dvylika gerai Lietuvoje \u017einom\u0173 kunig\u0173 ir vienuoli\u0173 nuo\u0161ird\u017eiai ir atvirai atsako \u012f de\u0161imt jiems pateikt\u0173 klausim\u0173 apie meil\u0119, vienatv\u0119, vieni\u0161um\u0105 ir draugyst\u0119, savo ir kit\u0173 klaidas, \u0161velnum\u0105 ir nuod\u0117m\u0119, rutin\u0105, santyk\u012f su Dievu, laim\u0119, gra\u017eiausias gyvenimo akimirkas. Metai:\u00a02001 Puslapiai:\u00a0168 ISBN:\u00a09986041449 Formatas:\u00a012 x 22 cm, mink\u0161ti vir\u0161eliai Kalba:\u00a0Lietuvi\u0173<\/p>\n","protected":false},"featured_media":14553,"comment_status":"open","ping_status":"closed","template":"","meta":{"_acf_changed":false,"site-sidebar-layout":"default","site-content-layout":"","ast-site-content-layout":"default","site-content-style":"default","site-sidebar-style":"default","ast-global-header-display":"","ast-banner-title-visibility":"","ast-main-header-display":"","ast-hfb-above-header-display":"","ast-hfb-below-header-display":"","ast-hfb-mobile-header-display":"","site-post-title":"","ast-breadcrumbs-content":"","ast-featured-img":"","footer-sml-layout":"","ast-disable-related-posts":"","theme-transparent-header-meta":"default","adv-header-id-meta":"","stick-header-meta":"","header-above-stick-meta":"","header-main-stick-meta":"","header-below-stick-meta":"","astra-migrate-meta-layouts":"set","ast-page-background-enabled":"default","ast-page-background-meta":{"desktop":{"background-color":"","background-image":"","background-repeat":"repeat","background-position":"center center","background-size":"auto","background-attachment":"scroll","background-type":"","background-media":"","overlay-type":"","overlay-color":"","overlay-opacity":"","overlay-gradient":""},"tablet":{"background-color":"","background-image":"","background-repeat":"repeat","background-position":"center center","background-size":"auto","background-attachment":"scroll","background-type":"","background-media":"","overlay-type":"","overlay-color":"","overlay-opacity":"","overlay-gradient":""},"mobile":{"background-color":"","background-image":"","background-repeat":"repeat","background-position":"center center","background-size":"auto","background-attachment":"scroll","background-type":"","background-media":"","overlay-type":"","overlay-color":"","overlay-opacity":"","overlay-gradient":""}},"ast-content-background-meta":{"desktop":{"background-color":"var(--ast-global-color-4)","background-image":"","background-repeat":"repeat","background-position":"center center","background-size":"auto","background-attachment":"scroll","background-type":"","background-media":"","overlay-type":"","overlay-color":"","overlay-opacity":"","overlay-gradient":""},"tablet":{"background-color":"var(--ast-global-color-4)","background-image":"","background-repeat":"repeat","background-position":"center center","background-size":"auto","background-attachment":"scroll","background-type":"","background-media":"","overlay-type":"","overlay-color":"","overlay-opacity":"","overlay-gradient":""},"mobile":{"background-color":"var(--ast-global-color-4)","background-image":"","background-repeat":"repeat","background-position":"center center","background-size":"auto","background-attachment":"scroll","background-type":"","background-media":"","overlay-type":"","overlay-color":"","overlay-opacity":"","overlay-gradient":""}}},"product_brand":[],"product_cat":[15,165],"product_tag":[],"class_list":{"0":"post-14514","1":"product","2":"type-product","3":"status-publish","4":"has-post-thumbnail","6":"product_cat-uncategorized","7":"product_cat-religija-filosofija-ir-ezoterika","8":"desktop-align-left","9":"tablet-align-left","10":"mobile-align-left","12":"first","13":"instock","14":"shipping-taxable","15":"purchasable","16":"product-type-simple"},"acf":[],"yoast_head":"<!-- This site is optimized with the Yoast SEO plugin v27.0 - https:\/\/yoast.com\/product\/yoast-seo-wordpress\/ -->\n<title>Tikiu. Kunigai ir vienuoliai apie meil\u0119, draugyst\u0119, vienatv\u0119...<\/title>\n<meta name=\"description\" content=\"Knygoje dvylika gerai Lietuvoje \u017einom\u0173 kunig\u0173 ir vienuoli\u0173 nuo\u0161ird\u017eiai ir atvirai atsako \u012f de\u0161imt jiems pateikt\u0173 klausim\u0173 apie meil\u0119, vienatv\u0119, vieni\u0161um\u0105\" \/>\n<meta name=\"robots\" content=\"index, follow, max-snippet:-1, max-image-preview:large, max-video-preview:-1\" \/>\n<link rel=\"canonical\" href=\"https:\/\/skaitytaknyga.lt\/en\/produktas\/tikiu-kunigai-ir-vienuoliai-apie-meile-draugyste-vienatve\/\" \/>\n<meta property=\"og:locale\" content=\"en_GB\" \/>\n<meta property=\"og:locale:alternate\" content=\"lt_LT\" \/>\n<meta property=\"og:type\" content=\"article\" \/>\n<meta property=\"og:title\" content=\"Tikiu. Kunigai ir vienuoliai apie meil\u0119, draugyst\u0119, vienatv\u0119...\" \/>\n<meta property=\"og:description\" content=\"Knygoje dvylika gerai Lietuvoje \u017einom\u0173 kunig\u0173 ir vienuoli\u0173 nuo\u0161ird\u017eiai ir atvirai atsako \u012f de\u0161imt jiems pateikt\u0173 klausim\u0173 apie meil\u0119, vienatv\u0119, vieni\u0161um\u0105\" \/>\n<meta property=\"og:url\" content=\"https:\/\/skaitytaknyga.lt\/en\/produktas\/tikiu-kunigai-ir-vienuoliai-apie-meile-draugyste-vienatve\/\" \/>\n<meta property=\"og:site_name\" content=\"Skaitytaknyga\" \/>\n<meta property=\"article:publisher\" content=\"https:\/\/www.facebook.com\/skaitytaknyga\/\" \/>\n<meta property=\"article:modified_time\" content=\"2024-11-12T07:52:19+00:00\" \/>\n<meta property=\"og:image\" content=\"https:\/\/skaitytaknyga.lt\/wp-content\/uploads\/2024\/11\/Tikiu.-Kunigai-ir-vienuoliai-apie-meile-draugyste-vienatve.webp\" \/>\n\t<meta property=\"og:image:width\" content=\"350\" \/>\n\t<meta property=\"og:image:height\" content=\"588\" \/>\n\t<meta property=\"og:image:type\" content=\"image\/webp\" \/>\n<meta name=\"twitter:card\" content=\"summary_large_image\" \/>\n<meta name=\"twitter:label1\" content=\"Estimated reading time\" \/>\n\t<meta name=\"twitter:data1\" content=\"1 minute\" \/>\n<script type=\"application\/ld+json\" class=\"yoast-schema-graph\">{\"@context\":\"https:\/\/schema.org\",\"@graph\":[{\"@type\":\"WebPage\",\"@id\":\"https:\/\/skaitytaknyga.lt\/produktas\/tikiu-kunigai-ir-vienuoliai-apie-meile-draugyste-vienatve\/\",\"url\":\"https:\/\/skaitytaknyga.lt\/produktas\/tikiu-kunigai-ir-vienuoliai-apie-meile-draugyste-vienatve\/\",\"name\":\"Tikiu. Kunigai ir vienuoliai apie meil\u0119, draugyst\u0119, vienatv\u0119...\",\"isPartOf\":{\"@id\":\"https:\/\/skaitytaknyga.lt\/#website\"},\"primaryImageOfPage\":{\"@id\":\"https:\/\/skaitytaknyga.lt\/produktas\/tikiu-kunigai-ir-vienuoliai-apie-meile-draugyste-vienatve\/#primaryimage\"},\"image\":{\"@id\":\"https:\/\/skaitytaknyga.lt\/produktas\/tikiu-kunigai-ir-vienuoliai-apie-meile-draugyste-vienatve\/#primaryimage\"},\"thumbnailUrl\":\"https:\/\/skaitytaknyga.lt\/wp-content\/uploads\/2024\/11\/Tikiu.-Kunigai-ir-vienuoliai-apie-meile-draugyste-vienatve.webp\",\"datePublished\":\"2024-11-11T18:14:36+00:00\",\"dateModified\":\"2024-11-12T07:52:19+00:00\",\"description\":\"Knygoje dvylika gerai Lietuvoje \u017einom\u0173 kunig\u0173 ir vienuoli\u0173 nuo\u0161ird\u017eiai ir atvirai atsako \u012f de\u0161imt jiems pateikt\u0173 klausim\u0173 apie meil\u0119, vienatv\u0119, vieni\u0161um\u0105\",\"breadcrumb\":{\"@id\":\"https:\/\/skaitytaknyga.lt\/produktas\/tikiu-kunigai-ir-vienuoliai-apie-meile-draugyste-vienatve\/#breadcrumb\"},\"inLanguage\":\"en-GB\",\"potentialAction\":[{\"@type\":\"ReadAction\",\"target\":[\"https:\/\/skaitytaknyga.lt\/produktas\/tikiu-kunigai-ir-vienuoliai-apie-meile-draugyste-vienatve\/\"]}]},{\"@type\":\"ImageObject\",\"inLanguage\":\"en-GB\",\"@id\":\"https:\/\/skaitytaknyga.lt\/produktas\/tikiu-kunigai-ir-vienuoliai-apie-meile-draugyste-vienatve\/#primaryimage\",\"url\":\"https:\/\/skaitytaknyga.lt\/wp-content\/uploads\/2024\/11\/Tikiu.-Kunigai-ir-vienuoliai-apie-meile-draugyste-vienatve.webp\",\"contentUrl\":\"https:\/\/skaitytaknyga.lt\/wp-content\/uploads\/2024\/11\/Tikiu.-Kunigai-ir-vienuoliai-apie-meile-draugyste-vienatve.webp\",\"width\":350,\"height\":588,\"caption\":\"Tikiu. Kunigai ir vienuoliai apie meil\u0119, draugyst\u0119, vienatv\u0119...\"},{\"@type\":\"BreadcrumbList\",\"@id\":\"https:\/\/skaitytaknyga.lt\/produktas\/tikiu-kunigai-ir-vienuoliai-apie-meile-draugyste-vienatve\/#breadcrumb\",\"itemListElement\":[{\"@type\":\"ListItem\",\"position\":1,\"name\":\"Home\",\"item\":\"https:\/\/skaitytaknyga.lt\/\"},{\"@type\":\"ListItem\",\"position\":2,\"name\":\"Parduotuv\u0117\",\"item\":\"https:\/\/skaitytaknyga.lt\/knygu-parduotuve\/\"},{\"@type\":\"ListItem\",\"position\":3,\"name\":\"Tikiu. Kunigai ir vienuoliai apie meil\u0119, draugyst\u0119, vienatv\u0119&#8230;\"}]},{\"@type\":\"WebSite\",\"@id\":\"https:\/\/skaitytaknyga.lt\/#website\",\"url\":\"https:\/\/skaitytaknyga.lt\/\",\"name\":\"skaitytaknyga.lt\",\"description\":\"Skaitytaknyga.lt \u2013 tai ma\u017eas \u0161eimos verslas, kuris prasid\u0117jo nuo meil\u0117s knygoms ir siekio i\u0161gelb\u0117ti knygas nuo likimo prie konteinerio. Kas vienam nereikalingas daiktas \u2013 kitam lobis, o mes esame tarpininkai, kurie padeda abiems tapti laimingesniems ???? \u017dinome kaip nelengva i\u0161gyventi ma\u017eiems verslams, tad nuo \u0161iol, \u010dia rasite ir kit\u0173, ma\u017e\u0173 \u0161eim\u0173 versl\u0173, rank\u0173 darbo, dovan\u0173 sau ir artimiesiems.\",\"publisher\":{\"@id\":\"https:\/\/skaitytaknyga.lt\/#organization\"},\"potentialAction\":[{\"@type\":\"SearchAction\",\"target\":{\"@type\":\"EntryPoint\",\"urlTemplate\":\"https:\/\/skaitytaknyga.lt\/?s={search_term_string}\"},\"query-input\":{\"@type\":\"PropertyValueSpecification\",\"valueRequired\":true,\"valueName\":\"search_term_string\"}}],\"inLanguage\":\"en-GB\"},{\"@type\":\"Organization\",\"@id\":\"https:\/\/skaitytaknyga.lt\/#organization\",\"name\":\"skaitytaknyga.lt\",\"url\":\"https:\/\/skaitytaknyga.lt\/\",\"logo\":{\"@type\":\"ImageObject\",\"inLanguage\":\"en-GB\",\"@id\":\"https:\/\/skaitytaknyga.lt\/#\/schema\/logo\/image\/\",\"url\":\"https:\/\/skaitytaknyga.lt\/wp-content\/uploads\/2024\/05\/cropped-cropped-cropped-02_00843_jt3bggkj1j3HLc7SyY6rEUpg.jpeg\",\"contentUrl\":\"https:\/\/skaitytaknyga.lt\/wp-content\/uploads\/2024\/05\/cropped-cropped-cropped-02_00843_jt3bggkj1j3HLc7SyY6rEUpg.jpeg\",\"width\":1600,\"height\":1600,\"caption\":\"skaitytaknyga.lt\"},\"image\":{\"@id\":\"https:\/\/skaitytaknyga.lt\/#\/schema\/logo\/image\/\"},\"sameAs\":[\"https:\/\/www.facebook.com\/skaitytaknyga\/\"]}]}<\/script>\n<!-- \/ Yoast SEO plugin. -->","yoast_head_json":{"title":"Tikiu. Kunigai ir vienuoliai apie meil\u0119, draugyst\u0119, vienatv\u0119...","description":"Knygoje dvylika gerai Lietuvoje \u017einom\u0173 kunig\u0173 ir vienuoli\u0173 nuo\u0161ird\u017eiai ir atvirai atsako \u012f de\u0161imt jiems pateikt\u0173 klausim\u0173 apie meil\u0119, vienatv\u0119, vieni\u0161um\u0105","robots":{"index":"index","follow":"follow","max-snippet":"max-snippet:-1","max-image-preview":"max-image-preview:large","max-video-preview":"max-video-preview:-1"},"canonical":"https:\/\/skaitytaknyga.lt\/en\/produktas\/tikiu-kunigai-ir-vienuoliai-apie-meile-draugyste-vienatve\/","og_locale":"en_GB","og_type":"article","og_title":"[:lt]Tikiu. Kunigai ir vienuoliai apie meil\u0119, draugyst\u0119, vienatv\u0119...[:] - Skaitytaknyga","og_description":"Knygoje dvylika gerai Lietuvoje \u017einom\u0173 kunig\u0173 ir vienuoli\u0173 nuo\u0161ird\u017eiai ir atvirai atsako \u012f de\u0161imt jiems pateikt\u0173 klausim\u0173 apie meil\u0119, vienatv\u0119, vieni\u0161um\u0105","og_url":"https:\/\/skaitytaknyga.lt\/en\/produktas\/tikiu-kunigai-ir-vienuoliai-apie-meile-draugyste-vienatve\/","og_site_name":"Skaitytaknyga","article_publisher":"https:\/\/www.facebook.com\/skaitytaknyga\/","article_modified_time":"2024-11-12T07:52:19+00:00","og_image":[{"width":350,"height":588,"url":"https:\/\/skaitytaknyga.lt\/wp-content\/uploads\/2024\/11\/Tikiu.-Kunigai-ir-vienuoliai-apie-meile-draugyste-vienatve.webp","type":"image\/webp"}],"twitter_card":"summary_large_image","twitter_misc":{"Estimated reading time":"1 minute"},"schema":{"@context":"https:\/\/schema.org","@graph":[{"@type":"WebPage","@id":"https:\/\/skaitytaknyga.lt\/produktas\/tikiu-kunigai-ir-vienuoliai-apie-meile-draugyste-vienatve\/","url":"https:\/\/skaitytaknyga.lt\/produktas\/tikiu-kunigai-ir-vienuoliai-apie-meile-draugyste-vienatve\/","name":"Tikiu. Kunigai ir vienuoliai apie meil\u0119, draugyst\u0119, vienatv\u0119...","isPartOf":{"@id":"https:\/\/skaitytaknyga.lt\/#website"},"primaryImageOfPage":{"@id":"https:\/\/skaitytaknyga.lt\/produktas\/tikiu-kunigai-ir-vienuoliai-apie-meile-draugyste-vienatve\/#primaryimage"},"image":{"@id":"https:\/\/skaitytaknyga.lt\/produktas\/tikiu-kunigai-ir-vienuoliai-apie-meile-draugyste-vienatve\/#primaryimage"},"thumbnailUrl":"https:\/\/skaitytaknyga.lt\/wp-content\/uploads\/2024\/11\/Tikiu.-Kunigai-ir-vienuoliai-apie-meile-draugyste-vienatve.webp","datePublished":"2024-11-11T18:14:36+00:00","dateModified":"2024-11-12T07:52:19+00:00","description":"Knygoje dvylika gerai Lietuvoje \u017einom\u0173 kunig\u0173 ir vienuoli\u0173 nuo\u0161ird\u017eiai ir atvirai atsako \u012f de\u0161imt jiems pateikt\u0173 klausim\u0173 apie meil\u0119, vienatv\u0119, vieni\u0161um\u0105","breadcrumb":{"@id":"https:\/\/skaitytaknyga.lt\/produktas\/tikiu-kunigai-ir-vienuoliai-apie-meile-draugyste-vienatve\/#breadcrumb"},"inLanguage":"en-GB","potentialAction":[{"@type":"ReadAction","target":["https:\/\/skaitytaknyga.lt\/produktas\/tikiu-kunigai-ir-vienuoliai-apie-meile-draugyste-vienatve\/"]}]},{"@type":"ImageObject","inLanguage":"en-GB","@id":"https:\/\/skaitytaknyga.lt\/produktas\/tikiu-kunigai-ir-vienuoliai-apie-meile-draugyste-vienatve\/#primaryimage","url":"https:\/\/skaitytaknyga.lt\/wp-content\/uploads\/2024\/11\/Tikiu.-Kunigai-ir-vienuoliai-apie-meile-draugyste-vienatve.webp","contentUrl":"https:\/\/skaitytaknyga.lt\/wp-content\/uploads\/2024\/11\/Tikiu.-Kunigai-ir-vienuoliai-apie-meile-draugyste-vienatve.webp","width":350,"height":588,"caption":"Tikiu. Kunigai ir vienuoliai apie meil\u0119, draugyst\u0119, vienatv\u0119..."},{"@type":"BreadcrumbList","@id":"https:\/\/skaitytaknyga.lt\/produktas\/tikiu-kunigai-ir-vienuoliai-apie-meile-draugyste-vienatve\/#breadcrumb","itemListElement":[{"@type":"ListItem","position":1,"name":"Home","item":"https:\/\/skaitytaknyga.lt\/"},{"@type":"ListItem","position":2,"name":"Parduotuv\u0117","item":"https:\/\/skaitytaknyga.lt\/knygu-parduotuve\/"},{"@type":"ListItem","position":3,"name":"Tikiu. Kunigai ir vienuoliai apie meil\u0119, draugyst\u0119, vienatv\u0119&#8230;"}]},{"@type":"WebSite","@id":"https:\/\/skaitytaknyga.lt\/#website","url":"https:\/\/skaitytaknyga.lt\/","name":"skaitytaknyga.lt","description":"Skaitytaknyga.lt \u2013 tai ma\u017eas \u0161eimos verslas, kuris prasid\u0117jo nuo meil\u0117s knygoms ir siekio i\u0161gelb\u0117ti knygas nuo likimo prie konteinerio. Kas vienam nereikalingas daiktas \u2013 kitam lobis, o mes esame tarpininkai, kurie padeda abiems tapti laimingesniems ???? \u017dinome kaip nelengva i\u0161gyventi ma\u017eiems verslams, tad nuo \u0161iol, \u010dia rasite ir kit\u0173, ma\u017e\u0173 \u0161eim\u0173 versl\u0173, rank\u0173 darbo, dovan\u0173 sau ir artimiesiems.","publisher":{"@id":"https:\/\/skaitytaknyga.lt\/#organization"},"potentialAction":[{"@type":"SearchAction","target":{"@type":"EntryPoint","urlTemplate":"https:\/\/skaitytaknyga.lt\/?s={search_term_string}"},"query-input":{"@type":"PropertyValueSpecification","valueRequired":true,"valueName":"search_term_string"}}],"inLanguage":"en-GB"},{"@type":"Organization","@id":"https:\/\/skaitytaknyga.lt\/#organization","name":"skaitytaknyga.lt","url":"https:\/\/skaitytaknyga.lt\/","logo":{"@type":"ImageObject","inLanguage":"en-GB","@id":"https:\/\/skaitytaknyga.lt\/#\/schema\/logo\/image\/","url":"https:\/\/skaitytaknyga.lt\/wp-content\/uploads\/2024\/05\/cropped-cropped-cropped-02_00843_jt3bggkj1j3HLc7SyY6rEUpg.jpeg","contentUrl":"https:\/\/skaitytaknyga.lt\/wp-content\/uploads\/2024\/05\/cropped-cropped-cropped-02_00843_jt3bggkj1j3HLc7SyY6rEUpg.jpeg","width":1600,"height":1600,"caption":"skaitytaknyga.lt"},"image":{"@id":"https:\/\/skaitytaknyga.lt\/#\/schema\/logo\/image\/"},"sameAs":["https:\/\/www.facebook.com\/skaitytaknyga\/"]}]}},"_links":{"self":[{"href":"https:\/\/skaitytaknyga.lt\/en\/wp-json\/wp\/v2\/product\/14514","targetHints":{"allow":["GET"]}}],"collection":[{"href":"https:\/\/skaitytaknyga.lt\/en\/wp-json\/wp\/v2\/product"}],"about":[{"href":"https:\/\/skaitytaknyga.lt\/en\/wp-json\/wp\/v2\/types\/product"}],"replies":[{"embeddable":true,"href":"https:\/\/skaitytaknyga.lt\/en\/wp-json\/wp\/v2\/comments?post=14514"}],"wp:featuredmedia":[{"embeddable":true,"href":"https:\/\/skaitytaknyga.lt\/en\/wp-json\/wp\/v2\/media\/14553"}],"wp:attachment":[{"href":"https:\/\/skaitytaknyga.lt\/en\/wp-json\/wp\/v2\/media?parent=14514"}],"wp:term":[{"taxonomy":"product_brand","embeddable":true,"href":"https:\/\/skaitytaknyga.lt\/en\/wp-json\/wp\/v2\/product_brand?post=14514"},{"taxonomy":"product_cat","embeddable":true,"href":"https:\/\/skaitytaknyga.lt\/en\/wp-json\/wp\/v2\/product_cat?post=14514"},{"taxonomy":"product_tag","embeddable":true,"href":"https:\/\/skaitytaknyga.lt\/en\/wp-json\/wp\/v2\/product_tag?post=14514"}],"curies":[{"name":"wp","href":"https:\/\/api.w.org\/{rel}","templated":true}]}}