{"id":14495,"date":"2024-11-01T11:40:24","date_gmt":"2024-11-01T09:40:24","guid":{"rendered":"https:\/\/skaitytaknyga.lt\/?post_type=product&#038;p=14495"},"modified":"2025-05-15T10:09:59","modified_gmt":"2025-05-15T07:09:59","slug":"witold-gombrowicz-apsestieji","status":"publish","type":"product","link":"https:\/\/skaitytaknyga.lt\/en\/produktas\/witold-gombrowicz-apsestieji\/","title":{"rendered":"Aps\u0117stieji"},"content":{"rendered":"<p>Pindamas \u012ftraukiant\u012f ir intriguojant\u012f siu\u017eet\u0105, Witoldas Gombrowiczius (Vitoldas Gombrovi\u010dius, 1904 \u2013 1969) pasitelkia vis\u0105 vaizduot\u0117s arsenal\u0105 \u2013 \u010dia ir tarp li\u016bn\u0173 kylanti apgriuvusi pilis, kurioje gyvena pami\u0161\u0119s kunigaik\u0161tis, saugantis m\u012fsling\u0105 paslapt\u012f, ir \u012f t\u0105 pil\u012f vis nes\u0117kmingai siekiantis prasmukti profesorius, mat jam maga \u012fsitikinti, ar joje tikrai sukaupti meno lobiai, ir nesukalbamas, nieko vidun ne\u012fleid\u017eiantis kunigaik\u0161\u010dio sekretorius, ir profesoriaus \u012f pagalb\u0105 pasikviestas teniso treneris, kuris \u012fsimyl\u0117j\u0119s dvarininkait\u0119, ta\u010diau \u0161i susi\u017ead\u0117jusi su kunigaik\u0161\u010dio sekretoriumi, ir nuolat tvyranti paslapties atmosfera bei nepaliaujan\u010dios veikti antgamtin\u0117s j\u0117gos, o galiausiai \u2013 vis\u0105 \u0161\u012f mazg\u0105 i\u0161narpliojantis ai\u0161kiaregys.<\/p>\n<p>\u201eAps\u0117stuosius\u201c, prisideng\u0119s Zbigniewo Niewieskio slapyvard\u017eiu, autorius pirm\u0105kart paskelb\u0117 i\u0161traukomis 1939 m. populiariojoje to meto Lenkijos periodin\u0117je spaudoje. \u0160ios publikacijos sulauk\u0117 did\u017eiulio skaitytoj\u0173 d\u0117mesio ir susi\u017eav\u0117jimo.<\/p>\n<p>\u0160i Gombrowicziaus knyga visi\u0161kai kitokia nei ankstesniosios, su kuriomis jau susipa\u017ein\u0119s lietuvi\u0173 skaitytojas.<\/p>\n<ul class=\"about-product d-none d-xl-block mt-4\">\n<li><strong>Autorius:<\/strong>\u00a0Witold Gombrowicz<\/li>\n<li><strong>Leid\u0117jas:<\/strong>\u00a0Baltos lankos<\/li>\n<li><strong>Metai:<\/strong>\u00a02012<\/li>\n<li><strong>Puslapiai:<\/strong>\u00a0384<\/li>\n<li class=\"toggleable type-new-formats \"><strong>ISBN:<\/strong>\u00a09789955235224<\/li>\n<li class=\"toggleable type-new-formats \"><strong>Formatas:<\/strong>\u00a015 x 21 cm, kieti vir\u0161eliai<\/li>\n<li><strong>Kalba:<\/strong>\u00a0Lietuvi\u0173<\/li>\n<li><strong>Vert\u0117jas:<\/strong>\u00a0Irena Aleksait\u0117<\/li>\n<\/ul>\n","protected":false},"excerpt":{"rendered":"<p>Pindamas \u012ftraukiant\u012f ir intriguojant\u012f siu\u017eet\u0105, Witoldas Gombrowiczius (Vitoldas Gombrovi\u010dius, 1904 \u2013 1969) pasitelkia vis\u0105 vaizduot\u0117s arsenal\u0105 \u2013 \u010dia ir tarp li\u016bn\u0173 kylanti apgriuvusi pilis, kurioje gyvena pami\u0161\u0119s kunigaik\u0161tis, saugantis m\u012fsling\u0105 paslapt\u012f, ir \u012f t\u0105 pil\u012f vis nes\u0117kmingai siekiantis prasmukti profesorius, mat jam maga \u012fsitikinti, ar joje tikrai sukaupti meno lobiai, ir nesukalbamas, nieko vidun ne\u012fleid\u017eiantis kunigaik\u0161\u010dio sekretorius, ir profesoriaus \u012f pagalb\u0105 pasikviestas teniso treneris, kuris \u012fsimyl\u0117j\u0119s dvarininkait\u0119, ta\u010diau \u0161i susi\u017ead\u0117jusi su kunigaik\u0161\u010dio sekretoriumi, ir nuolat tvyranti paslapties atmosfera bei nepaliaujan\u010dios veikti antgamtin\u0117s j\u0117gos, o galiausiai \u2013 vis\u0105 \u0161\u012f mazg\u0105 i\u0161narpliojantis ai\u0161kiaregys. \u201eAps\u0117stuosius\u201c, prisideng\u0119s Zbigniewo Niewieskio slapyvard\u017eiu, autorius pirm\u0105kart paskelb\u0117 i\u0161traukomis 1939 m. populiariojoje to meto Lenkijos periodin\u0117je spaudoje. \u0160ios publikacijos sulauk\u0117 did\u017eiulio skaitytoj\u0173 d\u0117mesio ir susi\u017eav\u0117jimo. \u0160i Gombrowicziaus knyga visi\u0161kai kitokia nei ankstesniosios, su kuriomis jau susipa\u017ein\u0119s lietuvi\u0173 skaitytojas. Autorius:\u00a0Witold Gombrowicz Leid\u0117jas:\u00a0Baltos lankos Metai:\u00a02012 Puslapiai:\u00a0384 ISBN:\u00a09789955235224 Formatas:\u00a015 x 21 cm, kieti vir\u0161eliai Kalba:\u00a0Lietuvi\u0173 Vert\u0117jas:\u00a0Irena Aleksait\u0117<\/p>\n","protected":false},"featured_media":14496,"comment_status":"open","ping_status":"closed","template":"","meta":{"_acf_changed":false,"site-sidebar-layout":"default","site-content-layout":"","ast-site-content-layout":"default","site-content-style":"default","site-sidebar-style":"default","ast-global-header-display":"","ast-banner-title-visibility":"","ast-main-header-display":"","ast-hfb-above-header-display":"","ast-hfb-below-header-display":"","ast-hfb-mobile-header-display":"","site-post-title":"","ast-breadcrumbs-content":"","ast-featured-img":"","footer-sml-layout":"","ast-disable-related-posts":"","theme-transparent-header-meta":"default","adv-header-id-meta":"","stick-header-meta":"","header-above-stick-meta":"","header-main-stick-meta":"","header-below-stick-meta":"","astra-migrate-meta-layouts":"set","ast-page-background-enabled":"default","ast-page-background-meta":{"desktop":{"background-color":"","background-image":"","background-repeat":"repeat","background-position":"center center","background-size":"auto","background-attachment":"scroll","background-type":"","background-media":"","overlay-type":"","overlay-color":"","overlay-opacity":"","overlay-gradient":""},"tablet":{"background-color":"","background-image":"","background-repeat":"repeat","background-position":"center center","background-size":"auto","background-attachment":"scroll","background-type":"","background-media":"","overlay-type":"","overlay-color":"","overlay-opacity":"","overlay-gradient":""},"mobile":{"background-color":"","background-image":"","background-repeat":"repeat","background-position":"center center","background-size":"auto","background-attachment":"scroll","background-type":"","background-media":"","overlay-type":"","overlay-color":"","overlay-opacity":"","overlay-gradient":""}},"ast-content-background-meta":{"desktop":{"background-color":"var(--ast-global-color-4)","background-image":"","background-repeat":"repeat","background-position":"center center","background-size":"auto","background-attachment":"scroll","background-type":"","background-media":"","overlay-type":"","overlay-color":"","overlay-opacity":"","overlay-gradient":""},"tablet":{"background-color":"var(--ast-global-color-4)","background-image":"","background-repeat":"repeat","background-position":"center center","background-size":"auto","background-attachment":"scroll","background-type":"","background-media":"","overlay-type":"","overlay-color":"","overlay-opacity":"","overlay-gradient":""},"mobile":{"background-color":"var(--ast-global-color-4)","background-image":"","background-repeat":"repeat","background-position":"center center","background-size":"auto","background-attachment":"scroll","background-type":"","background-media":"","overlay-type":"","overlay-color":"","overlay-opacity":"","overlay-gradient":""}}},"product_brand":[],"product_cat":[31,15],"product_tag":[1723,2901,2819,2902,1712,2818],"class_list":{"0":"post-14495","1":"product","2":"type-product","3":"status-publish","4":"has-post-thumbnail","6":"product_cat-grozine-literatura","7":"product_cat-uncategorized","8":"product_tag-absurdas","9":"product_tag-drama","10":"product_tag-egzistencializmas","11":"product_tag-lenku-literatura","12":"product_tag-psichologinis-romanas","13":"product_tag-witold-gombrowicz","14":"desktop-align-left","15":"tablet-align-left","16":"mobile-align-left","18":"first","19":"instock","20":"shipping-taxable","21":"purchasable","22":"product-type-simple"},"acf":[],"yoast_head":"<!-- This site is optimized with the Yoast SEO plugin v27.0 - https:\/\/yoast.com\/product\/yoast-seo-wordpress\/ -->\n<title>Aps\u0117stieji<\/title>\n<meta name=\"description\" content=\"Pindamas \u012ftraukiant\u012f ir intriguojant\u012f siu\u017eet\u0105, Witoldas Gombrowiczius (Vitoldas Gombrovi\u010dius, 1904 \u2013 1969) pasitelkia vis\u0105 vaizduot\u0117s arsenal\u0105 \u2013 \u010dia ir\" \/>\n<meta name=\"robots\" content=\"index, follow, max-snippet:-1, max-image-preview:large, max-video-preview:-1\" \/>\n<link rel=\"canonical\" href=\"https:\/\/skaitytaknyga.lt\/en\/produktas\/witold-gombrowicz-apsestieji\/\" \/>\n<meta property=\"og:locale\" content=\"en_GB\" \/>\n<meta property=\"og:locale:alternate\" content=\"lt_LT\" \/>\n<meta property=\"og:type\" content=\"article\" \/>\n<meta property=\"og:title\" content=\"Aps\u0117stieji\" \/>\n<meta property=\"og:description\" content=\"Pindamas \u012ftraukiant\u012f ir intriguojant\u012f siu\u017eet\u0105, Witoldas Gombrowiczius (Vitoldas Gombrovi\u010dius, 1904 \u2013 1969) pasitelkia vis\u0105 vaizduot\u0117s arsenal\u0105 \u2013 \u010dia ir\" \/>\n<meta property=\"og:url\" content=\"https:\/\/skaitytaknyga.lt\/en\/produktas\/witold-gombrowicz-apsestieji\/\" \/>\n<meta property=\"og:site_name\" content=\"Skaitytaknyga\" \/>\n<meta property=\"article:publisher\" content=\"https:\/\/www.facebook.com\/skaitytaknyga\/\" \/>\n<meta property=\"article:modified_time\" content=\"2025-05-15T07:09:59+00:00\" \/>\n<meta property=\"og:image\" content=\"https:\/\/skaitytaknyga.lt\/wp-content\/uploads\/2024\/11\/Apsestieji.webp\" \/>\n\t<meta property=\"og:image:width\" content=\"544\" \/>\n\t<meta property=\"og:image:height\" content=\"800\" \/>\n\t<meta property=\"og:image:type\" content=\"image\/webp\" \/>\n<meta name=\"twitter:card\" content=\"summary_large_image\" \/>\n<meta name=\"twitter:label1\" content=\"Estimated reading time\" \/>\n\t<meta name=\"twitter:data1\" content=\"2 minutes\" \/>\n<script type=\"application\/ld+json\" class=\"yoast-schema-graph\">{\"@context\":\"https:\/\/schema.org\",\"@graph\":[{\"@type\":\"WebPage\",\"@id\":\"https:\/\/skaitytaknyga.lt\/produktas\/witold-gombrowicz-apsestieji\/\",\"url\":\"https:\/\/skaitytaknyga.lt\/produktas\/witold-gombrowicz-apsestieji\/\",\"name\":\"Aps\u0117stieji\",\"isPartOf\":{\"@id\":\"https:\/\/skaitytaknyga.lt\/#website\"},\"primaryImageOfPage\":{\"@id\":\"https:\/\/skaitytaknyga.lt\/produktas\/witold-gombrowicz-apsestieji\/#primaryimage\"},\"image\":{\"@id\":\"https:\/\/skaitytaknyga.lt\/produktas\/witold-gombrowicz-apsestieji\/#primaryimage\"},\"thumbnailUrl\":\"https:\/\/skaitytaknyga.lt\/wp-content\/uploads\/2024\/11\/Apsestieji.webp\",\"datePublished\":\"2024-11-01T09:40:24+00:00\",\"dateModified\":\"2025-05-15T07:09:59+00:00\",\"description\":\"Pindamas \u012ftraukiant\u012f ir intriguojant\u012f siu\u017eet\u0105, Witoldas Gombrowiczius (Vitoldas Gombrovi\u010dius, 1904 \u2013 1969) pasitelkia vis\u0105 vaizduot\u0117s arsenal\u0105 \u2013 \u010dia ir\",\"breadcrumb\":{\"@id\":\"https:\/\/skaitytaknyga.lt\/produktas\/witold-gombrowicz-apsestieji\/#breadcrumb\"},\"inLanguage\":\"en-GB\",\"potentialAction\":[{\"@type\":\"ReadAction\",\"target\":[\"https:\/\/skaitytaknyga.lt\/produktas\/witold-gombrowicz-apsestieji\/\"]}]},{\"@type\":\"ImageObject\",\"inLanguage\":\"en-GB\",\"@id\":\"https:\/\/skaitytaknyga.lt\/produktas\/witold-gombrowicz-apsestieji\/#primaryimage\",\"url\":\"https:\/\/skaitytaknyga.lt\/wp-content\/uploads\/2024\/11\/Apsestieji.webp\",\"contentUrl\":\"https:\/\/skaitytaknyga.lt\/wp-content\/uploads\/2024\/11\/Apsestieji.webp\",\"width\":544,\"height\":800,\"caption\":\"Aps\u0117stieji\"},{\"@type\":\"BreadcrumbList\",\"@id\":\"https:\/\/skaitytaknyga.lt\/produktas\/witold-gombrowicz-apsestieji\/#breadcrumb\",\"itemListElement\":[{\"@type\":\"ListItem\",\"position\":1,\"name\":\"Home\",\"item\":\"https:\/\/skaitytaknyga.lt\/\"},{\"@type\":\"ListItem\",\"position\":2,\"name\":\"Parduotuv\u0117\",\"item\":\"https:\/\/skaitytaknyga.lt\/knygu-parduotuve\/\"},{\"@type\":\"ListItem\",\"position\":3,\"name\":\"Aps\u0117stieji\"}]},{\"@type\":\"WebSite\",\"@id\":\"https:\/\/skaitytaknyga.lt\/#website\",\"url\":\"https:\/\/skaitytaknyga.lt\/\",\"name\":\"skaitytaknyga.lt\",\"description\":\"Skaitytaknyga.lt \u2013 tai ma\u017eas \u0161eimos verslas, kuris prasid\u0117jo nuo meil\u0117s knygoms ir siekio i\u0161gelb\u0117ti knygas nuo likimo prie konteinerio. Kas vienam nereikalingas daiktas \u2013 kitam lobis, o mes esame tarpininkai, kurie padeda abiems tapti laimingesniems ???? \u017dinome kaip nelengva i\u0161gyventi ma\u017eiems verslams, tad nuo \u0161iol, \u010dia rasite ir kit\u0173, ma\u017e\u0173 \u0161eim\u0173 versl\u0173, rank\u0173 darbo, dovan\u0173 sau ir artimiesiems.\",\"publisher\":{\"@id\":\"https:\/\/skaitytaknyga.lt\/#organization\"},\"potentialAction\":[{\"@type\":\"SearchAction\",\"target\":{\"@type\":\"EntryPoint\",\"urlTemplate\":\"https:\/\/skaitytaknyga.lt\/?s={search_term_string}\"},\"query-input\":{\"@type\":\"PropertyValueSpecification\",\"valueRequired\":true,\"valueName\":\"search_term_string\"}}],\"inLanguage\":\"en-GB\"},{\"@type\":\"Organization\",\"@id\":\"https:\/\/skaitytaknyga.lt\/#organization\",\"name\":\"skaitytaknyga.lt\",\"url\":\"https:\/\/skaitytaknyga.lt\/\",\"logo\":{\"@type\":\"ImageObject\",\"inLanguage\":\"en-GB\",\"@id\":\"https:\/\/skaitytaknyga.lt\/#\/schema\/logo\/image\/\",\"url\":\"https:\/\/skaitytaknyga.lt\/wp-content\/uploads\/2024\/05\/cropped-cropped-cropped-02_00843_jt3bggkj1j3HLc7SyY6rEUpg.jpeg\",\"contentUrl\":\"https:\/\/skaitytaknyga.lt\/wp-content\/uploads\/2024\/05\/cropped-cropped-cropped-02_00843_jt3bggkj1j3HLc7SyY6rEUpg.jpeg\",\"width\":1600,\"height\":1600,\"caption\":\"skaitytaknyga.lt\"},\"image\":{\"@id\":\"https:\/\/skaitytaknyga.lt\/#\/schema\/logo\/image\/\"},\"sameAs\":[\"https:\/\/www.facebook.com\/skaitytaknyga\/\"]}]}<\/script>\n<!-- \/ Yoast SEO plugin. -->","yoast_head_json":{"title":"Aps\u0117stieji","description":"Pindamas \u012ftraukiant\u012f ir intriguojant\u012f siu\u017eet\u0105, Witoldas Gombrowiczius (Vitoldas Gombrovi\u010dius, 1904 \u2013 1969) pasitelkia vis\u0105 vaizduot\u0117s arsenal\u0105 \u2013 \u010dia ir","robots":{"index":"index","follow":"follow","max-snippet":"max-snippet:-1","max-image-preview":"max-image-preview:large","max-video-preview":"max-video-preview:-1"},"canonical":"https:\/\/skaitytaknyga.lt\/en\/produktas\/witold-gombrowicz-apsestieji\/","og_locale":"en_GB","og_type":"article","og_title":"[:lt]Aps\u0117stieji[:] - Skaitytaknyga","og_description":"Pindamas \u012ftraukiant\u012f ir intriguojant\u012f siu\u017eet\u0105, Witoldas Gombrowiczius (Vitoldas Gombrovi\u010dius, 1904 \u2013 1969) pasitelkia vis\u0105 vaizduot\u0117s arsenal\u0105 \u2013 \u010dia ir","og_url":"https:\/\/skaitytaknyga.lt\/en\/produktas\/witold-gombrowicz-apsestieji\/","og_site_name":"Skaitytaknyga","article_publisher":"https:\/\/www.facebook.com\/skaitytaknyga\/","article_modified_time":"2025-05-15T07:09:59+00:00","og_image":[{"width":544,"height":800,"url":"https:\/\/skaitytaknyga.lt\/wp-content\/uploads\/2024\/11\/Apsestieji.webp","type":"image\/webp"}],"twitter_card":"summary_large_image","twitter_misc":{"Estimated reading time":"2 minutes"},"schema":{"@context":"https:\/\/schema.org","@graph":[{"@type":"WebPage","@id":"https:\/\/skaitytaknyga.lt\/produktas\/witold-gombrowicz-apsestieji\/","url":"https:\/\/skaitytaknyga.lt\/produktas\/witold-gombrowicz-apsestieji\/","name":"Aps\u0117stieji","isPartOf":{"@id":"https:\/\/skaitytaknyga.lt\/#website"},"primaryImageOfPage":{"@id":"https:\/\/skaitytaknyga.lt\/produktas\/witold-gombrowicz-apsestieji\/#primaryimage"},"image":{"@id":"https:\/\/skaitytaknyga.lt\/produktas\/witold-gombrowicz-apsestieji\/#primaryimage"},"thumbnailUrl":"https:\/\/skaitytaknyga.lt\/wp-content\/uploads\/2024\/11\/Apsestieji.webp","datePublished":"2024-11-01T09:40:24+00:00","dateModified":"2025-05-15T07:09:59+00:00","description":"Pindamas \u012ftraukiant\u012f ir intriguojant\u012f siu\u017eet\u0105, Witoldas Gombrowiczius (Vitoldas Gombrovi\u010dius, 1904 \u2013 1969) pasitelkia vis\u0105 vaizduot\u0117s arsenal\u0105 \u2013 \u010dia ir","breadcrumb":{"@id":"https:\/\/skaitytaknyga.lt\/produktas\/witold-gombrowicz-apsestieji\/#breadcrumb"},"inLanguage":"en-GB","potentialAction":[{"@type":"ReadAction","target":["https:\/\/skaitytaknyga.lt\/produktas\/witold-gombrowicz-apsestieji\/"]}]},{"@type":"ImageObject","inLanguage":"en-GB","@id":"https:\/\/skaitytaknyga.lt\/produktas\/witold-gombrowicz-apsestieji\/#primaryimage","url":"https:\/\/skaitytaknyga.lt\/wp-content\/uploads\/2024\/11\/Apsestieji.webp","contentUrl":"https:\/\/skaitytaknyga.lt\/wp-content\/uploads\/2024\/11\/Apsestieji.webp","width":544,"height":800,"caption":"Aps\u0117stieji"},{"@type":"BreadcrumbList","@id":"https:\/\/skaitytaknyga.lt\/produktas\/witold-gombrowicz-apsestieji\/#breadcrumb","itemListElement":[{"@type":"ListItem","position":1,"name":"Home","item":"https:\/\/skaitytaknyga.lt\/"},{"@type":"ListItem","position":2,"name":"Parduotuv\u0117","item":"https:\/\/skaitytaknyga.lt\/knygu-parduotuve\/"},{"@type":"ListItem","position":3,"name":"Aps\u0117stieji"}]},{"@type":"WebSite","@id":"https:\/\/skaitytaknyga.lt\/#website","url":"https:\/\/skaitytaknyga.lt\/","name":"skaitytaknyga.lt","description":"Skaitytaknyga.lt \u2013 tai ma\u017eas \u0161eimos verslas, kuris prasid\u0117jo nuo meil\u0117s knygoms ir siekio i\u0161gelb\u0117ti knygas nuo likimo prie konteinerio. Kas vienam nereikalingas daiktas \u2013 kitam lobis, o mes esame tarpininkai, kurie padeda abiems tapti laimingesniems ???? \u017dinome kaip nelengva i\u0161gyventi ma\u017eiems verslams, tad nuo \u0161iol, \u010dia rasite ir kit\u0173, ma\u017e\u0173 \u0161eim\u0173 versl\u0173, rank\u0173 darbo, dovan\u0173 sau ir artimiesiems.","publisher":{"@id":"https:\/\/skaitytaknyga.lt\/#organization"},"potentialAction":[{"@type":"SearchAction","target":{"@type":"EntryPoint","urlTemplate":"https:\/\/skaitytaknyga.lt\/?s={search_term_string}"},"query-input":{"@type":"PropertyValueSpecification","valueRequired":true,"valueName":"search_term_string"}}],"inLanguage":"en-GB"},{"@type":"Organization","@id":"https:\/\/skaitytaknyga.lt\/#organization","name":"skaitytaknyga.lt","url":"https:\/\/skaitytaknyga.lt\/","logo":{"@type":"ImageObject","inLanguage":"en-GB","@id":"https:\/\/skaitytaknyga.lt\/#\/schema\/logo\/image\/","url":"https:\/\/skaitytaknyga.lt\/wp-content\/uploads\/2024\/05\/cropped-cropped-cropped-02_00843_jt3bggkj1j3HLc7SyY6rEUpg.jpeg","contentUrl":"https:\/\/skaitytaknyga.lt\/wp-content\/uploads\/2024\/05\/cropped-cropped-cropped-02_00843_jt3bggkj1j3HLc7SyY6rEUpg.jpeg","width":1600,"height":1600,"caption":"skaitytaknyga.lt"},"image":{"@id":"https:\/\/skaitytaknyga.lt\/#\/schema\/logo\/image\/"},"sameAs":["https:\/\/www.facebook.com\/skaitytaknyga\/"]}]}},"_links":{"self":[{"href":"https:\/\/skaitytaknyga.lt\/en\/wp-json\/wp\/v2\/product\/14495","targetHints":{"allow":["GET"]}}],"collection":[{"href":"https:\/\/skaitytaknyga.lt\/en\/wp-json\/wp\/v2\/product"}],"about":[{"href":"https:\/\/skaitytaknyga.lt\/en\/wp-json\/wp\/v2\/types\/product"}],"replies":[{"embeddable":true,"href":"https:\/\/skaitytaknyga.lt\/en\/wp-json\/wp\/v2\/comments?post=14495"}],"wp:featuredmedia":[{"embeddable":true,"href":"https:\/\/skaitytaknyga.lt\/en\/wp-json\/wp\/v2\/media\/14496"}],"wp:attachment":[{"href":"https:\/\/skaitytaknyga.lt\/en\/wp-json\/wp\/v2\/media?parent=14495"}],"wp:term":[{"taxonomy":"product_brand","embeddable":true,"href":"https:\/\/skaitytaknyga.lt\/en\/wp-json\/wp\/v2\/product_brand?post=14495"},{"taxonomy":"product_cat","embeddable":true,"href":"https:\/\/skaitytaknyga.lt\/en\/wp-json\/wp\/v2\/product_cat?post=14495"},{"taxonomy":"product_tag","embeddable":true,"href":"https:\/\/skaitytaknyga.lt\/en\/wp-json\/wp\/v2\/product_tag?post=14495"}],"curies":[{"name":"wp","href":"https:\/\/api.w.org\/{rel}","templated":true}]}}