{"id":14494,"date":"2024-11-01T11:40:23","date_gmt":"2024-11-01T09:40:23","guid":{"rendered":"https:\/\/skaitytaknyga.lt\/?post_type=product&#038;p=14494"},"modified":"2024-11-01T11:49:41","modified_gmt":"2024-11-01T09:49:41","slug":"paselusi-mociute-ir-sekme-nesantis-suo","status":"publish","type":"product","link":"https:\/\/skaitytaknyga.lt\/en\/produktas\/paselusi-mociute-ir-sekme-nesantis-suo\/","title":{"rendered":"Pa\u0161\u0117lusi mo\u010diut\u0117 ir s\u0117km\u0119 ne\u0161antis \u0161uo"},"content":{"rendered":"<p>Pa\u0161\u0117lusi \u2013 jos antrasis vardas.<\/p>\n<p>Dingus Olio t\u0117\u010diui, reikal\u0105 imasi ai\u0161kintis pa\u0161\u0117lusi mo\u010diut\u0117! Ji turi kar\u0161to oro balion\u0105, trisde\u0161imt pakeli\u0173 sausaini\u0173 ir stebukling\u0105 (bent jau pati taip sako) ciuc\u012f.<\/p>\n<p>Ta\u010diau skriejant padange Olis supranta, kad jie vykdo ne tik gelb\u0117jimo operacij\u0105&#8230;<br \/>\n&#8230;MO\u010cIUT\u0116 SPRUNKA!<\/p>\n<p>Nuotykiai! Sausainiukai! Ko tik n\u0117ra \u0161ioje knygoje.<\/p>\n<ul class=\"about-product d-none d-xl-block mt-4\">\n<li><strong>Originalus pavadinimas:<\/strong>\u00a0Grandma Dangerous and the Dog of Destiny #1<\/li>\n<li><strong>Autorius:<\/strong>\u00a0Kita Mitchell<\/li>\n<li><strong>Leid\u0117jas:<\/strong>\u00a0Alma littera<\/li>\n<li><strong>Metai:<\/strong>\u00a02019<\/li>\n<li><strong>Puslapiai:<\/strong>\u00a0272<\/li>\n<li class=\"toggleable type-new-formats \"><strong>ISBN:<\/strong>\u00a09786090136522<\/li>\n<li><strong>Versijos kodas:<\/strong>\u00a0PT.<\/li>\n<li class=\"toggleable type-new-formats \"><strong>Formatas:<\/strong>\u00a012,5 x 19,8 x 2,3 cm, kieti vir\u0161eliai<\/li>\n<li><strong>Kalba:<\/strong>\u00a0Lietuvi\u0173<\/li>\n<li><strong>Vert\u0117jas:<\/strong>\u00a0Gabriel\u0117 Virbickien\u0117<\/li>\n<\/ul>\n","protected":false},"excerpt":{"rendered":"<p>Pa\u0161\u0117lusi \u2013 jos antrasis vardas. Dingus Olio t\u0117\u010diui, reikal\u0105 imasi ai\u0161kintis pa\u0161\u0117lusi mo\u010diut\u0117! Ji turi kar\u0161to oro balion\u0105, trisde\u0161imt pakeli\u0173 sausaini\u0173 ir stebukling\u0105 (bent jau pati taip sako) ciuc\u012f. Ta\u010diau skriejant padange Olis supranta, kad jie vykdo ne tik gelb\u0117jimo operacij\u0105&#8230; &#8230;MO\u010cIUT\u0116 SPRUNKA! Nuotykiai! Sausainiukai! Ko tik n\u0117ra \u0161ioje knygoje. Originalus pavadinimas:\u00a0Grandma Dangerous and the Dog of Destiny #1 Autorius:\u00a0Kita Mitchell Leid\u0117jas:\u00a0Alma littera Metai:\u00a02019 Puslapiai:\u00a0272 ISBN:\u00a09786090136522 Versijos kodas:\u00a0PT. Formatas:\u00a012,5 x 19,8 x 2,3 cm, kieti vir\u0161eliai Kalba:\u00a0Lietuvi\u0173 Vert\u0117jas:\u00a0Gabriel\u0117 Virbickien\u0117<\/p>\n","protected":false},"featured_media":14497,"comment_status":"open","ping_status":"closed","template":"","meta":{"_acf_changed":false,"site-sidebar-layout":"default","site-content-layout":"","ast-site-content-layout":"default","site-content-style":"default","site-sidebar-style":"default","ast-global-header-display":"","ast-banner-title-visibility":"","ast-main-header-display":"","ast-hfb-above-header-display":"","ast-hfb-below-header-display":"","ast-hfb-mobile-header-display":"","site-post-title":"","ast-breadcrumbs-content":"","ast-featured-img":"","footer-sml-layout":"","ast-disable-related-posts":"","theme-transparent-header-meta":"default","adv-header-id-meta":"","stick-header-meta":"","header-above-stick-meta":"","header-main-stick-meta":"","header-below-stick-meta":"","astra-migrate-meta-layouts":"set","ast-page-background-enabled":"default","ast-page-background-meta":{"desktop":{"background-color":"","background-image":"","background-repeat":"repeat","background-position":"center center","background-size":"auto","background-attachment":"scroll","background-type":"","background-media":"","overlay-type":"","overlay-color":"","overlay-opacity":"","overlay-gradient":""},"tablet":{"background-color":"","background-image":"","background-repeat":"repeat","background-position":"center center","background-size":"auto","background-attachment":"scroll","background-type":"","background-media":"","overlay-type":"","overlay-color":"","overlay-opacity":"","overlay-gradient":""},"mobile":{"background-color":"","background-image":"","background-repeat":"repeat","background-position":"center center","background-size":"auto","background-attachment":"scroll","background-type":"","background-media":"","overlay-type":"","overlay-color":"","overlay-opacity":"","overlay-gradient":""}},"ast-content-background-meta":{"desktop":{"background-color":"var(--ast-global-color-4)","background-image":"","background-repeat":"repeat","background-position":"center center","background-size":"auto","background-attachment":"scroll","background-type":"","background-media":"","overlay-type":"","overlay-color":"","overlay-opacity":"","overlay-gradient":""},"tablet":{"background-color":"var(--ast-global-color-4)","background-image":"","background-repeat":"repeat","background-position":"center center","background-size":"auto","background-attachment":"scroll","background-type":"","background-media":"","overlay-type":"","overlay-color":"","overlay-opacity":"","overlay-gradient":""},"mobile":{"background-color":"var(--ast-global-color-4)","background-image":"","background-repeat":"repeat","background-position":"center center","background-size":"auto","background-attachment":"scroll","background-type":"","background-media":"","overlay-type":"","overlay-color":"","overlay-opacity":"","overlay-gradient":""}}},"product_brand":[],"product_cat":[15,35],"product_tag":[],"class_list":{"0":"post-14494","1":"product","2":"type-product","3":"status-publish","4":"has-post-thumbnail","6":"product_cat-uncategorized","7":"product_cat-vaikams-ir-paaugliams","8":"desktop-align-left","9":"tablet-align-left","10":"mobile-align-left","12":"first","13":"instock","14":"shipping-taxable","15":"purchasable","16":"product-type-simple"},"acf":[],"yoast_head":"<!-- This site is optimized with the Yoast SEO plugin v27.0 - https:\/\/yoast.com\/product\/yoast-seo-wordpress\/ -->\n<title>Pa\u0161\u0117lusi mo\u010diut\u0117 ir s\u0117km\u0119 ne\u0161antis \u0161uo<\/title>\n<meta name=\"description\" content=\"Pa\u0161\u0117lusi \u2013 jos antrasis vardas. Dingus Olio t\u0117\u010diui, reikal\u0105 imasi ai\u0161kintis pa\u0161\u0117lusi mo\u010diut\u0117! Ji turi kar\u0161to oro balion\u0105, trisde\u0161imt pakeli\u0173 sausaini\u0173 ir\" \/>\n<meta name=\"robots\" content=\"index, follow, max-snippet:-1, max-image-preview:large, max-video-preview:-1\" \/>\n<link rel=\"canonical\" href=\"https:\/\/skaitytaknyga.lt\/en\/produktas\/paselusi-mociute-ir-sekme-nesantis-suo\/\" \/>\n<meta property=\"og:locale\" content=\"en_GB\" \/>\n<meta property=\"og:locale:alternate\" content=\"lt_LT\" \/>\n<meta property=\"og:type\" content=\"article\" \/>\n<meta property=\"og:title\" content=\"Pa\u0161\u0117lusi mo\u010diut\u0117 ir s\u0117km\u0119 ne\u0161antis \u0161uo\" \/>\n<meta property=\"og:description\" content=\"Pa\u0161\u0117lusi \u2013 jos antrasis vardas. Dingus Olio t\u0117\u010diui, reikal\u0105 imasi ai\u0161kintis pa\u0161\u0117lusi mo\u010diut\u0117! Ji turi kar\u0161to oro balion\u0105, trisde\u0161imt pakeli\u0173 sausaini\u0173 ir\" \/>\n<meta property=\"og:url\" content=\"https:\/\/skaitytaknyga.lt\/en\/produktas\/paselusi-mociute-ir-sekme-nesantis-suo\/\" \/>\n<meta property=\"og:site_name\" content=\"Skaitytaknyga\" \/>\n<meta property=\"article:publisher\" content=\"https:\/\/www.facebook.com\/skaitytaknyga\/\" \/>\n<meta property=\"article:modified_time\" content=\"2024-11-01T09:49:41+00:00\" \/>\n<meta property=\"og:image\" content=\"https:\/\/skaitytaknyga.lt\/wp-content\/uploads\/2024\/11\/Paselusi-mociute-ir-sekme-nesantis-suo.webp\" \/>\n\t<meta property=\"og:image:width\" content=\"380\" \/>\n\t<meta property=\"og:image:height\" content=\"600\" \/>\n\t<meta property=\"og:image:type\" content=\"image\/webp\" \/>\n<meta name=\"twitter:card\" content=\"summary_large_image\" \/>\n<meta name=\"twitter:label1\" content=\"Estimated reading time\" \/>\n\t<meta name=\"twitter:data1\" content=\"1 minute\" \/>\n<script type=\"application\/ld+json\" class=\"yoast-schema-graph\">{\"@context\":\"https:\/\/schema.org\",\"@graph\":[{\"@type\":\"WebPage\",\"@id\":\"https:\/\/skaitytaknyga.lt\/produktas\/paselusi-mociute-ir-sekme-nesantis-suo\/\",\"url\":\"https:\/\/skaitytaknyga.lt\/produktas\/paselusi-mociute-ir-sekme-nesantis-suo\/\",\"name\":\"Pa\u0161\u0117lusi mo\u010diut\u0117 ir s\u0117km\u0119 ne\u0161antis \u0161uo\",\"isPartOf\":{\"@id\":\"https:\/\/skaitytaknyga.lt\/#website\"},\"primaryImageOfPage\":{\"@id\":\"https:\/\/skaitytaknyga.lt\/produktas\/paselusi-mociute-ir-sekme-nesantis-suo\/#primaryimage\"},\"image\":{\"@id\":\"https:\/\/skaitytaknyga.lt\/produktas\/paselusi-mociute-ir-sekme-nesantis-suo\/#primaryimage\"},\"thumbnailUrl\":\"https:\/\/skaitytaknyga.lt\/wp-content\/uploads\/2024\/11\/Paselusi-mociute-ir-sekme-nesantis-suo.webp\",\"datePublished\":\"2024-11-01T09:40:23+00:00\",\"dateModified\":\"2024-11-01T09:49:41+00:00\",\"description\":\"Pa\u0161\u0117lusi \u2013 jos antrasis vardas. Dingus Olio t\u0117\u010diui, reikal\u0105 imasi ai\u0161kintis pa\u0161\u0117lusi mo\u010diut\u0117! Ji turi kar\u0161to oro balion\u0105, trisde\u0161imt pakeli\u0173 sausaini\u0173 ir\",\"breadcrumb\":{\"@id\":\"https:\/\/skaitytaknyga.lt\/produktas\/paselusi-mociute-ir-sekme-nesantis-suo\/#breadcrumb\"},\"inLanguage\":\"en-GB\",\"potentialAction\":[{\"@type\":\"ReadAction\",\"target\":[\"https:\/\/skaitytaknyga.lt\/produktas\/paselusi-mociute-ir-sekme-nesantis-suo\/\"]}]},{\"@type\":\"ImageObject\",\"inLanguage\":\"en-GB\",\"@id\":\"https:\/\/skaitytaknyga.lt\/produktas\/paselusi-mociute-ir-sekme-nesantis-suo\/#primaryimage\",\"url\":\"https:\/\/skaitytaknyga.lt\/wp-content\/uploads\/2024\/11\/Paselusi-mociute-ir-sekme-nesantis-suo.webp\",\"contentUrl\":\"https:\/\/skaitytaknyga.lt\/wp-content\/uploads\/2024\/11\/Paselusi-mociute-ir-sekme-nesantis-suo.webp\",\"width\":380,\"height\":600,\"caption\":\"Pa\u0161\u0117lusi mo\u010diut\u0117 ir s\u0117km\u0119 ne\u0161antis \u0161uo\"},{\"@type\":\"BreadcrumbList\",\"@id\":\"https:\/\/skaitytaknyga.lt\/produktas\/paselusi-mociute-ir-sekme-nesantis-suo\/#breadcrumb\",\"itemListElement\":[{\"@type\":\"ListItem\",\"position\":1,\"name\":\"Home\",\"item\":\"https:\/\/skaitytaknyga.lt\/\"},{\"@type\":\"ListItem\",\"position\":2,\"name\":\"Parduotuv\u0117\",\"item\":\"https:\/\/skaitytaknyga.lt\/knygu-parduotuve\/\"},{\"@type\":\"ListItem\",\"position\":3,\"name\":\"Pa\u0161\u0117lusi mo\u010diut\u0117 ir s\u0117km\u0119 ne\u0161antis \u0161uo\"}]},{\"@type\":\"WebSite\",\"@id\":\"https:\/\/skaitytaknyga.lt\/#website\",\"url\":\"https:\/\/skaitytaknyga.lt\/\",\"name\":\"skaitytaknyga.lt\",\"description\":\"Skaitytaknyga.lt \u2013 tai ma\u017eas \u0161eimos verslas, kuris prasid\u0117jo nuo meil\u0117s knygoms ir siekio i\u0161gelb\u0117ti knygas nuo likimo prie konteinerio. Kas vienam nereikalingas daiktas \u2013 kitam lobis, o mes esame tarpininkai, kurie padeda abiems tapti laimingesniems ???? \u017dinome kaip nelengva i\u0161gyventi ma\u017eiems verslams, tad nuo \u0161iol, \u010dia rasite ir kit\u0173, ma\u017e\u0173 \u0161eim\u0173 versl\u0173, rank\u0173 darbo, dovan\u0173 sau ir artimiesiems.\",\"publisher\":{\"@id\":\"https:\/\/skaitytaknyga.lt\/#organization\"},\"potentialAction\":[{\"@type\":\"SearchAction\",\"target\":{\"@type\":\"EntryPoint\",\"urlTemplate\":\"https:\/\/skaitytaknyga.lt\/?s={search_term_string}\"},\"query-input\":{\"@type\":\"PropertyValueSpecification\",\"valueRequired\":true,\"valueName\":\"search_term_string\"}}],\"inLanguage\":\"en-GB\"},{\"@type\":\"Organization\",\"@id\":\"https:\/\/skaitytaknyga.lt\/#organization\",\"name\":\"skaitytaknyga.lt\",\"url\":\"https:\/\/skaitytaknyga.lt\/\",\"logo\":{\"@type\":\"ImageObject\",\"inLanguage\":\"en-GB\",\"@id\":\"https:\/\/skaitytaknyga.lt\/#\/schema\/logo\/image\/\",\"url\":\"https:\/\/skaitytaknyga.lt\/wp-content\/uploads\/2024\/05\/cropped-cropped-cropped-02_00843_jt3bggkj1j3HLc7SyY6rEUpg.jpeg\",\"contentUrl\":\"https:\/\/skaitytaknyga.lt\/wp-content\/uploads\/2024\/05\/cropped-cropped-cropped-02_00843_jt3bggkj1j3HLc7SyY6rEUpg.jpeg\",\"width\":1600,\"height\":1600,\"caption\":\"skaitytaknyga.lt\"},\"image\":{\"@id\":\"https:\/\/skaitytaknyga.lt\/#\/schema\/logo\/image\/\"},\"sameAs\":[\"https:\/\/www.facebook.com\/skaitytaknyga\/\"]}]}<\/script>\n<!-- \/ Yoast SEO plugin. -->","yoast_head_json":{"title":"Pa\u0161\u0117lusi mo\u010diut\u0117 ir s\u0117km\u0119 ne\u0161antis \u0161uo","description":"Pa\u0161\u0117lusi \u2013 jos antrasis vardas. Dingus Olio t\u0117\u010diui, reikal\u0105 imasi ai\u0161kintis pa\u0161\u0117lusi mo\u010diut\u0117! Ji turi kar\u0161to oro balion\u0105, trisde\u0161imt pakeli\u0173 sausaini\u0173 ir","robots":{"index":"index","follow":"follow","max-snippet":"max-snippet:-1","max-image-preview":"max-image-preview:large","max-video-preview":"max-video-preview:-1"},"canonical":"https:\/\/skaitytaknyga.lt\/en\/produktas\/paselusi-mociute-ir-sekme-nesantis-suo\/","og_locale":"en_GB","og_type":"article","og_title":"[:lt]Pa\u0161\u0117lusi mo\u010diut\u0117 ir s\u0117km\u0119 ne\u0161antis \u0161uo[:] - Skaitytaknyga","og_description":"Pa\u0161\u0117lusi \u2013 jos antrasis vardas. Dingus Olio t\u0117\u010diui, reikal\u0105 imasi ai\u0161kintis pa\u0161\u0117lusi mo\u010diut\u0117! Ji turi kar\u0161to oro balion\u0105, trisde\u0161imt pakeli\u0173 sausaini\u0173 ir","og_url":"https:\/\/skaitytaknyga.lt\/en\/produktas\/paselusi-mociute-ir-sekme-nesantis-suo\/","og_site_name":"Skaitytaknyga","article_publisher":"https:\/\/www.facebook.com\/skaitytaknyga\/","article_modified_time":"2024-11-01T09:49:41+00:00","og_image":[{"width":380,"height":600,"url":"https:\/\/skaitytaknyga.lt\/wp-content\/uploads\/2024\/11\/Paselusi-mociute-ir-sekme-nesantis-suo.webp","type":"image\/webp"}],"twitter_card":"summary_large_image","twitter_misc":{"Estimated reading time":"1 minute"},"schema":{"@context":"https:\/\/schema.org","@graph":[{"@type":"WebPage","@id":"https:\/\/skaitytaknyga.lt\/produktas\/paselusi-mociute-ir-sekme-nesantis-suo\/","url":"https:\/\/skaitytaknyga.lt\/produktas\/paselusi-mociute-ir-sekme-nesantis-suo\/","name":"Pa\u0161\u0117lusi mo\u010diut\u0117 ir s\u0117km\u0119 ne\u0161antis \u0161uo","isPartOf":{"@id":"https:\/\/skaitytaknyga.lt\/#website"},"primaryImageOfPage":{"@id":"https:\/\/skaitytaknyga.lt\/produktas\/paselusi-mociute-ir-sekme-nesantis-suo\/#primaryimage"},"image":{"@id":"https:\/\/skaitytaknyga.lt\/produktas\/paselusi-mociute-ir-sekme-nesantis-suo\/#primaryimage"},"thumbnailUrl":"https:\/\/skaitytaknyga.lt\/wp-content\/uploads\/2024\/11\/Paselusi-mociute-ir-sekme-nesantis-suo.webp","datePublished":"2024-11-01T09:40:23+00:00","dateModified":"2024-11-01T09:49:41+00:00","description":"Pa\u0161\u0117lusi \u2013 jos antrasis vardas. Dingus Olio t\u0117\u010diui, reikal\u0105 imasi ai\u0161kintis pa\u0161\u0117lusi mo\u010diut\u0117! Ji turi kar\u0161to oro balion\u0105, trisde\u0161imt pakeli\u0173 sausaini\u0173 ir","breadcrumb":{"@id":"https:\/\/skaitytaknyga.lt\/produktas\/paselusi-mociute-ir-sekme-nesantis-suo\/#breadcrumb"},"inLanguage":"en-GB","potentialAction":[{"@type":"ReadAction","target":["https:\/\/skaitytaknyga.lt\/produktas\/paselusi-mociute-ir-sekme-nesantis-suo\/"]}]},{"@type":"ImageObject","inLanguage":"en-GB","@id":"https:\/\/skaitytaknyga.lt\/produktas\/paselusi-mociute-ir-sekme-nesantis-suo\/#primaryimage","url":"https:\/\/skaitytaknyga.lt\/wp-content\/uploads\/2024\/11\/Paselusi-mociute-ir-sekme-nesantis-suo.webp","contentUrl":"https:\/\/skaitytaknyga.lt\/wp-content\/uploads\/2024\/11\/Paselusi-mociute-ir-sekme-nesantis-suo.webp","width":380,"height":600,"caption":"Pa\u0161\u0117lusi mo\u010diut\u0117 ir s\u0117km\u0119 ne\u0161antis \u0161uo"},{"@type":"BreadcrumbList","@id":"https:\/\/skaitytaknyga.lt\/produktas\/paselusi-mociute-ir-sekme-nesantis-suo\/#breadcrumb","itemListElement":[{"@type":"ListItem","position":1,"name":"Home","item":"https:\/\/skaitytaknyga.lt\/"},{"@type":"ListItem","position":2,"name":"Parduotuv\u0117","item":"https:\/\/skaitytaknyga.lt\/knygu-parduotuve\/"},{"@type":"ListItem","position":3,"name":"Pa\u0161\u0117lusi mo\u010diut\u0117 ir s\u0117km\u0119 ne\u0161antis \u0161uo"}]},{"@type":"WebSite","@id":"https:\/\/skaitytaknyga.lt\/#website","url":"https:\/\/skaitytaknyga.lt\/","name":"skaitytaknyga.lt","description":"Skaitytaknyga.lt \u2013 tai ma\u017eas \u0161eimos verslas, kuris prasid\u0117jo nuo meil\u0117s knygoms ir siekio i\u0161gelb\u0117ti knygas nuo likimo prie konteinerio. Kas vienam nereikalingas daiktas \u2013 kitam lobis, o mes esame tarpininkai, kurie padeda abiems tapti laimingesniems ???? \u017dinome kaip nelengva i\u0161gyventi ma\u017eiems verslams, tad nuo \u0161iol, \u010dia rasite ir kit\u0173, ma\u017e\u0173 \u0161eim\u0173 versl\u0173, rank\u0173 darbo, dovan\u0173 sau ir artimiesiems.","publisher":{"@id":"https:\/\/skaitytaknyga.lt\/#organization"},"potentialAction":[{"@type":"SearchAction","target":{"@type":"EntryPoint","urlTemplate":"https:\/\/skaitytaknyga.lt\/?s={search_term_string}"},"query-input":{"@type":"PropertyValueSpecification","valueRequired":true,"valueName":"search_term_string"}}],"inLanguage":"en-GB"},{"@type":"Organization","@id":"https:\/\/skaitytaknyga.lt\/#organization","name":"skaitytaknyga.lt","url":"https:\/\/skaitytaknyga.lt\/","logo":{"@type":"ImageObject","inLanguage":"en-GB","@id":"https:\/\/skaitytaknyga.lt\/#\/schema\/logo\/image\/","url":"https:\/\/skaitytaknyga.lt\/wp-content\/uploads\/2024\/05\/cropped-cropped-cropped-02_00843_jt3bggkj1j3HLc7SyY6rEUpg.jpeg","contentUrl":"https:\/\/skaitytaknyga.lt\/wp-content\/uploads\/2024\/05\/cropped-cropped-cropped-02_00843_jt3bggkj1j3HLc7SyY6rEUpg.jpeg","width":1600,"height":1600,"caption":"skaitytaknyga.lt"},"image":{"@id":"https:\/\/skaitytaknyga.lt\/#\/schema\/logo\/image\/"},"sameAs":["https:\/\/www.facebook.com\/skaitytaknyga\/"]}]}},"_links":{"self":[{"href":"https:\/\/skaitytaknyga.lt\/en\/wp-json\/wp\/v2\/product\/14494","targetHints":{"allow":["GET"]}}],"collection":[{"href":"https:\/\/skaitytaknyga.lt\/en\/wp-json\/wp\/v2\/product"}],"about":[{"href":"https:\/\/skaitytaknyga.lt\/en\/wp-json\/wp\/v2\/types\/product"}],"replies":[{"embeddable":true,"href":"https:\/\/skaitytaknyga.lt\/en\/wp-json\/wp\/v2\/comments?post=14494"}],"wp:featuredmedia":[{"embeddable":true,"href":"https:\/\/skaitytaknyga.lt\/en\/wp-json\/wp\/v2\/media\/14497"}],"wp:attachment":[{"href":"https:\/\/skaitytaknyga.lt\/en\/wp-json\/wp\/v2\/media?parent=14494"}],"wp:term":[{"taxonomy":"product_brand","embeddable":true,"href":"https:\/\/skaitytaknyga.lt\/en\/wp-json\/wp\/v2\/product_brand?post=14494"},{"taxonomy":"product_cat","embeddable":true,"href":"https:\/\/skaitytaknyga.lt\/en\/wp-json\/wp\/v2\/product_cat?post=14494"},{"taxonomy":"product_tag","embeddable":true,"href":"https:\/\/skaitytaknyga.lt\/en\/wp-json\/wp\/v2\/product_tag?post=14494"}],"curies":[{"name":"wp","href":"https:\/\/api.w.org\/{rel}","templated":true}]}}