{"id":14488,"date":"2024-10-31T16:46:41","date_gmt":"2024-10-31T14:46:41","guid":{"rendered":"https:\/\/skaitytaknyga.lt\/?post_type=product&#038;p=14488"},"modified":"2024-10-31T16:49:46","modified_gmt":"2024-10-31T14:49:46","slug":"hovardas-pailas-robino-hudo-nuotykiai","status":"publish","type":"product","link":"https:\/\/skaitytaknyga.lt\/en\/produktas\/hovardas-pailas-robino-hudo-nuotykiai\/","title":{"rendered":"Hovardas Pailas  \u201eRobino Hudo nuotykiai&#8221;"},"content":{"rendered":"<p>U\u017e \u012fstatymo rib\u0173 atsid\u016br\u0119s narsuolis ir akipl\u0117\u0161a Robinas Hudas bei jo pasek\u0117j\u0173 smagus b\u016brys, apipl\u0117\u0161dami turtuolius ir pad\u0117dami varguoliams, siaut\u0117ja \u0160ervudo girioje.<\/p>\n<p>\u0160i\u0173 nutr\u016bktgalvi\u0173 nepaprasti \u017eygdarbiai i\u0161tisus \u0161imtme\u010dius jaudino ir tebed\u017eiugina jaunuosius skaitytojus.<\/p>\n","protected":false},"excerpt":{"rendered":"<p>U\u017e \u012fstatymo rib\u0173 atsid\u016br\u0119s narsuolis ir akipl\u0117\u0161a Robinas Hudas bei jo pasek\u0117j\u0173 smagus b\u016brys, apipl\u0117\u0161dami turtuolius ir pad\u0117dami varguoliams, siaut\u0117ja \u0160ervudo girioje. \u0160i\u0173 nutr\u016bktgalvi\u0173 nepaprasti \u017eygdarbiai i\u0161tisus \u0161imtme\u010dius jaudino ir tebed\u017eiugina jaunuosius skaitytojus.<\/p>\n","protected":false},"featured_media":14490,"comment_status":"closed","ping_status":"closed","template":"","meta":{"_acf_changed":false,"site-sidebar-layout":"default","site-content-layout":"","ast-site-content-layout":"default","site-content-style":"default","site-sidebar-style":"default","ast-global-header-display":"","ast-banner-title-visibility":"","ast-main-header-display":"","ast-hfb-above-header-display":"","ast-hfb-below-header-display":"","ast-hfb-mobile-header-display":"","site-post-title":"","ast-breadcrumbs-content":"","ast-featured-img":"","footer-sml-layout":"","ast-disable-related-posts":"","theme-transparent-header-meta":"default","adv-header-id-meta":"","stick-header-meta":"","header-above-stick-meta":"","header-main-stick-meta":"","header-below-stick-meta":"","astra-migrate-meta-layouts":"set","ast-page-background-enabled":"default","ast-page-background-meta":{"desktop":{"background-color":"","background-image":"","background-repeat":"repeat","background-position":"center center","background-size":"auto","background-attachment":"scroll","background-type":"","background-media":"","overlay-type":"","overlay-color":"","overlay-opacity":"","overlay-gradient":""},"tablet":{"background-color":"","background-image":"","background-repeat":"repeat","background-position":"center center","background-size":"auto","background-attachment":"scroll","background-type":"","background-media":"","overlay-type":"","overlay-color":"","overlay-opacity":"","overlay-gradient":""},"mobile":{"background-color":"","background-image":"","background-repeat":"repeat","background-position":"center center","background-size":"auto","background-attachment":"scroll","background-type":"","background-media":"","overlay-type":"","overlay-color":"","overlay-opacity":"","overlay-gradient":""}},"ast-content-background-meta":{"desktop":{"background-color":"var(--ast-global-color-4)","background-image":"","background-repeat":"repeat","background-position":"center center","background-size":"auto","background-attachment":"scroll","background-type":"","background-media":"","overlay-type":"","overlay-color":"","overlay-opacity":"","overlay-gradient":""},"tablet":{"background-color":"var(--ast-global-color-4)","background-image":"","background-repeat":"repeat","background-position":"center center","background-size":"auto","background-attachment":"scroll","background-type":"","background-media":"","overlay-type":"","overlay-color":"","overlay-opacity":"","overlay-gradient":""},"mobile":{"background-color":"var(--ast-global-color-4)","background-image":"","background-repeat":"repeat","background-position":"center center","background-size":"auto","background-attachment":"scroll","background-type":"","background-media":"","overlay-type":"","overlay-color":"","overlay-opacity":"","overlay-gradient":""}}},"product_brand":[],"product_cat":[35],"product_tag":[],"class_list":{"0":"post-14488","1":"product","2":"type-product","3":"status-publish","4":"has-post-thumbnail","6":"product_cat-vaikams-ir-paaugliams","7":"desktop-align-left","8":"tablet-align-left","9":"mobile-align-left","11":"first","12":"instock","13":"shipping-taxable","14":"purchasable","15":"product-type-simple"},"acf":[],"yoast_head":"<!-- This site is optimized with the Yoast SEO plugin v27.0 - https:\/\/yoast.com\/product\/yoast-seo-wordpress\/ -->\n<title>Hovardas Pailas \u201eRobino Hudo nuotykiai&quot;<\/title>\n<meta name=\"description\" content=\"U\u017e \u012fstatymo rib\u0173 atsid\u016br\u0119s narsuolis ir akipl\u0117\u0161a Robinas Hudas bei jo pasek\u0117j\u0173 smagus b\u016brys, apipl\u0117\u0161dami turtuolius ir pad\u0117dami varguoliams, siaut\u0117ja\" \/>\n<meta name=\"robots\" content=\"index, follow, max-snippet:-1, max-image-preview:large, max-video-preview:-1\" \/>\n<link rel=\"canonical\" href=\"https:\/\/skaitytaknyga.lt\/en\/produktas\/hovardas-pailas-robino-hudo-nuotykiai\/\" \/>\n<meta property=\"og:locale\" content=\"en_GB\" \/>\n<meta property=\"og:locale:alternate\" content=\"lt_LT\" \/>\n<meta property=\"og:type\" content=\"article\" \/>\n<meta property=\"og:title\" content=\"Hovardas Pailas \u201eRobino Hudo nuotykiai&quot;\" \/>\n<meta property=\"og:description\" content=\"U\u017e \u012fstatymo rib\u0173 atsid\u016br\u0119s narsuolis ir akipl\u0117\u0161a Robinas Hudas bei jo pasek\u0117j\u0173 smagus b\u016brys, apipl\u0117\u0161dami turtuolius ir pad\u0117dami varguoliams, siaut\u0117ja\" \/>\n<meta property=\"og:url\" content=\"https:\/\/skaitytaknyga.lt\/en\/produktas\/hovardas-pailas-robino-hudo-nuotykiai\/\" \/>\n<meta property=\"og:site_name\" content=\"Skaitytaknyga\" \/>\n<meta property=\"article:publisher\" content=\"https:\/\/www.facebook.com\/skaitytaknyga\/\" \/>\n<meta property=\"article:modified_time\" content=\"2024-10-31T14:49:46+00:00\" \/>\n<meta property=\"og:image\" content=\"https:\/\/skaitytaknyga.lt\/wp-content\/uploads\/2024\/10\/hovardas-pailas-robino-hudo-nuotykiai-e1730386142669.jpg\" \/>\n\t<meta property=\"og:image:width\" content=\"260\" \/>\n\t<meta property=\"og:image:height\" content=\"405\" \/>\n\t<meta property=\"og:image:type\" content=\"image\/jpeg\" \/>\n<meta name=\"twitter:card\" content=\"summary_large_image\" \/>\n<meta name=\"twitter:label1\" content=\"Estimated reading time\" \/>\n\t<meta name=\"twitter:data1\" content=\"1 minute\" \/>\n<script type=\"application\/ld+json\" class=\"yoast-schema-graph\">{\"@context\":\"https:\/\/schema.org\",\"@graph\":[{\"@type\":\"WebPage\",\"@id\":\"https:\/\/skaitytaknyga.lt\/produktas\/hovardas-pailas-robino-hudo-nuotykiai\/\",\"url\":\"https:\/\/skaitytaknyga.lt\/produktas\/hovardas-pailas-robino-hudo-nuotykiai\/\",\"name\":\"Hovardas Pailas \u201eRobino Hudo nuotykiai\\\"\",\"isPartOf\":{\"@id\":\"https:\/\/skaitytaknyga.lt\/#website\"},\"primaryImageOfPage\":{\"@id\":\"https:\/\/skaitytaknyga.lt\/produktas\/hovardas-pailas-robino-hudo-nuotykiai\/#primaryimage\"},\"image\":{\"@id\":\"https:\/\/skaitytaknyga.lt\/produktas\/hovardas-pailas-robino-hudo-nuotykiai\/#primaryimage\"},\"thumbnailUrl\":\"https:\/\/skaitytaknyga.lt\/wp-content\/uploads\/2024\/10\/hovardas-pailas-robino-hudo-nuotykiai-e1730386142669.jpg\",\"datePublished\":\"2024-10-31T14:46:41+00:00\",\"dateModified\":\"2024-10-31T14:49:46+00:00\",\"description\":\"U\u017e \u012fstatymo rib\u0173 atsid\u016br\u0119s narsuolis ir akipl\u0117\u0161a Robinas Hudas bei jo pasek\u0117j\u0173 smagus b\u016brys, apipl\u0117\u0161dami turtuolius ir pad\u0117dami varguoliams, siaut\u0117ja\",\"breadcrumb\":{\"@id\":\"https:\/\/skaitytaknyga.lt\/produktas\/hovardas-pailas-robino-hudo-nuotykiai\/#breadcrumb\"},\"inLanguage\":\"en-GB\",\"potentialAction\":[{\"@type\":\"ReadAction\",\"target\":[\"https:\/\/skaitytaknyga.lt\/produktas\/hovardas-pailas-robino-hudo-nuotykiai\/\"]}]},{\"@type\":\"ImageObject\",\"inLanguage\":\"en-GB\",\"@id\":\"https:\/\/skaitytaknyga.lt\/produktas\/hovardas-pailas-robino-hudo-nuotykiai\/#primaryimage\",\"url\":\"https:\/\/skaitytaknyga.lt\/wp-content\/uploads\/2024\/10\/hovardas-pailas-robino-hudo-nuotykiai-e1730386142669.jpg\",\"contentUrl\":\"https:\/\/skaitytaknyga.lt\/wp-content\/uploads\/2024\/10\/hovardas-pailas-robino-hudo-nuotykiai-e1730386142669.jpg\",\"width\":260,\"height\":405},{\"@type\":\"BreadcrumbList\",\"@id\":\"https:\/\/skaitytaknyga.lt\/produktas\/hovardas-pailas-robino-hudo-nuotykiai\/#breadcrumb\",\"itemListElement\":[{\"@type\":\"ListItem\",\"position\":1,\"name\":\"Home\",\"item\":\"https:\/\/skaitytaknyga.lt\/\"},{\"@type\":\"ListItem\",\"position\":2,\"name\":\"Parduotuv\u0117\",\"item\":\"https:\/\/skaitytaknyga.lt\/knygu-parduotuve\/\"},{\"@type\":\"ListItem\",\"position\":3,\"name\":\"Hovardas Pailas \u201eRobino Hudo nuotykiai&#8221;\"}]},{\"@type\":\"WebSite\",\"@id\":\"https:\/\/skaitytaknyga.lt\/#website\",\"url\":\"https:\/\/skaitytaknyga.lt\/\",\"name\":\"skaitytaknyga.lt\",\"description\":\"Skaitytaknyga.lt \u2013 tai ma\u017eas \u0161eimos verslas, kuris prasid\u0117jo nuo meil\u0117s knygoms ir siekio i\u0161gelb\u0117ti knygas nuo likimo prie konteinerio. Kas vienam nereikalingas daiktas \u2013 kitam lobis, o mes esame tarpininkai, kurie padeda abiems tapti laimingesniems ???? \u017dinome kaip nelengva i\u0161gyventi ma\u017eiems verslams, tad nuo \u0161iol, \u010dia rasite ir kit\u0173, ma\u017e\u0173 \u0161eim\u0173 versl\u0173, rank\u0173 darbo, dovan\u0173 sau ir artimiesiems.\",\"publisher\":{\"@id\":\"https:\/\/skaitytaknyga.lt\/#organization\"},\"potentialAction\":[{\"@type\":\"SearchAction\",\"target\":{\"@type\":\"EntryPoint\",\"urlTemplate\":\"https:\/\/skaitytaknyga.lt\/?s={search_term_string}\"},\"query-input\":{\"@type\":\"PropertyValueSpecification\",\"valueRequired\":true,\"valueName\":\"search_term_string\"}}],\"inLanguage\":\"en-GB\"},{\"@type\":\"Organization\",\"@id\":\"https:\/\/skaitytaknyga.lt\/#organization\",\"name\":\"skaitytaknyga.lt\",\"url\":\"https:\/\/skaitytaknyga.lt\/\",\"logo\":{\"@type\":\"ImageObject\",\"inLanguage\":\"en-GB\",\"@id\":\"https:\/\/skaitytaknyga.lt\/#\/schema\/logo\/image\/\",\"url\":\"https:\/\/skaitytaknyga.lt\/wp-content\/uploads\/2024\/05\/cropped-cropped-cropped-02_00843_jt3bggkj1j3HLc7SyY6rEUpg.jpeg\",\"contentUrl\":\"https:\/\/skaitytaknyga.lt\/wp-content\/uploads\/2024\/05\/cropped-cropped-cropped-02_00843_jt3bggkj1j3HLc7SyY6rEUpg.jpeg\",\"width\":1600,\"height\":1600,\"caption\":\"skaitytaknyga.lt\"},\"image\":{\"@id\":\"https:\/\/skaitytaknyga.lt\/#\/schema\/logo\/image\/\"},\"sameAs\":[\"https:\/\/www.facebook.com\/skaitytaknyga\/\"]}]}<\/script>\n<!-- \/ Yoast SEO plugin. -->","yoast_head_json":{"title":"Hovardas Pailas \u201eRobino Hudo nuotykiai\"","description":"U\u017e \u012fstatymo rib\u0173 atsid\u016br\u0119s narsuolis ir akipl\u0117\u0161a Robinas Hudas bei jo pasek\u0117j\u0173 smagus b\u016brys, apipl\u0117\u0161dami turtuolius ir pad\u0117dami varguoliams, siaut\u0117ja","robots":{"index":"index","follow":"follow","max-snippet":"max-snippet:-1","max-image-preview":"max-image-preview:large","max-video-preview":"max-video-preview:-1"},"canonical":"https:\/\/skaitytaknyga.lt\/en\/produktas\/hovardas-pailas-robino-hudo-nuotykiai\/","og_locale":"en_GB","og_type":"article","og_title":"[:lt]Hovardas Pailas \u201eRobino Hudo nuotykiai\"[:] - Skaitytaknyga","og_description":"U\u017e \u012fstatymo rib\u0173 atsid\u016br\u0119s narsuolis ir akipl\u0117\u0161a Robinas Hudas bei jo pasek\u0117j\u0173 smagus b\u016brys, apipl\u0117\u0161dami turtuolius ir pad\u0117dami varguoliams, siaut\u0117ja","og_url":"https:\/\/skaitytaknyga.lt\/en\/produktas\/hovardas-pailas-robino-hudo-nuotykiai\/","og_site_name":"Skaitytaknyga","article_publisher":"https:\/\/www.facebook.com\/skaitytaknyga\/","article_modified_time":"2024-10-31T14:49:46+00:00","og_image":[{"width":260,"height":405,"url":"https:\/\/skaitytaknyga.lt\/wp-content\/uploads\/2024\/10\/hovardas-pailas-robino-hudo-nuotykiai-e1730386142669.jpg","type":"image\/jpeg"}],"twitter_card":"summary_large_image","twitter_misc":{"Estimated reading time":"1 minute"},"schema":{"@context":"https:\/\/schema.org","@graph":[{"@type":"WebPage","@id":"https:\/\/skaitytaknyga.lt\/produktas\/hovardas-pailas-robino-hudo-nuotykiai\/","url":"https:\/\/skaitytaknyga.lt\/produktas\/hovardas-pailas-robino-hudo-nuotykiai\/","name":"Hovardas Pailas \u201eRobino Hudo nuotykiai\"","isPartOf":{"@id":"https:\/\/skaitytaknyga.lt\/#website"},"primaryImageOfPage":{"@id":"https:\/\/skaitytaknyga.lt\/produktas\/hovardas-pailas-robino-hudo-nuotykiai\/#primaryimage"},"image":{"@id":"https:\/\/skaitytaknyga.lt\/produktas\/hovardas-pailas-robino-hudo-nuotykiai\/#primaryimage"},"thumbnailUrl":"https:\/\/skaitytaknyga.lt\/wp-content\/uploads\/2024\/10\/hovardas-pailas-robino-hudo-nuotykiai-e1730386142669.jpg","datePublished":"2024-10-31T14:46:41+00:00","dateModified":"2024-10-31T14:49:46+00:00","description":"U\u017e \u012fstatymo rib\u0173 atsid\u016br\u0119s narsuolis ir akipl\u0117\u0161a Robinas Hudas bei jo pasek\u0117j\u0173 smagus b\u016brys, apipl\u0117\u0161dami turtuolius ir pad\u0117dami varguoliams, siaut\u0117ja","breadcrumb":{"@id":"https:\/\/skaitytaknyga.lt\/produktas\/hovardas-pailas-robino-hudo-nuotykiai\/#breadcrumb"},"inLanguage":"en-GB","potentialAction":[{"@type":"ReadAction","target":["https:\/\/skaitytaknyga.lt\/produktas\/hovardas-pailas-robino-hudo-nuotykiai\/"]}]},{"@type":"ImageObject","inLanguage":"en-GB","@id":"https:\/\/skaitytaknyga.lt\/produktas\/hovardas-pailas-robino-hudo-nuotykiai\/#primaryimage","url":"https:\/\/skaitytaknyga.lt\/wp-content\/uploads\/2024\/10\/hovardas-pailas-robino-hudo-nuotykiai-e1730386142669.jpg","contentUrl":"https:\/\/skaitytaknyga.lt\/wp-content\/uploads\/2024\/10\/hovardas-pailas-robino-hudo-nuotykiai-e1730386142669.jpg","width":260,"height":405},{"@type":"BreadcrumbList","@id":"https:\/\/skaitytaknyga.lt\/produktas\/hovardas-pailas-robino-hudo-nuotykiai\/#breadcrumb","itemListElement":[{"@type":"ListItem","position":1,"name":"Home","item":"https:\/\/skaitytaknyga.lt\/"},{"@type":"ListItem","position":2,"name":"Parduotuv\u0117","item":"https:\/\/skaitytaknyga.lt\/knygu-parduotuve\/"},{"@type":"ListItem","position":3,"name":"Hovardas Pailas \u201eRobino Hudo nuotykiai&#8221;"}]},{"@type":"WebSite","@id":"https:\/\/skaitytaknyga.lt\/#website","url":"https:\/\/skaitytaknyga.lt\/","name":"skaitytaknyga.lt","description":"Skaitytaknyga.lt \u2013 tai ma\u017eas \u0161eimos verslas, kuris prasid\u0117jo nuo meil\u0117s knygoms ir siekio i\u0161gelb\u0117ti knygas nuo likimo prie konteinerio. Kas vienam nereikalingas daiktas \u2013 kitam lobis, o mes esame tarpininkai, kurie padeda abiems tapti laimingesniems ???? \u017dinome kaip nelengva i\u0161gyventi ma\u017eiems verslams, tad nuo \u0161iol, \u010dia rasite ir kit\u0173, ma\u017e\u0173 \u0161eim\u0173 versl\u0173, rank\u0173 darbo, dovan\u0173 sau ir artimiesiems.","publisher":{"@id":"https:\/\/skaitytaknyga.lt\/#organization"},"potentialAction":[{"@type":"SearchAction","target":{"@type":"EntryPoint","urlTemplate":"https:\/\/skaitytaknyga.lt\/?s={search_term_string}"},"query-input":{"@type":"PropertyValueSpecification","valueRequired":true,"valueName":"search_term_string"}}],"inLanguage":"en-GB"},{"@type":"Organization","@id":"https:\/\/skaitytaknyga.lt\/#organization","name":"skaitytaknyga.lt","url":"https:\/\/skaitytaknyga.lt\/","logo":{"@type":"ImageObject","inLanguage":"en-GB","@id":"https:\/\/skaitytaknyga.lt\/#\/schema\/logo\/image\/","url":"https:\/\/skaitytaknyga.lt\/wp-content\/uploads\/2024\/05\/cropped-cropped-cropped-02_00843_jt3bggkj1j3HLc7SyY6rEUpg.jpeg","contentUrl":"https:\/\/skaitytaknyga.lt\/wp-content\/uploads\/2024\/05\/cropped-cropped-cropped-02_00843_jt3bggkj1j3HLc7SyY6rEUpg.jpeg","width":1600,"height":1600,"caption":"skaitytaknyga.lt"},"image":{"@id":"https:\/\/skaitytaknyga.lt\/#\/schema\/logo\/image\/"},"sameAs":["https:\/\/www.facebook.com\/skaitytaknyga\/"]}]}},"_links":{"self":[{"href":"https:\/\/skaitytaknyga.lt\/en\/wp-json\/wp\/v2\/product\/14488","targetHints":{"allow":["GET"]}}],"collection":[{"href":"https:\/\/skaitytaknyga.lt\/en\/wp-json\/wp\/v2\/product"}],"about":[{"href":"https:\/\/skaitytaknyga.lt\/en\/wp-json\/wp\/v2\/types\/product"}],"replies":[{"embeddable":true,"href":"https:\/\/skaitytaknyga.lt\/en\/wp-json\/wp\/v2\/comments?post=14488"}],"wp:featuredmedia":[{"embeddable":true,"href":"https:\/\/skaitytaknyga.lt\/en\/wp-json\/wp\/v2\/media\/14490"}],"wp:attachment":[{"href":"https:\/\/skaitytaknyga.lt\/en\/wp-json\/wp\/v2\/media?parent=14488"}],"wp:term":[{"taxonomy":"product_brand","embeddable":true,"href":"https:\/\/skaitytaknyga.lt\/en\/wp-json\/wp\/v2\/product_brand?post=14488"},{"taxonomy":"product_cat","embeddable":true,"href":"https:\/\/skaitytaknyga.lt\/en\/wp-json\/wp\/v2\/product_cat?post=14488"},{"taxonomy":"product_tag","embeddable":true,"href":"https:\/\/skaitytaknyga.lt\/en\/wp-json\/wp\/v2\/product_tag?post=14488"}],"curies":[{"name":"wp","href":"https:\/\/api.w.org\/{rel}","templated":true}]}}