{"id":14484,"date":"2024-10-31T16:35:22","date_gmt":"2024-10-31T14:35:22","guid":{"rendered":"https:\/\/skaitytaknyga.lt\/?post_type=product&#038;p=14484"},"modified":"2024-10-31T16:42:42","modified_gmt":"2024-10-31T14:42:42","slug":"i-miela-sali-lietuva","status":"publish","type":"product","link":"https:\/\/skaitytaknyga.lt\/en\/produktas\/i-miela-sali-lietuva\/","title":{"rendered":"\u012e miel\u0105 \u0161al\u012f Lietuv\u0105"},"content":{"rendered":"<p>Knygoje \u201e\u012e miel\u0105 \u0161al\u012f Lietuv\u0105. Pargabenimo \u012f Lietuv\u0105 istorijos\u201c pateikiamos tremtini\u0173 b\u0117gli\u0173 ir na\u0161lai\u010di\u0173 pargabenimo \u012f Lietuv\u0105 istorijos. Pirmojoje dalyje pasakojama apie nelegal\u0173 tremtini\u0173 gr\u012f\u017eim\u0105 \u012f Lietuv\u0105 ir su tuo susijusius dramati\u0161kus i\u0161gyvenimus remiantis autenti\u0161kais prisiminimais. Antrojoje dalyje supa\u017eindinama su legaliu tremtini\u0173 vaik\u0173 na\u0161lai\u010di\u0173 pargabenimu \u012f T\u0117vyn\u0119. Apie \u0161ias ekspedicijas ir u\u017e jas atsakingus asmenis visuomen\u0117 dar ma\u017eai \u017eino, tod\u0117l stengtasi kuo i\u0161samiau papasakoti apie pasiaukojusius ekspedicij\u0173 vadovus, kurie vyko \u012f tolimas ir pavoj\u0173 kupinas keliones, kad parve\u017et\u0173 \u012f T\u0117vyn\u0119 svetimoje \u017eem\u0117je vargstan\u010dius na\u0161lai\u010dius.<\/p>\n<ul class=\"about-product d-none d-xl-block mt-4\">\n<li><strong>Autorius:<\/strong>\u00a0Rimvydas Rac\u0117nas<\/li>\n<li><strong>Metai:<\/strong>\u00a02013<\/li>\n<li><strong>Puslapiai:<\/strong>\u00a0168<\/li>\n<li class=\"toggleable type-new-formats \"><strong>Formatas:<\/strong>\u00a016 x 22 cm, mink\u0161ti vir\u0161eliai<\/li>\n<li><strong>Kalba:<\/strong>\u00a0Lietuvi\u0173<\/li>\n<\/ul>\n","protected":false},"excerpt":{"rendered":"<p>Knygoje \u201e\u012e miel\u0105 \u0161al\u012f Lietuv\u0105. Pargabenimo \u012f Lietuv\u0105 istorijos\u201c pateikiamos tremtini\u0173 b\u0117gli\u0173 ir na\u0161lai\u010di\u0173 pargabenimo \u012f Lietuv\u0105 istorijos. Pirmojoje dalyje pasakojama apie nelegal\u0173 tremtini\u0173 gr\u012f\u017eim\u0105 \u012f Lietuv\u0105 ir su tuo susijusius dramati\u0161kus i\u0161gyvenimus remiantis autenti\u0161kais prisiminimais. Antrojoje dalyje supa\u017eindinama su legaliu tremtini\u0173 vaik\u0173 na\u0161lai\u010di\u0173 pargabenimu \u012f T\u0117vyn\u0119. Apie \u0161ias ekspedicijas ir u\u017e jas atsakingus asmenis visuomen\u0117 dar ma\u017eai \u017eino, tod\u0117l stengtasi kuo i\u0161samiau papasakoti apie pasiaukojusius ekspedicij\u0173 vadovus, kurie vyko \u012f tolimas ir pavoj\u0173 kupinas keliones, kad parve\u017et\u0173 \u012f T\u0117vyn\u0119 svetimoje \u017eem\u0117je vargstan\u010dius na\u0161lai\u010dius. Autorius:\u00a0Rimvydas Rac\u0117nas Metai:\u00a02013 Puslapiai:\u00a0168 Formatas:\u00a016 x 22 cm, mink\u0161ti vir\u0161eliai Kalba:\u00a0Lietuvi\u0173<\/p>\n","protected":false},"featured_media":14485,"comment_status":"open","ping_status":"closed","template":"","meta":{"_acf_changed":false,"site-sidebar-layout":"default","site-content-layout":"","ast-site-content-layout":"default","site-content-style":"default","site-sidebar-style":"default","ast-global-header-display":"","ast-banner-title-visibility":"","ast-main-header-display":"","ast-hfb-above-header-display":"","ast-hfb-below-header-display":"","ast-hfb-mobile-header-display":"","site-post-title":"","ast-breadcrumbs-content":"","ast-featured-img":"","footer-sml-layout":"","ast-disable-related-posts":"","theme-transparent-header-meta":"default","adv-header-id-meta":"","stick-header-meta":"","header-above-stick-meta":"","header-main-stick-meta":"","header-below-stick-meta":"","astra-migrate-meta-layouts":"set","ast-page-background-enabled":"default","ast-page-background-meta":{"desktop":{"background-color":"","background-image":"","background-repeat":"repeat","background-position":"center center","background-size":"auto","background-attachment":"scroll","background-type":"","background-media":"","overlay-type":"","overlay-color":"","overlay-opacity":"","overlay-gradient":""},"tablet":{"background-color":"","background-image":"","background-repeat":"repeat","background-position":"center center","background-size":"auto","background-attachment":"scroll","background-type":"","background-media":"","overlay-type":"","overlay-color":"","overlay-opacity":"","overlay-gradient":""},"mobile":{"background-color":"","background-image":"","background-repeat":"repeat","background-position":"center center","background-size":"auto","background-attachment":"scroll","background-type":"","background-media":"","overlay-type":"","overlay-color":"","overlay-opacity":"","overlay-gradient":""}},"ast-content-background-meta":{"desktop":{"background-color":"var(--ast-global-color-4)","background-image":"","background-repeat":"repeat","background-position":"center center","background-size":"auto","background-attachment":"scroll","background-type":"","background-media":"","overlay-type":"","overlay-color":"","overlay-opacity":"","overlay-gradient":""},"tablet":{"background-color":"var(--ast-global-color-4)","background-image":"","background-repeat":"repeat","background-position":"center center","background-size":"auto","background-attachment":"scroll","background-type":"","background-media":"","overlay-type":"","overlay-color":"","overlay-opacity":"","overlay-gradient":""},"mobile":{"background-color":"var(--ast-global-color-4)","background-image":"","background-repeat":"repeat","background-position":"center center","background-size":"auto","background-attachment":"scroll","background-type":"","background-media":"","overlay-type":"","overlay-color":"","overlay-opacity":"","overlay-gradient":""}}},"product_brand":[],"product_cat":[174,15],"product_tag":[],"class_list":{"0":"post-14484","1":"product","2":"type-product","3":"status-publish","4":"has-post-thumbnail","6":"product_cat-istorija-ir-politologija","7":"product_cat-uncategorized","8":"desktop-align-left","9":"tablet-align-left","10":"mobile-align-left","12":"first","13":"instock","14":"shipping-taxable","15":"purchasable","16":"product-type-simple"},"acf":[],"yoast_head":"<!-- This site is optimized with the Yoast SEO plugin v27.0 - https:\/\/yoast.com\/product\/yoast-seo-wordpress\/ -->\n<title>\u012e miel\u0105 \u0161al\u012f Lietuv\u0105<\/title>\n<meta name=\"description\" content=\"Knygoje \u201e\u012e miel\u0105 \u0161al\u012f Lietuv\u0105. Pargabenimo \u012f Lietuv\u0105 istorijos\u201c pateikiamos tremtini\u0173 b\u0117gli\u0173 ir na\u0161lai\u010di\u0173 pargabenimo \u012f Lietuv\u0105 istorijos. Pirmojoje\" \/>\n<meta name=\"robots\" content=\"index, follow, max-snippet:-1, max-image-preview:large, max-video-preview:-1\" \/>\n<link rel=\"canonical\" href=\"https:\/\/skaitytaknyga.lt\/en\/produktas\/i-miela-sali-lietuva\/\" \/>\n<meta property=\"og:locale\" content=\"en_GB\" \/>\n<meta property=\"og:locale:alternate\" content=\"lt_LT\" \/>\n<meta property=\"og:type\" content=\"article\" \/>\n<meta property=\"og:title\" content=\"\u012e miel\u0105 \u0161al\u012f Lietuv\u0105\" \/>\n<meta property=\"og:description\" content=\"Knygoje \u201e\u012e miel\u0105 \u0161al\u012f Lietuv\u0105. Pargabenimo \u012f Lietuv\u0105 istorijos\u201c pateikiamos tremtini\u0173 b\u0117gli\u0173 ir na\u0161lai\u010di\u0173 pargabenimo \u012f Lietuv\u0105 istorijos. Pirmojoje\" \/>\n<meta property=\"og:url\" content=\"https:\/\/skaitytaknyga.lt\/en\/produktas\/i-miela-sali-lietuva\/\" \/>\n<meta property=\"og:site_name\" content=\"Skaitytaknyga\" \/>\n<meta property=\"article:publisher\" content=\"https:\/\/www.facebook.com\/skaitytaknyga\/\" \/>\n<meta property=\"article:modified_time\" content=\"2024-10-31T14:42:42+00:00\" \/>\n<meta property=\"og:image\" content=\"https:\/\/skaitytaknyga.lt\/wp-content\/uploads\/2024\/10\/I-miela-sali-Lietuva.webp\" \/>\n\t<meta property=\"og:image:width\" content=\"453\" \/>\n\t<meta property=\"og:image:height\" content=\"600\" \/>\n\t<meta property=\"og:image:type\" content=\"image\/webp\" \/>\n<meta name=\"twitter:card\" content=\"summary_large_image\" \/>\n<meta name=\"twitter:label1\" content=\"Estimated reading time\" \/>\n\t<meta name=\"twitter:data1\" content=\"1 minute\" \/>\n<script type=\"application\/ld+json\" class=\"yoast-schema-graph\">{\"@context\":\"https:\/\/schema.org\",\"@graph\":[{\"@type\":\"WebPage\",\"@id\":\"https:\/\/skaitytaknyga.lt\/produktas\/i-miela-sali-lietuva\/\",\"url\":\"https:\/\/skaitytaknyga.lt\/produktas\/i-miela-sali-lietuva\/\",\"name\":\"\u012e miel\u0105 \u0161al\u012f Lietuv\u0105\",\"isPartOf\":{\"@id\":\"https:\/\/skaitytaknyga.lt\/#website\"},\"primaryImageOfPage\":{\"@id\":\"https:\/\/skaitytaknyga.lt\/produktas\/i-miela-sali-lietuva\/#primaryimage\"},\"image\":{\"@id\":\"https:\/\/skaitytaknyga.lt\/produktas\/i-miela-sali-lietuva\/#primaryimage\"},\"thumbnailUrl\":\"https:\/\/skaitytaknyga.lt\/wp-content\/uploads\/2024\/10\/I-miela-sali-Lietuva.webp\",\"datePublished\":\"2024-10-31T14:35:22+00:00\",\"dateModified\":\"2024-10-31T14:42:42+00:00\",\"description\":\"Knygoje \u201e\u012e miel\u0105 \u0161al\u012f Lietuv\u0105. Pargabenimo \u012f Lietuv\u0105 istorijos\u201c pateikiamos tremtini\u0173 b\u0117gli\u0173 ir na\u0161lai\u010di\u0173 pargabenimo \u012f Lietuv\u0105 istorijos. Pirmojoje\",\"breadcrumb\":{\"@id\":\"https:\/\/skaitytaknyga.lt\/produktas\/i-miela-sali-lietuva\/#breadcrumb\"},\"inLanguage\":\"en-GB\",\"potentialAction\":[{\"@type\":\"ReadAction\",\"target\":[\"https:\/\/skaitytaknyga.lt\/produktas\/i-miela-sali-lietuva\/\"]}]},{\"@type\":\"ImageObject\",\"inLanguage\":\"en-GB\",\"@id\":\"https:\/\/skaitytaknyga.lt\/produktas\/i-miela-sali-lietuva\/#primaryimage\",\"url\":\"https:\/\/skaitytaknyga.lt\/wp-content\/uploads\/2024\/10\/I-miela-sali-Lietuva.webp\",\"contentUrl\":\"https:\/\/skaitytaknyga.lt\/wp-content\/uploads\/2024\/10\/I-miela-sali-Lietuva.webp\",\"width\":453,\"height\":600,\"caption\":\"\u012e miel\u0105 \u0161al\u012f Lietuv\u0105\"},{\"@type\":\"BreadcrumbList\",\"@id\":\"https:\/\/skaitytaknyga.lt\/produktas\/i-miela-sali-lietuva\/#breadcrumb\",\"itemListElement\":[{\"@type\":\"ListItem\",\"position\":1,\"name\":\"Home\",\"item\":\"https:\/\/skaitytaknyga.lt\/\"},{\"@type\":\"ListItem\",\"position\":2,\"name\":\"Parduotuv\u0117\",\"item\":\"https:\/\/skaitytaknyga.lt\/knygu-parduotuve\/\"},{\"@type\":\"ListItem\",\"position\":3,\"name\":\"\u012e miel\u0105 \u0161al\u012f Lietuv\u0105\"}]},{\"@type\":\"WebSite\",\"@id\":\"https:\/\/skaitytaknyga.lt\/#website\",\"url\":\"https:\/\/skaitytaknyga.lt\/\",\"name\":\"skaitytaknyga.lt\",\"description\":\"Skaitytaknyga.lt \u2013 tai ma\u017eas \u0161eimos verslas, kuris prasid\u0117jo nuo meil\u0117s knygoms ir siekio i\u0161gelb\u0117ti knygas nuo likimo prie konteinerio. Kas vienam nereikalingas daiktas \u2013 kitam lobis, o mes esame tarpininkai, kurie padeda abiems tapti laimingesniems ???? \u017dinome kaip nelengva i\u0161gyventi ma\u017eiems verslams, tad nuo \u0161iol, \u010dia rasite ir kit\u0173, ma\u017e\u0173 \u0161eim\u0173 versl\u0173, rank\u0173 darbo, dovan\u0173 sau ir artimiesiems.\",\"publisher\":{\"@id\":\"https:\/\/skaitytaknyga.lt\/#organization\"},\"potentialAction\":[{\"@type\":\"SearchAction\",\"target\":{\"@type\":\"EntryPoint\",\"urlTemplate\":\"https:\/\/skaitytaknyga.lt\/?s={search_term_string}\"},\"query-input\":{\"@type\":\"PropertyValueSpecification\",\"valueRequired\":true,\"valueName\":\"search_term_string\"}}],\"inLanguage\":\"en-GB\"},{\"@type\":\"Organization\",\"@id\":\"https:\/\/skaitytaknyga.lt\/#organization\",\"name\":\"skaitytaknyga.lt\",\"url\":\"https:\/\/skaitytaknyga.lt\/\",\"logo\":{\"@type\":\"ImageObject\",\"inLanguage\":\"en-GB\",\"@id\":\"https:\/\/skaitytaknyga.lt\/#\/schema\/logo\/image\/\",\"url\":\"https:\/\/skaitytaknyga.lt\/wp-content\/uploads\/2024\/05\/cropped-cropped-cropped-02_00843_jt3bggkj1j3HLc7SyY6rEUpg.jpeg\",\"contentUrl\":\"https:\/\/skaitytaknyga.lt\/wp-content\/uploads\/2024\/05\/cropped-cropped-cropped-02_00843_jt3bggkj1j3HLc7SyY6rEUpg.jpeg\",\"width\":1600,\"height\":1600,\"caption\":\"skaitytaknyga.lt\"},\"image\":{\"@id\":\"https:\/\/skaitytaknyga.lt\/#\/schema\/logo\/image\/\"},\"sameAs\":[\"https:\/\/www.facebook.com\/skaitytaknyga\/\"]}]}<\/script>\n<!-- \/ Yoast SEO plugin. -->","yoast_head_json":{"title":"\u012e miel\u0105 \u0161al\u012f Lietuv\u0105","description":"Knygoje \u201e\u012e miel\u0105 \u0161al\u012f Lietuv\u0105. Pargabenimo \u012f Lietuv\u0105 istorijos\u201c pateikiamos tremtini\u0173 b\u0117gli\u0173 ir na\u0161lai\u010di\u0173 pargabenimo \u012f Lietuv\u0105 istorijos. Pirmojoje","robots":{"index":"index","follow":"follow","max-snippet":"max-snippet:-1","max-image-preview":"max-image-preview:large","max-video-preview":"max-video-preview:-1"},"canonical":"https:\/\/skaitytaknyga.lt\/en\/produktas\/i-miela-sali-lietuva\/","og_locale":"en_GB","og_type":"article","og_title":"[:lt]\u012e miel\u0105 \u0161al\u012f Lietuv\u0105[:] - Skaitytaknyga","og_description":"Knygoje \u201e\u012e miel\u0105 \u0161al\u012f Lietuv\u0105. Pargabenimo \u012f Lietuv\u0105 istorijos\u201c pateikiamos tremtini\u0173 b\u0117gli\u0173 ir na\u0161lai\u010di\u0173 pargabenimo \u012f Lietuv\u0105 istorijos. Pirmojoje","og_url":"https:\/\/skaitytaknyga.lt\/en\/produktas\/i-miela-sali-lietuva\/","og_site_name":"Skaitytaknyga","article_publisher":"https:\/\/www.facebook.com\/skaitytaknyga\/","article_modified_time":"2024-10-31T14:42:42+00:00","og_image":[{"width":453,"height":600,"url":"https:\/\/skaitytaknyga.lt\/wp-content\/uploads\/2024\/10\/I-miela-sali-Lietuva.webp","type":"image\/webp"}],"twitter_card":"summary_large_image","twitter_misc":{"Estimated reading time":"1 minute"},"schema":{"@context":"https:\/\/schema.org","@graph":[{"@type":"WebPage","@id":"https:\/\/skaitytaknyga.lt\/produktas\/i-miela-sali-lietuva\/","url":"https:\/\/skaitytaknyga.lt\/produktas\/i-miela-sali-lietuva\/","name":"\u012e miel\u0105 \u0161al\u012f Lietuv\u0105","isPartOf":{"@id":"https:\/\/skaitytaknyga.lt\/#website"},"primaryImageOfPage":{"@id":"https:\/\/skaitytaknyga.lt\/produktas\/i-miela-sali-lietuva\/#primaryimage"},"image":{"@id":"https:\/\/skaitytaknyga.lt\/produktas\/i-miela-sali-lietuva\/#primaryimage"},"thumbnailUrl":"https:\/\/skaitytaknyga.lt\/wp-content\/uploads\/2024\/10\/I-miela-sali-Lietuva.webp","datePublished":"2024-10-31T14:35:22+00:00","dateModified":"2024-10-31T14:42:42+00:00","description":"Knygoje \u201e\u012e miel\u0105 \u0161al\u012f Lietuv\u0105. Pargabenimo \u012f Lietuv\u0105 istorijos\u201c pateikiamos tremtini\u0173 b\u0117gli\u0173 ir na\u0161lai\u010di\u0173 pargabenimo \u012f Lietuv\u0105 istorijos. Pirmojoje","breadcrumb":{"@id":"https:\/\/skaitytaknyga.lt\/produktas\/i-miela-sali-lietuva\/#breadcrumb"},"inLanguage":"en-GB","potentialAction":[{"@type":"ReadAction","target":["https:\/\/skaitytaknyga.lt\/produktas\/i-miela-sali-lietuva\/"]}]},{"@type":"ImageObject","inLanguage":"en-GB","@id":"https:\/\/skaitytaknyga.lt\/produktas\/i-miela-sali-lietuva\/#primaryimage","url":"https:\/\/skaitytaknyga.lt\/wp-content\/uploads\/2024\/10\/I-miela-sali-Lietuva.webp","contentUrl":"https:\/\/skaitytaknyga.lt\/wp-content\/uploads\/2024\/10\/I-miela-sali-Lietuva.webp","width":453,"height":600,"caption":"\u012e miel\u0105 \u0161al\u012f Lietuv\u0105"},{"@type":"BreadcrumbList","@id":"https:\/\/skaitytaknyga.lt\/produktas\/i-miela-sali-lietuva\/#breadcrumb","itemListElement":[{"@type":"ListItem","position":1,"name":"Home","item":"https:\/\/skaitytaknyga.lt\/"},{"@type":"ListItem","position":2,"name":"Parduotuv\u0117","item":"https:\/\/skaitytaknyga.lt\/knygu-parduotuve\/"},{"@type":"ListItem","position":3,"name":"\u012e miel\u0105 \u0161al\u012f Lietuv\u0105"}]},{"@type":"WebSite","@id":"https:\/\/skaitytaknyga.lt\/#website","url":"https:\/\/skaitytaknyga.lt\/","name":"skaitytaknyga.lt","description":"Skaitytaknyga.lt \u2013 tai ma\u017eas \u0161eimos verslas, kuris prasid\u0117jo nuo meil\u0117s knygoms ir siekio i\u0161gelb\u0117ti knygas nuo likimo prie konteinerio. Kas vienam nereikalingas daiktas \u2013 kitam lobis, o mes esame tarpininkai, kurie padeda abiems tapti laimingesniems ???? \u017dinome kaip nelengva i\u0161gyventi ma\u017eiems verslams, tad nuo \u0161iol, \u010dia rasite ir kit\u0173, ma\u017e\u0173 \u0161eim\u0173 versl\u0173, rank\u0173 darbo, dovan\u0173 sau ir artimiesiems.","publisher":{"@id":"https:\/\/skaitytaknyga.lt\/#organization"},"potentialAction":[{"@type":"SearchAction","target":{"@type":"EntryPoint","urlTemplate":"https:\/\/skaitytaknyga.lt\/?s={search_term_string}"},"query-input":{"@type":"PropertyValueSpecification","valueRequired":true,"valueName":"search_term_string"}}],"inLanguage":"en-GB"},{"@type":"Organization","@id":"https:\/\/skaitytaknyga.lt\/#organization","name":"skaitytaknyga.lt","url":"https:\/\/skaitytaknyga.lt\/","logo":{"@type":"ImageObject","inLanguage":"en-GB","@id":"https:\/\/skaitytaknyga.lt\/#\/schema\/logo\/image\/","url":"https:\/\/skaitytaknyga.lt\/wp-content\/uploads\/2024\/05\/cropped-cropped-cropped-02_00843_jt3bggkj1j3HLc7SyY6rEUpg.jpeg","contentUrl":"https:\/\/skaitytaknyga.lt\/wp-content\/uploads\/2024\/05\/cropped-cropped-cropped-02_00843_jt3bggkj1j3HLc7SyY6rEUpg.jpeg","width":1600,"height":1600,"caption":"skaitytaknyga.lt"},"image":{"@id":"https:\/\/skaitytaknyga.lt\/#\/schema\/logo\/image\/"},"sameAs":["https:\/\/www.facebook.com\/skaitytaknyga\/"]}]}},"_links":{"self":[{"href":"https:\/\/skaitytaknyga.lt\/en\/wp-json\/wp\/v2\/product\/14484","targetHints":{"allow":["GET"]}}],"collection":[{"href":"https:\/\/skaitytaknyga.lt\/en\/wp-json\/wp\/v2\/product"}],"about":[{"href":"https:\/\/skaitytaknyga.lt\/en\/wp-json\/wp\/v2\/types\/product"}],"replies":[{"embeddable":true,"href":"https:\/\/skaitytaknyga.lt\/en\/wp-json\/wp\/v2\/comments?post=14484"}],"wp:featuredmedia":[{"embeddable":true,"href":"https:\/\/skaitytaknyga.lt\/en\/wp-json\/wp\/v2\/media\/14485"}],"wp:attachment":[{"href":"https:\/\/skaitytaknyga.lt\/en\/wp-json\/wp\/v2\/media?parent=14484"}],"wp:term":[{"taxonomy":"product_brand","embeddable":true,"href":"https:\/\/skaitytaknyga.lt\/en\/wp-json\/wp\/v2\/product_brand?post=14484"},{"taxonomy":"product_cat","embeddable":true,"href":"https:\/\/skaitytaknyga.lt\/en\/wp-json\/wp\/v2\/product_cat?post=14484"},{"taxonomy":"product_tag","embeddable":true,"href":"https:\/\/skaitytaknyga.lt\/en\/wp-json\/wp\/v2\/product_tag?post=14484"}],"curies":[{"name":"wp","href":"https:\/\/api.w.org\/{rel}","templated":true}]}}