{"id":14482,"date":"2024-10-31T16:35:22","date_gmt":"2024-10-31T14:35:22","guid":{"rendered":"https:\/\/skaitytaknyga.lt\/?post_type=product&#038;p=14482"},"modified":"2025-09-28T21:00:42","modified_gmt":"2025-09-28T18:00:42","slug":"eziukas-ruke","status":"publish","type":"product","link":"https:\/\/skaitytaknyga.lt\/en\/produktas\/eziukas-ruke\/","title":{"rendered":"E\u017eiukas r\u016bke (kelios d\u0117mel\u0117s knygos apa\u010dioje)"},"content":{"rendered":"<h3><span style=\"font-size: 16px\">Jei dar nemokate priet\u0117miauti, tikrai imsite tai daryti, ypa\u010d jei \u0161lapi\u0105 rudens dang\u0173 pakeisite \u00a0\u0161iltu ir giliu vasaros vakaro skliautu. Ir jeigu po lietaus netik\u0117tai prad\u0117s dygti nepa\u017e\u012fstamos ausys, i\u0161moksite nusiteikti filosofi\u0161kai \u2013 kartais jos tikrai i\u0161dygsta be Ki\u0161kio&#8230;<\/span><\/h3>\n<div class=\"product-description\">\n<div class=\"pd-full\">\n<p><em>Po lietu\u010dio penktadien\u012f i\u0161 \u017eol\u0117s ky\u0161tel\u0117jo ki\u0161kio ausys.<\/em><br \/>\n<em>\u201eKod\u0117l jis \u010dia? \u2013 paman\u0117 Me\u0161kiukas ir persk\u0117l\u0117 pliausk\u0105. \u2013 Ki\u0161kis visada ateina \u0161e\u0161tadieniais.\u201c<\/em><br \/>\n<em>Pap\u016bt\u0117 v\u0117jas. Ki\u0161kio ausys sulingavo, bet ir v\u0117l atsistojo sta\u010dios.<\/em><br \/>\n<em>\u2013 Steb\u0117tinos ausys! \u2013 burbtel\u0117jo Me\u0161kiukas ir u\u017esimojo kirvuku. \u2013 Ir v\u0117jas joms n\u0117 motais&#8230;<\/em><br \/>\n<em>Me\u0161kiukas atsis\u0117do ant trinkos ir prad\u0117jo steb\u0117ti.<\/em><br \/>\n<em>Ausys dar truput\u012f \u016bgtel\u0117jo.<\/em><br \/>\n<em>\u0160tai susilygino su pu\u0161imi, tada dar \u0161iek tiek pa\u016bg\u0117jo, smarkiai i\u0161sitemp\u0117 ir pa\u010diais galiukais \u012fsir\u0117m\u0117 \u012f gauruot\u0105 dang\u0173.<\/em><br \/>\n<em>\u2013 Ausys! \u2013 \u0161\u016bktel\u0117jo Me\u0161kiukas. \u2013 Kur j\u016bs\u0173 Ki\u0161kis?<\/em><br \/>\n<em>Ausys sukluso.<\/em><br \/>\n<em>\u2013 A\u0161 klausiu, kur j\u016bs\u0173 Ki\u0161kis? \u2013 pakartojo Me\u0161kiukas.<\/em><br \/>\n<em>Ausys pasitryn\u0117 viena \u012f kit\u0105, ka\u017ek\u0105 su\u0161nar\u0117jo ir v\u0117l i\u0161sitemp\u0117 \u2013 nuo \u017eem\u0117s iki dangaus.<\/em><br \/>\n<em>\u2013 Ko tik nenutinka penktadieniais! \u2013 suniurn\u0117jo Me\u0161kiukas ir pakilo nuo trinkos.<\/em><\/p>\n<p>\u201eE\u017eiukas r\u016bke\u201c \u2013 trump\u0173, \u0161velni\u0173 ir pa\u0161\u0117lusi\u0173 pasak\u0173 rinktin\u0117. Savo paprastumu ir literat\u016brine verte \u0161ios trumpos \u00a0istorijos prilygsta A. A. Milno \u201eMikei P\u016bkuotukui\u201c, A. de Sent-Egziuperi \u201eMa\u017eajam princui\u201c, tad knyga atvira ir patiems ma\u017eiausiems skaitytojams, ir did\u017eiausiems literat\u016bros smaguriams. Nuo pad\u016bkusio \u0161\u0117lsmo iki melancholi\u0161kos rimties \u2013 pa\u010dius subtiliausius pasak\u0173 palet\u0117s tonus i\u0161gavo iliustruotoja\u00a0<strong>Sigut\u0117 Ach<\/strong>.<\/p>\n<div class=\"feature\"><span class=\"name\">Formatas\u00a0<\/span><span class=\"value\">19 x 21.7 cm<\/span><\/div>\n<div class=\"feature\"><span class=\"name\">Vir\u0161elis\u00a0<\/span><span class=\"value\">kietas<\/span><\/div>\n<div class=\"feature\"><span class=\"name\">Dailininkas\u00a0<\/span><span class=\"value\">Sigut\u0117 Ach<\/span><\/div>\n<div class=\"feature\"><span class=\"name\">I\u0161leidimo metai\u00a0<\/span><span class=\"value\">2024<\/span><\/div>\n<div class=\"feature\"><span class=\"name\">Skirta\u00a0<\/span><span class=\"value\">0\u201399 m.<\/span><\/div>\n<div class=\"feature\"><span class=\"name\">Puslapi\u0173 skai\u010dius\u00a0<\/span><span class=\"value\">372<\/span><\/div>\n<div class=\"feature\"><span class=\"name\">Vertimas\u00a0<\/span><span class=\"value\">I\u0161 rus\u0173 kalbos vert\u0117 Dalia Saukaityt\u0117<\/span><\/div>\n<\/div>\n<\/div>\n","protected":false},"excerpt":{"rendered":"<p>Jei dar nemokate priet\u0117miauti, tikrai imsite tai daryti, ypa\u010d jei \u0161lapi\u0105 rudens dang\u0173 pakeisite \u00a0\u0161iltu ir giliu vasaros vakaro skliautu. Ir jeigu po lietaus netik\u0117tai prad\u0117s dygti nepa\u017e\u012fstamos ausys, i\u0161moksite nusiteikti filosofi\u0161kai \u2013 kartais jos tikrai i\u0161dygsta be Ki\u0161kio&#8230; Po lietu\u010dio penktadien\u012f i\u0161 \u017eol\u0117s ky\u0161tel\u0117jo ki\u0161kio ausys. \u201eKod\u0117l jis \u010dia? \u2013 paman\u0117 Me\u0161kiukas ir persk\u0117l\u0117 pliausk\u0105. \u2013 Ki\u0161kis visada ateina \u0161e\u0161tadieniais.\u201c Pap\u016bt\u0117 v\u0117jas. Ki\u0161kio ausys sulingavo, bet ir v\u0117l atsistojo sta\u010dios. \u2013 Steb\u0117tinos ausys! \u2013 burbtel\u0117jo Me\u0161kiukas ir u\u017esimojo kirvuku. \u2013 Ir v\u0117jas joms n\u0117 motais&#8230; Me\u0161kiukas atsis\u0117do ant trinkos ir prad\u0117jo steb\u0117ti. Ausys dar truput\u012f \u016bgtel\u0117jo. \u0160tai susilygino su pu\u0161imi, tada dar \u0161iek tiek pa\u016bg\u0117jo, smarkiai i\u0161sitemp\u0117 ir pa\u010diais galiukais \u012fsir\u0117m\u0117 \u012f gauruot\u0105 dang\u0173. \u2013 Ausys! \u2013 \u0161\u016bktel\u0117jo Me\u0161kiukas. \u2013 Kur j\u016bs\u0173 Ki\u0161kis? Ausys sukluso. \u2013 A\u0161 klausiu, kur j\u016bs\u0173 Ki\u0161kis? \u2013 pakartojo Me\u0161kiukas. Ausys pasitryn\u0117 viena \u012f kit\u0105, ka\u017ek\u0105 su\u0161nar\u0117jo ir v\u0117l i\u0161sitemp\u0117 \u2013 nuo \u017eem\u0117s iki dangaus. \u2013 Ko tik nenutinka penktadieniais! \u2013 suniurn\u0117jo Me\u0161kiukas ir pakilo nuo trinkos. \u201eE\u017eiukas r\u016bke\u201c \u2013 trump\u0173, \u0161velni\u0173 ir pa\u0161\u0117lusi\u0173 pasak\u0173 rinktin\u0117. Savo paprastumu ir literat\u016brine verte \u0161ios trumpos \u00a0istorijos prilygsta A. A. Milno \u201eMikei P\u016bkuotukui\u201c, A. de Sent-Egziuperi \u201eMa\u017eajam princui\u201c, tad knyga atvira ir patiems ma\u017eiausiems skaitytojams, ir did\u017eiausiems literat\u016bros smaguriams. Nuo pad\u016bkusio \u0161\u0117lsmo iki melancholi\u0161kos rimties \u2013 pa\u010dius subtiliausius pasak\u0173 palet\u0117s tonus i\u0161gavo iliustruotoja\u00a0Sigut\u0117 Ach. Formatas\u00a019 x 21.7 cm Vir\u0161elis\u00a0kietas Dailininkas\u00a0Sigut\u0117 Ach I\u0161leidimo metai\u00a02024 Skirta\u00a00\u201399 m. Puslapi\u0173 skai\u010dius\u00a0372 Vertimas\u00a0I\u0161 rus\u0173 kalbos vert\u0117 Dalia Saukaityt\u0117<\/p>\n","protected":false},"featured_media":14487,"comment_status":"open","ping_status":"closed","template":"","meta":{"_acf_changed":false,"site-sidebar-layout":"default","site-content-layout":"","ast-site-content-layout":"default","site-content-style":"default","site-sidebar-style":"default","ast-global-header-display":"","ast-banner-title-visibility":"","ast-main-header-display":"","ast-hfb-above-header-display":"","ast-hfb-below-header-display":"","ast-hfb-mobile-header-display":"","site-post-title":"","ast-breadcrumbs-content":"","ast-featured-img":"","footer-sml-layout":"","ast-disable-related-posts":"","theme-transparent-header-meta":"default","adv-header-id-meta":"","stick-header-meta":"","header-above-stick-meta":"","header-main-stick-meta":"","header-below-stick-meta":"","astra-migrate-meta-layouts":"set","ast-page-background-enabled":"default","ast-page-background-meta":{"desktop":{"background-color":"","background-image":"","background-repeat":"repeat","background-position":"center center","background-size":"auto","background-attachment":"scroll","background-type":"","background-media":"","overlay-type":"","overlay-color":"","overlay-opacity":"","overlay-gradient":""},"tablet":{"background-color":"","background-image":"","background-repeat":"repeat","background-position":"center center","background-size":"auto","background-attachment":"scroll","background-type":"","background-media":"","overlay-type":"","overlay-color":"","overlay-opacity":"","overlay-gradient":""},"mobile":{"background-color":"","background-image":"","background-repeat":"repeat","background-position":"center center","background-size":"auto","background-attachment":"scroll","background-type":"","background-media":"","overlay-type":"","overlay-color":"","overlay-opacity":"","overlay-gradient":""}},"ast-content-background-meta":{"desktop":{"background-color":"var(--ast-global-color-4)","background-image":"","background-repeat":"repeat","background-position":"center center","background-size":"auto","background-attachment":"scroll","background-type":"","background-media":"","overlay-type":"","overlay-color":"","overlay-opacity":"","overlay-gradient":""},"tablet":{"background-color":"var(--ast-global-color-4)","background-image":"","background-repeat":"repeat","background-position":"center center","background-size":"auto","background-attachment":"scroll","background-type":"","background-media":"","overlay-type":"","overlay-color":"","overlay-opacity":"","overlay-gradient":""},"mobile":{"background-color":"var(--ast-global-color-4)","background-image":"","background-repeat":"repeat","background-position":"center center","background-size":"auto","background-attachment":"scroll","background-type":"","background-media":"","overlay-type":"","overlay-color":"","overlay-opacity":"","overlay-gradient":""}}},"product_brand":[],"product_cat":[15,35],"product_tag":[],"class_list":{"0":"post-14482","1":"product","2":"type-product","3":"status-publish","4":"has-post-thumbnail","6":"product_cat-uncategorized","7":"product_cat-vaikams-ir-paaugliams","8":"desktop-align-left","9":"tablet-align-left","10":"mobile-align-left","12":"first","13":"instock","14":"shipping-taxable","15":"purchasable","16":"product-type-simple"},"acf":[],"yoast_head":"<!-- This site is optimized with the Yoast SEO plugin v27.0 - https:\/\/yoast.com\/product\/yoast-seo-wordpress\/ -->\n<title>E\u017eiukas r\u016bke (kelios d\u0117mel\u0117s knygos apa\u010dioje)<\/title>\n<meta name=\"description\" content=\"Jei dar nemokate priet\u0117miauti, tikrai imsite tai daryti, ypa\u010d jei \u0161lapi\u0105 rudens dang\u0173 pakeisite \u00a0\u0161iltu ir giliu vasaros vakaro skliautu. Ir jeigu po\" \/>\n<meta name=\"robots\" content=\"index, follow, max-snippet:-1, max-image-preview:large, max-video-preview:-1\" \/>\n<link rel=\"canonical\" href=\"https:\/\/skaitytaknyga.lt\/en\/produktas\/eziukas-ruke\/\" \/>\n<meta property=\"og:locale\" content=\"en_GB\" \/>\n<meta property=\"og:locale:alternate\" content=\"lt_LT\" \/>\n<meta property=\"og:type\" content=\"article\" \/>\n<meta property=\"og:title\" content=\"E\u017eiukas r\u016bke (kelios d\u0117mel\u0117s knygos apa\u010dioje)\" \/>\n<meta property=\"og:description\" content=\"Jei dar nemokate priet\u0117miauti, tikrai imsite tai daryti, ypa\u010d jei \u0161lapi\u0105 rudens dang\u0173 pakeisite \u00a0\u0161iltu ir giliu vasaros vakaro skliautu. Ir jeigu po\" \/>\n<meta property=\"og:url\" content=\"https:\/\/skaitytaknyga.lt\/en\/produktas\/eziukas-ruke\/\" \/>\n<meta property=\"og:site_name\" content=\"Skaitytaknyga\" \/>\n<meta property=\"article:publisher\" content=\"https:\/\/www.facebook.com\/skaitytaknyga\/\" \/>\n<meta property=\"article:modified_time\" content=\"2025-09-28T18:00:42+00:00\" \/>\n<meta property=\"og:image\" content=\"https:\/\/skaitytaknyga.lt\/wp-content\/uploads\/2024\/10\/Eziukas-ruke.webp\" \/>\n\t<meta property=\"og:image:width\" content=\"679\" \/>\n\t<meta property=\"og:image:height\" content=\"800\" \/>\n\t<meta property=\"og:image:type\" content=\"image\/webp\" \/>\n<meta name=\"twitter:card\" content=\"summary_large_image\" \/>\n<meta name=\"twitter:label1\" content=\"Estimated reading time\" \/>\n\t<meta name=\"twitter:data1\" content=\"2 minutes\" \/>\n<script type=\"application\/ld+json\" class=\"yoast-schema-graph\">{\"@context\":\"https:\/\/schema.org\",\"@graph\":[{\"@type\":\"WebPage\",\"@id\":\"https:\/\/skaitytaknyga.lt\/produktas\/eziukas-ruke\/\",\"url\":\"https:\/\/skaitytaknyga.lt\/produktas\/eziukas-ruke\/\",\"name\":\"E\u017eiukas r\u016bke (kelios d\u0117mel\u0117s knygos apa\u010dioje)\",\"isPartOf\":{\"@id\":\"https:\/\/skaitytaknyga.lt\/#website\"},\"primaryImageOfPage\":{\"@id\":\"https:\/\/skaitytaknyga.lt\/produktas\/eziukas-ruke\/#primaryimage\"},\"image\":{\"@id\":\"https:\/\/skaitytaknyga.lt\/produktas\/eziukas-ruke\/#primaryimage\"},\"thumbnailUrl\":\"https:\/\/skaitytaknyga.lt\/wp-content\/uploads\/2024\/10\/Eziukas-ruke.webp\",\"datePublished\":\"2024-10-31T14:35:22+00:00\",\"dateModified\":\"2025-09-28T18:00:42+00:00\",\"description\":\"Jei dar nemokate priet\u0117miauti, tikrai imsite tai daryti, ypa\u010d jei \u0161lapi\u0105 rudens dang\u0173 pakeisite \u00a0\u0161iltu ir giliu vasaros vakaro skliautu. Ir jeigu po\",\"breadcrumb\":{\"@id\":\"https:\/\/skaitytaknyga.lt\/produktas\/eziukas-ruke\/#breadcrumb\"},\"inLanguage\":\"en-GB\",\"potentialAction\":[{\"@type\":\"ReadAction\",\"target\":[\"https:\/\/skaitytaknyga.lt\/produktas\/eziukas-ruke\/\"]}]},{\"@type\":\"ImageObject\",\"inLanguage\":\"en-GB\",\"@id\":\"https:\/\/skaitytaknyga.lt\/produktas\/eziukas-ruke\/#primaryimage\",\"url\":\"https:\/\/skaitytaknyga.lt\/wp-content\/uploads\/2024\/10\/Eziukas-ruke.webp\",\"contentUrl\":\"https:\/\/skaitytaknyga.lt\/wp-content\/uploads\/2024\/10\/Eziukas-ruke.webp\",\"width\":679,\"height\":800,\"caption\":\"E\u017eiukas r\u016bke\"},{\"@type\":\"BreadcrumbList\",\"@id\":\"https:\/\/skaitytaknyga.lt\/produktas\/eziukas-ruke\/#breadcrumb\",\"itemListElement\":[{\"@type\":\"ListItem\",\"position\":1,\"name\":\"Home\",\"item\":\"https:\/\/skaitytaknyga.lt\/\"},{\"@type\":\"ListItem\",\"position\":2,\"name\":\"Parduotuv\u0117\",\"item\":\"https:\/\/skaitytaknyga.lt\/knygu-parduotuve\/\"},{\"@type\":\"ListItem\",\"position\":3,\"name\":\"E\u017eiukas r\u016bke (kelios d\u0117mel\u0117s knygos apa\u010dioje)\"}]},{\"@type\":\"WebSite\",\"@id\":\"https:\/\/skaitytaknyga.lt\/#website\",\"url\":\"https:\/\/skaitytaknyga.lt\/\",\"name\":\"skaitytaknyga.lt\",\"description\":\"Skaitytaknyga.lt \u2013 tai ma\u017eas \u0161eimos verslas, kuris prasid\u0117jo nuo meil\u0117s knygoms ir siekio i\u0161gelb\u0117ti knygas nuo likimo prie konteinerio. Kas vienam nereikalingas daiktas \u2013 kitam lobis, o mes esame tarpininkai, kurie padeda abiems tapti laimingesniems ???? \u017dinome kaip nelengva i\u0161gyventi ma\u017eiems verslams, tad nuo \u0161iol, \u010dia rasite ir kit\u0173, ma\u017e\u0173 \u0161eim\u0173 versl\u0173, rank\u0173 darbo, dovan\u0173 sau ir artimiesiems.\",\"publisher\":{\"@id\":\"https:\/\/skaitytaknyga.lt\/#organization\"},\"potentialAction\":[{\"@type\":\"SearchAction\",\"target\":{\"@type\":\"EntryPoint\",\"urlTemplate\":\"https:\/\/skaitytaknyga.lt\/?s={search_term_string}\"},\"query-input\":{\"@type\":\"PropertyValueSpecification\",\"valueRequired\":true,\"valueName\":\"search_term_string\"}}],\"inLanguage\":\"en-GB\"},{\"@type\":\"Organization\",\"@id\":\"https:\/\/skaitytaknyga.lt\/#organization\",\"name\":\"skaitytaknyga.lt\",\"url\":\"https:\/\/skaitytaknyga.lt\/\",\"logo\":{\"@type\":\"ImageObject\",\"inLanguage\":\"en-GB\",\"@id\":\"https:\/\/skaitytaknyga.lt\/#\/schema\/logo\/image\/\",\"url\":\"https:\/\/skaitytaknyga.lt\/wp-content\/uploads\/2024\/05\/cropped-cropped-cropped-02_00843_jt3bggkj1j3HLc7SyY6rEUpg.jpeg\",\"contentUrl\":\"https:\/\/skaitytaknyga.lt\/wp-content\/uploads\/2024\/05\/cropped-cropped-cropped-02_00843_jt3bggkj1j3HLc7SyY6rEUpg.jpeg\",\"width\":1600,\"height\":1600,\"caption\":\"skaitytaknyga.lt\"},\"image\":{\"@id\":\"https:\/\/skaitytaknyga.lt\/#\/schema\/logo\/image\/\"},\"sameAs\":[\"https:\/\/www.facebook.com\/skaitytaknyga\/\"]}]}<\/script>\n<!-- \/ Yoast SEO plugin. -->","yoast_head_json":{"title":"E\u017eiukas r\u016bke (kelios d\u0117mel\u0117s knygos apa\u010dioje)","description":"Jei dar nemokate priet\u0117miauti, tikrai imsite tai daryti, ypa\u010d jei \u0161lapi\u0105 rudens dang\u0173 pakeisite \u00a0\u0161iltu ir giliu vasaros vakaro skliautu. Ir jeigu po","robots":{"index":"index","follow":"follow","max-snippet":"max-snippet:-1","max-image-preview":"max-image-preview:large","max-video-preview":"max-video-preview:-1"},"canonical":"https:\/\/skaitytaknyga.lt\/en\/produktas\/eziukas-ruke\/","og_locale":"en_GB","og_type":"article","og_title":"[:lt]E\u017eiukas r\u016bke (kelios d\u0117mel\u0117s knygos apa\u010dioje)[:] - Skaitytaknyga","og_description":"Jei dar nemokate priet\u0117miauti, tikrai imsite tai daryti, ypa\u010d jei \u0161lapi\u0105 rudens dang\u0173 pakeisite \u00a0\u0161iltu ir giliu vasaros vakaro skliautu. Ir jeigu po","og_url":"https:\/\/skaitytaknyga.lt\/en\/produktas\/eziukas-ruke\/","og_site_name":"Skaitytaknyga","article_publisher":"https:\/\/www.facebook.com\/skaitytaknyga\/","article_modified_time":"2025-09-28T18:00:42+00:00","og_image":[{"width":679,"height":800,"url":"https:\/\/skaitytaknyga.lt\/wp-content\/uploads\/2024\/10\/Eziukas-ruke.webp","type":"image\/webp"}],"twitter_card":"summary_large_image","twitter_misc":{"Estimated reading time":"2 minutes"},"schema":{"@context":"https:\/\/schema.org","@graph":[{"@type":"WebPage","@id":"https:\/\/skaitytaknyga.lt\/produktas\/eziukas-ruke\/","url":"https:\/\/skaitytaknyga.lt\/produktas\/eziukas-ruke\/","name":"E\u017eiukas r\u016bke (kelios d\u0117mel\u0117s knygos apa\u010dioje)","isPartOf":{"@id":"https:\/\/skaitytaknyga.lt\/#website"},"primaryImageOfPage":{"@id":"https:\/\/skaitytaknyga.lt\/produktas\/eziukas-ruke\/#primaryimage"},"image":{"@id":"https:\/\/skaitytaknyga.lt\/produktas\/eziukas-ruke\/#primaryimage"},"thumbnailUrl":"https:\/\/skaitytaknyga.lt\/wp-content\/uploads\/2024\/10\/Eziukas-ruke.webp","datePublished":"2024-10-31T14:35:22+00:00","dateModified":"2025-09-28T18:00:42+00:00","description":"Jei dar nemokate priet\u0117miauti, tikrai imsite tai daryti, ypa\u010d jei \u0161lapi\u0105 rudens dang\u0173 pakeisite \u00a0\u0161iltu ir giliu vasaros vakaro skliautu. Ir jeigu po","breadcrumb":{"@id":"https:\/\/skaitytaknyga.lt\/produktas\/eziukas-ruke\/#breadcrumb"},"inLanguage":"en-GB","potentialAction":[{"@type":"ReadAction","target":["https:\/\/skaitytaknyga.lt\/produktas\/eziukas-ruke\/"]}]},{"@type":"ImageObject","inLanguage":"en-GB","@id":"https:\/\/skaitytaknyga.lt\/produktas\/eziukas-ruke\/#primaryimage","url":"https:\/\/skaitytaknyga.lt\/wp-content\/uploads\/2024\/10\/Eziukas-ruke.webp","contentUrl":"https:\/\/skaitytaknyga.lt\/wp-content\/uploads\/2024\/10\/Eziukas-ruke.webp","width":679,"height":800,"caption":"E\u017eiukas r\u016bke"},{"@type":"BreadcrumbList","@id":"https:\/\/skaitytaknyga.lt\/produktas\/eziukas-ruke\/#breadcrumb","itemListElement":[{"@type":"ListItem","position":1,"name":"Home","item":"https:\/\/skaitytaknyga.lt\/"},{"@type":"ListItem","position":2,"name":"Parduotuv\u0117","item":"https:\/\/skaitytaknyga.lt\/knygu-parduotuve\/"},{"@type":"ListItem","position":3,"name":"E\u017eiukas r\u016bke (kelios d\u0117mel\u0117s knygos apa\u010dioje)"}]},{"@type":"WebSite","@id":"https:\/\/skaitytaknyga.lt\/#website","url":"https:\/\/skaitytaknyga.lt\/","name":"skaitytaknyga.lt","description":"Skaitytaknyga.lt \u2013 tai ma\u017eas \u0161eimos verslas, kuris prasid\u0117jo nuo meil\u0117s knygoms ir siekio i\u0161gelb\u0117ti knygas nuo likimo prie konteinerio. Kas vienam nereikalingas daiktas \u2013 kitam lobis, o mes esame tarpininkai, kurie padeda abiems tapti laimingesniems ???? \u017dinome kaip nelengva i\u0161gyventi ma\u017eiems verslams, tad nuo \u0161iol, \u010dia rasite ir kit\u0173, ma\u017e\u0173 \u0161eim\u0173 versl\u0173, rank\u0173 darbo, dovan\u0173 sau ir artimiesiems.","publisher":{"@id":"https:\/\/skaitytaknyga.lt\/#organization"},"potentialAction":[{"@type":"SearchAction","target":{"@type":"EntryPoint","urlTemplate":"https:\/\/skaitytaknyga.lt\/?s={search_term_string}"},"query-input":{"@type":"PropertyValueSpecification","valueRequired":true,"valueName":"search_term_string"}}],"inLanguage":"en-GB"},{"@type":"Organization","@id":"https:\/\/skaitytaknyga.lt\/#organization","name":"skaitytaknyga.lt","url":"https:\/\/skaitytaknyga.lt\/","logo":{"@type":"ImageObject","inLanguage":"en-GB","@id":"https:\/\/skaitytaknyga.lt\/#\/schema\/logo\/image\/","url":"https:\/\/skaitytaknyga.lt\/wp-content\/uploads\/2024\/05\/cropped-cropped-cropped-02_00843_jt3bggkj1j3HLc7SyY6rEUpg.jpeg","contentUrl":"https:\/\/skaitytaknyga.lt\/wp-content\/uploads\/2024\/05\/cropped-cropped-cropped-02_00843_jt3bggkj1j3HLc7SyY6rEUpg.jpeg","width":1600,"height":1600,"caption":"skaitytaknyga.lt"},"image":{"@id":"https:\/\/skaitytaknyga.lt\/#\/schema\/logo\/image\/"},"sameAs":["https:\/\/www.facebook.com\/skaitytaknyga\/"]}]}},"_links":{"self":[{"href":"https:\/\/skaitytaknyga.lt\/en\/wp-json\/wp\/v2\/product\/14482","targetHints":{"allow":["GET"]}}],"collection":[{"href":"https:\/\/skaitytaknyga.lt\/en\/wp-json\/wp\/v2\/product"}],"about":[{"href":"https:\/\/skaitytaknyga.lt\/en\/wp-json\/wp\/v2\/types\/product"}],"replies":[{"embeddable":true,"href":"https:\/\/skaitytaknyga.lt\/en\/wp-json\/wp\/v2\/comments?post=14482"}],"wp:featuredmedia":[{"embeddable":true,"href":"https:\/\/skaitytaknyga.lt\/en\/wp-json\/wp\/v2\/media\/14487"}],"wp:attachment":[{"href":"https:\/\/skaitytaknyga.lt\/en\/wp-json\/wp\/v2\/media?parent=14482"}],"wp:term":[{"taxonomy":"product_brand","embeddable":true,"href":"https:\/\/skaitytaknyga.lt\/en\/wp-json\/wp\/v2\/product_brand?post=14482"},{"taxonomy":"product_cat","embeddable":true,"href":"https:\/\/skaitytaknyga.lt\/en\/wp-json\/wp\/v2\/product_cat?post=14482"},{"taxonomy":"product_tag","embeddable":true,"href":"https:\/\/skaitytaknyga.lt\/en\/wp-json\/wp\/v2\/product_tag?post=14482"}],"curies":[{"name":"wp","href":"https:\/\/api.w.org\/{rel}","templated":true}]}}