{"id":14461,"date":"2024-10-30T20:25:52","date_gmt":"2024-10-30T18:25:52","guid":{"rendered":"https:\/\/skaitytaknyga.lt\/?post_type=product&#038;p=14461"},"modified":"2026-03-05T15:14:53","modified_gmt":"2026-03-05T13:14:53","slug":"magas-nemirtingojo-nikolo-flamelio-paslaptys","status":"publish","type":"product","link":"https:\/\/skaitytaknyga.lt\/en\/produktas\/magas-nemirtingojo-nikolo-flamelio-paslaptys\/","title":{"rendered":"Magas. Nemirtingojo Nikolo Flamelio paslaptys"},"content":{"rendered":"<p>\u201eAlchemikas&#8221; \u2013 pirmoji i\u0161 \u0161e\u0161i\u0173 knyg\u0173 apie magij\u0105 \u2013 i\u0161kart atsid\u016br\u0117 New York Times bestseleri\u0173 s\u0105ra\u0161o vir\u0161\u016bn\u0117je, o teises i\u0161leisti roman\u0105 \u012fsigijo 33 \u0161alys. Antroji \u2013 \u201eMagas&#8221; \u2013 Airijoje tapo 2009 m. Vaik\u0173 met\u0173 knyga. Knyg\u0173 ekranizacija r\u016bpinasi visus Hario Poterio filmus suk\u016brusi New Line Cinema, vadinanti jas \u201eu\u017emoju prilygstan\u010dias \u201e\u017died\u0173 valdovui&#8221;, o intriga ir magija \u2013 \u201eHariui Poteriui&#8221;.<\/p>\n<p>Kiekviename mite ar legendoje yra dalis tiesos. Kiekvieno mago \u0161irdis turi juod\u0105j\u0105 pus\u0119.<\/p>\n<p>Dvyniai Sofi ir D\u017eo\u0161as gim\u0117 su aukso ir sidabro auromis. Anot senos prana\u0161yst\u0117s, jie gali i\u0161gelb\u0117ti \u2013 arba sunaikinti \u2013 pasaul\u012f. Ner\u016bpestingas San Fransisko paaugli\u0173 gyvenimas visiems laikams pasikeit\u0117, kai jiems drauge su nemirtinguoju, Hario Poterio draugams ir Hogvartso mokyklos aukl\u0117tiniams gerai pa\u017e\u012fstamu alchemiku Nikolu Flameliu tenka b\u0117gti nuo Abraomo knyg\u0105 u\u017evald\u017eiusio juodojo mago D\u017eono Di.<\/p>\n<p>Raganos i\u0161 Endoro d\u0117ka Sofi jusl\u0117s stebuklingai paa\u0161tr\u0117jo \u2013 ji i\u0161moko oro magijos. Ta\u010diau tamsi\u0173j\u0173 j\u0117g\u0173 atstovas turi netik\u0117t\u0105 s\u0105junginink\u0105 g\u0117rio j\u0117g\u0173 teritorijoje \u2013 Sofi brolis D\u017eo\u0161as taip pat svajoja \u012fgyti stebukling\u0173 magijos gali\u0173, ir jo \u0161irdyje u\u017egimsta pavydas&#8230;<\/p>\n<ul class=\"about-product d-none d-xl-block mt-4\">\n<li><strong>Autorius:<\/strong>\u00a0Michael Scott<\/li>\n<li><strong>Leid\u0117jas:<\/strong>\u00a0Obuolys<\/li>\n<li><strong>Metai:<\/strong>\u00a02010<\/li>\n<li><strong>Puslapiai:<\/strong>\u00a0400<\/li>\n<li class=\"toggleable type-new-formats \"><strong>ISBN:<\/strong>\u00a09786094031908<\/li>\n<li><strong>Versijos kodas:<\/strong>\u00a0P.<\/li>\n<li class=\"toggleable type-new-formats \"><strong>Formatas:<\/strong>\u00a015 x 24 cm, kieti vir\u0161eliai<\/li>\n<li><strong>Kalba:<\/strong>\u00a0Lietuvi\u0173<\/li>\n<li><strong>Vert\u0117jas:<\/strong>\u00a0Rasa Krulikauskien\u0117<\/li>\n<\/ul>\n","protected":false},"excerpt":{"rendered":"<p>\u201eAlchemikas&#8221; \u2013 pirmoji i\u0161 \u0161e\u0161i\u0173 knyg\u0173 apie magij\u0105 \u2013 i\u0161kart atsid\u016br\u0117 New York Times bestseleri\u0173 s\u0105ra\u0161o vir\u0161\u016bn\u0117je, o teises i\u0161leisti roman\u0105 \u012fsigijo 33 \u0161alys. Antroji \u2013 \u201eMagas&#8221; \u2013 Airijoje tapo 2009 m. Vaik\u0173 met\u0173 knyga. Knyg\u0173 ekranizacija r\u016bpinasi visus Hario Poterio filmus suk\u016brusi New Line Cinema, vadinanti jas \u201eu\u017emoju prilygstan\u010dias \u201e\u017died\u0173 valdovui&#8221;, o intriga ir magija \u2013 \u201eHariui Poteriui&#8221;. Kiekviename mite ar legendoje yra dalis tiesos. Kiekvieno mago \u0161irdis turi juod\u0105j\u0105 pus\u0119. Dvyniai Sofi ir D\u017eo\u0161as gim\u0117 su aukso ir sidabro auromis. Anot senos prana\u0161yst\u0117s, jie gali i\u0161gelb\u0117ti \u2013 arba sunaikinti \u2013 pasaul\u012f. Ner\u016bpestingas San Fransisko paaugli\u0173 gyvenimas visiems laikams pasikeit\u0117, kai jiems drauge su nemirtinguoju, Hario Poterio draugams ir Hogvartso mokyklos aukl\u0117tiniams gerai pa\u017e\u012fstamu alchemiku Nikolu Flameliu tenka b\u0117gti nuo Abraomo knyg\u0105 u\u017evald\u017eiusio juodojo mago D\u017eono Di. Raganos i\u0161 Endoro d\u0117ka Sofi jusl\u0117s stebuklingai paa\u0161tr\u0117jo \u2013 ji i\u0161moko oro magijos. Ta\u010diau tamsi\u0173j\u0173 j\u0117g\u0173 atstovas turi netik\u0117t\u0105 s\u0105junginink\u0105 g\u0117rio j\u0117g\u0173 teritorijoje \u2013 Sofi brolis D\u017eo\u0161as taip pat svajoja \u012fgyti stebukling\u0173 magijos gali\u0173, ir jo \u0161irdyje u\u017egimsta pavydas&#8230; Autorius:\u00a0Michael Scott Leid\u0117jas:\u00a0Obuolys Metai:\u00a02010 Puslapiai:\u00a0400 ISBN:\u00a09786094031908 Versijos kodas:\u00a0P. Formatas:\u00a015 x 24 cm, kieti vir\u0161eliai Kalba:\u00a0Lietuvi\u0173 Vert\u0117jas:\u00a0Rasa Krulikauskien\u0117<\/p>\n","protected":false},"featured_media":14463,"comment_status":"open","ping_status":"closed","template":"","meta":{"_acf_changed":false,"site-sidebar-layout":"default","site-content-layout":"","ast-site-content-layout":"default","site-content-style":"default","site-sidebar-style":"default","ast-global-header-display":"","ast-banner-title-visibility":"","ast-main-header-display":"","ast-hfb-above-header-display":"","ast-hfb-below-header-display":"","ast-hfb-mobile-header-display":"","site-post-title":"","ast-breadcrumbs-content":"","ast-featured-img":"","footer-sml-layout":"","ast-disable-related-posts":"","theme-transparent-header-meta":"default","adv-header-id-meta":"","stick-header-meta":"","header-above-stick-meta":"","header-main-stick-meta":"","header-below-stick-meta":"","astra-migrate-meta-layouts":"set","ast-page-background-enabled":"default","ast-page-background-meta":{"desktop":{"background-color":"","background-image":"","background-repeat":"repeat","background-position":"center center","background-size":"auto","background-attachment":"scroll","background-type":"","background-media":"","overlay-type":"","overlay-color":"","overlay-opacity":"","overlay-gradient":""},"tablet":{"background-color":"","background-image":"","background-repeat":"repeat","background-position":"center center","background-size":"auto","background-attachment":"scroll","background-type":"","background-media":"","overlay-type":"","overlay-color":"","overlay-opacity":"","overlay-gradient":""},"mobile":{"background-color":"","background-image":"","background-repeat":"repeat","background-position":"center center","background-size":"auto","background-attachment":"scroll","background-type":"","background-media":"","overlay-type":"","overlay-color":"","overlay-opacity":"","overlay-gradient":""}},"ast-content-background-meta":{"desktop":{"background-color":"var(--ast-global-color-4)","background-image":"","background-repeat":"repeat","background-position":"center center","background-size":"auto","background-attachment":"scroll","background-type":"","background-media":"","overlay-type":"","overlay-color":"","overlay-opacity":"","overlay-gradient":""},"tablet":{"background-color":"var(--ast-global-color-4)","background-image":"","background-repeat":"repeat","background-position":"center center","background-size":"auto","background-attachment":"scroll","background-type":"","background-media":"","overlay-type":"","overlay-color":"","overlay-opacity":"","overlay-gradient":""},"mobile":{"background-color":"var(--ast-global-color-4)","background-image":"","background-repeat":"repeat","background-position":"center center","background-size":"auto","background-attachment":"scroll","background-type":"","background-media":"","overlay-type":"","overlay-color":"","overlay-opacity":"","overlay-gradient":""}}},"product_brand":[],"product_cat":[15],"product_tag":[1288],"class_list":{"0":"post-14461","1":"product","2":"type-product","3":"status-publish","4":"has-post-thumbnail","6":"product_cat-uncategorized","7":"product_tag-michael-scott","8":"desktop-align-left","9":"tablet-align-left","10":"mobile-align-left","12":"first","13":"instock","14":"shipping-taxable","15":"purchasable","16":"product-type-simple"},"acf":[],"yoast_head":"<!-- This site is optimized with the Yoast SEO plugin v27.0 - https:\/\/yoast.com\/product\/yoast-seo-wordpress\/ -->\n<title>Magas. Nemirtingojo Nikolo Flamelio paslaptys<\/title>\n<meta name=\"description\" content=\"\u201eAlchemikas&quot; \u2013 pirmoji i\u0161 \u0161e\u0161i\u0173 knyg\u0173 apie magij\u0105 \u2013 i\u0161kart atsid\u016br\u0117 New York Times bestseleri\u0173 s\u0105ra\u0161o vir\u0161\u016bn\u0117je, o teises i\u0161leisti roman\u0105 \u012fsigijo 33\" \/>\n<meta name=\"robots\" content=\"index, follow, max-snippet:-1, max-image-preview:large, max-video-preview:-1\" \/>\n<link rel=\"canonical\" href=\"https:\/\/skaitytaknyga.lt\/en\/produktas\/magas-nemirtingojo-nikolo-flamelio-paslaptys\/\" \/>\n<meta property=\"og:locale\" content=\"en_GB\" \/>\n<meta property=\"og:locale:alternate\" content=\"lt_LT\" \/>\n<meta property=\"og:type\" content=\"article\" \/>\n<meta property=\"og:title\" content=\"Magas. Nemirtingojo Nikolo Flamelio paslaptys\" \/>\n<meta property=\"og:description\" content=\"\u201eAlchemikas&quot; \u2013 pirmoji i\u0161 \u0161e\u0161i\u0173 knyg\u0173 apie magij\u0105 \u2013 i\u0161kart atsid\u016br\u0117 New York Times bestseleri\u0173 s\u0105ra\u0161o vir\u0161\u016bn\u0117je, o teises i\u0161leisti roman\u0105 \u012fsigijo 33\" \/>\n<meta property=\"og:url\" content=\"https:\/\/skaitytaknyga.lt\/en\/produktas\/magas-nemirtingojo-nikolo-flamelio-paslaptys\/\" \/>\n<meta property=\"og:site_name\" content=\"Skaitytaknyga\" \/>\n<meta property=\"article:publisher\" content=\"https:\/\/www.facebook.com\/skaitytaknyga\/\" \/>\n<meta property=\"article:modified_time\" content=\"2026-03-05T13:14:53+00:00\" \/>\n<meta property=\"og:image\" content=\"https:\/\/skaitytaknyga.lt\/wp-content\/uploads\/2024\/10\/Magas.-Nemirtingojo-Nikolo-Flamelio-paslaptys.webp\" \/>\n\t<meta property=\"og:image:width\" content=\"364\" \/>\n\t<meta property=\"og:image:height\" content=\"591\" \/>\n\t<meta property=\"og:image:type\" content=\"image\/webp\" \/>\n<meta name=\"twitter:card\" content=\"summary_large_image\" \/>\n<meta name=\"twitter:label1\" content=\"Estimated reading time\" \/>\n\t<meta name=\"twitter:data1\" content=\"2 minutes\" \/>\n<script type=\"application\/ld+json\" class=\"yoast-schema-graph\">{\"@context\":\"https:\/\/schema.org\",\"@graph\":[{\"@type\":\"WebPage\",\"@id\":\"https:\/\/skaitytaknyga.lt\/produktas\/magas-nemirtingojo-nikolo-flamelio-paslaptys\/\",\"url\":\"https:\/\/skaitytaknyga.lt\/produktas\/magas-nemirtingojo-nikolo-flamelio-paslaptys\/\",\"name\":\"Magas. Nemirtingojo Nikolo Flamelio paslaptys\",\"isPartOf\":{\"@id\":\"https:\/\/skaitytaknyga.lt\/#website\"},\"primaryImageOfPage\":{\"@id\":\"https:\/\/skaitytaknyga.lt\/produktas\/magas-nemirtingojo-nikolo-flamelio-paslaptys\/#primaryimage\"},\"image\":{\"@id\":\"https:\/\/skaitytaknyga.lt\/produktas\/magas-nemirtingojo-nikolo-flamelio-paslaptys\/#primaryimage\"},\"thumbnailUrl\":\"https:\/\/skaitytaknyga.lt\/wp-content\/uploads\/2024\/10\/Magas.-Nemirtingojo-Nikolo-Flamelio-paslaptys.webp\",\"datePublished\":\"2024-10-30T18:25:52+00:00\",\"dateModified\":\"2026-03-05T13:14:53+00:00\",\"description\":\"\u201eAlchemikas\\\" \u2013 pirmoji i\u0161 \u0161e\u0161i\u0173 knyg\u0173 apie magij\u0105 \u2013 i\u0161kart atsid\u016br\u0117 New York Times bestseleri\u0173 s\u0105ra\u0161o vir\u0161\u016bn\u0117je, o teises i\u0161leisti roman\u0105 \u012fsigijo 33\",\"breadcrumb\":{\"@id\":\"https:\/\/skaitytaknyga.lt\/produktas\/magas-nemirtingojo-nikolo-flamelio-paslaptys\/#breadcrumb\"},\"inLanguage\":\"en-GB\",\"potentialAction\":[{\"@type\":\"ReadAction\",\"target\":[\"https:\/\/skaitytaknyga.lt\/produktas\/magas-nemirtingojo-nikolo-flamelio-paslaptys\/\"]}]},{\"@type\":\"ImageObject\",\"inLanguage\":\"en-GB\",\"@id\":\"https:\/\/skaitytaknyga.lt\/produktas\/magas-nemirtingojo-nikolo-flamelio-paslaptys\/#primaryimage\",\"url\":\"https:\/\/skaitytaknyga.lt\/wp-content\/uploads\/2024\/10\/Magas.-Nemirtingojo-Nikolo-Flamelio-paslaptys.webp\",\"contentUrl\":\"https:\/\/skaitytaknyga.lt\/wp-content\/uploads\/2024\/10\/Magas.-Nemirtingojo-Nikolo-Flamelio-paslaptys.webp\",\"width\":364,\"height\":591,\"caption\":\"Magas. Nemirtingojo Nikolo Flamelio paslaptys\"},{\"@type\":\"BreadcrumbList\",\"@id\":\"https:\/\/skaitytaknyga.lt\/produktas\/magas-nemirtingojo-nikolo-flamelio-paslaptys\/#breadcrumb\",\"itemListElement\":[{\"@type\":\"ListItem\",\"position\":1,\"name\":\"Home\",\"item\":\"https:\/\/skaitytaknyga.lt\/\"},{\"@type\":\"ListItem\",\"position\":2,\"name\":\"Parduotuv\u0117\",\"item\":\"https:\/\/skaitytaknyga.lt\/knygu-parduotuve\/\"},{\"@type\":\"ListItem\",\"position\":3,\"name\":\"Magas. Nemirtingojo Nikolo Flamelio paslaptys\"}]},{\"@type\":\"WebSite\",\"@id\":\"https:\/\/skaitytaknyga.lt\/#website\",\"url\":\"https:\/\/skaitytaknyga.lt\/\",\"name\":\"skaitytaknyga.lt\",\"description\":\"Skaitytaknyga.lt \u2013 tai ma\u017eas \u0161eimos verslas, kuris prasid\u0117jo nuo meil\u0117s knygoms ir siekio i\u0161gelb\u0117ti knygas nuo likimo prie konteinerio. Kas vienam nereikalingas daiktas \u2013 kitam lobis, o mes esame tarpininkai, kurie padeda abiems tapti laimingesniems ???? \u017dinome kaip nelengva i\u0161gyventi ma\u017eiems verslams, tad nuo \u0161iol, \u010dia rasite ir kit\u0173, ma\u017e\u0173 \u0161eim\u0173 versl\u0173, rank\u0173 darbo, dovan\u0173 sau ir artimiesiems.\",\"publisher\":{\"@id\":\"https:\/\/skaitytaknyga.lt\/#organization\"},\"potentialAction\":[{\"@type\":\"SearchAction\",\"target\":{\"@type\":\"EntryPoint\",\"urlTemplate\":\"https:\/\/skaitytaknyga.lt\/?s={search_term_string}\"},\"query-input\":{\"@type\":\"PropertyValueSpecification\",\"valueRequired\":true,\"valueName\":\"search_term_string\"}}],\"inLanguage\":\"en-GB\"},{\"@type\":\"Organization\",\"@id\":\"https:\/\/skaitytaknyga.lt\/#organization\",\"name\":\"skaitytaknyga.lt\",\"url\":\"https:\/\/skaitytaknyga.lt\/\",\"logo\":{\"@type\":\"ImageObject\",\"inLanguage\":\"en-GB\",\"@id\":\"https:\/\/skaitytaknyga.lt\/#\/schema\/logo\/image\/\",\"url\":\"https:\/\/skaitytaknyga.lt\/wp-content\/uploads\/2024\/05\/cropped-cropped-cropped-02_00843_jt3bggkj1j3HLc7SyY6rEUpg.jpeg\",\"contentUrl\":\"https:\/\/skaitytaknyga.lt\/wp-content\/uploads\/2024\/05\/cropped-cropped-cropped-02_00843_jt3bggkj1j3HLc7SyY6rEUpg.jpeg\",\"width\":1600,\"height\":1600,\"caption\":\"skaitytaknyga.lt\"},\"image\":{\"@id\":\"https:\/\/skaitytaknyga.lt\/#\/schema\/logo\/image\/\"},\"sameAs\":[\"https:\/\/www.facebook.com\/skaitytaknyga\/\"]}]}<\/script>\n<!-- \/ Yoast SEO plugin. -->","yoast_head_json":{"title":"Magas. Nemirtingojo Nikolo Flamelio paslaptys","description":"\u201eAlchemikas\" \u2013 pirmoji i\u0161 \u0161e\u0161i\u0173 knyg\u0173 apie magij\u0105 \u2013 i\u0161kart atsid\u016br\u0117 New York Times bestseleri\u0173 s\u0105ra\u0161o vir\u0161\u016bn\u0117je, o teises i\u0161leisti roman\u0105 \u012fsigijo 33","robots":{"index":"index","follow":"follow","max-snippet":"max-snippet:-1","max-image-preview":"max-image-preview:large","max-video-preview":"max-video-preview:-1"},"canonical":"https:\/\/skaitytaknyga.lt\/en\/produktas\/magas-nemirtingojo-nikolo-flamelio-paslaptys\/","og_locale":"en_GB","og_type":"article","og_title":"[:lt]Magas. Nemirtingojo Nikolo Flamelio paslaptys[:] - Skaitytaknyga","og_description":"\u201eAlchemikas\" \u2013 pirmoji i\u0161 \u0161e\u0161i\u0173 knyg\u0173 apie magij\u0105 \u2013 i\u0161kart atsid\u016br\u0117 New York Times bestseleri\u0173 s\u0105ra\u0161o vir\u0161\u016bn\u0117je, o teises i\u0161leisti roman\u0105 \u012fsigijo 33","og_url":"https:\/\/skaitytaknyga.lt\/en\/produktas\/magas-nemirtingojo-nikolo-flamelio-paslaptys\/","og_site_name":"Skaitytaknyga","article_publisher":"https:\/\/www.facebook.com\/skaitytaknyga\/","article_modified_time":"2026-03-05T13:14:53+00:00","og_image":[{"width":364,"height":591,"url":"https:\/\/skaitytaknyga.lt\/wp-content\/uploads\/2024\/10\/Magas.-Nemirtingojo-Nikolo-Flamelio-paslaptys.webp","type":"image\/webp"}],"twitter_card":"summary_large_image","twitter_misc":{"Estimated reading time":"2 minutes"},"schema":{"@context":"https:\/\/schema.org","@graph":[{"@type":"WebPage","@id":"https:\/\/skaitytaknyga.lt\/produktas\/magas-nemirtingojo-nikolo-flamelio-paslaptys\/","url":"https:\/\/skaitytaknyga.lt\/produktas\/magas-nemirtingojo-nikolo-flamelio-paslaptys\/","name":"Magas. Nemirtingojo Nikolo Flamelio paslaptys","isPartOf":{"@id":"https:\/\/skaitytaknyga.lt\/#website"},"primaryImageOfPage":{"@id":"https:\/\/skaitytaknyga.lt\/produktas\/magas-nemirtingojo-nikolo-flamelio-paslaptys\/#primaryimage"},"image":{"@id":"https:\/\/skaitytaknyga.lt\/produktas\/magas-nemirtingojo-nikolo-flamelio-paslaptys\/#primaryimage"},"thumbnailUrl":"https:\/\/skaitytaknyga.lt\/wp-content\/uploads\/2024\/10\/Magas.-Nemirtingojo-Nikolo-Flamelio-paslaptys.webp","datePublished":"2024-10-30T18:25:52+00:00","dateModified":"2026-03-05T13:14:53+00:00","description":"\u201eAlchemikas\" \u2013 pirmoji i\u0161 \u0161e\u0161i\u0173 knyg\u0173 apie magij\u0105 \u2013 i\u0161kart atsid\u016br\u0117 New York Times bestseleri\u0173 s\u0105ra\u0161o vir\u0161\u016bn\u0117je, o teises i\u0161leisti roman\u0105 \u012fsigijo 33","breadcrumb":{"@id":"https:\/\/skaitytaknyga.lt\/produktas\/magas-nemirtingojo-nikolo-flamelio-paslaptys\/#breadcrumb"},"inLanguage":"en-GB","potentialAction":[{"@type":"ReadAction","target":["https:\/\/skaitytaknyga.lt\/produktas\/magas-nemirtingojo-nikolo-flamelio-paslaptys\/"]}]},{"@type":"ImageObject","inLanguage":"en-GB","@id":"https:\/\/skaitytaknyga.lt\/produktas\/magas-nemirtingojo-nikolo-flamelio-paslaptys\/#primaryimage","url":"https:\/\/skaitytaknyga.lt\/wp-content\/uploads\/2024\/10\/Magas.-Nemirtingojo-Nikolo-Flamelio-paslaptys.webp","contentUrl":"https:\/\/skaitytaknyga.lt\/wp-content\/uploads\/2024\/10\/Magas.-Nemirtingojo-Nikolo-Flamelio-paslaptys.webp","width":364,"height":591,"caption":"Magas. Nemirtingojo Nikolo Flamelio paslaptys"},{"@type":"BreadcrumbList","@id":"https:\/\/skaitytaknyga.lt\/produktas\/magas-nemirtingojo-nikolo-flamelio-paslaptys\/#breadcrumb","itemListElement":[{"@type":"ListItem","position":1,"name":"Home","item":"https:\/\/skaitytaknyga.lt\/"},{"@type":"ListItem","position":2,"name":"Parduotuv\u0117","item":"https:\/\/skaitytaknyga.lt\/knygu-parduotuve\/"},{"@type":"ListItem","position":3,"name":"Magas. Nemirtingojo Nikolo Flamelio paslaptys"}]},{"@type":"WebSite","@id":"https:\/\/skaitytaknyga.lt\/#website","url":"https:\/\/skaitytaknyga.lt\/","name":"skaitytaknyga.lt","description":"Skaitytaknyga.lt \u2013 tai ma\u017eas \u0161eimos verslas, kuris prasid\u0117jo nuo meil\u0117s knygoms ir siekio i\u0161gelb\u0117ti knygas nuo likimo prie konteinerio. Kas vienam nereikalingas daiktas \u2013 kitam lobis, o mes esame tarpininkai, kurie padeda abiems tapti laimingesniems ???? \u017dinome kaip nelengva i\u0161gyventi ma\u017eiems verslams, tad nuo \u0161iol, \u010dia rasite ir kit\u0173, ma\u017e\u0173 \u0161eim\u0173 versl\u0173, rank\u0173 darbo, dovan\u0173 sau ir artimiesiems.","publisher":{"@id":"https:\/\/skaitytaknyga.lt\/#organization"},"potentialAction":[{"@type":"SearchAction","target":{"@type":"EntryPoint","urlTemplate":"https:\/\/skaitytaknyga.lt\/?s={search_term_string}"},"query-input":{"@type":"PropertyValueSpecification","valueRequired":true,"valueName":"search_term_string"}}],"inLanguage":"en-GB"},{"@type":"Organization","@id":"https:\/\/skaitytaknyga.lt\/#organization","name":"skaitytaknyga.lt","url":"https:\/\/skaitytaknyga.lt\/","logo":{"@type":"ImageObject","inLanguage":"en-GB","@id":"https:\/\/skaitytaknyga.lt\/#\/schema\/logo\/image\/","url":"https:\/\/skaitytaknyga.lt\/wp-content\/uploads\/2024\/05\/cropped-cropped-cropped-02_00843_jt3bggkj1j3HLc7SyY6rEUpg.jpeg","contentUrl":"https:\/\/skaitytaknyga.lt\/wp-content\/uploads\/2024\/05\/cropped-cropped-cropped-02_00843_jt3bggkj1j3HLc7SyY6rEUpg.jpeg","width":1600,"height":1600,"caption":"skaitytaknyga.lt"},"image":{"@id":"https:\/\/skaitytaknyga.lt\/#\/schema\/logo\/image\/"},"sameAs":["https:\/\/www.facebook.com\/skaitytaknyga\/"]}]}},"_links":{"self":[{"href":"https:\/\/skaitytaknyga.lt\/en\/wp-json\/wp\/v2\/product\/14461","targetHints":{"allow":["GET"]}}],"collection":[{"href":"https:\/\/skaitytaknyga.lt\/en\/wp-json\/wp\/v2\/product"}],"about":[{"href":"https:\/\/skaitytaknyga.lt\/en\/wp-json\/wp\/v2\/types\/product"}],"replies":[{"embeddable":true,"href":"https:\/\/skaitytaknyga.lt\/en\/wp-json\/wp\/v2\/comments?post=14461"}],"wp:featuredmedia":[{"embeddable":true,"href":"https:\/\/skaitytaknyga.lt\/en\/wp-json\/wp\/v2\/media\/14463"}],"wp:attachment":[{"href":"https:\/\/skaitytaknyga.lt\/en\/wp-json\/wp\/v2\/media?parent=14461"}],"wp:term":[{"taxonomy":"product_brand","embeddable":true,"href":"https:\/\/skaitytaknyga.lt\/en\/wp-json\/wp\/v2\/product_brand?post=14461"},{"taxonomy":"product_cat","embeddable":true,"href":"https:\/\/skaitytaknyga.lt\/en\/wp-json\/wp\/v2\/product_cat?post=14461"},{"taxonomy":"product_tag","embeddable":true,"href":"https:\/\/skaitytaknyga.lt\/en\/wp-json\/wp\/v2\/product_tag?post=14461"}],"curies":[{"name":"wp","href":"https:\/\/api.w.org\/{rel}","templated":true}]}}