{"id":14460,"date":"2024-10-30T20:25:52","date_gmt":"2024-10-30T18:25:52","guid":{"rendered":"https:\/\/skaitytaknyga.lt\/?post_type=product&#038;p=14460"},"modified":"2026-03-18T14:59:52","modified_gmt":"2026-03-18T12:59:52","slug":"lietuviu-kalbos-sajudis-1968-1988-m","status":"publish","type":"product","link":"https:\/\/skaitytaknyga.lt\/en\/produktas\/lietuviu-kalbos-sajudis-1968-1988-m\/","title":{"rendered":"Lietuvi\u0173 kalbos s\u0105j\u016bdis 1968-1988 m."},"content":{"rendered":"<p>A. Pupkio monografijoje nagrin\u0117jama 1967 m. pab. Vilniuje susib\u016brusio kalbinink\u0173, redaktori\u0173 ir kit\u0173 gimtosios kalbos brangintoj\u0173 samb\u016brio \u2013 Kalbos sekcijos \u2013 ir Respublikin\u0117s kalbos komisijos veikla ir darbai, kurie buvo itin svarb\u016bs m\u016bs\u0173 kalbos puosel\u0117jimui ir i\u0161saugojimui, ta\u010diau, deja, anks\u010diau m\u016bs\u0173 kalbos, istorijos ar kult\u016bros tyrimuose beveik neminimi.<\/p>\n<p>Remiantis archyviniais \u0161altiniais ir kitais dokumentais analizuojamas sekcij\u0173 ugdomasis bei \u0161vie\u010diamasis darbas, leidybin\u0117 veikla, nagrin\u0117jami sekcij\u0173 svarstyti teoriniai bendrin\u0117s kalbos norminimo ir kult\u016bros klausimai, kalbos paveldo kaupimo reikalai, kalbos dalyk\u0173 sklaida per radij\u0105 ir televizij\u0105, veiklos ideologin\u0117 aplinka.<\/p>\n<p>Leidin\u012f recenzavo doc. dr. Regina Venckut\u0117, dr. Audrius Valotka, leidyb\u0105 finansavo Lietuvos mokslo taryba.<\/p>\n<ul class=\"about-product d-none d-xl-block mt-4\">\n<li><strong>Autorius:<\/strong>\u00a0Aldonas Pupkis<\/li>\n<li><strong>Leid\u0117jas:<\/strong>\u00a0Lietuvi\u0173 kalbos institutas<\/li>\n<li><strong>Metai:<\/strong>\u00a02016<\/li>\n<li><strong>Puslapiai:<\/strong>\u00a0492<\/li>\n<li class=\"toggleable type-new-formats \"><strong>ISBN:<\/strong>\u00a09786094111822<\/li>\n<li class=\"toggleable type-new-formats \"><strong>Formatas:<\/strong>\u00a017,5 x 24,5 x 3,3 cm, kieti vir\u0161eliai<\/li>\n<li><strong>Kalba:<\/strong>\u00a0Lietuvi\u0173<\/li>\n<\/ul>\n","protected":false},"excerpt":{"rendered":"<p>A. Pupkio monografijoje nagrin\u0117jama 1967 m. pab. Vilniuje susib\u016brusio kalbinink\u0173, redaktori\u0173 ir kit\u0173 gimtosios kalbos brangintoj\u0173 samb\u016brio \u2013 Kalbos sekcijos \u2013 ir Respublikin\u0117s kalbos komisijos veikla ir darbai, kurie buvo itin svarb\u016bs m\u016bs\u0173 kalbos puosel\u0117jimui ir i\u0161saugojimui, ta\u010diau, deja, anks\u010diau m\u016bs\u0173 kalbos, istorijos ar kult\u016bros tyrimuose beveik neminimi. Remiantis archyviniais \u0161altiniais ir kitais dokumentais analizuojamas sekcij\u0173 ugdomasis bei \u0161vie\u010diamasis darbas, leidybin\u0117 veikla, nagrin\u0117jami sekcij\u0173 svarstyti teoriniai bendrin\u0117s kalbos norminimo ir kult\u016bros klausimai, kalbos paveldo kaupimo reikalai, kalbos dalyk\u0173 sklaida per radij\u0105 ir televizij\u0105, veiklos ideologin\u0117 aplinka. Leidin\u012f recenzavo doc. dr. Regina Venckut\u0117, dr. Audrius Valotka, leidyb\u0105 finansavo Lietuvos mokslo taryba. Autorius:\u00a0Aldonas Pupkis Leid\u0117jas:\u00a0Lietuvi\u0173 kalbos institutas Metai:\u00a02016 Puslapiai:\u00a0492 ISBN:\u00a09786094111822 Formatas:\u00a017,5 x 24,5 x 3,3 cm, kieti vir\u0161eliai Kalba:\u00a0Lietuvi\u0173<\/p>\n","protected":false},"featured_media":14464,"comment_status":"open","ping_status":"closed","template":"","meta":{"_acf_changed":false,"site-sidebar-layout":"default","site-content-layout":"","ast-site-content-layout":"default","site-content-style":"default","site-sidebar-style":"default","ast-global-header-display":"","ast-banner-title-visibility":"","ast-main-header-display":"","ast-hfb-above-header-display":"","ast-hfb-below-header-display":"","ast-hfb-mobile-header-display":"","site-post-title":"","ast-breadcrumbs-content":"","ast-featured-img":"","footer-sml-layout":"","ast-disable-related-posts":"","theme-transparent-header-meta":"default","adv-header-id-meta":"","stick-header-meta":"","header-above-stick-meta":"","header-main-stick-meta":"","header-below-stick-meta":"","astra-migrate-meta-layouts":"set","ast-page-background-enabled":"default","ast-page-background-meta":{"desktop":{"background-color":"","background-image":"","background-repeat":"repeat","background-position":"center center","background-size":"auto","background-attachment":"scroll","background-type":"","background-media":"","overlay-type":"","overlay-color":"","overlay-opacity":"","overlay-gradient":""},"tablet":{"background-color":"","background-image":"","background-repeat":"repeat","background-position":"center center","background-size":"auto","background-attachment":"scroll","background-type":"","background-media":"","overlay-type":"","overlay-color":"","overlay-opacity":"","overlay-gradient":""},"mobile":{"background-color":"","background-image":"","background-repeat":"repeat","background-position":"center center","background-size":"auto","background-attachment":"scroll","background-type":"","background-media":"","overlay-type":"","overlay-color":"","overlay-opacity":"","overlay-gradient":""}},"ast-content-background-meta":{"desktop":{"background-color":"var(--ast-global-color-4)","background-image":"","background-repeat":"repeat","background-position":"center center","background-size":"auto","background-attachment":"scroll","background-type":"","background-media":"","overlay-type":"","overlay-color":"","overlay-opacity":"","overlay-gradient":""},"tablet":{"background-color":"var(--ast-global-color-4)","background-image":"","background-repeat":"repeat","background-position":"center center","background-size":"auto","background-attachment":"scroll","background-type":"","background-media":"","overlay-type":"","overlay-color":"","overlay-opacity":"","overlay-gradient":""},"mobile":{"background-color":"var(--ast-global-color-4)","background-image":"","background-repeat":"repeat","background-position":"center center","background-size":"auto","background-attachment":"scroll","background-type":"","background-media":"","overlay-type":"","overlay-color":"","overlay-opacity":"","overlay-gradient":""}}},"product_brand":[],"product_cat":[9862,174,390,15],"product_tag":[3571,4017,4016,4015,4014,4012,4018,4011,4013],"class_list":{"0":"post-14460","1":"product","2":"type-product","3":"status-publish","4":"has-post-thumbnail","6":"product_cat-lietuvos-istorija","7":"product_cat-istorija-ir-politologija","8":"product_cat-kalba-kalbotyra-zodynai","9":"product_cat-uncategorized","10":"product_tag-3571","11":"product_tag-archyviniai-saltiniai","12":"product_tag-kalbos-kultura","13":"product_tag-kalbos-norminimas","14":"product_tag-kalbos-puoselejimas","15":"product_tag-kalbos-sekcija","16":"product_tag-lietuviu-kalbos-institutas","17":"product_tag-lietuviu-kalbos-sajudis","18":"product_tag-respublikine-kalbos-komisija","19":"desktop-align-left","20":"tablet-align-left","21":"mobile-align-left","23":"first","24":"outofstock","25":"shipping-taxable","26":"purchasable","27":"product-type-simple"},"acf":[],"yoast_head":"<!-- This site is optimized with the Yoast SEO plugin v27.0 - https:\/\/yoast.com\/product\/yoast-seo-wordpress\/ -->\n<title>Lietuvi\u0173 kalbos s\u0105j\u016bdis 1968-1988 m.<\/title>\n<meta name=\"description\" content=\"A. Pupkio monografijoje nagrin\u0117jama 1967 m. pab. Vilniuje susib\u016brusio kalbinink\u0173, redaktori\u0173 ir kit\u0173 gimtosios kalbos brangintoj\u0173 samb\u016brio \u2013 Kalbos\" \/>\n<meta name=\"robots\" content=\"index, follow, max-snippet:-1, max-image-preview:large, max-video-preview:-1\" \/>\n<link rel=\"canonical\" href=\"https:\/\/skaitytaknyga.lt\/en\/produktas\/lietuviu-kalbos-sajudis-1968-1988-m\/\" \/>\n<meta property=\"og:locale\" content=\"en_GB\" \/>\n<meta property=\"og:locale:alternate\" content=\"lt_LT\" \/>\n<meta property=\"og:type\" content=\"article\" \/>\n<meta property=\"og:title\" content=\"Lietuvi\u0173 kalbos s\u0105j\u016bdis 1968-1988 m.\" \/>\n<meta property=\"og:description\" content=\"A. Pupkio monografijoje nagrin\u0117jama 1967 m. pab. Vilniuje susib\u016brusio kalbinink\u0173, redaktori\u0173 ir kit\u0173 gimtosios kalbos brangintoj\u0173 samb\u016brio \u2013 Kalbos\" \/>\n<meta property=\"og:url\" content=\"https:\/\/skaitytaknyga.lt\/en\/produktas\/lietuviu-kalbos-sajudis-1968-1988-m\/\" \/>\n<meta property=\"og:site_name\" content=\"Skaitytaknyga\" \/>\n<meta property=\"article:publisher\" content=\"https:\/\/www.facebook.com\/skaitytaknyga\/\" \/>\n<meta property=\"article:modified_time\" content=\"2026-03-18T12:59:52+00:00\" \/>\n<meta property=\"og:image\" content=\"https:\/\/skaitytaknyga.lt\/wp-content\/uploads\/2024\/10\/Lietuviu-kalbos-sajudis-1968-1988-m.webp\" \/>\n\t<meta property=\"og:image:width\" content=\"568\" \/>\n\t<meta property=\"og:image:height\" content=\"800\" \/>\n\t<meta property=\"og:image:type\" content=\"image\/webp\" \/>\n<meta name=\"twitter:card\" content=\"summary_large_image\" \/>\n<meta name=\"twitter:label1\" content=\"Estimated reading time\" \/>\n\t<meta name=\"twitter:data1\" content=\"1 minute\" \/>\n<script type=\"application\/ld+json\" class=\"yoast-schema-graph\">{\"@context\":\"https:\/\/schema.org\",\"@graph\":[{\"@type\":\"WebPage\",\"@id\":\"https:\/\/skaitytaknyga.lt\/produktas\/lietuviu-kalbos-sajudis-1968-1988-m\/\",\"url\":\"https:\/\/skaitytaknyga.lt\/produktas\/lietuviu-kalbos-sajudis-1968-1988-m\/\",\"name\":\"Lietuvi\u0173 kalbos s\u0105j\u016bdis 1968-1988 m.\",\"isPartOf\":{\"@id\":\"https:\/\/skaitytaknyga.lt\/#website\"},\"primaryImageOfPage\":{\"@id\":\"https:\/\/skaitytaknyga.lt\/produktas\/lietuviu-kalbos-sajudis-1968-1988-m\/#primaryimage\"},\"image\":{\"@id\":\"https:\/\/skaitytaknyga.lt\/produktas\/lietuviu-kalbos-sajudis-1968-1988-m\/#primaryimage\"},\"thumbnailUrl\":\"https:\/\/skaitytaknyga.lt\/wp-content\/uploads\/2024\/10\/Lietuviu-kalbos-sajudis-1968-1988-m.webp\",\"datePublished\":\"2024-10-30T18:25:52+00:00\",\"dateModified\":\"2026-03-18T12:59:52+00:00\",\"description\":\"A. Pupkio monografijoje nagrin\u0117jama 1967 m. pab. Vilniuje susib\u016brusio kalbinink\u0173, redaktori\u0173 ir kit\u0173 gimtosios kalbos brangintoj\u0173 samb\u016brio \u2013 Kalbos\",\"breadcrumb\":{\"@id\":\"https:\/\/skaitytaknyga.lt\/produktas\/lietuviu-kalbos-sajudis-1968-1988-m\/#breadcrumb\"},\"inLanguage\":\"en-GB\",\"potentialAction\":[{\"@type\":\"ReadAction\",\"target\":[\"https:\/\/skaitytaknyga.lt\/produktas\/lietuviu-kalbos-sajudis-1968-1988-m\/\"]}]},{\"@type\":\"ImageObject\",\"inLanguage\":\"en-GB\",\"@id\":\"https:\/\/skaitytaknyga.lt\/produktas\/lietuviu-kalbos-sajudis-1968-1988-m\/#primaryimage\",\"url\":\"https:\/\/skaitytaknyga.lt\/wp-content\/uploads\/2024\/10\/Lietuviu-kalbos-sajudis-1968-1988-m.webp\",\"contentUrl\":\"https:\/\/skaitytaknyga.lt\/wp-content\/uploads\/2024\/10\/Lietuviu-kalbos-sajudis-1968-1988-m.webp\",\"width\":568,\"height\":800,\"caption\":\"Lietuvi\u0173 kalbos s\u0105j\u016bdis 1968-1988 m.\"},{\"@type\":\"BreadcrumbList\",\"@id\":\"https:\/\/skaitytaknyga.lt\/produktas\/lietuviu-kalbos-sajudis-1968-1988-m\/#breadcrumb\",\"itemListElement\":[{\"@type\":\"ListItem\",\"position\":1,\"name\":\"Home\",\"item\":\"https:\/\/skaitytaknyga.lt\/\"},{\"@type\":\"ListItem\",\"position\":2,\"name\":\"Parduotuv\u0117\",\"item\":\"https:\/\/skaitytaknyga.lt\/knygu-parduotuve\/\"},{\"@type\":\"ListItem\",\"position\":3,\"name\":\"Lietuvi\u0173 kalbos s\u0105j\u016bdis 1968-1988 m.\"}]},{\"@type\":\"WebSite\",\"@id\":\"https:\/\/skaitytaknyga.lt\/#website\",\"url\":\"https:\/\/skaitytaknyga.lt\/\",\"name\":\"skaitytaknyga.lt\",\"description\":\"Skaitytaknyga.lt \u2013 tai ma\u017eas \u0161eimos verslas, kuris prasid\u0117jo nuo meil\u0117s knygoms ir siekio i\u0161gelb\u0117ti knygas nuo likimo prie konteinerio. Kas vienam nereikalingas daiktas \u2013 kitam lobis, o mes esame tarpininkai, kurie padeda abiems tapti laimingesniems ???? \u017dinome kaip nelengva i\u0161gyventi ma\u017eiems verslams, tad nuo \u0161iol, \u010dia rasite ir kit\u0173, ma\u017e\u0173 \u0161eim\u0173 versl\u0173, rank\u0173 darbo, dovan\u0173 sau ir artimiesiems.\",\"publisher\":{\"@id\":\"https:\/\/skaitytaknyga.lt\/#organization\"},\"potentialAction\":[{\"@type\":\"SearchAction\",\"target\":{\"@type\":\"EntryPoint\",\"urlTemplate\":\"https:\/\/skaitytaknyga.lt\/?s={search_term_string}\"},\"query-input\":{\"@type\":\"PropertyValueSpecification\",\"valueRequired\":true,\"valueName\":\"search_term_string\"}}],\"inLanguage\":\"en-GB\"},{\"@type\":\"Organization\",\"@id\":\"https:\/\/skaitytaknyga.lt\/#organization\",\"name\":\"skaitytaknyga.lt\",\"url\":\"https:\/\/skaitytaknyga.lt\/\",\"logo\":{\"@type\":\"ImageObject\",\"inLanguage\":\"en-GB\",\"@id\":\"https:\/\/skaitytaknyga.lt\/#\/schema\/logo\/image\/\",\"url\":\"https:\/\/skaitytaknyga.lt\/wp-content\/uploads\/2024\/05\/cropped-cropped-cropped-02_00843_jt3bggkj1j3HLc7SyY6rEUpg.jpeg\",\"contentUrl\":\"https:\/\/skaitytaknyga.lt\/wp-content\/uploads\/2024\/05\/cropped-cropped-cropped-02_00843_jt3bggkj1j3HLc7SyY6rEUpg.jpeg\",\"width\":1600,\"height\":1600,\"caption\":\"skaitytaknyga.lt\"},\"image\":{\"@id\":\"https:\/\/skaitytaknyga.lt\/#\/schema\/logo\/image\/\"},\"sameAs\":[\"https:\/\/www.facebook.com\/skaitytaknyga\/\"]}]}<\/script>\n<!-- \/ Yoast SEO plugin. -->","yoast_head_json":{"title":"Lietuvi\u0173 kalbos s\u0105j\u016bdis 1968-1988 m.","description":"A. Pupkio monografijoje nagrin\u0117jama 1967 m. pab. Vilniuje susib\u016brusio kalbinink\u0173, redaktori\u0173 ir kit\u0173 gimtosios kalbos brangintoj\u0173 samb\u016brio \u2013 Kalbos","robots":{"index":"index","follow":"follow","max-snippet":"max-snippet:-1","max-image-preview":"max-image-preview:large","max-video-preview":"max-video-preview:-1"},"canonical":"https:\/\/skaitytaknyga.lt\/en\/produktas\/lietuviu-kalbos-sajudis-1968-1988-m\/","og_locale":"en_GB","og_type":"article","og_title":"[:lt]Lietuvi\u0173 kalbos s\u0105j\u016bdis 1968-1988 m.[:] - Skaitytaknyga","og_description":"A. Pupkio monografijoje nagrin\u0117jama 1967 m. pab. Vilniuje susib\u016brusio kalbinink\u0173, redaktori\u0173 ir kit\u0173 gimtosios kalbos brangintoj\u0173 samb\u016brio \u2013 Kalbos","og_url":"https:\/\/skaitytaknyga.lt\/en\/produktas\/lietuviu-kalbos-sajudis-1968-1988-m\/","og_site_name":"Skaitytaknyga","article_publisher":"https:\/\/www.facebook.com\/skaitytaknyga\/","article_modified_time":"2026-03-18T12:59:52+00:00","og_image":[{"width":568,"height":800,"url":"https:\/\/skaitytaknyga.lt\/wp-content\/uploads\/2024\/10\/Lietuviu-kalbos-sajudis-1968-1988-m.webp","type":"image\/webp"}],"twitter_card":"summary_large_image","twitter_misc":{"Estimated reading time":"1 minute"},"schema":{"@context":"https:\/\/schema.org","@graph":[{"@type":"WebPage","@id":"https:\/\/skaitytaknyga.lt\/produktas\/lietuviu-kalbos-sajudis-1968-1988-m\/","url":"https:\/\/skaitytaknyga.lt\/produktas\/lietuviu-kalbos-sajudis-1968-1988-m\/","name":"Lietuvi\u0173 kalbos s\u0105j\u016bdis 1968-1988 m.","isPartOf":{"@id":"https:\/\/skaitytaknyga.lt\/#website"},"primaryImageOfPage":{"@id":"https:\/\/skaitytaknyga.lt\/produktas\/lietuviu-kalbos-sajudis-1968-1988-m\/#primaryimage"},"image":{"@id":"https:\/\/skaitytaknyga.lt\/produktas\/lietuviu-kalbos-sajudis-1968-1988-m\/#primaryimage"},"thumbnailUrl":"https:\/\/skaitytaknyga.lt\/wp-content\/uploads\/2024\/10\/Lietuviu-kalbos-sajudis-1968-1988-m.webp","datePublished":"2024-10-30T18:25:52+00:00","dateModified":"2026-03-18T12:59:52+00:00","description":"A. Pupkio monografijoje nagrin\u0117jama 1967 m. pab. Vilniuje susib\u016brusio kalbinink\u0173, redaktori\u0173 ir kit\u0173 gimtosios kalbos brangintoj\u0173 samb\u016brio \u2013 Kalbos","breadcrumb":{"@id":"https:\/\/skaitytaknyga.lt\/produktas\/lietuviu-kalbos-sajudis-1968-1988-m\/#breadcrumb"},"inLanguage":"en-GB","potentialAction":[{"@type":"ReadAction","target":["https:\/\/skaitytaknyga.lt\/produktas\/lietuviu-kalbos-sajudis-1968-1988-m\/"]}]},{"@type":"ImageObject","inLanguage":"en-GB","@id":"https:\/\/skaitytaknyga.lt\/produktas\/lietuviu-kalbos-sajudis-1968-1988-m\/#primaryimage","url":"https:\/\/skaitytaknyga.lt\/wp-content\/uploads\/2024\/10\/Lietuviu-kalbos-sajudis-1968-1988-m.webp","contentUrl":"https:\/\/skaitytaknyga.lt\/wp-content\/uploads\/2024\/10\/Lietuviu-kalbos-sajudis-1968-1988-m.webp","width":568,"height":800,"caption":"Lietuvi\u0173 kalbos s\u0105j\u016bdis 1968-1988 m."},{"@type":"BreadcrumbList","@id":"https:\/\/skaitytaknyga.lt\/produktas\/lietuviu-kalbos-sajudis-1968-1988-m\/#breadcrumb","itemListElement":[{"@type":"ListItem","position":1,"name":"Home","item":"https:\/\/skaitytaknyga.lt\/"},{"@type":"ListItem","position":2,"name":"Parduotuv\u0117","item":"https:\/\/skaitytaknyga.lt\/knygu-parduotuve\/"},{"@type":"ListItem","position":3,"name":"Lietuvi\u0173 kalbos s\u0105j\u016bdis 1968-1988 m."}]},{"@type":"WebSite","@id":"https:\/\/skaitytaknyga.lt\/#website","url":"https:\/\/skaitytaknyga.lt\/","name":"skaitytaknyga.lt","description":"Skaitytaknyga.lt \u2013 tai ma\u017eas \u0161eimos verslas, kuris prasid\u0117jo nuo meil\u0117s knygoms ir siekio i\u0161gelb\u0117ti knygas nuo likimo prie konteinerio. Kas vienam nereikalingas daiktas \u2013 kitam lobis, o mes esame tarpininkai, kurie padeda abiems tapti laimingesniems ???? \u017dinome kaip nelengva i\u0161gyventi ma\u017eiems verslams, tad nuo \u0161iol, \u010dia rasite ir kit\u0173, ma\u017e\u0173 \u0161eim\u0173 versl\u0173, rank\u0173 darbo, dovan\u0173 sau ir artimiesiems.","publisher":{"@id":"https:\/\/skaitytaknyga.lt\/#organization"},"potentialAction":[{"@type":"SearchAction","target":{"@type":"EntryPoint","urlTemplate":"https:\/\/skaitytaknyga.lt\/?s={search_term_string}"},"query-input":{"@type":"PropertyValueSpecification","valueRequired":true,"valueName":"search_term_string"}}],"inLanguage":"en-GB"},{"@type":"Organization","@id":"https:\/\/skaitytaknyga.lt\/#organization","name":"skaitytaknyga.lt","url":"https:\/\/skaitytaknyga.lt\/","logo":{"@type":"ImageObject","inLanguage":"en-GB","@id":"https:\/\/skaitytaknyga.lt\/#\/schema\/logo\/image\/","url":"https:\/\/skaitytaknyga.lt\/wp-content\/uploads\/2024\/05\/cropped-cropped-cropped-02_00843_jt3bggkj1j3HLc7SyY6rEUpg.jpeg","contentUrl":"https:\/\/skaitytaknyga.lt\/wp-content\/uploads\/2024\/05\/cropped-cropped-cropped-02_00843_jt3bggkj1j3HLc7SyY6rEUpg.jpeg","width":1600,"height":1600,"caption":"skaitytaknyga.lt"},"image":{"@id":"https:\/\/skaitytaknyga.lt\/#\/schema\/logo\/image\/"},"sameAs":["https:\/\/www.facebook.com\/skaitytaknyga\/"]}]}},"_links":{"self":[{"href":"https:\/\/skaitytaknyga.lt\/en\/wp-json\/wp\/v2\/product\/14460","targetHints":{"allow":["GET"]}}],"collection":[{"href":"https:\/\/skaitytaknyga.lt\/en\/wp-json\/wp\/v2\/product"}],"about":[{"href":"https:\/\/skaitytaknyga.lt\/en\/wp-json\/wp\/v2\/types\/product"}],"replies":[{"embeddable":true,"href":"https:\/\/skaitytaknyga.lt\/en\/wp-json\/wp\/v2\/comments?post=14460"}],"wp:featuredmedia":[{"embeddable":true,"href":"https:\/\/skaitytaknyga.lt\/en\/wp-json\/wp\/v2\/media\/14464"}],"wp:attachment":[{"href":"https:\/\/skaitytaknyga.lt\/en\/wp-json\/wp\/v2\/media?parent=14460"}],"wp:term":[{"taxonomy":"product_brand","embeddable":true,"href":"https:\/\/skaitytaknyga.lt\/en\/wp-json\/wp\/v2\/product_brand?post=14460"},{"taxonomy":"product_cat","embeddable":true,"href":"https:\/\/skaitytaknyga.lt\/en\/wp-json\/wp\/v2\/product_cat?post=14460"},{"taxonomy":"product_tag","embeddable":true,"href":"https:\/\/skaitytaknyga.lt\/en\/wp-json\/wp\/v2\/product_tag?post=14460"}],"curies":[{"name":"wp","href":"https:\/\/api.w.org\/{rel}","templated":true}]}}