{"id":14459,"date":"2024-10-30T20:25:52","date_gmt":"2024-10-30T18:25:52","guid":{"rendered":"https:\/\/skaitytaknyga.lt\/?post_type=product&#038;p=14459"},"modified":"2026-03-18T14:59:52","modified_gmt":"2026-03-18T12:59:52","slug":"debesu-karzygys-legenda-apie-prana-zizmara","status":"publish","type":"product","link":"https:\/\/skaitytaknyga.lt\/en\/produktas\/debesu-karzygys-legenda-apie-prana-zizmara\/","title":{"rendered":"Debes\u0173 kar\u017eygys. Legenda apie Pran\u0105 \u017di\u017emar\u0105"},"content":{"rendered":"<div class=\"prose line-clamp-3 bg-clip-text text-transparent line-clamp-none !bg-black\">Knyga apie P. \u017di\u017emar\u0105 \u2013 vien\u0105 \u017eymiausi\u0173 tarpukario Vilniaus lietuvi\u0173, mokytoj\u0105, skaut\u0173 vad\u0105, sporto organizatori\u0173 Vilniaus kra\u0161te. P. \u017di\u017emaro gyvenimo trajektorija sutampa su 1918\u20131940 m. Vilniaus likimo istorija. 1925\u20131935 m. P. \u017di\u017emaras vadovavo atkurtai lietuvi\u0173 skaut\u0173 organizacijai. Legenda tapo 1938 m. pirmoji tautin\u0117 Lietuvos sporto Olimpiada, sukvietusi \u012f Kaun\u0105 lietuvius i\u0161 viso pasaulio. P. \u017di\u017emaras vadovavo Vilniaus sportinink\u0173 delegacijai. 1938 m. garsiai nuskamb\u0117jo P. \u017di\u017emaro dvikova su Vilniaus lenk\u0173 studentu Jerzy Chom-Chomskiu, kuri\u0105 laim\u0117jo engiamos lietuvi\u0173 ma\u017eumos atstovas P. \u017di\u017emaras. 1940 m. \u0161\u012f veikl\u0173 Lietuvos patriot\u0105, iedalist\u0105, prarijo KGB po\u017eemiai, kal\u0117jimai, tremtis. Jis kal\u0117jo Severdvinlage, Archangelsko srityje, \u017euvo 1944 m. ruden\u012f, \u017euvo 1944 m. ruden\u012f. Palaidotas \u0160angale, am\u017eino \u012f\u0161alo \u017eem\u0117je.<\/div>\n<p>&nbsp;<\/p>\n","protected":false},"excerpt":{"rendered":"<p>Knyga apie P. \u017di\u017emar\u0105 \u2013 vien\u0105 \u017eymiausi\u0173 tarpukario Vilniaus lietuvi\u0173, mokytoj\u0105, skaut\u0173 vad\u0105, sporto organizatori\u0173 Vilniaus kra\u0161te. P. \u017di\u017emaro gyvenimo trajektorija sutampa su 1918\u20131940 m. Vilniaus likimo istorija. 1925\u20131935 m. P. \u017di\u017emaras vadovavo atkurtai lietuvi\u0173 skaut\u0173 organizacijai. Legenda tapo 1938 m. pirmoji tautin\u0117 Lietuvos sporto Olimpiada, sukvietusi \u012f Kaun\u0105 lietuvius i\u0161 viso pasaulio. P. \u017di\u017emaras vadovavo Vilniaus sportinink\u0173 delegacijai. 1938 m. garsiai nuskamb\u0117jo P. \u017di\u017emaro dvikova su Vilniaus lenk\u0173 studentu Jerzy Chom-Chomskiu, kuri\u0105 laim\u0117jo engiamos lietuvi\u0173 ma\u017eumos atstovas P. \u017di\u017emaras. 1940 m. \u0161\u012f veikl\u0173 Lietuvos patriot\u0105, iedalist\u0105, prarijo KGB po\u017eemiai, kal\u0117jimai, tremtis. Jis kal\u0117jo Severdvinlage, Archangelsko srityje, \u017euvo 1944 m. ruden\u012f, \u017euvo 1944 m. ruden\u012f. Palaidotas \u0160angale, am\u017eino \u012f\u0161alo \u017eem\u0117je. &nbsp;<\/p>\n","protected":false},"featured_media":14465,"comment_status":"open","ping_status":"closed","template":"","meta":{"_acf_changed":false,"site-sidebar-layout":"default","site-content-layout":"","ast-site-content-layout":"default","site-content-style":"default","site-sidebar-style":"default","ast-global-header-display":"","ast-banner-title-visibility":"","ast-main-header-display":"","ast-hfb-above-header-display":"","ast-hfb-below-header-display":"","ast-hfb-mobile-header-display":"","site-post-title":"","ast-breadcrumbs-content":"","ast-featured-img":"","footer-sml-layout":"","ast-disable-related-posts":"","theme-transparent-header-meta":"default","adv-header-id-meta":"","stick-header-meta":"","header-above-stick-meta":"","header-main-stick-meta":"","header-below-stick-meta":"","astra-migrate-meta-layouts":"set","ast-page-background-enabled":"default","ast-page-background-meta":{"desktop":{"background-color":"","background-image":"","background-repeat":"repeat","background-position":"center center","background-size":"auto","background-attachment":"scroll","background-type":"","background-media":"","overlay-type":"","overlay-color":"","overlay-opacity":"","overlay-gradient":""},"tablet":{"background-color":"","background-image":"","background-repeat":"repeat","background-position":"center center","background-size":"auto","background-attachment":"scroll","background-type":"","background-media":"","overlay-type":"","overlay-color":"","overlay-opacity":"","overlay-gradient":""},"mobile":{"background-color":"","background-image":"","background-repeat":"repeat","background-position":"center center","background-size":"auto","background-attachment":"scroll","background-type":"","background-media":"","overlay-type":"","overlay-color":"","overlay-opacity":"","overlay-gradient":""}},"ast-content-background-meta":{"desktop":{"background-color":"var(--ast-global-color-4)","background-image":"","background-repeat":"repeat","background-position":"center center","background-size":"auto","background-attachment":"scroll","background-type":"","background-media":"","overlay-type":"","overlay-color":"","overlay-opacity":"","overlay-gradient":""},"tablet":{"background-color":"var(--ast-global-color-4)","background-image":"","background-repeat":"repeat","background-position":"center center","background-size":"auto","background-attachment":"scroll","background-type":"","background-media":"","overlay-type":"","overlay-color":"","overlay-opacity":"","overlay-gradient":""},"mobile":{"background-color":"var(--ast-global-color-4)","background-image":"","background-repeat":"repeat","background-position":"center center","background-size":"auto","background-attachment":"scroll","background-type":"","background-media":"","overlay-type":"","overlay-color":"","overlay-opacity":"","overlay-gradient":""}}},"product_brand":[],"product_cat":[9862,33,174,15],"product_tag":[],"class_list":{"0":"post-14459","1":"product","2":"type-product","3":"status-publish","4":"has-post-thumbnail","6":"product_cat-lietuvos-istorija","7":"product_cat-biografijos","8":"product_cat-istorija-ir-politologija","9":"product_cat-uncategorized","10":"desktop-align-left","11":"tablet-align-left","12":"mobile-align-left","14":"first","15":"instock","16":"shipping-taxable","17":"purchasable","18":"product-type-simple"},"acf":[],"yoast_head":"<!-- This site is optimized with the Yoast SEO plugin v27.0 - https:\/\/yoast.com\/product\/yoast-seo-wordpress\/ -->\n<title>Debes\u0173 kar\u017eygys. Legenda apie Pran\u0105 \u017di\u017emar\u0105<\/title>\n<meta name=\"description\" content=\"Knyga apie P. \u017di\u017emar\u0105 \u2013 vien\u0105 \u017eymiausi\u0173 tarpukario Vilniaus lietuvi\u0173, mokytoj\u0105, skaut\u0173 vad\u0105, sporto organizatori\u0173 Vilniaus kra\u0161te. P. \u017di\u017emaro gyvenimo\" \/>\n<meta name=\"robots\" content=\"index, follow, max-snippet:-1, max-image-preview:large, max-video-preview:-1\" \/>\n<link rel=\"canonical\" href=\"https:\/\/skaitytaknyga.lt\/en\/produktas\/debesu-karzygys-legenda-apie-prana-zizmara\/\" \/>\n<meta property=\"og:locale\" content=\"en_GB\" \/>\n<meta property=\"og:locale:alternate\" content=\"lt_LT\" \/>\n<meta property=\"og:type\" content=\"article\" \/>\n<meta property=\"og:title\" content=\"Debes\u0173 kar\u017eygys. Legenda apie Pran\u0105 \u017di\u017emar\u0105\" \/>\n<meta property=\"og:description\" content=\"Knyga apie P. \u017di\u017emar\u0105 \u2013 vien\u0105 \u017eymiausi\u0173 tarpukario Vilniaus lietuvi\u0173, mokytoj\u0105, skaut\u0173 vad\u0105, sporto organizatori\u0173 Vilniaus kra\u0161te. P. \u017di\u017emaro gyvenimo\" \/>\n<meta property=\"og:url\" content=\"https:\/\/skaitytaknyga.lt\/en\/produktas\/debesu-karzygys-legenda-apie-prana-zizmara\/\" \/>\n<meta property=\"og:site_name\" content=\"Skaitytaknyga\" \/>\n<meta property=\"article:publisher\" content=\"https:\/\/www.facebook.com\/skaitytaknyga\/\" \/>\n<meta property=\"article:modified_time\" content=\"2026-03-18T12:59:52+00:00\" \/>\n<meta property=\"og:image\" content=\"https:\/\/skaitytaknyga.lt\/wp-content\/uploads\/2024\/10\/debesu-karzygys.jpeg\" \/>\n\t<meta property=\"og:image:width\" content=\"181\" \/>\n\t<meta property=\"og:image:height\" content=\"278\" \/>\n\t<meta property=\"og:image:type\" content=\"image\/jpeg\" \/>\n<meta name=\"twitter:card\" content=\"summary_large_image\" \/>\n<meta name=\"twitter:label1\" content=\"Estimated reading time\" \/>\n\t<meta name=\"twitter:data1\" content=\"1 minute\" \/>\n<script type=\"application\/ld+json\" class=\"yoast-schema-graph\">{\"@context\":\"https:\/\/schema.org\",\"@graph\":[{\"@type\":\"WebPage\",\"@id\":\"https:\/\/skaitytaknyga.lt\/produktas\/debesu-karzygys-legenda-apie-prana-zizmara\/\",\"url\":\"https:\/\/skaitytaknyga.lt\/produktas\/debesu-karzygys-legenda-apie-prana-zizmara\/\",\"name\":\"Debes\u0173 kar\u017eygys. Legenda apie Pran\u0105 \u017di\u017emar\u0105\",\"isPartOf\":{\"@id\":\"https:\/\/skaitytaknyga.lt\/#website\"},\"primaryImageOfPage\":{\"@id\":\"https:\/\/skaitytaknyga.lt\/produktas\/debesu-karzygys-legenda-apie-prana-zizmara\/#primaryimage\"},\"image\":{\"@id\":\"https:\/\/skaitytaknyga.lt\/produktas\/debesu-karzygys-legenda-apie-prana-zizmara\/#primaryimage\"},\"thumbnailUrl\":\"https:\/\/skaitytaknyga.lt\/wp-content\/uploads\/2024\/10\/debesu-karzygys.jpeg\",\"datePublished\":\"2024-10-30T18:25:52+00:00\",\"dateModified\":\"2026-03-18T12:59:52+00:00\",\"description\":\"Knyga apie P. \u017di\u017emar\u0105 \u2013 vien\u0105 \u017eymiausi\u0173 tarpukario Vilniaus lietuvi\u0173, mokytoj\u0105, skaut\u0173 vad\u0105, sporto organizatori\u0173 Vilniaus kra\u0161te. P. \u017di\u017emaro gyvenimo\",\"breadcrumb\":{\"@id\":\"https:\/\/skaitytaknyga.lt\/produktas\/debesu-karzygys-legenda-apie-prana-zizmara\/#breadcrumb\"},\"inLanguage\":\"en-GB\",\"potentialAction\":[{\"@type\":\"ReadAction\",\"target\":[\"https:\/\/skaitytaknyga.lt\/produktas\/debesu-karzygys-legenda-apie-prana-zizmara\/\"]}]},{\"@type\":\"ImageObject\",\"inLanguage\":\"en-GB\",\"@id\":\"https:\/\/skaitytaknyga.lt\/produktas\/debesu-karzygys-legenda-apie-prana-zizmara\/#primaryimage\",\"url\":\"https:\/\/skaitytaknyga.lt\/wp-content\/uploads\/2024\/10\/debesu-karzygys.jpeg\",\"contentUrl\":\"https:\/\/skaitytaknyga.lt\/wp-content\/uploads\/2024\/10\/debesu-karzygys.jpeg\",\"width\":181,\"height\":278,\"caption\":\"Debes\u0173 kar\u017eygys. Legenda apie Pran\u0105 \u017di\u017emar\u0105\"},{\"@type\":\"BreadcrumbList\",\"@id\":\"https:\/\/skaitytaknyga.lt\/produktas\/debesu-karzygys-legenda-apie-prana-zizmara\/#breadcrumb\",\"itemListElement\":[{\"@type\":\"ListItem\",\"position\":1,\"name\":\"Home\",\"item\":\"https:\/\/skaitytaknyga.lt\/\"},{\"@type\":\"ListItem\",\"position\":2,\"name\":\"Parduotuv\u0117\",\"item\":\"https:\/\/skaitytaknyga.lt\/knygu-parduotuve\/\"},{\"@type\":\"ListItem\",\"position\":3,\"name\":\"Debes\u0173 kar\u017eygys. Legenda apie Pran\u0105 \u017di\u017emar\u0105\"}]},{\"@type\":\"WebSite\",\"@id\":\"https:\/\/skaitytaknyga.lt\/#website\",\"url\":\"https:\/\/skaitytaknyga.lt\/\",\"name\":\"skaitytaknyga.lt\",\"description\":\"Skaitytaknyga.lt \u2013 tai ma\u017eas \u0161eimos verslas, kuris prasid\u0117jo nuo meil\u0117s knygoms ir siekio i\u0161gelb\u0117ti knygas nuo likimo prie konteinerio. Kas vienam nereikalingas daiktas \u2013 kitam lobis, o mes esame tarpininkai, kurie padeda abiems tapti laimingesniems ???? \u017dinome kaip nelengva i\u0161gyventi ma\u017eiems verslams, tad nuo \u0161iol, \u010dia rasite ir kit\u0173, ma\u017e\u0173 \u0161eim\u0173 versl\u0173, rank\u0173 darbo, dovan\u0173 sau ir artimiesiems.\",\"publisher\":{\"@id\":\"https:\/\/skaitytaknyga.lt\/#organization\"},\"potentialAction\":[{\"@type\":\"SearchAction\",\"target\":{\"@type\":\"EntryPoint\",\"urlTemplate\":\"https:\/\/skaitytaknyga.lt\/?s={search_term_string}\"},\"query-input\":{\"@type\":\"PropertyValueSpecification\",\"valueRequired\":true,\"valueName\":\"search_term_string\"}}],\"inLanguage\":\"en-GB\"},{\"@type\":\"Organization\",\"@id\":\"https:\/\/skaitytaknyga.lt\/#organization\",\"name\":\"skaitytaknyga.lt\",\"url\":\"https:\/\/skaitytaknyga.lt\/\",\"logo\":{\"@type\":\"ImageObject\",\"inLanguage\":\"en-GB\",\"@id\":\"https:\/\/skaitytaknyga.lt\/#\/schema\/logo\/image\/\",\"url\":\"https:\/\/skaitytaknyga.lt\/wp-content\/uploads\/2024\/05\/cropped-cropped-cropped-02_00843_jt3bggkj1j3HLc7SyY6rEUpg.jpeg\",\"contentUrl\":\"https:\/\/skaitytaknyga.lt\/wp-content\/uploads\/2024\/05\/cropped-cropped-cropped-02_00843_jt3bggkj1j3HLc7SyY6rEUpg.jpeg\",\"width\":1600,\"height\":1600,\"caption\":\"skaitytaknyga.lt\"},\"image\":{\"@id\":\"https:\/\/skaitytaknyga.lt\/#\/schema\/logo\/image\/\"},\"sameAs\":[\"https:\/\/www.facebook.com\/skaitytaknyga\/\"]}]}<\/script>\n<!-- \/ Yoast SEO plugin. -->","yoast_head_json":{"title":"Debes\u0173 kar\u017eygys. Legenda apie Pran\u0105 \u017di\u017emar\u0105","description":"Knyga apie P. \u017di\u017emar\u0105 \u2013 vien\u0105 \u017eymiausi\u0173 tarpukario Vilniaus lietuvi\u0173, mokytoj\u0105, skaut\u0173 vad\u0105, sporto organizatori\u0173 Vilniaus kra\u0161te. P. \u017di\u017emaro gyvenimo","robots":{"index":"index","follow":"follow","max-snippet":"max-snippet:-1","max-image-preview":"max-image-preview:large","max-video-preview":"max-video-preview:-1"},"canonical":"https:\/\/skaitytaknyga.lt\/en\/produktas\/debesu-karzygys-legenda-apie-prana-zizmara\/","og_locale":"en_GB","og_type":"article","og_title":"[:lt]Debes\u0173 kar\u017eygys. Legenda apie Pran\u0105 \u017di\u017emar\u0105[:] - Skaitytaknyga","og_description":"Knyga apie P. \u017di\u017emar\u0105 \u2013 vien\u0105 \u017eymiausi\u0173 tarpukario Vilniaus lietuvi\u0173, mokytoj\u0105, skaut\u0173 vad\u0105, sporto organizatori\u0173 Vilniaus kra\u0161te. P. \u017di\u017emaro gyvenimo","og_url":"https:\/\/skaitytaknyga.lt\/en\/produktas\/debesu-karzygys-legenda-apie-prana-zizmara\/","og_site_name":"Skaitytaknyga","article_publisher":"https:\/\/www.facebook.com\/skaitytaknyga\/","article_modified_time":"2026-03-18T12:59:52+00:00","og_image":[{"width":181,"height":278,"url":"https:\/\/skaitytaknyga.lt\/wp-content\/uploads\/2024\/10\/debesu-karzygys.jpeg","type":"image\/jpeg"}],"twitter_card":"summary_large_image","twitter_misc":{"Estimated reading time":"1 minute"},"schema":{"@context":"https:\/\/schema.org","@graph":[{"@type":"WebPage","@id":"https:\/\/skaitytaknyga.lt\/produktas\/debesu-karzygys-legenda-apie-prana-zizmara\/","url":"https:\/\/skaitytaknyga.lt\/produktas\/debesu-karzygys-legenda-apie-prana-zizmara\/","name":"Debes\u0173 kar\u017eygys. Legenda apie Pran\u0105 \u017di\u017emar\u0105","isPartOf":{"@id":"https:\/\/skaitytaknyga.lt\/#website"},"primaryImageOfPage":{"@id":"https:\/\/skaitytaknyga.lt\/produktas\/debesu-karzygys-legenda-apie-prana-zizmara\/#primaryimage"},"image":{"@id":"https:\/\/skaitytaknyga.lt\/produktas\/debesu-karzygys-legenda-apie-prana-zizmara\/#primaryimage"},"thumbnailUrl":"https:\/\/skaitytaknyga.lt\/wp-content\/uploads\/2024\/10\/debesu-karzygys.jpeg","datePublished":"2024-10-30T18:25:52+00:00","dateModified":"2026-03-18T12:59:52+00:00","description":"Knyga apie P. \u017di\u017emar\u0105 \u2013 vien\u0105 \u017eymiausi\u0173 tarpukario Vilniaus lietuvi\u0173, mokytoj\u0105, skaut\u0173 vad\u0105, sporto organizatori\u0173 Vilniaus kra\u0161te. P. \u017di\u017emaro gyvenimo","breadcrumb":{"@id":"https:\/\/skaitytaknyga.lt\/produktas\/debesu-karzygys-legenda-apie-prana-zizmara\/#breadcrumb"},"inLanguage":"en-GB","potentialAction":[{"@type":"ReadAction","target":["https:\/\/skaitytaknyga.lt\/produktas\/debesu-karzygys-legenda-apie-prana-zizmara\/"]}]},{"@type":"ImageObject","inLanguage":"en-GB","@id":"https:\/\/skaitytaknyga.lt\/produktas\/debesu-karzygys-legenda-apie-prana-zizmara\/#primaryimage","url":"https:\/\/skaitytaknyga.lt\/wp-content\/uploads\/2024\/10\/debesu-karzygys.jpeg","contentUrl":"https:\/\/skaitytaknyga.lt\/wp-content\/uploads\/2024\/10\/debesu-karzygys.jpeg","width":181,"height":278,"caption":"Debes\u0173 kar\u017eygys. Legenda apie Pran\u0105 \u017di\u017emar\u0105"},{"@type":"BreadcrumbList","@id":"https:\/\/skaitytaknyga.lt\/produktas\/debesu-karzygys-legenda-apie-prana-zizmara\/#breadcrumb","itemListElement":[{"@type":"ListItem","position":1,"name":"Home","item":"https:\/\/skaitytaknyga.lt\/"},{"@type":"ListItem","position":2,"name":"Parduotuv\u0117","item":"https:\/\/skaitytaknyga.lt\/knygu-parduotuve\/"},{"@type":"ListItem","position":3,"name":"Debes\u0173 kar\u017eygys. Legenda apie Pran\u0105 \u017di\u017emar\u0105"}]},{"@type":"WebSite","@id":"https:\/\/skaitytaknyga.lt\/#website","url":"https:\/\/skaitytaknyga.lt\/","name":"skaitytaknyga.lt","description":"Skaitytaknyga.lt \u2013 tai ma\u017eas \u0161eimos verslas, kuris prasid\u0117jo nuo meil\u0117s knygoms ir siekio i\u0161gelb\u0117ti knygas nuo likimo prie konteinerio. Kas vienam nereikalingas daiktas \u2013 kitam lobis, o mes esame tarpininkai, kurie padeda abiems tapti laimingesniems ???? \u017dinome kaip nelengva i\u0161gyventi ma\u017eiems verslams, tad nuo \u0161iol, \u010dia rasite ir kit\u0173, ma\u017e\u0173 \u0161eim\u0173 versl\u0173, rank\u0173 darbo, dovan\u0173 sau ir artimiesiems.","publisher":{"@id":"https:\/\/skaitytaknyga.lt\/#organization"},"potentialAction":[{"@type":"SearchAction","target":{"@type":"EntryPoint","urlTemplate":"https:\/\/skaitytaknyga.lt\/?s={search_term_string}"},"query-input":{"@type":"PropertyValueSpecification","valueRequired":true,"valueName":"search_term_string"}}],"inLanguage":"en-GB"},{"@type":"Organization","@id":"https:\/\/skaitytaknyga.lt\/#organization","name":"skaitytaknyga.lt","url":"https:\/\/skaitytaknyga.lt\/","logo":{"@type":"ImageObject","inLanguage":"en-GB","@id":"https:\/\/skaitytaknyga.lt\/#\/schema\/logo\/image\/","url":"https:\/\/skaitytaknyga.lt\/wp-content\/uploads\/2024\/05\/cropped-cropped-cropped-02_00843_jt3bggkj1j3HLc7SyY6rEUpg.jpeg","contentUrl":"https:\/\/skaitytaknyga.lt\/wp-content\/uploads\/2024\/05\/cropped-cropped-cropped-02_00843_jt3bggkj1j3HLc7SyY6rEUpg.jpeg","width":1600,"height":1600,"caption":"skaitytaknyga.lt"},"image":{"@id":"https:\/\/skaitytaknyga.lt\/#\/schema\/logo\/image\/"},"sameAs":["https:\/\/www.facebook.com\/skaitytaknyga\/"]}]}},"_links":{"self":[{"href":"https:\/\/skaitytaknyga.lt\/en\/wp-json\/wp\/v2\/product\/14459","targetHints":{"allow":["GET"]}}],"collection":[{"href":"https:\/\/skaitytaknyga.lt\/en\/wp-json\/wp\/v2\/product"}],"about":[{"href":"https:\/\/skaitytaknyga.lt\/en\/wp-json\/wp\/v2\/types\/product"}],"replies":[{"embeddable":true,"href":"https:\/\/skaitytaknyga.lt\/en\/wp-json\/wp\/v2\/comments?post=14459"}],"wp:featuredmedia":[{"embeddable":true,"href":"https:\/\/skaitytaknyga.lt\/en\/wp-json\/wp\/v2\/media\/14465"}],"wp:attachment":[{"href":"https:\/\/skaitytaknyga.lt\/en\/wp-json\/wp\/v2\/media?parent=14459"}],"wp:term":[{"taxonomy":"product_brand","embeddable":true,"href":"https:\/\/skaitytaknyga.lt\/en\/wp-json\/wp\/v2\/product_brand?post=14459"},{"taxonomy":"product_cat","embeddable":true,"href":"https:\/\/skaitytaknyga.lt\/en\/wp-json\/wp\/v2\/product_cat?post=14459"},{"taxonomy":"product_tag","embeddable":true,"href":"https:\/\/skaitytaknyga.lt\/en\/wp-json\/wp\/v2\/product_tag?post=14459"}],"curies":[{"name":"wp","href":"https:\/\/api.w.org\/{rel}","templated":true}]}}