{"id":14458,"date":"2024-10-30T20:25:52","date_gmt":"2024-10-30T18:25:52","guid":{"rendered":"https:\/\/skaitytaknyga.lt\/?post_type=product&#038;p=14458"},"modified":"2024-10-31T16:24:58","modified_gmt":"2024-10-31T14:24:58","slug":"variacijos-viena-tema-pianistas-kulturos-puoseletojas-dainius-trinkunas","status":"publish","type":"product","link":"https:\/\/skaitytaknyga.lt\/en\/produktas\/variacijos-viena-tema-pianistas-kulturos-puoseletojas-dainius-trinkunas\/","title":{"rendered":"Variacijos viena tema. Pianistas, kult\u016bros puosel\u0117tojas Dainius Trink\u016bnas"},"content":{"rendered":"<p>Mokslin\u0117 monografija, paremta pianisto, kult\u016bros vadybininko D. Trink\u016bno veiklos tyrimu, archyviniais \u0161altiniais. Publikuojami D. Trink\u016bno pasisakymai kult\u016bros klausimais, gaus\u016bs jo bendraam\u017ei\u0173, bendradarbi\u0173, jaunesni\u0173 koleg\u0173 atsiminimai.<\/p>\n<p>Monografija skirta ne tik toliau atskiras sociokult\u016bros sritis tirsiantiems mokslininkams, kult\u016bros vadyb\u0105 ir Lietuvos muzikos istorij\u0105 studijuojantiems magistrantams, doktorantams, bet ir kult\u016bros istorija besidomintiems \u017emon\u0117ms, vadybininkams-praktikams. Knygos tekstai ir gausios iliustracijos atspindi pozityvaus Lietuvos kult\u016bros tapsmo epizodus.<\/p>\n<ul class=\"about-product d-none d-xl-block mt-4\">\n<li><strong>Autorius:<\/strong>\u00a0Rita Aleknait\u0117-Bieliauskien\u0117<\/li>\n<li><strong>Metai:<\/strong>\u00a02003<\/li>\n<li><strong>Puslapiai:<\/strong>\u00a0246<\/li>\n<li class=\"toggleable type-new-formats \"><strong>ISBN:<\/strong>\u00a09789986902560<\/li>\n<li class=\"toggleable type-new-formats \"><strong>Formatas:<\/strong>\u00a015,5 x 22 cm, kieti vir\u0161eliai<\/li>\n<li><strong>Kalba:<\/strong>\u00a0Lietuvi\u0173<\/li>\n<\/ul>\n","protected":false},"excerpt":{"rendered":"<p>Mokslin\u0117 monografija, paremta pianisto, kult\u016bros vadybininko D. Trink\u016bno veiklos tyrimu, archyviniais \u0161altiniais. Publikuojami D. Trink\u016bno pasisakymai kult\u016bros klausimais, gaus\u016bs jo bendraam\u017ei\u0173, bendradarbi\u0173, jaunesni\u0173 koleg\u0173 atsiminimai. Monografija skirta ne tik toliau atskiras sociokult\u016bros sritis tirsiantiems mokslininkams, kult\u016bros vadyb\u0105 ir Lietuvos muzikos istorij\u0105 studijuojantiems magistrantams, doktorantams, bet ir kult\u016bros istorija besidomintiems \u017emon\u0117ms, vadybininkams-praktikams. Knygos tekstai ir gausios iliustracijos atspindi pozityvaus Lietuvos kult\u016bros tapsmo epizodus. Autorius:\u00a0Rita Aleknait\u0117-Bieliauskien\u0117 Metai:\u00a02003 Puslapiai:\u00a0246 ISBN:\u00a09789986902560 Formatas:\u00a015,5 x 22 cm, kieti vir\u0161eliai Kalba:\u00a0Lietuvi\u0173<\/p>\n","protected":false},"featured_media":14466,"comment_status":"open","ping_status":"closed","template":"","meta":{"_acf_changed":false,"site-sidebar-layout":"default","site-content-layout":"","ast-site-content-layout":"default","site-content-style":"default","site-sidebar-style":"default","ast-global-header-display":"","ast-banner-title-visibility":"","ast-main-header-display":"","ast-hfb-above-header-display":"","ast-hfb-below-header-display":"","ast-hfb-mobile-header-display":"","site-post-title":"","ast-breadcrumbs-content":"","ast-featured-img":"","footer-sml-layout":"","ast-disable-related-posts":"","theme-transparent-header-meta":"default","adv-header-id-meta":"","stick-header-meta":"","header-above-stick-meta":"","header-main-stick-meta":"","header-below-stick-meta":"","astra-migrate-meta-layouts":"set","ast-page-background-enabled":"default","ast-page-background-meta":{"desktop":{"background-color":"","background-image":"","background-repeat":"repeat","background-position":"center center","background-size":"auto","background-attachment":"scroll","background-type":"","background-media":"","overlay-type":"","overlay-color":"","overlay-opacity":"","overlay-gradient":""},"tablet":{"background-color":"","background-image":"","background-repeat":"repeat","background-position":"center center","background-size":"auto","background-attachment":"scroll","background-type":"","background-media":"","overlay-type":"","overlay-color":"","overlay-opacity":"","overlay-gradient":""},"mobile":{"background-color":"","background-image":"","background-repeat":"repeat","background-position":"center center","background-size":"auto","background-attachment":"scroll","background-type":"","background-media":"","overlay-type":"","overlay-color":"","overlay-opacity":"","overlay-gradient":""}},"ast-content-background-meta":{"desktop":{"background-color":"var(--ast-global-color-4)","background-image":"","background-repeat":"repeat","background-position":"center center","background-size":"auto","background-attachment":"scroll","background-type":"","background-media":"","overlay-type":"","overlay-color":"","overlay-opacity":"","overlay-gradient":""},"tablet":{"background-color":"var(--ast-global-color-4)","background-image":"","background-repeat":"repeat","background-position":"center center","background-size":"auto","background-attachment":"scroll","background-type":"","background-media":"","overlay-type":"","overlay-color":"","overlay-opacity":"","overlay-gradient":""},"mobile":{"background-color":"var(--ast-global-color-4)","background-image":"","background-repeat":"repeat","background-position":"center center","background-size":"auto","background-attachment":"scroll","background-type":"","background-media":"","overlay-type":"","overlay-color":"","overlay-opacity":"","overlay-gradient":""}}},"product_brand":[],"product_cat":[33,15],"product_tag":[],"class_list":{"0":"post-14458","1":"product","2":"type-product","3":"status-publish","4":"has-post-thumbnail","6":"product_cat-biografijos","7":"product_cat-uncategorized","8":"desktop-align-left","9":"tablet-align-left","10":"mobile-align-left","12":"first","13":"instock","14":"shipping-taxable","15":"purchasable","16":"product-type-simple"},"acf":[],"yoast_head":"<!-- This site is optimized with the Yoast SEO plugin v27.0 - https:\/\/yoast.com\/product\/yoast-seo-wordpress\/ -->\n<title>Variacijos viena tema. Pianistas, kult\u016bros puosel\u0117tojas Dainius Trink\u016bnas<\/title>\n<meta name=\"description\" content=\"Mokslin\u0117 monografija, paremta pianisto, kult\u016bros vadybininko D. Trink\u016bno veiklos tyrimu, archyviniais \u0161altiniais. Publikuojami D. Trink\u016bno pasisakymai\" \/>\n<meta name=\"robots\" content=\"index, follow, max-snippet:-1, max-image-preview:large, max-video-preview:-1\" \/>\n<link rel=\"canonical\" href=\"https:\/\/skaitytaknyga.lt\/en\/produktas\/variacijos-viena-tema-pianistas-kulturos-puoseletojas-dainius-trinkunas\/\" \/>\n<meta property=\"og:locale\" content=\"en_GB\" \/>\n<meta property=\"og:locale:alternate\" content=\"lt_LT\" \/>\n<meta property=\"og:type\" content=\"article\" \/>\n<meta property=\"og:title\" content=\"Variacijos viena tema. Pianistas, kult\u016bros puosel\u0117tojas Dainius Trink\u016bnas\" \/>\n<meta property=\"og:description\" content=\"Mokslin\u0117 monografija, paremta pianisto, kult\u016bros vadybininko D. Trink\u016bno veiklos tyrimu, archyviniais \u0161altiniais. Publikuojami D. Trink\u016bno pasisakymai\" \/>\n<meta property=\"og:url\" content=\"https:\/\/skaitytaknyga.lt\/en\/produktas\/variacijos-viena-tema-pianistas-kulturos-puoseletojas-dainius-trinkunas\/\" \/>\n<meta property=\"og:site_name\" content=\"Skaitytaknyga\" \/>\n<meta property=\"article:publisher\" content=\"https:\/\/www.facebook.com\/skaitytaknyga\/\" \/>\n<meta property=\"article:modified_time\" content=\"2024-10-31T14:24:58+00:00\" \/>\n<meta property=\"og:image\" content=\"https:\/\/skaitytaknyga.lt\/wp-content\/uploads\/2024\/10\/Variacijos-viena-tema.-Pianistas-kulturos-puoseletojas-Dainius-Trinkunas.webp\" \/>\n\t<meta property=\"og:image:width\" content=\"402\" \/>\n\t<meta property=\"og:image:height\" content=\"592\" \/>\n\t<meta property=\"og:image:type\" content=\"image\/webp\" \/>\n<meta name=\"twitter:card\" content=\"summary_large_image\" \/>\n<meta name=\"twitter:label1\" content=\"Estimated reading time\" \/>\n\t<meta name=\"twitter:data1\" content=\"1 minute\" \/>\n<script type=\"application\/ld+json\" class=\"yoast-schema-graph\">{\"@context\":\"https:\/\/schema.org\",\"@graph\":[{\"@type\":\"WebPage\",\"@id\":\"https:\/\/skaitytaknyga.lt\/produktas\/variacijos-viena-tema-pianistas-kulturos-puoseletojas-dainius-trinkunas\/\",\"url\":\"https:\/\/skaitytaknyga.lt\/produktas\/variacijos-viena-tema-pianistas-kulturos-puoseletojas-dainius-trinkunas\/\",\"name\":\"Variacijos viena tema. Pianistas, kult\u016bros puosel\u0117tojas Dainius Trink\u016bnas\",\"isPartOf\":{\"@id\":\"https:\/\/skaitytaknyga.lt\/#website\"},\"primaryImageOfPage\":{\"@id\":\"https:\/\/skaitytaknyga.lt\/produktas\/variacijos-viena-tema-pianistas-kulturos-puoseletojas-dainius-trinkunas\/#primaryimage\"},\"image\":{\"@id\":\"https:\/\/skaitytaknyga.lt\/produktas\/variacijos-viena-tema-pianistas-kulturos-puoseletojas-dainius-trinkunas\/#primaryimage\"},\"thumbnailUrl\":\"https:\/\/skaitytaknyga.lt\/wp-content\/uploads\/2024\/10\/Variacijos-viena-tema.-Pianistas-kulturos-puoseletojas-Dainius-Trinkunas.webp\",\"datePublished\":\"2024-10-30T18:25:52+00:00\",\"dateModified\":\"2024-10-31T14:24:58+00:00\",\"description\":\"Mokslin\u0117 monografija, paremta pianisto, kult\u016bros vadybininko D. Trink\u016bno veiklos tyrimu, archyviniais \u0161altiniais. Publikuojami D. Trink\u016bno pasisakymai\",\"breadcrumb\":{\"@id\":\"https:\/\/skaitytaknyga.lt\/produktas\/variacijos-viena-tema-pianistas-kulturos-puoseletojas-dainius-trinkunas\/#breadcrumb\"},\"inLanguage\":\"en-GB\",\"potentialAction\":[{\"@type\":\"ReadAction\",\"target\":[\"https:\/\/skaitytaknyga.lt\/produktas\/variacijos-viena-tema-pianistas-kulturos-puoseletojas-dainius-trinkunas\/\"]}]},{\"@type\":\"ImageObject\",\"inLanguage\":\"en-GB\",\"@id\":\"https:\/\/skaitytaknyga.lt\/produktas\/variacijos-viena-tema-pianistas-kulturos-puoseletojas-dainius-trinkunas\/#primaryimage\",\"url\":\"https:\/\/skaitytaknyga.lt\/wp-content\/uploads\/2024\/10\/Variacijos-viena-tema.-Pianistas-kulturos-puoseletojas-Dainius-Trinkunas.webp\",\"contentUrl\":\"https:\/\/skaitytaknyga.lt\/wp-content\/uploads\/2024\/10\/Variacijos-viena-tema.-Pianistas-kulturos-puoseletojas-Dainius-Trinkunas.webp\",\"width\":402,\"height\":592,\"caption\":\"Variacijos viena tema. Pianistas, kult\u016bros puosel\u0117tojas Dainius Trink\u016bnas\"},{\"@type\":\"BreadcrumbList\",\"@id\":\"https:\/\/skaitytaknyga.lt\/produktas\/variacijos-viena-tema-pianistas-kulturos-puoseletojas-dainius-trinkunas\/#breadcrumb\",\"itemListElement\":[{\"@type\":\"ListItem\",\"position\":1,\"name\":\"Home\",\"item\":\"https:\/\/skaitytaknyga.lt\/\"},{\"@type\":\"ListItem\",\"position\":2,\"name\":\"Parduotuv\u0117\",\"item\":\"https:\/\/skaitytaknyga.lt\/knygu-parduotuve\/\"},{\"@type\":\"ListItem\",\"position\":3,\"name\":\"Variacijos viena tema. Pianistas, kult\u016bros puosel\u0117tojas Dainius Trink\u016bnas\"}]},{\"@type\":\"WebSite\",\"@id\":\"https:\/\/skaitytaknyga.lt\/#website\",\"url\":\"https:\/\/skaitytaknyga.lt\/\",\"name\":\"skaitytaknyga.lt\",\"description\":\"Skaitytaknyga.lt \u2013 tai ma\u017eas \u0161eimos verslas, kuris prasid\u0117jo nuo meil\u0117s knygoms ir siekio i\u0161gelb\u0117ti knygas nuo likimo prie konteinerio. Kas vienam nereikalingas daiktas \u2013 kitam lobis, o mes esame tarpininkai, kurie padeda abiems tapti laimingesniems ???? \u017dinome kaip nelengva i\u0161gyventi ma\u017eiems verslams, tad nuo \u0161iol, \u010dia rasite ir kit\u0173, ma\u017e\u0173 \u0161eim\u0173 versl\u0173, rank\u0173 darbo, dovan\u0173 sau ir artimiesiems.\",\"publisher\":{\"@id\":\"https:\/\/skaitytaknyga.lt\/#organization\"},\"potentialAction\":[{\"@type\":\"SearchAction\",\"target\":{\"@type\":\"EntryPoint\",\"urlTemplate\":\"https:\/\/skaitytaknyga.lt\/?s={search_term_string}\"},\"query-input\":{\"@type\":\"PropertyValueSpecification\",\"valueRequired\":true,\"valueName\":\"search_term_string\"}}],\"inLanguage\":\"en-GB\"},{\"@type\":\"Organization\",\"@id\":\"https:\/\/skaitytaknyga.lt\/#organization\",\"name\":\"skaitytaknyga.lt\",\"url\":\"https:\/\/skaitytaknyga.lt\/\",\"logo\":{\"@type\":\"ImageObject\",\"inLanguage\":\"en-GB\",\"@id\":\"https:\/\/skaitytaknyga.lt\/#\/schema\/logo\/image\/\",\"url\":\"https:\/\/skaitytaknyga.lt\/wp-content\/uploads\/2024\/05\/cropped-cropped-cropped-02_00843_jt3bggkj1j3HLc7SyY6rEUpg.jpeg\",\"contentUrl\":\"https:\/\/skaitytaknyga.lt\/wp-content\/uploads\/2024\/05\/cropped-cropped-cropped-02_00843_jt3bggkj1j3HLc7SyY6rEUpg.jpeg\",\"width\":1600,\"height\":1600,\"caption\":\"skaitytaknyga.lt\"},\"image\":{\"@id\":\"https:\/\/skaitytaknyga.lt\/#\/schema\/logo\/image\/\"},\"sameAs\":[\"https:\/\/www.facebook.com\/skaitytaknyga\/\"]}]}<\/script>\n<!-- \/ Yoast SEO plugin. -->","yoast_head_json":{"title":"Variacijos viena tema. Pianistas, kult\u016bros puosel\u0117tojas Dainius Trink\u016bnas","description":"Mokslin\u0117 monografija, paremta pianisto, kult\u016bros vadybininko D. Trink\u016bno veiklos tyrimu, archyviniais \u0161altiniais. Publikuojami D. Trink\u016bno pasisakymai","robots":{"index":"index","follow":"follow","max-snippet":"max-snippet:-1","max-image-preview":"max-image-preview:large","max-video-preview":"max-video-preview:-1"},"canonical":"https:\/\/skaitytaknyga.lt\/en\/produktas\/variacijos-viena-tema-pianistas-kulturos-puoseletojas-dainius-trinkunas\/","og_locale":"en_GB","og_type":"article","og_title":"[:lt]Variacijos viena tema. Pianistas, kult\u016bros puosel\u0117tojas Dainius Trink\u016bnas[:] - Skaitytaknyga","og_description":"Mokslin\u0117 monografija, paremta pianisto, kult\u016bros vadybininko D. Trink\u016bno veiklos tyrimu, archyviniais \u0161altiniais. Publikuojami D. Trink\u016bno pasisakymai","og_url":"https:\/\/skaitytaknyga.lt\/en\/produktas\/variacijos-viena-tema-pianistas-kulturos-puoseletojas-dainius-trinkunas\/","og_site_name":"Skaitytaknyga","article_publisher":"https:\/\/www.facebook.com\/skaitytaknyga\/","article_modified_time":"2024-10-31T14:24:58+00:00","og_image":[{"width":402,"height":592,"url":"https:\/\/skaitytaknyga.lt\/wp-content\/uploads\/2024\/10\/Variacijos-viena-tema.-Pianistas-kulturos-puoseletojas-Dainius-Trinkunas.webp","type":"image\/webp"}],"twitter_card":"summary_large_image","twitter_misc":{"Estimated reading time":"1 minute"},"schema":{"@context":"https:\/\/schema.org","@graph":[{"@type":"WebPage","@id":"https:\/\/skaitytaknyga.lt\/produktas\/variacijos-viena-tema-pianistas-kulturos-puoseletojas-dainius-trinkunas\/","url":"https:\/\/skaitytaknyga.lt\/produktas\/variacijos-viena-tema-pianistas-kulturos-puoseletojas-dainius-trinkunas\/","name":"Variacijos viena tema. Pianistas, kult\u016bros puosel\u0117tojas Dainius Trink\u016bnas","isPartOf":{"@id":"https:\/\/skaitytaknyga.lt\/#website"},"primaryImageOfPage":{"@id":"https:\/\/skaitytaknyga.lt\/produktas\/variacijos-viena-tema-pianistas-kulturos-puoseletojas-dainius-trinkunas\/#primaryimage"},"image":{"@id":"https:\/\/skaitytaknyga.lt\/produktas\/variacijos-viena-tema-pianistas-kulturos-puoseletojas-dainius-trinkunas\/#primaryimage"},"thumbnailUrl":"https:\/\/skaitytaknyga.lt\/wp-content\/uploads\/2024\/10\/Variacijos-viena-tema.-Pianistas-kulturos-puoseletojas-Dainius-Trinkunas.webp","datePublished":"2024-10-30T18:25:52+00:00","dateModified":"2024-10-31T14:24:58+00:00","description":"Mokslin\u0117 monografija, paremta pianisto, kult\u016bros vadybininko D. Trink\u016bno veiklos tyrimu, archyviniais \u0161altiniais. Publikuojami D. Trink\u016bno pasisakymai","breadcrumb":{"@id":"https:\/\/skaitytaknyga.lt\/produktas\/variacijos-viena-tema-pianistas-kulturos-puoseletojas-dainius-trinkunas\/#breadcrumb"},"inLanguage":"en-GB","potentialAction":[{"@type":"ReadAction","target":["https:\/\/skaitytaknyga.lt\/produktas\/variacijos-viena-tema-pianistas-kulturos-puoseletojas-dainius-trinkunas\/"]}]},{"@type":"ImageObject","inLanguage":"en-GB","@id":"https:\/\/skaitytaknyga.lt\/produktas\/variacijos-viena-tema-pianistas-kulturos-puoseletojas-dainius-trinkunas\/#primaryimage","url":"https:\/\/skaitytaknyga.lt\/wp-content\/uploads\/2024\/10\/Variacijos-viena-tema.-Pianistas-kulturos-puoseletojas-Dainius-Trinkunas.webp","contentUrl":"https:\/\/skaitytaknyga.lt\/wp-content\/uploads\/2024\/10\/Variacijos-viena-tema.-Pianistas-kulturos-puoseletojas-Dainius-Trinkunas.webp","width":402,"height":592,"caption":"Variacijos viena tema. Pianistas, kult\u016bros puosel\u0117tojas Dainius Trink\u016bnas"},{"@type":"BreadcrumbList","@id":"https:\/\/skaitytaknyga.lt\/produktas\/variacijos-viena-tema-pianistas-kulturos-puoseletojas-dainius-trinkunas\/#breadcrumb","itemListElement":[{"@type":"ListItem","position":1,"name":"Home","item":"https:\/\/skaitytaknyga.lt\/"},{"@type":"ListItem","position":2,"name":"Parduotuv\u0117","item":"https:\/\/skaitytaknyga.lt\/knygu-parduotuve\/"},{"@type":"ListItem","position":3,"name":"Variacijos viena tema. Pianistas, kult\u016bros puosel\u0117tojas Dainius Trink\u016bnas"}]},{"@type":"WebSite","@id":"https:\/\/skaitytaknyga.lt\/#website","url":"https:\/\/skaitytaknyga.lt\/","name":"skaitytaknyga.lt","description":"Skaitytaknyga.lt \u2013 tai ma\u017eas \u0161eimos verslas, kuris prasid\u0117jo nuo meil\u0117s knygoms ir siekio i\u0161gelb\u0117ti knygas nuo likimo prie konteinerio. Kas vienam nereikalingas daiktas \u2013 kitam lobis, o mes esame tarpininkai, kurie padeda abiems tapti laimingesniems ???? \u017dinome kaip nelengva i\u0161gyventi ma\u017eiems verslams, tad nuo \u0161iol, \u010dia rasite ir kit\u0173, ma\u017e\u0173 \u0161eim\u0173 versl\u0173, rank\u0173 darbo, dovan\u0173 sau ir artimiesiems.","publisher":{"@id":"https:\/\/skaitytaknyga.lt\/#organization"},"potentialAction":[{"@type":"SearchAction","target":{"@type":"EntryPoint","urlTemplate":"https:\/\/skaitytaknyga.lt\/?s={search_term_string}"},"query-input":{"@type":"PropertyValueSpecification","valueRequired":true,"valueName":"search_term_string"}}],"inLanguage":"en-GB"},{"@type":"Organization","@id":"https:\/\/skaitytaknyga.lt\/#organization","name":"skaitytaknyga.lt","url":"https:\/\/skaitytaknyga.lt\/","logo":{"@type":"ImageObject","inLanguage":"en-GB","@id":"https:\/\/skaitytaknyga.lt\/#\/schema\/logo\/image\/","url":"https:\/\/skaitytaknyga.lt\/wp-content\/uploads\/2024\/05\/cropped-cropped-cropped-02_00843_jt3bggkj1j3HLc7SyY6rEUpg.jpeg","contentUrl":"https:\/\/skaitytaknyga.lt\/wp-content\/uploads\/2024\/05\/cropped-cropped-cropped-02_00843_jt3bggkj1j3HLc7SyY6rEUpg.jpeg","width":1600,"height":1600,"caption":"skaitytaknyga.lt"},"image":{"@id":"https:\/\/skaitytaknyga.lt\/#\/schema\/logo\/image\/"},"sameAs":["https:\/\/www.facebook.com\/skaitytaknyga\/"]}]}},"_links":{"self":[{"href":"https:\/\/skaitytaknyga.lt\/en\/wp-json\/wp\/v2\/product\/14458","targetHints":{"allow":["GET"]}}],"collection":[{"href":"https:\/\/skaitytaknyga.lt\/en\/wp-json\/wp\/v2\/product"}],"about":[{"href":"https:\/\/skaitytaknyga.lt\/en\/wp-json\/wp\/v2\/types\/product"}],"replies":[{"embeddable":true,"href":"https:\/\/skaitytaknyga.lt\/en\/wp-json\/wp\/v2\/comments?post=14458"}],"wp:featuredmedia":[{"embeddable":true,"href":"https:\/\/skaitytaknyga.lt\/en\/wp-json\/wp\/v2\/media\/14466"}],"wp:attachment":[{"href":"https:\/\/skaitytaknyga.lt\/en\/wp-json\/wp\/v2\/media?parent=14458"}],"wp:term":[{"taxonomy":"product_brand","embeddable":true,"href":"https:\/\/skaitytaknyga.lt\/en\/wp-json\/wp\/v2\/product_brand?post=14458"},{"taxonomy":"product_cat","embeddable":true,"href":"https:\/\/skaitytaknyga.lt\/en\/wp-json\/wp\/v2\/product_cat?post=14458"},{"taxonomy":"product_tag","embeddable":true,"href":"https:\/\/skaitytaknyga.lt\/en\/wp-json\/wp\/v2\/product_tag?post=14458"}],"curies":[{"name":"wp","href":"https:\/\/api.w.org\/{rel}","templated":true}]}}