{"id":14457,"date":"2024-10-30T20:25:52","date_gmt":"2024-10-30T18:25:52","guid":{"rendered":"https:\/\/skaitytaknyga.lt\/?post_type=product&#038;p=14457"},"modified":"2024-10-31T16:14:05","modified_gmt":"2024-10-31T14:14:05","slug":"vacys-reimeris-vakare-grizta-ausrine","status":"publish","type":"product","link":"https:\/\/skaitytaknyga.lt\/en\/produktas\/vacys-reimeris-vakare-grizta-ausrine\/","title":{"rendered":"Vacys Reimeris \u201eVakar\u0117 gr\u012f\u017eta Au\u0161rine\u201c"},"content":{"rendered":"<p>Knygoje &#8211; nauji poeto eil\u0117ra\u0161\u010diai, atliepiantys dabarties \u017emogaus jausen\u0105. Tai mintys apie m\u016bs\u0173 b\u016bt\u012f \u0161iandienos dvasi\u0161kai konfliktuotame pasaulyje su individo i\u0161gyvenimais ir viltimis, kad g\u0117ris turi nugal\u0117ti blog\u012f. Autoriaus posm\u0173 akiratyje &#8211; meil\u0117s ir draugyst\u0117s jausmai, k\u016brybos ir kult\u016bros bei meno poetin\u0117s interpretacijos, \u017emogaus ry\u0161ys su gamta.<\/p>\n","protected":false},"excerpt":{"rendered":"<p>Knygoje &#8211; nauji poeto eil\u0117ra\u0161\u010diai, atliepiantys dabarties \u017emogaus jausen\u0105. Tai mintys apie m\u016bs\u0173 b\u016bt\u012f \u0161iandienos dvasi\u0161kai konfliktuotame pasaulyje su individo i\u0161gyvenimais ir viltimis, kad g\u0117ris turi nugal\u0117ti blog\u012f. Autoriaus posm\u0173 akiratyje &#8211; meil\u0117s ir draugyst\u0117s jausmai, k\u016brybos ir kult\u016bros bei meno poetin\u0117s interpretacijos, \u017emogaus ry\u0161ys su gamta.<\/p>\n","protected":false},"featured_media":14467,"comment_status":"open","ping_status":"closed","template":"","meta":{"_acf_changed":false,"site-sidebar-layout":"default","site-content-layout":"","ast-site-content-layout":"default","site-content-style":"default","site-sidebar-style":"default","ast-global-header-display":"","ast-banner-title-visibility":"","ast-main-header-display":"","ast-hfb-above-header-display":"","ast-hfb-below-header-display":"","ast-hfb-mobile-header-display":"","site-post-title":"","ast-breadcrumbs-content":"","ast-featured-img":"","footer-sml-layout":"","ast-disable-related-posts":"","theme-transparent-header-meta":"default","adv-header-id-meta":"","stick-header-meta":"","header-above-stick-meta":"","header-main-stick-meta":"","header-below-stick-meta":"","astra-migrate-meta-layouts":"set","ast-page-background-enabled":"default","ast-page-background-meta":{"desktop":{"background-color":"","background-image":"","background-repeat":"repeat","background-position":"center center","background-size":"auto","background-attachment":"scroll","background-type":"","background-media":"","overlay-type":"","overlay-color":"","overlay-opacity":"","overlay-gradient":""},"tablet":{"background-color":"","background-image":"","background-repeat":"repeat","background-position":"center center","background-size":"auto","background-attachment":"scroll","background-type":"","background-media":"","overlay-type":"","overlay-color":"","overlay-opacity":"","overlay-gradient":""},"mobile":{"background-color":"","background-image":"","background-repeat":"repeat","background-position":"center center","background-size":"auto","background-attachment":"scroll","background-type":"","background-media":"","overlay-type":"","overlay-color":"","overlay-opacity":"","overlay-gradient":""}},"ast-content-background-meta":{"desktop":{"background-color":"var(--ast-global-color-4)","background-image":"","background-repeat":"repeat","background-position":"center center","background-size":"auto","background-attachment":"scroll","background-type":"","background-media":"","overlay-type":"","overlay-color":"","overlay-opacity":"","overlay-gradient":""},"tablet":{"background-color":"var(--ast-global-color-4)","background-image":"","background-repeat":"repeat","background-position":"center center","background-size":"auto","background-attachment":"scroll","background-type":"","background-media":"","overlay-type":"","overlay-color":"","overlay-opacity":"","overlay-gradient":""},"mobile":{"background-color":"var(--ast-global-color-4)","background-image":"","background-repeat":"repeat","background-position":"center center","background-size":"auto","background-attachment":"scroll","background-type":"","background-media":"","overlay-type":"","overlay-color":"","overlay-opacity":"","overlay-gradient":""}}},"product_brand":[],"product_cat":[1085,15],"product_tag":[],"class_list":{"0":"post-14457","1":"product","2":"type-product","3":"status-publish","4":"has-post-thumbnail","6":"product_cat-poezija","7":"product_cat-uncategorized","8":"desktop-align-left","9":"tablet-align-left","10":"mobile-align-left","12":"first","13":"instock","14":"shipping-taxable","15":"purchasable","16":"product-type-simple"},"acf":[],"yoast_head":"<!-- This site is optimized with the Yoast SEO plugin v27.4 - https:\/\/yoast.com\/product\/yoast-seo-wordpress\/ -->\n<title>Vacys Reimeris \u201eVakar\u0117 gr\u012f\u017eta Au\u0161rine\u201c<\/title>\n<meta name=\"description\" content=\"Knygoje - nauji poeto eil\u0117ra\u0161\u010diai, atliepiantys dabarties \u017emogaus jausen\u0105. Tai mintys apie m\u016bs\u0173 b\u016bt\u012f \u0161iandienos dvasi\u0161kai konfliktuotame pasaulyje su\" \/>\n<meta name=\"robots\" content=\"index, follow, max-snippet:-1, max-image-preview:large, max-video-preview:-1\" \/>\n<link rel=\"canonical\" href=\"https:\/\/skaitytaknyga.lt\/en\/produktas\/vacys-reimeris-vakare-grizta-ausrine\/\" \/>\n<meta property=\"og:locale\" content=\"en_GB\" \/>\n<meta property=\"og:locale:alternate\" content=\"lt_LT\" \/>\n<meta property=\"og:type\" content=\"article\" \/>\n<meta property=\"og:title\" content=\"Vacys Reimeris \u201eVakar\u0117 gr\u012f\u017eta Au\u0161rine\u201c\" \/>\n<meta property=\"og:description\" content=\"Knygoje - nauji poeto eil\u0117ra\u0161\u010diai, atliepiantys dabarties \u017emogaus jausen\u0105. Tai mintys apie m\u016bs\u0173 b\u016bt\u012f \u0161iandienos dvasi\u0161kai konfliktuotame pasaulyje su\" \/>\n<meta property=\"og:url\" content=\"https:\/\/skaitytaknyga.lt\/en\/produktas\/vacys-reimeris-vakare-grizta-ausrine\/\" \/>\n<meta property=\"og:site_name\" content=\"Skaitytaknyga\" \/>\n<meta property=\"article:publisher\" content=\"https:\/\/www.facebook.com\/skaitytaknyga\/\" \/>\n<meta property=\"article:modified_time\" content=\"2024-10-31T14:14:05+00:00\" \/>\n<meta property=\"og:image\" content=\"https:\/\/skaitytaknyga.lt\/wp-content\/uploads\/2024\/10\/Vacys-Reimeris-Vakare-grizta-Ausrine.webp\" \/>\n\t<meta property=\"og:image:width\" content=\"600\" \/>\n\t<meta property=\"og:image:height\" content=\"1058\" \/>\n\t<meta property=\"og:image:type\" content=\"image\/webp\" \/>\n<meta name=\"twitter:card\" content=\"summary_large_image\" \/>\n<meta name=\"twitter:label1\" content=\"Estimated reading time\" \/>\n\t<meta name=\"twitter:data1\" content=\"1 minute\" \/>\n<script type=\"application\/ld+json\" class=\"yoast-schema-graph\">{\"@context\":\"https:\\\/\\\/schema.org\",\"@graph\":[{\"@type\":\"WebPage\",\"@id\":\"https:\\\/\\\/skaitytaknyga.lt\\\/produktas\\\/vacys-reimeris-vakare-grizta-ausrine\\\/\",\"url\":\"https:\\\/\\\/skaitytaknyga.lt\\\/produktas\\\/vacys-reimeris-vakare-grizta-ausrine\\\/\",\"name\":\"Vacys Reimeris \u201eVakar\u0117 gr\u012f\u017eta Au\u0161rine\u201c\",\"isPartOf\":{\"@id\":\"https:\\\/\\\/skaitytaknyga.lt\\\/#website\"},\"primaryImageOfPage\":{\"@id\":\"https:\\\/\\\/skaitytaknyga.lt\\\/produktas\\\/vacys-reimeris-vakare-grizta-ausrine\\\/#primaryimage\"},\"image\":{\"@id\":\"https:\\\/\\\/skaitytaknyga.lt\\\/produktas\\\/vacys-reimeris-vakare-grizta-ausrine\\\/#primaryimage\"},\"thumbnailUrl\":\"https:\\\/\\\/skaitytaknyga.lt\\\/wp-content\\\/uploads\\\/2024\\\/10\\\/Vacys-Reimeris-Vakare-grizta-Ausrine.webp\",\"datePublished\":\"2024-10-30T18:25:52+00:00\",\"dateModified\":\"2024-10-31T14:14:05+00:00\",\"description\":\"Knygoje - nauji poeto eil\u0117ra\u0161\u010diai, atliepiantys dabarties \u017emogaus jausen\u0105. Tai mintys apie m\u016bs\u0173 b\u016bt\u012f \u0161iandienos dvasi\u0161kai konfliktuotame pasaulyje su\",\"breadcrumb\":{\"@id\":\"https:\\\/\\\/skaitytaknyga.lt\\\/produktas\\\/vacys-reimeris-vakare-grizta-ausrine\\\/#breadcrumb\"},\"inLanguage\":\"en-GB\",\"potentialAction\":[{\"@type\":\"ReadAction\",\"target\":[\"https:\\\/\\\/skaitytaknyga.lt\\\/produktas\\\/vacys-reimeris-vakare-grizta-ausrine\\\/\"]}]},{\"@type\":\"ImageObject\",\"inLanguage\":\"en-GB\",\"@id\":\"https:\\\/\\\/skaitytaknyga.lt\\\/produktas\\\/vacys-reimeris-vakare-grizta-ausrine\\\/#primaryimage\",\"url\":\"https:\\\/\\\/skaitytaknyga.lt\\\/wp-content\\\/uploads\\\/2024\\\/10\\\/Vacys-Reimeris-Vakare-grizta-Ausrine.webp\",\"contentUrl\":\"https:\\\/\\\/skaitytaknyga.lt\\\/wp-content\\\/uploads\\\/2024\\\/10\\\/Vacys-Reimeris-Vakare-grizta-Ausrine.webp\",\"width\":600,\"height\":1058,\"caption\":\"Vacys Reimeris \u201eVakar\u0117 gr\u012f\u017eta Au\u0161rine\u201c\"},{\"@type\":\"BreadcrumbList\",\"@id\":\"https:\\\/\\\/skaitytaknyga.lt\\\/produktas\\\/vacys-reimeris-vakare-grizta-ausrine\\\/#breadcrumb\",\"itemListElement\":[{\"@type\":\"ListItem\",\"position\":1,\"name\":\"Home\",\"item\":\"https:\\\/\\\/skaitytaknyga.lt\\\/\"},{\"@type\":\"ListItem\",\"position\":2,\"name\":\"Parduotuv\u0117\",\"item\":\"https:\\\/\\\/skaitytaknyga.lt\\\/knygu-parduotuve\\\/\"},{\"@type\":\"ListItem\",\"position\":3,\"name\":\"Vacys Reimeris \u201eVakar\u0117 gr\u012f\u017eta Au\u0161rine\u201c\"}]},{\"@type\":\"WebSite\",\"@id\":\"https:\\\/\\\/skaitytaknyga.lt\\\/#website\",\"url\":\"https:\\\/\\\/skaitytaknyga.lt\\\/\",\"name\":\"skaitytaknyga.lt\",\"description\":\"Skaitytaknyga.lt \u2013 tai ma\u017eas \u0161eimos verslas, kuris prasid\u0117jo nuo meil\u0117s knygoms ir siekio i\u0161gelb\u0117ti knygas nuo likimo prie konteinerio. Kas vienam nereikalingas daiktas \u2013 kitam lobis, o mes esame tarpininkai, kurie padeda abiems tapti laimingesniems ???? \u017dinome kaip nelengva i\u0161gyventi ma\u017eiems verslams, tad nuo \u0161iol, \u010dia rasite ir kit\u0173, ma\u017e\u0173 \u0161eim\u0173 versl\u0173, rank\u0173 darbo, dovan\u0173 sau ir artimiesiems.\",\"publisher\":{\"@id\":\"https:\\\/\\\/skaitytaknyga.lt\\\/#organization\"},\"potentialAction\":[{\"@type\":\"SearchAction\",\"target\":{\"@type\":\"EntryPoint\",\"urlTemplate\":\"https:\\\/\\\/skaitytaknyga.lt\\\/?s={search_term_string}\"},\"query-input\":{\"@type\":\"PropertyValueSpecification\",\"valueRequired\":true,\"valueName\":\"search_term_string\"}}],\"inLanguage\":\"en-GB\"},{\"@type\":\"Organization\",\"@id\":\"https:\\\/\\\/skaitytaknyga.lt\\\/#organization\",\"name\":\"skaitytaknyga.lt\",\"url\":\"https:\\\/\\\/skaitytaknyga.lt\\\/\",\"logo\":{\"@type\":\"ImageObject\",\"inLanguage\":\"en-GB\",\"@id\":\"https:\\\/\\\/skaitytaknyga.lt\\\/#\\\/schema\\\/logo\\\/image\\\/\",\"url\":\"https:\\\/\\\/skaitytaknyga.lt\\\/wp-content\\\/uploads\\\/2024\\\/05\\\/cropped-cropped-cropped-02_00843_jt3bggkj1j3HLc7SyY6rEUpg.jpeg\",\"contentUrl\":\"https:\\\/\\\/skaitytaknyga.lt\\\/wp-content\\\/uploads\\\/2024\\\/05\\\/cropped-cropped-cropped-02_00843_jt3bggkj1j3HLc7SyY6rEUpg.jpeg\",\"width\":1600,\"height\":1600,\"caption\":\"skaitytaknyga.lt\"},\"image\":{\"@id\":\"https:\\\/\\\/skaitytaknyga.lt\\\/#\\\/schema\\\/logo\\\/image\\\/\"},\"sameAs\":[\"https:\\\/\\\/www.facebook.com\\\/skaitytaknyga\\\/\"]}]}<\/script>\n<!-- \/ Yoast SEO plugin. -->","yoast_head_json":{"title":"Vacys Reimeris \u201eVakar\u0117 gr\u012f\u017eta Au\u0161rine\u201c","description":"Knygoje - nauji poeto eil\u0117ra\u0161\u010diai, atliepiantys dabarties \u017emogaus jausen\u0105. Tai mintys apie m\u016bs\u0173 b\u016bt\u012f \u0161iandienos dvasi\u0161kai konfliktuotame pasaulyje su","robots":{"index":"index","follow":"follow","max-snippet":"max-snippet:-1","max-image-preview":"max-image-preview:large","max-video-preview":"max-video-preview:-1"},"canonical":"https:\/\/skaitytaknyga.lt\/en\/produktas\/vacys-reimeris-vakare-grizta-ausrine\/","og_locale":"en_GB","og_type":"article","og_title":"[:lt]Vacys Reimeris \u201eVakar\u0117 gr\u012f\u017eta Au\u0161rine\u201c[:] - Skaitytaknyga","og_description":"Knygoje - nauji poeto eil\u0117ra\u0161\u010diai, atliepiantys dabarties \u017emogaus jausen\u0105. Tai mintys apie m\u016bs\u0173 b\u016bt\u012f \u0161iandienos dvasi\u0161kai konfliktuotame pasaulyje su","og_url":"https:\/\/skaitytaknyga.lt\/en\/produktas\/vacys-reimeris-vakare-grizta-ausrine\/","og_site_name":"Skaitytaknyga","article_publisher":"https:\/\/www.facebook.com\/skaitytaknyga\/","article_modified_time":"2024-10-31T14:14:05+00:00","og_image":[{"width":600,"height":1058,"url":"https:\/\/skaitytaknyga.lt\/wp-content\/uploads\/2024\/10\/Vacys-Reimeris-Vakare-grizta-Ausrine.webp","type":"image\/webp"}],"twitter_card":"summary_large_image","twitter_misc":{"Estimated reading time":"1 minute"},"schema":{"@context":"https:\/\/schema.org","@graph":[{"@type":"WebPage","@id":"https:\/\/skaitytaknyga.lt\/produktas\/vacys-reimeris-vakare-grizta-ausrine\/","url":"https:\/\/skaitytaknyga.lt\/produktas\/vacys-reimeris-vakare-grizta-ausrine\/","name":"Vacys Reimeris \u201eVakar\u0117 gr\u012f\u017eta Au\u0161rine\u201c","isPartOf":{"@id":"https:\/\/skaitytaknyga.lt\/#website"},"primaryImageOfPage":{"@id":"https:\/\/skaitytaknyga.lt\/produktas\/vacys-reimeris-vakare-grizta-ausrine\/#primaryimage"},"image":{"@id":"https:\/\/skaitytaknyga.lt\/produktas\/vacys-reimeris-vakare-grizta-ausrine\/#primaryimage"},"thumbnailUrl":"https:\/\/skaitytaknyga.lt\/wp-content\/uploads\/2024\/10\/Vacys-Reimeris-Vakare-grizta-Ausrine.webp","datePublished":"2024-10-30T18:25:52+00:00","dateModified":"2024-10-31T14:14:05+00:00","description":"Knygoje - nauji poeto eil\u0117ra\u0161\u010diai, atliepiantys dabarties \u017emogaus jausen\u0105. Tai mintys apie m\u016bs\u0173 b\u016bt\u012f \u0161iandienos dvasi\u0161kai konfliktuotame pasaulyje su","breadcrumb":{"@id":"https:\/\/skaitytaknyga.lt\/produktas\/vacys-reimeris-vakare-grizta-ausrine\/#breadcrumb"},"inLanguage":"en-GB","potentialAction":[{"@type":"ReadAction","target":["https:\/\/skaitytaknyga.lt\/produktas\/vacys-reimeris-vakare-grizta-ausrine\/"]}]},{"@type":"ImageObject","inLanguage":"en-GB","@id":"https:\/\/skaitytaknyga.lt\/produktas\/vacys-reimeris-vakare-grizta-ausrine\/#primaryimage","url":"https:\/\/skaitytaknyga.lt\/wp-content\/uploads\/2024\/10\/Vacys-Reimeris-Vakare-grizta-Ausrine.webp","contentUrl":"https:\/\/skaitytaknyga.lt\/wp-content\/uploads\/2024\/10\/Vacys-Reimeris-Vakare-grizta-Ausrine.webp","width":600,"height":1058,"caption":"Vacys Reimeris \u201eVakar\u0117 gr\u012f\u017eta Au\u0161rine\u201c"},{"@type":"BreadcrumbList","@id":"https:\/\/skaitytaknyga.lt\/produktas\/vacys-reimeris-vakare-grizta-ausrine\/#breadcrumb","itemListElement":[{"@type":"ListItem","position":1,"name":"Home","item":"https:\/\/skaitytaknyga.lt\/"},{"@type":"ListItem","position":2,"name":"Parduotuv\u0117","item":"https:\/\/skaitytaknyga.lt\/knygu-parduotuve\/"},{"@type":"ListItem","position":3,"name":"Vacys Reimeris \u201eVakar\u0117 gr\u012f\u017eta Au\u0161rine\u201c"}]},{"@type":"WebSite","@id":"https:\/\/skaitytaknyga.lt\/#website","url":"https:\/\/skaitytaknyga.lt\/","name":"skaitytaknyga.lt","description":"Skaitytaknyga.lt \u2013 tai ma\u017eas \u0161eimos verslas, kuris prasid\u0117jo nuo meil\u0117s knygoms ir siekio i\u0161gelb\u0117ti knygas nuo likimo prie konteinerio. Kas vienam nereikalingas daiktas \u2013 kitam lobis, o mes esame tarpininkai, kurie padeda abiems tapti laimingesniems ???? \u017dinome kaip nelengva i\u0161gyventi ma\u017eiems verslams, tad nuo \u0161iol, \u010dia rasite ir kit\u0173, ma\u017e\u0173 \u0161eim\u0173 versl\u0173, rank\u0173 darbo, dovan\u0173 sau ir artimiesiems.","publisher":{"@id":"https:\/\/skaitytaknyga.lt\/#organization"},"potentialAction":[{"@type":"SearchAction","target":{"@type":"EntryPoint","urlTemplate":"https:\/\/skaitytaknyga.lt\/?s={search_term_string}"},"query-input":{"@type":"PropertyValueSpecification","valueRequired":true,"valueName":"search_term_string"}}],"inLanguage":"en-GB"},{"@type":"Organization","@id":"https:\/\/skaitytaknyga.lt\/#organization","name":"skaitytaknyga.lt","url":"https:\/\/skaitytaknyga.lt\/","logo":{"@type":"ImageObject","inLanguage":"en-GB","@id":"https:\/\/skaitytaknyga.lt\/#\/schema\/logo\/image\/","url":"https:\/\/skaitytaknyga.lt\/wp-content\/uploads\/2024\/05\/cropped-cropped-cropped-02_00843_jt3bggkj1j3HLc7SyY6rEUpg.jpeg","contentUrl":"https:\/\/skaitytaknyga.lt\/wp-content\/uploads\/2024\/05\/cropped-cropped-cropped-02_00843_jt3bggkj1j3HLc7SyY6rEUpg.jpeg","width":1600,"height":1600,"caption":"skaitytaknyga.lt"},"image":{"@id":"https:\/\/skaitytaknyga.lt\/#\/schema\/logo\/image\/"},"sameAs":["https:\/\/www.facebook.com\/skaitytaknyga\/"]}]}},"_links":{"self":[{"href":"https:\/\/skaitytaknyga.lt\/en\/wp-json\/wp\/v2\/product\/14457","targetHints":{"allow":["GET"]}}],"collection":[{"href":"https:\/\/skaitytaknyga.lt\/en\/wp-json\/wp\/v2\/product"}],"about":[{"href":"https:\/\/skaitytaknyga.lt\/en\/wp-json\/wp\/v2\/types\/product"}],"replies":[{"embeddable":true,"href":"https:\/\/skaitytaknyga.lt\/en\/wp-json\/wp\/v2\/comments?post=14457"}],"wp:featuredmedia":[{"embeddable":true,"href":"https:\/\/skaitytaknyga.lt\/en\/wp-json\/wp\/v2\/media\/14467"}],"wp:attachment":[{"href":"https:\/\/skaitytaknyga.lt\/en\/wp-json\/wp\/v2\/media?parent=14457"}],"wp:term":[{"taxonomy":"product_brand","embeddable":true,"href":"https:\/\/skaitytaknyga.lt\/en\/wp-json\/wp\/v2\/product_brand?post=14457"},{"taxonomy":"product_cat","embeddable":true,"href":"https:\/\/skaitytaknyga.lt\/en\/wp-json\/wp\/v2\/product_cat?post=14457"},{"taxonomy":"product_tag","embeddable":true,"href":"https:\/\/skaitytaknyga.lt\/en\/wp-json\/wp\/v2\/product_tag?post=14457"}],"curies":[{"name":"wp","href":"https:\/\/api.w.org\/{rel}","templated":true}]}}