{"id":14456,"date":"2024-10-30T20:25:52","date_gmt":"2024-10-30T18:25:52","guid":{"rendered":"https:\/\/skaitytaknyga.lt\/?post_type=product&#038;p=14456"},"modified":"2024-10-31T16:24:04","modified_gmt":"2024-10-31T14:24:04","slug":"keistas-stebuklingas-krastas","status":"publish","type":"product","link":"https:\/\/skaitytaknyga.lt\/en\/produktas\/keistas-stebuklingas-krastas\/","title":{"rendered":"Keistas stebuklingas kra\u0161tas"},"content":{"rendered":"<p>Atskira antologine knyga pirm\u0105 kart\u0105 leid\u017eiama rinktin\u0117 lietuvi\u0173 poezija, para\u0161yta 1920-1939 m. Vilniuje ir Vilniaus kra\u0161te lenk\u0173 okupacijos s\u0105lygomis. Tai k\u016bryba, pabirusi to laiko lietuvi\u0161kuose Vilniaus spaudos leidiniuose, kuri\u0173 gyvavimas d\u0117l vald\u017eios represij\u0173 b\u016bdavo trumpalaikis. Iki \u0161ios knygos Vilniaus kra\u0161to poezijos ry\u0161kioji visuma nebuvo sutelkta \u012f jok\u012f atskir\u0105 leidin\u012f, taigi nesuvokta kaip savita poezijos t\u0117km\u0117, ne\u012ftraukta \u012f m\u016bs\u0173 istorijos ir kult\u016bros raidos vertybi\u0173 bei apm\u0105stym\u0173 lauk\u0105.<\/p>\n<p>Informacija<br \/>\nLeid\u0117jas: Lietuvos ra\u0161ytoj\u0173 s\u0105jungos leidykla<br \/>\nI\u0161leidimo metai: 2004<br \/>\nKnygos puslapi\u0173 skai\u010dius: 215<br \/>\nFormatas: 24&#215;14, kieti vir\u0161eliai<br \/>\nISBN ar kodas: 9986-39-333-7<\/p>\n","protected":false},"excerpt":{"rendered":"<p>Atskira antologine knyga pirm\u0105 kart\u0105 leid\u017eiama rinktin\u0117 lietuvi\u0173 poezija, para\u0161yta 1920-1939 m. Vilniuje ir Vilniaus kra\u0161te lenk\u0173 okupacijos s\u0105lygomis. Tai k\u016bryba, pabirusi to laiko lietuvi\u0161kuose Vilniaus spaudos leidiniuose, kuri\u0173 gyvavimas d\u0117l vald\u017eios represij\u0173 b\u016bdavo trumpalaikis. Iki \u0161ios knygos Vilniaus kra\u0161to poezijos ry\u0161kioji visuma nebuvo sutelkta \u012f jok\u012f atskir\u0105 leidin\u012f, taigi nesuvokta kaip savita poezijos t\u0117km\u0117, ne\u012ftraukta \u012f m\u016bs\u0173 istorijos ir kult\u016bros raidos vertybi\u0173 bei apm\u0105stym\u0173 lauk\u0105. Informacija Leid\u0117jas: Lietuvos ra\u0161ytoj\u0173 s\u0105jungos leidykla I\u0161leidimo metai: 2004 Knygos puslapi\u0173 skai\u010dius: 215 Formatas: 24&#215;14, kieti vir\u0161eliai ISBN ar kodas: 9986-39-333-7<\/p>\n","protected":false},"featured_media":14476,"comment_status":"open","ping_status":"closed","template":"","meta":{"_acf_changed":false,"site-sidebar-layout":"default","site-content-layout":"","ast-site-content-layout":"default","site-content-style":"default","site-sidebar-style":"default","ast-global-header-display":"","ast-banner-title-visibility":"","ast-main-header-display":"","ast-hfb-above-header-display":"","ast-hfb-below-header-display":"","ast-hfb-mobile-header-display":"","site-post-title":"","ast-breadcrumbs-content":"","ast-featured-img":"","footer-sml-layout":"","ast-disable-related-posts":"","theme-transparent-header-meta":"default","adv-header-id-meta":"","stick-header-meta":"","header-above-stick-meta":"","header-main-stick-meta":"","header-below-stick-meta":"","astra-migrate-meta-layouts":"set","ast-page-background-enabled":"default","ast-page-background-meta":{"desktop":{"background-color":"","background-image":"","background-repeat":"repeat","background-position":"center center","background-size":"auto","background-attachment":"scroll","background-type":"","background-media":"","overlay-type":"","overlay-color":"","overlay-opacity":"","overlay-gradient":""},"tablet":{"background-color":"","background-image":"","background-repeat":"repeat","background-position":"center center","background-size":"auto","background-attachment":"scroll","background-type":"","background-media":"","overlay-type":"","overlay-color":"","overlay-opacity":"","overlay-gradient":""},"mobile":{"background-color":"","background-image":"","background-repeat":"repeat","background-position":"center center","background-size":"auto","background-attachment":"scroll","background-type":"","background-media":"","overlay-type":"","overlay-color":"","overlay-opacity":"","overlay-gradient":""}},"ast-content-background-meta":{"desktop":{"background-color":"var(--ast-global-color-4)","background-image":"","background-repeat":"repeat","background-position":"center center","background-size":"auto","background-attachment":"scroll","background-type":"","background-media":"","overlay-type":"","overlay-color":"","overlay-opacity":"","overlay-gradient":""},"tablet":{"background-color":"var(--ast-global-color-4)","background-image":"","background-repeat":"repeat","background-position":"center center","background-size":"auto","background-attachment":"scroll","background-type":"","background-media":"","overlay-type":"","overlay-color":"","overlay-opacity":"","overlay-gradient":""},"mobile":{"background-color":"var(--ast-global-color-4)","background-image":"","background-repeat":"repeat","background-position":"center center","background-size":"auto","background-attachment":"scroll","background-type":"","background-media":"","overlay-type":"","overlay-color":"","overlay-opacity":"","overlay-gradient":""}}},"product_brand":[],"product_cat":[1085,15],"product_tag":[],"class_list":{"0":"post-14456","1":"product","2":"type-product","3":"status-publish","4":"has-post-thumbnail","6":"product_cat-poezija","7":"product_cat-uncategorized","8":"desktop-align-left","9":"tablet-align-left","10":"mobile-align-left","12":"first","13":"instock","14":"shipping-taxable","15":"purchasable","16":"product-type-simple"},"acf":[],"yoast_head":"<!-- This site is optimized with the Yoast SEO plugin v27.0 - https:\/\/yoast.com\/product\/yoast-seo-wordpress\/ -->\n<title>Keistas stebuklingas kra\u0161tas<\/title>\n<meta name=\"description\" content=\"Atskira antologine knyga pirm\u0105 kart\u0105 leid\u017eiama rinktin\u0117 lietuvi\u0173 poezija, para\u0161yta 1920-1939 m. Vilniuje ir Vilniaus kra\u0161te lenk\u0173 okupacijos s\u0105lygomis.\" \/>\n<meta name=\"robots\" content=\"index, follow, max-snippet:-1, max-image-preview:large, max-video-preview:-1\" \/>\n<link rel=\"canonical\" href=\"https:\/\/skaitytaknyga.lt\/en\/produktas\/keistas-stebuklingas-krastas\/\" \/>\n<meta property=\"og:locale\" content=\"en_GB\" \/>\n<meta property=\"og:locale:alternate\" content=\"lt_LT\" \/>\n<meta property=\"og:type\" content=\"article\" \/>\n<meta property=\"og:title\" content=\"Keistas stebuklingas kra\u0161tas\" \/>\n<meta property=\"og:description\" content=\"Atskira antologine knyga pirm\u0105 kart\u0105 leid\u017eiama rinktin\u0117 lietuvi\u0173 poezija, para\u0161yta 1920-1939 m. Vilniuje ir Vilniaus kra\u0161te lenk\u0173 okupacijos s\u0105lygomis.\" \/>\n<meta property=\"og:url\" content=\"https:\/\/skaitytaknyga.lt\/en\/produktas\/keistas-stebuklingas-krastas\/\" \/>\n<meta property=\"og:site_name\" content=\"Skaitytaknyga\" \/>\n<meta property=\"article:publisher\" content=\"https:\/\/www.facebook.com\/skaitytaknyga\/\" \/>\n<meta property=\"article:modified_time\" content=\"2024-10-31T14:24:04+00:00\" \/>\n<meta property=\"og:image\" content=\"https:\/\/skaitytaknyga.lt\/wp-content\/uploads\/2024\/10\/Keistas-stebuklingas-krastas-1.jpg\" \/>\n\t<meta property=\"og:image:width\" content=\"318\" \/>\n\t<meta property=\"og:image:height\" content=\"560\" \/>\n\t<meta property=\"og:image:type\" content=\"image\/jpeg\" \/>\n<meta name=\"twitter:card\" content=\"summary_large_image\" \/>\n<meta name=\"twitter:label1\" content=\"Estimated reading time\" \/>\n\t<meta name=\"twitter:data1\" content=\"1 minute\" \/>\n<script type=\"application\/ld+json\" class=\"yoast-schema-graph\">{\"@context\":\"https:\/\/schema.org\",\"@graph\":[{\"@type\":\"WebPage\",\"@id\":\"https:\/\/skaitytaknyga.lt\/produktas\/keistas-stebuklingas-krastas\/\",\"url\":\"https:\/\/skaitytaknyga.lt\/produktas\/keistas-stebuklingas-krastas\/\",\"name\":\"Keistas stebuklingas kra\u0161tas\",\"isPartOf\":{\"@id\":\"https:\/\/skaitytaknyga.lt\/#website\"},\"primaryImageOfPage\":{\"@id\":\"https:\/\/skaitytaknyga.lt\/produktas\/keistas-stebuklingas-krastas\/#primaryimage\"},\"image\":{\"@id\":\"https:\/\/skaitytaknyga.lt\/produktas\/keistas-stebuklingas-krastas\/#primaryimage\"},\"thumbnailUrl\":\"https:\/\/skaitytaknyga.lt\/wp-content\/uploads\/2024\/10\/Keistas-stebuklingas-krastas-1.jpg\",\"datePublished\":\"2024-10-30T18:25:52+00:00\",\"dateModified\":\"2024-10-31T14:24:04+00:00\",\"description\":\"Atskira antologine knyga pirm\u0105 kart\u0105 leid\u017eiama rinktin\u0117 lietuvi\u0173 poezija, para\u0161yta 1920-1939 m. Vilniuje ir Vilniaus kra\u0161te lenk\u0173 okupacijos s\u0105lygomis.\",\"breadcrumb\":{\"@id\":\"https:\/\/skaitytaknyga.lt\/produktas\/keistas-stebuklingas-krastas\/#breadcrumb\"},\"inLanguage\":\"en-GB\",\"potentialAction\":[{\"@type\":\"ReadAction\",\"target\":[\"https:\/\/skaitytaknyga.lt\/produktas\/keistas-stebuklingas-krastas\/\"]}]},{\"@type\":\"ImageObject\",\"inLanguage\":\"en-GB\",\"@id\":\"https:\/\/skaitytaknyga.lt\/produktas\/keistas-stebuklingas-krastas\/#primaryimage\",\"url\":\"https:\/\/skaitytaknyga.lt\/wp-content\/uploads\/2024\/10\/Keistas-stebuklingas-krastas-1.jpg\",\"contentUrl\":\"https:\/\/skaitytaknyga.lt\/wp-content\/uploads\/2024\/10\/Keistas-stebuklingas-krastas-1.jpg\",\"width\":318,\"height\":560,\"caption\":\"Keistas stebuklingas kra\u0161tas\"},{\"@type\":\"BreadcrumbList\",\"@id\":\"https:\/\/skaitytaknyga.lt\/produktas\/keistas-stebuklingas-krastas\/#breadcrumb\",\"itemListElement\":[{\"@type\":\"ListItem\",\"position\":1,\"name\":\"Home\",\"item\":\"https:\/\/skaitytaknyga.lt\/\"},{\"@type\":\"ListItem\",\"position\":2,\"name\":\"Parduotuv\u0117\",\"item\":\"https:\/\/skaitytaknyga.lt\/knygu-parduotuve\/\"},{\"@type\":\"ListItem\",\"position\":3,\"name\":\"Keistas stebuklingas kra\u0161tas\"}]},{\"@type\":\"WebSite\",\"@id\":\"https:\/\/skaitytaknyga.lt\/#website\",\"url\":\"https:\/\/skaitytaknyga.lt\/\",\"name\":\"skaitytaknyga.lt\",\"description\":\"Skaitytaknyga.lt \u2013 tai ma\u017eas \u0161eimos verslas, kuris prasid\u0117jo nuo meil\u0117s knygoms ir siekio i\u0161gelb\u0117ti knygas nuo likimo prie konteinerio. Kas vienam nereikalingas daiktas \u2013 kitam lobis, o mes esame tarpininkai, kurie padeda abiems tapti laimingesniems ???? \u017dinome kaip nelengva i\u0161gyventi ma\u017eiems verslams, tad nuo \u0161iol, \u010dia rasite ir kit\u0173, ma\u017e\u0173 \u0161eim\u0173 versl\u0173, rank\u0173 darbo, dovan\u0173 sau ir artimiesiems.\",\"publisher\":{\"@id\":\"https:\/\/skaitytaknyga.lt\/#organization\"},\"potentialAction\":[{\"@type\":\"SearchAction\",\"target\":{\"@type\":\"EntryPoint\",\"urlTemplate\":\"https:\/\/skaitytaknyga.lt\/?s={search_term_string}\"},\"query-input\":{\"@type\":\"PropertyValueSpecification\",\"valueRequired\":true,\"valueName\":\"search_term_string\"}}],\"inLanguage\":\"en-GB\"},{\"@type\":\"Organization\",\"@id\":\"https:\/\/skaitytaknyga.lt\/#organization\",\"name\":\"skaitytaknyga.lt\",\"url\":\"https:\/\/skaitytaknyga.lt\/\",\"logo\":{\"@type\":\"ImageObject\",\"inLanguage\":\"en-GB\",\"@id\":\"https:\/\/skaitytaknyga.lt\/#\/schema\/logo\/image\/\",\"url\":\"https:\/\/skaitytaknyga.lt\/wp-content\/uploads\/2024\/05\/cropped-cropped-cropped-02_00843_jt3bggkj1j3HLc7SyY6rEUpg.jpeg\",\"contentUrl\":\"https:\/\/skaitytaknyga.lt\/wp-content\/uploads\/2024\/05\/cropped-cropped-cropped-02_00843_jt3bggkj1j3HLc7SyY6rEUpg.jpeg\",\"width\":1600,\"height\":1600,\"caption\":\"skaitytaknyga.lt\"},\"image\":{\"@id\":\"https:\/\/skaitytaknyga.lt\/#\/schema\/logo\/image\/\"},\"sameAs\":[\"https:\/\/www.facebook.com\/skaitytaknyga\/\"]}]}<\/script>\n<!-- \/ Yoast SEO plugin. -->","yoast_head_json":{"title":"Keistas stebuklingas kra\u0161tas","description":"Atskira antologine knyga pirm\u0105 kart\u0105 leid\u017eiama rinktin\u0117 lietuvi\u0173 poezija, para\u0161yta 1920-1939 m. Vilniuje ir Vilniaus kra\u0161te lenk\u0173 okupacijos s\u0105lygomis.","robots":{"index":"index","follow":"follow","max-snippet":"max-snippet:-1","max-image-preview":"max-image-preview:large","max-video-preview":"max-video-preview:-1"},"canonical":"https:\/\/skaitytaknyga.lt\/en\/produktas\/keistas-stebuklingas-krastas\/","og_locale":"en_GB","og_type":"article","og_title":"[:lt]Keistas stebuklingas kra\u0161tas[:] - Skaitytaknyga","og_description":"Atskira antologine knyga pirm\u0105 kart\u0105 leid\u017eiama rinktin\u0117 lietuvi\u0173 poezija, para\u0161yta 1920-1939 m. Vilniuje ir Vilniaus kra\u0161te lenk\u0173 okupacijos s\u0105lygomis.","og_url":"https:\/\/skaitytaknyga.lt\/en\/produktas\/keistas-stebuklingas-krastas\/","og_site_name":"Skaitytaknyga","article_publisher":"https:\/\/www.facebook.com\/skaitytaknyga\/","article_modified_time":"2024-10-31T14:24:04+00:00","og_image":[{"width":318,"height":560,"url":"https:\/\/skaitytaknyga.lt\/wp-content\/uploads\/2024\/10\/Keistas-stebuklingas-krastas-1.jpg","type":"image\/jpeg"}],"twitter_card":"summary_large_image","twitter_misc":{"Estimated reading time":"1 minute"},"schema":{"@context":"https:\/\/schema.org","@graph":[{"@type":"WebPage","@id":"https:\/\/skaitytaknyga.lt\/produktas\/keistas-stebuklingas-krastas\/","url":"https:\/\/skaitytaknyga.lt\/produktas\/keistas-stebuklingas-krastas\/","name":"Keistas stebuklingas kra\u0161tas","isPartOf":{"@id":"https:\/\/skaitytaknyga.lt\/#website"},"primaryImageOfPage":{"@id":"https:\/\/skaitytaknyga.lt\/produktas\/keistas-stebuklingas-krastas\/#primaryimage"},"image":{"@id":"https:\/\/skaitytaknyga.lt\/produktas\/keistas-stebuklingas-krastas\/#primaryimage"},"thumbnailUrl":"https:\/\/skaitytaknyga.lt\/wp-content\/uploads\/2024\/10\/Keistas-stebuklingas-krastas-1.jpg","datePublished":"2024-10-30T18:25:52+00:00","dateModified":"2024-10-31T14:24:04+00:00","description":"Atskira antologine knyga pirm\u0105 kart\u0105 leid\u017eiama rinktin\u0117 lietuvi\u0173 poezija, para\u0161yta 1920-1939 m. Vilniuje ir Vilniaus kra\u0161te lenk\u0173 okupacijos s\u0105lygomis.","breadcrumb":{"@id":"https:\/\/skaitytaknyga.lt\/produktas\/keistas-stebuklingas-krastas\/#breadcrumb"},"inLanguage":"en-GB","potentialAction":[{"@type":"ReadAction","target":["https:\/\/skaitytaknyga.lt\/produktas\/keistas-stebuklingas-krastas\/"]}]},{"@type":"ImageObject","inLanguage":"en-GB","@id":"https:\/\/skaitytaknyga.lt\/produktas\/keistas-stebuklingas-krastas\/#primaryimage","url":"https:\/\/skaitytaknyga.lt\/wp-content\/uploads\/2024\/10\/Keistas-stebuklingas-krastas-1.jpg","contentUrl":"https:\/\/skaitytaknyga.lt\/wp-content\/uploads\/2024\/10\/Keistas-stebuklingas-krastas-1.jpg","width":318,"height":560,"caption":"Keistas stebuklingas kra\u0161tas"},{"@type":"BreadcrumbList","@id":"https:\/\/skaitytaknyga.lt\/produktas\/keistas-stebuklingas-krastas\/#breadcrumb","itemListElement":[{"@type":"ListItem","position":1,"name":"Home","item":"https:\/\/skaitytaknyga.lt\/"},{"@type":"ListItem","position":2,"name":"Parduotuv\u0117","item":"https:\/\/skaitytaknyga.lt\/knygu-parduotuve\/"},{"@type":"ListItem","position":3,"name":"Keistas stebuklingas kra\u0161tas"}]},{"@type":"WebSite","@id":"https:\/\/skaitytaknyga.lt\/#website","url":"https:\/\/skaitytaknyga.lt\/","name":"skaitytaknyga.lt","description":"Skaitytaknyga.lt \u2013 tai ma\u017eas \u0161eimos verslas, kuris prasid\u0117jo nuo meil\u0117s knygoms ir siekio i\u0161gelb\u0117ti knygas nuo likimo prie konteinerio. Kas vienam nereikalingas daiktas \u2013 kitam lobis, o mes esame tarpininkai, kurie padeda abiems tapti laimingesniems ???? \u017dinome kaip nelengva i\u0161gyventi ma\u017eiems verslams, tad nuo \u0161iol, \u010dia rasite ir kit\u0173, ma\u017e\u0173 \u0161eim\u0173 versl\u0173, rank\u0173 darbo, dovan\u0173 sau ir artimiesiems.","publisher":{"@id":"https:\/\/skaitytaknyga.lt\/#organization"},"potentialAction":[{"@type":"SearchAction","target":{"@type":"EntryPoint","urlTemplate":"https:\/\/skaitytaknyga.lt\/?s={search_term_string}"},"query-input":{"@type":"PropertyValueSpecification","valueRequired":true,"valueName":"search_term_string"}}],"inLanguage":"en-GB"},{"@type":"Organization","@id":"https:\/\/skaitytaknyga.lt\/#organization","name":"skaitytaknyga.lt","url":"https:\/\/skaitytaknyga.lt\/","logo":{"@type":"ImageObject","inLanguage":"en-GB","@id":"https:\/\/skaitytaknyga.lt\/#\/schema\/logo\/image\/","url":"https:\/\/skaitytaknyga.lt\/wp-content\/uploads\/2024\/05\/cropped-cropped-cropped-02_00843_jt3bggkj1j3HLc7SyY6rEUpg.jpeg","contentUrl":"https:\/\/skaitytaknyga.lt\/wp-content\/uploads\/2024\/05\/cropped-cropped-cropped-02_00843_jt3bggkj1j3HLc7SyY6rEUpg.jpeg","width":1600,"height":1600,"caption":"skaitytaknyga.lt"},"image":{"@id":"https:\/\/skaitytaknyga.lt\/#\/schema\/logo\/image\/"},"sameAs":["https:\/\/www.facebook.com\/skaitytaknyga\/"]}]}},"_links":{"self":[{"href":"https:\/\/skaitytaknyga.lt\/en\/wp-json\/wp\/v2\/product\/14456","targetHints":{"allow":["GET"]}}],"collection":[{"href":"https:\/\/skaitytaknyga.lt\/en\/wp-json\/wp\/v2\/product"}],"about":[{"href":"https:\/\/skaitytaknyga.lt\/en\/wp-json\/wp\/v2\/types\/product"}],"replies":[{"embeddable":true,"href":"https:\/\/skaitytaknyga.lt\/en\/wp-json\/wp\/v2\/comments?post=14456"}],"wp:featuredmedia":[{"embeddable":true,"href":"https:\/\/skaitytaknyga.lt\/en\/wp-json\/wp\/v2\/media\/14476"}],"wp:attachment":[{"href":"https:\/\/skaitytaknyga.lt\/en\/wp-json\/wp\/v2\/media?parent=14456"}],"wp:term":[{"taxonomy":"product_brand","embeddable":true,"href":"https:\/\/skaitytaknyga.lt\/en\/wp-json\/wp\/v2\/product_brand?post=14456"},{"taxonomy":"product_cat","embeddable":true,"href":"https:\/\/skaitytaknyga.lt\/en\/wp-json\/wp\/v2\/product_cat?post=14456"},{"taxonomy":"product_tag","embeddable":true,"href":"https:\/\/skaitytaknyga.lt\/en\/wp-json\/wp\/v2\/product_tag?post=14456"}],"curies":[{"name":"wp","href":"https:\/\/api.w.org\/{rel}","templated":true}]}}