{"id":14455,"date":"2024-10-30T20:25:52","date_gmt":"2024-10-30T18:25:52","guid":{"rendered":"https:\/\/skaitytaknyga.lt\/?post_type=product&#038;p=14455"},"modified":"2025-08-06T20:00:38","modified_gmt":"2025-08-06T17:00:38","slug":"julius-juzeliunas-straipsniai-kalbos-pokalbiai-amzininku-atsiminimai","status":"publish","type":"product","link":"https:\/\/skaitytaknyga.lt\/en\/produktas\/julius-juzeliunas-straipsniai-kalbos-pokalbiai-amzininku-atsiminimai\/","title":{"rendered":"Julius Juzeli\u016bnas. Straipsniai. Kalbos. Pokalbiai. Am\u017einink\u0173 atsiminimai (yra ma\u017ea d\u0117mel\u0117)"},"content":{"rendered":"<p>Knygoje trys dalys. Pirm\u0105j\u0105 sudaro \u017eymiojo kompozitoriaus, mokslininko, pedagogo ir visuomen\u0117s veik\u0117jo straipsniai ir kalbos, kuriose aptariami k\u016brybos, muzikin\u0117s kult\u016bros, jaunimo muzikinio ugdymo, tautinio atgimimo ir valstyb\u0117s k\u016brimo reikalai.<br \/>\nAntrojoje \u2013kompozitoriaus, pedagogo ir politiko pokalbiai su \u017eurnalistais ir muzikologais. \u010cia toliau pl\u0117tojamos anks\u010diau i\u0161sakytos mintys. Daug d\u0117mesio skiriama muzikai, jos tauti\u0161kumui, reik\u0161mei visuomenei \u2013 mokyklai, Ba\u017eny\u010diai, kult\u016brai. Svarstoma religijos, moral\u0117s reik\u0161m\u0117 asmenyb\u0117s ugdymui, pabr\u0117\u017eiamas taurinantis meno poveikis \u017emogui; nepamir\u0161tami muzikos profesionalumo reikalai.<br \/>\nTre\u010diojoje dalyje \u2013 \u017eymi\u0173 kompozitori\u0173, atlik\u0117j\u0173, bendra\u017eygi\u0173, mokini\u0173 ir artim\u0173j\u0173 atsiminimai.<\/p>\n<p>Autorius: Algirdas Jonas Ambrazas<br \/>\nLeid\u0117jas: Lietuvos ra\u0161ytoj\u0173 s\u0105jungos leidykla<br \/>\nI\u0161leidimo metai: 2002<br \/>\nKnygos puslapi\u0173 skai\u010dius: 671<br \/>\nFormatas: 15&#215;22, kieti vir\u0161eliai<br \/>\nISBN ar kodas: 9986-39-251-9<\/p>\n","protected":false},"excerpt":{"rendered":"<p>Knygoje trys dalys. Pirm\u0105j\u0105 sudaro \u017eymiojo kompozitoriaus, mokslininko, pedagogo ir visuomen\u0117s veik\u0117jo straipsniai ir kalbos, kuriose aptariami k\u016brybos, muzikin\u0117s kult\u016bros, jaunimo muzikinio ugdymo, tautinio atgimimo ir valstyb\u0117s k\u016brimo reikalai. Antrojoje \u2013kompozitoriaus, pedagogo ir politiko pokalbiai su \u017eurnalistais ir muzikologais. \u010cia toliau pl\u0117tojamos anks\u010diau i\u0161sakytos mintys. Daug d\u0117mesio skiriama muzikai, jos tauti\u0161kumui, reik\u0161mei visuomenei \u2013 mokyklai, Ba\u017eny\u010diai, kult\u016brai. Svarstoma religijos, moral\u0117s reik\u0161m\u0117 asmenyb\u0117s ugdymui, pabr\u0117\u017eiamas taurinantis meno poveikis \u017emogui; nepamir\u0161tami muzikos profesionalumo reikalai. Tre\u010diojoje dalyje \u2013 \u017eymi\u0173 kompozitori\u0173, atlik\u0117j\u0173, bendra\u017eygi\u0173, mokini\u0173 ir artim\u0173j\u0173 atsiminimai. Autorius: Algirdas Jonas Ambrazas Leid\u0117jas: Lietuvos ra\u0161ytoj\u0173 s\u0105jungos leidykla I\u0161leidimo metai: 2002 Knygos puslapi\u0173 skai\u010dius: 671 Formatas: 15&#215;22, kieti vir\u0161eliai ISBN ar kodas: 9986-39-251-9<\/p>\n","protected":false},"featured_media":14475,"comment_status":"open","ping_status":"closed","template":"","meta":{"_acf_changed":false,"site-sidebar-layout":"default","site-content-layout":"","ast-site-content-layout":"default","site-content-style":"default","site-sidebar-style":"default","ast-global-header-display":"","ast-banner-title-visibility":"","ast-main-header-display":"","ast-hfb-above-header-display":"","ast-hfb-below-header-display":"","ast-hfb-mobile-header-display":"","site-post-title":"","ast-breadcrumbs-content":"","ast-featured-img":"","footer-sml-layout":"","ast-disable-related-posts":"","theme-transparent-header-meta":"default","adv-header-id-meta":"","stick-header-meta":"","header-above-stick-meta":"","header-main-stick-meta":"","header-below-stick-meta":"","astra-migrate-meta-layouts":"set","ast-page-background-enabled":"default","ast-page-background-meta":{"desktop":{"background-color":"","background-image":"","background-repeat":"repeat","background-position":"center center","background-size":"auto","background-attachment":"scroll","background-type":"","background-media":"","overlay-type":"","overlay-color":"","overlay-opacity":"","overlay-gradient":""},"tablet":{"background-color":"","background-image":"","background-repeat":"repeat","background-position":"center center","background-size":"auto","background-attachment":"scroll","background-type":"","background-media":"","overlay-type":"","overlay-color":"","overlay-opacity":"","overlay-gradient":""},"mobile":{"background-color":"","background-image":"","background-repeat":"repeat","background-position":"center center","background-size":"auto","background-attachment":"scroll","background-type":"","background-media":"","overlay-type":"","overlay-color":"","overlay-opacity":"","overlay-gradient":""}},"ast-content-background-meta":{"desktop":{"background-color":"var(--ast-global-color-4)","background-image":"","background-repeat":"repeat","background-position":"center center","background-size":"auto","background-attachment":"scroll","background-type":"","background-media":"","overlay-type":"","overlay-color":"","overlay-opacity":"","overlay-gradient":""},"tablet":{"background-color":"var(--ast-global-color-4)","background-image":"","background-repeat":"repeat","background-position":"center center","background-size":"auto","background-attachment":"scroll","background-type":"","background-media":"","overlay-type":"","overlay-color":"","overlay-opacity":"","overlay-gradient":""},"mobile":{"background-color":"var(--ast-global-color-4)","background-image":"","background-repeat":"repeat","background-position":"center center","background-size":"auto","background-attachment":"scroll","background-type":"","background-media":"","overlay-type":"","overlay-color":"","overlay-opacity":"","overlay-gradient":""}}},"product_brand":[],"product_cat":[33,15],"product_tag":[],"class_list":{"0":"post-14455","1":"product","2":"type-product","3":"status-publish","4":"has-post-thumbnail","6":"product_cat-biografijos","7":"product_cat-uncategorized","8":"desktop-align-left","9":"tablet-align-left","10":"mobile-align-left","12":"first","13":"instock","14":"shipping-taxable","15":"purchasable","16":"product-type-simple"},"acf":[],"yoast_head":"<!-- This site is optimized with the Yoast SEO plugin v27.0 - https:\/\/yoast.com\/product\/yoast-seo-wordpress\/ -->\n<title>Julius Juzeli\u016bnas. Straipsniai. Kalbos. Pokalbiai. Am\u017einink\u0173 atsiminimai (yra ma\u017ea d\u0117mel\u0117)<\/title>\n<meta name=\"description\" content=\"Knygoje trys dalys. Pirm\u0105j\u0105 sudaro \u017eymiojo kompozitoriaus, mokslininko, pedagogo ir visuomen\u0117s veik\u0117jo straipsniai ir kalbos, kuriose aptariami k\u016brybos,\" \/>\n<meta name=\"robots\" content=\"index, follow, max-snippet:-1, max-image-preview:large, max-video-preview:-1\" \/>\n<link rel=\"canonical\" href=\"https:\/\/skaitytaknyga.lt\/en\/produktas\/julius-juzeliunas-straipsniai-kalbos-pokalbiai-amzininku-atsiminimai\/\" \/>\n<meta property=\"og:locale\" content=\"en_GB\" \/>\n<meta property=\"og:locale:alternate\" content=\"lt_LT\" \/>\n<meta property=\"og:type\" content=\"article\" \/>\n<meta property=\"og:title\" content=\"Julius Juzeli\u016bnas. Straipsniai. Kalbos. Pokalbiai. Am\u017einink\u0173 atsiminimai (yra ma\u017ea d\u0117mel\u0117)\" \/>\n<meta property=\"og:description\" content=\"Knygoje trys dalys. Pirm\u0105j\u0105 sudaro \u017eymiojo kompozitoriaus, mokslininko, pedagogo ir visuomen\u0117s veik\u0117jo straipsniai ir kalbos, kuriose aptariami k\u016brybos,\" \/>\n<meta property=\"og:url\" content=\"https:\/\/skaitytaknyga.lt\/en\/produktas\/julius-juzeliunas-straipsniai-kalbos-pokalbiai-amzininku-atsiminimai\/\" \/>\n<meta property=\"og:site_name\" content=\"Skaitytaknyga\" \/>\n<meta property=\"article:publisher\" content=\"https:\/\/www.facebook.com\/skaitytaknyga\/\" \/>\n<meta property=\"article:modified_time\" content=\"2025-08-06T17:00:38+00:00\" \/>\n<meta property=\"og:image\" content=\"https:\/\/skaitytaknyga.lt\/wp-content\/uploads\/2024\/10\/Julius-Juzeliunas.-Straipsniai.-Kalbos.-Pokalbiai.-Amzininku-atsiminimai.jpg\" \/>\n\t<meta property=\"og:image:width\" content=\"388\" \/>\n\t<meta property=\"og:image:height\" content=\"575\" \/>\n\t<meta property=\"og:image:type\" content=\"image\/jpeg\" \/>\n<meta name=\"twitter:card\" content=\"summary_large_image\" \/>\n<meta name=\"twitter:label1\" content=\"Estimated reading time\" \/>\n\t<meta name=\"twitter:data1\" content=\"1 minute\" \/>\n<script type=\"application\/ld+json\" class=\"yoast-schema-graph\">{\"@context\":\"https:\/\/schema.org\",\"@graph\":[{\"@type\":\"WebPage\",\"@id\":\"https:\/\/skaitytaknyga.lt\/produktas\/julius-juzeliunas-straipsniai-kalbos-pokalbiai-amzininku-atsiminimai\/\",\"url\":\"https:\/\/skaitytaknyga.lt\/produktas\/julius-juzeliunas-straipsniai-kalbos-pokalbiai-amzininku-atsiminimai\/\",\"name\":\"Julius Juzeli\u016bnas. Straipsniai. Kalbos. Pokalbiai. Am\u017einink\u0173 atsiminimai (yra ma\u017ea d\u0117mel\u0117)\",\"isPartOf\":{\"@id\":\"https:\/\/skaitytaknyga.lt\/#website\"},\"primaryImageOfPage\":{\"@id\":\"https:\/\/skaitytaknyga.lt\/produktas\/julius-juzeliunas-straipsniai-kalbos-pokalbiai-amzininku-atsiminimai\/#primaryimage\"},\"image\":{\"@id\":\"https:\/\/skaitytaknyga.lt\/produktas\/julius-juzeliunas-straipsniai-kalbos-pokalbiai-amzininku-atsiminimai\/#primaryimage\"},\"thumbnailUrl\":\"https:\/\/skaitytaknyga.lt\/wp-content\/uploads\/2024\/10\/Julius-Juzeliunas.-Straipsniai.-Kalbos.-Pokalbiai.-Amzininku-atsiminimai.jpg\",\"datePublished\":\"2024-10-30T18:25:52+00:00\",\"dateModified\":\"2025-08-06T17:00:38+00:00\",\"description\":\"Knygoje trys dalys. Pirm\u0105j\u0105 sudaro \u017eymiojo kompozitoriaus, mokslininko, pedagogo ir visuomen\u0117s veik\u0117jo straipsniai ir kalbos, kuriose aptariami k\u016brybos,\",\"breadcrumb\":{\"@id\":\"https:\/\/skaitytaknyga.lt\/produktas\/julius-juzeliunas-straipsniai-kalbos-pokalbiai-amzininku-atsiminimai\/#breadcrumb\"},\"inLanguage\":\"en-GB\",\"potentialAction\":[{\"@type\":\"ReadAction\",\"target\":[\"https:\/\/skaitytaknyga.lt\/produktas\/julius-juzeliunas-straipsniai-kalbos-pokalbiai-amzininku-atsiminimai\/\"]}]},{\"@type\":\"ImageObject\",\"inLanguage\":\"en-GB\",\"@id\":\"https:\/\/skaitytaknyga.lt\/produktas\/julius-juzeliunas-straipsniai-kalbos-pokalbiai-amzininku-atsiminimai\/#primaryimage\",\"url\":\"https:\/\/skaitytaknyga.lt\/wp-content\/uploads\/2024\/10\/Julius-Juzeliunas.-Straipsniai.-Kalbos.-Pokalbiai.-Amzininku-atsiminimai.jpg\",\"contentUrl\":\"https:\/\/skaitytaknyga.lt\/wp-content\/uploads\/2024\/10\/Julius-Juzeliunas.-Straipsniai.-Kalbos.-Pokalbiai.-Amzininku-atsiminimai.jpg\",\"width\":388,\"height\":575,\"caption\":\"Julius Juzeli\u016bnas. Straipsniai. Kalbos. Pokalbiai. Am\u017einink\u0173 atsiminimai\"},{\"@type\":\"BreadcrumbList\",\"@id\":\"https:\/\/skaitytaknyga.lt\/produktas\/julius-juzeliunas-straipsniai-kalbos-pokalbiai-amzininku-atsiminimai\/#breadcrumb\",\"itemListElement\":[{\"@type\":\"ListItem\",\"position\":1,\"name\":\"Home\",\"item\":\"https:\/\/skaitytaknyga.lt\/\"},{\"@type\":\"ListItem\",\"position\":2,\"name\":\"Parduotuv\u0117\",\"item\":\"https:\/\/skaitytaknyga.lt\/knygu-parduotuve\/\"},{\"@type\":\"ListItem\",\"position\":3,\"name\":\"Julius Juzeli\u016bnas. Straipsniai. Kalbos. Pokalbiai. Am\u017einink\u0173 atsiminimai (yra ma\u017ea d\u0117mel\u0117)\"}]},{\"@type\":\"WebSite\",\"@id\":\"https:\/\/skaitytaknyga.lt\/#website\",\"url\":\"https:\/\/skaitytaknyga.lt\/\",\"name\":\"skaitytaknyga.lt\",\"description\":\"Skaitytaknyga.lt \u2013 tai ma\u017eas \u0161eimos verslas, kuris prasid\u0117jo nuo meil\u0117s knygoms ir siekio i\u0161gelb\u0117ti knygas nuo likimo prie konteinerio. Kas vienam nereikalingas daiktas \u2013 kitam lobis, o mes esame tarpininkai, kurie padeda abiems tapti laimingesniems ???? \u017dinome kaip nelengva i\u0161gyventi ma\u017eiems verslams, tad nuo \u0161iol, \u010dia rasite ir kit\u0173, ma\u017e\u0173 \u0161eim\u0173 versl\u0173, rank\u0173 darbo, dovan\u0173 sau ir artimiesiems.\",\"publisher\":{\"@id\":\"https:\/\/skaitytaknyga.lt\/#organization\"},\"potentialAction\":[{\"@type\":\"SearchAction\",\"target\":{\"@type\":\"EntryPoint\",\"urlTemplate\":\"https:\/\/skaitytaknyga.lt\/?s={search_term_string}\"},\"query-input\":{\"@type\":\"PropertyValueSpecification\",\"valueRequired\":true,\"valueName\":\"search_term_string\"}}],\"inLanguage\":\"en-GB\"},{\"@type\":\"Organization\",\"@id\":\"https:\/\/skaitytaknyga.lt\/#organization\",\"name\":\"skaitytaknyga.lt\",\"url\":\"https:\/\/skaitytaknyga.lt\/\",\"logo\":{\"@type\":\"ImageObject\",\"inLanguage\":\"en-GB\",\"@id\":\"https:\/\/skaitytaknyga.lt\/#\/schema\/logo\/image\/\",\"url\":\"https:\/\/skaitytaknyga.lt\/wp-content\/uploads\/2024\/05\/cropped-cropped-cropped-02_00843_jt3bggkj1j3HLc7SyY6rEUpg.jpeg\",\"contentUrl\":\"https:\/\/skaitytaknyga.lt\/wp-content\/uploads\/2024\/05\/cropped-cropped-cropped-02_00843_jt3bggkj1j3HLc7SyY6rEUpg.jpeg\",\"width\":1600,\"height\":1600,\"caption\":\"skaitytaknyga.lt\"},\"image\":{\"@id\":\"https:\/\/skaitytaknyga.lt\/#\/schema\/logo\/image\/\"},\"sameAs\":[\"https:\/\/www.facebook.com\/skaitytaknyga\/\"]}]}<\/script>\n<!-- \/ Yoast SEO plugin. -->","yoast_head_json":{"title":"Julius Juzeli\u016bnas. Straipsniai. Kalbos. Pokalbiai. Am\u017einink\u0173 atsiminimai (yra ma\u017ea d\u0117mel\u0117)","description":"Knygoje trys dalys. Pirm\u0105j\u0105 sudaro \u017eymiojo kompozitoriaus, mokslininko, pedagogo ir visuomen\u0117s veik\u0117jo straipsniai ir kalbos, kuriose aptariami k\u016brybos,","robots":{"index":"index","follow":"follow","max-snippet":"max-snippet:-1","max-image-preview":"max-image-preview:large","max-video-preview":"max-video-preview:-1"},"canonical":"https:\/\/skaitytaknyga.lt\/en\/produktas\/julius-juzeliunas-straipsniai-kalbos-pokalbiai-amzininku-atsiminimai\/","og_locale":"en_GB","og_type":"article","og_title":"[:lt]Julius Juzeli\u016bnas. Straipsniai. Kalbos. Pokalbiai. Am\u017einink\u0173 atsiminimai (yra ma\u017ea d\u0117mel\u0117)[:] - Skaitytaknyga","og_description":"Knygoje trys dalys. Pirm\u0105j\u0105 sudaro \u017eymiojo kompozitoriaus, mokslininko, pedagogo ir visuomen\u0117s veik\u0117jo straipsniai ir kalbos, kuriose aptariami k\u016brybos,","og_url":"https:\/\/skaitytaknyga.lt\/en\/produktas\/julius-juzeliunas-straipsniai-kalbos-pokalbiai-amzininku-atsiminimai\/","og_site_name":"Skaitytaknyga","article_publisher":"https:\/\/www.facebook.com\/skaitytaknyga\/","article_modified_time":"2025-08-06T17:00:38+00:00","og_image":[{"width":388,"height":575,"url":"https:\/\/skaitytaknyga.lt\/wp-content\/uploads\/2024\/10\/Julius-Juzeliunas.-Straipsniai.-Kalbos.-Pokalbiai.-Amzininku-atsiminimai.jpg","type":"image\/jpeg"}],"twitter_card":"summary_large_image","twitter_misc":{"Estimated reading time":"1 minute"},"schema":{"@context":"https:\/\/schema.org","@graph":[{"@type":"WebPage","@id":"https:\/\/skaitytaknyga.lt\/produktas\/julius-juzeliunas-straipsniai-kalbos-pokalbiai-amzininku-atsiminimai\/","url":"https:\/\/skaitytaknyga.lt\/produktas\/julius-juzeliunas-straipsniai-kalbos-pokalbiai-amzininku-atsiminimai\/","name":"Julius Juzeli\u016bnas. Straipsniai. Kalbos. Pokalbiai. Am\u017einink\u0173 atsiminimai (yra ma\u017ea d\u0117mel\u0117)","isPartOf":{"@id":"https:\/\/skaitytaknyga.lt\/#website"},"primaryImageOfPage":{"@id":"https:\/\/skaitytaknyga.lt\/produktas\/julius-juzeliunas-straipsniai-kalbos-pokalbiai-amzininku-atsiminimai\/#primaryimage"},"image":{"@id":"https:\/\/skaitytaknyga.lt\/produktas\/julius-juzeliunas-straipsniai-kalbos-pokalbiai-amzininku-atsiminimai\/#primaryimage"},"thumbnailUrl":"https:\/\/skaitytaknyga.lt\/wp-content\/uploads\/2024\/10\/Julius-Juzeliunas.-Straipsniai.-Kalbos.-Pokalbiai.-Amzininku-atsiminimai.jpg","datePublished":"2024-10-30T18:25:52+00:00","dateModified":"2025-08-06T17:00:38+00:00","description":"Knygoje trys dalys. Pirm\u0105j\u0105 sudaro \u017eymiojo kompozitoriaus, mokslininko, pedagogo ir visuomen\u0117s veik\u0117jo straipsniai ir kalbos, kuriose aptariami k\u016brybos,","breadcrumb":{"@id":"https:\/\/skaitytaknyga.lt\/produktas\/julius-juzeliunas-straipsniai-kalbos-pokalbiai-amzininku-atsiminimai\/#breadcrumb"},"inLanguage":"en-GB","potentialAction":[{"@type":"ReadAction","target":["https:\/\/skaitytaknyga.lt\/produktas\/julius-juzeliunas-straipsniai-kalbos-pokalbiai-amzininku-atsiminimai\/"]}]},{"@type":"ImageObject","inLanguage":"en-GB","@id":"https:\/\/skaitytaknyga.lt\/produktas\/julius-juzeliunas-straipsniai-kalbos-pokalbiai-amzininku-atsiminimai\/#primaryimage","url":"https:\/\/skaitytaknyga.lt\/wp-content\/uploads\/2024\/10\/Julius-Juzeliunas.-Straipsniai.-Kalbos.-Pokalbiai.-Amzininku-atsiminimai.jpg","contentUrl":"https:\/\/skaitytaknyga.lt\/wp-content\/uploads\/2024\/10\/Julius-Juzeliunas.-Straipsniai.-Kalbos.-Pokalbiai.-Amzininku-atsiminimai.jpg","width":388,"height":575,"caption":"Julius Juzeli\u016bnas. Straipsniai. Kalbos. Pokalbiai. Am\u017einink\u0173 atsiminimai"},{"@type":"BreadcrumbList","@id":"https:\/\/skaitytaknyga.lt\/produktas\/julius-juzeliunas-straipsniai-kalbos-pokalbiai-amzininku-atsiminimai\/#breadcrumb","itemListElement":[{"@type":"ListItem","position":1,"name":"Home","item":"https:\/\/skaitytaknyga.lt\/"},{"@type":"ListItem","position":2,"name":"Parduotuv\u0117","item":"https:\/\/skaitytaknyga.lt\/knygu-parduotuve\/"},{"@type":"ListItem","position":3,"name":"Julius Juzeli\u016bnas. Straipsniai. Kalbos. Pokalbiai. Am\u017einink\u0173 atsiminimai (yra ma\u017ea d\u0117mel\u0117)"}]},{"@type":"WebSite","@id":"https:\/\/skaitytaknyga.lt\/#website","url":"https:\/\/skaitytaknyga.lt\/","name":"skaitytaknyga.lt","description":"Skaitytaknyga.lt \u2013 tai ma\u017eas \u0161eimos verslas, kuris prasid\u0117jo nuo meil\u0117s knygoms ir siekio i\u0161gelb\u0117ti knygas nuo likimo prie konteinerio. Kas vienam nereikalingas daiktas \u2013 kitam lobis, o mes esame tarpininkai, kurie padeda abiems tapti laimingesniems ???? \u017dinome kaip nelengva i\u0161gyventi ma\u017eiems verslams, tad nuo \u0161iol, \u010dia rasite ir kit\u0173, ma\u017e\u0173 \u0161eim\u0173 versl\u0173, rank\u0173 darbo, dovan\u0173 sau ir artimiesiems.","publisher":{"@id":"https:\/\/skaitytaknyga.lt\/#organization"},"potentialAction":[{"@type":"SearchAction","target":{"@type":"EntryPoint","urlTemplate":"https:\/\/skaitytaknyga.lt\/?s={search_term_string}"},"query-input":{"@type":"PropertyValueSpecification","valueRequired":true,"valueName":"search_term_string"}}],"inLanguage":"en-GB"},{"@type":"Organization","@id":"https:\/\/skaitytaknyga.lt\/#organization","name":"skaitytaknyga.lt","url":"https:\/\/skaitytaknyga.lt\/","logo":{"@type":"ImageObject","inLanguage":"en-GB","@id":"https:\/\/skaitytaknyga.lt\/#\/schema\/logo\/image\/","url":"https:\/\/skaitytaknyga.lt\/wp-content\/uploads\/2024\/05\/cropped-cropped-cropped-02_00843_jt3bggkj1j3HLc7SyY6rEUpg.jpeg","contentUrl":"https:\/\/skaitytaknyga.lt\/wp-content\/uploads\/2024\/05\/cropped-cropped-cropped-02_00843_jt3bggkj1j3HLc7SyY6rEUpg.jpeg","width":1600,"height":1600,"caption":"skaitytaknyga.lt"},"image":{"@id":"https:\/\/skaitytaknyga.lt\/#\/schema\/logo\/image\/"},"sameAs":["https:\/\/www.facebook.com\/skaitytaknyga\/"]}]}},"_links":{"self":[{"href":"https:\/\/skaitytaknyga.lt\/en\/wp-json\/wp\/v2\/product\/14455","targetHints":{"allow":["GET"]}}],"collection":[{"href":"https:\/\/skaitytaknyga.lt\/en\/wp-json\/wp\/v2\/product"}],"about":[{"href":"https:\/\/skaitytaknyga.lt\/en\/wp-json\/wp\/v2\/types\/product"}],"replies":[{"embeddable":true,"href":"https:\/\/skaitytaknyga.lt\/en\/wp-json\/wp\/v2\/comments?post=14455"}],"wp:featuredmedia":[{"embeddable":true,"href":"https:\/\/skaitytaknyga.lt\/en\/wp-json\/wp\/v2\/media\/14475"}],"wp:attachment":[{"href":"https:\/\/skaitytaknyga.lt\/en\/wp-json\/wp\/v2\/media?parent=14455"}],"wp:term":[{"taxonomy":"product_brand","embeddable":true,"href":"https:\/\/skaitytaknyga.lt\/en\/wp-json\/wp\/v2\/product_brand?post=14455"},{"taxonomy":"product_cat","embeddable":true,"href":"https:\/\/skaitytaknyga.lt\/en\/wp-json\/wp\/v2\/product_cat?post=14455"},{"taxonomy":"product_tag","embeddable":true,"href":"https:\/\/skaitytaknyga.lt\/en\/wp-json\/wp\/v2\/product_tag?post=14455"}],"curies":[{"name":"wp","href":"https:\/\/api.w.org\/{rel}","templated":true}]}}