{"id":14454,"date":"2024-10-30T20:25:52","date_gmt":"2024-10-30T18:25:52","guid":{"rendered":"https:\/\/skaitytaknyga.lt\/?post_type=product&#038;p=14454"},"modified":"2026-03-05T15:14:53","modified_gmt":"2026-03-05T13:14:53","slug":"bado-zaidynes","status":"publish","type":"product","link":"https:\/\/skaitytaknyga.lt\/en\/produktas\/bado-zaidynes\/","title":{"rendered":"Bado \u017eaidyn\u0117s"},"content":{"rendered":"<div class=\"spacing-5-5 s p wf\">\n<div class=\"s t wc hc\">Laim\u0117jimas atne\u0161a \u0161lov\u0119 ir turt\u0105. Pralaim\u0117jimas mirt\u012f. Bado \u017eaidyn\u0117s prasideda.<\/div>\n<\/div>\n<div class=\"spacing-5-5 s p wf\">\n<div class=\"s t wc hc\"><\/div>\n<\/div>\n<div class=\"spacing-5-5 s p wf\">\n<div class=\"s t wc hc\">Ar \u012fmanoma i\u0161gyventi laukin\u0117je gamtoje, kai var\u017eovai stengiasi tave nugalabyti?<\/div>\n<\/div>\n<div class=\"spacing-5-5 s p wf\">\n<div class=\"s t wc hc\"><\/div>\n<\/div>\n<div class=\"spacing-5-5 s p wf\">\n<div class=\"s t wc hc\">Ant kadaise buvusi\u0173 \u0160iaur\u0117s Amerikos valstij\u0173 griuv\u0117si\u0173 \u012fkurta Panemo valstyb\u0117, sudaryta i\u0161 dvylikos apygard\u0173. \u0160al\u012f grie\u017etai ir negailestingai valdo Sostin\u0117, ji ver\u010dia apygardas paklusti, kasmet reikalauja atsi\u0173sti po vien\u0105 vaikin\u0105 ir mergin\u0105 dalyvauti Bado \u017eaidyn\u0117se, \u017eiauriame realyb\u0117s \u0161ou, kuriame kaunamasi iki mirties.<\/div>\n<\/div>\n<div class=\"spacing-5-5 s p wf\">\n<div class=\"s t wc hc\"><\/div>\n<\/div>\n<div class=\"spacing-5-5 s p wf\">\n<div class=\"s t wc hc\">\u0160e\u0161iolikmet\u0117 Ketn\u0117 Everdin pasiry\u017eta tapti paaukot\u0105ja vietoj savo dvylikamet\u0117s sesut\u0117s Primos. Mergina yra u\u017egr\u016bdinta gyvenimo, nes po t\u0117vo mirties jai teko i\u0161maitinti \u0161eim\u0105. Ketn\u0117 \u2013 tikra kovotoja, sumani, apdairi, puiki \u0161aul\u0117. \u0160ios savyb\u0117s leid\u017eia jai siekti pergal\u0117s Bado \u017eaidyn\u0117se. Ta\u010diau jai teks rinktis tarp noro i\u0161gyventi ir \u017emogi\u0161kumo, tarp pergal\u0117s ir meil\u0117s.<\/div>\n<\/div>\n<div class=\"spacing-5-5 s p wf\">\n<div class=\"s t wc hc\"><\/div>\n<\/div>\n<div class=\"spacing-5-5 s p wf\">\n<div class=\"s t wc hc\">Garsi ra\u0161ytoja Suzanne Collins \u201eBado \u017eaidyn\u0117se\u201c sulydo veiksm\u0105 ir mint\u012f, meil\u0119, neapykant\u0105 ir i\u0161davyst\u0119.<\/div>\n<\/div>\n<div class=\"spacing-5-5 s p wf\">\n<div class=\"s t wc hc\"><\/div>\n<\/div>\n<div class=\"spacing-5-5 s p wf\">\n<div class=\"s t wc hc\">Knyga sulauk\u0117 nepaprasto populiarumo (ji i\u0161versta \u012f 32 kalbas), apdovanota daugybe premij\u0173, pagal j\u0105 sukurtas filmas.<\/div>\n<\/div>\n","protected":false},"excerpt":{"rendered":"<p>Laim\u0117jimas atne\u0161a \u0161lov\u0119 ir turt\u0105. Pralaim\u0117jimas mirt\u012f. Bado \u017eaidyn\u0117s prasideda. Ar \u012fmanoma i\u0161gyventi laukin\u0117je gamtoje, kai var\u017eovai stengiasi tave nugalabyti? Ant kadaise buvusi\u0173 \u0160iaur\u0117s Amerikos valstij\u0173 griuv\u0117si\u0173 \u012fkurta Panemo valstyb\u0117, sudaryta i\u0161 dvylikos apygard\u0173. \u0160al\u012f grie\u017etai ir negailestingai valdo Sostin\u0117, ji ver\u010dia apygardas paklusti, kasmet reikalauja atsi\u0173sti po vien\u0105 vaikin\u0105 ir mergin\u0105 dalyvauti Bado \u017eaidyn\u0117se, \u017eiauriame realyb\u0117s \u0161ou, kuriame kaunamasi iki mirties. \u0160e\u0161iolikmet\u0117 Ketn\u0117 Everdin pasiry\u017eta tapti paaukot\u0105ja vietoj savo dvylikamet\u0117s sesut\u0117s Primos. Mergina yra u\u017egr\u016bdinta gyvenimo, nes po t\u0117vo mirties jai teko i\u0161maitinti \u0161eim\u0105. Ketn\u0117 \u2013 tikra kovotoja, sumani, apdairi, puiki \u0161aul\u0117. \u0160ios savyb\u0117s leid\u017eia jai siekti pergal\u0117s Bado \u017eaidyn\u0117se. Ta\u010diau jai teks rinktis tarp noro i\u0161gyventi ir \u017emogi\u0161kumo, tarp pergal\u0117s ir meil\u0117s. Garsi ra\u0161ytoja Suzanne Collins \u201eBado \u017eaidyn\u0117se\u201c sulydo veiksm\u0105 ir mint\u012f, meil\u0119, neapykant\u0105 ir i\u0161davyst\u0119. Knyga sulauk\u0117 nepaprasto populiarumo (ji i\u0161versta \u012f 32 kalbas), apdovanota daugybe premij\u0173, pagal j\u0105 sukurtas filmas.<\/p>\n","protected":false},"featured_media":14470,"comment_status":"open","ping_status":"closed","template":"","meta":{"_acf_changed":false,"site-sidebar-layout":"default","site-content-layout":"","ast-site-content-layout":"default","site-content-style":"default","site-sidebar-style":"default","ast-global-header-display":"","ast-banner-title-visibility":"","ast-main-header-display":"","ast-hfb-above-header-display":"","ast-hfb-below-header-display":"","ast-hfb-mobile-header-display":"","site-post-title":"","ast-breadcrumbs-content":"","ast-featured-img":"","footer-sml-layout":"","ast-disable-related-posts":"","theme-transparent-header-meta":"default","adv-header-id-meta":"","stick-header-meta":"","header-above-stick-meta":"","header-main-stick-meta":"","header-below-stick-meta":"","astra-migrate-meta-layouts":"set","ast-page-background-enabled":"default","ast-page-background-meta":{"desktop":{"background-color":"","background-image":"","background-repeat":"repeat","background-position":"center center","background-size":"auto","background-attachment":"scroll","background-type":"","background-media":"","overlay-type":"","overlay-color":"","overlay-opacity":"","overlay-gradient":""},"tablet":{"background-color":"","background-image":"","background-repeat":"repeat","background-position":"center center","background-size":"auto","background-attachment":"scroll","background-type":"","background-media":"","overlay-type":"","overlay-color":"","overlay-opacity":"","overlay-gradient":""},"mobile":{"background-color":"","background-image":"","background-repeat":"repeat","background-position":"center center","background-size":"auto","background-attachment":"scroll","background-type":"","background-media":"","overlay-type":"","overlay-color":"","overlay-opacity":"","overlay-gradient":""}},"ast-content-background-meta":{"desktop":{"background-color":"var(--ast-global-color-4)","background-image":"","background-repeat":"repeat","background-position":"center center","background-size":"auto","background-attachment":"scroll","background-type":"","background-media":"","overlay-type":"","overlay-color":"","overlay-opacity":"","overlay-gradient":""},"tablet":{"background-color":"var(--ast-global-color-4)","background-image":"","background-repeat":"repeat","background-position":"center center","background-size":"auto","background-attachment":"scroll","background-type":"","background-media":"","overlay-type":"","overlay-color":"","overlay-opacity":"","overlay-gradient":""},"mobile":{"background-color":"var(--ast-global-color-4)","background-image":"","background-repeat":"repeat","background-position":"center center","background-size":"auto","background-attachment":"scroll","background-type":"","background-media":"","overlay-type":"","overlay-color":"","overlay-opacity":"","overlay-gradient":""}}},"product_brand":[],"product_cat":[15],"product_tag":[],"class_list":{"0":"post-14454","1":"product","2":"type-product","3":"status-publish","4":"has-post-thumbnail","6":"product_cat-uncategorized","7":"desktop-align-left","8":"tablet-align-left","9":"mobile-align-left","11":"first","12":"instock","13":"shipping-taxable","14":"purchasable","15":"product-type-simple"},"acf":[],"yoast_head":"<!-- This site is optimized with the Yoast SEO plugin v27.0 - https:\/\/yoast.com\/product\/yoast-seo-wordpress\/ -->\n<title>Bado \u017eaidyn\u0117s<\/title>\n<meta name=\"description\" content=\"Laim\u0117jimas atne\u0161a \u0161lov\u0119 ir turt\u0105. Pralaim\u0117jimas mirt\u012f. Bado \u017eaidyn\u0117s prasideda. Ar \u012fmanoma i\u0161gyventi laukin\u0117je gamtoje, kai var\u017eovai stengiasi tave\" \/>\n<meta name=\"robots\" content=\"index, follow, max-snippet:-1, max-image-preview:large, max-video-preview:-1\" \/>\n<link rel=\"canonical\" href=\"https:\/\/skaitytaknyga.lt\/en\/produktas\/bado-zaidynes\/\" \/>\n<meta property=\"og:locale\" content=\"en_GB\" \/>\n<meta property=\"og:locale:alternate\" content=\"lt_LT\" \/>\n<meta property=\"og:type\" content=\"article\" \/>\n<meta property=\"og:title\" content=\"Bado \u017eaidyn\u0117s\" \/>\n<meta property=\"og:description\" content=\"Laim\u0117jimas atne\u0161a \u0161lov\u0119 ir turt\u0105. Pralaim\u0117jimas mirt\u012f. Bado \u017eaidyn\u0117s prasideda. Ar \u012fmanoma i\u0161gyventi laukin\u0117je gamtoje, kai var\u017eovai stengiasi tave\" \/>\n<meta property=\"og:url\" content=\"https:\/\/skaitytaknyga.lt\/en\/produktas\/bado-zaidynes\/\" \/>\n<meta property=\"og:site_name\" content=\"Skaitytaknyga\" \/>\n<meta property=\"article:publisher\" content=\"https:\/\/www.facebook.com\/skaitytaknyga\/\" \/>\n<meta property=\"article:modified_time\" content=\"2026-03-05T13:14:53+00:00\" \/>\n<meta property=\"og:image\" content=\"https:\/\/skaitytaknyga.lt\/wp-content\/uploads\/2024\/10\/bado-zaidynes.jpg\" \/>\n\t<meta property=\"og:image:width\" content=\"680\" \/>\n\t<meta property=\"og:image:height\" content=\"999\" \/>\n\t<meta property=\"og:image:type\" content=\"image\/jpeg\" \/>\n<meta name=\"twitter:card\" content=\"summary_large_image\" \/>\n<meta name=\"twitter:label1\" content=\"Estimated reading time\" \/>\n\t<meta name=\"twitter:data1\" content=\"1 minute\" \/>\n<script type=\"application\/ld+json\" class=\"yoast-schema-graph\">{\"@context\":\"https:\/\/schema.org\",\"@graph\":[{\"@type\":\"WebPage\",\"@id\":\"https:\/\/skaitytaknyga.lt\/produktas\/bado-zaidynes\/\",\"url\":\"https:\/\/skaitytaknyga.lt\/produktas\/bado-zaidynes\/\",\"name\":\"Bado \u017eaidyn\u0117s\",\"isPartOf\":{\"@id\":\"https:\/\/skaitytaknyga.lt\/#website\"},\"primaryImageOfPage\":{\"@id\":\"https:\/\/skaitytaknyga.lt\/produktas\/bado-zaidynes\/#primaryimage\"},\"image\":{\"@id\":\"https:\/\/skaitytaknyga.lt\/produktas\/bado-zaidynes\/#primaryimage\"},\"thumbnailUrl\":\"https:\/\/skaitytaknyga.lt\/wp-content\/uploads\/2024\/10\/bado-zaidynes.jpg\",\"datePublished\":\"2024-10-30T18:25:52+00:00\",\"dateModified\":\"2026-03-05T13:14:53+00:00\",\"description\":\"Laim\u0117jimas atne\u0161a \u0161lov\u0119 ir turt\u0105. Pralaim\u0117jimas mirt\u012f. Bado \u017eaidyn\u0117s prasideda. Ar \u012fmanoma i\u0161gyventi laukin\u0117je gamtoje, kai var\u017eovai stengiasi tave\",\"breadcrumb\":{\"@id\":\"https:\/\/skaitytaknyga.lt\/produktas\/bado-zaidynes\/#breadcrumb\"},\"inLanguage\":\"en-GB\",\"potentialAction\":[{\"@type\":\"ReadAction\",\"target\":[\"https:\/\/skaitytaknyga.lt\/produktas\/bado-zaidynes\/\"]}]},{\"@type\":\"ImageObject\",\"inLanguage\":\"en-GB\",\"@id\":\"https:\/\/skaitytaknyga.lt\/produktas\/bado-zaidynes\/#primaryimage\",\"url\":\"https:\/\/skaitytaknyga.lt\/wp-content\/uploads\/2024\/10\/bado-zaidynes.jpg\",\"contentUrl\":\"https:\/\/skaitytaknyga.lt\/wp-content\/uploads\/2024\/10\/bado-zaidynes.jpg\",\"width\":680,\"height\":999,\"caption\":\"Bado \u017eaidyn\u0117s\"},{\"@type\":\"BreadcrumbList\",\"@id\":\"https:\/\/skaitytaknyga.lt\/produktas\/bado-zaidynes\/#breadcrumb\",\"itemListElement\":[{\"@type\":\"ListItem\",\"position\":1,\"name\":\"Home\",\"item\":\"https:\/\/skaitytaknyga.lt\/\"},{\"@type\":\"ListItem\",\"position\":2,\"name\":\"Parduotuv\u0117\",\"item\":\"https:\/\/skaitytaknyga.lt\/knygu-parduotuve\/\"},{\"@type\":\"ListItem\",\"position\":3,\"name\":\"Bado \u017eaidyn\u0117s\"}]},{\"@type\":\"WebSite\",\"@id\":\"https:\/\/skaitytaknyga.lt\/#website\",\"url\":\"https:\/\/skaitytaknyga.lt\/\",\"name\":\"skaitytaknyga.lt\",\"description\":\"Skaitytaknyga.lt \u2013 tai ma\u017eas \u0161eimos verslas, kuris prasid\u0117jo nuo meil\u0117s knygoms ir siekio i\u0161gelb\u0117ti knygas nuo likimo prie konteinerio. Kas vienam nereikalingas daiktas \u2013 kitam lobis, o mes esame tarpininkai, kurie padeda abiems tapti laimingesniems ???? \u017dinome kaip nelengva i\u0161gyventi ma\u017eiems verslams, tad nuo \u0161iol, \u010dia rasite ir kit\u0173, ma\u017e\u0173 \u0161eim\u0173 versl\u0173, rank\u0173 darbo, dovan\u0173 sau ir artimiesiems.\",\"publisher\":{\"@id\":\"https:\/\/skaitytaknyga.lt\/#organization\"},\"potentialAction\":[{\"@type\":\"SearchAction\",\"target\":{\"@type\":\"EntryPoint\",\"urlTemplate\":\"https:\/\/skaitytaknyga.lt\/?s={search_term_string}\"},\"query-input\":{\"@type\":\"PropertyValueSpecification\",\"valueRequired\":true,\"valueName\":\"search_term_string\"}}],\"inLanguage\":\"en-GB\"},{\"@type\":\"Organization\",\"@id\":\"https:\/\/skaitytaknyga.lt\/#organization\",\"name\":\"skaitytaknyga.lt\",\"url\":\"https:\/\/skaitytaknyga.lt\/\",\"logo\":{\"@type\":\"ImageObject\",\"inLanguage\":\"en-GB\",\"@id\":\"https:\/\/skaitytaknyga.lt\/#\/schema\/logo\/image\/\",\"url\":\"https:\/\/skaitytaknyga.lt\/wp-content\/uploads\/2024\/05\/cropped-cropped-cropped-02_00843_jt3bggkj1j3HLc7SyY6rEUpg.jpeg\",\"contentUrl\":\"https:\/\/skaitytaknyga.lt\/wp-content\/uploads\/2024\/05\/cropped-cropped-cropped-02_00843_jt3bggkj1j3HLc7SyY6rEUpg.jpeg\",\"width\":1600,\"height\":1600,\"caption\":\"skaitytaknyga.lt\"},\"image\":{\"@id\":\"https:\/\/skaitytaknyga.lt\/#\/schema\/logo\/image\/\"},\"sameAs\":[\"https:\/\/www.facebook.com\/skaitytaknyga\/\"]}]}<\/script>\n<!-- \/ Yoast SEO plugin. -->","yoast_head_json":{"title":"Bado \u017eaidyn\u0117s","description":"Laim\u0117jimas atne\u0161a \u0161lov\u0119 ir turt\u0105. Pralaim\u0117jimas mirt\u012f. Bado \u017eaidyn\u0117s prasideda. Ar \u012fmanoma i\u0161gyventi laukin\u0117je gamtoje, kai var\u017eovai stengiasi tave","robots":{"index":"index","follow":"follow","max-snippet":"max-snippet:-1","max-image-preview":"max-image-preview:large","max-video-preview":"max-video-preview:-1"},"canonical":"https:\/\/skaitytaknyga.lt\/en\/produktas\/bado-zaidynes\/","og_locale":"en_GB","og_type":"article","og_title":"[:lt]Bado \u017eaidyn\u0117s[:] - Skaitytaknyga","og_description":"Laim\u0117jimas atne\u0161a \u0161lov\u0119 ir turt\u0105. Pralaim\u0117jimas mirt\u012f. Bado \u017eaidyn\u0117s prasideda. Ar \u012fmanoma i\u0161gyventi laukin\u0117je gamtoje, kai var\u017eovai stengiasi tave","og_url":"https:\/\/skaitytaknyga.lt\/en\/produktas\/bado-zaidynes\/","og_site_name":"Skaitytaknyga","article_publisher":"https:\/\/www.facebook.com\/skaitytaknyga\/","article_modified_time":"2026-03-05T13:14:53+00:00","og_image":[{"width":680,"height":999,"url":"https:\/\/skaitytaknyga.lt\/wp-content\/uploads\/2024\/10\/bado-zaidynes.jpg","type":"image\/jpeg"}],"twitter_card":"summary_large_image","twitter_misc":{"Estimated reading time":"1 minute"},"schema":{"@context":"https:\/\/schema.org","@graph":[{"@type":"WebPage","@id":"https:\/\/skaitytaknyga.lt\/produktas\/bado-zaidynes\/","url":"https:\/\/skaitytaknyga.lt\/produktas\/bado-zaidynes\/","name":"Bado \u017eaidyn\u0117s","isPartOf":{"@id":"https:\/\/skaitytaknyga.lt\/#website"},"primaryImageOfPage":{"@id":"https:\/\/skaitytaknyga.lt\/produktas\/bado-zaidynes\/#primaryimage"},"image":{"@id":"https:\/\/skaitytaknyga.lt\/produktas\/bado-zaidynes\/#primaryimage"},"thumbnailUrl":"https:\/\/skaitytaknyga.lt\/wp-content\/uploads\/2024\/10\/bado-zaidynes.jpg","datePublished":"2024-10-30T18:25:52+00:00","dateModified":"2026-03-05T13:14:53+00:00","description":"Laim\u0117jimas atne\u0161a \u0161lov\u0119 ir turt\u0105. Pralaim\u0117jimas mirt\u012f. Bado \u017eaidyn\u0117s prasideda. Ar \u012fmanoma i\u0161gyventi laukin\u0117je gamtoje, kai var\u017eovai stengiasi tave","breadcrumb":{"@id":"https:\/\/skaitytaknyga.lt\/produktas\/bado-zaidynes\/#breadcrumb"},"inLanguage":"en-GB","potentialAction":[{"@type":"ReadAction","target":["https:\/\/skaitytaknyga.lt\/produktas\/bado-zaidynes\/"]}]},{"@type":"ImageObject","inLanguage":"en-GB","@id":"https:\/\/skaitytaknyga.lt\/produktas\/bado-zaidynes\/#primaryimage","url":"https:\/\/skaitytaknyga.lt\/wp-content\/uploads\/2024\/10\/bado-zaidynes.jpg","contentUrl":"https:\/\/skaitytaknyga.lt\/wp-content\/uploads\/2024\/10\/bado-zaidynes.jpg","width":680,"height":999,"caption":"Bado \u017eaidyn\u0117s"},{"@type":"BreadcrumbList","@id":"https:\/\/skaitytaknyga.lt\/produktas\/bado-zaidynes\/#breadcrumb","itemListElement":[{"@type":"ListItem","position":1,"name":"Home","item":"https:\/\/skaitytaknyga.lt\/"},{"@type":"ListItem","position":2,"name":"Parduotuv\u0117","item":"https:\/\/skaitytaknyga.lt\/knygu-parduotuve\/"},{"@type":"ListItem","position":3,"name":"Bado \u017eaidyn\u0117s"}]},{"@type":"WebSite","@id":"https:\/\/skaitytaknyga.lt\/#website","url":"https:\/\/skaitytaknyga.lt\/","name":"skaitytaknyga.lt","description":"Skaitytaknyga.lt \u2013 tai ma\u017eas \u0161eimos verslas, kuris prasid\u0117jo nuo meil\u0117s knygoms ir siekio i\u0161gelb\u0117ti knygas nuo likimo prie konteinerio. Kas vienam nereikalingas daiktas \u2013 kitam lobis, o mes esame tarpininkai, kurie padeda abiems tapti laimingesniems ???? \u017dinome kaip nelengva i\u0161gyventi ma\u017eiems verslams, tad nuo \u0161iol, \u010dia rasite ir kit\u0173, ma\u017e\u0173 \u0161eim\u0173 versl\u0173, rank\u0173 darbo, dovan\u0173 sau ir artimiesiems.","publisher":{"@id":"https:\/\/skaitytaknyga.lt\/#organization"},"potentialAction":[{"@type":"SearchAction","target":{"@type":"EntryPoint","urlTemplate":"https:\/\/skaitytaknyga.lt\/?s={search_term_string}"},"query-input":{"@type":"PropertyValueSpecification","valueRequired":true,"valueName":"search_term_string"}}],"inLanguage":"en-GB"},{"@type":"Organization","@id":"https:\/\/skaitytaknyga.lt\/#organization","name":"skaitytaknyga.lt","url":"https:\/\/skaitytaknyga.lt\/","logo":{"@type":"ImageObject","inLanguage":"en-GB","@id":"https:\/\/skaitytaknyga.lt\/#\/schema\/logo\/image\/","url":"https:\/\/skaitytaknyga.lt\/wp-content\/uploads\/2024\/05\/cropped-cropped-cropped-02_00843_jt3bggkj1j3HLc7SyY6rEUpg.jpeg","contentUrl":"https:\/\/skaitytaknyga.lt\/wp-content\/uploads\/2024\/05\/cropped-cropped-cropped-02_00843_jt3bggkj1j3HLc7SyY6rEUpg.jpeg","width":1600,"height":1600,"caption":"skaitytaknyga.lt"},"image":{"@id":"https:\/\/skaitytaknyga.lt\/#\/schema\/logo\/image\/"},"sameAs":["https:\/\/www.facebook.com\/skaitytaknyga\/"]}]}},"_links":{"self":[{"href":"https:\/\/skaitytaknyga.lt\/en\/wp-json\/wp\/v2\/product\/14454","targetHints":{"allow":["GET"]}}],"collection":[{"href":"https:\/\/skaitytaknyga.lt\/en\/wp-json\/wp\/v2\/product"}],"about":[{"href":"https:\/\/skaitytaknyga.lt\/en\/wp-json\/wp\/v2\/types\/product"}],"replies":[{"embeddable":true,"href":"https:\/\/skaitytaknyga.lt\/en\/wp-json\/wp\/v2\/comments?post=14454"}],"wp:featuredmedia":[{"embeddable":true,"href":"https:\/\/skaitytaknyga.lt\/en\/wp-json\/wp\/v2\/media\/14470"}],"wp:attachment":[{"href":"https:\/\/skaitytaknyga.lt\/en\/wp-json\/wp\/v2\/media?parent=14454"}],"wp:term":[{"taxonomy":"product_brand","embeddable":true,"href":"https:\/\/skaitytaknyga.lt\/en\/wp-json\/wp\/v2\/product_brand?post=14454"},{"taxonomy":"product_cat","embeddable":true,"href":"https:\/\/skaitytaknyga.lt\/en\/wp-json\/wp\/v2\/product_cat?post=14454"},{"taxonomy":"product_tag","embeddable":true,"href":"https:\/\/skaitytaknyga.lt\/en\/wp-json\/wp\/v2\/product_tag?post=14454"}],"curies":[{"name":"wp","href":"https:\/\/api.w.org\/{rel}","templated":true}]}}