{"id":14450,"date":"2024-10-30T19:57:34","date_gmt":"2024-10-30T17:57:34","guid":{"rendered":"https:\/\/skaitytaknyga.lt\/?post_type=product&#038;p=14450"},"modified":"2024-10-31T16:31:09","modified_gmt":"2024-10-31T14:31:09","slug":"gamtos-katastrofos","status":"publish","type":"product","link":"https:\/\/skaitytaknyga.lt\/en\/produktas\/gamtos-katastrofos\/","title":{"rendered":"Gamtos katastrofos"},"content":{"rendered":"<p>Gyvenimas m\u016bs\u0173 \u017dem\u0117je n\u0117ra ramus. Ne\u012fsivaizduojamos galios slypi ne tik \u012fkaitusiose \u017dem\u0117s gelm\u0117se, bet ir j\u016brose bei vandenynuose, kuriuose da\u017enai \u0161\u0117lsta stiprios audros. Nematomos \u017dem\u0117s j\u0117gos gali netik\u0117tai sukelti daug skaud\u017ei\u0173 nelaimi\u0173. Tuomet dreba \u017eem\u0117, ugnikalniai svaidosi ugnimi ir kar\u0161ta lava, pakrantes u\u017egri\u016bva namo auk\u0161tumo bangos, li\u016btys virsta galingomis up\u0117mis, o audros grasina visk\u0105 sunaikinti.<\/p>\n<p>Apie \u0161ias gamtos katastrofas serijos &#8220;Kas yra kas&#8221; knygoje &#8220;Gamtos katastrofos&#8221; pasakoja Rainer Crummener.<\/p>\n","protected":false},"excerpt":{"rendered":"<p>Gyvenimas m\u016bs\u0173 \u017dem\u0117je n\u0117ra ramus. Ne\u012fsivaizduojamos galios slypi ne tik \u012fkaitusiose \u017dem\u0117s gelm\u0117se, bet ir j\u016brose bei vandenynuose, kuriuose da\u017enai \u0161\u0117lsta stiprios audros. Nematomos \u017dem\u0117s j\u0117gos gali netik\u0117tai sukelti daug skaud\u017ei\u0173 nelaimi\u0173. Tuomet dreba \u017eem\u0117, ugnikalniai svaidosi ugnimi ir kar\u0161ta lava, pakrantes u\u017egri\u016bva namo auk\u0161tumo bangos, li\u016btys virsta galingomis up\u0117mis, o audros grasina visk\u0105 sunaikinti. Apie \u0161ias gamtos katastrofas serijos &#8220;Kas yra kas&#8221; knygoje &#8220;Gamtos katastrofos&#8221; pasakoja Rainer Crummener.<\/p>\n","protected":false},"featured_media":14479,"comment_status":"open","ping_status":"closed","template":"","meta":{"_acf_changed":false,"site-sidebar-layout":"default","site-content-layout":"","ast-site-content-layout":"default","site-content-style":"default","site-sidebar-style":"default","ast-global-header-display":"","ast-banner-title-visibility":"","ast-main-header-display":"","ast-hfb-above-header-display":"","ast-hfb-below-header-display":"","ast-hfb-mobile-header-display":"","site-post-title":"","ast-breadcrumbs-content":"","ast-featured-img":"","footer-sml-layout":"","ast-disable-related-posts":"","theme-transparent-header-meta":"default","adv-header-id-meta":"","stick-header-meta":"","header-above-stick-meta":"","header-main-stick-meta":"","header-below-stick-meta":"","astra-migrate-meta-layouts":"set","ast-page-background-enabled":"default","ast-page-background-meta":{"desktop":{"background-color":"","background-image":"","background-repeat":"repeat","background-position":"center center","background-size":"auto","background-attachment":"scroll","background-type":"","background-media":"","overlay-type":"","overlay-color":"","overlay-opacity":"","overlay-gradient":""},"tablet":{"background-color":"","background-image":"","background-repeat":"repeat","background-position":"center center","background-size":"auto","background-attachment":"scroll","background-type":"","background-media":"","overlay-type":"","overlay-color":"","overlay-opacity":"","overlay-gradient":""},"mobile":{"background-color":"","background-image":"","background-repeat":"repeat","background-position":"center center","background-size":"auto","background-attachment":"scroll","background-type":"","background-media":"","overlay-type":"","overlay-color":"","overlay-opacity":"","overlay-gradient":""}},"ast-content-background-meta":{"desktop":{"background-color":"var(--ast-global-color-4)","background-image":"","background-repeat":"repeat","background-position":"center center","background-size":"auto","background-attachment":"scroll","background-type":"","background-media":"","overlay-type":"","overlay-color":"","overlay-opacity":"","overlay-gradient":""},"tablet":{"background-color":"var(--ast-global-color-4)","background-image":"","background-repeat":"repeat","background-position":"center center","background-size":"auto","background-attachment":"scroll","background-type":"","background-media":"","overlay-type":"","overlay-color":"","overlay-opacity":"","overlay-gradient":""},"mobile":{"background-color":"var(--ast-global-color-4)","background-image":"","background-repeat":"repeat","background-position":"center center","background-size":"auto","background-attachment":"scroll","background-type":"","background-media":"","overlay-type":"","overlay-color":"","overlay-opacity":"","overlay-gradient":""}}},"product_brand":[],"product_cat":[1023,15,35],"product_tag":[],"class_list":{"0":"post-14450","1":"product","2":"type-product","3":"status-publish","4":"has-post-thumbnail","6":"product_cat-kas-yra-kas","7":"product_cat-uncategorized","8":"product_cat-vaikams-ir-paaugliams","9":"desktop-align-left","10":"tablet-align-left","11":"mobile-align-left","13":"first","14":"instock","15":"shipping-taxable","16":"purchasable","17":"product-type-simple"},"acf":[],"yoast_head":"<!-- This site is optimized with the Yoast SEO plugin v27.0 - https:\/\/yoast.com\/product\/yoast-seo-wordpress\/ -->\n<title>Gamtos katastrofos<\/title>\n<meta name=\"description\" content=\"Gyvenimas m\u016bs\u0173 \u017dem\u0117je n\u0117ra ramus. Ne\u012fsivaizduojamos galios slypi ne tik \u012fkaitusiose \u017dem\u0117s gelm\u0117se, bet ir j\u016brose bei vandenynuose, kuriuose da\u017enai \u0161\u0117lsta\" \/>\n<meta name=\"robots\" content=\"index, follow, max-snippet:-1, max-image-preview:large, max-video-preview:-1\" \/>\n<link rel=\"canonical\" href=\"https:\/\/skaitytaknyga.lt\/en\/produktas\/gamtos-katastrofos\/\" \/>\n<meta property=\"og:locale\" content=\"en_GB\" \/>\n<meta property=\"og:locale:alternate\" content=\"lt_LT\" \/>\n<meta property=\"og:type\" content=\"article\" \/>\n<meta property=\"og:title\" content=\"Gamtos katastrofos\" \/>\n<meta property=\"og:description\" content=\"Gyvenimas m\u016bs\u0173 \u017dem\u0117je n\u0117ra ramus. Ne\u012fsivaizduojamos galios slypi ne tik \u012fkaitusiose \u017dem\u0117s gelm\u0117se, bet ir j\u016brose bei vandenynuose, kuriuose da\u017enai \u0161\u0117lsta\" \/>\n<meta property=\"og:url\" content=\"https:\/\/skaitytaknyga.lt\/en\/produktas\/gamtos-katastrofos\/\" \/>\n<meta property=\"og:site_name\" content=\"Skaitytaknyga\" \/>\n<meta property=\"article:publisher\" content=\"https:\/\/www.facebook.com\/skaitytaknyga\/\" \/>\n<meta property=\"article:modified_time\" content=\"2024-10-31T14:31:09+00:00\" \/>\n<meta property=\"og:image\" content=\"https:\/\/skaitytaknyga.lt\/wp-content\/uploads\/2024\/10\/Gamtos-katastrofos.jpg\" \/>\n\t<meta property=\"og:image:width\" content=\"338\" \/>\n\t<meta property=\"og:image:height\" content=\"450\" \/>\n\t<meta property=\"og:image:type\" content=\"image\/jpeg\" \/>\n<meta name=\"twitter:card\" content=\"summary_large_image\" \/>\n<meta name=\"twitter:label1\" content=\"Estimated reading time\" \/>\n\t<meta name=\"twitter:data1\" content=\"1 minute\" \/>\n<script type=\"application\/ld+json\" class=\"yoast-schema-graph\">{\"@context\":\"https:\/\/schema.org\",\"@graph\":[{\"@type\":\"WebPage\",\"@id\":\"https:\/\/skaitytaknyga.lt\/produktas\/gamtos-katastrofos\/\",\"url\":\"https:\/\/skaitytaknyga.lt\/produktas\/gamtos-katastrofos\/\",\"name\":\"Gamtos katastrofos\",\"isPartOf\":{\"@id\":\"https:\/\/skaitytaknyga.lt\/#website\"},\"primaryImageOfPage\":{\"@id\":\"https:\/\/skaitytaknyga.lt\/produktas\/gamtos-katastrofos\/#primaryimage\"},\"image\":{\"@id\":\"https:\/\/skaitytaknyga.lt\/produktas\/gamtos-katastrofos\/#primaryimage\"},\"thumbnailUrl\":\"https:\/\/skaitytaknyga.lt\/wp-content\/uploads\/2024\/10\/Gamtos-katastrofos.jpg\",\"datePublished\":\"2024-10-30T17:57:34+00:00\",\"dateModified\":\"2024-10-31T14:31:09+00:00\",\"description\":\"Gyvenimas m\u016bs\u0173 \u017dem\u0117je n\u0117ra ramus. Ne\u012fsivaizduojamos galios slypi ne tik \u012fkaitusiose \u017dem\u0117s gelm\u0117se, bet ir j\u016brose bei vandenynuose, kuriuose da\u017enai \u0161\u0117lsta\",\"breadcrumb\":{\"@id\":\"https:\/\/skaitytaknyga.lt\/produktas\/gamtos-katastrofos\/#breadcrumb\"},\"inLanguage\":\"en-GB\",\"potentialAction\":[{\"@type\":\"ReadAction\",\"target\":[\"https:\/\/skaitytaknyga.lt\/produktas\/gamtos-katastrofos\/\"]}]},{\"@type\":\"ImageObject\",\"inLanguage\":\"en-GB\",\"@id\":\"https:\/\/skaitytaknyga.lt\/produktas\/gamtos-katastrofos\/#primaryimage\",\"url\":\"https:\/\/skaitytaknyga.lt\/wp-content\/uploads\/2024\/10\/Gamtos-katastrofos.jpg\",\"contentUrl\":\"https:\/\/skaitytaknyga.lt\/wp-content\/uploads\/2024\/10\/Gamtos-katastrofos.jpg\",\"width\":338,\"height\":450,\"caption\":\"Gamtos katastrofos\"},{\"@type\":\"BreadcrumbList\",\"@id\":\"https:\/\/skaitytaknyga.lt\/produktas\/gamtos-katastrofos\/#breadcrumb\",\"itemListElement\":[{\"@type\":\"ListItem\",\"position\":1,\"name\":\"Home\",\"item\":\"https:\/\/skaitytaknyga.lt\/\"},{\"@type\":\"ListItem\",\"position\":2,\"name\":\"Parduotuv\u0117\",\"item\":\"https:\/\/skaitytaknyga.lt\/knygu-parduotuve\/\"},{\"@type\":\"ListItem\",\"position\":3,\"name\":\"Gamtos katastrofos\"}]},{\"@type\":\"WebSite\",\"@id\":\"https:\/\/skaitytaknyga.lt\/#website\",\"url\":\"https:\/\/skaitytaknyga.lt\/\",\"name\":\"skaitytaknyga.lt\",\"description\":\"Skaitytaknyga.lt \u2013 tai ma\u017eas \u0161eimos verslas, kuris prasid\u0117jo nuo meil\u0117s knygoms ir siekio i\u0161gelb\u0117ti knygas nuo likimo prie konteinerio. Kas vienam nereikalingas daiktas \u2013 kitam lobis, o mes esame tarpininkai, kurie padeda abiems tapti laimingesniems ???? \u017dinome kaip nelengva i\u0161gyventi ma\u017eiems verslams, tad nuo \u0161iol, \u010dia rasite ir kit\u0173, ma\u017e\u0173 \u0161eim\u0173 versl\u0173, rank\u0173 darbo, dovan\u0173 sau ir artimiesiems.\",\"publisher\":{\"@id\":\"https:\/\/skaitytaknyga.lt\/#organization\"},\"potentialAction\":[{\"@type\":\"SearchAction\",\"target\":{\"@type\":\"EntryPoint\",\"urlTemplate\":\"https:\/\/skaitytaknyga.lt\/?s={search_term_string}\"},\"query-input\":{\"@type\":\"PropertyValueSpecification\",\"valueRequired\":true,\"valueName\":\"search_term_string\"}}],\"inLanguage\":\"en-GB\"},{\"@type\":\"Organization\",\"@id\":\"https:\/\/skaitytaknyga.lt\/#organization\",\"name\":\"skaitytaknyga.lt\",\"url\":\"https:\/\/skaitytaknyga.lt\/\",\"logo\":{\"@type\":\"ImageObject\",\"inLanguage\":\"en-GB\",\"@id\":\"https:\/\/skaitytaknyga.lt\/#\/schema\/logo\/image\/\",\"url\":\"https:\/\/skaitytaknyga.lt\/wp-content\/uploads\/2024\/05\/cropped-cropped-cropped-02_00843_jt3bggkj1j3HLc7SyY6rEUpg.jpeg\",\"contentUrl\":\"https:\/\/skaitytaknyga.lt\/wp-content\/uploads\/2024\/05\/cropped-cropped-cropped-02_00843_jt3bggkj1j3HLc7SyY6rEUpg.jpeg\",\"width\":1600,\"height\":1600,\"caption\":\"skaitytaknyga.lt\"},\"image\":{\"@id\":\"https:\/\/skaitytaknyga.lt\/#\/schema\/logo\/image\/\"},\"sameAs\":[\"https:\/\/www.facebook.com\/skaitytaknyga\/\"]}]}<\/script>\n<!-- \/ Yoast SEO plugin. -->","yoast_head_json":{"title":"Gamtos katastrofos","description":"Gyvenimas m\u016bs\u0173 \u017dem\u0117je n\u0117ra ramus. Ne\u012fsivaizduojamos galios slypi ne tik \u012fkaitusiose \u017dem\u0117s gelm\u0117se, bet ir j\u016brose bei vandenynuose, kuriuose da\u017enai \u0161\u0117lsta","robots":{"index":"index","follow":"follow","max-snippet":"max-snippet:-1","max-image-preview":"max-image-preview:large","max-video-preview":"max-video-preview:-1"},"canonical":"https:\/\/skaitytaknyga.lt\/en\/produktas\/gamtos-katastrofos\/","og_locale":"en_GB","og_type":"article","og_title":"[:lt]Gamtos katastrofos[:] - Skaitytaknyga","og_description":"Gyvenimas m\u016bs\u0173 \u017dem\u0117je n\u0117ra ramus. Ne\u012fsivaizduojamos galios slypi ne tik \u012fkaitusiose \u017dem\u0117s gelm\u0117se, bet ir j\u016brose bei vandenynuose, kuriuose da\u017enai \u0161\u0117lsta","og_url":"https:\/\/skaitytaknyga.lt\/en\/produktas\/gamtos-katastrofos\/","og_site_name":"Skaitytaknyga","article_publisher":"https:\/\/www.facebook.com\/skaitytaknyga\/","article_modified_time":"2024-10-31T14:31:09+00:00","og_image":[{"width":338,"height":450,"url":"https:\/\/skaitytaknyga.lt\/wp-content\/uploads\/2024\/10\/Gamtos-katastrofos.jpg","type":"image\/jpeg"}],"twitter_card":"summary_large_image","twitter_misc":{"Estimated reading time":"1 minute"},"schema":{"@context":"https:\/\/schema.org","@graph":[{"@type":"WebPage","@id":"https:\/\/skaitytaknyga.lt\/produktas\/gamtos-katastrofos\/","url":"https:\/\/skaitytaknyga.lt\/produktas\/gamtos-katastrofos\/","name":"Gamtos katastrofos","isPartOf":{"@id":"https:\/\/skaitytaknyga.lt\/#website"},"primaryImageOfPage":{"@id":"https:\/\/skaitytaknyga.lt\/produktas\/gamtos-katastrofos\/#primaryimage"},"image":{"@id":"https:\/\/skaitytaknyga.lt\/produktas\/gamtos-katastrofos\/#primaryimage"},"thumbnailUrl":"https:\/\/skaitytaknyga.lt\/wp-content\/uploads\/2024\/10\/Gamtos-katastrofos.jpg","datePublished":"2024-10-30T17:57:34+00:00","dateModified":"2024-10-31T14:31:09+00:00","description":"Gyvenimas m\u016bs\u0173 \u017dem\u0117je n\u0117ra ramus. Ne\u012fsivaizduojamos galios slypi ne tik \u012fkaitusiose \u017dem\u0117s gelm\u0117se, bet ir j\u016brose bei vandenynuose, kuriuose da\u017enai \u0161\u0117lsta","breadcrumb":{"@id":"https:\/\/skaitytaknyga.lt\/produktas\/gamtos-katastrofos\/#breadcrumb"},"inLanguage":"en-GB","potentialAction":[{"@type":"ReadAction","target":["https:\/\/skaitytaknyga.lt\/produktas\/gamtos-katastrofos\/"]}]},{"@type":"ImageObject","inLanguage":"en-GB","@id":"https:\/\/skaitytaknyga.lt\/produktas\/gamtos-katastrofos\/#primaryimage","url":"https:\/\/skaitytaknyga.lt\/wp-content\/uploads\/2024\/10\/Gamtos-katastrofos.jpg","contentUrl":"https:\/\/skaitytaknyga.lt\/wp-content\/uploads\/2024\/10\/Gamtos-katastrofos.jpg","width":338,"height":450,"caption":"Gamtos katastrofos"},{"@type":"BreadcrumbList","@id":"https:\/\/skaitytaknyga.lt\/produktas\/gamtos-katastrofos\/#breadcrumb","itemListElement":[{"@type":"ListItem","position":1,"name":"Home","item":"https:\/\/skaitytaknyga.lt\/"},{"@type":"ListItem","position":2,"name":"Parduotuv\u0117","item":"https:\/\/skaitytaknyga.lt\/knygu-parduotuve\/"},{"@type":"ListItem","position":3,"name":"Gamtos katastrofos"}]},{"@type":"WebSite","@id":"https:\/\/skaitytaknyga.lt\/#website","url":"https:\/\/skaitytaknyga.lt\/","name":"skaitytaknyga.lt","description":"Skaitytaknyga.lt \u2013 tai ma\u017eas \u0161eimos verslas, kuris prasid\u0117jo nuo meil\u0117s knygoms ir siekio i\u0161gelb\u0117ti knygas nuo likimo prie konteinerio. Kas vienam nereikalingas daiktas \u2013 kitam lobis, o mes esame tarpininkai, kurie padeda abiems tapti laimingesniems ???? \u017dinome kaip nelengva i\u0161gyventi ma\u017eiems verslams, tad nuo \u0161iol, \u010dia rasite ir kit\u0173, ma\u017e\u0173 \u0161eim\u0173 versl\u0173, rank\u0173 darbo, dovan\u0173 sau ir artimiesiems.","publisher":{"@id":"https:\/\/skaitytaknyga.lt\/#organization"},"potentialAction":[{"@type":"SearchAction","target":{"@type":"EntryPoint","urlTemplate":"https:\/\/skaitytaknyga.lt\/?s={search_term_string}"},"query-input":{"@type":"PropertyValueSpecification","valueRequired":true,"valueName":"search_term_string"}}],"inLanguage":"en-GB"},{"@type":"Organization","@id":"https:\/\/skaitytaknyga.lt\/#organization","name":"skaitytaknyga.lt","url":"https:\/\/skaitytaknyga.lt\/","logo":{"@type":"ImageObject","inLanguage":"en-GB","@id":"https:\/\/skaitytaknyga.lt\/#\/schema\/logo\/image\/","url":"https:\/\/skaitytaknyga.lt\/wp-content\/uploads\/2024\/05\/cropped-cropped-cropped-02_00843_jt3bggkj1j3HLc7SyY6rEUpg.jpeg","contentUrl":"https:\/\/skaitytaknyga.lt\/wp-content\/uploads\/2024\/05\/cropped-cropped-cropped-02_00843_jt3bggkj1j3HLc7SyY6rEUpg.jpeg","width":1600,"height":1600,"caption":"skaitytaknyga.lt"},"image":{"@id":"https:\/\/skaitytaknyga.lt\/#\/schema\/logo\/image\/"},"sameAs":["https:\/\/www.facebook.com\/skaitytaknyga\/"]}]}},"_links":{"self":[{"href":"https:\/\/skaitytaknyga.lt\/en\/wp-json\/wp\/v2\/product\/14450","targetHints":{"allow":["GET"]}}],"collection":[{"href":"https:\/\/skaitytaknyga.lt\/en\/wp-json\/wp\/v2\/product"}],"about":[{"href":"https:\/\/skaitytaknyga.lt\/en\/wp-json\/wp\/v2\/types\/product"}],"replies":[{"embeddable":true,"href":"https:\/\/skaitytaknyga.lt\/en\/wp-json\/wp\/v2\/comments?post=14450"}],"wp:featuredmedia":[{"embeddable":true,"href":"https:\/\/skaitytaknyga.lt\/en\/wp-json\/wp\/v2\/media\/14479"}],"wp:attachment":[{"href":"https:\/\/skaitytaknyga.lt\/en\/wp-json\/wp\/v2\/media?parent=14450"}],"wp:term":[{"taxonomy":"product_brand","embeddable":true,"href":"https:\/\/skaitytaknyga.lt\/en\/wp-json\/wp\/v2\/product_brand?post=14450"},{"taxonomy":"product_cat","embeddable":true,"href":"https:\/\/skaitytaknyga.lt\/en\/wp-json\/wp\/v2\/product_cat?post=14450"},{"taxonomy":"product_tag","embeddable":true,"href":"https:\/\/skaitytaknyga.lt\/en\/wp-json\/wp\/v2\/product_tag?post=14450"}],"curies":[{"name":"wp","href":"https:\/\/api.w.org\/{rel}","templated":true}]}}