{"id":14433,"date":"2024-10-26T15:41:11","date_gmt":"2024-10-26T12:41:11","guid":{"rendered":"https:\/\/skaitytaknyga.lt\/?post_type=product&#038;p=14433"},"modified":"2025-06-26T15:36:59","modified_gmt":"2025-06-26T12:36:59","slug":"kazys-bradunas-archyvai","status":"publish","type":"product","link":"https:\/\/skaitytaknyga.lt\/en\/produktas\/kazys-bradunas-archyvai\/","title":{"rendered":"Kazys Brad\u016bnas. Archyvai"},"content":{"rendered":"<p>Knygoje \u201eKazys Brad\u016bnas. Archyvai\u201c pristatomas Nacionalin\u0117s premijos laureato, poeto, redaktoriaus, \u017eeminink\u0173 lankinink\u0173 kartos atstovo Kazio Brad\u016bno (1917\u20132009) gyvenimas ir k\u016bryba.<\/p>\n<p>Pasitelkus leidinyje skelbiamas unikalias archyvalijas, esan\u010dias K. Brad\u016bno ir kit\u0173 i\u0161eivi\u0173 ra\u0161ytoj\u0173 rinkiniuose bei dukros Elenos Aglinskien\u0117s paskolint\u0105 T\u0117v\u0173 namuose, Vilniuje, likusi\u0105 med\u017eiag\u0105: nuotraukas, dokumentus, epistolin\u012f palikim\u0105, rankra\u0161\u010dius, knygas, spaudinius \u2013 atskleid\u017eiama poeto asmeninio ir k\u016brybinio kelio raida istoriniame kontekste, individualios b\u016bties pl\u0117tojimo perspektyvos bei tarpusavio santykiai su kitais \u017emon\u0117mis. Pateikti iki \u0161iol ma\u017eai \u017einomi K. Brad\u016bno biografijos faktai, i\u0161ry\u0161kinti pasaul\u0117\u017ei\u016bros ypatumai.<\/p>\n<p>Cituojami ra\u0161ytoj\u0173, literat\u016bros kritik\u0173 lai\u0161kai, straipsniai leid\u017eia i\u0161 ar\u010diau pa\u017einti ne tik K. Brad\u016bno, bet ir kit\u0173 i\u0161eivijos k\u016br\u0117j\u0173 asmenybes, kult\u016brin\u0119, literat\u016brin\u0119 bei visuomenin\u0119 aplink\u0105.<\/p>\n<p>\u0160i knyga tur\u0117t\u0173 b\u016bti \u012fdomi ir naudinga studijuojantiems literat\u016br\u0105, lituanistams bei kult\u016bra besidomintiems \u017emon\u0117ms.<\/p>\n<ul class=\"about-product d-none d-xl-block mt-4\">\n<li><strong>Autorius:<\/strong>\u00a0Maironio lietuvi\u0173 literat\u016bros muziejus<\/li>\n<li><strong>Leid\u0117jas:<\/strong>\u00a0Maironio lietuvi\u0173 literat\u016bros muziejus<\/li>\n<li><strong>Metai:<\/strong>\u00a02016<\/li>\n<li><strong>Puslapiai:<\/strong>\u00a0280<\/li>\n<li class=\"toggleable type-new-formats \"><strong>ISBN:<\/strong>\u00a09789955711285<\/li>\n<li class=\"toggleable type-new-formats \"><strong>Formatas:<\/strong>\u00a021 x 29,5 x 1,6 cm, mink\u0161ti vir\u0161eliai<\/li>\n<li><strong>Kalba:<\/strong>\u00a0Lietuvi\u0173<\/li>\n<\/ul>\n","protected":false},"excerpt":{"rendered":"<p>Knygoje \u201eKazys Brad\u016bnas. Archyvai\u201c pristatomas Nacionalin\u0117s premijos laureato, poeto, redaktoriaus, \u017eeminink\u0173 lankinink\u0173 kartos atstovo Kazio Brad\u016bno (1917\u20132009) gyvenimas ir k\u016bryba. Pasitelkus leidinyje skelbiamas unikalias archyvalijas, esan\u010dias K. Brad\u016bno ir kit\u0173 i\u0161eivi\u0173 ra\u0161ytoj\u0173 rinkiniuose bei dukros Elenos Aglinskien\u0117s paskolint\u0105 T\u0117v\u0173 namuose, Vilniuje, likusi\u0105 med\u017eiag\u0105: nuotraukas, dokumentus, epistolin\u012f palikim\u0105, rankra\u0161\u010dius, knygas, spaudinius \u2013 atskleid\u017eiama poeto asmeninio ir k\u016brybinio kelio raida istoriniame kontekste, individualios b\u016bties pl\u0117tojimo perspektyvos bei tarpusavio santykiai su kitais \u017emon\u0117mis. Pateikti iki \u0161iol ma\u017eai \u017einomi K. Brad\u016bno biografijos faktai, i\u0161ry\u0161kinti pasaul\u0117\u017ei\u016bros ypatumai. Cituojami ra\u0161ytoj\u0173, literat\u016bros kritik\u0173 lai\u0161kai, straipsniai leid\u017eia i\u0161 ar\u010diau pa\u017einti ne tik K. Brad\u016bno, bet ir kit\u0173 i\u0161eivijos k\u016br\u0117j\u0173 asmenybes, kult\u016brin\u0119, literat\u016brin\u0119 bei visuomenin\u0119 aplink\u0105. \u0160i knyga tur\u0117t\u0173 b\u016bti \u012fdomi ir naudinga studijuojantiems literat\u016br\u0105, lituanistams bei kult\u016bra besidomintiems \u017emon\u0117ms. Autorius:\u00a0Maironio lietuvi\u0173 literat\u016bros muziejus Leid\u0117jas:\u00a0Maironio lietuvi\u0173 literat\u016bros muziejus Metai:\u00a02016 Puslapiai:\u00a0280 ISBN:\u00a09789955711285 Formatas:\u00a021 x 29,5 x 1,6 cm, mink\u0161ti vir\u0161eliai Kalba:\u00a0Lietuvi\u0173<\/p>\n","protected":false},"featured_media":14442,"comment_status":"open","ping_status":"closed","template":"","meta":{"_acf_changed":false,"site-sidebar-layout":"default","site-content-layout":"","ast-site-content-layout":"default","site-content-style":"default","site-sidebar-style":"default","ast-global-header-display":"","ast-banner-title-visibility":"","ast-main-header-display":"","ast-hfb-above-header-display":"","ast-hfb-below-header-display":"","ast-hfb-mobile-header-display":"","site-post-title":"","ast-breadcrumbs-content":"","ast-featured-img":"","footer-sml-layout":"","ast-disable-related-posts":"","theme-transparent-header-meta":"default","adv-header-id-meta":"","stick-header-meta":"","header-above-stick-meta":"","header-main-stick-meta":"","header-below-stick-meta":"","astra-migrate-meta-layouts":"set","ast-page-background-enabled":"default","ast-page-background-meta":{"desktop":{"background-color":"","background-image":"","background-repeat":"repeat","background-position":"center center","background-size":"auto","background-attachment":"scroll","background-type":"","background-media":"","overlay-type":"","overlay-color":"","overlay-opacity":"","overlay-gradient":""},"tablet":{"background-color":"","background-image":"","background-repeat":"repeat","background-position":"center center","background-size":"auto","background-attachment":"scroll","background-type":"","background-media":"","overlay-type":"","overlay-color":"","overlay-opacity":"","overlay-gradient":""},"mobile":{"background-color":"","background-image":"","background-repeat":"repeat","background-position":"center center","background-size":"auto","background-attachment":"scroll","background-type":"","background-media":"","overlay-type":"","overlay-color":"","overlay-opacity":"","overlay-gradient":""}},"ast-content-background-meta":{"desktop":{"background-color":"var(--ast-global-color-4)","background-image":"","background-repeat":"repeat","background-position":"center center","background-size":"auto","background-attachment":"scroll","background-type":"","background-media":"","overlay-type":"","overlay-color":"","overlay-opacity":"","overlay-gradient":""},"tablet":{"background-color":"var(--ast-global-color-4)","background-image":"","background-repeat":"repeat","background-position":"center center","background-size":"auto","background-attachment":"scroll","background-type":"","background-media":"","overlay-type":"","overlay-color":"","overlay-opacity":"","overlay-gradient":""},"mobile":{"background-color":"var(--ast-global-color-4)","background-image":"","background-repeat":"repeat","background-position":"center center","background-size":"auto","background-attachment":"scroll","background-type":"","background-media":"","overlay-type":"","overlay-color":"","overlay-opacity":"","overlay-gradient":""}}},"product_brand":[],"product_cat":[33,15],"product_tag":[5815,4442,2376,1492,5816,1809],"class_list":{"0":"post-14433","1":"product","2":"type-product","3":"status-publish","4":"has-post-thumbnail","6":"product_cat-biografijos","7":"product_cat-uncategorized","8":"product_tag-archyvai","9":"product_tag-iseivija","10":"product_tag-kultura","11":"product_tag-literatura","12":"product_tag-maironio-lietuviu-literaturos-muziejus","13":"product_tag-poezija","14":"desktop-align-left","15":"tablet-align-left","16":"mobile-align-left","18":"first","19":"instock","20":"shipping-taxable","21":"purchasable","22":"product-type-simple"},"acf":[],"yoast_head":"<!-- This site is optimized with the Yoast SEO plugin v27.0 - https:\/\/yoast.com\/product\/yoast-seo-wordpress\/ -->\n<title>Kazys Brad\u016bnas. Archyvai<\/title>\n<meta name=\"description\" content=\"Knygoje \u201eKazys Brad\u016bnas. Archyvai\u201c pristatomas Nacionalin\u0117s premijos laureato, poeto, redaktoriaus, \u017eeminink\u0173 lankinink\u0173 kartos atstovo Kazio Brad\u016bno\" \/>\n<meta name=\"robots\" content=\"index, follow, max-snippet:-1, max-image-preview:large, max-video-preview:-1\" \/>\n<link rel=\"canonical\" href=\"https:\/\/skaitytaknyga.lt\/en\/produktas\/kazys-bradunas-archyvai\/\" \/>\n<meta property=\"og:locale\" content=\"en_GB\" \/>\n<meta property=\"og:locale:alternate\" content=\"lt_LT\" \/>\n<meta property=\"og:type\" content=\"article\" \/>\n<meta property=\"og:title\" content=\"Kazys Brad\u016bnas. Archyvai\" \/>\n<meta property=\"og:description\" content=\"Knygoje \u201eKazys Brad\u016bnas. Archyvai\u201c pristatomas Nacionalin\u0117s premijos laureato, poeto, redaktoriaus, \u017eeminink\u0173 lankinink\u0173 kartos atstovo Kazio Brad\u016bno\" \/>\n<meta property=\"og:url\" content=\"https:\/\/skaitytaknyga.lt\/en\/produktas\/kazys-bradunas-archyvai\/\" \/>\n<meta property=\"og:site_name\" content=\"Skaitytaknyga\" \/>\n<meta property=\"article:publisher\" content=\"https:\/\/www.facebook.com\/skaitytaknyga\/\" \/>\n<meta property=\"article:modified_time\" content=\"2025-06-26T12:36:59+00:00\" \/>\n<meta property=\"og:image\" content=\"https:\/\/skaitytaknyga.lt\/wp-content\/uploads\/2024\/10\/Kazys-Bradunas.-Archyvai.webp\" \/>\n\t<meta property=\"og:image:width\" content=\"572\" \/>\n\t<meta property=\"og:image:height\" content=\"796\" \/>\n\t<meta property=\"og:image:type\" content=\"image\/webp\" \/>\n<meta name=\"twitter:card\" content=\"summary_large_image\" \/>\n<meta name=\"twitter:label1\" content=\"Estimated reading time\" \/>\n\t<meta name=\"twitter:data1\" content=\"2 minutes\" \/>\n<script type=\"application\/ld+json\" class=\"yoast-schema-graph\">{\"@context\":\"https:\/\/schema.org\",\"@graph\":[{\"@type\":\"WebPage\",\"@id\":\"https:\/\/skaitytaknyga.lt\/produktas\/kazys-bradunas-archyvai\/\",\"url\":\"https:\/\/skaitytaknyga.lt\/produktas\/kazys-bradunas-archyvai\/\",\"name\":\"Kazys Brad\u016bnas. Archyvai\",\"isPartOf\":{\"@id\":\"https:\/\/skaitytaknyga.lt\/#website\"},\"primaryImageOfPage\":{\"@id\":\"https:\/\/skaitytaknyga.lt\/produktas\/kazys-bradunas-archyvai\/#primaryimage\"},\"image\":{\"@id\":\"https:\/\/skaitytaknyga.lt\/produktas\/kazys-bradunas-archyvai\/#primaryimage\"},\"thumbnailUrl\":\"https:\/\/skaitytaknyga.lt\/wp-content\/uploads\/2024\/10\/Kazys-Bradunas.-Archyvai.webp\",\"datePublished\":\"2024-10-26T12:41:11+00:00\",\"dateModified\":\"2025-06-26T12:36:59+00:00\",\"description\":\"Knygoje \u201eKazys Brad\u016bnas. Archyvai\u201c pristatomas Nacionalin\u0117s premijos laureato, poeto, redaktoriaus, \u017eeminink\u0173 lankinink\u0173 kartos atstovo Kazio Brad\u016bno\",\"breadcrumb\":{\"@id\":\"https:\/\/skaitytaknyga.lt\/produktas\/kazys-bradunas-archyvai\/#breadcrumb\"},\"inLanguage\":\"en-GB\",\"potentialAction\":[{\"@type\":\"ReadAction\",\"target\":[\"https:\/\/skaitytaknyga.lt\/produktas\/kazys-bradunas-archyvai\/\"]}]},{\"@type\":\"ImageObject\",\"inLanguage\":\"en-GB\",\"@id\":\"https:\/\/skaitytaknyga.lt\/produktas\/kazys-bradunas-archyvai\/#primaryimage\",\"url\":\"https:\/\/skaitytaknyga.lt\/wp-content\/uploads\/2024\/10\/Kazys-Bradunas.-Archyvai.webp\",\"contentUrl\":\"https:\/\/skaitytaknyga.lt\/wp-content\/uploads\/2024\/10\/Kazys-Bradunas.-Archyvai.webp\",\"width\":572,\"height\":796,\"caption\":\"Kazys Brad\u016bnas. Archyvai\"},{\"@type\":\"BreadcrumbList\",\"@id\":\"https:\/\/skaitytaknyga.lt\/produktas\/kazys-bradunas-archyvai\/#breadcrumb\",\"itemListElement\":[{\"@type\":\"ListItem\",\"position\":1,\"name\":\"Home\",\"item\":\"https:\/\/skaitytaknyga.lt\/\"},{\"@type\":\"ListItem\",\"position\":2,\"name\":\"Parduotuv\u0117\",\"item\":\"https:\/\/skaitytaknyga.lt\/knygu-parduotuve\/\"},{\"@type\":\"ListItem\",\"position\":3,\"name\":\"Kazys Brad\u016bnas. Archyvai\"}]},{\"@type\":\"WebSite\",\"@id\":\"https:\/\/skaitytaknyga.lt\/#website\",\"url\":\"https:\/\/skaitytaknyga.lt\/\",\"name\":\"skaitytaknyga.lt\",\"description\":\"Skaitytaknyga.lt \u2013 tai ma\u017eas \u0161eimos verslas, kuris prasid\u0117jo nuo meil\u0117s knygoms ir siekio i\u0161gelb\u0117ti knygas nuo likimo prie konteinerio. Kas vienam nereikalingas daiktas \u2013 kitam lobis, o mes esame tarpininkai, kurie padeda abiems tapti laimingesniems ???? \u017dinome kaip nelengva i\u0161gyventi ma\u017eiems verslams, tad nuo \u0161iol, \u010dia rasite ir kit\u0173, ma\u017e\u0173 \u0161eim\u0173 versl\u0173, rank\u0173 darbo, dovan\u0173 sau ir artimiesiems.\",\"publisher\":{\"@id\":\"https:\/\/skaitytaknyga.lt\/#organization\"},\"potentialAction\":[{\"@type\":\"SearchAction\",\"target\":{\"@type\":\"EntryPoint\",\"urlTemplate\":\"https:\/\/skaitytaknyga.lt\/?s={search_term_string}\"},\"query-input\":{\"@type\":\"PropertyValueSpecification\",\"valueRequired\":true,\"valueName\":\"search_term_string\"}}],\"inLanguage\":\"en-GB\"},{\"@type\":\"Organization\",\"@id\":\"https:\/\/skaitytaknyga.lt\/#organization\",\"name\":\"skaitytaknyga.lt\",\"url\":\"https:\/\/skaitytaknyga.lt\/\",\"logo\":{\"@type\":\"ImageObject\",\"inLanguage\":\"en-GB\",\"@id\":\"https:\/\/skaitytaknyga.lt\/#\/schema\/logo\/image\/\",\"url\":\"https:\/\/skaitytaknyga.lt\/wp-content\/uploads\/2024\/05\/cropped-cropped-cropped-02_00843_jt3bggkj1j3HLc7SyY6rEUpg.jpeg\",\"contentUrl\":\"https:\/\/skaitytaknyga.lt\/wp-content\/uploads\/2024\/05\/cropped-cropped-cropped-02_00843_jt3bggkj1j3HLc7SyY6rEUpg.jpeg\",\"width\":1600,\"height\":1600,\"caption\":\"skaitytaknyga.lt\"},\"image\":{\"@id\":\"https:\/\/skaitytaknyga.lt\/#\/schema\/logo\/image\/\"},\"sameAs\":[\"https:\/\/www.facebook.com\/skaitytaknyga\/\"]}]}<\/script>\n<!-- \/ Yoast SEO plugin. -->","yoast_head_json":{"title":"Kazys Brad\u016bnas. Archyvai","description":"Knygoje \u201eKazys Brad\u016bnas. Archyvai\u201c pristatomas Nacionalin\u0117s premijos laureato, poeto, redaktoriaus, \u017eeminink\u0173 lankinink\u0173 kartos atstovo Kazio Brad\u016bno","robots":{"index":"index","follow":"follow","max-snippet":"max-snippet:-1","max-image-preview":"max-image-preview:large","max-video-preview":"max-video-preview:-1"},"canonical":"https:\/\/skaitytaknyga.lt\/en\/produktas\/kazys-bradunas-archyvai\/","og_locale":"en_GB","og_type":"article","og_title":"[:lt]Kazys Brad\u016bnas. Archyvai[:] - Skaitytaknyga","og_description":"Knygoje \u201eKazys Brad\u016bnas. Archyvai\u201c pristatomas Nacionalin\u0117s premijos laureato, poeto, redaktoriaus, \u017eeminink\u0173 lankinink\u0173 kartos atstovo Kazio Brad\u016bno","og_url":"https:\/\/skaitytaknyga.lt\/en\/produktas\/kazys-bradunas-archyvai\/","og_site_name":"Skaitytaknyga","article_publisher":"https:\/\/www.facebook.com\/skaitytaknyga\/","article_modified_time":"2025-06-26T12:36:59+00:00","og_image":[{"width":572,"height":796,"url":"https:\/\/skaitytaknyga.lt\/wp-content\/uploads\/2024\/10\/Kazys-Bradunas.-Archyvai.webp","type":"image\/webp"}],"twitter_card":"summary_large_image","twitter_misc":{"Estimated reading time":"2 minutes"},"schema":{"@context":"https:\/\/schema.org","@graph":[{"@type":"WebPage","@id":"https:\/\/skaitytaknyga.lt\/produktas\/kazys-bradunas-archyvai\/","url":"https:\/\/skaitytaknyga.lt\/produktas\/kazys-bradunas-archyvai\/","name":"Kazys Brad\u016bnas. Archyvai","isPartOf":{"@id":"https:\/\/skaitytaknyga.lt\/#website"},"primaryImageOfPage":{"@id":"https:\/\/skaitytaknyga.lt\/produktas\/kazys-bradunas-archyvai\/#primaryimage"},"image":{"@id":"https:\/\/skaitytaknyga.lt\/produktas\/kazys-bradunas-archyvai\/#primaryimage"},"thumbnailUrl":"https:\/\/skaitytaknyga.lt\/wp-content\/uploads\/2024\/10\/Kazys-Bradunas.-Archyvai.webp","datePublished":"2024-10-26T12:41:11+00:00","dateModified":"2025-06-26T12:36:59+00:00","description":"Knygoje \u201eKazys Brad\u016bnas. Archyvai\u201c pristatomas Nacionalin\u0117s premijos laureato, poeto, redaktoriaus, \u017eeminink\u0173 lankinink\u0173 kartos atstovo Kazio Brad\u016bno","breadcrumb":{"@id":"https:\/\/skaitytaknyga.lt\/produktas\/kazys-bradunas-archyvai\/#breadcrumb"},"inLanguage":"en-GB","potentialAction":[{"@type":"ReadAction","target":["https:\/\/skaitytaknyga.lt\/produktas\/kazys-bradunas-archyvai\/"]}]},{"@type":"ImageObject","inLanguage":"en-GB","@id":"https:\/\/skaitytaknyga.lt\/produktas\/kazys-bradunas-archyvai\/#primaryimage","url":"https:\/\/skaitytaknyga.lt\/wp-content\/uploads\/2024\/10\/Kazys-Bradunas.-Archyvai.webp","contentUrl":"https:\/\/skaitytaknyga.lt\/wp-content\/uploads\/2024\/10\/Kazys-Bradunas.-Archyvai.webp","width":572,"height":796,"caption":"Kazys Brad\u016bnas. Archyvai"},{"@type":"BreadcrumbList","@id":"https:\/\/skaitytaknyga.lt\/produktas\/kazys-bradunas-archyvai\/#breadcrumb","itemListElement":[{"@type":"ListItem","position":1,"name":"Home","item":"https:\/\/skaitytaknyga.lt\/"},{"@type":"ListItem","position":2,"name":"Parduotuv\u0117","item":"https:\/\/skaitytaknyga.lt\/knygu-parduotuve\/"},{"@type":"ListItem","position":3,"name":"Kazys Brad\u016bnas. Archyvai"}]},{"@type":"WebSite","@id":"https:\/\/skaitytaknyga.lt\/#website","url":"https:\/\/skaitytaknyga.lt\/","name":"skaitytaknyga.lt","description":"Skaitytaknyga.lt \u2013 tai ma\u017eas \u0161eimos verslas, kuris prasid\u0117jo nuo meil\u0117s knygoms ir siekio i\u0161gelb\u0117ti knygas nuo likimo prie konteinerio. Kas vienam nereikalingas daiktas \u2013 kitam lobis, o mes esame tarpininkai, kurie padeda abiems tapti laimingesniems ???? \u017dinome kaip nelengva i\u0161gyventi ma\u017eiems verslams, tad nuo \u0161iol, \u010dia rasite ir kit\u0173, ma\u017e\u0173 \u0161eim\u0173 versl\u0173, rank\u0173 darbo, dovan\u0173 sau ir artimiesiems.","publisher":{"@id":"https:\/\/skaitytaknyga.lt\/#organization"},"potentialAction":[{"@type":"SearchAction","target":{"@type":"EntryPoint","urlTemplate":"https:\/\/skaitytaknyga.lt\/?s={search_term_string}"},"query-input":{"@type":"PropertyValueSpecification","valueRequired":true,"valueName":"search_term_string"}}],"inLanguage":"en-GB"},{"@type":"Organization","@id":"https:\/\/skaitytaknyga.lt\/#organization","name":"skaitytaknyga.lt","url":"https:\/\/skaitytaknyga.lt\/","logo":{"@type":"ImageObject","inLanguage":"en-GB","@id":"https:\/\/skaitytaknyga.lt\/#\/schema\/logo\/image\/","url":"https:\/\/skaitytaknyga.lt\/wp-content\/uploads\/2024\/05\/cropped-cropped-cropped-02_00843_jt3bggkj1j3HLc7SyY6rEUpg.jpeg","contentUrl":"https:\/\/skaitytaknyga.lt\/wp-content\/uploads\/2024\/05\/cropped-cropped-cropped-02_00843_jt3bggkj1j3HLc7SyY6rEUpg.jpeg","width":1600,"height":1600,"caption":"skaitytaknyga.lt"},"image":{"@id":"https:\/\/skaitytaknyga.lt\/#\/schema\/logo\/image\/"},"sameAs":["https:\/\/www.facebook.com\/skaitytaknyga\/"]}]}},"_links":{"self":[{"href":"https:\/\/skaitytaknyga.lt\/en\/wp-json\/wp\/v2\/product\/14433","targetHints":{"allow":["GET"]}}],"collection":[{"href":"https:\/\/skaitytaknyga.lt\/en\/wp-json\/wp\/v2\/product"}],"about":[{"href":"https:\/\/skaitytaknyga.lt\/en\/wp-json\/wp\/v2\/types\/product"}],"replies":[{"embeddable":true,"href":"https:\/\/skaitytaknyga.lt\/en\/wp-json\/wp\/v2\/comments?post=14433"}],"wp:featuredmedia":[{"embeddable":true,"href":"https:\/\/skaitytaknyga.lt\/en\/wp-json\/wp\/v2\/media\/14442"}],"wp:attachment":[{"href":"https:\/\/skaitytaknyga.lt\/en\/wp-json\/wp\/v2\/media?parent=14433"}],"wp:term":[{"taxonomy":"product_brand","embeddable":true,"href":"https:\/\/skaitytaknyga.lt\/en\/wp-json\/wp\/v2\/product_brand?post=14433"},{"taxonomy":"product_cat","embeddable":true,"href":"https:\/\/skaitytaknyga.lt\/en\/wp-json\/wp\/v2\/product_cat?post=14433"},{"taxonomy":"product_tag","embeddable":true,"href":"https:\/\/skaitytaknyga.lt\/en\/wp-json\/wp\/v2\/product_tag?post=14433"}],"curies":[{"name":"wp","href":"https:\/\/api.w.org\/{rel}","templated":true}]}}