{"id":14425,"date":"2024-10-26T15:41:10","date_gmt":"2024-10-26T12:41:10","guid":{"rendered":"https:\/\/skaitytaknyga.lt\/?post_type=product&#038;p=14425"},"modified":"2025-06-26T15:36:59","modified_gmt":"2025-06-26T12:36:59","slug":"henrikas-algis-cigriejus-atidaryk-kaimyne","status":"publish","type":"product","link":"https:\/\/skaitytaknyga.lt\/en\/produktas\/henrikas-algis-cigriejus-atidaryk-kaimyne\/","title":{"rendered":"Atidaryk, kaimyne"},"content":{"rendered":"<p>Serijos \u201eNacionalin\u0117s kult\u016bros ir meno premijos laureatai\u201c 16-oji knyga.\u00a0<strong>Henrikas Algis \u010cigriejus<\/strong>\u00a0\u2013 2011 met\u0173 Lietuvos respublikos nacionalin\u0117s premijos laureatas. K\u016brybos rinktin\u0117je publikuojami autoriaus atrinkti eil\u0117ra\u0161\u010diai ir novel\u0117s.<\/p>\n<p>\u201eAtrodo, kad sudaryti rinktin\u0119 \u2013 dalykas papras\u010diausias, nes viskas jau para\u0161yta. Taip tai taip, bet&#8230; \u010cia tau ne pup\u0173 atrinkin\u0117jimas i\u0161 pup\u0173 r\u0117\u010dio. O dar svarbiau \u2013 pel\u0117dai visi vaikai gra\u017e\u016bs. Savi. Po ilgesnio laikelio, kai tekstai jau \u201esusigul\u0117j\u0119\u201c ir kai i\u0161 naujo juos v\u0117l vartai, pamatai, kad ir \u0161en, ir ten gal reik\u0117jo kiek kitaip pasakyti. Taigi vis po kok\u012f \u017eodel\u012f tenka i\u0161braukti, kok\u012f prid\u0117ti. Arba pakeisti. Vienur kitur, \u017ei\u016br\u0117k, ir plunksna paslydusi \u2013 lapsus calami.<\/p>\n<p>Savo \u201era\u0161tais\u201c nieko nenor\u0117jau pa\u0161iepti \u2013 koks jau tas mano humoras, toks, bet tik humoras. O k\u0105 sako literat\u016bros estetika? Sako, kad tai draugi\u0161kas \u0161yptel\u0117jimas, tarsi norint pasakyti: visi mes tokie, i\u0161 to paties molio.<\/p>\n<p>Gana savoti\u0161kas mano eili\u0173 \u201emodernizmas\u201c, rimai (ne tokie jau ir tiksl\u016bs) i\u0161lenda kartais kaip Pilypai i\u0161 kanapi\u0173. Nerimuotam eil\u0117ra\u0161ty da\u017enai surimuoju tik paskutin\u012f posm\u0105. A\u0161tresni kritikai turi k\u0105 pasakyti. Ak, \u010dia jau j\u0173 darbas.<\/p>\n<ul class=\"about-product d-none d-xl-block mt-4\">\n<li><strong>Autorius:<\/strong>\u00a0Henrikas Algis \u010cigriejus<\/li>\n<li><strong>Leid\u0117jas:<\/strong>\u00a0Lietuvos ra\u0161ytoj\u0173 s\u0105jungos leidykla<\/li>\n<li><strong>Metai:<\/strong>\u00a02013<\/li>\n<li><strong>Puslapiai:<\/strong>\u00a0280<\/li>\n<li class=\"toggleable type-new-formats \"><strong>ISBN:<\/strong>\u00a09789986397489<\/li>\n<li><strong>Versijos kodas:<\/strong>\u00a0PT.<\/li>\n<li class=\"toggleable type-new-formats \"><strong>Formatas:<\/strong>\u00a014,5 x 25 cm, kieti vir\u0161eliai<\/li>\n<li><strong>Kalba:<\/strong>\u00a0Lietuvi\u0173<\/li>\n<\/ul>\n","protected":false},"excerpt":{"rendered":"<p>Serijos \u201eNacionalin\u0117s kult\u016bros ir meno premijos laureatai\u201c 16-oji knyga.\u00a0Henrikas Algis \u010cigriejus\u00a0\u2013 2011 met\u0173 Lietuvos respublikos nacionalin\u0117s premijos laureatas. K\u016brybos rinktin\u0117je publikuojami autoriaus atrinkti eil\u0117ra\u0161\u010diai ir novel\u0117s. \u201eAtrodo, kad sudaryti rinktin\u0119 \u2013 dalykas papras\u010diausias, nes viskas jau para\u0161yta. Taip tai taip, bet&#8230; \u010cia tau ne pup\u0173 atrinkin\u0117jimas i\u0161 pup\u0173 r\u0117\u010dio. O dar svarbiau \u2013 pel\u0117dai visi vaikai gra\u017e\u016bs. Savi. Po ilgesnio laikelio, kai tekstai jau \u201esusigul\u0117j\u0119\u201c ir kai i\u0161 naujo juos v\u0117l vartai, pamatai, kad ir \u0161en, ir ten gal reik\u0117jo kiek kitaip pasakyti. Taigi vis po kok\u012f \u017eodel\u012f tenka i\u0161braukti, kok\u012f prid\u0117ti. Arba pakeisti. Vienur kitur, \u017ei\u016br\u0117k, ir plunksna paslydusi \u2013 lapsus calami. Savo \u201era\u0161tais\u201c nieko nenor\u0117jau pa\u0161iepti \u2013 koks jau tas mano humoras, toks, bet tik humoras. O k\u0105 sako literat\u016bros estetika? Sako, kad tai draugi\u0161kas \u0161yptel\u0117jimas, tarsi norint pasakyti: visi mes tokie, i\u0161 to paties molio. Gana savoti\u0161kas mano eili\u0173 \u201emodernizmas\u201c, rimai (ne tokie jau ir tiksl\u016bs) i\u0161lenda kartais kaip Pilypai i\u0161 kanapi\u0173. Nerimuotam eil\u0117ra\u0161ty da\u017enai surimuoju tik paskutin\u012f posm\u0105. A\u0161tresni kritikai turi k\u0105 pasakyti. Ak, \u010dia jau j\u0173 darbas. Autorius:\u00a0Henrikas Algis \u010cigriejus Leid\u0117jas:\u00a0Lietuvos ra\u0161ytoj\u0173 s\u0105jungos leidykla Metai:\u00a02013 Puslapiai:\u00a0280 ISBN:\u00a09789986397489 Versijos kodas:\u00a0PT. Formatas:\u00a014,5 x 25 cm, kieti vir\u0161eliai Kalba:\u00a0Lietuvi\u0173<\/p>\n","protected":false},"featured_media":14436,"comment_status":"open","ping_status":"closed","template":"","meta":{"_acf_changed":false,"site-sidebar-layout":"default","site-content-layout":"","ast-site-content-layout":"default","site-content-style":"default","site-sidebar-style":"default","ast-global-header-display":"","ast-banner-title-visibility":"","ast-main-header-display":"","ast-hfb-above-header-display":"","ast-hfb-below-header-display":"","ast-hfb-mobile-header-display":"","site-post-title":"","ast-breadcrumbs-content":"","ast-featured-img":"","footer-sml-layout":"","ast-disable-related-posts":"","theme-transparent-header-meta":"default","adv-header-id-meta":"","stick-header-meta":"","header-above-stick-meta":"","header-main-stick-meta":"","header-below-stick-meta":"","astra-migrate-meta-layouts":"set","ast-page-background-enabled":"default","ast-page-background-meta":{"desktop":{"background-color":"","background-image":"","background-repeat":"repeat","background-position":"center center","background-size":"auto","background-attachment":"scroll","background-type":"","background-media":"","overlay-type":"","overlay-color":"","overlay-opacity":"","overlay-gradient":""},"tablet":{"background-color":"","background-image":"","background-repeat":"repeat","background-position":"center center","background-size":"auto","background-attachment":"scroll","background-type":"","background-media":"","overlay-type":"","overlay-color":"","overlay-opacity":"","overlay-gradient":""},"mobile":{"background-color":"","background-image":"","background-repeat":"repeat","background-position":"center center","background-size":"auto","background-attachment":"scroll","background-type":"","background-media":"","overlay-type":"","overlay-color":"","overlay-opacity":"","overlay-gradient":""}},"ast-content-background-meta":{"desktop":{"background-color":"var(--ast-global-color-4)","background-image":"","background-repeat":"repeat","background-position":"center center","background-size":"auto","background-attachment":"scroll","background-type":"","background-media":"","overlay-type":"","overlay-color":"","overlay-opacity":"","overlay-gradient":""},"tablet":{"background-color":"var(--ast-global-color-4)","background-image":"","background-repeat":"repeat","background-position":"center center","background-size":"auto","background-attachment":"scroll","background-type":"","background-media":"","overlay-type":"","overlay-color":"","overlay-opacity":"","overlay-gradient":""},"mobile":{"background-color":"var(--ast-global-color-4)","background-image":"","background-repeat":"repeat","background-position":"center center","background-size":"auto","background-attachment":"scroll","background-type":"","background-media":"","overlay-type":"","overlay-color":"","overlay-opacity":"","overlay-gradient":""}}},"product_brand":[],"product_cat":[15],"product_tag":[5814,1980,2810,1809],"class_list":{"0":"post-14425","1":"product","2":"type-product","3":"status-publish","4":"has-post-thumbnail","6":"product_cat-uncategorized","7":"product_tag-henrikas-algis-cigriejus","8":"product_tag-humoras","9":"product_tag-modernizmas","10":"product_tag-poezija","11":"desktop-align-left","12":"tablet-align-left","13":"mobile-align-left","15":"first","16":"instock","17":"shipping-taxable","18":"purchasable","19":"product-type-simple"},"acf":[],"yoast_head":"<!-- This site is optimized with the Yoast SEO plugin v27.0 - https:\/\/yoast.com\/product\/yoast-seo-wordpress\/ -->\n<title>Atidaryk, kaimyne<\/title>\n<meta name=\"description\" content=\"Serijos \u201eNacionalin\u0117s kult\u016bros ir meno premijos laureatai\u201c 16-oji knyga.\u00a0Henrikas Algis \u010cigriejus\u00a0\u2013 2011 met\u0173 Lietuvos respublikos nacionalin\u0117s premijos\" \/>\n<meta name=\"robots\" content=\"index, follow, max-snippet:-1, max-image-preview:large, max-video-preview:-1\" \/>\n<link rel=\"canonical\" href=\"https:\/\/skaitytaknyga.lt\/en\/produktas\/henrikas-algis-cigriejus-atidaryk-kaimyne\/\" \/>\n<meta property=\"og:locale\" content=\"en_GB\" \/>\n<meta property=\"og:locale:alternate\" content=\"lt_LT\" \/>\n<meta property=\"og:type\" content=\"article\" \/>\n<meta property=\"og:title\" content=\"Atidaryk, kaimyne\" \/>\n<meta property=\"og:description\" content=\"Serijos \u201eNacionalin\u0117s kult\u016bros ir meno premijos laureatai\u201c 16-oji knyga.\u00a0Henrikas Algis \u010cigriejus\u00a0\u2013 2011 met\u0173 Lietuvos respublikos nacionalin\u0117s premijos\" \/>\n<meta property=\"og:url\" content=\"https:\/\/skaitytaknyga.lt\/en\/produktas\/henrikas-algis-cigriejus-atidaryk-kaimyne\/\" \/>\n<meta property=\"og:site_name\" content=\"Skaitytaknyga\" \/>\n<meta property=\"article:publisher\" content=\"https:\/\/www.facebook.com\/skaitytaknyga\/\" \/>\n<meta property=\"article:modified_time\" content=\"2025-06-26T12:36:59+00:00\" \/>\n<meta property=\"og:image\" content=\"https:\/\/skaitytaknyga.lt\/wp-content\/uploads\/2024\/10\/Henrikas-Algis-Cigriejus-\u201eAtidaryk-kaimyne.webp\" \/>\n\t<meta property=\"og:image:width\" content=\"457\" \/>\n\t<meta property=\"og:image:height\" content=\"800\" \/>\n\t<meta property=\"og:image:type\" content=\"image\/webp\" \/>\n<meta name=\"twitter:card\" content=\"summary_large_image\" \/>\n<meta name=\"twitter:label1\" content=\"Estimated reading time\" \/>\n\t<meta name=\"twitter:data1\" content=\"2 minutes\" \/>\n<script type=\"application\/ld+json\" class=\"yoast-schema-graph\">{\"@context\":\"https:\/\/schema.org\",\"@graph\":[{\"@type\":\"WebPage\",\"@id\":\"https:\/\/skaitytaknyga.lt\/produktas\/henrikas-algis-cigriejus-atidaryk-kaimyne\/\",\"url\":\"https:\/\/skaitytaknyga.lt\/produktas\/henrikas-algis-cigriejus-atidaryk-kaimyne\/\",\"name\":\"Atidaryk, kaimyne\",\"isPartOf\":{\"@id\":\"https:\/\/skaitytaknyga.lt\/#website\"},\"primaryImageOfPage\":{\"@id\":\"https:\/\/skaitytaknyga.lt\/produktas\/henrikas-algis-cigriejus-atidaryk-kaimyne\/#primaryimage\"},\"image\":{\"@id\":\"https:\/\/skaitytaknyga.lt\/produktas\/henrikas-algis-cigriejus-atidaryk-kaimyne\/#primaryimage\"},\"thumbnailUrl\":\"https:\/\/skaitytaknyga.lt\/wp-content\/uploads\/2024\/10\/Henrikas-Algis-Cigriejus-\u201eAtidaryk-kaimyne.webp\",\"datePublished\":\"2024-10-26T12:41:10+00:00\",\"dateModified\":\"2025-06-26T12:36:59+00:00\",\"description\":\"Serijos \u201eNacionalin\u0117s kult\u016bros ir meno premijos laureatai\u201c 16-oji knyga.\u00a0Henrikas Algis \u010cigriejus\u00a0\u2013 2011 met\u0173 Lietuvos respublikos nacionalin\u0117s premijos\",\"breadcrumb\":{\"@id\":\"https:\/\/skaitytaknyga.lt\/produktas\/henrikas-algis-cigriejus-atidaryk-kaimyne\/#breadcrumb\"},\"inLanguage\":\"en-GB\",\"potentialAction\":[{\"@type\":\"ReadAction\",\"target\":[\"https:\/\/skaitytaknyga.lt\/produktas\/henrikas-algis-cigriejus-atidaryk-kaimyne\/\"]}]},{\"@type\":\"ImageObject\",\"inLanguage\":\"en-GB\",\"@id\":\"https:\/\/skaitytaknyga.lt\/produktas\/henrikas-algis-cigriejus-atidaryk-kaimyne\/#primaryimage\",\"url\":\"https:\/\/skaitytaknyga.lt\/wp-content\/uploads\/2024\/10\/Henrikas-Algis-Cigriejus-\u201eAtidaryk-kaimyne.webp\",\"contentUrl\":\"https:\/\/skaitytaknyga.lt\/wp-content\/uploads\/2024\/10\/Henrikas-Algis-Cigriejus-\u201eAtidaryk-kaimyne.webp\",\"width\":457,\"height\":800,\"caption\":\"Henrikas Algis \u010cigriejus \u201eAtidaryk, kaimyne\u201c\"},{\"@type\":\"BreadcrumbList\",\"@id\":\"https:\/\/skaitytaknyga.lt\/produktas\/henrikas-algis-cigriejus-atidaryk-kaimyne\/#breadcrumb\",\"itemListElement\":[{\"@type\":\"ListItem\",\"position\":1,\"name\":\"Home\",\"item\":\"https:\/\/skaitytaknyga.lt\/\"},{\"@type\":\"ListItem\",\"position\":2,\"name\":\"Parduotuv\u0117\",\"item\":\"https:\/\/skaitytaknyga.lt\/knygu-parduotuve\/\"},{\"@type\":\"ListItem\",\"position\":3,\"name\":\"Atidaryk, kaimyne\"}]},{\"@type\":\"WebSite\",\"@id\":\"https:\/\/skaitytaknyga.lt\/#website\",\"url\":\"https:\/\/skaitytaknyga.lt\/\",\"name\":\"skaitytaknyga.lt\",\"description\":\"Skaitytaknyga.lt \u2013 tai ma\u017eas \u0161eimos verslas, kuris prasid\u0117jo nuo meil\u0117s knygoms ir siekio i\u0161gelb\u0117ti knygas nuo likimo prie konteinerio. Kas vienam nereikalingas daiktas \u2013 kitam lobis, o mes esame tarpininkai, kurie padeda abiems tapti laimingesniems ???? \u017dinome kaip nelengva i\u0161gyventi ma\u017eiems verslams, tad nuo \u0161iol, \u010dia rasite ir kit\u0173, ma\u017e\u0173 \u0161eim\u0173 versl\u0173, rank\u0173 darbo, dovan\u0173 sau ir artimiesiems.\",\"publisher\":{\"@id\":\"https:\/\/skaitytaknyga.lt\/#organization\"},\"potentialAction\":[{\"@type\":\"SearchAction\",\"target\":{\"@type\":\"EntryPoint\",\"urlTemplate\":\"https:\/\/skaitytaknyga.lt\/?s={search_term_string}\"},\"query-input\":{\"@type\":\"PropertyValueSpecification\",\"valueRequired\":true,\"valueName\":\"search_term_string\"}}],\"inLanguage\":\"en-GB\"},{\"@type\":\"Organization\",\"@id\":\"https:\/\/skaitytaknyga.lt\/#organization\",\"name\":\"skaitytaknyga.lt\",\"url\":\"https:\/\/skaitytaknyga.lt\/\",\"logo\":{\"@type\":\"ImageObject\",\"inLanguage\":\"en-GB\",\"@id\":\"https:\/\/skaitytaknyga.lt\/#\/schema\/logo\/image\/\",\"url\":\"https:\/\/skaitytaknyga.lt\/wp-content\/uploads\/2024\/05\/cropped-cropped-cropped-02_00843_jt3bggkj1j3HLc7SyY6rEUpg.jpeg\",\"contentUrl\":\"https:\/\/skaitytaknyga.lt\/wp-content\/uploads\/2024\/05\/cropped-cropped-cropped-02_00843_jt3bggkj1j3HLc7SyY6rEUpg.jpeg\",\"width\":1600,\"height\":1600,\"caption\":\"skaitytaknyga.lt\"},\"image\":{\"@id\":\"https:\/\/skaitytaknyga.lt\/#\/schema\/logo\/image\/\"},\"sameAs\":[\"https:\/\/www.facebook.com\/skaitytaknyga\/\"]}]}<\/script>\n<!-- \/ Yoast SEO plugin. -->","yoast_head_json":{"title":"Atidaryk, kaimyne","description":"Serijos \u201eNacionalin\u0117s kult\u016bros ir meno premijos laureatai\u201c 16-oji knyga.\u00a0Henrikas Algis \u010cigriejus\u00a0\u2013 2011 met\u0173 Lietuvos respublikos nacionalin\u0117s premijos","robots":{"index":"index","follow":"follow","max-snippet":"max-snippet:-1","max-image-preview":"max-image-preview:large","max-video-preview":"max-video-preview:-1"},"canonical":"https:\/\/skaitytaknyga.lt\/en\/produktas\/henrikas-algis-cigriejus-atidaryk-kaimyne\/","og_locale":"en_GB","og_type":"article","og_title":"[:lt]Atidaryk, kaimyne[:] - Skaitytaknyga","og_description":"Serijos \u201eNacionalin\u0117s kult\u016bros ir meno premijos laureatai\u201c 16-oji knyga.\u00a0Henrikas Algis \u010cigriejus\u00a0\u2013 2011 met\u0173 Lietuvos respublikos nacionalin\u0117s premijos","og_url":"https:\/\/skaitytaknyga.lt\/en\/produktas\/henrikas-algis-cigriejus-atidaryk-kaimyne\/","og_site_name":"Skaitytaknyga","article_publisher":"https:\/\/www.facebook.com\/skaitytaknyga\/","article_modified_time":"2025-06-26T12:36:59+00:00","og_image":[{"width":457,"height":800,"url":"https:\/\/skaitytaknyga.lt\/wp-content\/uploads\/2024\/10\/Henrikas-Algis-Cigriejus-\u201eAtidaryk-kaimyne.webp","type":"image\/webp"}],"twitter_card":"summary_large_image","twitter_misc":{"Estimated reading time":"2 minutes"},"schema":{"@context":"https:\/\/schema.org","@graph":[{"@type":"WebPage","@id":"https:\/\/skaitytaknyga.lt\/produktas\/henrikas-algis-cigriejus-atidaryk-kaimyne\/","url":"https:\/\/skaitytaknyga.lt\/produktas\/henrikas-algis-cigriejus-atidaryk-kaimyne\/","name":"Atidaryk, kaimyne","isPartOf":{"@id":"https:\/\/skaitytaknyga.lt\/#website"},"primaryImageOfPage":{"@id":"https:\/\/skaitytaknyga.lt\/produktas\/henrikas-algis-cigriejus-atidaryk-kaimyne\/#primaryimage"},"image":{"@id":"https:\/\/skaitytaknyga.lt\/produktas\/henrikas-algis-cigriejus-atidaryk-kaimyne\/#primaryimage"},"thumbnailUrl":"https:\/\/skaitytaknyga.lt\/wp-content\/uploads\/2024\/10\/Henrikas-Algis-Cigriejus-\u201eAtidaryk-kaimyne.webp","datePublished":"2024-10-26T12:41:10+00:00","dateModified":"2025-06-26T12:36:59+00:00","description":"Serijos \u201eNacionalin\u0117s kult\u016bros ir meno premijos laureatai\u201c 16-oji knyga.\u00a0Henrikas Algis \u010cigriejus\u00a0\u2013 2011 met\u0173 Lietuvos respublikos nacionalin\u0117s premijos","breadcrumb":{"@id":"https:\/\/skaitytaknyga.lt\/produktas\/henrikas-algis-cigriejus-atidaryk-kaimyne\/#breadcrumb"},"inLanguage":"en-GB","potentialAction":[{"@type":"ReadAction","target":["https:\/\/skaitytaknyga.lt\/produktas\/henrikas-algis-cigriejus-atidaryk-kaimyne\/"]}]},{"@type":"ImageObject","inLanguage":"en-GB","@id":"https:\/\/skaitytaknyga.lt\/produktas\/henrikas-algis-cigriejus-atidaryk-kaimyne\/#primaryimage","url":"https:\/\/skaitytaknyga.lt\/wp-content\/uploads\/2024\/10\/Henrikas-Algis-Cigriejus-\u201eAtidaryk-kaimyne.webp","contentUrl":"https:\/\/skaitytaknyga.lt\/wp-content\/uploads\/2024\/10\/Henrikas-Algis-Cigriejus-\u201eAtidaryk-kaimyne.webp","width":457,"height":800,"caption":"Henrikas Algis \u010cigriejus \u201eAtidaryk, kaimyne\u201c"},{"@type":"BreadcrumbList","@id":"https:\/\/skaitytaknyga.lt\/produktas\/henrikas-algis-cigriejus-atidaryk-kaimyne\/#breadcrumb","itemListElement":[{"@type":"ListItem","position":1,"name":"Home","item":"https:\/\/skaitytaknyga.lt\/"},{"@type":"ListItem","position":2,"name":"Parduotuv\u0117","item":"https:\/\/skaitytaknyga.lt\/knygu-parduotuve\/"},{"@type":"ListItem","position":3,"name":"Atidaryk, kaimyne"}]},{"@type":"WebSite","@id":"https:\/\/skaitytaknyga.lt\/#website","url":"https:\/\/skaitytaknyga.lt\/","name":"skaitytaknyga.lt","description":"Skaitytaknyga.lt \u2013 tai ma\u017eas \u0161eimos verslas, kuris prasid\u0117jo nuo meil\u0117s knygoms ir siekio i\u0161gelb\u0117ti knygas nuo likimo prie konteinerio. Kas vienam nereikalingas daiktas \u2013 kitam lobis, o mes esame tarpininkai, kurie padeda abiems tapti laimingesniems ???? \u017dinome kaip nelengva i\u0161gyventi ma\u017eiems verslams, tad nuo \u0161iol, \u010dia rasite ir kit\u0173, ma\u017e\u0173 \u0161eim\u0173 versl\u0173, rank\u0173 darbo, dovan\u0173 sau ir artimiesiems.","publisher":{"@id":"https:\/\/skaitytaknyga.lt\/#organization"},"potentialAction":[{"@type":"SearchAction","target":{"@type":"EntryPoint","urlTemplate":"https:\/\/skaitytaknyga.lt\/?s={search_term_string}"},"query-input":{"@type":"PropertyValueSpecification","valueRequired":true,"valueName":"search_term_string"}}],"inLanguage":"en-GB"},{"@type":"Organization","@id":"https:\/\/skaitytaknyga.lt\/#organization","name":"skaitytaknyga.lt","url":"https:\/\/skaitytaknyga.lt\/","logo":{"@type":"ImageObject","inLanguage":"en-GB","@id":"https:\/\/skaitytaknyga.lt\/#\/schema\/logo\/image\/","url":"https:\/\/skaitytaknyga.lt\/wp-content\/uploads\/2024\/05\/cropped-cropped-cropped-02_00843_jt3bggkj1j3HLc7SyY6rEUpg.jpeg","contentUrl":"https:\/\/skaitytaknyga.lt\/wp-content\/uploads\/2024\/05\/cropped-cropped-cropped-02_00843_jt3bggkj1j3HLc7SyY6rEUpg.jpeg","width":1600,"height":1600,"caption":"skaitytaknyga.lt"},"image":{"@id":"https:\/\/skaitytaknyga.lt\/#\/schema\/logo\/image\/"},"sameAs":["https:\/\/www.facebook.com\/skaitytaknyga\/"]}]}},"_links":{"self":[{"href":"https:\/\/skaitytaknyga.lt\/en\/wp-json\/wp\/v2\/product\/14425","targetHints":{"allow":["GET"]}}],"collection":[{"href":"https:\/\/skaitytaknyga.lt\/en\/wp-json\/wp\/v2\/product"}],"about":[{"href":"https:\/\/skaitytaknyga.lt\/en\/wp-json\/wp\/v2\/types\/product"}],"replies":[{"embeddable":true,"href":"https:\/\/skaitytaknyga.lt\/en\/wp-json\/wp\/v2\/comments?post=14425"}],"wp:featuredmedia":[{"embeddable":true,"href":"https:\/\/skaitytaknyga.lt\/en\/wp-json\/wp\/v2\/media\/14436"}],"wp:attachment":[{"href":"https:\/\/skaitytaknyga.lt\/en\/wp-json\/wp\/v2\/media?parent=14425"}],"wp:term":[{"taxonomy":"product_brand","embeddable":true,"href":"https:\/\/skaitytaknyga.lt\/en\/wp-json\/wp\/v2\/product_brand?post=14425"},{"taxonomy":"product_cat","embeddable":true,"href":"https:\/\/skaitytaknyga.lt\/en\/wp-json\/wp\/v2\/product_cat?post=14425"},{"taxonomy":"product_tag","embeddable":true,"href":"https:\/\/skaitytaknyga.lt\/en\/wp-json\/wp\/v2\/product_tag?post=14425"}],"curies":[{"name":"wp","href":"https:\/\/api.w.org\/{rel}","templated":true}]}}