{"id":14424,"date":"2024-10-26T15:41:10","date_gmt":"2024-10-26T12:41:10","guid":{"rendered":"https:\/\/skaitytaknyga.lt\/?post_type=product&#038;p=14424"},"modified":"2025-06-26T15:36:59","modified_gmt":"2025-06-26T12:36:59","slug":"as-mokytojas-dienorasciai-laiskai-prisiminimai","status":"publish","type":"product","link":"https:\/\/skaitytaknyga.lt\/en\/produktas\/as-mokytojas-dienorasciai-laiskai-prisiminimai\/","title":{"rendered":"A\u0161 \u2013 mokytojas. Dienora\u0161\u010diai, lai\u0161kai, prisiminimai"},"content":{"rendered":"<p>\u017dinomo ra\u0161ytojo, literat\u016bros tyrin\u0117tojo ir pedagogo\u00a0<strong>Rapolo \u0160altenio<\/strong>\u00a0trilogijos (\u201eJau skleid\u0117s bur\u0117s\u201c, 1991; \u201eGaudeamus igitur\u201c, 1993) tre\u010dioji knyga, apimanti laikotarp\u012f nuo 1938 met\u0173 iki m\u016bs\u0173 dien\u0173, leid\u017eianti i\u0161 ar\u010diau pa\u017evelgti \u012f sud\u0117tingus ir tragi\u0161kus Lietuvos valstyb\u0117s literat\u016brinio ir visuomeninio gyvenimo \u012fvykius.<\/p>\n<p>Jeigu kas man\u0119s paklaust\u0173, kas mano gyvenime buvo \u0161viesiausia ir maloniausia, a\u0161 atsaky\u010diau &#8211; du Lietuvos atgimimai, 1918m. vasario 16-oji ir 1990m. kovo 11-oji, kaip patys gra\u017eiausi \u0161viesuliai mano pagang\u0117je. Jie d\u017eiaugsmo a\u0161aromis aplaistyti, i\u0161ugd\u0119 T\u0117vyn\u0117s, kaip nepaprastai kilnios dvasin\u0117s ir materialin\u0117s b\u016btyb\u0117s, \u012fvaizd\u017eio suvokim\u0105 ir j\u012f lydin\u010dius patriotinius T\u0117vyn\u0117s meil\u0117s jausmus, kaip didel\u0119 \u017emogaus dvasin\u0119 vertyb\u0119, \u0161alia Tik\u0117jimo. Taip kalbu, nes esu ilgai pagyven\u0119s, daug gyvenimo druskos suvalg\u0119s, daug knyg\u0173 perskait\u0119s, daug perm\u0105st\u0119s. Tikrai laimingas \u017emogus gali b\u016bti tik tikintis ir mylintis. Tik toks \u017emogus pasieks ie\u0161komos, trok\u0161tamos Ramyb\u0117s ir Laim\u0117s.<\/p>\n<ul class=\"about-product d-none d-xl-block mt-4\">\n<li><strong>Autorius:<\/strong>\u00a0Rapolas \u0160altenis<\/li>\n<li><strong>Leid\u0117jas:<\/strong>\u00a0Vilniaus dail\u0117s akademijos leidykla<\/li>\n<li><strong>Metai:<\/strong>\u00a02007<\/li>\n<li><strong>Puslapiai:<\/strong>\u00a0490<\/li>\n<li class=\"toggleable type-new-formats \"><strong>ISBN:<\/strong>\u00a09789955624844<\/li>\n<li class=\"toggleable type-new-formats \"><strong>Formatas:<\/strong>\u00a014,5 x 23,5 cm, mink\u0161ti vir\u0161eliai<\/li>\n<li><strong>Kalba:<\/strong>\u00a0Lietuvi\u0173<\/li>\n<\/ul>\n","protected":false},"excerpt":{"rendered":"<p>\u017dinomo ra\u0161ytojo, literat\u016bros tyrin\u0117tojo ir pedagogo\u00a0Rapolo \u0160altenio\u00a0trilogijos (\u201eJau skleid\u0117s bur\u0117s\u201c, 1991; \u201eGaudeamus igitur\u201c, 1993) tre\u010dioji knyga, apimanti laikotarp\u012f nuo 1938 met\u0173 iki m\u016bs\u0173 dien\u0173, leid\u017eianti i\u0161 ar\u010diau pa\u017evelgti \u012f sud\u0117tingus ir tragi\u0161kus Lietuvos valstyb\u0117s literat\u016brinio ir visuomeninio gyvenimo \u012fvykius. Jeigu kas man\u0119s paklaust\u0173, kas mano gyvenime buvo \u0161viesiausia ir maloniausia, a\u0161 atsaky\u010diau &#8211; du Lietuvos atgimimai, 1918m. vasario 16-oji ir 1990m. kovo 11-oji, kaip patys gra\u017eiausi \u0161viesuliai mano pagang\u0117je. Jie d\u017eiaugsmo a\u0161aromis aplaistyti, i\u0161ugd\u0119 T\u0117vyn\u0117s, kaip nepaprastai kilnios dvasin\u0117s ir materialin\u0117s b\u016btyb\u0117s, \u012fvaizd\u017eio suvokim\u0105 ir j\u012f lydin\u010dius patriotinius T\u0117vyn\u0117s meil\u0117s jausmus, kaip didel\u0119 \u017emogaus dvasin\u0119 vertyb\u0119, \u0161alia Tik\u0117jimo. Taip kalbu, nes esu ilgai pagyven\u0119s, daug gyvenimo druskos suvalg\u0119s, daug knyg\u0173 perskait\u0119s, daug perm\u0105st\u0119s. Tikrai laimingas \u017emogus gali b\u016bti tik tikintis ir mylintis. Tik toks \u017emogus pasieks ie\u0161komos, trok\u0161tamos Ramyb\u0117s ir Laim\u0117s. Autorius:\u00a0Rapolas \u0160altenis Leid\u0117jas:\u00a0Vilniaus dail\u0117s akademijos leidykla Metai:\u00a02007 Puslapiai:\u00a0490 ISBN:\u00a09789955624844 Formatas:\u00a014,5 x 23,5 cm, mink\u0161ti vir\u0161eliai Kalba:\u00a0Lietuvi\u0173<\/p>\n","protected":false},"featured_media":14435,"comment_status":"open","ping_status":"closed","template":"","meta":{"_acf_changed":false,"site-sidebar-layout":"default","site-content-layout":"","ast-site-content-layout":"default","site-content-style":"default","site-sidebar-style":"default","ast-global-header-display":"","ast-banner-title-visibility":"","ast-main-header-display":"","ast-hfb-above-header-display":"","ast-hfb-below-header-display":"","ast-hfb-mobile-header-display":"","site-post-title":"","ast-breadcrumbs-content":"","ast-featured-img":"","footer-sml-layout":"","ast-disable-related-posts":"","theme-transparent-header-meta":"default","adv-header-id-meta":"","stick-header-meta":"","header-above-stick-meta":"","header-main-stick-meta":"","header-below-stick-meta":"","astra-migrate-meta-layouts":"set","ast-page-background-enabled":"default","ast-page-background-meta":{"desktop":{"background-color":"","background-image":"","background-repeat":"repeat","background-position":"center center","background-size":"auto","background-attachment":"scroll","background-type":"","background-media":"","overlay-type":"","overlay-color":"","overlay-opacity":"","overlay-gradient":""},"tablet":{"background-color":"","background-image":"","background-repeat":"repeat","background-position":"center center","background-size":"auto","background-attachment":"scroll","background-type":"","background-media":"","overlay-type":"","overlay-color":"","overlay-opacity":"","overlay-gradient":""},"mobile":{"background-color":"","background-image":"","background-repeat":"repeat","background-position":"center center","background-size":"auto","background-attachment":"scroll","background-type":"","background-media":"","overlay-type":"","overlay-color":"","overlay-opacity":"","overlay-gradient":""}},"ast-content-background-meta":{"desktop":{"background-color":"var(--ast-global-color-4)","background-image":"","background-repeat":"repeat","background-position":"center center","background-size":"auto","background-attachment":"scroll","background-type":"","background-media":"","overlay-type":"","overlay-color":"","overlay-opacity":"","overlay-gradient":""},"tablet":{"background-color":"var(--ast-global-color-4)","background-image":"","background-repeat":"repeat","background-position":"center center","background-size":"auto","background-attachment":"scroll","background-type":"","background-media":"","overlay-type":"","overlay-color":"","overlay-opacity":"","overlay-gradient":""},"mobile":{"background-color":"var(--ast-global-color-4)","background-image":"","background-repeat":"repeat","background-position":"center center","background-size":"auto","background-attachment":"scroll","background-type":"","background-media":"","overlay-type":"","overlay-color":"","overlay-opacity":"","overlay-gradient":""}}},"product_brand":[],"product_cat":[33,15],"product_tag":[2228,1492,2444,5812,5813],"class_list":{"0":"post-14424","1":"product","2":"type-product","3":"status-publish","4":"has-post-thumbnail","6":"product_cat-biografijos","7":"product_cat-uncategorized","8":"product_tag-lietuvos-istorija","9":"product_tag-literatura","10":"product_tag-patriotizmas","11":"product_tag-pedagogika","12":"product_tag-rapolas-saltenis","13":"desktop-align-left","14":"tablet-align-left","15":"mobile-align-left","17":"first","18":"instock","19":"shipping-taxable","20":"purchasable","21":"product-type-simple"},"acf":[],"yoast_head":"<!-- This site is optimized with the Yoast SEO plugin v27.0 - https:\/\/yoast.com\/product\/yoast-seo-wordpress\/ -->\n<title>A\u0161 \u2013 mokytojas. Dienora\u0161\u010diai, lai\u0161kai, prisiminimai<\/title>\n<meta name=\"description\" content=\"\u017dinomo ra\u0161ytojo, literat\u016bros tyrin\u0117tojo ir pedagogo\u00a0Rapolo \u0160altenio\u00a0trilogijos (\u201eJau skleid\u0117s bur\u0117s\u201c, 1991; \u201eGaudeamus igitur\u201c, 1993) tre\u010dioji knyga,\" \/>\n<meta name=\"robots\" content=\"index, follow, max-snippet:-1, max-image-preview:large, max-video-preview:-1\" \/>\n<link rel=\"canonical\" href=\"https:\/\/skaitytaknyga.lt\/en\/produktas\/as-mokytojas-dienorasciai-laiskai-prisiminimai\/\" \/>\n<meta property=\"og:locale\" content=\"en_GB\" \/>\n<meta property=\"og:locale:alternate\" content=\"lt_LT\" \/>\n<meta property=\"og:type\" content=\"article\" \/>\n<meta property=\"og:title\" content=\"A\u0161 \u2013 mokytojas. Dienora\u0161\u010diai, lai\u0161kai, prisiminimai\" \/>\n<meta property=\"og:description\" content=\"\u017dinomo ra\u0161ytojo, literat\u016bros tyrin\u0117tojo ir pedagogo\u00a0Rapolo \u0160altenio\u00a0trilogijos (\u201eJau skleid\u0117s bur\u0117s\u201c, 1991; \u201eGaudeamus igitur\u201c, 1993) tre\u010dioji knyga,\" \/>\n<meta property=\"og:url\" content=\"https:\/\/skaitytaknyga.lt\/en\/produktas\/as-mokytojas-dienorasciai-laiskai-prisiminimai\/\" \/>\n<meta property=\"og:site_name\" content=\"Skaitytaknyga\" \/>\n<meta property=\"article:publisher\" content=\"https:\/\/www.facebook.com\/skaitytaknyga\/\" \/>\n<meta property=\"article:modified_time\" content=\"2025-06-26T12:36:59+00:00\" \/>\n<meta property=\"og:image\" content=\"https:\/\/skaitytaknyga.lt\/wp-content\/uploads\/2024\/10\/As-\u2013-mokytojas.-Dienorasciai-laiskai-prisiminimai.webp\" \/>\n\t<meta property=\"og:image:width\" content=\"492\" \/>\n\t<meta property=\"og:image:height\" content=\"800\" \/>\n\t<meta property=\"og:image:type\" content=\"image\/webp\" \/>\n<meta name=\"twitter:card\" content=\"summary_large_image\" \/>\n<meta name=\"twitter:label1\" content=\"Estimated reading time\" \/>\n\t<meta name=\"twitter:data1\" content=\"2 minutes\" \/>\n<script type=\"application\/ld+json\" class=\"yoast-schema-graph\">{\"@context\":\"https:\/\/schema.org\",\"@graph\":[{\"@type\":\"WebPage\",\"@id\":\"https:\/\/skaitytaknyga.lt\/produktas\/as-mokytojas-dienorasciai-laiskai-prisiminimai\/\",\"url\":\"https:\/\/skaitytaknyga.lt\/produktas\/as-mokytojas-dienorasciai-laiskai-prisiminimai\/\",\"name\":\"A\u0161 \u2013 mokytojas. Dienora\u0161\u010diai, lai\u0161kai, prisiminimai\",\"isPartOf\":{\"@id\":\"https:\/\/skaitytaknyga.lt\/#website\"},\"primaryImageOfPage\":{\"@id\":\"https:\/\/skaitytaknyga.lt\/produktas\/as-mokytojas-dienorasciai-laiskai-prisiminimai\/#primaryimage\"},\"image\":{\"@id\":\"https:\/\/skaitytaknyga.lt\/produktas\/as-mokytojas-dienorasciai-laiskai-prisiminimai\/#primaryimage\"},\"thumbnailUrl\":\"https:\/\/skaitytaknyga.lt\/wp-content\/uploads\/2024\/10\/As-\u2013-mokytojas.-Dienorasciai-laiskai-prisiminimai.webp\",\"datePublished\":\"2024-10-26T12:41:10+00:00\",\"dateModified\":\"2025-06-26T12:36:59+00:00\",\"description\":\"\u017dinomo ra\u0161ytojo, literat\u016bros tyrin\u0117tojo ir pedagogo\u00a0Rapolo \u0160altenio\u00a0trilogijos (\u201eJau skleid\u0117s bur\u0117s\u201c, 1991; \u201eGaudeamus igitur\u201c, 1993) tre\u010dioji knyga,\",\"breadcrumb\":{\"@id\":\"https:\/\/skaitytaknyga.lt\/produktas\/as-mokytojas-dienorasciai-laiskai-prisiminimai\/#breadcrumb\"},\"inLanguage\":\"en-GB\",\"potentialAction\":[{\"@type\":\"ReadAction\",\"target\":[\"https:\/\/skaitytaknyga.lt\/produktas\/as-mokytojas-dienorasciai-laiskai-prisiminimai\/\"]}]},{\"@type\":\"ImageObject\",\"inLanguage\":\"en-GB\",\"@id\":\"https:\/\/skaitytaknyga.lt\/produktas\/as-mokytojas-dienorasciai-laiskai-prisiminimai\/#primaryimage\",\"url\":\"https:\/\/skaitytaknyga.lt\/wp-content\/uploads\/2024\/10\/As-\u2013-mokytojas.-Dienorasciai-laiskai-prisiminimai.webp\",\"contentUrl\":\"https:\/\/skaitytaknyga.lt\/wp-content\/uploads\/2024\/10\/As-\u2013-mokytojas.-Dienorasciai-laiskai-prisiminimai.webp\",\"width\":492,\"height\":800,\"caption\":\"A\u0161 \u2013 mokytojas. Dienora\u0161\u010diai, lai\u0161kai, prisiminimai\"},{\"@type\":\"BreadcrumbList\",\"@id\":\"https:\/\/skaitytaknyga.lt\/produktas\/as-mokytojas-dienorasciai-laiskai-prisiminimai\/#breadcrumb\",\"itemListElement\":[{\"@type\":\"ListItem\",\"position\":1,\"name\":\"Home\",\"item\":\"https:\/\/skaitytaknyga.lt\/\"},{\"@type\":\"ListItem\",\"position\":2,\"name\":\"Parduotuv\u0117\",\"item\":\"https:\/\/skaitytaknyga.lt\/knygu-parduotuve\/\"},{\"@type\":\"ListItem\",\"position\":3,\"name\":\"A\u0161 \u2013 mokytojas. Dienora\u0161\u010diai, lai\u0161kai, prisiminimai\"}]},{\"@type\":\"WebSite\",\"@id\":\"https:\/\/skaitytaknyga.lt\/#website\",\"url\":\"https:\/\/skaitytaknyga.lt\/\",\"name\":\"skaitytaknyga.lt\",\"description\":\"Skaitytaknyga.lt \u2013 tai ma\u017eas \u0161eimos verslas, kuris prasid\u0117jo nuo meil\u0117s knygoms ir siekio i\u0161gelb\u0117ti knygas nuo likimo prie konteinerio. Kas vienam nereikalingas daiktas \u2013 kitam lobis, o mes esame tarpininkai, kurie padeda abiems tapti laimingesniems ???? \u017dinome kaip nelengva i\u0161gyventi ma\u017eiems verslams, tad nuo \u0161iol, \u010dia rasite ir kit\u0173, ma\u017e\u0173 \u0161eim\u0173 versl\u0173, rank\u0173 darbo, dovan\u0173 sau ir artimiesiems.\",\"publisher\":{\"@id\":\"https:\/\/skaitytaknyga.lt\/#organization\"},\"potentialAction\":[{\"@type\":\"SearchAction\",\"target\":{\"@type\":\"EntryPoint\",\"urlTemplate\":\"https:\/\/skaitytaknyga.lt\/?s={search_term_string}\"},\"query-input\":{\"@type\":\"PropertyValueSpecification\",\"valueRequired\":true,\"valueName\":\"search_term_string\"}}],\"inLanguage\":\"en-GB\"},{\"@type\":\"Organization\",\"@id\":\"https:\/\/skaitytaknyga.lt\/#organization\",\"name\":\"skaitytaknyga.lt\",\"url\":\"https:\/\/skaitytaknyga.lt\/\",\"logo\":{\"@type\":\"ImageObject\",\"inLanguage\":\"en-GB\",\"@id\":\"https:\/\/skaitytaknyga.lt\/#\/schema\/logo\/image\/\",\"url\":\"https:\/\/skaitytaknyga.lt\/wp-content\/uploads\/2024\/05\/cropped-cropped-cropped-02_00843_jt3bggkj1j3HLc7SyY6rEUpg.jpeg\",\"contentUrl\":\"https:\/\/skaitytaknyga.lt\/wp-content\/uploads\/2024\/05\/cropped-cropped-cropped-02_00843_jt3bggkj1j3HLc7SyY6rEUpg.jpeg\",\"width\":1600,\"height\":1600,\"caption\":\"skaitytaknyga.lt\"},\"image\":{\"@id\":\"https:\/\/skaitytaknyga.lt\/#\/schema\/logo\/image\/\"},\"sameAs\":[\"https:\/\/www.facebook.com\/skaitytaknyga\/\"]}]}<\/script>\n<!-- \/ Yoast SEO plugin. -->","yoast_head_json":{"title":"A\u0161 \u2013 mokytojas. Dienora\u0161\u010diai, lai\u0161kai, prisiminimai","description":"\u017dinomo ra\u0161ytojo, literat\u016bros tyrin\u0117tojo ir pedagogo\u00a0Rapolo \u0160altenio\u00a0trilogijos (\u201eJau skleid\u0117s bur\u0117s\u201c, 1991; \u201eGaudeamus igitur\u201c, 1993) tre\u010dioji knyga,","robots":{"index":"index","follow":"follow","max-snippet":"max-snippet:-1","max-image-preview":"max-image-preview:large","max-video-preview":"max-video-preview:-1"},"canonical":"https:\/\/skaitytaknyga.lt\/en\/produktas\/as-mokytojas-dienorasciai-laiskai-prisiminimai\/","og_locale":"en_GB","og_type":"article","og_title":"[:lt]A\u0161 \u2013 mokytojas. Dienora\u0161\u010diai, lai\u0161kai, prisiminimai[:] - Skaitytaknyga","og_description":"\u017dinomo ra\u0161ytojo, literat\u016bros tyrin\u0117tojo ir pedagogo\u00a0Rapolo \u0160altenio\u00a0trilogijos (\u201eJau skleid\u0117s bur\u0117s\u201c, 1991; \u201eGaudeamus igitur\u201c, 1993) tre\u010dioji knyga,","og_url":"https:\/\/skaitytaknyga.lt\/en\/produktas\/as-mokytojas-dienorasciai-laiskai-prisiminimai\/","og_site_name":"Skaitytaknyga","article_publisher":"https:\/\/www.facebook.com\/skaitytaknyga\/","article_modified_time":"2025-06-26T12:36:59+00:00","og_image":[{"width":492,"height":800,"url":"https:\/\/skaitytaknyga.lt\/wp-content\/uploads\/2024\/10\/As-\u2013-mokytojas.-Dienorasciai-laiskai-prisiminimai.webp","type":"image\/webp"}],"twitter_card":"summary_large_image","twitter_misc":{"Estimated reading time":"2 minutes"},"schema":{"@context":"https:\/\/schema.org","@graph":[{"@type":"WebPage","@id":"https:\/\/skaitytaknyga.lt\/produktas\/as-mokytojas-dienorasciai-laiskai-prisiminimai\/","url":"https:\/\/skaitytaknyga.lt\/produktas\/as-mokytojas-dienorasciai-laiskai-prisiminimai\/","name":"A\u0161 \u2013 mokytojas. Dienora\u0161\u010diai, lai\u0161kai, prisiminimai","isPartOf":{"@id":"https:\/\/skaitytaknyga.lt\/#website"},"primaryImageOfPage":{"@id":"https:\/\/skaitytaknyga.lt\/produktas\/as-mokytojas-dienorasciai-laiskai-prisiminimai\/#primaryimage"},"image":{"@id":"https:\/\/skaitytaknyga.lt\/produktas\/as-mokytojas-dienorasciai-laiskai-prisiminimai\/#primaryimage"},"thumbnailUrl":"https:\/\/skaitytaknyga.lt\/wp-content\/uploads\/2024\/10\/As-\u2013-mokytojas.-Dienorasciai-laiskai-prisiminimai.webp","datePublished":"2024-10-26T12:41:10+00:00","dateModified":"2025-06-26T12:36:59+00:00","description":"\u017dinomo ra\u0161ytojo, literat\u016bros tyrin\u0117tojo ir pedagogo\u00a0Rapolo \u0160altenio\u00a0trilogijos (\u201eJau skleid\u0117s bur\u0117s\u201c, 1991; \u201eGaudeamus igitur\u201c, 1993) tre\u010dioji knyga,","breadcrumb":{"@id":"https:\/\/skaitytaknyga.lt\/produktas\/as-mokytojas-dienorasciai-laiskai-prisiminimai\/#breadcrumb"},"inLanguage":"en-GB","potentialAction":[{"@type":"ReadAction","target":["https:\/\/skaitytaknyga.lt\/produktas\/as-mokytojas-dienorasciai-laiskai-prisiminimai\/"]}]},{"@type":"ImageObject","inLanguage":"en-GB","@id":"https:\/\/skaitytaknyga.lt\/produktas\/as-mokytojas-dienorasciai-laiskai-prisiminimai\/#primaryimage","url":"https:\/\/skaitytaknyga.lt\/wp-content\/uploads\/2024\/10\/As-\u2013-mokytojas.-Dienorasciai-laiskai-prisiminimai.webp","contentUrl":"https:\/\/skaitytaknyga.lt\/wp-content\/uploads\/2024\/10\/As-\u2013-mokytojas.-Dienorasciai-laiskai-prisiminimai.webp","width":492,"height":800,"caption":"A\u0161 \u2013 mokytojas. Dienora\u0161\u010diai, lai\u0161kai, prisiminimai"},{"@type":"BreadcrumbList","@id":"https:\/\/skaitytaknyga.lt\/produktas\/as-mokytojas-dienorasciai-laiskai-prisiminimai\/#breadcrumb","itemListElement":[{"@type":"ListItem","position":1,"name":"Home","item":"https:\/\/skaitytaknyga.lt\/"},{"@type":"ListItem","position":2,"name":"Parduotuv\u0117","item":"https:\/\/skaitytaknyga.lt\/knygu-parduotuve\/"},{"@type":"ListItem","position":3,"name":"A\u0161 \u2013 mokytojas. Dienora\u0161\u010diai, lai\u0161kai, prisiminimai"}]},{"@type":"WebSite","@id":"https:\/\/skaitytaknyga.lt\/#website","url":"https:\/\/skaitytaknyga.lt\/","name":"skaitytaknyga.lt","description":"Skaitytaknyga.lt \u2013 tai ma\u017eas \u0161eimos verslas, kuris prasid\u0117jo nuo meil\u0117s knygoms ir siekio i\u0161gelb\u0117ti knygas nuo likimo prie konteinerio. Kas vienam nereikalingas daiktas \u2013 kitam lobis, o mes esame tarpininkai, kurie padeda abiems tapti laimingesniems ???? \u017dinome kaip nelengva i\u0161gyventi ma\u017eiems verslams, tad nuo \u0161iol, \u010dia rasite ir kit\u0173, ma\u017e\u0173 \u0161eim\u0173 versl\u0173, rank\u0173 darbo, dovan\u0173 sau ir artimiesiems.","publisher":{"@id":"https:\/\/skaitytaknyga.lt\/#organization"},"potentialAction":[{"@type":"SearchAction","target":{"@type":"EntryPoint","urlTemplate":"https:\/\/skaitytaknyga.lt\/?s={search_term_string}"},"query-input":{"@type":"PropertyValueSpecification","valueRequired":true,"valueName":"search_term_string"}}],"inLanguage":"en-GB"},{"@type":"Organization","@id":"https:\/\/skaitytaknyga.lt\/#organization","name":"skaitytaknyga.lt","url":"https:\/\/skaitytaknyga.lt\/","logo":{"@type":"ImageObject","inLanguage":"en-GB","@id":"https:\/\/skaitytaknyga.lt\/#\/schema\/logo\/image\/","url":"https:\/\/skaitytaknyga.lt\/wp-content\/uploads\/2024\/05\/cropped-cropped-cropped-02_00843_jt3bggkj1j3HLc7SyY6rEUpg.jpeg","contentUrl":"https:\/\/skaitytaknyga.lt\/wp-content\/uploads\/2024\/05\/cropped-cropped-cropped-02_00843_jt3bggkj1j3HLc7SyY6rEUpg.jpeg","width":1600,"height":1600,"caption":"skaitytaknyga.lt"},"image":{"@id":"https:\/\/skaitytaknyga.lt\/#\/schema\/logo\/image\/"},"sameAs":["https:\/\/www.facebook.com\/skaitytaknyga\/"]}]}},"_links":{"self":[{"href":"https:\/\/skaitytaknyga.lt\/en\/wp-json\/wp\/v2\/product\/14424","targetHints":{"allow":["GET"]}}],"collection":[{"href":"https:\/\/skaitytaknyga.lt\/en\/wp-json\/wp\/v2\/product"}],"about":[{"href":"https:\/\/skaitytaknyga.lt\/en\/wp-json\/wp\/v2\/types\/product"}],"replies":[{"embeddable":true,"href":"https:\/\/skaitytaknyga.lt\/en\/wp-json\/wp\/v2\/comments?post=14424"}],"wp:featuredmedia":[{"embeddable":true,"href":"https:\/\/skaitytaknyga.lt\/en\/wp-json\/wp\/v2\/media\/14435"}],"wp:attachment":[{"href":"https:\/\/skaitytaknyga.lt\/en\/wp-json\/wp\/v2\/media?parent=14424"}],"wp:term":[{"taxonomy":"product_brand","embeddable":true,"href":"https:\/\/skaitytaknyga.lt\/en\/wp-json\/wp\/v2\/product_brand?post=14424"},{"taxonomy":"product_cat","embeddable":true,"href":"https:\/\/skaitytaknyga.lt\/en\/wp-json\/wp\/v2\/product_cat?post=14424"},{"taxonomy":"product_tag","embeddable":true,"href":"https:\/\/skaitytaknyga.lt\/en\/wp-json\/wp\/v2\/product_tag?post=14424"}],"curies":[{"name":"wp","href":"https:\/\/api.w.org\/{rel}","templated":true}]}}