{"id":14410,"date":"2024-10-26T11:50:24","date_gmt":"2024-10-26T08:50:24","guid":{"rendered":"https:\/\/skaitytaknyga.lt\/?post_type=product&#038;p=14410"},"modified":"2025-05-24T20:53:32","modified_gmt":"2025-05-24T17:53:32","slug":"mantas-masiokas-ramygalos-sv-jono-krikstytojo-baznycios-vargonai-ir-vargonininkai","status":"publish","type":"product","link":"https:\/\/skaitytaknyga.lt\/en\/produktas\/mantas-masiokas-ramygalos-sv-jono-krikstytojo-baznycios-vargonai-ir-vargonininkai\/","title":{"rendered":"Ramygalos \u0160v. Jono Krik\u0161tytojo ba\u017eny\u010dios vargonai ir vargonininkai"},"content":{"rendered":"<p><span class=\"xr_tl Normal_text xr_s2\">Knygel\u0117je pasakojama apie Panev\u0117\u017eio vyskupijos Ramygalos \u0160v. Jono Krik\u0161tytojo <\/span><span class=\"xr_tl Normal_text xr_s2\">ba\u017eny\u010dios vargonus ir jais grojusius asmenis. Remiantis surinkta faktine ir dokumentine <\/span><span class=\"xr_tl Normal_text xr_s2\">med\u017eiaga, \u010dia istori\u0161kai \u012fam\u017einti visi nuo XX a. prad\u017eios Ramygalos ba\u017eny\u010dioje dirb\u0119 <\/span><span class=\"xr_tl Normal_text xr_s2\">vargonininkai. Leidinyje taip pat komentuojama dabartin\u0117 vargon\u0173 b\u016bkl\u0117<\/span><\/p>\n","protected":false},"excerpt":{"rendered":"<p>Knygel\u0117je pasakojama apie Panev\u0117\u017eio vyskupijos Ramygalos \u0160v. Jono Krik\u0161tytojo ba\u017eny\u010dios vargonus ir jais grojusius asmenis. Remiantis surinkta faktine ir dokumentine med\u017eiaga, \u010dia istori\u0161kai \u012fam\u017einti visi nuo XX a. prad\u017eios Ramygalos ba\u017eny\u010dioje dirb\u0119 vargonininkai. Leidinyje taip pat komentuojama dabartin\u0117 vargon\u0173 b\u016bkl\u0117<\/p>\n","protected":false},"featured_media":14423,"comment_status":"open","ping_status":"closed","template":"","meta":{"_acf_changed":false,"site-sidebar-layout":"default","site-content-layout":"","ast-site-content-layout":"default","site-content-style":"default","site-sidebar-style":"default","ast-global-header-display":"","ast-banner-title-visibility":"","ast-main-header-display":"","ast-hfb-above-header-display":"","ast-hfb-below-header-display":"","ast-hfb-mobile-header-display":"","site-post-title":"","ast-breadcrumbs-content":"","ast-featured-img":"","footer-sml-layout":"","ast-disable-related-posts":"","theme-transparent-header-meta":"default","adv-header-id-meta":"","stick-header-meta":"","header-above-stick-meta":"","header-main-stick-meta":"","header-below-stick-meta":"","astra-migrate-meta-layouts":"set","ast-page-background-enabled":"default","ast-page-background-meta":{"desktop":{"background-color":"","background-image":"","background-repeat":"repeat","background-position":"center center","background-size":"auto","background-attachment":"scroll","background-type":"","background-media":"","overlay-type":"","overlay-color":"","overlay-opacity":"","overlay-gradient":""},"tablet":{"background-color":"","background-image":"","background-repeat":"repeat","background-position":"center center","background-size":"auto","background-attachment":"scroll","background-type":"","background-media":"","overlay-type":"","overlay-color":"","overlay-opacity":"","overlay-gradient":""},"mobile":{"background-color":"","background-image":"","background-repeat":"repeat","background-position":"center center","background-size":"auto","background-attachment":"scroll","background-type":"","background-media":"","overlay-type":"","overlay-color":"","overlay-opacity":"","overlay-gradient":""}},"ast-content-background-meta":{"desktop":{"background-color":"var(--ast-global-color-4)","background-image":"","background-repeat":"repeat","background-position":"center center","background-size":"auto","background-attachment":"scroll","background-type":"","background-media":"","overlay-type":"","overlay-color":"","overlay-opacity":"","overlay-gradient":""},"tablet":{"background-color":"var(--ast-global-color-4)","background-image":"","background-repeat":"repeat","background-position":"center center","background-size":"auto","background-attachment":"scroll","background-type":"","background-media":"","overlay-type":"","overlay-color":"","overlay-opacity":"","overlay-gradient":""},"mobile":{"background-color":"var(--ast-global-color-4)","background-image":"","background-repeat":"repeat","background-position":"center center","background-size":"auto","background-attachment":"scroll","background-type":"","background-media":"","overlay-type":"","overlay-color":"","overlay-opacity":"","overlay-gradient":""}}},"product_brand":[],"product_cat":[15],"product_tag":[],"class_list":{"0":"post-14410","1":"product","2":"type-product","3":"status-publish","4":"has-post-thumbnail","6":"product_cat-uncategorized","7":"desktop-align-left","8":"tablet-align-left","9":"mobile-align-left","11":"first","12":"instock","13":"shipping-taxable","14":"purchasable","15":"product-type-simple"},"acf":[],"yoast_head":"<!-- This site is optimized with the Yoast SEO plugin v27.0 - https:\/\/yoast.com\/product\/yoast-seo-wordpress\/ -->\n<title>Ramygalos \u0160v. Jono Krik\u0161tytojo ba\u017eny\u010dios vargonai ir vargonininkai<\/title>\n<meta name=\"description\" content=\"Knygel\u0117je pasakojama apie Panev\u0117\u017eio vyskupijos Ramygalos \u0160v. Jono Krik\u0161tytojo ba\u017eny\u010dios vargonus ir jais grojusius asmenis. Remiantis surinkta faktine ir\" \/>\n<meta name=\"robots\" content=\"index, follow, max-snippet:-1, max-image-preview:large, max-video-preview:-1\" \/>\n<link rel=\"canonical\" href=\"https:\/\/skaitytaknyga.lt\/en\/produktas\/mantas-masiokas-ramygalos-sv-jono-krikstytojo-baznycios-vargonai-ir-vargonininkai\/\" \/>\n<meta property=\"og:locale\" content=\"en_GB\" \/>\n<meta property=\"og:locale:alternate\" content=\"lt_LT\" \/>\n<meta property=\"og:type\" content=\"article\" \/>\n<meta property=\"og:title\" content=\"Ramygalos \u0160v. Jono Krik\u0161tytojo ba\u017eny\u010dios vargonai ir vargonininkai\" \/>\n<meta property=\"og:description\" content=\"Knygel\u0117je pasakojama apie Panev\u0117\u017eio vyskupijos Ramygalos \u0160v. Jono Krik\u0161tytojo ba\u017eny\u010dios vargonus ir jais grojusius asmenis. Remiantis surinkta faktine ir\" \/>\n<meta property=\"og:url\" content=\"https:\/\/skaitytaknyga.lt\/en\/produktas\/mantas-masiokas-ramygalos-sv-jono-krikstytojo-baznycios-vargonai-ir-vargonininkai\/\" \/>\n<meta property=\"og:site_name\" content=\"Skaitytaknyga\" \/>\n<meta property=\"article:publisher\" content=\"https:\/\/www.facebook.com\/skaitytaknyga\/\" \/>\n<meta property=\"article:modified_time\" content=\"2025-05-24T17:53:32+00:00\" \/>\n<meta property=\"og:image\" content=\"https:\/\/skaitytaknyga.lt\/wp-content\/uploads\/2024\/10\/MANTAS-MASIOKAS.-Ramygalos-Sv.-Jono-Krikstytojo-baznycios-vargonai-ir-vargonininkai.jpg\" \/>\n\t<meta property=\"og:image:width\" content=\"512\" \/>\n\t<meta property=\"og:image:height\" content=\"508\" \/>\n\t<meta property=\"og:image:type\" content=\"image\/jpeg\" \/>\n<meta name=\"twitter:card\" content=\"summary_large_image\" \/>\n<meta name=\"twitter:label1\" content=\"Estimated reading time\" \/>\n\t<meta name=\"twitter:data1\" content=\"1 minute\" \/>\n<script type=\"application\/ld+json\" class=\"yoast-schema-graph\">{\"@context\":\"https:\/\/schema.org\",\"@graph\":[{\"@type\":\"WebPage\",\"@id\":\"https:\/\/skaitytaknyga.lt\/produktas\/mantas-masiokas-ramygalos-sv-jono-krikstytojo-baznycios-vargonai-ir-vargonininkai\/\",\"url\":\"https:\/\/skaitytaknyga.lt\/produktas\/mantas-masiokas-ramygalos-sv-jono-krikstytojo-baznycios-vargonai-ir-vargonininkai\/\",\"name\":\"Ramygalos \u0160v. Jono Krik\u0161tytojo ba\u017eny\u010dios vargonai ir vargonininkai\",\"isPartOf\":{\"@id\":\"https:\/\/skaitytaknyga.lt\/#website\"},\"primaryImageOfPage\":{\"@id\":\"https:\/\/skaitytaknyga.lt\/produktas\/mantas-masiokas-ramygalos-sv-jono-krikstytojo-baznycios-vargonai-ir-vargonininkai\/#primaryimage\"},\"image\":{\"@id\":\"https:\/\/skaitytaknyga.lt\/produktas\/mantas-masiokas-ramygalos-sv-jono-krikstytojo-baznycios-vargonai-ir-vargonininkai\/#primaryimage\"},\"thumbnailUrl\":\"https:\/\/skaitytaknyga.lt\/wp-content\/uploads\/2024\/10\/MANTAS-MASIOKAS.-Ramygalos-Sv.-Jono-Krikstytojo-baznycios-vargonai-ir-vargonininkai.jpg\",\"datePublished\":\"2024-10-26T08:50:24+00:00\",\"dateModified\":\"2025-05-24T17:53:32+00:00\",\"description\":\"Knygel\u0117je pasakojama apie Panev\u0117\u017eio vyskupijos Ramygalos \u0160v. Jono Krik\u0161tytojo ba\u017eny\u010dios vargonus ir jais grojusius asmenis. Remiantis surinkta faktine ir\",\"breadcrumb\":{\"@id\":\"https:\/\/skaitytaknyga.lt\/produktas\/mantas-masiokas-ramygalos-sv-jono-krikstytojo-baznycios-vargonai-ir-vargonininkai\/#breadcrumb\"},\"inLanguage\":\"en-GB\",\"potentialAction\":[{\"@type\":\"ReadAction\",\"target\":[\"https:\/\/skaitytaknyga.lt\/produktas\/mantas-masiokas-ramygalos-sv-jono-krikstytojo-baznycios-vargonai-ir-vargonininkai\/\"]}]},{\"@type\":\"ImageObject\",\"inLanguage\":\"en-GB\",\"@id\":\"https:\/\/skaitytaknyga.lt\/produktas\/mantas-masiokas-ramygalos-sv-jono-krikstytojo-baznycios-vargonai-ir-vargonininkai\/#primaryimage\",\"url\":\"https:\/\/skaitytaknyga.lt\/wp-content\/uploads\/2024\/10\/MANTAS-MASIOKAS.-Ramygalos-Sv.-Jono-Krikstytojo-baznycios-vargonai-ir-vargonininkai.jpg\",\"contentUrl\":\"https:\/\/skaitytaknyga.lt\/wp-content\/uploads\/2024\/10\/MANTAS-MASIOKAS.-Ramygalos-Sv.-Jono-Krikstytojo-baznycios-vargonai-ir-vargonininkai.jpg\",\"width\":512,\"height\":508,\"caption\":\"MANTAS MASIOKAS. Ramygalos \u0160v. Jono Krik\u0161tytojo ba\u017eny\u010dios vargonai ir vargonininkai\"},{\"@type\":\"BreadcrumbList\",\"@id\":\"https:\/\/skaitytaknyga.lt\/produktas\/mantas-masiokas-ramygalos-sv-jono-krikstytojo-baznycios-vargonai-ir-vargonininkai\/#breadcrumb\",\"itemListElement\":[{\"@type\":\"ListItem\",\"position\":1,\"name\":\"Home\",\"item\":\"https:\/\/skaitytaknyga.lt\/\"},{\"@type\":\"ListItem\",\"position\":2,\"name\":\"Parduotuv\u0117\",\"item\":\"https:\/\/skaitytaknyga.lt\/knygu-parduotuve\/\"},{\"@type\":\"ListItem\",\"position\":3,\"name\":\"Ramygalos \u0160v. Jono Krik\u0161tytojo ba\u017eny\u010dios vargonai ir vargonininkai\"}]},{\"@type\":\"WebSite\",\"@id\":\"https:\/\/skaitytaknyga.lt\/#website\",\"url\":\"https:\/\/skaitytaknyga.lt\/\",\"name\":\"skaitytaknyga.lt\",\"description\":\"Skaitytaknyga.lt \u2013 tai ma\u017eas \u0161eimos verslas, kuris prasid\u0117jo nuo meil\u0117s knygoms ir siekio i\u0161gelb\u0117ti knygas nuo likimo prie konteinerio. Kas vienam nereikalingas daiktas \u2013 kitam lobis, o mes esame tarpininkai, kurie padeda abiems tapti laimingesniems ???? \u017dinome kaip nelengva i\u0161gyventi ma\u017eiems verslams, tad nuo \u0161iol, \u010dia rasite ir kit\u0173, ma\u017e\u0173 \u0161eim\u0173 versl\u0173, rank\u0173 darbo, dovan\u0173 sau ir artimiesiems.\",\"publisher\":{\"@id\":\"https:\/\/skaitytaknyga.lt\/#organization\"},\"potentialAction\":[{\"@type\":\"SearchAction\",\"target\":{\"@type\":\"EntryPoint\",\"urlTemplate\":\"https:\/\/skaitytaknyga.lt\/?s={search_term_string}\"},\"query-input\":{\"@type\":\"PropertyValueSpecification\",\"valueRequired\":true,\"valueName\":\"search_term_string\"}}],\"inLanguage\":\"en-GB\"},{\"@type\":\"Organization\",\"@id\":\"https:\/\/skaitytaknyga.lt\/#organization\",\"name\":\"skaitytaknyga.lt\",\"url\":\"https:\/\/skaitytaknyga.lt\/\",\"logo\":{\"@type\":\"ImageObject\",\"inLanguage\":\"en-GB\",\"@id\":\"https:\/\/skaitytaknyga.lt\/#\/schema\/logo\/image\/\",\"url\":\"https:\/\/skaitytaknyga.lt\/wp-content\/uploads\/2024\/05\/cropped-cropped-cropped-02_00843_jt3bggkj1j3HLc7SyY6rEUpg.jpeg\",\"contentUrl\":\"https:\/\/skaitytaknyga.lt\/wp-content\/uploads\/2024\/05\/cropped-cropped-cropped-02_00843_jt3bggkj1j3HLc7SyY6rEUpg.jpeg\",\"width\":1600,\"height\":1600,\"caption\":\"skaitytaknyga.lt\"},\"image\":{\"@id\":\"https:\/\/skaitytaknyga.lt\/#\/schema\/logo\/image\/\"},\"sameAs\":[\"https:\/\/www.facebook.com\/skaitytaknyga\/\"]}]}<\/script>\n<!-- \/ Yoast SEO plugin. -->","yoast_head_json":{"title":"Ramygalos \u0160v. Jono Krik\u0161tytojo ba\u017eny\u010dios vargonai ir vargonininkai","description":"Knygel\u0117je pasakojama apie Panev\u0117\u017eio vyskupijos Ramygalos \u0160v. Jono Krik\u0161tytojo ba\u017eny\u010dios vargonus ir jais grojusius asmenis. Remiantis surinkta faktine ir","robots":{"index":"index","follow":"follow","max-snippet":"max-snippet:-1","max-image-preview":"max-image-preview:large","max-video-preview":"max-video-preview:-1"},"canonical":"https:\/\/skaitytaknyga.lt\/en\/produktas\/mantas-masiokas-ramygalos-sv-jono-krikstytojo-baznycios-vargonai-ir-vargonininkai\/","og_locale":"en_GB","og_type":"article","og_title":"[:lt]Ramygalos \u0160v. Jono Krik\u0161tytojo ba\u017eny\u010dios vargonai ir vargonininkai[:] - Skaitytaknyga","og_description":"Knygel\u0117je pasakojama apie Panev\u0117\u017eio vyskupijos Ramygalos \u0160v. Jono Krik\u0161tytojo ba\u017eny\u010dios vargonus ir jais grojusius asmenis. Remiantis surinkta faktine ir","og_url":"https:\/\/skaitytaknyga.lt\/en\/produktas\/mantas-masiokas-ramygalos-sv-jono-krikstytojo-baznycios-vargonai-ir-vargonininkai\/","og_site_name":"Skaitytaknyga","article_publisher":"https:\/\/www.facebook.com\/skaitytaknyga\/","article_modified_time":"2025-05-24T17:53:32+00:00","og_image":[{"width":512,"height":508,"url":"https:\/\/skaitytaknyga.lt\/wp-content\/uploads\/2024\/10\/MANTAS-MASIOKAS.-Ramygalos-Sv.-Jono-Krikstytojo-baznycios-vargonai-ir-vargonininkai.jpg","type":"image\/jpeg"}],"twitter_card":"summary_large_image","twitter_misc":{"Estimated reading time":"1 minute"},"schema":{"@context":"https:\/\/schema.org","@graph":[{"@type":"WebPage","@id":"https:\/\/skaitytaknyga.lt\/produktas\/mantas-masiokas-ramygalos-sv-jono-krikstytojo-baznycios-vargonai-ir-vargonininkai\/","url":"https:\/\/skaitytaknyga.lt\/produktas\/mantas-masiokas-ramygalos-sv-jono-krikstytojo-baznycios-vargonai-ir-vargonininkai\/","name":"Ramygalos \u0160v. Jono Krik\u0161tytojo ba\u017eny\u010dios vargonai ir vargonininkai","isPartOf":{"@id":"https:\/\/skaitytaknyga.lt\/#website"},"primaryImageOfPage":{"@id":"https:\/\/skaitytaknyga.lt\/produktas\/mantas-masiokas-ramygalos-sv-jono-krikstytojo-baznycios-vargonai-ir-vargonininkai\/#primaryimage"},"image":{"@id":"https:\/\/skaitytaknyga.lt\/produktas\/mantas-masiokas-ramygalos-sv-jono-krikstytojo-baznycios-vargonai-ir-vargonininkai\/#primaryimage"},"thumbnailUrl":"https:\/\/skaitytaknyga.lt\/wp-content\/uploads\/2024\/10\/MANTAS-MASIOKAS.-Ramygalos-Sv.-Jono-Krikstytojo-baznycios-vargonai-ir-vargonininkai.jpg","datePublished":"2024-10-26T08:50:24+00:00","dateModified":"2025-05-24T17:53:32+00:00","description":"Knygel\u0117je pasakojama apie Panev\u0117\u017eio vyskupijos Ramygalos \u0160v. Jono Krik\u0161tytojo ba\u017eny\u010dios vargonus ir jais grojusius asmenis. Remiantis surinkta faktine ir","breadcrumb":{"@id":"https:\/\/skaitytaknyga.lt\/produktas\/mantas-masiokas-ramygalos-sv-jono-krikstytojo-baznycios-vargonai-ir-vargonininkai\/#breadcrumb"},"inLanguage":"en-GB","potentialAction":[{"@type":"ReadAction","target":["https:\/\/skaitytaknyga.lt\/produktas\/mantas-masiokas-ramygalos-sv-jono-krikstytojo-baznycios-vargonai-ir-vargonininkai\/"]}]},{"@type":"ImageObject","inLanguage":"en-GB","@id":"https:\/\/skaitytaknyga.lt\/produktas\/mantas-masiokas-ramygalos-sv-jono-krikstytojo-baznycios-vargonai-ir-vargonininkai\/#primaryimage","url":"https:\/\/skaitytaknyga.lt\/wp-content\/uploads\/2024\/10\/MANTAS-MASIOKAS.-Ramygalos-Sv.-Jono-Krikstytojo-baznycios-vargonai-ir-vargonininkai.jpg","contentUrl":"https:\/\/skaitytaknyga.lt\/wp-content\/uploads\/2024\/10\/MANTAS-MASIOKAS.-Ramygalos-Sv.-Jono-Krikstytojo-baznycios-vargonai-ir-vargonininkai.jpg","width":512,"height":508,"caption":"MANTAS MASIOKAS. Ramygalos \u0160v. Jono Krik\u0161tytojo ba\u017eny\u010dios vargonai ir vargonininkai"},{"@type":"BreadcrumbList","@id":"https:\/\/skaitytaknyga.lt\/produktas\/mantas-masiokas-ramygalos-sv-jono-krikstytojo-baznycios-vargonai-ir-vargonininkai\/#breadcrumb","itemListElement":[{"@type":"ListItem","position":1,"name":"Home","item":"https:\/\/skaitytaknyga.lt\/"},{"@type":"ListItem","position":2,"name":"Parduotuv\u0117","item":"https:\/\/skaitytaknyga.lt\/knygu-parduotuve\/"},{"@type":"ListItem","position":3,"name":"Ramygalos \u0160v. Jono Krik\u0161tytojo ba\u017eny\u010dios vargonai ir vargonininkai"}]},{"@type":"WebSite","@id":"https:\/\/skaitytaknyga.lt\/#website","url":"https:\/\/skaitytaknyga.lt\/","name":"skaitytaknyga.lt","description":"Skaitytaknyga.lt \u2013 tai ma\u017eas \u0161eimos verslas, kuris prasid\u0117jo nuo meil\u0117s knygoms ir siekio i\u0161gelb\u0117ti knygas nuo likimo prie konteinerio. Kas vienam nereikalingas daiktas \u2013 kitam lobis, o mes esame tarpininkai, kurie padeda abiems tapti laimingesniems ???? \u017dinome kaip nelengva i\u0161gyventi ma\u017eiems verslams, tad nuo \u0161iol, \u010dia rasite ir kit\u0173, ma\u017e\u0173 \u0161eim\u0173 versl\u0173, rank\u0173 darbo, dovan\u0173 sau ir artimiesiems.","publisher":{"@id":"https:\/\/skaitytaknyga.lt\/#organization"},"potentialAction":[{"@type":"SearchAction","target":{"@type":"EntryPoint","urlTemplate":"https:\/\/skaitytaknyga.lt\/?s={search_term_string}"},"query-input":{"@type":"PropertyValueSpecification","valueRequired":true,"valueName":"search_term_string"}}],"inLanguage":"en-GB"},{"@type":"Organization","@id":"https:\/\/skaitytaknyga.lt\/#organization","name":"skaitytaknyga.lt","url":"https:\/\/skaitytaknyga.lt\/","logo":{"@type":"ImageObject","inLanguage":"en-GB","@id":"https:\/\/skaitytaknyga.lt\/#\/schema\/logo\/image\/","url":"https:\/\/skaitytaknyga.lt\/wp-content\/uploads\/2024\/05\/cropped-cropped-cropped-02_00843_jt3bggkj1j3HLc7SyY6rEUpg.jpeg","contentUrl":"https:\/\/skaitytaknyga.lt\/wp-content\/uploads\/2024\/05\/cropped-cropped-cropped-02_00843_jt3bggkj1j3HLc7SyY6rEUpg.jpeg","width":1600,"height":1600,"caption":"skaitytaknyga.lt"},"image":{"@id":"https:\/\/skaitytaknyga.lt\/#\/schema\/logo\/image\/"},"sameAs":["https:\/\/www.facebook.com\/skaitytaknyga\/"]}]}},"_links":{"self":[{"href":"https:\/\/skaitytaknyga.lt\/en\/wp-json\/wp\/v2\/product\/14410","targetHints":{"allow":["GET"]}}],"collection":[{"href":"https:\/\/skaitytaknyga.lt\/en\/wp-json\/wp\/v2\/product"}],"about":[{"href":"https:\/\/skaitytaknyga.lt\/en\/wp-json\/wp\/v2\/types\/product"}],"replies":[{"embeddable":true,"href":"https:\/\/skaitytaknyga.lt\/en\/wp-json\/wp\/v2\/comments?post=14410"}],"wp:featuredmedia":[{"embeddable":true,"href":"https:\/\/skaitytaknyga.lt\/en\/wp-json\/wp\/v2\/media\/14423"}],"wp:attachment":[{"href":"https:\/\/skaitytaknyga.lt\/en\/wp-json\/wp\/v2\/media?parent=14410"}],"wp:term":[{"taxonomy":"product_brand","embeddable":true,"href":"https:\/\/skaitytaknyga.lt\/en\/wp-json\/wp\/v2\/product_brand?post=14410"},{"taxonomy":"product_cat","embeddable":true,"href":"https:\/\/skaitytaknyga.lt\/en\/wp-json\/wp\/v2\/product_cat?post=14410"},{"taxonomy":"product_tag","embeddable":true,"href":"https:\/\/skaitytaknyga.lt\/en\/wp-json\/wp\/v2\/product_tag?post=14410"}],"curies":[{"name":"wp","href":"https:\/\/api.w.org\/{rel}","templated":true}]}}