{"id":14409,"date":"2024-10-26T11:50:24","date_gmt":"2024-10-26T08:50:24","guid":{"rendered":"https:\/\/skaitytaknyga.lt\/?post_type=product&#038;p=14409"},"modified":"2024-10-26T12:58:42","modified_gmt":"2024-10-26T09:58:42","slug":"chorvedys-benediktas-macikenas","status":"publish","type":"product","link":"https:\/\/skaitytaknyga.lt\/en\/produktas\/chorvedys-benediktas-macikenas\/","title":{"rendered":"Chorvedys Benediktas Ma\u010dik\u0117nas"},"content":{"rendered":"<p>Vienas \u017eymiausi\u0173 Kauno miesto chor\u0173 dirigent\u0173 ir pedagog\u0173 Benediktas Ma\u010dik\u0117nas (1914-1999) vis\u0105 savo gyvenim\u0105 paskyr\u0117 chorinei dainai. B. Ma\u010dik\u0117nas vadovavo KPI akademiniam mi\u0161riam student\u0173 chorui \u201eJaunyst\u0117\u201c, Kauno projektuotoj\u0173 liaudies vyr\u0173 chorui \u201ePerk\u016bnas\u201c ir Kauno J. Gruod\u017eio auk\u0161tesniosios muzikos mokyklos moksleivi\u0173 mi\u0161riam chorui. S\u0117km\u0119 vadovui visada garantuodavo t\u0117v\u0173 \u012fskiepytos vertyb\u0117s, meil\u0117 dainai, \u012fgimtas darb\u0161tumas, pavyd\u0117tinas energingumas, nuolatinis reiklumas savo dainininkams, o ypa\u010d \u2013 sau, mok\u0117jimas bendrauti su \u012fvairaus lygmens \u017emon\u0117mis, profesinis pasirengimas ir talentas. Nuo 1956 iki 1984 m. B. Ma\u010dik\u0117nas J. Gruod\u017eio muzikos mokyklos moksleiviams d\u0117st\u0117 chorvedybos ir darbo su choru metodikos disciplin\u0105 (savo ilgamet\u0119 chorvedybos patirt\u012f u\u017efiksavo 1981 m. i\u0161leistame leidinyje \u201eVadovavimo chorui metodika\u201c).<\/p>\n<p>Chorvedys beveik tradici\u0161kai, Kauno choriniams kolektyvams vadovauti prad\u0117davo tada, kai \u0161ie i\u0161gyvendavo sunkiausius savo gyvavimo laikotarpius. Ne i\u0161imtis ir choras \u201eJaunyst\u0117\u201c, kuris maestro vadovaujant, patyr\u0117 daugyb\u0119 permain\u0173, dalyvavo daugelyje festivali\u0173 ir konkurs\u0173, pirmasis i\u0161 Lietuvos mi\u0161ri\u0173 chor\u0173 pokario metais gavo teis\u0119 i\u0161vykti u\u017e \u0161alies rib\u0173. Po beveik 10 met\u0173 B. Ma\u010dik\u0117nas atsisveikino su choru \u201eJaunyst\u0117\u201c, 1966 m. jis prad\u0117jo vadovauti sunkius laikus i\u0161gyvenan\u010diam \u201ePramprojekto\u201c instituto vyr\u0173 chorui. Neu\u017eilgo choras \u012fsitrauk\u0117 \u012f aktyvi\u0105 koncertin\u0119 veikl\u0105, jam suteiktas vardas \u201ePerk\u016bnas\u201c. 1992 m. atk\u016brus Kauno \u0160v. arkangelo Mykolo (\u012egulos) ba\u017eny\u010di\u0105, B. Ma\u010dik\u0117nas atk\u016br\u0117 ba\u017eny\u010dios mi\u0161r\u0173 sumos chor\u0105, kuriam vadovavo iki 1993 m.Reik\u0161miniai \u017eod\u017eiai: Benediktas Ma\u010dik\u0117nas; Chorvedys; Chorai &#8220;Jaunyst\u0117&#8221;; &#8220;Perk\u016bnas&#8221;; Kauno muzikinis gyvenimas; Benediktas Ma\u010dik\u0117nas; Choirmaster.<\/p>\n<p>&nbsp;<\/p>\n<p>Pratarm\u0117 \u2014 \u201ePo auk\u0161tus kalnus vaik\u0161\u010diojau&#8230;\u201c \/ R. Misiukevi\u010dius \u2014 Lietuvi\u0161kai dainai pasi\u0161vent\u0119s \/ P. Bingelis \u2014 Pa\u017eintis su Maestro Benediktu \/ R. Varnas \u2014 Lietuvos chorin\u0117s kult\u016bros puosel\u0117tojas \/ V. Bl\u016b\u0161ius \u2014 Mano specialyb\u0117s mokytojas Benediktas Ma\u010dik\u0117nas \/ L. Pranulis \u2014 Mano Mokytojas \/ E. Austynait\u0117-Liutkevi\u010dien\u0117 \u2014 Chorvedys i\u0161 prigimimo \/ A. Lapinskas \u2014 Gyvenim\u0105 paskyr\u0119s muzikai \/ V. Tauragien\u0117 \u2014 Svarbiausia &#8211; atsakingumas \/ S. Bielionyt\u0117 \u2014 \u201ePerk\u016bno\u201c lietuvyb\u0117s gaivinimo \u017eygis \u012f Peles\u0105 \/ A. Sema\u0161ka \u2014 Puslapiai i\u0161 KPI akademinio mi\u0161raus choro istorijos (1959-1967) \/ A. Dvarionien\u0117, E. Dvarionas \u2014 Maestro gerb\u0117 chorist\u0173 nuomon\u0119 \/ V. Jan\u010daitis \u2014 Dainai atsidav\u0119s \/ P. Bernotas \u2014 Ei, Jurgi, gry\u010dia dega \/ J. Stani\u0161kis \u2014 Emocingas ir d\u0117mesingas dirigentas \/ R. \u0160akalyt\u0117 \u2014 Dvasinio gro\u017eio k\u016br\u0117jas \/ P. Vanagas \u2014 A\u010di\u016b, Maestro, u\u017e \u012fskiepyt\u0105 meil\u0119 dainai \/ V. Misevi\u010dius \u2014 Kaip \u012fsik\u016br\u0117 choras \u201eAbsolventas\u201c \/ A. Grinis \u2014 Benedikt\u0105 Ma\u010dik\u0117n\u0105 prisimenant \/ S. A. Tulaba \u2014 Daina &#8211; gyvenimo d\u017eiaugsmas \/ D. Kri\u0161\u010diukaitis \u2014 \u017dvilgsnis \u012f praeit\u012f \/ A. Ma\u010dik\u0117nien\u0117 \u2014 I\u0161\u0117jo \/ U. Milerien\u0117 \u2014 Benedikto Ma\u010dik\u0117no gyvenimo ir veiklos datos \u2014 B. Ma\u010dik\u0117no reik\u0161mingesni\u0173 apdovanojim\u0173 s\u0105ra\u0161as \u2014 B. Ma\u010dik\u0117no metodiniai darbai \u2014 Publikacijos.<\/p>\n","protected":false},"excerpt":{"rendered":"<p>Vienas \u017eymiausi\u0173 Kauno miesto chor\u0173 dirigent\u0173 ir pedagog\u0173 Benediktas Ma\u010dik\u0117nas (1914-1999) vis\u0105 savo gyvenim\u0105 paskyr\u0117 chorinei dainai. B. Ma\u010dik\u0117nas vadovavo KPI akademiniam mi\u0161riam student\u0173 chorui \u201eJaunyst\u0117\u201c, Kauno projektuotoj\u0173 liaudies vyr\u0173 chorui \u201ePerk\u016bnas\u201c ir Kauno J. Gruod\u017eio auk\u0161tesniosios muzikos mokyklos moksleivi\u0173 mi\u0161riam chorui. S\u0117km\u0119 vadovui visada garantuodavo t\u0117v\u0173 \u012fskiepytos vertyb\u0117s, meil\u0117 dainai, \u012fgimtas darb\u0161tumas, pavyd\u0117tinas energingumas, nuolatinis reiklumas savo dainininkams, o ypa\u010d \u2013 sau, mok\u0117jimas bendrauti su \u012fvairaus lygmens \u017emon\u0117mis, profesinis pasirengimas ir talentas. Nuo 1956 iki 1984 m. B. Ma\u010dik\u0117nas J. Gruod\u017eio muzikos mokyklos moksleiviams d\u0117st\u0117 chorvedybos ir darbo su choru metodikos disciplin\u0105 (savo ilgamet\u0119 chorvedybos patirt\u012f u\u017efiksavo 1981 m. i\u0161leistame leidinyje \u201eVadovavimo chorui metodika\u201c). Chorvedys beveik tradici\u0161kai, Kauno choriniams kolektyvams vadovauti prad\u0117davo tada, kai \u0161ie i\u0161gyvendavo sunkiausius savo gyvavimo laikotarpius. Ne i\u0161imtis ir choras \u201eJaunyst\u0117\u201c, kuris maestro vadovaujant, patyr\u0117 daugyb\u0119 permain\u0173, dalyvavo daugelyje festivali\u0173 ir konkurs\u0173, pirmasis i\u0161 Lietuvos mi\u0161ri\u0173 chor\u0173 pokario metais gavo teis\u0119 i\u0161vykti u\u017e \u0161alies rib\u0173. Po beveik 10 met\u0173 B. Ma\u010dik\u0117nas atsisveikino su choru \u201eJaunyst\u0117\u201c, 1966 m. jis prad\u0117jo vadovauti sunkius laikus i\u0161gyvenan\u010diam \u201ePramprojekto\u201c instituto vyr\u0173 chorui. Neu\u017eilgo choras \u012fsitrauk\u0117 \u012f aktyvi\u0105 koncertin\u0119 veikl\u0105, jam suteiktas vardas \u201ePerk\u016bnas\u201c. 1992 m. atk\u016brus Kauno \u0160v. arkangelo Mykolo (\u012egulos) ba\u017eny\u010di\u0105, B. Ma\u010dik\u0117nas atk\u016br\u0117 ba\u017eny\u010dios mi\u0161r\u0173 sumos chor\u0105, kuriam vadovavo iki 1993 m.Reik\u0161miniai \u017eod\u017eiai: Benediktas Ma\u010dik\u0117nas; Chorvedys; Chorai &#8220;Jaunyst\u0117&#8221;; &#8220;Perk\u016bnas&#8221;; Kauno muzikinis gyvenimas; Benediktas Ma\u010dik\u0117nas; Choirmaster. &nbsp; Pratarm\u0117 \u2014 \u201ePo auk\u0161tus kalnus vaik\u0161\u010diojau&#8230;\u201c \/ R. Misiukevi\u010dius \u2014 Lietuvi\u0161kai dainai pasi\u0161vent\u0119s \/ P. Bingelis \u2014 Pa\u017eintis su Maestro Benediktu \/ R. Varnas \u2014 Lietuvos chorin\u0117s kult\u016bros puosel\u0117tojas \/ V. Bl\u016b\u0161ius \u2014 Mano specialyb\u0117s mokytojas Benediktas Ma\u010dik\u0117nas \/ L. Pranulis \u2014 Mano Mokytojas \/ E. Austynait\u0117-Liutkevi\u010dien\u0117 \u2014 Chorvedys i\u0161 prigimimo \/ A. Lapinskas \u2014 Gyvenim\u0105 paskyr\u0119s muzikai \/ V. Tauragien\u0117 \u2014 Svarbiausia &#8211; atsakingumas \/ S. Bielionyt\u0117 \u2014 \u201ePerk\u016bno\u201c lietuvyb\u0117s gaivinimo \u017eygis \u012f Peles\u0105 \/ A. Sema\u0161ka \u2014 Puslapiai i\u0161 KPI akademinio mi\u0161raus choro istorijos (1959-1967) \/ A. Dvarionien\u0117, E. Dvarionas \u2014 Maestro gerb\u0117 chorist\u0173 nuomon\u0119 \/ V. Jan\u010daitis \u2014 Dainai atsidav\u0119s \/ P. Bernotas \u2014 Ei, Jurgi, gry\u010dia dega \/ J. Stani\u0161kis \u2014 Emocingas ir d\u0117mesingas dirigentas \/ R. \u0160akalyt\u0117 \u2014 Dvasinio gro\u017eio k\u016br\u0117jas \/ P. Vanagas \u2014 A\u010di\u016b, Maestro, u\u017e \u012fskiepyt\u0105 meil\u0119 dainai \/ V. Misevi\u010dius \u2014 Kaip \u012fsik\u016br\u0117 choras \u201eAbsolventas\u201c \/ A. Grinis \u2014 Benedikt\u0105 Ma\u010dik\u0117n\u0105 prisimenant \/ S. A. Tulaba \u2014 Daina &#8211; gyvenimo d\u017eiaugsmas \/ D. Kri\u0161\u010diukaitis \u2014 \u017dvilgsnis \u012f praeit\u012f \/ A. Ma\u010dik\u0117nien\u0117 \u2014 I\u0161\u0117jo \/ U. Milerien\u0117 \u2014 Benedikto Ma\u010dik\u0117no gyvenimo ir veiklos datos \u2014 B. Ma\u010dik\u0117no reik\u0161mingesni\u0173 apdovanojim\u0173 s\u0105ra\u0161as \u2014 B. Ma\u010dik\u0117no metodiniai darbai \u2014 Publikacijos.<\/p>\n","protected":false},"featured_media":0,"comment_status":"open","ping_status":"closed","template":"","meta":{"_acf_changed":false,"site-sidebar-layout":"default","site-content-layout":"","ast-site-content-layout":"default","site-content-style":"default","site-sidebar-style":"default","ast-global-header-display":"","ast-banner-title-visibility":"","ast-main-header-display":"","ast-hfb-above-header-display":"","ast-hfb-below-header-display":"","ast-hfb-mobile-header-display":"","site-post-title":"","ast-breadcrumbs-content":"","ast-featured-img":"","footer-sml-layout":"","ast-disable-related-posts":"","theme-transparent-header-meta":"default","adv-header-id-meta":"","stick-header-meta":"","header-above-stick-meta":"","header-main-stick-meta":"","header-below-stick-meta":"","astra-migrate-meta-layouts":"set","ast-page-background-enabled":"default","ast-page-background-meta":{"desktop":{"background-color":"","background-image":"","background-repeat":"repeat","background-position":"center center","background-size":"auto","background-attachment":"scroll","background-type":"","background-media":"","overlay-type":"","overlay-color":"","overlay-opacity":"","overlay-gradient":""},"tablet":{"background-color":"","background-image":"","background-repeat":"repeat","background-position":"center center","background-size":"auto","background-attachment":"scroll","background-type":"","background-media":"","overlay-type":"","overlay-color":"","overlay-opacity":"","overlay-gradient":""},"mobile":{"background-color":"","background-image":"","background-repeat":"repeat","background-position":"center center","background-size":"auto","background-attachment":"scroll","background-type":"","background-media":"","overlay-type":"","overlay-color":"","overlay-opacity":"","overlay-gradient":""}},"ast-content-background-meta":{"desktop":{"background-color":"var(--ast-global-color-4)","background-image":"","background-repeat":"repeat","background-position":"center center","background-size":"auto","background-attachment":"scroll","background-type":"","background-media":"","overlay-type":"","overlay-color":"","overlay-opacity":"","overlay-gradient":""},"tablet":{"background-color":"var(--ast-global-color-4)","background-image":"","background-repeat":"repeat","background-position":"center center","background-size":"auto","background-attachment":"scroll","background-type":"","background-media":"","overlay-type":"","overlay-color":"","overlay-opacity":"","overlay-gradient":""},"mobile":{"background-color":"var(--ast-global-color-4)","background-image":"","background-repeat":"repeat","background-position":"center center","background-size":"auto","background-attachment":"scroll","background-type":"","background-media":"","overlay-type":"","overlay-color":"","overlay-opacity":"","overlay-gradient":""}}},"product_brand":[],"product_cat":[33,15,57],"product_tag":[],"class_list":{"0":"post-14409","1":"product","2":"type-product","3":"status-publish","5":"product_cat-biografijos","6":"product_cat-uncategorized","7":"product_cat-menas-ir-albumai","8":"desktop-align-left","9":"tablet-align-left","10":"mobile-align-left","12":"first","13":"instock","14":"shipping-taxable","15":"purchasable","16":"product-type-simple"},"acf":[],"yoast_head":"<!-- This site is optimized with the Yoast SEO plugin v27.0 - https:\/\/yoast.com\/product\/yoast-seo-wordpress\/ -->\n<title>Chorvedys Benediktas Ma\u010dik\u0117nas<\/title>\n<meta name=\"description\" content=\"Vienas \u017eymiausi\u0173 Kauno miesto chor\u0173 dirigent\u0173 ir pedagog\u0173 Benediktas Ma\u010dik\u0117nas (1914-1999) vis\u0105 savo gyvenim\u0105 paskyr\u0117 chorinei dainai. B. Ma\u010dik\u0117nas\" \/>\n<meta name=\"robots\" content=\"index, follow, max-snippet:-1, max-image-preview:large, max-video-preview:-1\" \/>\n<link rel=\"canonical\" href=\"https:\/\/skaitytaknyga.lt\/en\/produktas\/chorvedys-benediktas-macikenas\/\" \/>\n<meta property=\"og:locale\" content=\"en_GB\" \/>\n<meta property=\"og:locale:alternate\" content=\"lt_LT\" \/>\n<meta property=\"og:type\" content=\"article\" \/>\n<meta property=\"og:title\" content=\"Chorvedys Benediktas Ma\u010dik\u0117nas\" \/>\n<meta property=\"og:description\" content=\"Vienas \u017eymiausi\u0173 Kauno miesto chor\u0173 dirigent\u0173 ir pedagog\u0173 Benediktas Ma\u010dik\u0117nas (1914-1999) vis\u0105 savo gyvenim\u0105 paskyr\u0117 chorinei dainai. B. Ma\u010dik\u0117nas\" \/>\n<meta property=\"og:url\" content=\"https:\/\/skaitytaknyga.lt\/en\/produktas\/chorvedys-benediktas-macikenas\/\" \/>\n<meta property=\"og:site_name\" content=\"Skaitytaknyga\" \/>\n<meta property=\"article:publisher\" content=\"https:\/\/www.facebook.com\/skaitytaknyga\/\" \/>\n<meta property=\"article:modified_time\" content=\"2024-10-26T09:58:42+00:00\" \/>\n<meta property=\"og:image\" content=\"https:\/\/skaitytaknyga.lt\/wp-content\/uploads\/2024\/07\/skaitytaknyga.png\" \/>\n\t<meta property=\"og:image:width\" content=\"747\" \/>\n\t<meta property=\"og:image:height\" content=\"496\" \/>\n\t<meta property=\"og:image:type\" content=\"image\/png\" \/>\n<meta name=\"twitter:card\" content=\"summary_large_image\" \/>\n<meta name=\"twitter:label1\" content=\"Estimated reading time\" \/>\n\t<meta name=\"twitter:data1\" content=\"3 minutes\" \/>\n<script type=\"application\/ld+json\" class=\"yoast-schema-graph\">{\"@context\":\"https:\/\/schema.org\",\"@graph\":[{\"@type\":\"WebPage\",\"@id\":\"https:\/\/skaitytaknyga.lt\/produktas\/chorvedys-benediktas-macikenas\/\",\"url\":\"https:\/\/skaitytaknyga.lt\/produktas\/chorvedys-benediktas-macikenas\/\",\"name\":\"Chorvedys Benediktas Ma\u010dik\u0117nas\",\"isPartOf\":{\"@id\":\"https:\/\/skaitytaknyga.lt\/#website\"},\"datePublished\":\"2024-10-26T08:50:24+00:00\",\"dateModified\":\"2024-10-26T09:58:42+00:00\",\"description\":\"Vienas \u017eymiausi\u0173 Kauno miesto chor\u0173 dirigent\u0173 ir pedagog\u0173 Benediktas Ma\u010dik\u0117nas (1914-1999) vis\u0105 savo gyvenim\u0105 paskyr\u0117 chorinei dainai. B. Ma\u010dik\u0117nas\",\"breadcrumb\":{\"@id\":\"https:\/\/skaitytaknyga.lt\/produktas\/chorvedys-benediktas-macikenas\/#breadcrumb\"},\"inLanguage\":\"en-GB\",\"potentialAction\":[{\"@type\":\"ReadAction\",\"target\":[\"https:\/\/skaitytaknyga.lt\/produktas\/chorvedys-benediktas-macikenas\/\"]}]},{\"@type\":\"BreadcrumbList\",\"@id\":\"https:\/\/skaitytaknyga.lt\/produktas\/chorvedys-benediktas-macikenas\/#breadcrumb\",\"itemListElement\":[{\"@type\":\"ListItem\",\"position\":1,\"name\":\"Home\",\"item\":\"https:\/\/skaitytaknyga.lt\/\"},{\"@type\":\"ListItem\",\"position\":2,\"name\":\"Parduotuv\u0117\",\"item\":\"https:\/\/skaitytaknyga.lt\/knygu-parduotuve\/\"},{\"@type\":\"ListItem\",\"position\":3,\"name\":\"Chorvedys Benediktas Ma\u010dik\u0117nas\"}]},{\"@type\":\"WebSite\",\"@id\":\"https:\/\/skaitytaknyga.lt\/#website\",\"url\":\"https:\/\/skaitytaknyga.lt\/\",\"name\":\"skaitytaknyga.lt\",\"description\":\"Skaitytaknyga.lt \u2013 tai ma\u017eas \u0161eimos verslas, kuris prasid\u0117jo nuo meil\u0117s knygoms ir siekio i\u0161gelb\u0117ti knygas nuo likimo prie konteinerio. Kas vienam nereikalingas daiktas \u2013 kitam lobis, o mes esame tarpininkai, kurie padeda abiems tapti laimingesniems ???? \u017dinome kaip nelengva i\u0161gyventi ma\u017eiems verslams, tad nuo \u0161iol, \u010dia rasite ir kit\u0173, ma\u017e\u0173 \u0161eim\u0173 versl\u0173, rank\u0173 darbo, dovan\u0173 sau ir artimiesiems.\",\"publisher\":{\"@id\":\"https:\/\/skaitytaknyga.lt\/#organization\"},\"potentialAction\":[{\"@type\":\"SearchAction\",\"target\":{\"@type\":\"EntryPoint\",\"urlTemplate\":\"https:\/\/skaitytaknyga.lt\/?s={search_term_string}\"},\"query-input\":{\"@type\":\"PropertyValueSpecification\",\"valueRequired\":true,\"valueName\":\"search_term_string\"}}],\"inLanguage\":\"en-GB\"},{\"@type\":\"Organization\",\"@id\":\"https:\/\/skaitytaknyga.lt\/#organization\",\"name\":\"skaitytaknyga.lt\",\"url\":\"https:\/\/skaitytaknyga.lt\/\",\"logo\":{\"@type\":\"ImageObject\",\"inLanguage\":\"en-GB\",\"@id\":\"https:\/\/skaitytaknyga.lt\/#\/schema\/logo\/image\/\",\"url\":\"https:\/\/skaitytaknyga.lt\/wp-content\/uploads\/2024\/05\/cropped-cropped-cropped-02_00843_jt3bggkj1j3HLc7SyY6rEUpg.jpeg\",\"contentUrl\":\"https:\/\/skaitytaknyga.lt\/wp-content\/uploads\/2024\/05\/cropped-cropped-cropped-02_00843_jt3bggkj1j3HLc7SyY6rEUpg.jpeg\",\"width\":1600,\"height\":1600,\"caption\":\"skaitytaknyga.lt\"},\"image\":{\"@id\":\"https:\/\/skaitytaknyga.lt\/#\/schema\/logo\/image\/\"},\"sameAs\":[\"https:\/\/www.facebook.com\/skaitytaknyga\/\"]}]}<\/script>\n<!-- \/ Yoast SEO plugin. -->","yoast_head_json":{"title":"Chorvedys Benediktas Ma\u010dik\u0117nas","description":"Vienas \u017eymiausi\u0173 Kauno miesto chor\u0173 dirigent\u0173 ir pedagog\u0173 Benediktas Ma\u010dik\u0117nas (1914-1999) vis\u0105 savo gyvenim\u0105 paskyr\u0117 chorinei dainai. B. Ma\u010dik\u0117nas","robots":{"index":"index","follow":"follow","max-snippet":"max-snippet:-1","max-image-preview":"max-image-preview:large","max-video-preview":"max-video-preview:-1"},"canonical":"https:\/\/skaitytaknyga.lt\/en\/produktas\/chorvedys-benediktas-macikenas\/","og_locale":"en_GB","og_type":"article","og_title":"[:lt]Chorvedys Benediktas Ma\u010dik\u0117nas[:] - Skaitytaknyga","og_description":"Vienas \u017eymiausi\u0173 Kauno miesto chor\u0173 dirigent\u0173 ir pedagog\u0173 Benediktas Ma\u010dik\u0117nas (1914-1999) vis\u0105 savo gyvenim\u0105 paskyr\u0117 chorinei dainai. B. Ma\u010dik\u0117nas","og_url":"https:\/\/skaitytaknyga.lt\/en\/produktas\/chorvedys-benediktas-macikenas\/","og_site_name":"Skaitytaknyga","article_publisher":"https:\/\/www.facebook.com\/skaitytaknyga\/","article_modified_time":"2024-10-26T09:58:42+00:00","og_image":[{"width":747,"height":496,"url":"https:\/\/skaitytaknyga.lt\/wp-content\/uploads\/2024\/07\/skaitytaknyga.png","type":"image\/png"}],"twitter_card":"summary_large_image","twitter_misc":{"Estimated reading time":"3 minutes"},"schema":{"@context":"https:\/\/schema.org","@graph":[{"@type":"WebPage","@id":"https:\/\/skaitytaknyga.lt\/produktas\/chorvedys-benediktas-macikenas\/","url":"https:\/\/skaitytaknyga.lt\/produktas\/chorvedys-benediktas-macikenas\/","name":"Chorvedys Benediktas Ma\u010dik\u0117nas","isPartOf":{"@id":"https:\/\/skaitytaknyga.lt\/#website"},"datePublished":"2024-10-26T08:50:24+00:00","dateModified":"2024-10-26T09:58:42+00:00","description":"Vienas \u017eymiausi\u0173 Kauno miesto chor\u0173 dirigent\u0173 ir pedagog\u0173 Benediktas Ma\u010dik\u0117nas (1914-1999) vis\u0105 savo gyvenim\u0105 paskyr\u0117 chorinei dainai. B. Ma\u010dik\u0117nas","breadcrumb":{"@id":"https:\/\/skaitytaknyga.lt\/produktas\/chorvedys-benediktas-macikenas\/#breadcrumb"},"inLanguage":"en-GB","potentialAction":[{"@type":"ReadAction","target":["https:\/\/skaitytaknyga.lt\/produktas\/chorvedys-benediktas-macikenas\/"]}]},{"@type":"BreadcrumbList","@id":"https:\/\/skaitytaknyga.lt\/produktas\/chorvedys-benediktas-macikenas\/#breadcrumb","itemListElement":[{"@type":"ListItem","position":1,"name":"Home","item":"https:\/\/skaitytaknyga.lt\/"},{"@type":"ListItem","position":2,"name":"Parduotuv\u0117","item":"https:\/\/skaitytaknyga.lt\/knygu-parduotuve\/"},{"@type":"ListItem","position":3,"name":"Chorvedys Benediktas Ma\u010dik\u0117nas"}]},{"@type":"WebSite","@id":"https:\/\/skaitytaknyga.lt\/#website","url":"https:\/\/skaitytaknyga.lt\/","name":"skaitytaknyga.lt","description":"Skaitytaknyga.lt \u2013 tai ma\u017eas \u0161eimos verslas, kuris prasid\u0117jo nuo meil\u0117s knygoms ir siekio i\u0161gelb\u0117ti knygas nuo likimo prie konteinerio. Kas vienam nereikalingas daiktas \u2013 kitam lobis, o mes esame tarpininkai, kurie padeda abiems tapti laimingesniems ???? \u017dinome kaip nelengva i\u0161gyventi ma\u017eiems verslams, tad nuo \u0161iol, \u010dia rasite ir kit\u0173, ma\u017e\u0173 \u0161eim\u0173 versl\u0173, rank\u0173 darbo, dovan\u0173 sau ir artimiesiems.","publisher":{"@id":"https:\/\/skaitytaknyga.lt\/#organization"},"potentialAction":[{"@type":"SearchAction","target":{"@type":"EntryPoint","urlTemplate":"https:\/\/skaitytaknyga.lt\/?s={search_term_string}"},"query-input":{"@type":"PropertyValueSpecification","valueRequired":true,"valueName":"search_term_string"}}],"inLanguage":"en-GB"},{"@type":"Organization","@id":"https:\/\/skaitytaknyga.lt\/#organization","name":"skaitytaknyga.lt","url":"https:\/\/skaitytaknyga.lt\/","logo":{"@type":"ImageObject","inLanguage":"en-GB","@id":"https:\/\/skaitytaknyga.lt\/#\/schema\/logo\/image\/","url":"https:\/\/skaitytaknyga.lt\/wp-content\/uploads\/2024\/05\/cropped-cropped-cropped-02_00843_jt3bggkj1j3HLc7SyY6rEUpg.jpeg","contentUrl":"https:\/\/skaitytaknyga.lt\/wp-content\/uploads\/2024\/05\/cropped-cropped-cropped-02_00843_jt3bggkj1j3HLc7SyY6rEUpg.jpeg","width":1600,"height":1600,"caption":"skaitytaknyga.lt"},"image":{"@id":"https:\/\/skaitytaknyga.lt\/#\/schema\/logo\/image\/"},"sameAs":["https:\/\/www.facebook.com\/skaitytaknyga\/"]}]}},"_links":{"self":[{"href":"https:\/\/skaitytaknyga.lt\/en\/wp-json\/wp\/v2\/product\/14409","targetHints":{"allow":["GET"]}}],"collection":[{"href":"https:\/\/skaitytaknyga.lt\/en\/wp-json\/wp\/v2\/product"}],"about":[{"href":"https:\/\/skaitytaknyga.lt\/en\/wp-json\/wp\/v2\/types\/product"}],"replies":[{"embeddable":true,"href":"https:\/\/skaitytaknyga.lt\/en\/wp-json\/wp\/v2\/comments?post=14409"}],"wp:attachment":[{"href":"https:\/\/skaitytaknyga.lt\/en\/wp-json\/wp\/v2\/media?parent=14409"}],"wp:term":[{"taxonomy":"product_brand","embeddable":true,"href":"https:\/\/skaitytaknyga.lt\/en\/wp-json\/wp\/v2\/product_brand?post=14409"},{"taxonomy":"product_cat","embeddable":true,"href":"https:\/\/skaitytaknyga.lt\/en\/wp-json\/wp\/v2\/product_cat?post=14409"},{"taxonomy":"product_tag","embeddable":true,"href":"https:\/\/skaitytaknyga.lt\/en\/wp-json\/wp\/v2\/product_tag?post=14409"}],"curies":[{"name":"wp","href":"https:\/\/api.w.org\/{rel}","templated":true}]}}