{"id":14406,"date":"2024-10-26T11:50:23","date_gmt":"2024-10-26T08:50:23","guid":{"rendered":"https:\/\/skaitytaknyga.lt\/?post_type=product&#038;p=14406"},"modified":"2025-06-26T15:36:59","modified_gmt":"2025-06-26T12:36:59","slug":"tarp-muzikos-mokslo-ir-kalnu","status":"publish","type":"product","link":"https:\/\/skaitytaknyga.lt\/en\/produktas\/tarp-muzikos-mokslo-ir-kalnu\/","title":{"rendered":"Tarp muzikos, mokslo ir kaln\u0173"},"content":{"rendered":"<p>Knygoje \u201eTarp muzikos, mokslo ir kaln\u0173\u201c spausdinami muzikologo Juozo Antanavi\u010diaus darbai: mokslin\u0117s studijos, straipsniai, recenzijos, dalykin\u0117s ir \u0161ventin\u0117s kalbos. Autorius \u2013 ilgametis Lietuvos muzikos ir teatro akademijos prorektorius, rektorius, senato pirmininkas, Lietuvos universitet\u0173 rektori\u0173 konferencijos prezidentas, viduomenini\u0173 kult\u016bros ir mokslo organizacij\u0173 narys, tod\u0117l greta muzikologini\u0173 publikacij\u0173 knygoje pateikiami jo publicistiniai es\u0117, straipsniai, interviu mokslo ir studij\u0173, meno kult\u016bros klausimais, apybrai\u017eos apie aplankytas u\u017esienio \u0161alis. Jaunyst\u0117s pom\u0117g\u012f \u2013 kopim\u0105 \u012f kalnus \u2013 atspindi pasakojimai Lietuvos alpinizmo tematika.<\/p>\n<ul class=\"about-product d-none d-xl-block mt-4\">\n<li><strong>Autorius:<\/strong>\u00a0Juozas Antanavi\u010dius<\/li>\n<li><strong>Leid\u0117jas:<\/strong>\u00a0Lietuvos muzikos ir teatro akademija<\/li>\n<li><strong>Metai:<\/strong>\u00a02010<\/li>\n<li><strong>Puslapiai:<\/strong>\u00a0703<\/li>\n<li class=\"toggleable type-new-formats \"><strong>ISBN:<\/strong>\u00a09789986503965<\/li>\n<li class=\"toggleable type-new-formats \"><strong>Formatas:<\/strong>\u00a017 x 23,5 x 3 cm, mink\u0161ti vir\u0161eliai<\/li>\n<li><strong>Kalba:<\/strong>\u00a0Lietuvi\u0173<\/li>\n<\/ul>\n","protected":false},"excerpt":{"rendered":"<p>Knygoje \u201eTarp muzikos, mokslo ir kaln\u0173\u201c spausdinami muzikologo Juozo Antanavi\u010diaus darbai: mokslin\u0117s studijos, straipsniai, recenzijos, dalykin\u0117s ir \u0161ventin\u0117s kalbos. Autorius \u2013 ilgametis Lietuvos muzikos ir teatro akademijos prorektorius, rektorius, senato pirmininkas, Lietuvos universitet\u0173 rektori\u0173 konferencijos prezidentas, viduomenini\u0173 kult\u016bros ir mokslo organizacij\u0173 narys, tod\u0117l greta muzikologini\u0173 publikacij\u0173 knygoje pateikiami jo publicistiniai es\u0117, straipsniai, interviu mokslo ir studij\u0173, meno kult\u016bros klausimais, apybrai\u017eos apie aplankytas u\u017esienio \u0161alis. Jaunyst\u0117s pom\u0117g\u012f \u2013 kopim\u0105 \u012f kalnus \u2013 atspindi pasakojimai Lietuvos alpinizmo tematika. Autorius:\u00a0Juozas Antanavi\u010dius Leid\u0117jas:\u00a0Lietuvos muzikos ir teatro akademija Metai:\u00a02010 Puslapiai:\u00a0703 ISBN:\u00a09789986503965 Formatas:\u00a017 x 23,5 x 3 cm, mink\u0161ti vir\u0161eliai Kalba:\u00a0Lietuvi\u0173<\/p>\n","protected":false},"featured_media":14417,"comment_status":"open","ping_status":"closed","template":"","meta":{"_acf_changed":false,"site-sidebar-layout":"default","site-content-layout":"","ast-site-content-layout":"default","site-content-style":"default","site-sidebar-style":"default","ast-global-header-display":"","ast-banner-title-visibility":"","ast-main-header-display":"","ast-hfb-above-header-display":"","ast-hfb-below-header-display":"","ast-hfb-mobile-header-display":"","site-post-title":"","ast-breadcrumbs-content":"","ast-featured-img":"","footer-sml-layout":"","ast-disable-related-posts":"","theme-transparent-header-meta":"default","adv-header-id-meta":"","stick-header-meta":"","header-above-stick-meta":"","header-main-stick-meta":"","header-below-stick-meta":"","astra-migrate-meta-layouts":"set","ast-page-background-enabled":"default","ast-page-background-meta":{"desktop":{"background-color":"","background-image":"","background-repeat":"repeat","background-position":"center center","background-size":"auto","background-attachment":"scroll","background-type":"","background-media":"","overlay-type":"","overlay-color":"","overlay-opacity":"","overlay-gradient":""},"tablet":{"background-color":"","background-image":"","background-repeat":"repeat","background-position":"center center","background-size":"auto","background-attachment":"scroll","background-type":"","background-media":"","overlay-type":"","overlay-color":"","overlay-opacity":"","overlay-gradient":""},"mobile":{"background-color":"","background-image":"","background-repeat":"repeat","background-position":"center center","background-size":"auto","background-attachment":"scroll","background-type":"","background-media":"","overlay-type":"","overlay-color":"","overlay-opacity":"","overlay-gradient":""}},"ast-content-background-meta":{"desktop":{"background-color":"var(--ast-global-color-4)","background-image":"","background-repeat":"repeat","background-position":"center center","background-size":"auto","background-attachment":"scroll","background-type":"","background-media":"","overlay-type":"","overlay-color":"","overlay-opacity":"","overlay-gradient":""},"tablet":{"background-color":"var(--ast-global-color-4)","background-image":"","background-repeat":"repeat","background-position":"center center","background-size":"auto","background-attachment":"scroll","background-type":"","background-media":"","overlay-type":"","overlay-color":"","overlay-opacity":"","overlay-gradient":""},"mobile":{"background-color":"var(--ast-global-color-4)","background-image":"","background-repeat":"repeat","background-position":"center center","background-size":"auto","background-attachment":"scroll","background-type":"","background-media":"","overlay-type":"","overlay-color":"","overlay-opacity":"","overlay-gradient":""}}},"product_brand":[],"product_cat":[15,57],"product_tag":[5811,5810,2376,1524,2898],"class_list":{"0":"post-14406","1":"product","2":"type-product","3":"status-publish","4":"has-post-thumbnail","6":"product_cat-uncategorized","7":"product_cat-menas-ir-albumai","8":"product_tag-juozas-antanavicius","9":"product_tag-kalnai","10":"product_tag-kultura","11":"product_tag-mokslas","12":"product_tag-muzika","13":"desktop-align-left","14":"tablet-align-left","15":"mobile-align-left","17":"first","18":"instock","19":"shipping-taxable","20":"purchasable","21":"product-type-simple"},"acf":[],"yoast_head":"<!-- This site is optimized with the Yoast SEO plugin v27.0 - https:\/\/yoast.com\/product\/yoast-seo-wordpress\/ -->\n<title>Tarp muzikos, mokslo ir kaln\u0173<\/title>\n<meta name=\"description\" content=\"Knygoje \u201eTarp muzikos, mokslo ir kaln\u0173\u201c spausdinami muzikologo Juozo Antanavi\u010diaus darbai: mokslin\u0117s studijos, straipsniai, recenzijos, dalykin\u0117s ir\" \/>\n<meta name=\"robots\" content=\"index, follow, max-snippet:-1, max-image-preview:large, max-video-preview:-1\" \/>\n<link rel=\"canonical\" href=\"https:\/\/skaitytaknyga.lt\/en\/produktas\/tarp-muzikos-mokslo-ir-kalnu\/\" \/>\n<meta property=\"og:locale\" content=\"en_GB\" \/>\n<meta property=\"og:locale:alternate\" content=\"lt_LT\" \/>\n<meta property=\"og:type\" content=\"article\" \/>\n<meta property=\"og:title\" content=\"Tarp muzikos, mokslo ir kaln\u0173\" \/>\n<meta property=\"og:description\" content=\"Knygoje \u201eTarp muzikos, mokslo ir kaln\u0173\u201c spausdinami muzikologo Juozo Antanavi\u010diaus darbai: mokslin\u0117s studijos, straipsniai, recenzijos, dalykin\u0117s ir\" \/>\n<meta property=\"og:url\" content=\"https:\/\/skaitytaknyga.lt\/en\/produktas\/tarp-muzikos-mokslo-ir-kalnu\/\" \/>\n<meta property=\"og:site_name\" content=\"Skaitytaknyga\" \/>\n<meta property=\"article:publisher\" content=\"https:\/\/www.facebook.com\/skaitytaknyga\/\" \/>\n<meta property=\"article:modified_time\" content=\"2025-06-26T12:36:59+00:00\" \/>\n<meta property=\"og:image\" content=\"https:\/\/skaitytaknyga.lt\/wp-content\/uploads\/2024\/10\/Tarp-muzikos-mokslo-ir-kalnu.webp\" \/>\n\t<meta property=\"og:image:width\" content=\"553\" \/>\n\t<meta property=\"og:image:height\" content=\"800\" \/>\n\t<meta property=\"og:image:type\" content=\"image\/webp\" \/>\n<meta name=\"twitter:card\" content=\"summary_large_image\" \/>\n<meta name=\"twitter:label1\" content=\"Estimated reading time\" \/>\n\t<meta name=\"twitter:data1\" content=\"1 minute\" \/>\n<script type=\"application\/ld+json\" class=\"yoast-schema-graph\">{\"@context\":\"https:\/\/schema.org\",\"@graph\":[{\"@type\":\"WebPage\",\"@id\":\"https:\/\/skaitytaknyga.lt\/produktas\/tarp-muzikos-mokslo-ir-kalnu\/\",\"url\":\"https:\/\/skaitytaknyga.lt\/produktas\/tarp-muzikos-mokslo-ir-kalnu\/\",\"name\":\"Tarp muzikos, mokslo ir kaln\u0173\",\"isPartOf\":{\"@id\":\"https:\/\/skaitytaknyga.lt\/#website\"},\"primaryImageOfPage\":{\"@id\":\"https:\/\/skaitytaknyga.lt\/produktas\/tarp-muzikos-mokslo-ir-kalnu\/#primaryimage\"},\"image\":{\"@id\":\"https:\/\/skaitytaknyga.lt\/produktas\/tarp-muzikos-mokslo-ir-kalnu\/#primaryimage\"},\"thumbnailUrl\":\"https:\/\/skaitytaknyga.lt\/wp-content\/uploads\/2024\/10\/Tarp-muzikos-mokslo-ir-kalnu.webp\",\"datePublished\":\"2024-10-26T08:50:23+00:00\",\"dateModified\":\"2025-06-26T12:36:59+00:00\",\"description\":\"Knygoje \u201eTarp muzikos, mokslo ir kaln\u0173\u201c spausdinami muzikologo Juozo Antanavi\u010diaus darbai: mokslin\u0117s studijos, straipsniai, recenzijos, dalykin\u0117s ir\",\"breadcrumb\":{\"@id\":\"https:\/\/skaitytaknyga.lt\/produktas\/tarp-muzikos-mokslo-ir-kalnu\/#breadcrumb\"},\"inLanguage\":\"en-GB\",\"potentialAction\":[{\"@type\":\"ReadAction\",\"target\":[\"https:\/\/skaitytaknyga.lt\/produktas\/tarp-muzikos-mokslo-ir-kalnu\/\"]}]},{\"@type\":\"ImageObject\",\"inLanguage\":\"en-GB\",\"@id\":\"https:\/\/skaitytaknyga.lt\/produktas\/tarp-muzikos-mokslo-ir-kalnu\/#primaryimage\",\"url\":\"https:\/\/skaitytaknyga.lt\/wp-content\/uploads\/2024\/10\/Tarp-muzikos-mokslo-ir-kalnu.webp\",\"contentUrl\":\"https:\/\/skaitytaknyga.lt\/wp-content\/uploads\/2024\/10\/Tarp-muzikos-mokslo-ir-kalnu.webp\",\"width\":553,\"height\":800,\"caption\":\"Tarp muzikos, mokslo ir kaln\u0173\"},{\"@type\":\"BreadcrumbList\",\"@id\":\"https:\/\/skaitytaknyga.lt\/produktas\/tarp-muzikos-mokslo-ir-kalnu\/#breadcrumb\",\"itemListElement\":[{\"@type\":\"ListItem\",\"position\":1,\"name\":\"Home\",\"item\":\"https:\/\/skaitytaknyga.lt\/\"},{\"@type\":\"ListItem\",\"position\":2,\"name\":\"Parduotuv\u0117\",\"item\":\"https:\/\/skaitytaknyga.lt\/knygu-parduotuve\/\"},{\"@type\":\"ListItem\",\"position\":3,\"name\":\"Tarp muzikos, mokslo ir kaln\u0173\"}]},{\"@type\":\"WebSite\",\"@id\":\"https:\/\/skaitytaknyga.lt\/#website\",\"url\":\"https:\/\/skaitytaknyga.lt\/\",\"name\":\"skaitytaknyga.lt\",\"description\":\"Skaitytaknyga.lt \u2013 tai ma\u017eas \u0161eimos verslas, kuris prasid\u0117jo nuo meil\u0117s knygoms ir siekio i\u0161gelb\u0117ti knygas nuo likimo prie konteinerio. Kas vienam nereikalingas daiktas \u2013 kitam lobis, o mes esame tarpininkai, kurie padeda abiems tapti laimingesniems ???? \u017dinome kaip nelengva i\u0161gyventi ma\u017eiems verslams, tad nuo \u0161iol, \u010dia rasite ir kit\u0173, ma\u017e\u0173 \u0161eim\u0173 versl\u0173, rank\u0173 darbo, dovan\u0173 sau ir artimiesiems.\",\"publisher\":{\"@id\":\"https:\/\/skaitytaknyga.lt\/#organization\"},\"potentialAction\":[{\"@type\":\"SearchAction\",\"target\":{\"@type\":\"EntryPoint\",\"urlTemplate\":\"https:\/\/skaitytaknyga.lt\/?s={search_term_string}\"},\"query-input\":{\"@type\":\"PropertyValueSpecification\",\"valueRequired\":true,\"valueName\":\"search_term_string\"}}],\"inLanguage\":\"en-GB\"},{\"@type\":\"Organization\",\"@id\":\"https:\/\/skaitytaknyga.lt\/#organization\",\"name\":\"skaitytaknyga.lt\",\"url\":\"https:\/\/skaitytaknyga.lt\/\",\"logo\":{\"@type\":\"ImageObject\",\"inLanguage\":\"en-GB\",\"@id\":\"https:\/\/skaitytaknyga.lt\/#\/schema\/logo\/image\/\",\"url\":\"https:\/\/skaitytaknyga.lt\/wp-content\/uploads\/2024\/05\/cropped-cropped-cropped-02_00843_jt3bggkj1j3HLc7SyY6rEUpg.jpeg\",\"contentUrl\":\"https:\/\/skaitytaknyga.lt\/wp-content\/uploads\/2024\/05\/cropped-cropped-cropped-02_00843_jt3bggkj1j3HLc7SyY6rEUpg.jpeg\",\"width\":1600,\"height\":1600,\"caption\":\"skaitytaknyga.lt\"},\"image\":{\"@id\":\"https:\/\/skaitytaknyga.lt\/#\/schema\/logo\/image\/\"},\"sameAs\":[\"https:\/\/www.facebook.com\/skaitytaknyga\/\"]}]}<\/script>\n<!-- \/ Yoast SEO plugin. -->","yoast_head_json":{"title":"Tarp muzikos, mokslo ir kaln\u0173","description":"Knygoje \u201eTarp muzikos, mokslo ir kaln\u0173\u201c spausdinami muzikologo Juozo Antanavi\u010diaus darbai: mokslin\u0117s studijos, straipsniai, recenzijos, dalykin\u0117s ir","robots":{"index":"index","follow":"follow","max-snippet":"max-snippet:-1","max-image-preview":"max-image-preview:large","max-video-preview":"max-video-preview:-1"},"canonical":"https:\/\/skaitytaknyga.lt\/en\/produktas\/tarp-muzikos-mokslo-ir-kalnu\/","og_locale":"en_GB","og_type":"article","og_title":"[:lt]Tarp muzikos, mokslo ir kaln\u0173[:] - Skaitytaknyga","og_description":"Knygoje \u201eTarp muzikos, mokslo ir kaln\u0173\u201c spausdinami muzikologo Juozo Antanavi\u010diaus darbai: mokslin\u0117s studijos, straipsniai, recenzijos, dalykin\u0117s ir","og_url":"https:\/\/skaitytaknyga.lt\/en\/produktas\/tarp-muzikos-mokslo-ir-kalnu\/","og_site_name":"Skaitytaknyga","article_publisher":"https:\/\/www.facebook.com\/skaitytaknyga\/","article_modified_time":"2025-06-26T12:36:59+00:00","og_image":[{"width":553,"height":800,"url":"https:\/\/skaitytaknyga.lt\/wp-content\/uploads\/2024\/10\/Tarp-muzikos-mokslo-ir-kalnu.webp","type":"image\/webp"}],"twitter_card":"summary_large_image","twitter_misc":{"Estimated reading time":"1 minute"},"schema":{"@context":"https:\/\/schema.org","@graph":[{"@type":"WebPage","@id":"https:\/\/skaitytaknyga.lt\/produktas\/tarp-muzikos-mokslo-ir-kalnu\/","url":"https:\/\/skaitytaknyga.lt\/produktas\/tarp-muzikos-mokslo-ir-kalnu\/","name":"Tarp muzikos, mokslo ir kaln\u0173","isPartOf":{"@id":"https:\/\/skaitytaknyga.lt\/#website"},"primaryImageOfPage":{"@id":"https:\/\/skaitytaknyga.lt\/produktas\/tarp-muzikos-mokslo-ir-kalnu\/#primaryimage"},"image":{"@id":"https:\/\/skaitytaknyga.lt\/produktas\/tarp-muzikos-mokslo-ir-kalnu\/#primaryimage"},"thumbnailUrl":"https:\/\/skaitytaknyga.lt\/wp-content\/uploads\/2024\/10\/Tarp-muzikos-mokslo-ir-kalnu.webp","datePublished":"2024-10-26T08:50:23+00:00","dateModified":"2025-06-26T12:36:59+00:00","description":"Knygoje \u201eTarp muzikos, mokslo ir kaln\u0173\u201c spausdinami muzikologo Juozo Antanavi\u010diaus darbai: mokslin\u0117s studijos, straipsniai, recenzijos, dalykin\u0117s ir","breadcrumb":{"@id":"https:\/\/skaitytaknyga.lt\/produktas\/tarp-muzikos-mokslo-ir-kalnu\/#breadcrumb"},"inLanguage":"en-GB","potentialAction":[{"@type":"ReadAction","target":["https:\/\/skaitytaknyga.lt\/produktas\/tarp-muzikos-mokslo-ir-kalnu\/"]}]},{"@type":"ImageObject","inLanguage":"en-GB","@id":"https:\/\/skaitytaknyga.lt\/produktas\/tarp-muzikos-mokslo-ir-kalnu\/#primaryimage","url":"https:\/\/skaitytaknyga.lt\/wp-content\/uploads\/2024\/10\/Tarp-muzikos-mokslo-ir-kalnu.webp","contentUrl":"https:\/\/skaitytaknyga.lt\/wp-content\/uploads\/2024\/10\/Tarp-muzikos-mokslo-ir-kalnu.webp","width":553,"height":800,"caption":"Tarp muzikos, mokslo ir kaln\u0173"},{"@type":"BreadcrumbList","@id":"https:\/\/skaitytaknyga.lt\/produktas\/tarp-muzikos-mokslo-ir-kalnu\/#breadcrumb","itemListElement":[{"@type":"ListItem","position":1,"name":"Home","item":"https:\/\/skaitytaknyga.lt\/"},{"@type":"ListItem","position":2,"name":"Parduotuv\u0117","item":"https:\/\/skaitytaknyga.lt\/knygu-parduotuve\/"},{"@type":"ListItem","position":3,"name":"Tarp muzikos, mokslo ir kaln\u0173"}]},{"@type":"WebSite","@id":"https:\/\/skaitytaknyga.lt\/#website","url":"https:\/\/skaitytaknyga.lt\/","name":"skaitytaknyga.lt","description":"Skaitytaknyga.lt \u2013 tai ma\u017eas \u0161eimos verslas, kuris prasid\u0117jo nuo meil\u0117s knygoms ir siekio i\u0161gelb\u0117ti knygas nuo likimo prie konteinerio. Kas vienam nereikalingas daiktas \u2013 kitam lobis, o mes esame tarpininkai, kurie padeda abiems tapti laimingesniems ???? \u017dinome kaip nelengva i\u0161gyventi ma\u017eiems verslams, tad nuo \u0161iol, \u010dia rasite ir kit\u0173, ma\u017e\u0173 \u0161eim\u0173 versl\u0173, rank\u0173 darbo, dovan\u0173 sau ir artimiesiems.","publisher":{"@id":"https:\/\/skaitytaknyga.lt\/#organization"},"potentialAction":[{"@type":"SearchAction","target":{"@type":"EntryPoint","urlTemplate":"https:\/\/skaitytaknyga.lt\/?s={search_term_string}"},"query-input":{"@type":"PropertyValueSpecification","valueRequired":true,"valueName":"search_term_string"}}],"inLanguage":"en-GB"},{"@type":"Organization","@id":"https:\/\/skaitytaknyga.lt\/#organization","name":"skaitytaknyga.lt","url":"https:\/\/skaitytaknyga.lt\/","logo":{"@type":"ImageObject","inLanguage":"en-GB","@id":"https:\/\/skaitytaknyga.lt\/#\/schema\/logo\/image\/","url":"https:\/\/skaitytaknyga.lt\/wp-content\/uploads\/2024\/05\/cropped-cropped-cropped-02_00843_jt3bggkj1j3HLc7SyY6rEUpg.jpeg","contentUrl":"https:\/\/skaitytaknyga.lt\/wp-content\/uploads\/2024\/05\/cropped-cropped-cropped-02_00843_jt3bggkj1j3HLc7SyY6rEUpg.jpeg","width":1600,"height":1600,"caption":"skaitytaknyga.lt"},"image":{"@id":"https:\/\/skaitytaknyga.lt\/#\/schema\/logo\/image\/"},"sameAs":["https:\/\/www.facebook.com\/skaitytaknyga\/"]}]}},"_links":{"self":[{"href":"https:\/\/skaitytaknyga.lt\/en\/wp-json\/wp\/v2\/product\/14406","targetHints":{"allow":["GET"]}}],"collection":[{"href":"https:\/\/skaitytaknyga.lt\/en\/wp-json\/wp\/v2\/product"}],"about":[{"href":"https:\/\/skaitytaknyga.lt\/en\/wp-json\/wp\/v2\/types\/product"}],"replies":[{"embeddable":true,"href":"https:\/\/skaitytaknyga.lt\/en\/wp-json\/wp\/v2\/comments?post=14406"}],"wp:featuredmedia":[{"embeddable":true,"href":"https:\/\/skaitytaknyga.lt\/en\/wp-json\/wp\/v2\/media\/14417"}],"wp:attachment":[{"href":"https:\/\/skaitytaknyga.lt\/en\/wp-json\/wp\/v2\/media?parent=14406"}],"wp:term":[{"taxonomy":"product_brand","embeddable":true,"href":"https:\/\/skaitytaknyga.lt\/en\/wp-json\/wp\/v2\/product_brand?post=14406"},{"taxonomy":"product_cat","embeddable":true,"href":"https:\/\/skaitytaknyga.lt\/en\/wp-json\/wp\/v2\/product_cat?post=14406"},{"taxonomy":"product_tag","embeddable":true,"href":"https:\/\/skaitytaknyga.lt\/en\/wp-json\/wp\/v2\/product_tag?post=14406"}],"curies":[{"name":"wp","href":"https:\/\/api.w.org\/{rel}","templated":true}]}}