{"id":14405,"date":"2024-10-26T11:50:23","date_gmt":"2024-10-26T08:50:23","guid":{"rendered":"https:\/\/skaitytaknyga.lt\/?post_type=product&#038;p=14405"},"modified":"2025-05-15T10:09:59","modified_gmt":"2025-05-15T07:09:59","slug":"su-birute-almonaityte","status":"publish","type":"product","link":"https:\/\/skaitytaknyga.lt\/en\/produktas\/su-birute-almonaityte\/","title":{"rendered":"Su Birute Almonaityte"},"content":{"rendered":"<p>Birut\u0117 Almonaityt\u0117 (1934-2004) \u2013 viena \u017eymiausi\u0173 XX a. antrosios pus\u0117s Lietuvos solis\u010di\u0173. Jos darb\u0173 skrynia pilna ne tik operos vaidmen\u0173, bet ir koncertini\u0173 program\u0173. Operoje praleisti metai subrandino pagrindines mecosoprano partijas, \u010dia parengta per 40 vaidmen\u0173 (Carmen, Amneris, Ulrica, Maddalena, Azucena, Eboli, Siebelis, Mirta, Vyd\u016bno sesuo, Bu\u0161\u0117, Ana Regina Czipra, Kon\u010dakovna, Marina Mni\u0161ek). Brand\u0173 solist\u0117s po\u017ei\u016br\u012f atskleid\u0117 koncertinio repertuaro formavimas. Daugiausia d\u0117mesio ji skyr\u0117 lietuvi\u0173 kompozitori\u0173 k\u016brybai ir tuo metu ma\u017eai \u017einomai XX a. pranc\u016bz\u0173 muzikai. Jos \u012fdainuot\u0173 \u012fvairi\u0173 \u017eanr\u0173 k\u016brini\u0173 u\u017efiksuota 7 plok\u0161tel\u0117se, per 200 \u012fra\u0161\u0173 i\u0161lik\u0119 Lietuvos radijuje.<\/p>\n","protected":false},"excerpt":{"rendered":"<p>Birut\u0117 Almonaityt\u0117 (1934-2004) \u2013 viena \u017eymiausi\u0173 XX a. antrosios pus\u0117s Lietuvos solis\u010di\u0173. Jos darb\u0173 skrynia pilna ne tik operos vaidmen\u0173, bet ir koncertini\u0173 program\u0173. Operoje praleisti metai subrandino pagrindines mecosoprano partijas, \u010dia parengta per 40 vaidmen\u0173 (Carmen, Amneris, Ulrica, Maddalena, Azucena, Eboli, Siebelis, Mirta, Vyd\u016bno sesuo, Bu\u0161\u0117, Ana Regina Czipra, Kon\u010dakovna, Marina Mni\u0161ek). Brand\u0173 solist\u0117s po\u017ei\u016br\u012f atskleid\u0117 koncertinio repertuaro formavimas. Daugiausia d\u0117mesio ji skyr\u0117 lietuvi\u0173 kompozitori\u0173 k\u016brybai ir tuo metu ma\u017eai \u017einomai XX a. pranc\u016bz\u0173 muzikai. Jos \u012fdainuot\u0173 \u012fvairi\u0173 \u017eanr\u0173 k\u016brini\u0173 u\u017efiksuota 7 plok\u0161tel\u0117se, per 200 \u012fra\u0161\u0173 i\u0161lik\u0119 Lietuvos radijuje.<\/p>\n","protected":false},"featured_media":14412,"comment_status":"open","ping_status":"closed","template":"","meta":{"_acf_changed":false,"site-sidebar-layout":"default","site-content-layout":"","ast-site-content-layout":"default","site-content-style":"default","site-sidebar-style":"default","ast-global-header-display":"","ast-banner-title-visibility":"","ast-main-header-display":"","ast-hfb-above-header-display":"","ast-hfb-below-header-display":"","ast-hfb-mobile-header-display":"","site-post-title":"","ast-breadcrumbs-content":"","ast-featured-img":"","footer-sml-layout":"","ast-disable-related-posts":"","theme-transparent-header-meta":"default","adv-header-id-meta":"","stick-header-meta":"","header-above-stick-meta":"","header-main-stick-meta":"","header-below-stick-meta":"","astra-migrate-meta-layouts":"set","ast-page-background-enabled":"default","ast-page-background-meta":{"desktop":{"background-color":"","background-image":"","background-repeat":"repeat","background-position":"center center","background-size":"auto","background-attachment":"scroll","background-type":"","background-media":"","overlay-type":"","overlay-color":"","overlay-opacity":"","overlay-gradient":""},"tablet":{"background-color":"","background-image":"","background-repeat":"repeat","background-position":"center center","background-size":"auto","background-attachment":"scroll","background-type":"","background-media":"","overlay-type":"","overlay-color":"","overlay-opacity":"","overlay-gradient":""},"mobile":{"background-color":"","background-image":"","background-repeat":"repeat","background-position":"center center","background-size":"auto","background-attachment":"scroll","background-type":"","background-media":"","overlay-type":"","overlay-color":"","overlay-opacity":"","overlay-gradient":""}},"ast-content-background-meta":{"desktop":{"background-color":"var(--ast-global-color-4)","background-image":"","background-repeat":"repeat","background-position":"center center","background-size":"auto","background-attachment":"scroll","background-type":"","background-media":"","overlay-type":"","overlay-color":"","overlay-opacity":"","overlay-gradient":""},"tablet":{"background-color":"var(--ast-global-color-4)","background-image":"","background-repeat":"repeat","background-position":"center center","background-size":"auto","background-attachment":"scroll","background-type":"","background-media":"","overlay-type":"","overlay-color":"","overlay-opacity":"","overlay-gradient":""},"mobile":{"background-color":"var(--ast-global-color-4)","background-image":"","background-repeat":"repeat","background-position":"center center","background-size":"auto","background-attachment":"scroll","background-type":"","background-media":"","overlay-type":"","overlay-color":"","overlay-opacity":"","overlay-gradient":""}}},"product_brand":[],"product_cat":[33,15,57],"product_tag":[2045,2897,2896,2899,2898,2900],"class_list":{"0":"post-14405","1":"product","2":"type-product","3":"status-publish","4":"has-post-thumbnail","6":"product_cat-biografijos","7":"product_cat-uncategorized","8":"product_cat-menas-ir-albumai","9":"product_tag-biografija","10":"product_tag-birute-almonaityte","11":"product_tag-jonas-bruveris","12":"product_tag-lietuvos-kultura","13":"product_tag-muzika","14":"product_tag-operos-soliste","15":"desktop-align-left","16":"tablet-align-left","17":"mobile-align-left","19":"first","20":"instock","21":"shipping-taxable","22":"purchasable","23":"product-type-simple"},"acf":[],"yoast_head":"<!-- This site is optimized with the Yoast SEO plugin v27.0 - https:\/\/yoast.com\/product\/yoast-seo-wordpress\/ -->\n<title>Su Birute Almonaityte<\/title>\n<meta name=\"description\" content=\"Birut\u0117 Almonaityt\u0117 (1934-2004) \u2013 viena \u017eymiausi\u0173 XX a. antrosios pus\u0117s Lietuvos solis\u010di\u0173. Jos darb\u0173 skrynia pilna ne tik operos vaidmen\u0173, bet ir\" \/>\n<meta name=\"robots\" content=\"index, follow, max-snippet:-1, max-image-preview:large, max-video-preview:-1\" \/>\n<link rel=\"canonical\" href=\"https:\/\/skaitytaknyga.lt\/en\/produktas\/su-birute-almonaityte\/\" \/>\n<meta property=\"og:locale\" content=\"en_GB\" \/>\n<meta property=\"og:locale:alternate\" content=\"lt_LT\" \/>\n<meta property=\"og:type\" content=\"article\" \/>\n<meta property=\"og:title\" content=\"Su Birute Almonaityte\" \/>\n<meta property=\"og:description\" content=\"Birut\u0117 Almonaityt\u0117 (1934-2004) \u2013 viena \u017eymiausi\u0173 XX a. antrosios pus\u0117s Lietuvos solis\u010di\u0173. Jos darb\u0173 skrynia pilna ne tik operos vaidmen\u0173, bet ir\" \/>\n<meta property=\"og:url\" content=\"https:\/\/skaitytaknyga.lt\/en\/produktas\/su-birute-almonaityte\/\" \/>\n<meta property=\"og:site_name\" content=\"Skaitytaknyga\" \/>\n<meta property=\"article:publisher\" content=\"https:\/\/www.facebook.com\/skaitytaknyga\/\" \/>\n<meta property=\"article:modified_time\" content=\"2025-05-15T07:09:59+00:00\" \/>\n<meta property=\"og:image\" content=\"https:\/\/skaitytaknyga.lt\/wp-content\/uploads\/2024\/10\/Su-Birute-Almonaityte.jpg\" \/>\n\t<meta property=\"og:image:width\" content=\"357\" \/>\n\t<meta property=\"og:image:height\" content=\"575\" \/>\n\t<meta property=\"og:image:type\" content=\"image\/jpeg\" \/>\n<meta name=\"twitter:card\" content=\"summary_large_image\" \/>\n<meta name=\"twitter:label1\" content=\"Estimated reading time\" \/>\n\t<meta name=\"twitter:data1\" content=\"1 minute\" \/>\n<script type=\"application\/ld+json\" class=\"yoast-schema-graph\">{\"@context\":\"https:\/\/schema.org\",\"@graph\":[{\"@type\":\"WebPage\",\"@id\":\"https:\/\/skaitytaknyga.lt\/produktas\/su-birute-almonaityte\/\",\"url\":\"https:\/\/skaitytaknyga.lt\/produktas\/su-birute-almonaityte\/\",\"name\":\"Su Birute Almonaityte\",\"isPartOf\":{\"@id\":\"https:\/\/skaitytaknyga.lt\/#website\"},\"primaryImageOfPage\":{\"@id\":\"https:\/\/skaitytaknyga.lt\/produktas\/su-birute-almonaityte\/#primaryimage\"},\"image\":{\"@id\":\"https:\/\/skaitytaknyga.lt\/produktas\/su-birute-almonaityte\/#primaryimage\"},\"thumbnailUrl\":\"https:\/\/skaitytaknyga.lt\/wp-content\/uploads\/2024\/10\/Su-Birute-Almonaityte.jpg\",\"datePublished\":\"2024-10-26T08:50:23+00:00\",\"dateModified\":\"2025-05-15T07:09:59+00:00\",\"description\":\"Birut\u0117 Almonaityt\u0117 (1934-2004) \u2013 viena \u017eymiausi\u0173 XX a. antrosios pus\u0117s Lietuvos solis\u010di\u0173. Jos darb\u0173 skrynia pilna ne tik operos vaidmen\u0173, bet ir\",\"breadcrumb\":{\"@id\":\"https:\/\/skaitytaknyga.lt\/produktas\/su-birute-almonaityte\/#breadcrumb\"},\"inLanguage\":\"en-GB\",\"potentialAction\":[{\"@type\":\"ReadAction\",\"target\":[\"https:\/\/skaitytaknyga.lt\/produktas\/su-birute-almonaityte\/\"]}]},{\"@type\":\"ImageObject\",\"inLanguage\":\"en-GB\",\"@id\":\"https:\/\/skaitytaknyga.lt\/produktas\/su-birute-almonaityte\/#primaryimage\",\"url\":\"https:\/\/skaitytaknyga.lt\/wp-content\/uploads\/2024\/10\/Su-Birute-Almonaityte.jpg\",\"contentUrl\":\"https:\/\/skaitytaknyga.lt\/wp-content\/uploads\/2024\/10\/Su-Birute-Almonaityte.jpg\",\"width\":357,\"height\":575,\"caption\":\"Su Birute Almonaityte\"},{\"@type\":\"BreadcrumbList\",\"@id\":\"https:\/\/skaitytaknyga.lt\/produktas\/su-birute-almonaityte\/#breadcrumb\",\"itemListElement\":[{\"@type\":\"ListItem\",\"position\":1,\"name\":\"Home\",\"item\":\"https:\/\/skaitytaknyga.lt\/\"},{\"@type\":\"ListItem\",\"position\":2,\"name\":\"Parduotuv\u0117\",\"item\":\"https:\/\/skaitytaknyga.lt\/knygu-parduotuve\/\"},{\"@type\":\"ListItem\",\"position\":3,\"name\":\"Su Birute Almonaityte\"}]},{\"@type\":\"WebSite\",\"@id\":\"https:\/\/skaitytaknyga.lt\/#website\",\"url\":\"https:\/\/skaitytaknyga.lt\/\",\"name\":\"skaitytaknyga.lt\",\"description\":\"Skaitytaknyga.lt \u2013 tai ma\u017eas \u0161eimos verslas, kuris prasid\u0117jo nuo meil\u0117s knygoms ir siekio i\u0161gelb\u0117ti knygas nuo likimo prie konteinerio. Kas vienam nereikalingas daiktas \u2013 kitam lobis, o mes esame tarpininkai, kurie padeda abiems tapti laimingesniems ???? \u017dinome kaip nelengva i\u0161gyventi ma\u017eiems verslams, tad nuo \u0161iol, \u010dia rasite ir kit\u0173, ma\u017e\u0173 \u0161eim\u0173 versl\u0173, rank\u0173 darbo, dovan\u0173 sau ir artimiesiems.\",\"publisher\":{\"@id\":\"https:\/\/skaitytaknyga.lt\/#organization\"},\"potentialAction\":[{\"@type\":\"SearchAction\",\"target\":{\"@type\":\"EntryPoint\",\"urlTemplate\":\"https:\/\/skaitytaknyga.lt\/?s={search_term_string}\"},\"query-input\":{\"@type\":\"PropertyValueSpecification\",\"valueRequired\":true,\"valueName\":\"search_term_string\"}}],\"inLanguage\":\"en-GB\"},{\"@type\":\"Organization\",\"@id\":\"https:\/\/skaitytaknyga.lt\/#organization\",\"name\":\"skaitytaknyga.lt\",\"url\":\"https:\/\/skaitytaknyga.lt\/\",\"logo\":{\"@type\":\"ImageObject\",\"inLanguage\":\"en-GB\",\"@id\":\"https:\/\/skaitytaknyga.lt\/#\/schema\/logo\/image\/\",\"url\":\"https:\/\/skaitytaknyga.lt\/wp-content\/uploads\/2024\/05\/cropped-cropped-cropped-02_00843_jt3bggkj1j3HLc7SyY6rEUpg.jpeg\",\"contentUrl\":\"https:\/\/skaitytaknyga.lt\/wp-content\/uploads\/2024\/05\/cropped-cropped-cropped-02_00843_jt3bggkj1j3HLc7SyY6rEUpg.jpeg\",\"width\":1600,\"height\":1600,\"caption\":\"skaitytaknyga.lt\"},\"image\":{\"@id\":\"https:\/\/skaitytaknyga.lt\/#\/schema\/logo\/image\/\"},\"sameAs\":[\"https:\/\/www.facebook.com\/skaitytaknyga\/\"]}]}<\/script>\n<!-- \/ Yoast SEO plugin. -->","yoast_head_json":{"title":"Su Birute Almonaityte","description":"Birut\u0117 Almonaityt\u0117 (1934-2004) \u2013 viena \u017eymiausi\u0173 XX a. antrosios pus\u0117s Lietuvos solis\u010di\u0173. Jos darb\u0173 skrynia pilna ne tik operos vaidmen\u0173, bet ir","robots":{"index":"index","follow":"follow","max-snippet":"max-snippet:-1","max-image-preview":"max-image-preview:large","max-video-preview":"max-video-preview:-1"},"canonical":"https:\/\/skaitytaknyga.lt\/en\/produktas\/su-birute-almonaityte\/","og_locale":"en_GB","og_type":"article","og_title":"[:lt]Su Birute Almonaityte[:] - Skaitytaknyga","og_description":"Birut\u0117 Almonaityt\u0117 (1934-2004) \u2013 viena \u017eymiausi\u0173 XX a. antrosios pus\u0117s Lietuvos solis\u010di\u0173. Jos darb\u0173 skrynia pilna ne tik operos vaidmen\u0173, bet ir","og_url":"https:\/\/skaitytaknyga.lt\/en\/produktas\/su-birute-almonaityte\/","og_site_name":"Skaitytaknyga","article_publisher":"https:\/\/www.facebook.com\/skaitytaknyga\/","article_modified_time":"2025-05-15T07:09:59+00:00","og_image":[{"width":357,"height":575,"url":"https:\/\/skaitytaknyga.lt\/wp-content\/uploads\/2024\/10\/Su-Birute-Almonaityte.jpg","type":"image\/jpeg"}],"twitter_card":"summary_large_image","twitter_misc":{"Estimated reading time":"1 minute"},"schema":{"@context":"https:\/\/schema.org","@graph":[{"@type":"WebPage","@id":"https:\/\/skaitytaknyga.lt\/produktas\/su-birute-almonaityte\/","url":"https:\/\/skaitytaknyga.lt\/produktas\/su-birute-almonaityte\/","name":"Su Birute Almonaityte","isPartOf":{"@id":"https:\/\/skaitytaknyga.lt\/#website"},"primaryImageOfPage":{"@id":"https:\/\/skaitytaknyga.lt\/produktas\/su-birute-almonaityte\/#primaryimage"},"image":{"@id":"https:\/\/skaitytaknyga.lt\/produktas\/su-birute-almonaityte\/#primaryimage"},"thumbnailUrl":"https:\/\/skaitytaknyga.lt\/wp-content\/uploads\/2024\/10\/Su-Birute-Almonaityte.jpg","datePublished":"2024-10-26T08:50:23+00:00","dateModified":"2025-05-15T07:09:59+00:00","description":"Birut\u0117 Almonaityt\u0117 (1934-2004) \u2013 viena \u017eymiausi\u0173 XX a. antrosios pus\u0117s Lietuvos solis\u010di\u0173. Jos darb\u0173 skrynia pilna ne tik operos vaidmen\u0173, bet ir","breadcrumb":{"@id":"https:\/\/skaitytaknyga.lt\/produktas\/su-birute-almonaityte\/#breadcrumb"},"inLanguage":"en-GB","potentialAction":[{"@type":"ReadAction","target":["https:\/\/skaitytaknyga.lt\/produktas\/su-birute-almonaityte\/"]}]},{"@type":"ImageObject","inLanguage":"en-GB","@id":"https:\/\/skaitytaknyga.lt\/produktas\/su-birute-almonaityte\/#primaryimage","url":"https:\/\/skaitytaknyga.lt\/wp-content\/uploads\/2024\/10\/Su-Birute-Almonaityte.jpg","contentUrl":"https:\/\/skaitytaknyga.lt\/wp-content\/uploads\/2024\/10\/Su-Birute-Almonaityte.jpg","width":357,"height":575,"caption":"Su Birute Almonaityte"},{"@type":"BreadcrumbList","@id":"https:\/\/skaitytaknyga.lt\/produktas\/su-birute-almonaityte\/#breadcrumb","itemListElement":[{"@type":"ListItem","position":1,"name":"Home","item":"https:\/\/skaitytaknyga.lt\/"},{"@type":"ListItem","position":2,"name":"Parduotuv\u0117","item":"https:\/\/skaitytaknyga.lt\/knygu-parduotuve\/"},{"@type":"ListItem","position":3,"name":"Su Birute Almonaityte"}]},{"@type":"WebSite","@id":"https:\/\/skaitytaknyga.lt\/#website","url":"https:\/\/skaitytaknyga.lt\/","name":"skaitytaknyga.lt","description":"Skaitytaknyga.lt \u2013 tai ma\u017eas \u0161eimos verslas, kuris prasid\u0117jo nuo meil\u0117s knygoms ir siekio i\u0161gelb\u0117ti knygas nuo likimo prie konteinerio. Kas vienam nereikalingas daiktas \u2013 kitam lobis, o mes esame tarpininkai, kurie padeda abiems tapti laimingesniems ???? \u017dinome kaip nelengva i\u0161gyventi ma\u017eiems verslams, tad nuo \u0161iol, \u010dia rasite ir kit\u0173, ma\u017e\u0173 \u0161eim\u0173 versl\u0173, rank\u0173 darbo, dovan\u0173 sau ir artimiesiems.","publisher":{"@id":"https:\/\/skaitytaknyga.lt\/#organization"},"potentialAction":[{"@type":"SearchAction","target":{"@type":"EntryPoint","urlTemplate":"https:\/\/skaitytaknyga.lt\/?s={search_term_string}"},"query-input":{"@type":"PropertyValueSpecification","valueRequired":true,"valueName":"search_term_string"}}],"inLanguage":"en-GB"},{"@type":"Organization","@id":"https:\/\/skaitytaknyga.lt\/#organization","name":"skaitytaknyga.lt","url":"https:\/\/skaitytaknyga.lt\/","logo":{"@type":"ImageObject","inLanguage":"en-GB","@id":"https:\/\/skaitytaknyga.lt\/#\/schema\/logo\/image\/","url":"https:\/\/skaitytaknyga.lt\/wp-content\/uploads\/2024\/05\/cropped-cropped-cropped-02_00843_jt3bggkj1j3HLc7SyY6rEUpg.jpeg","contentUrl":"https:\/\/skaitytaknyga.lt\/wp-content\/uploads\/2024\/05\/cropped-cropped-cropped-02_00843_jt3bggkj1j3HLc7SyY6rEUpg.jpeg","width":1600,"height":1600,"caption":"skaitytaknyga.lt"},"image":{"@id":"https:\/\/skaitytaknyga.lt\/#\/schema\/logo\/image\/"},"sameAs":["https:\/\/www.facebook.com\/skaitytaknyga\/"]}]}},"_links":{"self":[{"href":"https:\/\/skaitytaknyga.lt\/en\/wp-json\/wp\/v2\/product\/14405","targetHints":{"allow":["GET"]}}],"collection":[{"href":"https:\/\/skaitytaknyga.lt\/en\/wp-json\/wp\/v2\/product"}],"about":[{"href":"https:\/\/skaitytaknyga.lt\/en\/wp-json\/wp\/v2\/types\/product"}],"replies":[{"embeddable":true,"href":"https:\/\/skaitytaknyga.lt\/en\/wp-json\/wp\/v2\/comments?post=14405"}],"wp:featuredmedia":[{"embeddable":true,"href":"https:\/\/skaitytaknyga.lt\/en\/wp-json\/wp\/v2\/media\/14412"}],"wp:attachment":[{"href":"https:\/\/skaitytaknyga.lt\/en\/wp-json\/wp\/v2\/media?parent=14405"}],"wp:term":[{"taxonomy":"product_brand","embeddable":true,"href":"https:\/\/skaitytaknyga.lt\/en\/wp-json\/wp\/v2\/product_brand?post=14405"},{"taxonomy":"product_cat","embeddable":true,"href":"https:\/\/skaitytaknyga.lt\/en\/wp-json\/wp\/v2\/product_cat?post=14405"},{"taxonomy":"product_tag","embeddable":true,"href":"https:\/\/skaitytaknyga.lt\/en\/wp-json\/wp\/v2\/product_tag?post=14405"}],"curies":[{"name":"wp","href":"https:\/\/api.w.org\/{rel}","templated":true}]}}