{"id":14404,"date":"2024-10-26T11:50:23","date_gmt":"2024-10-26T08:50:23","guid":{"rendered":"https:\/\/skaitytaknyga.lt\/?post_type=product&#038;p=14404"},"modified":"2025-05-15T08:53:18","modified_gmt":"2025-05-15T05:53:18","slug":"vincas-svirskis","status":"publish","type":"product","link":"https:\/\/skaitytaknyga.lt\/en\/produktas\/vincas-svirskis\/","title":{"rendered":"Vincas Svirskis"},"content":{"rendered":"<p>Lietuvos keliais ir vie\u0161keliais, i\u0161 kaimo \u012f kaim\u0105 eidavo p\u0117s\u010dias, kaip \u017emon\u0117s sako, &#8220;ma\u017eas sulink\u0119s d\u0117delis&#8221;, apsivilk\u0119s rudu \u017eiponiuku, savo i\u0161ore kuklus, nesiskiriantis i\u0161 paprast\u0173 kaimo \u017emoni\u0173, mandagus ir niekam neu\u017ekli\u016bvantis kry\u017ei\u0173 meistras Vincas Svirskis. O nukeliauti gal\u0117davo jis ir toliau, nes joks sunkus ne\u0161ulys nesl\u0117gdavo meistro pe\u010di\u0173, nebent toji neatidaloma jo paties min\u010di\u0173 ir did\u017eiulio tri\u016bso na\u0161ta. Rankose tik nedidel\u0117 medin\u0117 skrynel\u0117 &#8211; visas jo turtas. Joje menki darbo \u012frankiai &#8211; kirvukas, kaltelis, peilis&#8230; Duona ir pastog\u0117 &#8211; kiekviename kaime, kur \u017emon\u0117s nor\u0117davo papuo\u0161ti savo sodybas ir pakeles \u012fstabiais jo rank\u0173 tvariniais.<\/p>\n","protected":false},"excerpt":{"rendered":"<p>Lietuvos keliais ir vie\u0161keliais, i\u0161 kaimo \u012f kaim\u0105 eidavo p\u0117s\u010dias, kaip \u017emon\u0117s sako, &#8220;ma\u017eas sulink\u0119s d\u0117delis&#8221;, apsivilk\u0119s rudu \u017eiponiuku, savo i\u0161ore kuklus, nesiskiriantis i\u0161 paprast\u0173 kaimo \u017emoni\u0173, mandagus ir niekam neu\u017ekli\u016bvantis kry\u017ei\u0173 meistras Vincas Svirskis. O nukeliauti gal\u0117davo jis ir toliau, nes joks sunkus ne\u0161ulys nesl\u0117gdavo meistro pe\u010di\u0173, nebent toji neatidaloma jo paties min\u010di\u0173 ir did\u017eiulio tri\u016bso na\u0161ta. Rankose tik nedidel\u0117 medin\u0117 skrynel\u0117 &#8211; visas jo turtas. Joje menki darbo \u012frankiai &#8211; kirvukas, kaltelis, peilis&#8230; Duona ir pastog\u0117 &#8211; kiekviename kaime, kur \u017emon\u0117s nor\u0117davo papuo\u0161ti savo sodybas ir pakeles \u012fstabiais jo rank\u0173 tvariniais.<\/p>\n","protected":false},"featured_media":14413,"comment_status":"open","ping_status":"closed","template":"","meta":{"_acf_changed":false,"site-sidebar-layout":"default","site-content-layout":"","ast-site-content-layout":"default","site-content-style":"default","site-sidebar-style":"default","ast-global-header-display":"","ast-banner-title-visibility":"","ast-main-header-display":"","ast-hfb-above-header-display":"","ast-hfb-below-header-display":"","ast-hfb-mobile-header-display":"","site-post-title":"","ast-breadcrumbs-content":"","ast-featured-img":"","footer-sml-layout":"","ast-disable-related-posts":"","theme-transparent-header-meta":"default","adv-header-id-meta":"","stick-header-meta":"","header-above-stick-meta":"","header-main-stick-meta":"","header-below-stick-meta":"","astra-migrate-meta-layouts":"set","ast-page-background-enabled":"default","ast-page-background-meta":{"desktop":{"background-color":"","background-image":"","background-repeat":"repeat","background-position":"center center","background-size":"auto","background-attachment":"scroll","background-type":"","background-media":"","overlay-type":"","overlay-color":"","overlay-opacity":"","overlay-gradient":""},"tablet":{"background-color":"","background-image":"","background-repeat":"repeat","background-position":"center center","background-size":"auto","background-attachment":"scroll","background-type":"","background-media":"","overlay-type":"","overlay-color":"","overlay-opacity":"","overlay-gradient":""},"mobile":{"background-color":"","background-image":"","background-repeat":"repeat","background-position":"center center","background-size":"auto","background-attachment":"scroll","background-type":"","background-media":"","overlay-type":"","overlay-color":"","overlay-opacity":"","overlay-gradient":""}},"ast-content-background-meta":{"desktop":{"background-color":"var(--ast-global-color-4)","background-image":"","background-repeat":"repeat","background-position":"center center","background-size":"auto","background-attachment":"scroll","background-type":"","background-media":"","overlay-type":"","overlay-color":"","overlay-opacity":"","overlay-gradient":""},"tablet":{"background-color":"var(--ast-global-color-4)","background-image":"","background-repeat":"repeat","background-position":"center center","background-size":"auto","background-attachment":"scroll","background-type":"","background-media":"","overlay-type":"","overlay-color":"","overlay-opacity":"","overlay-gradient":""},"mobile":{"background-color":"var(--ast-global-color-4)","background-image":"","background-repeat":"repeat","background-position":"center center","background-size":"auto","background-attachment":"scroll","background-type":"","background-media":"","overlay-type":"","overlay-color":"","overlay-opacity":"","overlay-gradient":""}}},"product_brand":[],"product_cat":[33,15,57],"product_tag":[2045,2645,2648,2649,2647,2652,2651,2650,2646],"class_list":{"0":"post-14404","1":"product","2":"type-product","3":"status-publish","4":"has-post-thumbnail","6":"product_cat-biografijos","7":"product_cat-uncategorized","8":"product_cat-menas-ir-albumai","9":"product_tag-biografija","10":"product_tag-irena-kostkeviciute","11":"product_tag-kryzdirbyste","12":"product_tag-kulturos-istorija","13":"product_tag-liaudies-menas","14":"product_tag-lietuvos-menininkai","15":"product_tag-medzio-drozyba","16":"product_tag-sakraline-daile","17":"product_tag-vincas-svirskis","18":"desktop-align-left","19":"tablet-align-left","20":"mobile-align-left","22":"first","23":"instock","24":"shipping-taxable","25":"purchasable","26":"product-type-simple"},"acf":[],"yoast_head":"<!-- This site is optimized with the Yoast SEO plugin v27.0 - https:\/\/yoast.com\/product\/yoast-seo-wordpress\/ -->\n<title>Vincas Svirskis<\/title>\n<meta name=\"description\" content=\"Lietuvos keliais ir vie\u0161keliais, i\u0161 kaimo \u012f kaim\u0105 eidavo p\u0117s\u010dias, kaip \u017emon\u0117s sako, &quot;ma\u017eas sulink\u0119s d\u0117delis&quot;, apsivilk\u0119s rudu \u017eiponiuku, savo i\u0161ore\" \/>\n<meta name=\"robots\" content=\"index, follow, max-snippet:-1, max-image-preview:large, max-video-preview:-1\" \/>\n<link rel=\"canonical\" href=\"https:\/\/skaitytaknyga.lt\/en\/produktas\/vincas-svirskis\/\" \/>\n<meta property=\"og:locale\" content=\"en_GB\" \/>\n<meta property=\"og:locale:alternate\" content=\"lt_LT\" \/>\n<meta property=\"og:type\" content=\"article\" \/>\n<meta property=\"og:title\" content=\"Vincas Svirskis\" \/>\n<meta property=\"og:description\" content=\"Lietuvos keliais ir vie\u0161keliais, i\u0161 kaimo \u012f kaim\u0105 eidavo p\u0117s\u010dias, kaip \u017emon\u0117s sako, &quot;ma\u017eas sulink\u0119s d\u0117delis&quot;, apsivilk\u0119s rudu \u017eiponiuku, savo i\u0161ore\" \/>\n<meta property=\"og:url\" content=\"https:\/\/skaitytaknyga.lt\/en\/produktas\/vincas-svirskis\/\" \/>\n<meta property=\"og:site_name\" content=\"Skaitytaknyga\" \/>\n<meta property=\"article:publisher\" content=\"https:\/\/www.facebook.com\/skaitytaknyga\/\" \/>\n<meta property=\"article:modified_time\" content=\"2025-05-15T05:53:18+00:00\" \/>\n<meta property=\"og:image\" content=\"https:\/\/skaitytaknyga.lt\/wp-content\/uploads\/2024\/10\/svirskis-e1729933277563.jpg\" \/>\n\t<meta property=\"og:image:width\" content=\"462\" \/>\n\t<meta property=\"og:image:height\" content=\"553\" \/>\n\t<meta property=\"og:image:type\" content=\"image\/jpeg\" \/>\n<meta name=\"twitter:card\" content=\"summary_large_image\" \/>\n<meta name=\"twitter:label1\" content=\"Estimated reading time\" \/>\n\t<meta name=\"twitter:data1\" content=\"1 minute\" \/>\n<script type=\"application\/ld+json\" class=\"yoast-schema-graph\">{\"@context\":\"https:\/\/schema.org\",\"@graph\":[{\"@type\":\"WebPage\",\"@id\":\"https:\/\/skaitytaknyga.lt\/produktas\/vincas-svirskis\/\",\"url\":\"https:\/\/skaitytaknyga.lt\/produktas\/vincas-svirskis\/\",\"name\":\"Vincas Svirskis\",\"isPartOf\":{\"@id\":\"https:\/\/skaitytaknyga.lt\/#website\"},\"primaryImageOfPage\":{\"@id\":\"https:\/\/skaitytaknyga.lt\/produktas\/vincas-svirskis\/#primaryimage\"},\"image\":{\"@id\":\"https:\/\/skaitytaknyga.lt\/produktas\/vincas-svirskis\/#primaryimage\"},\"thumbnailUrl\":\"https:\/\/skaitytaknyga.lt\/wp-content\/uploads\/2024\/10\/svirskis-e1729933277563.jpg\",\"datePublished\":\"2024-10-26T08:50:23+00:00\",\"dateModified\":\"2025-05-15T05:53:18+00:00\",\"description\":\"Lietuvos keliais ir vie\u0161keliais, i\u0161 kaimo \u012f kaim\u0105 eidavo p\u0117s\u010dias, kaip \u017emon\u0117s sako, \\\"ma\u017eas sulink\u0119s d\u0117delis\\\", apsivilk\u0119s rudu \u017eiponiuku, savo i\u0161ore\",\"breadcrumb\":{\"@id\":\"https:\/\/skaitytaknyga.lt\/produktas\/vincas-svirskis\/#breadcrumb\"},\"inLanguage\":\"en-GB\",\"potentialAction\":[{\"@type\":\"ReadAction\",\"target\":[\"https:\/\/skaitytaknyga.lt\/produktas\/vincas-svirskis\/\"]}]},{\"@type\":\"ImageObject\",\"inLanguage\":\"en-GB\",\"@id\":\"https:\/\/skaitytaknyga.lt\/produktas\/vincas-svirskis\/#primaryimage\",\"url\":\"https:\/\/skaitytaknyga.lt\/wp-content\/uploads\/2024\/10\/svirskis-e1729933277563.jpg\",\"contentUrl\":\"https:\/\/skaitytaknyga.lt\/wp-content\/uploads\/2024\/10\/svirskis-e1729933277563.jpg\",\"width\":462,\"height\":553,\"caption\":\"Vincas Svirskis\"},{\"@type\":\"BreadcrumbList\",\"@id\":\"https:\/\/skaitytaknyga.lt\/produktas\/vincas-svirskis\/#breadcrumb\",\"itemListElement\":[{\"@type\":\"ListItem\",\"position\":1,\"name\":\"Home\",\"item\":\"https:\/\/skaitytaknyga.lt\/\"},{\"@type\":\"ListItem\",\"position\":2,\"name\":\"Parduotuv\u0117\",\"item\":\"https:\/\/skaitytaknyga.lt\/knygu-parduotuve\/\"},{\"@type\":\"ListItem\",\"position\":3,\"name\":\"Vincas Svirskis\"}]},{\"@type\":\"WebSite\",\"@id\":\"https:\/\/skaitytaknyga.lt\/#website\",\"url\":\"https:\/\/skaitytaknyga.lt\/\",\"name\":\"skaitytaknyga.lt\",\"description\":\"Skaitytaknyga.lt \u2013 tai ma\u017eas \u0161eimos verslas, kuris prasid\u0117jo nuo meil\u0117s knygoms ir siekio i\u0161gelb\u0117ti knygas nuo likimo prie konteinerio. Kas vienam nereikalingas daiktas \u2013 kitam lobis, o mes esame tarpininkai, kurie padeda abiems tapti laimingesniems ???? \u017dinome kaip nelengva i\u0161gyventi ma\u017eiems verslams, tad nuo \u0161iol, \u010dia rasite ir kit\u0173, ma\u017e\u0173 \u0161eim\u0173 versl\u0173, rank\u0173 darbo, dovan\u0173 sau ir artimiesiems.\",\"publisher\":{\"@id\":\"https:\/\/skaitytaknyga.lt\/#organization\"},\"potentialAction\":[{\"@type\":\"SearchAction\",\"target\":{\"@type\":\"EntryPoint\",\"urlTemplate\":\"https:\/\/skaitytaknyga.lt\/?s={search_term_string}\"},\"query-input\":{\"@type\":\"PropertyValueSpecification\",\"valueRequired\":true,\"valueName\":\"search_term_string\"}}],\"inLanguage\":\"en-GB\"},{\"@type\":\"Organization\",\"@id\":\"https:\/\/skaitytaknyga.lt\/#organization\",\"name\":\"skaitytaknyga.lt\",\"url\":\"https:\/\/skaitytaknyga.lt\/\",\"logo\":{\"@type\":\"ImageObject\",\"inLanguage\":\"en-GB\",\"@id\":\"https:\/\/skaitytaknyga.lt\/#\/schema\/logo\/image\/\",\"url\":\"https:\/\/skaitytaknyga.lt\/wp-content\/uploads\/2024\/05\/cropped-cropped-cropped-02_00843_jt3bggkj1j3HLc7SyY6rEUpg.jpeg\",\"contentUrl\":\"https:\/\/skaitytaknyga.lt\/wp-content\/uploads\/2024\/05\/cropped-cropped-cropped-02_00843_jt3bggkj1j3HLc7SyY6rEUpg.jpeg\",\"width\":1600,\"height\":1600,\"caption\":\"skaitytaknyga.lt\"},\"image\":{\"@id\":\"https:\/\/skaitytaknyga.lt\/#\/schema\/logo\/image\/\"},\"sameAs\":[\"https:\/\/www.facebook.com\/skaitytaknyga\/\"]}]}<\/script>\n<!-- \/ Yoast SEO plugin. -->","yoast_head_json":{"title":"Vincas Svirskis","description":"Lietuvos keliais ir vie\u0161keliais, i\u0161 kaimo \u012f kaim\u0105 eidavo p\u0117s\u010dias, kaip \u017emon\u0117s sako, \"ma\u017eas sulink\u0119s d\u0117delis\", apsivilk\u0119s rudu \u017eiponiuku, savo i\u0161ore","robots":{"index":"index","follow":"follow","max-snippet":"max-snippet:-1","max-image-preview":"max-image-preview:large","max-video-preview":"max-video-preview:-1"},"canonical":"https:\/\/skaitytaknyga.lt\/en\/produktas\/vincas-svirskis\/","og_locale":"en_GB","og_type":"article","og_title":"[:lt]Vincas Svirskis[:] - Skaitytaknyga","og_description":"Lietuvos keliais ir vie\u0161keliais, i\u0161 kaimo \u012f kaim\u0105 eidavo p\u0117s\u010dias, kaip \u017emon\u0117s sako, \"ma\u017eas sulink\u0119s d\u0117delis\", apsivilk\u0119s rudu \u017eiponiuku, savo i\u0161ore","og_url":"https:\/\/skaitytaknyga.lt\/en\/produktas\/vincas-svirskis\/","og_site_name":"Skaitytaknyga","article_publisher":"https:\/\/www.facebook.com\/skaitytaknyga\/","article_modified_time":"2025-05-15T05:53:18+00:00","og_image":[{"width":462,"height":553,"url":"https:\/\/skaitytaknyga.lt\/wp-content\/uploads\/2024\/10\/svirskis-e1729933277563.jpg","type":"image\/jpeg"}],"twitter_card":"summary_large_image","twitter_misc":{"Estimated reading time":"1 minute"},"schema":{"@context":"https:\/\/schema.org","@graph":[{"@type":"WebPage","@id":"https:\/\/skaitytaknyga.lt\/produktas\/vincas-svirskis\/","url":"https:\/\/skaitytaknyga.lt\/produktas\/vincas-svirskis\/","name":"Vincas Svirskis","isPartOf":{"@id":"https:\/\/skaitytaknyga.lt\/#website"},"primaryImageOfPage":{"@id":"https:\/\/skaitytaknyga.lt\/produktas\/vincas-svirskis\/#primaryimage"},"image":{"@id":"https:\/\/skaitytaknyga.lt\/produktas\/vincas-svirskis\/#primaryimage"},"thumbnailUrl":"https:\/\/skaitytaknyga.lt\/wp-content\/uploads\/2024\/10\/svirskis-e1729933277563.jpg","datePublished":"2024-10-26T08:50:23+00:00","dateModified":"2025-05-15T05:53:18+00:00","description":"Lietuvos keliais ir vie\u0161keliais, i\u0161 kaimo \u012f kaim\u0105 eidavo p\u0117s\u010dias, kaip \u017emon\u0117s sako, \"ma\u017eas sulink\u0119s d\u0117delis\", apsivilk\u0119s rudu \u017eiponiuku, savo i\u0161ore","breadcrumb":{"@id":"https:\/\/skaitytaknyga.lt\/produktas\/vincas-svirskis\/#breadcrumb"},"inLanguage":"en-GB","potentialAction":[{"@type":"ReadAction","target":["https:\/\/skaitytaknyga.lt\/produktas\/vincas-svirskis\/"]}]},{"@type":"ImageObject","inLanguage":"en-GB","@id":"https:\/\/skaitytaknyga.lt\/produktas\/vincas-svirskis\/#primaryimage","url":"https:\/\/skaitytaknyga.lt\/wp-content\/uploads\/2024\/10\/svirskis-e1729933277563.jpg","contentUrl":"https:\/\/skaitytaknyga.lt\/wp-content\/uploads\/2024\/10\/svirskis-e1729933277563.jpg","width":462,"height":553,"caption":"Vincas Svirskis"},{"@type":"BreadcrumbList","@id":"https:\/\/skaitytaknyga.lt\/produktas\/vincas-svirskis\/#breadcrumb","itemListElement":[{"@type":"ListItem","position":1,"name":"Home","item":"https:\/\/skaitytaknyga.lt\/"},{"@type":"ListItem","position":2,"name":"Parduotuv\u0117","item":"https:\/\/skaitytaknyga.lt\/knygu-parduotuve\/"},{"@type":"ListItem","position":3,"name":"Vincas Svirskis"}]},{"@type":"WebSite","@id":"https:\/\/skaitytaknyga.lt\/#website","url":"https:\/\/skaitytaknyga.lt\/","name":"skaitytaknyga.lt","description":"Skaitytaknyga.lt \u2013 tai ma\u017eas \u0161eimos verslas, kuris prasid\u0117jo nuo meil\u0117s knygoms ir siekio i\u0161gelb\u0117ti knygas nuo likimo prie konteinerio. Kas vienam nereikalingas daiktas \u2013 kitam lobis, o mes esame tarpininkai, kurie padeda abiems tapti laimingesniems ???? \u017dinome kaip nelengva i\u0161gyventi ma\u017eiems verslams, tad nuo \u0161iol, \u010dia rasite ir kit\u0173, ma\u017e\u0173 \u0161eim\u0173 versl\u0173, rank\u0173 darbo, dovan\u0173 sau ir artimiesiems.","publisher":{"@id":"https:\/\/skaitytaknyga.lt\/#organization"},"potentialAction":[{"@type":"SearchAction","target":{"@type":"EntryPoint","urlTemplate":"https:\/\/skaitytaknyga.lt\/?s={search_term_string}"},"query-input":{"@type":"PropertyValueSpecification","valueRequired":true,"valueName":"search_term_string"}}],"inLanguage":"en-GB"},{"@type":"Organization","@id":"https:\/\/skaitytaknyga.lt\/#organization","name":"skaitytaknyga.lt","url":"https:\/\/skaitytaknyga.lt\/","logo":{"@type":"ImageObject","inLanguage":"en-GB","@id":"https:\/\/skaitytaknyga.lt\/#\/schema\/logo\/image\/","url":"https:\/\/skaitytaknyga.lt\/wp-content\/uploads\/2024\/05\/cropped-cropped-cropped-02_00843_jt3bggkj1j3HLc7SyY6rEUpg.jpeg","contentUrl":"https:\/\/skaitytaknyga.lt\/wp-content\/uploads\/2024\/05\/cropped-cropped-cropped-02_00843_jt3bggkj1j3HLc7SyY6rEUpg.jpeg","width":1600,"height":1600,"caption":"skaitytaknyga.lt"},"image":{"@id":"https:\/\/skaitytaknyga.lt\/#\/schema\/logo\/image\/"},"sameAs":["https:\/\/www.facebook.com\/skaitytaknyga\/"]}]}},"_links":{"self":[{"href":"https:\/\/skaitytaknyga.lt\/en\/wp-json\/wp\/v2\/product\/14404","targetHints":{"allow":["GET"]}}],"collection":[{"href":"https:\/\/skaitytaknyga.lt\/en\/wp-json\/wp\/v2\/product"}],"about":[{"href":"https:\/\/skaitytaknyga.lt\/en\/wp-json\/wp\/v2\/types\/product"}],"replies":[{"embeddable":true,"href":"https:\/\/skaitytaknyga.lt\/en\/wp-json\/wp\/v2\/comments?post=14404"}],"wp:featuredmedia":[{"embeddable":true,"href":"https:\/\/skaitytaknyga.lt\/en\/wp-json\/wp\/v2\/media\/14413"}],"wp:attachment":[{"href":"https:\/\/skaitytaknyga.lt\/en\/wp-json\/wp\/v2\/media?parent=14404"}],"wp:term":[{"taxonomy":"product_brand","embeddable":true,"href":"https:\/\/skaitytaknyga.lt\/en\/wp-json\/wp\/v2\/product_brand?post=14404"},{"taxonomy":"product_cat","embeddable":true,"href":"https:\/\/skaitytaknyga.lt\/en\/wp-json\/wp\/v2\/product_cat?post=14404"},{"taxonomy":"product_tag","embeddable":true,"href":"https:\/\/skaitytaknyga.lt\/en\/wp-json\/wp\/v2\/product_tag?post=14404"}],"curies":[{"name":"wp","href":"https:\/\/api.w.org\/{rel}","templated":true}]}}