{"id":14403,"date":"2024-10-26T11:50:23","date_gmt":"2024-10-26T08:50:23","guid":{"rendered":"https:\/\/skaitytaknyga.lt\/?post_type=product&#038;p=14403"},"modified":"2024-10-26T12:02:56","modified_gmt":"2024-10-26T09:02:56","slug":"petras-rauduve-grafika","status":"publish","type":"product","link":"https:\/\/skaitytaknyga.lt\/en\/produktas\/petras-rauduve-grafika\/","title":{"rendered":"Petras Rauduv\u0117. Grafika"},"content":{"rendered":"<p>Albumas \u201cPetras Rauduv\u0117. Grafika: K\u016brybos retrospektyva 1932\u20131993\u201d supa\u017eindina su gausia ir \u012fvairiapusi\u0161ka dailininko grafine k\u016bryba, pradedant iki \u0161iol ma\u017eai tyrin\u0117tu ankstyvuoju dailininko k\u016brybiniu laikotarpiu, jo karo ir pokario met\u0173 dailininko \u2013 knyg\u0173 iliustruotojo veikla, i\u0161ry\u0161kina geriausius dailininko, peiza\u017eo \u017eanro puosel\u0117tojo lietuvi\u0173 grafikoje, bruo\u017eus. Atspind\u0117tas ir dailininko taip m\u0117gtas ekslibriso \u017eanras, pristatomi i\u0161lik\u0119 taikomosios grafikos pavyzd\u017eiai. Leidin\u012f papildo gausi iki \u0161iol nepublikuota dokumentin\u0117 med\u017eiaga i\u0161 Lietuvos literat\u016bros ir meno bei dailininko \u0161eimos archyv\u0173. Autenti\u0161kumo ir unikalumo \u0161iam leidiniui suteikia dailinink\u0105 pa\u017einojusi\u0173 draug\u0173, koleg\u0173 ir \u0161eimos nari\u0173 atsiminim\u0173 pluo\u0161telis (V. Aliulio, M. Kar\u010diausko, V. Jur\u0117nien\u0117s, I. \u017demaityt\u0117s-Geniu\u0161ien\u0117s ir kt.)<\/p>\n","protected":false},"excerpt":{"rendered":"<p>Albumas \u201cPetras Rauduv\u0117. Grafika: K\u016brybos retrospektyva 1932\u20131993\u201d supa\u017eindina su gausia ir \u012fvairiapusi\u0161ka dailininko grafine k\u016bryba, pradedant iki \u0161iol ma\u017eai tyrin\u0117tu ankstyvuoju dailininko k\u016brybiniu laikotarpiu, jo karo ir pokario met\u0173 dailininko \u2013 knyg\u0173 iliustruotojo veikla, i\u0161ry\u0161kina geriausius dailininko, peiza\u017eo \u017eanro puosel\u0117tojo lietuvi\u0173 grafikoje, bruo\u017eus. Atspind\u0117tas ir dailininko taip m\u0117gtas ekslibriso \u017eanras, pristatomi i\u0161lik\u0119 taikomosios grafikos pavyzd\u017eiai. Leidin\u012f papildo gausi iki \u0161iol nepublikuota dokumentin\u0117 med\u017eiaga i\u0161 Lietuvos literat\u016bros ir meno bei dailininko \u0161eimos archyv\u0173. Autenti\u0161kumo ir unikalumo \u0161iam leidiniui suteikia dailinink\u0105 pa\u017einojusi\u0173 draug\u0173, koleg\u0173 ir \u0161eimos nari\u0173 atsiminim\u0173 pluo\u0161telis (V. Aliulio, M. Kar\u010diausko, V. Jur\u0117nien\u0117s, I. \u017demaityt\u0117s-Geniu\u0161ien\u0117s ir kt.)<\/p>\n","protected":false},"featured_media":14414,"comment_status":"open","ping_status":"closed","template":"","meta":{"_acf_changed":false,"site-sidebar-layout":"default","site-content-layout":"","ast-site-content-layout":"default","site-content-style":"default","site-sidebar-style":"default","ast-global-header-display":"","ast-banner-title-visibility":"","ast-main-header-display":"","ast-hfb-above-header-display":"","ast-hfb-below-header-display":"","ast-hfb-mobile-header-display":"","site-post-title":"","ast-breadcrumbs-content":"","ast-featured-img":"","footer-sml-layout":"","ast-disable-related-posts":"","theme-transparent-header-meta":"default","adv-header-id-meta":"","stick-header-meta":"","header-above-stick-meta":"","header-main-stick-meta":"","header-below-stick-meta":"","astra-migrate-meta-layouts":"set","ast-page-background-enabled":"default","ast-page-background-meta":{"desktop":{"background-color":"","background-image":"","background-repeat":"repeat","background-position":"center center","background-size":"auto","background-attachment":"scroll","background-type":"","background-media":"","overlay-type":"","overlay-color":"","overlay-opacity":"","overlay-gradient":""},"tablet":{"background-color":"","background-image":"","background-repeat":"repeat","background-position":"center center","background-size":"auto","background-attachment":"scroll","background-type":"","background-media":"","overlay-type":"","overlay-color":"","overlay-opacity":"","overlay-gradient":""},"mobile":{"background-color":"","background-image":"","background-repeat":"repeat","background-position":"center center","background-size":"auto","background-attachment":"scroll","background-type":"","background-media":"","overlay-type":"","overlay-color":"","overlay-opacity":"","overlay-gradient":""}},"ast-content-background-meta":{"desktop":{"background-color":"var(--ast-global-color-4)","background-image":"","background-repeat":"repeat","background-position":"center center","background-size":"auto","background-attachment":"scroll","background-type":"","background-media":"","overlay-type":"","overlay-color":"","overlay-opacity":"","overlay-gradient":""},"tablet":{"background-color":"var(--ast-global-color-4)","background-image":"","background-repeat":"repeat","background-position":"center center","background-size":"auto","background-attachment":"scroll","background-type":"","background-media":"","overlay-type":"","overlay-color":"","overlay-opacity":"","overlay-gradient":""},"mobile":{"background-color":"var(--ast-global-color-4)","background-image":"","background-repeat":"repeat","background-position":"center center","background-size":"auto","background-attachment":"scroll","background-type":"","background-media":"","overlay-type":"","overlay-color":"","overlay-opacity":"","overlay-gradient":""}}},"product_brand":[],"product_cat":[15,57],"product_tag":[],"class_list":{"0":"post-14403","1":"product","2":"type-product","3":"status-publish","4":"has-post-thumbnail","6":"product_cat-uncategorized","7":"product_cat-menas-ir-albumai","8":"desktop-align-left","9":"tablet-align-left","10":"mobile-align-left","12":"first","13":"instock","14":"shipping-taxable","15":"purchasable","16":"product-type-simple"},"acf":[],"yoast_head":"<!-- This site is optimized with the Yoast SEO plugin v27.0 - https:\/\/yoast.com\/product\/yoast-seo-wordpress\/ -->\n<title>Petras Rauduv\u0117. Grafika<\/title>\n<meta name=\"description\" content=\"Albumas \u201cPetras Rauduv\u0117. Grafika: K\u016brybos retrospektyva 1932\u20131993\u201d supa\u017eindina su gausia ir \u012fvairiapusi\u0161ka dailininko grafine k\u016bryba, pradedant iki \u0161iol\" \/>\n<meta name=\"robots\" content=\"index, follow, max-snippet:-1, max-image-preview:large, max-video-preview:-1\" \/>\n<link rel=\"canonical\" href=\"https:\/\/skaitytaknyga.lt\/en\/produktas\/petras-rauduve-grafika\/\" \/>\n<meta property=\"og:locale\" content=\"en_GB\" \/>\n<meta property=\"og:locale:alternate\" content=\"lt_LT\" \/>\n<meta property=\"og:type\" content=\"article\" \/>\n<meta property=\"og:title\" content=\"Petras Rauduv\u0117. Grafika\" \/>\n<meta property=\"og:description\" content=\"Albumas \u201cPetras Rauduv\u0117. Grafika: K\u016brybos retrospektyva 1932\u20131993\u201d supa\u017eindina su gausia ir \u012fvairiapusi\u0161ka dailininko grafine k\u016bryba, pradedant iki \u0161iol\" \/>\n<meta property=\"og:url\" content=\"https:\/\/skaitytaknyga.lt\/en\/produktas\/petras-rauduve-grafika\/\" \/>\n<meta property=\"og:site_name\" content=\"Skaitytaknyga\" \/>\n<meta property=\"article:publisher\" content=\"https:\/\/www.facebook.com\/skaitytaknyga\/\" \/>\n<meta property=\"article:modified_time\" content=\"2024-10-26T09:02:56+00:00\" \/>\n<meta property=\"og:image\" content=\"https:\/\/skaitytaknyga.lt\/wp-content\/uploads\/2024\/10\/Petras-Rauduve.-Grafika-e1729933366863.jpg\" \/>\n\t<meta property=\"og:image:width\" content=\"200\" \/>\n\t<meta property=\"og:image:height\" content=\"213\" \/>\n\t<meta property=\"og:image:type\" content=\"image\/jpeg\" \/>\n<meta name=\"twitter:card\" content=\"summary_large_image\" \/>\n<meta name=\"twitter:label1\" content=\"Estimated reading time\" \/>\n\t<meta name=\"twitter:data1\" content=\"1 minute\" \/>\n<script type=\"application\/ld+json\" class=\"yoast-schema-graph\">{\"@context\":\"https:\/\/schema.org\",\"@graph\":[{\"@type\":\"WebPage\",\"@id\":\"https:\/\/skaitytaknyga.lt\/produktas\/petras-rauduve-grafika\/\",\"url\":\"https:\/\/skaitytaknyga.lt\/produktas\/petras-rauduve-grafika\/\",\"name\":\"Petras Rauduv\u0117. Grafika\",\"isPartOf\":{\"@id\":\"https:\/\/skaitytaknyga.lt\/#website\"},\"primaryImageOfPage\":{\"@id\":\"https:\/\/skaitytaknyga.lt\/produktas\/petras-rauduve-grafika\/#primaryimage\"},\"image\":{\"@id\":\"https:\/\/skaitytaknyga.lt\/produktas\/petras-rauduve-grafika\/#primaryimage\"},\"thumbnailUrl\":\"https:\/\/skaitytaknyga.lt\/wp-content\/uploads\/2024\/10\/Petras-Rauduve.-Grafika-e1729933366863.jpg\",\"datePublished\":\"2024-10-26T08:50:23+00:00\",\"dateModified\":\"2024-10-26T09:02:56+00:00\",\"description\":\"Albumas \u201cPetras Rauduv\u0117. Grafika: K\u016brybos retrospektyva 1932\u20131993\u201d supa\u017eindina su gausia ir \u012fvairiapusi\u0161ka dailininko grafine k\u016bryba, pradedant iki \u0161iol\",\"breadcrumb\":{\"@id\":\"https:\/\/skaitytaknyga.lt\/produktas\/petras-rauduve-grafika\/#breadcrumb\"},\"inLanguage\":\"en-GB\",\"potentialAction\":[{\"@type\":\"ReadAction\",\"target\":[\"https:\/\/skaitytaknyga.lt\/produktas\/petras-rauduve-grafika\/\"]}]},{\"@type\":\"ImageObject\",\"inLanguage\":\"en-GB\",\"@id\":\"https:\/\/skaitytaknyga.lt\/produktas\/petras-rauduve-grafika\/#primaryimage\",\"url\":\"https:\/\/skaitytaknyga.lt\/wp-content\/uploads\/2024\/10\/Petras-Rauduve.-Grafika-e1729933366863.jpg\",\"contentUrl\":\"https:\/\/skaitytaknyga.lt\/wp-content\/uploads\/2024\/10\/Petras-Rauduve.-Grafika-e1729933366863.jpg\",\"width\":200,\"height\":213,\"caption\":\"Petras Rauduv\u0117. Grafika\"},{\"@type\":\"BreadcrumbList\",\"@id\":\"https:\/\/skaitytaknyga.lt\/produktas\/petras-rauduve-grafika\/#breadcrumb\",\"itemListElement\":[{\"@type\":\"ListItem\",\"position\":1,\"name\":\"Home\",\"item\":\"https:\/\/skaitytaknyga.lt\/\"},{\"@type\":\"ListItem\",\"position\":2,\"name\":\"Parduotuv\u0117\",\"item\":\"https:\/\/skaitytaknyga.lt\/knygu-parduotuve\/\"},{\"@type\":\"ListItem\",\"position\":3,\"name\":\"Petras Rauduv\u0117. Grafika\"}]},{\"@type\":\"WebSite\",\"@id\":\"https:\/\/skaitytaknyga.lt\/#website\",\"url\":\"https:\/\/skaitytaknyga.lt\/\",\"name\":\"skaitytaknyga.lt\",\"description\":\"Skaitytaknyga.lt \u2013 tai ma\u017eas \u0161eimos verslas, kuris prasid\u0117jo nuo meil\u0117s knygoms ir siekio i\u0161gelb\u0117ti knygas nuo likimo prie konteinerio. Kas vienam nereikalingas daiktas \u2013 kitam lobis, o mes esame tarpininkai, kurie padeda abiems tapti laimingesniems ???? \u017dinome kaip nelengva i\u0161gyventi ma\u017eiems verslams, tad nuo \u0161iol, \u010dia rasite ir kit\u0173, ma\u017e\u0173 \u0161eim\u0173 versl\u0173, rank\u0173 darbo, dovan\u0173 sau ir artimiesiems.\",\"publisher\":{\"@id\":\"https:\/\/skaitytaknyga.lt\/#organization\"},\"potentialAction\":[{\"@type\":\"SearchAction\",\"target\":{\"@type\":\"EntryPoint\",\"urlTemplate\":\"https:\/\/skaitytaknyga.lt\/?s={search_term_string}\"},\"query-input\":{\"@type\":\"PropertyValueSpecification\",\"valueRequired\":true,\"valueName\":\"search_term_string\"}}],\"inLanguage\":\"en-GB\"},{\"@type\":\"Organization\",\"@id\":\"https:\/\/skaitytaknyga.lt\/#organization\",\"name\":\"skaitytaknyga.lt\",\"url\":\"https:\/\/skaitytaknyga.lt\/\",\"logo\":{\"@type\":\"ImageObject\",\"inLanguage\":\"en-GB\",\"@id\":\"https:\/\/skaitytaknyga.lt\/#\/schema\/logo\/image\/\",\"url\":\"https:\/\/skaitytaknyga.lt\/wp-content\/uploads\/2024\/05\/cropped-cropped-cropped-02_00843_jt3bggkj1j3HLc7SyY6rEUpg.jpeg\",\"contentUrl\":\"https:\/\/skaitytaknyga.lt\/wp-content\/uploads\/2024\/05\/cropped-cropped-cropped-02_00843_jt3bggkj1j3HLc7SyY6rEUpg.jpeg\",\"width\":1600,\"height\":1600,\"caption\":\"skaitytaknyga.lt\"},\"image\":{\"@id\":\"https:\/\/skaitytaknyga.lt\/#\/schema\/logo\/image\/\"},\"sameAs\":[\"https:\/\/www.facebook.com\/skaitytaknyga\/\"]}]}<\/script>\n<!-- \/ Yoast SEO plugin. -->","yoast_head_json":{"title":"Petras Rauduv\u0117. Grafika","description":"Albumas \u201cPetras Rauduv\u0117. Grafika: K\u016brybos retrospektyva 1932\u20131993\u201d supa\u017eindina su gausia ir \u012fvairiapusi\u0161ka dailininko grafine k\u016bryba, pradedant iki \u0161iol","robots":{"index":"index","follow":"follow","max-snippet":"max-snippet:-1","max-image-preview":"max-image-preview:large","max-video-preview":"max-video-preview:-1"},"canonical":"https:\/\/skaitytaknyga.lt\/en\/produktas\/petras-rauduve-grafika\/","og_locale":"en_GB","og_type":"article","og_title":"[:lt]Petras Rauduv\u0117. Grafika[:] - Skaitytaknyga","og_description":"Albumas \u201cPetras Rauduv\u0117. Grafika: K\u016brybos retrospektyva 1932\u20131993\u201d supa\u017eindina su gausia ir \u012fvairiapusi\u0161ka dailininko grafine k\u016bryba, pradedant iki \u0161iol","og_url":"https:\/\/skaitytaknyga.lt\/en\/produktas\/petras-rauduve-grafika\/","og_site_name":"Skaitytaknyga","article_publisher":"https:\/\/www.facebook.com\/skaitytaknyga\/","article_modified_time":"2024-10-26T09:02:56+00:00","og_image":[{"width":200,"height":213,"url":"https:\/\/skaitytaknyga.lt\/wp-content\/uploads\/2024\/10\/Petras-Rauduve.-Grafika-e1729933366863.jpg","type":"image\/jpeg"}],"twitter_card":"summary_large_image","twitter_misc":{"Estimated reading time":"1 minute"},"schema":{"@context":"https:\/\/schema.org","@graph":[{"@type":"WebPage","@id":"https:\/\/skaitytaknyga.lt\/produktas\/petras-rauduve-grafika\/","url":"https:\/\/skaitytaknyga.lt\/produktas\/petras-rauduve-grafika\/","name":"Petras Rauduv\u0117. Grafika","isPartOf":{"@id":"https:\/\/skaitytaknyga.lt\/#website"},"primaryImageOfPage":{"@id":"https:\/\/skaitytaknyga.lt\/produktas\/petras-rauduve-grafika\/#primaryimage"},"image":{"@id":"https:\/\/skaitytaknyga.lt\/produktas\/petras-rauduve-grafika\/#primaryimage"},"thumbnailUrl":"https:\/\/skaitytaknyga.lt\/wp-content\/uploads\/2024\/10\/Petras-Rauduve.-Grafika-e1729933366863.jpg","datePublished":"2024-10-26T08:50:23+00:00","dateModified":"2024-10-26T09:02:56+00:00","description":"Albumas \u201cPetras Rauduv\u0117. Grafika: K\u016brybos retrospektyva 1932\u20131993\u201d supa\u017eindina su gausia ir \u012fvairiapusi\u0161ka dailininko grafine k\u016bryba, pradedant iki \u0161iol","breadcrumb":{"@id":"https:\/\/skaitytaknyga.lt\/produktas\/petras-rauduve-grafika\/#breadcrumb"},"inLanguage":"en-GB","potentialAction":[{"@type":"ReadAction","target":["https:\/\/skaitytaknyga.lt\/produktas\/petras-rauduve-grafika\/"]}]},{"@type":"ImageObject","inLanguage":"en-GB","@id":"https:\/\/skaitytaknyga.lt\/produktas\/petras-rauduve-grafika\/#primaryimage","url":"https:\/\/skaitytaknyga.lt\/wp-content\/uploads\/2024\/10\/Petras-Rauduve.-Grafika-e1729933366863.jpg","contentUrl":"https:\/\/skaitytaknyga.lt\/wp-content\/uploads\/2024\/10\/Petras-Rauduve.-Grafika-e1729933366863.jpg","width":200,"height":213,"caption":"Petras Rauduv\u0117. Grafika"},{"@type":"BreadcrumbList","@id":"https:\/\/skaitytaknyga.lt\/produktas\/petras-rauduve-grafika\/#breadcrumb","itemListElement":[{"@type":"ListItem","position":1,"name":"Home","item":"https:\/\/skaitytaknyga.lt\/"},{"@type":"ListItem","position":2,"name":"Parduotuv\u0117","item":"https:\/\/skaitytaknyga.lt\/knygu-parduotuve\/"},{"@type":"ListItem","position":3,"name":"Petras Rauduv\u0117. Grafika"}]},{"@type":"WebSite","@id":"https:\/\/skaitytaknyga.lt\/#website","url":"https:\/\/skaitytaknyga.lt\/","name":"skaitytaknyga.lt","description":"Skaitytaknyga.lt \u2013 tai ma\u017eas \u0161eimos verslas, kuris prasid\u0117jo nuo meil\u0117s knygoms ir siekio i\u0161gelb\u0117ti knygas nuo likimo prie konteinerio. Kas vienam nereikalingas daiktas \u2013 kitam lobis, o mes esame tarpininkai, kurie padeda abiems tapti laimingesniems ???? \u017dinome kaip nelengva i\u0161gyventi ma\u017eiems verslams, tad nuo \u0161iol, \u010dia rasite ir kit\u0173, ma\u017e\u0173 \u0161eim\u0173 versl\u0173, rank\u0173 darbo, dovan\u0173 sau ir artimiesiems.","publisher":{"@id":"https:\/\/skaitytaknyga.lt\/#organization"},"potentialAction":[{"@type":"SearchAction","target":{"@type":"EntryPoint","urlTemplate":"https:\/\/skaitytaknyga.lt\/?s={search_term_string}"},"query-input":{"@type":"PropertyValueSpecification","valueRequired":true,"valueName":"search_term_string"}}],"inLanguage":"en-GB"},{"@type":"Organization","@id":"https:\/\/skaitytaknyga.lt\/#organization","name":"skaitytaknyga.lt","url":"https:\/\/skaitytaknyga.lt\/","logo":{"@type":"ImageObject","inLanguage":"en-GB","@id":"https:\/\/skaitytaknyga.lt\/#\/schema\/logo\/image\/","url":"https:\/\/skaitytaknyga.lt\/wp-content\/uploads\/2024\/05\/cropped-cropped-cropped-02_00843_jt3bggkj1j3HLc7SyY6rEUpg.jpeg","contentUrl":"https:\/\/skaitytaknyga.lt\/wp-content\/uploads\/2024\/05\/cropped-cropped-cropped-02_00843_jt3bggkj1j3HLc7SyY6rEUpg.jpeg","width":1600,"height":1600,"caption":"skaitytaknyga.lt"},"image":{"@id":"https:\/\/skaitytaknyga.lt\/#\/schema\/logo\/image\/"},"sameAs":["https:\/\/www.facebook.com\/skaitytaknyga\/"]}]}},"_links":{"self":[{"href":"https:\/\/skaitytaknyga.lt\/en\/wp-json\/wp\/v2\/product\/14403","targetHints":{"allow":["GET"]}}],"collection":[{"href":"https:\/\/skaitytaknyga.lt\/en\/wp-json\/wp\/v2\/product"}],"about":[{"href":"https:\/\/skaitytaknyga.lt\/en\/wp-json\/wp\/v2\/types\/product"}],"replies":[{"embeddable":true,"href":"https:\/\/skaitytaknyga.lt\/en\/wp-json\/wp\/v2\/comments?post=14403"}],"wp:featuredmedia":[{"embeddable":true,"href":"https:\/\/skaitytaknyga.lt\/en\/wp-json\/wp\/v2\/media\/14414"}],"wp:attachment":[{"href":"https:\/\/skaitytaknyga.lt\/en\/wp-json\/wp\/v2\/media?parent=14403"}],"wp:term":[{"taxonomy":"product_brand","embeddable":true,"href":"https:\/\/skaitytaknyga.lt\/en\/wp-json\/wp\/v2\/product_brand?post=14403"},{"taxonomy":"product_cat","embeddable":true,"href":"https:\/\/skaitytaknyga.lt\/en\/wp-json\/wp\/v2\/product_cat?post=14403"},{"taxonomy":"product_tag","embeddable":true,"href":"https:\/\/skaitytaknyga.lt\/en\/wp-json\/wp\/v2\/product_tag?post=14403"}],"curies":[{"name":"wp","href":"https:\/\/api.w.org\/{rel}","templated":true}]}}