{"id":14399,"date":"2024-10-25T16:06:33","date_gmt":"2024-10-25T13:06:33","guid":{"rendered":"https:\/\/skaitytaknyga.lt\/?post_type=product&#038;p=14399"},"modified":"2024-10-26T11:59:35","modified_gmt":"2024-10-26T08:59:35","slug":"zemaiciu-kulturos-savastys-nuo-vilniaus-kalvu-prie-baublio-slenkscio","status":"publish","type":"product","link":"https:\/\/skaitytaknyga.lt\/en\/produktas\/zemaiciu-kulturos-savastys-nuo-vilniaus-kalvu-prie-baublio-slenkscio\/","title":{"rendered":"\u017demai\u010di\u0173 kult\u016bros savastys: nuo Vilniaus kalv\u0173 prie Baublio slenks\u010dio"},"content":{"rendered":"<p>Knygoje kompleksi\u0161kai, nuosekliai su atsakomybe apm\u0105stoma paskutini\u0173 de\u0161imtme\u010di\u0173 \u017demaitijos kult\u016bros situacija, susidariusi po virsm\u0173, ir tarsi norima pasakyti, kad menas ir mokslas niekada nebus u\u017ebaigtas. Leidinyje\u00a0siekiama nustatyti esamas regionin\u0117s kult\u016bros savirai\u0161kos formas.<\/p>\n<p>Straipsni\u0173 rinkinys su spalvotomis iliustracijomis. Su 2 kompaktiniais diskais: Raseini\u0173 kra\u0161to dainos; \u017demai\u010di\u016bse Rezium\u0117 latvi\u0173, \u017eemai\u010di\u0173, \u010dek\u0173, lenk\u0173, rus\u0173, vokie\u010di\u0173, pranc\u016bz\u0173, angl\u0173 k.<\/p>\n<ul class=\"about-product d-none d-xl-block mt-4\">\n<li><strong>Metai:<\/strong>\u00a02012<\/li>\n<li><strong>Puslapiai:<\/strong>\u00a0201<\/li>\n<li class=\"toggleable type-new-formats \"><strong>EAN-13:<\/strong>\u00a09772029981004<\/li>\n<li class=\"toggleable type-new-formats \"><strong>Formatas:<\/strong>\u00a015 x 25 cm, kieti vir\u0161eliai<\/li>\n<li><strong>Kalba:<\/strong>\u00a0Lietuvi\u0173<\/li>\n<\/ul>\n","protected":false},"excerpt":{"rendered":"<p>Knygoje kompleksi\u0161kai, nuosekliai su atsakomybe apm\u0105stoma paskutini\u0173 de\u0161imtme\u010di\u0173 \u017demaitijos kult\u016bros situacija, susidariusi po virsm\u0173, ir tarsi norima pasakyti, kad menas ir mokslas niekada nebus u\u017ebaigtas. Leidinyje\u00a0siekiama nustatyti esamas regionin\u0117s kult\u016bros savirai\u0161kos formas. Straipsni\u0173 rinkinys su spalvotomis iliustracijomis. Su 2 kompaktiniais diskais: Raseini\u0173 kra\u0161to dainos; \u017demai\u010di\u016bse Rezium\u0117 latvi\u0173, \u017eemai\u010di\u0173, \u010dek\u0173, lenk\u0173, rus\u0173, vokie\u010di\u0173, pranc\u016bz\u0173, angl\u0173 k. Metai:\u00a02012 Puslapiai:\u00a0201 EAN-13:\u00a09772029981004 Formatas:\u00a015 x 25 cm, kieti vir\u0161eliai Kalba:\u00a0Lietuvi\u0173<\/p>\n","protected":false},"featured_media":14400,"comment_status":"open","ping_status":"closed","template":"","meta":{"_acf_changed":false,"site-sidebar-layout":"default","site-content-layout":"","ast-site-content-layout":"default","site-content-style":"default","site-sidebar-style":"default","ast-global-header-display":"","ast-banner-title-visibility":"","ast-main-header-display":"","ast-hfb-above-header-display":"","ast-hfb-below-header-display":"","ast-hfb-mobile-header-display":"","site-post-title":"","ast-breadcrumbs-content":"","ast-featured-img":"","footer-sml-layout":"","ast-disable-related-posts":"","theme-transparent-header-meta":"default","adv-header-id-meta":"","stick-header-meta":"","header-above-stick-meta":"","header-main-stick-meta":"","header-below-stick-meta":"","astra-migrate-meta-layouts":"set","ast-page-background-enabled":"default","ast-page-background-meta":{"desktop":{"background-color":"","background-image":"","background-repeat":"repeat","background-position":"center center","background-size":"auto","background-attachment":"scroll","background-type":"","background-media":"","overlay-type":"","overlay-color":"","overlay-opacity":"","overlay-gradient":""},"tablet":{"background-color":"","background-image":"","background-repeat":"repeat","background-position":"center center","background-size":"auto","background-attachment":"scroll","background-type":"","background-media":"","overlay-type":"","overlay-color":"","overlay-opacity":"","overlay-gradient":""},"mobile":{"background-color":"","background-image":"","background-repeat":"repeat","background-position":"center center","background-size":"auto","background-attachment":"scroll","background-type":"","background-media":"","overlay-type":"","overlay-color":"","overlay-opacity":"","overlay-gradient":""}},"ast-content-background-meta":{"desktop":{"background-color":"var(--ast-global-color-4)","background-image":"","background-repeat":"repeat","background-position":"center center","background-size":"auto","background-attachment":"scroll","background-type":"","background-media":"","overlay-type":"","overlay-color":"","overlay-opacity":"","overlay-gradient":""},"tablet":{"background-color":"var(--ast-global-color-4)","background-image":"","background-repeat":"repeat","background-position":"center center","background-size":"auto","background-attachment":"scroll","background-type":"","background-media":"","overlay-type":"","overlay-color":"","overlay-opacity":"","overlay-gradient":""},"mobile":{"background-color":"var(--ast-global-color-4)","background-image":"","background-repeat":"repeat","background-position":"center center","background-size":"auto","background-attachment":"scroll","background-type":"","background-media":"","overlay-type":"","overlay-color":"","overlay-opacity":"","overlay-gradient":""}}},"product_brand":[],"product_cat":[174],"product_tag":[],"class_list":{"0":"post-14399","1":"product","2":"type-product","3":"status-publish","4":"has-post-thumbnail","6":"product_cat-istorija-ir-politologija","7":"desktop-align-left","8":"tablet-align-left","9":"mobile-align-left","11":"first","12":"instock","13":"shipping-taxable","14":"purchasable","15":"product-type-simple"},"acf":[],"yoast_head":"<!-- This site is optimized with the Yoast SEO plugin v27.0 - https:\/\/yoast.com\/product\/yoast-seo-wordpress\/ -->\n<title>\u017demai\u010di\u0173 kult\u016bros savastys: nuo Vilniaus kalv\u0173 prie Baublio slenks\u010dio<\/title>\n<meta name=\"description\" content=\"Knygoje kompleksi\u0161kai, nuosekliai su atsakomybe apm\u0105stoma paskutini\u0173 de\u0161imtme\u010di\u0173 \u017demaitijos kult\u016bros situacija, susidariusi po virsm\u0173, ir tarsi norima\" \/>\n<meta name=\"robots\" content=\"index, follow, max-snippet:-1, max-image-preview:large, max-video-preview:-1\" \/>\n<link rel=\"canonical\" href=\"https:\/\/skaitytaknyga.lt\/en\/produktas\/zemaiciu-kulturos-savastys-nuo-vilniaus-kalvu-prie-baublio-slenkscio\/\" \/>\n<meta property=\"og:locale\" content=\"en_GB\" \/>\n<meta property=\"og:locale:alternate\" content=\"lt_LT\" \/>\n<meta property=\"og:type\" content=\"article\" \/>\n<meta property=\"og:title\" content=\"\u017demai\u010di\u0173 kult\u016bros savastys: nuo Vilniaus kalv\u0173 prie Baublio slenks\u010dio\" \/>\n<meta property=\"og:description\" content=\"Knygoje kompleksi\u0161kai, nuosekliai su atsakomybe apm\u0105stoma paskutini\u0173 de\u0161imtme\u010di\u0173 \u017demaitijos kult\u016bros situacija, susidariusi po virsm\u0173, ir tarsi norima\" \/>\n<meta property=\"og:url\" content=\"https:\/\/skaitytaknyga.lt\/en\/produktas\/zemaiciu-kulturos-savastys-nuo-vilniaus-kalvu-prie-baublio-slenkscio\/\" \/>\n<meta property=\"og:site_name\" content=\"Skaitytaknyga\" \/>\n<meta property=\"article:publisher\" content=\"https:\/\/www.facebook.com\/skaitytaknyga\/\" \/>\n<meta property=\"article:modified_time\" content=\"2024-10-26T08:59:35+00:00\" \/>\n<meta property=\"og:image\" content=\"https:\/\/skaitytaknyga.lt\/wp-content\/uploads\/2024\/10\/Zemaiciu-kulturos-savastys-nuo-Vilniaus-kalvu-prie-Baublio-slenkscio.webp\" \/>\n\t<meta property=\"og:image:width\" content=\"376\" \/>\n\t<meta property=\"og:image:height\" content=\"582\" \/>\n\t<meta property=\"og:image:type\" content=\"image\/webp\" \/>\n<meta name=\"twitter:card\" content=\"summary_large_image\" \/>\n<meta name=\"twitter:label1\" content=\"Estimated reading time\" \/>\n\t<meta name=\"twitter:data1\" content=\"1 minute\" \/>\n<script type=\"application\/ld+json\" class=\"yoast-schema-graph\">{\"@context\":\"https:\/\/schema.org\",\"@graph\":[{\"@type\":\"WebPage\",\"@id\":\"https:\/\/skaitytaknyga.lt\/produktas\/zemaiciu-kulturos-savastys-nuo-vilniaus-kalvu-prie-baublio-slenkscio\/\",\"url\":\"https:\/\/skaitytaknyga.lt\/produktas\/zemaiciu-kulturos-savastys-nuo-vilniaus-kalvu-prie-baublio-slenkscio\/\",\"name\":\"\u017demai\u010di\u0173 kult\u016bros savastys: nuo Vilniaus kalv\u0173 prie Baublio slenks\u010dio\",\"isPartOf\":{\"@id\":\"https:\/\/skaitytaknyga.lt\/#website\"},\"primaryImageOfPage\":{\"@id\":\"https:\/\/skaitytaknyga.lt\/produktas\/zemaiciu-kulturos-savastys-nuo-vilniaus-kalvu-prie-baublio-slenkscio\/#primaryimage\"},\"image\":{\"@id\":\"https:\/\/skaitytaknyga.lt\/produktas\/zemaiciu-kulturos-savastys-nuo-vilniaus-kalvu-prie-baublio-slenkscio\/#primaryimage\"},\"thumbnailUrl\":\"https:\/\/skaitytaknyga.lt\/wp-content\/uploads\/2024\/10\/Zemaiciu-kulturos-savastys-nuo-Vilniaus-kalvu-prie-Baublio-slenkscio.webp\",\"datePublished\":\"2024-10-25T13:06:33+00:00\",\"dateModified\":\"2024-10-26T08:59:35+00:00\",\"description\":\"Knygoje kompleksi\u0161kai, nuosekliai su atsakomybe apm\u0105stoma paskutini\u0173 de\u0161imtme\u010di\u0173 \u017demaitijos kult\u016bros situacija, susidariusi po virsm\u0173, ir tarsi norima\",\"breadcrumb\":{\"@id\":\"https:\/\/skaitytaknyga.lt\/produktas\/zemaiciu-kulturos-savastys-nuo-vilniaus-kalvu-prie-baublio-slenkscio\/#breadcrumb\"},\"inLanguage\":\"en-GB\",\"potentialAction\":[{\"@type\":\"ReadAction\",\"target\":[\"https:\/\/skaitytaknyga.lt\/produktas\/zemaiciu-kulturos-savastys-nuo-vilniaus-kalvu-prie-baublio-slenkscio\/\"]}]},{\"@type\":\"ImageObject\",\"inLanguage\":\"en-GB\",\"@id\":\"https:\/\/skaitytaknyga.lt\/produktas\/zemaiciu-kulturos-savastys-nuo-vilniaus-kalvu-prie-baublio-slenkscio\/#primaryimage\",\"url\":\"https:\/\/skaitytaknyga.lt\/wp-content\/uploads\/2024\/10\/Zemaiciu-kulturos-savastys-nuo-Vilniaus-kalvu-prie-Baublio-slenkscio.webp\",\"contentUrl\":\"https:\/\/skaitytaknyga.lt\/wp-content\/uploads\/2024\/10\/Zemaiciu-kulturos-savastys-nuo-Vilniaus-kalvu-prie-Baublio-slenkscio.webp\",\"width\":376,\"height\":582,\"caption\":\"\u017demai\u010di\u0173 kult\u016bros savastys nuo Vilniaus kalv\u0173 prie Baublio slenks\u010dio\"},{\"@type\":\"BreadcrumbList\",\"@id\":\"https:\/\/skaitytaknyga.lt\/produktas\/zemaiciu-kulturos-savastys-nuo-vilniaus-kalvu-prie-baublio-slenkscio\/#breadcrumb\",\"itemListElement\":[{\"@type\":\"ListItem\",\"position\":1,\"name\":\"Home\",\"item\":\"https:\/\/skaitytaknyga.lt\/\"},{\"@type\":\"ListItem\",\"position\":2,\"name\":\"Parduotuv\u0117\",\"item\":\"https:\/\/skaitytaknyga.lt\/knygu-parduotuve\/\"},{\"@type\":\"ListItem\",\"position\":3,\"name\":\"\u017demai\u010di\u0173 kult\u016bros savastys: nuo Vilniaus kalv\u0173 prie Baublio slenks\u010dio\"}]},{\"@type\":\"WebSite\",\"@id\":\"https:\/\/skaitytaknyga.lt\/#website\",\"url\":\"https:\/\/skaitytaknyga.lt\/\",\"name\":\"skaitytaknyga.lt\",\"description\":\"Skaitytaknyga.lt \u2013 tai ma\u017eas \u0161eimos verslas, kuris prasid\u0117jo nuo meil\u0117s knygoms ir siekio i\u0161gelb\u0117ti knygas nuo likimo prie konteinerio. Kas vienam nereikalingas daiktas \u2013 kitam lobis, o mes esame tarpininkai, kurie padeda abiems tapti laimingesniems ???? \u017dinome kaip nelengva i\u0161gyventi ma\u017eiems verslams, tad nuo \u0161iol, \u010dia rasite ir kit\u0173, ma\u017e\u0173 \u0161eim\u0173 versl\u0173, rank\u0173 darbo, dovan\u0173 sau ir artimiesiems.\",\"publisher\":{\"@id\":\"https:\/\/skaitytaknyga.lt\/#organization\"},\"potentialAction\":[{\"@type\":\"SearchAction\",\"target\":{\"@type\":\"EntryPoint\",\"urlTemplate\":\"https:\/\/skaitytaknyga.lt\/?s={search_term_string}\"},\"query-input\":{\"@type\":\"PropertyValueSpecification\",\"valueRequired\":true,\"valueName\":\"search_term_string\"}}],\"inLanguage\":\"en-GB\"},{\"@type\":\"Organization\",\"@id\":\"https:\/\/skaitytaknyga.lt\/#organization\",\"name\":\"skaitytaknyga.lt\",\"url\":\"https:\/\/skaitytaknyga.lt\/\",\"logo\":{\"@type\":\"ImageObject\",\"inLanguage\":\"en-GB\",\"@id\":\"https:\/\/skaitytaknyga.lt\/#\/schema\/logo\/image\/\",\"url\":\"https:\/\/skaitytaknyga.lt\/wp-content\/uploads\/2024\/05\/cropped-cropped-cropped-02_00843_jt3bggkj1j3HLc7SyY6rEUpg.jpeg\",\"contentUrl\":\"https:\/\/skaitytaknyga.lt\/wp-content\/uploads\/2024\/05\/cropped-cropped-cropped-02_00843_jt3bggkj1j3HLc7SyY6rEUpg.jpeg\",\"width\":1600,\"height\":1600,\"caption\":\"skaitytaknyga.lt\"},\"image\":{\"@id\":\"https:\/\/skaitytaknyga.lt\/#\/schema\/logo\/image\/\"},\"sameAs\":[\"https:\/\/www.facebook.com\/skaitytaknyga\/\"]}]}<\/script>\n<!-- \/ Yoast SEO plugin. -->","yoast_head_json":{"title":"\u017demai\u010di\u0173 kult\u016bros savastys: nuo Vilniaus kalv\u0173 prie Baublio slenks\u010dio","description":"Knygoje kompleksi\u0161kai, nuosekliai su atsakomybe apm\u0105stoma paskutini\u0173 de\u0161imtme\u010di\u0173 \u017demaitijos kult\u016bros situacija, susidariusi po virsm\u0173, ir tarsi norima","robots":{"index":"index","follow":"follow","max-snippet":"max-snippet:-1","max-image-preview":"max-image-preview:large","max-video-preview":"max-video-preview:-1"},"canonical":"https:\/\/skaitytaknyga.lt\/en\/produktas\/zemaiciu-kulturos-savastys-nuo-vilniaus-kalvu-prie-baublio-slenkscio\/","og_locale":"en_GB","og_type":"article","og_title":"[:lt]\u017demai\u010di\u0173 kult\u016bros savastys: nuo Vilniaus kalv\u0173 prie Baublio slenks\u010dio[:] - Skaitytaknyga","og_description":"Knygoje kompleksi\u0161kai, nuosekliai su atsakomybe apm\u0105stoma paskutini\u0173 de\u0161imtme\u010di\u0173 \u017demaitijos kult\u016bros situacija, susidariusi po virsm\u0173, ir tarsi norima","og_url":"https:\/\/skaitytaknyga.lt\/en\/produktas\/zemaiciu-kulturos-savastys-nuo-vilniaus-kalvu-prie-baublio-slenkscio\/","og_site_name":"Skaitytaknyga","article_publisher":"https:\/\/www.facebook.com\/skaitytaknyga\/","article_modified_time":"2024-10-26T08:59:35+00:00","og_image":[{"width":376,"height":582,"url":"https:\/\/skaitytaknyga.lt\/wp-content\/uploads\/2024\/10\/Zemaiciu-kulturos-savastys-nuo-Vilniaus-kalvu-prie-Baublio-slenkscio.webp","type":"image\/webp"}],"twitter_card":"summary_large_image","twitter_misc":{"Estimated reading time":"1 minute"},"schema":{"@context":"https:\/\/schema.org","@graph":[{"@type":"WebPage","@id":"https:\/\/skaitytaknyga.lt\/produktas\/zemaiciu-kulturos-savastys-nuo-vilniaus-kalvu-prie-baublio-slenkscio\/","url":"https:\/\/skaitytaknyga.lt\/produktas\/zemaiciu-kulturos-savastys-nuo-vilniaus-kalvu-prie-baublio-slenkscio\/","name":"\u017demai\u010di\u0173 kult\u016bros savastys: nuo Vilniaus kalv\u0173 prie Baublio slenks\u010dio","isPartOf":{"@id":"https:\/\/skaitytaknyga.lt\/#website"},"primaryImageOfPage":{"@id":"https:\/\/skaitytaknyga.lt\/produktas\/zemaiciu-kulturos-savastys-nuo-vilniaus-kalvu-prie-baublio-slenkscio\/#primaryimage"},"image":{"@id":"https:\/\/skaitytaknyga.lt\/produktas\/zemaiciu-kulturos-savastys-nuo-vilniaus-kalvu-prie-baublio-slenkscio\/#primaryimage"},"thumbnailUrl":"https:\/\/skaitytaknyga.lt\/wp-content\/uploads\/2024\/10\/Zemaiciu-kulturos-savastys-nuo-Vilniaus-kalvu-prie-Baublio-slenkscio.webp","datePublished":"2024-10-25T13:06:33+00:00","dateModified":"2024-10-26T08:59:35+00:00","description":"Knygoje kompleksi\u0161kai, nuosekliai su atsakomybe apm\u0105stoma paskutini\u0173 de\u0161imtme\u010di\u0173 \u017demaitijos kult\u016bros situacija, susidariusi po virsm\u0173, ir tarsi norima","breadcrumb":{"@id":"https:\/\/skaitytaknyga.lt\/produktas\/zemaiciu-kulturos-savastys-nuo-vilniaus-kalvu-prie-baublio-slenkscio\/#breadcrumb"},"inLanguage":"en-GB","potentialAction":[{"@type":"ReadAction","target":["https:\/\/skaitytaknyga.lt\/produktas\/zemaiciu-kulturos-savastys-nuo-vilniaus-kalvu-prie-baublio-slenkscio\/"]}]},{"@type":"ImageObject","inLanguage":"en-GB","@id":"https:\/\/skaitytaknyga.lt\/produktas\/zemaiciu-kulturos-savastys-nuo-vilniaus-kalvu-prie-baublio-slenkscio\/#primaryimage","url":"https:\/\/skaitytaknyga.lt\/wp-content\/uploads\/2024\/10\/Zemaiciu-kulturos-savastys-nuo-Vilniaus-kalvu-prie-Baublio-slenkscio.webp","contentUrl":"https:\/\/skaitytaknyga.lt\/wp-content\/uploads\/2024\/10\/Zemaiciu-kulturos-savastys-nuo-Vilniaus-kalvu-prie-Baublio-slenkscio.webp","width":376,"height":582,"caption":"\u017demai\u010di\u0173 kult\u016bros savastys nuo Vilniaus kalv\u0173 prie Baublio slenks\u010dio"},{"@type":"BreadcrumbList","@id":"https:\/\/skaitytaknyga.lt\/produktas\/zemaiciu-kulturos-savastys-nuo-vilniaus-kalvu-prie-baublio-slenkscio\/#breadcrumb","itemListElement":[{"@type":"ListItem","position":1,"name":"Home","item":"https:\/\/skaitytaknyga.lt\/"},{"@type":"ListItem","position":2,"name":"Parduotuv\u0117","item":"https:\/\/skaitytaknyga.lt\/knygu-parduotuve\/"},{"@type":"ListItem","position":3,"name":"\u017demai\u010di\u0173 kult\u016bros savastys: nuo Vilniaus kalv\u0173 prie Baublio slenks\u010dio"}]},{"@type":"WebSite","@id":"https:\/\/skaitytaknyga.lt\/#website","url":"https:\/\/skaitytaknyga.lt\/","name":"skaitytaknyga.lt","description":"Skaitytaknyga.lt \u2013 tai ma\u017eas \u0161eimos verslas, kuris prasid\u0117jo nuo meil\u0117s knygoms ir siekio i\u0161gelb\u0117ti knygas nuo likimo prie konteinerio. Kas vienam nereikalingas daiktas \u2013 kitam lobis, o mes esame tarpininkai, kurie padeda abiems tapti laimingesniems ???? \u017dinome kaip nelengva i\u0161gyventi ma\u017eiems verslams, tad nuo \u0161iol, \u010dia rasite ir kit\u0173, ma\u017e\u0173 \u0161eim\u0173 versl\u0173, rank\u0173 darbo, dovan\u0173 sau ir artimiesiems.","publisher":{"@id":"https:\/\/skaitytaknyga.lt\/#organization"},"potentialAction":[{"@type":"SearchAction","target":{"@type":"EntryPoint","urlTemplate":"https:\/\/skaitytaknyga.lt\/?s={search_term_string}"},"query-input":{"@type":"PropertyValueSpecification","valueRequired":true,"valueName":"search_term_string"}}],"inLanguage":"en-GB"},{"@type":"Organization","@id":"https:\/\/skaitytaknyga.lt\/#organization","name":"skaitytaknyga.lt","url":"https:\/\/skaitytaknyga.lt\/","logo":{"@type":"ImageObject","inLanguage":"en-GB","@id":"https:\/\/skaitytaknyga.lt\/#\/schema\/logo\/image\/","url":"https:\/\/skaitytaknyga.lt\/wp-content\/uploads\/2024\/05\/cropped-cropped-cropped-02_00843_jt3bggkj1j3HLc7SyY6rEUpg.jpeg","contentUrl":"https:\/\/skaitytaknyga.lt\/wp-content\/uploads\/2024\/05\/cropped-cropped-cropped-02_00843_jt3bggkj1j3HLc7SyY6rEUpg.jpeg","width":1600,"height":1600,"caption":"skaitytaknyga.lt"},"image":{"@id":"https:\/\/skaitytaknyga.lt\/#\/schema\/logo\/image\/"},"sameAs":["https:\/\/www.facebook.com\/skaitytaknyga\/"]}]}},"_links":{"self":[{"href":"https:\/\/skaitytaknyga.lt\/en\/wp-json\/wp\/v2\/product\/14399","targetHints":{"allow":["GET"]}}],"collection":[{"href":"https:\/\/skaitytaknyga.lt\/en\/wp-json\/wp\/v2\/product"}],"about":[{"href":"https:\/\/skaitytaknyga.lt\/en\/wp-json\/wp\/v2\/types\/product"}],"replies":[{"embeddable":true,"href":"https:\/\/skaitytaknyga.lt\/en\/wp-json\/wp\/v2\/comments?post=14399"}],"wp:featuredmedia":[{"embeddable":true,"href":"https:\/\/skaitytaknyga.lt\/en\/wp-json\/wp\/v2\/media\/14400"}],"wp:attachment":[{"href":"https:\/\/skaitytaknyga.lt\/en\/wp-json\/wp\/v2\/media?parent=14399"}],"wp:term":[{"taxonomy":"product_brand","embeddable":true,"href":"https:\/\/skaitytaknyga.lt\/en\/wp-json\/wp\/v2\/product_brand?post=14399"},{"taxonomy":"product_cat","embeddable":true,"href":"https:\/\/skaitytaknyga.lt\/en\/wp-json\/wp\/v2\/product_cat?post=14399"},{"taxonomy":"product_tag","embeddable":true,"href":"https:\/\/skaitytaknyga.lt\/en\/wp-json\/wp\/v2\/product_tag?post=14399"}],"curies":[{"name":"wp","href":"https:\/\/api.w.org\/{rel}","templated":true}]}}