{"id":14395,"date":"2024-10-25T15:56:27","date_gmt":"2024-10-25T12:56:27","guid":{"rendered":"https:\/\/skaitytaknyga.lt\/?post_type=product&#038;p=14395"},"modified":"2024-10-26T11:59:35","modified_gmt":"2024-10-26T08:59:35","slug":"antanas-venclova-epochu-vejuose","status":"publish","type":"product","link":"https:\/\/skaitytaknyga.lt\/en\/produktas\/antanas-venclova-epochu-vejuose\/","title":{"rendered":"Antanas Venclova epoch\u0173 v\u0117juose"},"content":{"rendered":"<p>Konferencijos prane\u0161im\u0173 pagrindu parengti straipsniai skelbiami \u0161io leidinio pirmame skyriuje, kur\u012f prasmingai papildo n\u016bnai kontroversi\u0161kai vertinam\u0105 pra\u0117jusio am\u017eiaus asmenyb\u0119 autenti\u0161kai atspindinti archyv\u0173 med\u017eiaga.<\/p>\n<p>\u0160io leidinio\u00a0<b>\u201eAntanas Venclova epoch\u0173 v\u0117juose\u201c\u00a0<\/b>sumanymo i\u0161takos &#8211; 2006 m. baland\u017eio 3 d. mokslin\u0117 konferencija \u201eAntanui Venclovai &#8211; 100\u201c. Inicijuota Lietuvi\u0173 literat\u016bros ir tautosakos instituto, ji vyko Vilniuje, Venclov\u0173 namuose-muziejuje.<\/p>\n<table>\n<tbody>\n<tr>\n<td class=\"title\">Leid\u0117jas:<\/td>\n<td class=\"value\">Lietuvi\u0173 literat\u016bros ir tautosakos institutas<\/td>\n<\/tr>\n<tr>\n<td class=\"title\">I\u0161leidimo metai:<\/td>\n<td class=\"value\">2007<\/td>\n<\/tr>\n<tr>\n<td class=\"title\">Knygos puslapi\u0173 skai\u010dius:<\/td>\n<td class=\"value\">268<\/td>\n<\/tr>\n<tr>\n<td class=\"title\">ISBN ar kodas:<\/td>\n<td class=\"value\">9789955698456<\/td>\n<\/tr>\n<\/tbody>\n<\/table>\n","protected":false},"excerpt":{"rendered":"<p>Konferencijos prane\u0161im\u0173 pagrindu parengti straipsniai skelbiami \u0161io leidinio pirmame skyriuje, kur\u012f prasmingai papildo n\u016bnai kontroversi\u0161kai vertinam\u0105 pra\u0117jusio am\u017eiaus asmenyb\u0119 autenti\u0161kai atspindinti archyv\u0173 med\u017eiaga. \u0160io leidinio\u00a0\u201eAntanas Venclova epoch\u0173 v\u0117juose\u201c\u00a0sumanymo i\u0161takos &#8211; 2006 m. baland\u017eio 3 d. mokslin\u0117 konferencija \u201eAntanui Venclovai &#8211; 100\u201c. Inicijuota Lietuvi\u0173 literat\u016bros ir tautosakos instituto, ji vyko Vilniuje, Venclov\u0173 namuose-muziejuje. Leid\u0117jas: Lietuvi\u0173 literat\u016bros ir tautosakos institutas I\u0161leidimo metai: 2007 Knygos puslapi\u0173 skai\u010dius: 268 ISBN ar kodas: 9789955698456<\/p>\n","protected":false},"featured_media":14396,"comment_status":"open","ping_status":"closed","template":"","meta":{"_acf_changed":false,"site-sidebar-layout":"default","site-content-layout":"","ast-site-content-layout":"default","site-content-style":"default","site-sidebar-style":"default","ast-global-header-display":"","ast-banner-title-visibility":"","ast-main-header-display":"","ast-hfb-above-header-display":"","ast-hfb-below-header-display":"","ast-hfb-mobile-header-display":"","site-post-title":"","ast-breadcrumbs-content":"","ast-featured-img":"","footer-sml-layout":"","ast-disable-related-posts":"","theme-transparent-header-meta":"default","adv-header-id-meta":"","stick-header-meta":"","header-above-stick-meta":"","header-main-stick-meta":"","header-below-stick-meta":"","astra-migrate-meta-layouts":"set","ast-page-background-enabled":"default","ast-page-background-meta":{"desktop":{"background-color":"","background-image":"","background-repeat":"repeat","background-position":"center center","background-size":"auto","background-attachment":"scroll","background-type":"","background-media":"","overlay-type":"","overlay-color":"","overlay-opacity":"","overlay-gradient":""},"tablet":{"background-color":"","background-image":"","background-repeat":"repeat","background-position":"center center","background-size":"auto","background-attachment":"scroll","background-type":"","background-media":"","overlay-type":"","overlay-color":"","overlay-opacity":"","overlay-gradient":""},"mobile":{"background-color":"","background-image":"","background-repeat":"repeat","background-position":"center center","background-size":"auto","background-attachment":"scroll","background-type":"","background-media":"","overlay-type":"","overlay-color":"","overlay-opacity":"","overlay-gradient":""}},"ast-content-background-meta":{"desktop":{"background-color":"var(--ast-global-color-4)","background-image":"","background-repeat":"repeat","background-position":"center center","background-size":"auto","background-attachment":"scroll","background-type":"","background-media":"","overlay-type":"","overlay-color":"","overlay-opacity":"","overlay-gradient":""},"tablet":{"background-color":"var(--ast-global-color-4)","background-image":"","background-repeat":"repeat","background-position":"center center","background-size":"auto","background-attachment":"scroll","background-type":"","background-media":"","overlay-type":"","overlay-color":"","overlay-opacity":"","overlay-gradient":""},"mobile":{"background-color":"var(--ast-global-color-4)","background-image":"","background-repeat":"repeat","background-position":"center center","background-size":"auto","background-attachment":"scroll","background-type":"","background-media":"","overlay-type":"","overlay-color":"","overlay-opacity":"","overlay-gradient":""}}},"product_brand":[],"product_cat":[33],"product_tag":[],"class_list":{"0":"post-14395","1":"product","2":"type-product","3":"status-publish","4":"has-post-thumbnail","6":"product_cat-biografijos","7":"desktop-align-left","8":"tablet-align-left","9":"mobile-align-left","11":"first","12":"instock","13":"shipping-taxable","14":"purchasable","15":"product-type-simple"},"acf":[],"yoast_head":"<!-- This site is optimized with the Yoast SEO plugin v27.0 - https:\/\/yoast.com\/product\/yoast-seo-wordpress\/ -->\n<title>Antanas Venclova epoch\u0173 v\u0117juose<\/title>\n<meta name=\"description\" content=\"Konferencijos prane\u0161im\u0173 pagrindu parengti straipsniai skelbiami \u0161io leidinio pirmame skyriuje, kur\u012f prasmingai papildo n\u016bnai kontroversi\u0161kai vertinam\u0105\" \/>\n<meta name=\"robots\" content=\"index, follow, max-snippet:-1, max-image-preview:large, max-video-preview:-1\" \/>\n<link rel=\"canonical\" href=\"https:\/\/skaitytaknyga.lt\/en\/produktas\/antanas-venclova-epochu-vejuose\/\" \/>\n<meta property=\"og:locale\" content=\"en_GB\" \/>\n<meta property=\"og:locale:alternate\" content=\"lt_LT\" \/>\n<meta property=\"og:type\" content=\"article\" \/>\n<meta property=\"og:title\" content=\"Antanas Venclova epoch\u0173 v\u0117juose\" \/>\n<meta property=\"og:description\" content=\"Konferencijos prane\u0161im\u0173 pagrindu parengti straipsniai skelbiami \u0161io leidinio pirmame skyriuje, kur\u012f prasmingai papildo n\u016bnai kontroversi\u0161kai vertinam\u0105\" \/>\n<meta property=\"og:url\" content=\"https:\/\/skaitytaknyga.lt\/en\/produktas\/antanas-venclova-epochu-vejuose\/\" \/>\n<meta property=\"og:site_name\" content=\"Skaitytaknyga\" \/>\n<meta property=\"article:publisher\" content=\"https:\/\/www.facebook.com\/skaitytaknyga\/\" \/>\n<meta property=\"article:modified_time\" content=\"2024-10-26T08:59:35+00:00\" \/>\n<meta property=\"og:image\" content=\"https:\/\/skaitytaknyga.lt\/wp-content\/uploads\/2024\/10\/Antanas-Venclova-epochu-vejuose.jpg\" \/>\n\t<meta property=\"og:image:width\" content=\"600\" \/>\n\t<meta property=\"og:image:height\" content=\"853\" \/>\n\t<meta property=\"og:image:type\" content=\"image\/jpeg\" \/>\n<meta name=\"twitter:card\" content=\"summary_large_image\" \/>\n<meta name=\"twitter:label1\" content=\"Estimated reading time\" \/>\n\t<meta name=\"twitter:data1\" content=\"1 minute\" \/>\n<script type=\"application\/ld+json\" class=\"yoast-schema-graph\">{\"@context\":\"https:\/\/schema.org\",\"@graph\":[{\"@type\":\"WebPage\",\"@id\":\"https:\/\/skaitytaknyga.lt\/produktas\/antanas-venclova-epochu-vejuose\/\",\"url\":\"https:\/\/skaitytaknyga.lt\/produktas\/antanas-venclova-epochu-vejuose\/\",\"name\":\"Antanas Venclova epoch\u0173 v\u0117juose\",\"isPartOf\":{\"@id\":\"https:\/\/skaitytaknyga.lt\/#website\"},\"primaryImageOfPage\":{\"@id\":\"https:\/\/skaitytaknyga.lt\/produktas\/antanas-venclova-epochu-vejuose\/#primaryimage\"},\"image\":{\"@id\":\"https:\/\/skaitytaknyga.lt\/produktas\/antanas-venclova-epochu-vejuose\/#primaryimage\"},\"thumbnailUrl\":\"https:\/\/skaitytaknyga.lt\/wp-content\/uploads\/2024\/10\/Antanas-Venclova-epochu-vejuose.jpg\",\"datePublished\":\"2024-10-25T12:56:27+00:00\",\"dateModified\":\"2024-10-26T08:59:35+00:00\",\"description\":\"Konferencijos prane\u0161im\u0173 pagrindu parengti straipsniai skelbiami \u0161io leidinio pirmame skyriuje, kur\u012f prasmingai papildo n\u016bnai kontroversi\u0161kai vertinam\u0105\",\"breadcrumb\":{\"@id\":\"https:\/\/skaitytaknyga.lt\/produktas\/antanas-venclova-epochu-vejuose\/#breadcrumb\"},\"inLanguage\":\"en-GB\",\"potentialAction\":[{\"@type\":\"ReadAction\",\"target\":[\"https:\/\/skaitytaknyga.lt\/produktas\/antanas-venclova-epochu-vejuose\/\"]}]},{\"@type\":\"ImageObject\",\"inLanguage\":\"en-GB\",\"@id\":\"https:\/\/skaitytaknyga.lt\/produktas\/antanas-venclova-epochu-vejuose\/#primaryimage\",\"url\":\"https:\/\/skaitytaknyga.lt\/wp-content\/uploads\/2024\/10\/Antanas-Venclova-epochu-vejuose.jpg\",\"contentUrl\":\"https:\/\/skaitytaknyga.lt\/wp-content\/uploads\/2024\/10\/Antanas-Venclova-epochu-vejuose.jpg\",\"width\":600,\"height\":853,\"caption\":\"Antanas Venclova epoch\u0173 v\u0117juose\"},{\"@type\":\"BreadcrumbList\",\"@id\":\"https:\/\/skaitytaknyga.lt\/produktas\/antanas-venclova-epochu-vejuose\/#breadcrumb\",\"itemListElement\":[{\"@type\":\"ListItem\",\"position\":1,\"name\":\"Home\",\"item\":\"https:\/\/skaitytaknyga.lt\/\"},{\"@type\":\"ListItem\",\"position\":2,\"name\":\"Parduotuv\u0117\",\"item\":\"https:\/\/skaitytaknyga.lt\/knygu-parduotuve\/\"},{\"@type\":\"ListItem\",\"position\":3,\"name\":\"Antanas Venclova epoch\u0173 v\u0117juose\"}]},{\"@type\":\"WebSite\",\"@id\":\"https:\/\/skaitytaknyga.lt\/#website\",\"url\":\"https:\/\/skaitytaknyga.lt\/\",\"name\":\"skaitytaknyga.lt\",\"description\":\"Skaitytaknyga.lt \u2013 tai ma\u017eas \u0161eimos verslas, kuris prasid\u0117jo nuo meil\u0117s knygoms ir siekio i\u0161gelb\u0117ti knygas nuo likimo prie konteinerio. Kas vienam nereikalingas daiktas \u2013 kitam lobis, o mes esame tarpininkai, kurie padeda abiems tapti laimingesniems ???? \u017dinome kaip nelengva i\u0161gyventi ma\u017eiems verslams, tad nuo \u0161iol, \u010dia rasite ir kit\u0173, ma\u017e\u0173 \u0161eim\u0173 versl\u0173, rank\u0173 darbo, dovan\u0173 sau ir artimiesiems.\",\"publisher\":{\"@id\":\"https:\/\/skaitytaknyga.lt\/#organization\"},\"potentialAction\":[{\"@type\":\"SearchAction\",\"target\":{\"@type\":\"EntryPoint\",\"urlTemplate\":\"https:\/\/skaitytaknyga.lt\/?s={search_term_string}\"},\"query-input\":{\"@type\":\"PropertyValueSpecification\",\"valueRequired\":true,\"valueName\":\"search_term_string\"}}],\"inLanguage\":\"en-GB\"},{\"@type\":\"Organization\",\"@id\":\"https:\/\/skaitytaknyga.lt\/#organization\",\"name\":\"skaitytaknyga.lt\",\"url\":\"https:\/\/skaitytaknyga.lt\/\",\"logo\":{\"@type\":\"ImageObject\",\"inLanguage\":\"en-GB\",\"@id\":\"https:\/\/skaitytaknyga.lt\/#\/schema\/logo\/image\/\",\"url\":\"https:\/\/skaitytaknyga.lt\/wp-content\/uploads\/2024\/05\/cropped-cropped-cropped-02_00843_jt3bggkj1j3HLc7SyY6rEUpg.jpeg\",\"contentUrl\":\"https:\/\/skaitytaknyga.lt\/wp-content\/uploads\/2024\/05\/cropped-cropped-cropped-02_00843_jt3bggkj1j3HLc7SyY6rEUpg.jpeg\",\"width\":1600,\"height\":1600,\"caption\":\"skaitytaknyga.lt\"},\"image\":{\"@id\":\"https:\/\/skaitytaknyga.lt\/#\/schema\/logo\/image\/\"},\"sameAs\":[\"https:\/\/www.facebook.com\/skaitytaknyga\/\"]}]}<\/script>\n<!-- \/ Yoast SEO plugin. -->","yoast_head_json":{"title":"Antanas Venclova epoch\u0173 v\u0117juose","description":"Konferencijos prane\u0161im\u0173 pagrindu parengti straipsniai skelbiami \u0161io leidinio pirmame skyriuje, kur\u012f prasmingai papildo n\u016bnai kontroversi\u0161kai vertinam\u0105","robots":{"index":"index","follow":"follow","max-snippet":"max-snippet:-1","max-image-preview":"max-image-preview:large","max-video-preview":"max-video-preview:-1"},"canonical":"https:\/\/skaitytaknyga.lt\/en\/produktas\/antanas-venclova-epochu-vejuose\/","og_locale":"en_GB","og_type":"article","og_title":"[:lt]Antanas Venclova epoch\u0173 v\u0117juose[:] - Skaitytaknyga","og_description":"Konferencijos prane\u0161im\u0173 pagrindu parengti straipsniai skelbiami \u0161io leidinio pirmame skyriuje, kur\u012f prasmingai papildo n\u016bnai kontroversi\u0161kai vertinam\u0105","og_url":"https:\/\/skaitytaknyga.lt\/en\/produktas\/antanas-venclova-epochu-vejuose\/","og_site_name":"Skaitytaknyga","article_publisher":"https:\/\/www.facebook.com\/skaitytaknyga\/","article_modified_time":"2024-10-26T08:59:35+00:00","og_image":[{"width":600,"height":853,"url":"https:\/\/skaitytaknyga.lt\/wp-content\/uploads\/2024\/10\/Antanas-Venclova-epochu-vejuose.jpg","type":"image\/jpeg"}],"twitter_card":"summary_large_image","twitter_misc":{"Estimated reading time":"1 minute"},"schema":{"@context":"https:\/\/schema.org","@graph":[{"@type":"WebPage","@id":"https:\/\/skaitytaknyga.lt\/produktas\/antanas-venclova-epochu-vejuose\/","url":"https:\/\/skaitytaknyga.lt\/produktas\/antanas-venclova-epochu-vejuose\/","name":"Antanas Venclova epoch\u0173 v\u0117juose","isPartOf":{"@id":"https:\/\/skaitytaknyga.lt\/#website"},"primaryImageOfPage":{"@id":"https:\/\/skaitytaknyga.lt\/produktas\/antanas-venclova-epochu-vejuose\/#primaryimage"},"image":{"@id":"https:\/\/skaitytaknyga.lt\/produktas\/antanas-venclova-epochu-vejuose\/#primaryimage"},"thumbnailUrl":"https:\/\/skaitytaknyga.lt\/wp-content\/uploads\/2024\/10\/Antanas-Venclova-epochu-vejuose.jpg","datePublished":"2024-10-25T12:56:27+00:00","dateModified":"2024-10-26T08:59:35+00:00","description":"Konferencijos prane\u0161im\u0173 pagrindu parengti straipsniai skelbiami \u0161io leidinio pirmame skyriuje, kur\u012f prasmingai papildo n\u016bnai kontroversi\u0161kai vertinam\u0105","breadcrumb":{"@id":"https:\/\/skaitytaknyga.lt\/produktas\/antanas-venclova-epochu-vejuose\/#breadcrumb"},"inLanguage":"en-GB","potentialAction":[{"@type":"ReadAction","target":["https:\/\/skaitytaknyga.lt\/produktas\/antanas-venclova-epochu-vejuose\/"]}]},{"@type":"ImageObject","inLanguage":"en-GB","@id":"https:\/\/skaitytaknyga.lt\/produktas\/antanas-venclova-epochu-vejuose\/#primaryimage","url":"https:\/\/skaitytaknyga.lt\/wp-content\/uploads\/2024\/10\/Antanas-Venclova-epochu-vejuose.jpg","contentUrl":"https:\/\/skaitytaknyga.lt\/wp-content\/uploads\/2024\/10\/Antanas-Venclova-epochu-vejuose.jpg","width":600,"height":853,"caption":"Antanas Venclova epoch\u0173 v\u0117juose"},{"@type":"BreadcrumbList","@id":"https:\/\/skaitytaknyga.lt\/produktas\/antanas-venclova-epochu-vejuose\/#breadcrumb","itemListElement":[{"@type":"ListItem","position":1,"name":"Home","item":"https:\/\/skaitytaknyga.lt\/"},{"@type":"ListItem","position":2,"name":"Parduotuv\u0117","item":"https:\/\/skaitytaknyga.lt\/knygu-parduotuve\/"},{"@type":"ListItem","position":3,"name":"Antanas Venclova epoch\u0173 v\u0117juose"}]},{"@type":"WebSite","@id":"https:\/\/skaitytaknyga.lt\/#website","url":"https:\/\/skaitytaknyga.lt\/","name":"skaitytaknyga.lt","description":"Skaitytaknyga.lt \u2013 tai ma\u017eas \u0161eimos verslas, kuris prasid\u0117jo nuo meil\u0117s knygoms ir siekio i\u0161gelb\u0117ti knygas nuo likimo prie konteinerio. Kas vienam nereikalingas daiktas \u2013 kitam lobis, o mes esame tarpininkai, kurie padeda abiems tapti laimingesniems ???? \u017dinome kaip nelengva i\u0161gyventi ma\u017eiems verslams, tad nuo \u0161iol, \u010dia rasite ir kit\u0173, ma\u017e\u0173 \u0161eim\u0173 versl\u0173, rank\u0173 darbo, dovan\u0173 sau ir artimiesiems.","publisher":{"@id":"https:\/\/skaitytaknyga.lt\/#organization"},"potentialAction":[{"@type":"SearchAction","target":{"@type":"EntryPoint","urlTemplate":"https:\/\/skaitytaknyga.lt\/?s={search_term_string}"},"query-input":{"@type":"PropertyValueSpecification","valueRequired":true,"valueName":"search_term_string"}}],"inLanguage":"en-GB"},{"@type":"Organization","@id":"https:\/\/skaitytaknyga.lt\/#organization","name":"skaitytaknyga.lt","url":"https:\/\/skaitytaknyga.lt\/","logo":{"@type":"ImageObject","inLanguage":"en-GB","@id":"https:\/\/skaitytaknyga.lt\/#\/schema\/logo\/image\/","url":"https:\/\/skaitytaknyga.lt\/wp-content\/uploads\/2024\/05\/cropped-cropped-cropped-02_00843_jt3bggkj1j3HLc7SyY6rEUpg.jpeg","contentUrl":"https:\/\/skaitytaknyga.lt\/wp-content\/uploads\/2024\/05\/cropped-cropped-cropped-02_00843_jt3bggkj1j3HLc7SyY6rEUpg.jpeg","width":1600,"height":1600,"caption":"skaitytaknyga.lt"},"image":{"@id":"https:\/\/skaitytaknyga.lt\/#\/schema\/logo\/image\/"},"sameAs":["https:\/\/www.facebook.com\/skaitytaknyga\/"]}]}},"_links":{"self":[{"href":"https:\/\/skaitytaknyga.lt\/en\/wp-json\/wp\/v2\/product\/14395","targetHints":{"allow":["GET"]}}],"collection":[{"href":"https:\/\/skaitytaknyga.lt\/en\/wp-json\/wp\/v2\/product"}],"about":[{"href":"https:\/\/skaitytaknyga.lt\/en\/wp-json\/wp\/v2\/types\/product"}],"replies":[{"embeddable":true,"href":"https:\/\/skaitytaknyga.lt\/en\/wp-json\/wp\/v2\/comments?post=14395"}],"wp:featuredmedia":[{"embeddable":true,"href":"https:\/\/skaitytaknyga.lt\/en\/wp-json\/wp\/v2\/media\/14396"}],"wp:attachment":[{"href":"https:\/\/skaitytaknyga.lt\/en\/wp-json\/wp\/v2\/media?parent=14395"}],"wp:term":[{"taxonomy":"product_brand","embeddable":true,"href":"https:\/\/skaitytaknyga.lt\/en\/wp-json\/wp\/v2\/product_brand?post=14395"},{"taxonomy":"product_cat","embeddable":true,"href":"https:\/\/skaitytaknyga.lt\/en\/wp-json\/wp\/v2\/product_cat?post=14395"},{"taxonomy":"product_tag","embeddable":true,"href":"https:\/\/skaitytaknyga.lt\/en\/wp-json\/wp\/v2\/product_tag?post=14395"}],"curies":[{"name":"wp","href":"https:\/\/api.w.org\/{rel}","templated":true}]}}